{"id":3247,"date":"2025-04-01T11:11:13","date_gmt":"2025-04-01T04:11:13","guid":{"rendered":"https:\/\/nhadepbepxinh.com.vn\/?post_type=product&#038;p=3247"},"modified":"2025-04-01T14:46:54","modified_gmt":"2025-04-01T07:46:54","slug":"treo-khu-mui-finish-huong-chanh","status":"publish","type":"product","link":"https:\/\/nhadepbepxinh.com.vn\/?product=treo-khu-mui-finish-huong-chanh","title":{"rendered":"TREO KH\u01af\u0309 MU\u0300I FINISH H\u01af\u01a0NG CHANH"},"content":{"rendered":"<h2><strong>1.\u00a0TINH D\u1ea6U TREO KH\u1eec M\u00d9I\u00a0M\u00c1Y R\u1eecA B\u00c1T FINISH H\u01af\u01a0NG CHANH<\/strong><\/h2>\n<p>Khi b\u1ea1n cho b\u00e1t \u0111\u0129a b\u1ea9n v\u00e0o m\u00e1y r\u1eeda b\u00e1t, m\u00f9i s\u1ebd t\u00edch t\u1ee5 b\u00ean trong m\u00e1y gi\u1eefa c\u00e1c l\u1ea7n r\u1eeda. \u0110i\u1ec1u n\u00e0y c\u00f3 th\u1ec3 g\u00e2y c\u1ea3m gi\u00e1c \u0111\u1eb7c bi\u1ec7t kh\u00f3 ch\u1ecbu khi b\u1ea1n m\u1edf m\u00e1y r\u1eeda b\u00e1t. Tinh d\u1ea7u treo kh\u1eed m\u00f9i m\u00e1y r\u1eeda ch\u00e9n Finish Dishwasher Freshener 4ml h\u01b0\u01a1ng chanh ch\u00ednh l\u00e0 gi\u1ea3i ph\u00e1p \u0111\u1ec3 b\u1ea1n gi\u1ea3i quy\u1ebft v\u1ea5n \u0111\u1ec1 n\u00e0y. Gi\u00fap mang l\u1ea1i cho m\u00e1y r\u1eeda b\u00e1t c\u1ee7a b\u1ea1n s\u1ef1 s\u1ea1ch s\u1ebd, th\u01a1m m\u00e1t. Lo\u1ea1i b\u1ecf t\u1ed1i \u0111a m\u00f9i n\u1ed3ng tr\u00ean b\u00e1t \u0111\u0129a c\u1ee7a b\u1ea1n. V\u00ec v\u1eady \u0111em l\u1ea1i cho b\u1ea1n c\u1ea3m gi\u00e1c tho\u1ea3i m\u00e1i, d\u1ec5 ch\u1ecbu m\u1ed7i khi m\u1edf m\u00e1y r\u1eeda b\u00e1t.<\/p>\n<p>Nh\u00e3n hi\u1ec7u\u00a0Finish\u00a0l\u00e0 nh\u00e3n hi\u1ec7u l\u00e2u n\u0103m c\u1ee7a \u0110\u1ee9c. \u0110\u01b0\u1ee3c ng\u01b0\u1eddi d\u00f9ng \u1edf th\u1ecb tr\u01b0\u1eddng c\u00e1c n\u01b0\u1edbc ch\u00e2u \u00c2u \u0111\u00e1nh gi\u00e1 cao b\u1edfi ch\u1ea5t l\u01b0\u1ee3ng. Sau n\u00e0y, th\u01b0\u01a1ng hi\u1ec7u d\u1ea7n \u0111\u01b0\u1ee3c bi\u1ebft \u0111\u1ebfn v\u00e0 \u01b0a chu\u1ed9ng t\u1ea1i Ch\u00e2u \u00c1. T\u00ednh \u0111\u1ebfn n\u00e0y, s\u1ea3n ph\u1ea9m \u0111\u00e3 nh\u1eadn \u0111\u01b0\u1ee3c s\u1ef1 \u1ee7ng h\u1ed9, tin t\u01b0\u1edfng c\u1ee7a c\u00e1c b\u00e0 n\u1ed9i tr\u1ee3 \u1edf Vi\u1ec7t Nam. R\u1ea5t nhi\u1ec1u ng\u01b0\u1eddi \u0111\u00e3 lu\u00f4n tin ch\u1ecdn th\u01b0\u01a1ng hi\u1ec7u n\u00e0y \u0111\u1ec3 s\u1eed d\u1ee5ng c\u00f9ng m\u00e1y r\u1eeda b\u00e1t.<\/p>\n<p>S\u1ea3n ph\u1ea9m tinh d\u1ea7u treo kh\u1eed m\u00f9i m\u00e1y r\u1eeda ch\u00e9n b\u00e1t h\u00e3ng Finish v\u1edbi ti\u00eau chu\u1ea9n \u0111\u1ea1t chu\u1ea9n th\u1ebf gi\u1edbi. \u0110\u01b0\u1ee3c nhi\u1ec1u c\u00e1c h\u00e3ng m\u00e1y r\u1eeda b\u00e1t n\u1ed5i ti\u1ebfng nh\u01b0 Bosch, Electrolux, Panasonic, Samsung, Fagor, Siemens, Hafele, Candy, Galanz, Beko, Profilo, Smeg, Gaggenau, AEG, Haier, Zanussi,\u2026 khuy\u00ean d\u00f9ng.<\/p>\n<p><a href=\"https:\/\/finishvietnam.com\/products\/finish-treo-khu-mui-huong-chanh\" target=\"_blank\" rel=\"noopener\"><img decoding=\"async\" src=\"https:\/\/file.hstatic.net\/1000372320\/file\/z2660284331572_f06c6c19a019d1f21d2f98b4182c23af_8503b9c55eaa44f9816c08279b6301a3_grande.jpg\" \/><\/a><\/p>\n<p><em>Treo kh\u1eed m\u00f9i Finish h\u01b0\u01a1ng chanh<\/em><\/p>\n<h2><strong>2. T\u00cdNH N\u0102NG C\u1ee6A TINH D\u1ea6U TREO KH\u1eec M\u00d9I M\u00c1Y R\u1eecA B\u00c1T FINISH:<\/strong><\/h2>\n<p>Finish Dishwasher Freshener \u0111em \u0111\u1ebfn cho b\u1ea1n c\u00e1ch th\u1ee9c \u0111\u01a1n gi\u1ea3n nh\u1ea5t \u0111\u1ec3 gi\u1eef cho m\u00e1y r\u1eeda b\u00e1t\u00a0 m\u00e0 b\u1ea1n s\u1eed d\u1ee5ng lu\u00f4n th\u01a1m tho, s\u1ea1ch s\u1ebd. Trong qu\u00e1 tr\u00ecnh s\u1eed d\u1ee5ng, b\u00e1t \u0111\u0129a b\u1ea9n n\u1eb1m trong m\u00e1y s\u1ebd t\u00edch t\u1ee5 m\u00f9i kh\u00f3 ch\u1ecbu.<\/p>\n<p>Tinh d\u1ea7u treo kh\u1eed m\u00f9i m\u00e1y r\u1eeda ch\u00e9n Finish Dishwasher Freshener v\u1eeba th\u01a1m m\u00e1t v\u1eeba c\u00f3 t\u00e1c d\u1ee5ng lo\u1ea1i b\u1ecf vi khu\u1ea9n t\u00edch t\u1ee5 nh\u1edd h\u01b0\u01a1ng chanh t\u1ef1 nhi\u00ean. Nh\u1edd v\u1eady m\u00e1y r\u1eeda b\u00e1t nh\u00e0 b\u1ea1n s\u1ebd lu\u00f4n th\u01a1m m\u00e1t m\u1ed7i khi m\u1edf c\u1eeda. \u0110\u1eb7c bi\u1ec7t, s\u1ea3n ph\u1ea9m kh\u00f4ng h\u1ec1 \u0111\u1ec3 l\u1ea1i m\u00f9i n\u1ed3ng tr\u00ean b\u00e1t \u0111\u0129a c\u1ee7a b\u1ea1n.<\/p>\n<ul>\n<li>L\u1ecd ch\u1ee9a tinh d\u1ea7u \u0111\u01b0\u1ee3c thi\u1ebft k\u1ebf 2 khoang \u0111\u1eb7c bi\u1ec7t cho hi\u1ec7u qu\u1ea3 trung h\u00f2a m\u00f9i kh\u00f3 ch\u1ecbu \u0111\u01b0\u1ee3c t\u0103ng g\u1ea5p \u0111\u00f4i. Gi\u00fap di\u1ec7t khu\u1ea9n v\u00e0 l\u01b0u l\u1ea1i h\u01b0\u01a1ng th\u01a1m d\u00e0i l\u00e2u.<\/li>\n<li>S\u1ea3n ph\u1ea9m an to\u00e0n cho s\u1ee9c kho\u1ebb. Kh\u00f4ng g\u00e2y \u0111\u1ed9c h\u1ea1i, kh\u00f4ng g\u00e2y d\u1ecb \u1ee9ng, th\u00e2n thi\u1ec7n v\u1edbi m\u00f4i tr\u01b0\u1eddng.<\/li>\n<li>Tinh d\u1ea7u treo kh\u1eed m\u00f9i m\u00e1y r\u1eeda ch\u00e9n Finish Dishwasher Freshener 4ml h\u01b0\u01a1ng chanh c\u00f3 th\u1ec3 s\u1eed d\u1ee5ng l\u00ean \u0111\u1ebfn 60 l\u1ea7n, r\u1ea5t ti\u1ebft ki\u1ec7m.<\/li>\n<li>Hi\u1ec7u qu\u1ea3 l\u00e0m s\u1ea1ch v\u00e0 th\u01a1m m\u00e1t m\u00e1y r\u1eeda b\u00e1t h\u01a1n G\u1ea4P 2 L\u1ea6N gi\u1eefa c\u00e1c l\u1ea7n r\u1eeda so v\u1edbi khi kh\u00f4ng s\u1eed d\u1ee5ng.<\/li>\n<\/ul>\n<p><a href=\"https:\/\/finishvietnam.com\/products\/finish-treo-khu-mui-huong-chanh\" target=\"_blank\" rel=\"noopener\"><img decoding=\"async\" src=\"https:\/\/file.hstatic.net\/1000372320\/file\/finish_4_2ee70b44b086437eba8eb08aff3ce846_grande_2686d8652e0b4f96b02cc5c81fa2d756_grande.jpg\" \/><\/a><\/p>\n<p><em>Treo kh\u1eed m\u00f9i Finish h\u01b0\u01a1ng chanh<\/em><\/p>\n<h2><strong>3. C\u00c1CH S\u1eec D\u1ee4NG TINH D\u1ea6U TREO KH\u1eec M\u00d9I M\u00c1Y R\u1eecA B\u00c1T FINISH:<\/strong><\/h2>\n<p>C\u00e1ch s\u1eed d\u1ee5ng v\u00f4 c\u00f9ng \u0111\u01a1n gi\u1ea3n b\u1ea1n ch\u1ec9 c\u1ea7n c\u00e0i c\u1ed1 \u0111\u1ecbnh v\u00e0o gi\u00e1 tr\u00ean trong khu v\u1ef1c r\u1eeda ch\u00e9n v\u00e0 s\u1eed d\u1ee5ng cho \u0111\u1ebfn khi h\u1ebft tinh d\u1ea7u. Trong qu\u00e1 tr\u00ecnh s\u1eed d\u1ee5ng, b\u1ea1n \u0111\u1eb7c bi\u1ec7t b\u1ea1n kh\u00f4ng c\u1ea7n g\u1ee1 s\u1ea3n ph\u1ea9m ra kh\u1ecfi gi\u00e1 treo kh\u1eed m\u00f9i c\u1ee7a m\u00e1y r\u1eeda ch\u00e9n. B\u1ea1n ch\u1ec9 c\u1ea7n thay th\u1ebf sau khi s\u1ea3n ph\u1ea9m h\u1ebft (sau 60 l\u1ea7n) v\u00e0 thay th\u1ebf b\u1eb1ng m\u1ed9t h\u1ed9p m\u1edbi.<\/p>\n<p><img decoding=\"async\" src=\"https:\/\/file.hstatic.net\/1000372320\/file\/6fdb9e3a6519c94aac75814862665fb4_c8a5dba4d4a84ac0ad11145f6f9bbf6f_grande.jpg\" \/><\/p>\n<p><em>H\u01b0\u1edbng d\u1eabn s\u1eed d\u1ee5ng treo kh\u1eed m\u00f9i Finish h\u01b0\u01a1ng Chanh<\/em><\/p>\n<h2><strong>4. L\u01afU \u00dd KHI S\u1eec D\u1ee4NG TINH D\u1ea6U TREO KH\u1eec M\u00d9I M\u00c1Y R\u1eecA B\u00c1T FINISH<\/strong><\/h2>\n<p>&#8211; \u0110\u1ec3 xa t\u1ea7m v\u1edbi c\u1ee7a tr\u1ebb em.<\/p>\n<p>&#8211; B\u1ea3o qu\u1ea3n \u1edf nh\u1eefng n\u01a1i kh\u00f4 tho\u00e1ng, s\u1ea1ch s\u1ebd, tr\u00e1nh \u00e1nh n\u1eafng tr\u1ef1c ti\u1ebfp t\u1eeb m\u1eb7t tr\u1eddi.<\/p>\n<p>&#8211;\u00a0 Xem th\u00eam h\u01b0\u1edbng d\u1eabn s\u1eed d\u1ee5ng theo h\u00ecnh v\u1ebd tr\u00ean v\u1ecf h\u1ed9p.<\/p>\n","protected":false},"excerpt":{"rendered":"<h2><strong>M\u00f4 t\u1ea3 s\u1ea3n ph\u1ea9m<\/strong><\/h2>\n<p>Th\u01b0\u01a1ng hi\u1ec7u: Finish<\/p>\n<p>Xu\u1ea5t x\u1ee9: EU<\/p>\n<p>HSD: 3 n\u0103m<\/p>\n<p>S\u1ed1 l\u01b0\u1ee3ng: 1 t\u00fai<\/p>\n<p>Ph\u00e2n lo\u1ea1i: T\u00fai treo kh\u1eed m\u00f9i h\u01b0\u01a1ng chanh<\/p>\n","protected":false},"featured_media":3251,"comment_status":"open","ping_status":"closed","template":"","meta":[],"product_brand":[],"product_cat":[88,97],"product_tag":[],"class_list":{"0":"post-3247","1":"product","2":"type-product","3":"status-publish","4":"has-post-thumbnail","6":"product_cat-chat-tay-rua","7":"product_cat-finish","9":"first","10":"instock","11":"shipping-taxable","12":"product-type-simple"},"_links":{"self":[{"href":"https:\/\/nhadepbepxinh.com.vn\/index.php?rest_route=\/wp\/v2\/product\/3247","targetHints":{"allow":["GET"]}}],"collection":[{"href":"https:\/\/nhadepbepxinh.com.vn\/index.php?rest_route=\/wp\/v2\/product"}],"about":[{"href":"https:\/\/nhadepbepxinh.com.vn\/index.php?rest_route=\/wp\/v2\/types\/product"}],"replies":[{"embeddable":true,"href":"https:\/\/nhadepbepxinh.com.vn\/index.php?rest_route=%2Fwp%2Fv2%2Fcomments&post=3247"}],"wp:featuredmedia":[{"embeddable":true,"href":"https:\/\/nhadepbepxinh.com.vn\/index.php?rest_route=\/wp\/v2\/media\/3251"}],"wp:attachment":[{"href":"https:\/\/nhadepbepxinh.com.vn\/index.php?rest_route=%2Fwp%2Fv2%2Fmedia&parent=3247"}],"wp:term":[{"taxonomy":"product_brand","embeddable":true,"href":"https:\/\/nhadepbepxinh.com.vn\/index.php?rest_route=%2Fwp%2Fv2%2Fproduct_brand&post=3247"},{"taxonomy":"product_cat","embeddable":true,"href":"https:\/\/nhadepbepxinh.com.vn\/index.php?rest_route=%2Fwp%2Fv2%2Fproduct_cat&post=3247"},{"taxonomy":"product_tag","embeddable":true,"href":"https:\/\/nhadepbepxinh.com.vn\/index.php?rest_route=%2Fwp%2Fv2%2Fproduct_tag&post=3247"}],"curies":[{"name":"wp","href":"https:\/\/api.w.org\/{rel}","templated":true}]}}