{"id":3237,"date":"2025-04-01T10:59:26","date_gmt":"2025-04-01T03:59:26","guid":{"rendered":"https:\/\/nhadepbepxinh.com.vn\/?post_type=product&#038;p=3237"},"modified":"2025-04-01T14:48:39","modified_gmt":"2025-04-01T07:48:39","slug":"may-hut-am-ket-hop-700-27l-cho-phong-58m%c2%b2","status":"publish","type":"product","link":"https:\/\/nhadepbepxinh.com.vn\/?product=may-hut-am-ket-hop-700-27l-cho-phong-58m%c2%b2","title":{"rendered":"MA\u0301Y HU\u0301T \u00c2\u0309M K\u00ca\u0301T H\u01a0\u0323P 700 27L CHO PHO\u0300NG 58m\u00b2"},"content":{"rendered":"<div class=\"key-feature-block\" data-id=\"product-features\" data-magellan-target=\"product-features\">\n<div class=\"content-container\">\n<h2>T\u00ednh n\u0103ng<\/h2>\n<div class=\"row\">\n<div class=\"feauture-item col-6 col-lg-4\">\n<div class=\"feature-tooltip\">Kh\u00f3a tr\u1ebb em<\/div>\n<\/div>\n<div class=\"feauture-item col-6 col-lg-4\">\n<div class=\"tooltip-top\" data-feature-tooltip=\"3\">S\u1ed1 t\u1ed1c \u0111\u1ed9 qu\u1ea1t<\/div>\n<\/div>\n<div class=\"feauture-item col-6 col-lg-4\">\n<div class=\"feature-tooltip\">Ch\u1ee9c n\u0103ng h\u1eb9n gi\u1edd<\/div>\n<\/div>\n<div class=\"feauture-item col-6 col-lg-4\">\n<div class=\"feature-tooltip\">K\u1ebft n\u1ed1i wifi<\/div>\n<\/div>\n<div class=\"feauture-item col-6 col-lg-4\">\n<div class=\"feature-tooltip\">T\u1ef1 \u0111\u1ed9ng t\u1eaft<\/div>\n<\/div>\n<div class=\"feauture-item col-6 col-lg-4\">\n<div class=\"feature-tooltip\">T\u1ef1 \u0111\u1ed9ng kh\u1edfi \u0111\u1ed9ng l\u1ea1i<\/div>\n<\/div>\n<div class=\"feauture-item col-6 col-lg-4\">\n<div class=\"tooltip-top\" data-feature-tooltip=\"2\">S\u1ed1 l\u01b0\u1ee3ng t\u00ednh n\u0103ng<\/div>\n<\/div>\n<div class=\"feauture-item col-6 col-lg-4\">\n<div class=\"feature-tooltip\">Ch\u1ee9c n\u0103ng h\u00fat \u1ea9m<\/div>\n<\/div>\n<div class=\"feauture-item col-6 col-lg-4\">\n<div class=\"feature-tooltip\">Ch\u1ee9c n\u0103ng l\u1ecdc kh\u00ed<\/div>\n<\/div>\n<div class=\"feauture-item col-6 col-lg-4\">\n<div class=\"tooltip-top\" data-feature-tooltip=\"3\">S\u1ed1 ch\u1ebf \u0111\u1ed9<\/div>\n<\/div>\n<div class=\"feauture-item col-6 col-lg-4\">\n<div class=\"feature-tooltip\">Ch\u1ebf \u0111\u1ed9 ng\u1ee7<\/div>\n<\/div>\n<div class=\"feauture-item col-6 col-lg-4\">\n<div class=\"feature-tooltip\">Ch\u1ebf \u0111\u1ed9 ch\u1ec9nh tay<\/div>\n<\/div>\n<div class=\"feauture-item col-6 col-lg-4\">\n<div class=\"tooltip-top\" data-feature-tooltip=\"4\">S\u1ed1 l\u1edbp l\u1ecdc<\/div>\n<\/div>\n<div class=\"feauture-item col-6 col-lg-4\">\n<div class=\"feature-tooltip\">B\u1ed9 l\u1ecdc th\u00f4<\/div>\n<\/div>\n<div class=\"feauture-item col-6 col-lg-4\">\n<div class=\"feature-tooltip\">B\u1ed9 l\u1ecdc HEPA 13<\/div>\n<\/div>\n<div class=\"feauture-item col-6 col-lg-4\">\n<div class=\"feature-tooltip\">L\u1edbp ph\u1ee7 ch\u1ed1ng vi khu\u1ea9n<\/div>\n<\/div>\n<div class=\"feauture-item col-6 col-lg-4\">\n<div class=\"feature-tooltip\">Ion h\u00f3a<\/div>\n<\/div>\n<div class=\"feauture-item col-6 col-lg-4\">\n<div class=\"tooltip-top\" data-feature-tooltip=\"2\">S\u1ed1 b\u1ed9 c\u1ea3m bi\u1ebfn<\/div>\n<\/div>\n<div class=\"feauture-item col-6 col-lg-4\">\n<div class=\"feature-tooltip\">C\u1ea3m bi\u1ebfn \u0111\u1ed9 \u1ea9m<\/div>\n<\/div>\n<div class=\"feauture-item col-6 col-lg-4\">\n<div class=\"tooltip-top\" data-feature-tooltip=\"1, 2.5, 10\">C\u1ea3m bi\u1ebfn laser<\/div>\n<\/div>\n<div class=\"feauture-item col-6 col-lg-4\">\n<div class=\"tooltip-top\" data-feature-tooltip=\"3\">S\u1ed1 l\u01b0\u1ee3ng \u0111\u00e8n hi\u1ec3n th\u1ecb<\/div>\n<\/div>\n<div class=\"feauture-item col-6 col-lg-4\">\n<div class=\"feature-tooltip\">\u0110o l\u01b0\u1eddng ch\u1ea5t l\u01b0\u1ee3ng kh\u00f4ng kh\u00ed<\/div>\n<\/div>\n<div class=\"feauture-item col-6 col-lg-4\">\n<div class=\"feature-tooltip\">Ch\u1ec9 b\u00e1o b\u1ed9 l\u1ecdc<\/div>\n<\/div>\n<div class=\"feauture-item col-6 col-lg-4\">\n<div class=\"feature-tooltip\">\u0110\u00e8n ch\u1ec9 b\u00e1o wifi<\/div>\n<\/div>\n<div class=\"feauture-item col-6 col-lg-4\">\n<div class=\"feature-tooltip\">Ch\u1ebf \u0111\u1ed9 TH\u00d4NG MINH<\/div>\n<\/div>\n<\/div>\n<\/div>\n<\/div>\n<div class=\"support-module hero-card-with-key-specification\" role=\"banner\" data-id=\"specifications\" data-magellan-target=\"specifications\">\n<div class=\"content-container specification-block\">\n<h2>Th\u00f4ng s\u1ed1 k\u1ef9 thu\u1eadt<\/h2>\n<div class=\"card-container\">\n<div class=\"card-group hero-banner\">\n<div class=\"row only-keyspecific\">\n<div class=\"col-12 col-md-6 card-content\">\n<h3 class=\"specification-title text-md-left\">Th\u00f4ng s\u1ed1 ch\u00ednh<\/h3>\n<div class=\"content\">\n<h3 class=\"title\">K\u00edch th\u01b0\u1edbc<\/h3>\n<ul class=\"content-category\">\n<li class=\"content-item js-content-by-country\" data-countries=\"\">370 mm (R)<\/li>\n<li class=\"content-item js-content-by-country\" data-countries=\"\">276 mm (S)<\/li>\n<li class=\"content-item js-content-by-country\" data-countries=\"\">600 mm (C)<\/li>\n<\/ul>\n<\/div>\n<\/div>\n<\/div>\n<\/div>\n<\/div>\n<div class=\"item-specification hero-key-specification mgt-sm-30\">\n<div class=\"content-container\">\n<p>&nbsp;<\/p>\n<div id=\"specAccordianContent\" class=\"specification-content accordion-content\" role=\"region\" data-tab-content=\"\" aria-labelledby=\"specAccordianContent-label\" aria-hidden=\"false\">\n<div class=\"row\">\n<div class=\"columns col-12 col-md-6\" data-spec-content=\"0\">\n<h4 class=\"title\">Th\u00f4ng tin chung<\/h4>\n<ul class=\"specification-category\">\n<li class=\"specification-item js-content-by-country\" data-countries=\"\"><span class=\"units\">Lo\u1ea1i s\u1ea3n ph\u1ea9m<\/span><span class=\"dimension\">M\u00e1y h\u00fat \u1ea9m k\u1ebft h\u1ee3p l\u1ecdc kh\u00f4ng kh\u00ed<\/span><\/li>\n<li class=\"specification-item js-content-by-country\" data-countries=\"\"><span class=\"units\">Lo\u1ea1i l\u1eafp \u0111\u1eb7t<\/span><span class=\"dimension\">\u0110\u1ee9ng \u0111\u1ed9c l\u1eadp<\/span><\/li>\n<li class=\"specification-item js-content-by-country\" data-countries=\"\"><span class=\"units\">Hi\u1ec7u qu\u1ea3 l\u1ecdc s\u1ea1ch b\u1ee5i th\u00f4 (%)<\/span><span class=\"dimension\">98.12%<\/span><\/li>\n<li class=\"specification-item js-content-by-country\" data-countries=\"\"><span class=\"units\">CADR<\/span><span class=\"dimension\">300<\/span><\/li>\n<li class=\"specification-item js-content-by-country\" data-countries=\"\"><span class=\"units\">C\u00f4ng su\u00e2\u0301t t\u00f4\u0301i \u0111a (W)<\/span><span class=\"dimension\">231<\/span><\/li>\n<li class=\"specification-item js-content-by-country\" data-countries=\"\"><span class=\"units\">T\u1ea7n s\u1ed1 (Hz)<\/span><span class=\"dimension\">50<\/span><\/li>\n<li class=\"specification-item js-content-by-country\" data-countries=\"\"><span class=\"units\">\u0110\u1ed9 \u1ed3n (dB)<\/span><span class=\"dimension\">25-53<\/span><\/li>\n<li class=\"specification-item js-content-by-country\" data-countries=\"\"><span class=\"units\">Ngu\u1ed3n \u0111i\u1ec7n (V)<\/span><span class=\"dimension\">220 &#8211; 240<\/span><\/li>\n<li class=\"specification-item js-content-by-country\" data-countries=\"\"><span class=\"units\">Nh\u00e3n n\u0103ng l\u01b0\u1ee3ng<\/span><span class=\"dimension\">Grade 1<\/span><\/li>\n<li class=\"specification-item js-content-by-country\" data-countries=\"\"><span class=\"units\">Di\u1ec7n t\u00edch ph\u00f2ng (m\u00b2)<\/span><span class=\"dimension\">58<\/span><\/li>\n<li class=\"specification-item js-content-by-country\" data-countries=\"\"><span class=\"units\">Dung t\u00edch h\u00fat \u1ea9m (L)<\/span><span class=\"dimension\">14L (nhi\u1ec7t \u0111\u1ed9 26.7\u00b0C\/ \u0110\u1ed9 \u1ea9m 60%)<br \/>\n27L (nhi\u1ec7t \u0111\u1ed9 30\u00b0C\/ \u0110\u1ed9 \u1ea9m 80%)<\/span><\/li>\n<li class=\"specification-item js-content-by-country\" data-countries=\"\"><span class=\"units\">Dung t\u00edch b\u00ecnh ch\u1ee9a (L)<\/span><span class=\"dimension\">4.8<\/span><\/li>\n<\/ul>\n<\/div>\n<div class=\"columns col-12 col-md-6\" data-spec-content=\"0\">\n<h4 class=\"title\">K\u00edch th\u01b0\u1edbc s\u1ea3n ph\u1ea9m<\/h4>\n<ul class=\"specification-category\">\n<li class=\"specification-item js-content-by-country\" data-countries=\"\"><span class=\"units\">Chi\u1ec1u r\u1ed9ng s\u1ea3n ph\u1ea9m<\/span><span class=\"dimension\">370 mm<\/span><\/li>\n<li class=\"specification-item js-content-by-country\" data-countries=\"\"><span class=\"units\">Chi\u1ec1u s\u00e2u s\u1ea3n ph\u1ea9m<\/span><span class=\"dimension\">276 mm<\/span><\/li>\n<li class=\"specification-item js-content-by-country\" data-countries=\"\"><span class=\"units\">Chi\u1ec1u cao s\u1ea3n ph\u1ea9m<\/span><span class=\"dimension\">600 mm<\/span><\/li>\n<li class=\"specification-item js-content-by-country\" data-countries=\"\"><span class=\"units\">Kh\u1ed1i l\u01b0\u1ee3ng t\u1ecbnh (kg)<\/span><span class=\"dimension\">19.2<\/span><\/li>\n<\/ul>\n<\/div>\n<div class=\"columns col-12 col-md-6\" data-spec-content=\"0\">\n<h4 class=\"title\">K\u00edch th\u01b0\u1edbc \u0111\u00f3ng g\u00f3i<\/h4>\n<ul class=\"specification-category\">\n<li class=\"specification-item js-content-by-country\" data-countries=\"\"><span class=\"units\">B\u1ec1 r\u1ed9ng th\u00f9ng<\/span><span class=\"dimension\">417 mm<\/span><\/li>\n<li class=\"specification-item js-content-by-country\" data-countries=\"\"><span class=\"units\">Chi\u1ec1u s\u00e2u th\u00f9ng<\/span><span class=\"dimension\">331 mm<\/span><\/li>\n<li class=\"specification-item js-content-by-country\" data-countries=\"\"><span class=\"units\">Chi\u1ec1u cao th\u00f9ng<\/span><span class=\"dimension\">648 mm<\/span><\/li>\n<li class=\"specification-item js-content-by-country\" data-countries=\"\"><span class=\"units\">Tr\u1ecdng l\u01b0\u1ee3ng ph\u1ee7 b\u00ec (kg)<\/span><span class=\"dimension\">20.6<\/span><\/li>\n<\/ul>\n<\/div>\n<div class=\"columns col-12 col-md-6\" data-spec-content=\"0\">\n<h4 class=\"title\">Thi\u1ebft k\u1ebf<\/h4>\n<ul class=\"specification-category\">\n<li class=\"specification-item js-content-by-country\" data-countries=\"\"><span class=\"units\">D\u1ea1ng \u0111i\u1ec1u khi\u1ec3n<\/span><span class=\"dimension\">M\u00e0n h\u00ecnh c\u1ea3m \u1ee9ng<\/span><\/li>\n<li class=\"specification-item js-content-by-country\" data-countries=\"\"><span class=\"units\">M\u00e0u thi\u1ebft b\u1ecb<\/span><span class=\"dimension\">X\u00e1m \u0111\u1eadm<\/span><\/li>\n<li class=\"specification-item js-content-by-country\" data-countries=\"\"><span class=\"units\">Ch\u1ea5t li\u1ec7u<\/span><span class=\"dimension\">Nh\u1ef1a<\/span><\/li>\n<\/ul>\n<\/div>\n<\/div>\n<\/div>\n<\/div>\n<\/div>\n<\/div>\n<\/div>\n","protected":false},"excerpt":{"rendered":"<ul>\n<li>Lo\u1ea1i b\u1ecf vi khu\u1ea9n\u00b9 v\u00e0 vi r\u00fat\u00b2 nh\u1edd c\u00f4ng ngh\u1ec7 PureProtect<\/li>\n<li>L\u1ecdc s\u1ea1ch kh\u00f4ng kh\u00ed 40 l\u1ea7n\u00b9 trong \u0111\u00eam cho gi\u1ea5c ng\u1ee7 ngon h\u01a1n\u00b2.<\/li>\n<li>Lo\u1ea1i b\u1ecf \u0111\u1ed9 \u1ea9m cao hi\u1ec7u qu\u1ea3 b\u1eb1ng h\u1ec7 th\u1ed1ng PureZen.<\/li>\n<\/ul>\n","protected":false},"featured_media":3238,"comment_status":"open","ping_status":"closed","template":"","meta":[],"product_brand":[],"product_cat":[81,100],"product_tag":[],"class_list":{"0":"post-3237","1":"product","2":"type-product","3":"status-publish","4":"has-post-thumbnail","6":"product_cat-may-hut-am-may-loc-khong-khi","7":"product_cat-electrolux","9":"first","10":"instock","11":"shipping-taxable","12":"product-type-simple"},"_links":{"self":[{"href":"https:\/\/nhadepbepxinh.com.vn\/index.php?rest_route=\/wp\/v2\/product\/3237","targetHints":{"allow":["GET"]}}],"collection":[{"href":"https:\/\/nhadepbepxinh.com.vn\/index.php?rest_route=\/wp\/v2\/product"}],"about":[{"href":"https:\/\/nhadepbepxinh.com.vn\/index.php?rest_route=\/wp\/v2\/types\/product"}],"replies":[{"embeddable":true,"href":"https:\/\/nhadepbepxinh.com.vn\/index.php?rest_route=%2Fwp%2Fv2%2Fcomments&post=3237"}],"wp:featuredmedia":[{"embeddable":true,"href":"https:\/\/nhadepbepxinh.com.vn\/index.php?rest_route=\/wp\/v2\/media\/3238"}],"wp:attachment":[{"href":"https:\/\/nhadepbepxinh.com.vn\/index.php?rest_route=%2Fwp%2Fv2%2Fmedia&parent=3237"}],"wp:term":[{"taxonomy":"product_brand","embeddable":true,"href":"https:\/\/nhadepbepxinh.com.vn\/index.php?rest_route=%2Fwp%2Fv2%2Fproduct_brand&post=3237"},{"taxonomy":"product_cat","embeddable":true,"href":"https:\/\/nhadepbepxinh.com.vn\/index.php?rest_route=%2Fwp%2Fv2%2Fproduct_cat&post=3237"},{"taxonomy":"product_tag","embeddable":true,"href":"https:\/\/nhadepbepxinh.com.vn\/index.php?rest_route=%2Fwp%2Fv2%2Fproduct_tag&post=3237"}],"curies":[{"name":"wp","href":"https:\/\/api.w.org\/{rel}","templated":true}]}}