{"id":3210,"date":"2025-04-01T10:13:49","date_gmt":"2025-04-01T03:13:49","guid":{"rendered":"https:\/\/nhadepbepxinh.com.vn\/?post_type=product&#038;p=3210"},"modified":"2025-04-01T14:49:28","modified_gmt":"2025-04-01T07:49:28","slug":"may-hut-am-fujihaia-dh55bl","status":"publish","type":"product","link":"https:\/\/nhadepbepxinh.com.vn\/?product=may-hut-am-fujihaia-dh55bl","title":{"rendered":"MA\u0301Y HU\u0301T \u00c2\u0309M FUJIHAIA DH55BL"},"content":{"rendered":"<div class=\"row\">\n<div class=\"col-sm-12\">\n<div id=\"product-tabs-content\" class=\"tab-content\">\n<div id=\"tab-description\" class=\"tab-pane active\">\n<h2>M\u00e1y h\u00fat \u1ea9m c\u00f4ng nghi\u1ec7p FUJIHAIA DH55BL Th\u1ebf h\u1ec7 s\u1ea3n ph\u1ea9m m\u1edbi t\u00edch h\u1ee3p c\u00f4ng ngh\u1ec7 cao, th\u00e2n thi\u1ec7n v\u1edbi m\u00f4i tr\u01b0\u1eddng, C\u00f3 ch\u1ee9c n\u0103ng Ionizer l\u1ecdc kh\u00f4ng kh\u00ed ki\u1ec3u d\u00e1ng sang tr\u1ecdng, hi\u1ec7n \u0111\u1ea1i v\u00e0 nh\u1ecf g\u1ecdn , th\u00edch h\u1ee3p s\u1eed d\u1ee5ng h\u00fat \u1ea9m cho c\u00e1c ph\u00f2ng c\u00f3 di\u1ec7n t\u00edch : 40 &#8211; 50m2** ( chi\u1ec1u cao ph\u00f2ng 2,6m).<\/h2>\n<p><img loading=\"lazy\" decoding=\"async\" src=\"https:\/\/fujihaia.com.vn\/image\/catalog\/hut-am-cong-nghiep\/dh55bl\/2.jpg\" alt=\"M\u00e1y h\u00fat \u1ea9m c\u00f4ng nghi\u1ec7p DH55BL\" width=\"600\" height=\"600\" \/><\/p>\n<p><em>** Th\u00f4ng tin do nh\u00e0 m\u00e1y cung c\u1ea5p, th\u1ef1c hi\u1ec7n trong ph\u00f2ng th\u00ed nghi\u1ec7m v\u00e0 ch\u1ec9 mang t\u00ednh ch\u1ea5t tham kh\u1ea3o, n\u00ean c\u00f3 th\u1ec3 thay \u0111\u1ed5i ph\u1ee5 thu\u1ed9c v\u00e0o \u0111i\u1ec1u ki\u1ec7n th\u1ef1c t\u1ebf s\u1eed d\u1ee5ng c\u1ee7a s\u1ea3n ph\u1ea9m<\/em><\/p>\n<p>M\u00e1y h\u00fat \u1ea9m c\u00f4ng nghi\u1ec7p FUJIHAIA DH55BL ho\u1ea1t \u0111\u1ed9ng d\u1ef1a tr\u00ean nguy\u00ean l\u00fd d\u1ea1ng ng\u01b0ng t\u1ee5 l\u1ea1nh. M\u00e1y n\u00e9n l\u1ea1nh s\u1ebd l\u00e0m h\u1ea1 nhi\u1ec7t \u0111\u1ed9 gi\u00e0n l\u1ea1nh xu\u1ed1ng, lu\u1ed3ng kh\u00ed mang theo h\u01a1i \u1ea9m s\u1ebd \u0111\u01b0\u1ee3c qu\u1ea1t gi\u00f3 h\u00fat qua gi\u00e0n l\u1ea1nh, t\u1ea1i \u0111\u00e2y h\u01a1i \u1ea9m g\u1eb7p l\u1ea1nh s\u1ebd b\u1ecb ng\u01b0ng t\u1ee5 l\u1ea1i th\u00e0nh n\u01b0\u1edbc v\u00e0 ch\u1ea3y xu\u1ed1ng khay n\u01b0\u1edbc th\u1ea3i, lu\u1ed3ng kh\u00ed kh\u00f4 sau \u0111\u00f3 ti\u1ebfp t\u1ee5c \u0111\u01b0\u1ee3c qu\u1ea1t \u0111\u1ea9y qua gi\u00e0n n\u00f3ng v\u00e0 th\u1ed5i ra ngo\u00e0i. Qu\u00e1 tr\u00ecnh n\u00e0y di\u1ec5n ra li\u00ean t\u1ee5c cho \u0111\u1ebfn khi \u0111\u1ed9 \u1ea9m trong ph\u00f2ng \u0111\u01b0\u1ee3c ki\u1ec3m so\u00e1t theo \u0111\u1ed9 \u1ea9m c\u00e0i \u0111\u1eb7t tr\u00ean m\u00e1y.<\/p>\n<p><img loading=\"lazy\" decoding=\"async\" src=\"https:\/\/fujihaia.com.vn\/image\/catalog\/hut-am-cong-nghiep\/dh55bl\/1.jpg\" alt=\"M\u00e1y h\u00fat \u1ea9m c\u00f4ng nghi\u1ec7p FUJIHAIA DH55BL\" width=\"600\" height=\"600\" \/><\/p>\n<p>Ngo\u00e0i \u1ed1ng tho\u00e1t n\u01b0\u1edbc li\u00ean t\u1ee5c m\u00e1y trang b\u1ecb b\u00ecnh n\u01b0\u1edbc l\u1edbn gi\u00fap kh\u00e1ch h\u00e0ng ti\u1ec7n l\u1ee3i trong qu\u00e1 tr\u00ecnh s\u1eed d\u1ee5ng khi \u0111\u1eb7t m\u00e1y \u1edf nh\u1eefng khu v\u1ef1c kh\u00f3 kh\u0103n thi c\u00f4ng \u0111\u01b0\u1eddng \u1ed1ng tho\u00e1t n\u01b0\u1edbc.<\/p>\n<p>M\u00e1y h\u00fat \u1ea9m c\u00f4ng nghi\u1ec7p FUJIHAIA DH55BL c\u00f3 c\u00f4ng su\u1ea5t h\u00fat \u1ea9m 55lit\/ng\u00e0y (\u1edf \u0111i\u1ec1u ki\u1ec7n 30oC, 80%) ph\u00f9 h\u1ee3p v\u0103n ph\u00f2ng, c\u01a1 quan, tr\u01b0\u1eddng h\u1ecdc, nh\u00e0 \u1edf chung c\u01b0, ph\u00f2ng kh\u00e1ch, ph\u00f2ng h\u1ecdc s\u1eed d\u1ee5ng ngu\u1ed3n \u0111i\u1ec7n 220V ~ 50Hz.<\/p>\n<p><img loading=\"lazy\" decoding=\"async\" src=\"https:\/\/fujihaia.com.vn\/image\/catalog\/hut-am-cong-nghiep\/dh55bl\/12.jpg\" alt=\"M\u00e1y h\u00fat \u1ea9m c\u00f4ng nghi\u1ec7p FUJIHAIA DH55BL\" width=\"600\" height=\"600\" \/><\/p>\n<h3>C\u00d4NG D\u1ee4NG:<\/h3>\n<p>\u2013 M\u00e1y h\u00fat \u1ea9m c\u00f4ng nghi\u1ec7p FUJIHAIA DH55BL d\u00f9ng trong c\u00e1c kho b\u1ea3o qu\u1ea3n, nh\u00e0 m\u00e1y, v\u0103n ph\u00f2ng nh\u1ecf v\u00e0 v\u1eeba \u0111\u1ec3 h\u00fat \u1ea9m b\u1ea3o qu\u1ea3n thi\u1ebft b\u1ecb v\u1eadt t\u01b0, thi\u1ebft b\u1ecb linh ki\u1ec7n \u0111i\u1ec7n t\u1eed, .. v\u00e0 c\u00e1c th\u00e0nh ph\u1ea9m \u0111\u1ec3 \u0111\u1ea3m b\u1ea3o ti\u00eau chu\u1ea9n v\u1ec1 k\u1ef9 thu\u1eadt, ch\u1ea5t l\u01b0\u1ee3ng s\u1ea3n ph\u1ea9m.. Gi\u00fap b\u1ea3o qu\u1ea3n th\u00e0nh ph\u1ea9m v\u00e0 nguy\u00ean nhi\u00ean v\u1eadt li\u1ec7u tr\u00e1nh \u0111\u01b0\u1ee3c s\u1ef1 xu\u1ed1ng c\u1ea5p, h\u01b0 h\u1ecfng do \u0111\u1ed9 \u1ea9m g\u00e2y n\u00ean, v\u1edbi m\u00e1y m\u00f3c thi\u1ebft b\u1ecb m\u00e1y h\u00fat \u1ea9m gi\u00fap ch\u1ed1ng hi\u1ec7n t\u01b0\u1ee3ng \u0103n m\u00f2n, g\u1ec9 s\u00e9t, gi\u00fap m\u00e1y ho\u1ea1t \u0111\u1ed9ng ch\u00ednh x\u00e1c.<\/p>\n<p>\u2013 M\u00e1y h\u00fat \u1ea9m c\u00f4ng nghi\u1ec7p FUJIHAIA DH55BL c\u00f2n gi\u00fap b\u1ea3o v\u1ec7 s\u1ee9c kh\u1ecfe con ng\u01b0\u1eddi, trong m\u00f4i tr\u01b0\u1eddng s\u1ed1ng v\u00e0 l\u00e0m vi\u1ec7c.<\/p>\n<p><img loading=\"lazy\" decoding=\"async\" src=\"https:\/\/fujihaia.com.vn\/image\/catalog\/hut-am-cong-nghiep\/dh55bl\/12.jpg\" alt=\"M\u00e1y h\u00fat \u1ea9m c\u00f4ng nghi\u1ec7p FUJIHAIA DH55BL\" width=\"600\" height=\"600\" \/><\/p>\n<h3>TI\u00caU CHU\u1ea8N CH\u1ea4T L\u01af\u1ee2NG:<\/h3>\n<p>\u2013 M\u00e1y h\u00fat \u1ea9m c\u00f4ng nghi\u1ec7p FUJIHAIA DH55BL \u0111\u01b0\u1ee3c s\u1ea3n xu\u1ea5t theo \u0111\u00fang ti\u00eau chu\u1ea9n c\u00f4ng ngh\u1ec7 hi\u1ec7n \u0111\u1ea1i\u00a0 v\u00e0 c\u00f3 \u0111\u1ea7y \u0111\u1ee7 c\u00e1c ch\u1ee9ng nh\u1eadn GS\/ CE\/ RoHS\/ REACH<\/p>\n<p>Ki\u1ec3u d\u00e1ng thi\u1ebft k\u1ebf v\u00e0 t\u00ednh n\u0103ng \u01b0u vi\u1ec7t nhi\u1ec1u c\u1ea3i ti\u1ebfn, b\u00ecnh ch\u1ee9a l\u1edbn 8 l\u00edt gi\u00fap cho m\u00e1y v\u1eadn h\u00e0nh li\u00ean t\u1ee5c trong th\u1eddi gian d\u00e0i kh\u00f4ng ph\u1ea3i \u0111\u1ed5 n\u01b0\u1edbc thu\u1eadn ti\u1ec7n cho vi\u1ec7c l\u1eafp \u0111\u1eb7t nh\u1eefng n\u01a1i kh\u00f3 thi c\u00f4ng \u0111\u01b0\u1eddng n\u01b0\u1edbc th\u1ea3i tr\u1ef1c ti\u1ebfp.<\/p>\n<p><img loading=\"lazy\" decoding=\"async\" src=\"https:\/\/fujihaia.com.vn\/image\/catalog\/hut-am-cong-nghiep\/dh55bl\/3.jpg\" alt=\"M\u00e1y h\u00fat \u1ea9m c\u00f4ng nghi\u1ec7p FUJIHAIA DH55BL\" width=\"600\" height=\"600\" \/><\/p>\n<p><img loading=\"lazy\" decoding=\"async\" src=\"https:\/\/fujihaia.com.vn\/image\/catalog\/hut-am-cong-nghiep\/dh55bl\/4.jpg\" alt=\"M\u00e1y h\u00fat \u1ea9m c\u00f4ng nghi\u1ec7p FUJIHAIA DH55BL\" width=\"600\" height=\"600\" \/><\/p>\n<p><img loading=\"lazy\" decoding=\"async\" src=\"https:\/\/fujihaia.com.vn\/image\/catalog\/hut-am-cong-nghiep\/dh55bl\/5.jpg\" alt=\"M\u00e1y h\u00fat \u1ea9m c\u00f4ng nghi\u1ec7p FUJIHAIA DH55BL\" width=\"600\" height=\"600\" \/><\/p>\n<p><img loading=\"lazy\" decoding=\"async\" src=\"https:\/\/fujihaia.com.vn\/image\/catalog\/hut-am-cong-nghiep\/dh55bl\/6.jpg\" alt=\"M\u00e1y h\u00fat \u1ea9m c\u00f4ng nghi\u1ec7p FUJIHAIA DH55BL\" width=\"600\" height=\"600\" \/><\/p>\n<p><img loading=\"lazy\" decoding=\"async\" src=\"https:\/\/fujihaia.com.vn\/image\/catalog\/hut-am-cong-nghiep\/dh55bl\/7.jpg\" alt=\"M\u00e1y h\u00fat \u1ea9m c\u00f4ng nghi\u1ec7p FUJIHAIA DH55BL\" width=\"600\" height=\"600\" \/><\/p>\n<p><img loading=\"lazy\" decoding=\"async\" src=\"https:\/\/fujihaia.com.vn\/image\/catalog\/hut-am-cong-nghiep\/dh55bl\/9.jpg\" alt=\"M\u00e1y h\u00fat \u1ea9m c\u00f4ng nghi\u1ec7p FUJIHAIA DH55BL\" width=\"600\" height=\"600\" \/><\/p>\n<p><img loading=\"lazy\" decoding=\"async\" src=\"https:\/\/fujihaia.com.vn\/image\/catalog\/hut-am-cong-nghiep\/dh55bl\/8.jpg\" alt=\"M\u00e1y h\u00fat \u1ea9m c\u00f4ng nghi\u1ec7p FUJIHAIA DH55BL\" width=\"600\" height=\"600\" \/><\/p>\n<p><img loading=\"lazy\" decoding=\"async\" src=\"https:\/\/fujihaia.com.vn\/image\/catalog\/hut-am-cong-nghiep\/dh55bl\/11.jpg\" alt=\"M\u00e1y h\u00fat \u1ea9m c\u00f4ng nghi\u1ec7p FUJIHAIA DH55BL\" width=\"600\" height=\"600\" \/><\/p>\n<h3>TH\u00d4NG S\u1ed0 K\u1ef8 THU\u1eacT<\/h3>\n<p>M\u00e1y n\u00e9n\u00a0l\u1ea1nh ki\u1ec3u ROTARY<\/p>\n<p>&#8211; X\u1ea3 \u0111\u00e1 t\u1ef1 \u0111\u1ed9ng , B\u1ea3o v\u1ec7 \u0111\u1ed9 tr\u1ec5 t\u1ef1 \u0111\u1ed9ng trong 3 ph\u00fat ,<\/p>\n<p>&#8211; T\u1ef1 kh\u1edfi \u0111\u1ed9ng l\u1ea1i khi m\u1ea5t \u0111i\u1ec7n<\/p>\n<p>C\u00f4ng su\u1ea5t h\u00fat \u1ea9m 55 l\u00edt\/ng\u00e0y (30\u210380%RH)<\/p>\n<p>Power Supply: 220V-240V \/ 50Hz<\/p>\n<p>C\u00f4ng su\u1ea5t ti\u00eau th\u1ee5 : 650W<\/p>\n<p>D\u00f2ng \u0111i\u1ec7n \u0111\u1ecbnh m\u1ee9c : 2,8A<\/p>\n<p>L\u01b0u l\u01b0\u1ee3ng gi\u00f3 450 m3 \/ h , t\u00edch h\u1ee3p l\u1ecdc Ionizer trong qu\u00e1 tr\u00ecnh h\u00fat \u1ea9m<\/p>\n<p>B\u1ed3n ch\u1ee9a n\u01b0\u1edbc c\u1ee7a m\u00e1y dung t\u00edch l\u1edbn : 8 l\u00edt ho\u1eb7c c\u00f3 th\u1ec3 x\u1ea3 n\u01b0\u1edbc li\u00ean t\u1ee5c qua \u1ed1ng tho\u00e1t n\u01b0\u1edbc.<\/p>\n<p>&#8211; T\u1ef1 \u0111\u1ed9ng d\u1eebng v\u00e0 c\u1ea3nh b\u00e1o b\u1eb1ng \u0111\u00e8n b\u00e1o khi b\u00ecnh n\u01b0\u1edbc \u0111\u1ea7y<\/p>\n<p>\u0110\u1ed9 \u1ed3n : \u226454dB(A)<\/p>\n<p>\u0110i\u1ec1u ki\u1ec7n ho\u1ea1t \u0111\u1ed9ng : 5\u00b0C &#8211; 35\u00b0C<\/p>\n<p>Ch\u1ea5t l\u00e0m l\u1ea1nh : 410a<\/p>\n<p>K\u00edch th\u01b0\u1edbc m\u00e1y (W x D x H ) : 460mm x302mm x710mm<\/p>\n<p>K\u00edch th\u01b0\u1edbc c\u1ea3 bao b\u00ec (W x D x H ) : 526x366x765mm<\/p>\n<p>Tr\u1ecdng l\u01b0\u1ee3ng s\u1ea3n ph\u1ea9m : 26.5 kg<\/p>\n<p>Tr\u1ecdng l\u01b0\u1ee3ng c\u1ea3 bao b\u00ec : 28.5 kg<\/p>\n<p>Ch\u1ee9ng nh\u1eadn GS\/ CE\/ RoHS\/ REACH<\/p>\n<p>S\u1ea3n ph\u1ea9m h\u1ee3p t\u00e1c c\u00f9ng v\u1edbi Newage Technology Japan (Nh\u1eadt B\u1ea3n), s\u1ea3n xu\u1ea5t t\u1ea1i Trung Qu\u1ed1c<\/p>\n<h3><strong>M\u1ed8T S\u1ed0 H\u00ccNH \u1ea2NH CH\u1ee4P TH\u1ef0C T\u1ebe<\/strong><\/h3>\n<p><img loading=\"lazy\" decoding=\"async\" src=\"https:\/\/fujihaia.com.vn\/image\/catalog\/hut-am-cong-nghiep\/dh55bl\/dsc00614.jpg\" alt=\"M\u00e1y h\u00fat \u1ea9m c\u00f4ng nghi\u1ec7p FUJIHAIA DH55BL\" width=\"600\" height=\"400\" \/><\/p>\n<p><img loading=\"lazy\" decoding=\"async\" src=\"https:\/\/fujihaia.com.vn\/image\/catalog\/hut-am-cong-nghiep\/dh55bl\/dsc00612.jpg\" alt=\"M\u00e1y h\u00fat \u1ea9m c\u00f4ng nghi\u1ec7p FUJIHAIA DH55BL\" width=\"600\" height=\"400\" \/><\/p>\n<p><img loading=\"lazy\" decoding=\"async\" src=\"https:\/\/fujihaia.com.vn\/image\/catalog\/hut-am-cong-nghiep\/dh55bl\/dsc00594.jpg\" alt=\"M\u00e1y h\u00fat \u1ea9m c\u00f4ng nghi\u1ec7p FUJIHAIA DH55BL\" width=\"600\" height=\"400\" \/><\/p>\n<p><img loading=\"lazy\" decoding=\"async\" src=\"https:\/\/fujihaia.com.vn\/image\/catalog\/hut-am-cong-nghiep\/dh55bl\/dsc00512.jpg\" alt=\"M\u00e1y h\u00fat \u1ea9m c\u00f4ng nghi\u1ec7p FUJIHAIA DH55BL\" width=\"600\" height=\"400\" \/><\/p>\n<p><img loading=\"lazy\" decoding=\"async\" src=\"https:\/\/fujihaia.com.vn\/image\/catalog\/hut-am-cong-nghiep\/dh55bl\/dsc00498.jpg\" alt=\"M\u00e1y h\u00fat \u1ea9m c\u00f4ng nghi\u1ec7p FUJIHAIA DH55BL\" width=\"600\" height=\"400\" \/><\/p>\n<p><img loading=\"lazy\" decoding=\"async\" src=\"https:\/\/fujihaia.com.vn\/image\/catalog\/hut-am-cong-nghiep\/dh55bl\/dsc00471.jpg\" alt=\"M\u00e1y h\u00fat \u1ea9m c\u00f4ng nghi\u1ec7p FUJIHAIA DH55BL\" width=\"600\" height=\"399\" \/><\/p>\n<p><img loading=\"lazy\" decoding=\"async\" src=\"https:\/\/fujihaia.com.vn\/image\/catalog\/hut-am-cong-nghiep\/dh55bl\/dsc00484.jpg\" alt=\"M\u00e1y h\u00fat \u1ea9m c\u00f4ng nghi\u1ec7p FUJIHAIA DH55BL\" width=\"600\" height=\"400\" \/><\/p>\n<p><img loading=\"lazy\" decoding=\"async\" src=\"https:\/\/fujihaia.com.vn\/image\/catalog\/hut-am-cong-nghiep\/dh55bl\/dsc00471.jpg\" alt=\"M\u00e1y h\u00fat \u1ea9m c\u00f4ng nghi\u1ec7p FUJIHAIA DH55BL\" width=\"600\" height=\"399\" \/><\/p>\n<h2>VIDEO S\u1ea2N PH\u1ea8M<\/h2>\n<p><strong>H\u01b0\u1edbng d\u1eabn s\u1eed d\u1ee5ng m\u00e1y h\u00fat \u1ea9m C\u00f4ng nghi\u1ec7p Fujihaia DH55BL &#8211; DH70BL<\/strong><\/p>\n<p><iframe loading=\"lazy\" title=\"YouTube video player\" src=\"https:\/\/www.youtube.com\/embed\/c9BKBYF_Zqs\" width=\"100%\" height=\"315\" frameborder=\"0\" allowfullscreen=\"allowfullscreen\" data-mce-fragment=\"1\"><\/iframe><\/p>\n<\/div>\n<\/div>\n<\/div>\n<\/div>\n","protected":false},"excerpt":{"rendered":"<h3>TH\u00d4NG S\u1ed0 K\u1ef8 THU\u1eacT<\/h3>\n<p>M\u00e1y n\u00e9n\u00a0l\u1ea1nh ki\u1ec3u ROTARY<\/p>\n<p>&#8211; X\u1ea3 \u0111\u00e1 t\u1ef1 \u0111\u1ed9ng , B\u1ea3o v\u1ec7 \u0111\u1ed9 tr\u1ec5 t\u1ef1 \u0111\u1ed9ng trong 3 ph\u00fat ,<\/p>\n<p>&#8211; T\u1ef1 kh\u1edfi \u0111\u1ed9ng l\u1ea1i khi m\u1ea5t \u0111i\u1ec7n<\/p>\n<p>C\u00f4ng su\u1ea5t h\u00fat \u1ea9m 55 l\u00edt\/ng\u00e0y (30\u210380%RH)<\/p>\n<p>Power Supply: 220V-240V \/ 50Hz<\/p>\n<p>C\u00f4ng su\u1ea5t ti\u00eau th\u1ee5 : 650W<\/p>\n<p>D\u00f2ng \u0111i\u1ec7n \u0111\u1ecbnh m\u1ee9c : 2,8A<\/p>\n<p>L\u01b0u l\u01b0\u1ee3ng gi\u00f3 450 m3 \/ h , t\u00edch h\u1ee3p l\u1ecdc Ionizer trong qu\u00e1 tr\u00ecnh h\u00fat \u1ea9m<\/p>\n<p>B\u1ed3n ch\u1ee9a n\u01b0\u1edbc c\u1ee7a m\u00e1y dung t\u00edch l\u1edbn : 8 l\u00edt ho\u1eb7c c\u00f3 th\u1ec3 x\u1ea3 n\u01b0\u1edbc li\u00ean t\u1ee5c qua \u1ed1ng tho\u00e1t n\u01b0\u1edbc.<\/p>\n<p>&#8211; T\u1ef1 \u0111\u1ed9ng d\u1eebng v\u00e0 c\u1ea3nh b\u00e1o b\u1eb1ng \u0111\u00e8n b\u00e1o khi b\u00ecnh n\u01b0\u1edbc \u0111\u1ea7y<\/p>\n<p>\u0110\u1ed9 \u1ed3n : \u226454dB(A)<\/p>\n","protected":false},"featured_media":3211,"comment_status":"open","ping_status":"closed","template":"","meta":[],"product_brand":[],"product_cat":[81,96],"product_tag":[],"class_list":{"0":"post-3210","1":"product","2":"type-product","3":"status-publish","4":"has-post-thumbnail","6":"product_cat-may-hut-am-may-loc-khong-khi","7":"product_cat-fujihaia","9":"first","10":"instock","11":"shipping-taxable","12":"product-type-simple"},"_links":{"self":[{"href":"https:\/\/nhadepbepxinh.com.vn\/index.php?rest_route=\/wp\/v2\/product\/3210","targetHints":{"allow":["GET"]}}],"collection":[{"href":"https:\/\/nhadepbepxinh.com.vn\/index.php?rest_route=\/wp\/v2\/product"}],"about":[{"href":"https:\/\/nhadepbepxinh.com.vn\/index.php?rest_route=\/wp\/v2\/types\/product"}],"replies":[{"embeddable":true,"href":"https:\/\/nhadepbepxinh.com.vn\/index.php?rest_route=%2Fwp%2Fv2%2Fcomments&post=3210"}],"wp:featuredmedia":[{"embeddable":true,"href":"https:\/\/nhadepbepxinh.com.vn\/index.php?rest_route=\/wp\/v2\/media\/3211"}],"wp:attachment":[{"href":"https:\/\/nhadepbepxinh.com.vn\/index.php?rest_route=%2Fwp%2Fv2%2Fmedia&parent=3210"}],"wp:term":[{"taxonomy":"product_brand","embeddable":true,"href":"https:\/\/nhadepbepxinh.com.vn\/index.php?rest_route=%2Fwp%2Fv2%2Fproduct_brand&post=3210"},{"taxonomy":"product_cat","embeddable":true,"href":"https:\/\/nhadepbepxinh.com.vn\/index.php?rest_route=%2Fwp%2Fv2%2Fproduct_cat&post=3210"},{"taxonomy":"product_tag","embeddable":true,"href":"https:\/\/nhadepbepxinh.com.vn\/index.php?rest_route=%2Fwp%2Fv2%2Fproduct_tag&post=3210"}],"curies":[{"name":"wp","href":"https:\/\/api.w.org\/{rel}","templated":true}]}}