{"id":3200,"date":"2025-04-01T10:08:46","date_gmt":"2025-04-01T03:08:46","guid":{"rendered":"https:\/\/nhadepbepxinh.com.vn\/?post_type=product&#038;p=3200"},"modified":"2025-04-01T14:49:50","modified_gmt":"2025-04-01T07:49:50","slug":"may-hut-am-fujihaia-dh25w","status":"publish","type":"product","link":"https:\/\/nhadepbepxinh.com.vn\/?product=may-hut-am-fujihaia-dh25w","title":{"rendered":"MA\u0301Y HU\u0301T \u00c2\u0309M FUJIHAIA DH25W"},"content":{"rendered":"<div class=\"row\">\n<div class=\"col-sm-12\">\n<div id=\"product-tabs-content\" class=\"tab-content\">\n<div id=\"tab-description\" class=\"tab-pane active\">\n<h2>M\u00e1y h\u00fat \u1ea9m d\u00e2n d\u1ee5ng k\u00e8m l\u1ecdc kh\u00f4ng kh\u00ed Fujihaia DH25W S\u1ea3n ph\u1ea9m m\u1edbi c\u1ee7a h\u00e3ng Fujihaia \u0111\u00f3n xu\u00e2n Gi\u00e1p Th\u00ecn 2024<\/h2>\n<p>Model DH25W v\u1edbi thi\u1ebft k\u1ebf hi\u1ec7n \u0111\u1ea1i , nhi\u1ec1u t\u00ednh n\u0103ng \u01b0u vi\u1ec7t . \u0110i\u1ec1u khi\u1ec3n \u0111i\u1ec7n t\u1eed v\u1edbi m\u00e0n h\u00ecnh LED . C\u00f3 \u0111\u00e8n b\u00e1o \u0111\u1ed9 \u1ea9m qua m\u00e0u s\u1eafc ph\u00eda tr\u01b0\u1edbc m\u00e1y . Di\u1ec7n t\u00edch s\u1eed d\u1ee5ng th\u00edch h\u1ee3p : 30m-40m2.**<\/p>\n<p>Model h\u00fat \u1ea9m d\u00e2n d\u1ee5ng Fujihaia DH25W t\u00ednh n\u0103ng l\u1ecdc kh\u00f4ng kh\u00ed ( qua m\u00e0ng th\u00f4 v\u00e0 Ion \u00e2m ) ho\u1ea1t \u0111\u1ed9ng \u0111\u1ed9c l\u1eadp khi c\u1ea5p ngu\u1ed3n cho m\u00e1y . Khi c\u1eafm \u0111i\u1ec7n c\u1ea5p ngu\u1ed3n cho m\u00e1y ch\u00fang ta b\u1eadt ch\u1ee9c n\u0103ng l\u1ecdc kh\u00f4ng kh\u00ed . M\u00e1y s\u1ebd ch\u1ea1y nh\u01b0 m\u1ed9t m\u00e1y l\u1ecdc kh\u00f4ng kh\u00ed th\u00f4ng th\u01b0\u1eddng , c\u00f3 th\u1ec3 \u0111i\u1ec1u ch\u1ec9nh t\u1ed1c \u0111\u1ed9 qu\u1ea1t cho m\u00e1y cao , th\u1ea5p t\u00f9y \u00fd . M\u00e1y n\u00e9n s\u1ebd kh\u00f4ng ho\u1ea1t \u0111\u1ed9ng ,\u00a0 ch\u1ee9c n\u0103ng h\u00fat \u1ea9m c\u1ee7a m\u00e1y ch\u1ec9 ho\u1ea1t \u0111\u1ed9ng khi ta b\u1eadt n\u00fat ngu\u1ed3n Power tr\u00ean m\u00e1y v\u00e0 ch\u1ecdn ch\u1ebf \u0111\u1ed9 h\u00fat \u1ea9m . Khi s\u1eed d\u1ee5ng ch\u1ee9c n\u0103ng l\u1ecdc kh\u00f4ng kh\u00ed v\u1edbi m\u00e1y h\u00fat \u1ea9m Fujihaia DH25W kh\u00e1ch h\u00e0ng s\u1ebd c\u00f3 m\u1ed9t m\u00e1y l\u1ecdc kh\u00f4ng kh\u00ed c\u00f4ng su\u1ea5t l\u1edbn v\u1edbi di\u1ec7n t\u00edch ph\u00f2ng l\u1edbn 30-40m2.<\/p>\n<p><img loading=\"lazy\" decoding=\"async\" src=\"https:\/\/fujihaia.com.vn\/image\/catalog\/hut-am-dan-dung\/dh25w\/2.jpg\" alt=\"M\u00e1y h\u00fat \u1ea9m d\u00e2n d\u1ee5ng k\u00e8m l\u1ecdc kh\u00f4ng kh\u00ed Fujihaia DH25W\" width=\"1200\" height=\"900\" \/><\/p>\n<p><em>** Th\u00f4ng tin do nh\u00e0 m\u00e1y cung c\u1ea5p, th\u1ef1c hi\u1ec7n trong ph\u00f2ng th\u00ed nghi\u1ec7m v\u00e0 ch\u1ec9 mang t\u00ednh ch\u1ea5t tham kh\u1ea3o, n\u00ean c\u00f3 th\u1ec3 thay \u0111\u1ed5i ph\u1ee5 thu\u1ed9c v\u00e0o \u0111i\u1ec1u ki\u1ec7n th\u1ef1c t\u1ebf s\u1eed d\u1ee5ng c\u1ee7a s\u1ea3n ph\u1ea9m<\/em><\/p>\n<p><img loading=\"lazy\" decoding=\"async\" src=\"https:\/\/fujihaia.com.vn\/image\/catalog\/hut-am-dan-dung\/dh25w\/1.jpg\" alt=\"M\u00e1y h\u00fat \u1ea9m d\u00e2n d\u1ee5ng k\u00e8m l\u1ecdc kh\u00f4ng kh\u00ed Fujihaia DH25W\" width=\"1200\" height=\"900\" \/><\/p>\n<p><img loading=\"lazy\" decoding=\"async\" src=\"https:\/\/fujihaia.com.vn\/image\/catalog\/hut-am-dan-dung\/dh25w\/3.jpg\" alt=\"M\u00e1y h\u00fat \u1ea9m d\u00e2n d\u1ee5ng k\u00e8m l\u1ecdc kh\u00f4ng kh\u00ed Fujihaia DH25W\" width=\"1200\" height=\"900\" \/><\/p>\n<p><img loading=\"lazy\" decoding=\"async\" src=\"https:\/\/fujihaia.com.vn\/image\/catalog\/hut-am-dan-dung\/dh25w\/4.jpg\" alt=\"M\u00e1y h\u00fat \u1ea9m d\u00e2n d\u1ee5ng k\u00e8m l\u1ecdc kh\u00f4ng kh\u00ed Fujihaia DH25W\" width=\"1200\" height=\"900\" \/><\/p>\n<p><img loading=\"lazy\" decoding=\"async\" src=\"https:\/\/fujihaia.com.vn\/image\/catalog\/hut-am-dan-dung\/dh25w\/6.jpg\" alt=\"M\u00e1y h\u00fat \u1ea9m d\u00e2n d\u1ee5ng k\u00e8m l\u1ecdc kh\u00f4ng kh\u00ed Fujihaia DH25W\" width=\"1200\" height=\"900\" \/><\/p>\n<p><img loading=\"lazy\" decoding=\"async\" src=\"https:\/\/fujihaia.com.vn\/image\/catalog\/hut-am-dan-dung\/dh25w\/5.jpg\" alt=\"M\u00e1y h\u00fat \u1ea9m d\u00e2n d\u1ee5ng k\u00e8m l\u1ecdc kh\u00f4ng kh\u00ed Fujihaia DH25W\" width=\"1200\" height=\"900\" \/><\/p>\n<p><img loading=\"lazy\" decoding=\"async\" src=\"https:\/\/fujihaia.com.vn\/image\/catalog\/hut-am-dan-dung\/dh25w\/7.jpg\" alt=\"M\u00e1y h\u00fat \u1ea9m d\u00e2n d\u1ee5ng k\u00e8m l\u1ecdc kh\u00f4ng kh\u00ed Fujihaia DH25W\" width=\"1200\" height=\"900\" \/><\/p>\n<p><img loading=\"lazy\" decoding=\"async\" src=\"https:\/\/fujihaia.com.vn\/image\/catalog\/hut-am-dan-dung\/dh25w\/8.jpg\" alt=\"M\u00e1y h\u00fat \u1ea9m d\u00e2n d\u1ee5ng k\u00e8m l\u1ecdc kh\u00f4ng kh\u00ed Fujihaia DH25W\" width=\"1200\" height=\"900\" \/><\/p>\n<p><img loading=\"lazy\" decoding=\"async\" src=\"https:\/\/fujihaia.com.vn\/image\/catalog\/hut-am-dan-dung\/dh25w\/9.jpg\" alt=\"M\u00e1y h\u00fat \u1ea9m d\u00e2n d\u1ee5ng k\u00e8m l\u1ecdc kh\u00f4ng kh\u00ed Fujihaia DH25W\" width=\"1200\" height=\"900\" \/><\/p>\n<p>M\u00e1y n\u00e9n (Compressor ): Pittong<\/p>\n<p>2 t\u1ed1c \u0111\u1ed9 qu\u1ea1t ( High\/Low)<\/p>\n<p><img loading=\"lazy\" decoding=\"async\" src=\"https:\/\/fujihaia.com.vn\/image\/catalog\/hut-am-dan-dung\/dh25w\/a.jpg\" alt=\"M\u00e1y h\u00fat \u1ea9m d\u00e2n d\u1ee5ng k\u00e8m l\u1ecdc kh\u00f4ng kh\u00ed Fujihaia DH25W\" width=\"1200\" height=\"900\" \/><\/p>\n<p><img loading=\"lazy\" decoding=\"async\" src=\"https:\/\/fujihaia.com.vn\/image\/catalog\/hut-am-dan-dung\/dh25w\/b.jpg\" alt=\"M\u00e1y h\u00fat \u1ea9m d\u00e2n d\u1ee5ng k\u00e8m l\u1ecdc kh\u00f4ng kh\u00ed Fujihaia DH25W\" width=\"1200\" height=\"900\" \/><\/p>\n<p><img loading=\"lazy\" decoding=\"async\" src=\"https:\/\/fujihaia.com.vn\/image\/catalog\/hut-am-dan-dung\/dh25w\/c.jpg\" alt=\"M\u00e1y h\u00fat \u1ea9m d\u00e2n d\u1ee5ng k\u00e8m l\u1ecdc kh\u00f4ng kh\u00ed Fujihaia DH25W\" width=\"1200\" height=\"900\" \/><\/p>\n<p><img loading=\"lazy\" decoding=\"async\" src=\"https:\/\/fujihaia.com.vn\/image\/catalog\/hut-am-dan-dung\/dh25w\/d.jpg\" alt=\"M\u00e1y h\u00fat \u1ea9m d\u00e2n d\u1ee5ng k\u00e8m l\u1ecdc kh\u00f4ng kh\u00ed Fujihaia DH25W\" width=\"1200\" height=\"900\" \/><\/p>\n<h3><strong>Th\u00f4ng s\u1ed1 k\u1ef9 thu\u1eadt<\/strong><\/h3>\n<p>C\u00f4ng su\u1ea5t h\u00fat \u1ea9m 25 l\u00edt \/24 gi\u1edd (\u1edf \u0111i\u1ec1u ki\u1ec7n 30oC, 80%)<\/p>\n<p>B\u1ed9 h\u1eb9n gi\u1edd t\u1eeb 1-24 gi\u1edd , C\u00f3 kh\u00f3a tr\u1ebb em<\/p>\n<p>B\u1ea3o v\u1ec7 thi\u1ebft b\u1ecb n\u00e9n kh\u00ed<\/p>\n<p>Power Supply 220V-240V \/ 50Hz<\/p>\n<p>C\u00f4ng su\u1ea5t \u0111\u1ecbnh danh: 315\/395W<\/p>\n<p>Kh\u00f4ng kh\u00ed l\u01b0u h\u00e0nh 180m3\/h.<\/p>\n<p>Ch\u1ee9c n\u0103ng l\u1ecdc kh\u00f4ng kh\u00ed Ionizer<\/p>\n<p>Ch\u1ee9c n\u0103ng Wifi<\/p>\n<p>B\u1ed3n ch\u1ee9a n\u01b0\u1edbc th\u1ea3i : 4 l\u00edt , C\u00f3 l\u1ed7 tho\u00e1t n\u01b0\u1edbc th\u1ea3i li\u00ean t\u1ee5c<\/p>\n<p>\u0110\u1ed9 \u1ed3n : 45dB(A)<\/p>\n<p>\u0110i\u1ec1u ki\u1ec7n ho\u1ea1t \u0111\u1ed9ng : 5\u00b0C &#8211; 35\u00b0C<\/p>\n<p>Ch\u1ea5t l\u00e0m l\u1ea1nh : R290<\/p>\n<p>K\u00edch th\u01b0\u1edbc m\u00e1y &#8211; H: 578mm | W: 350mm | D: 235mm<\/p>\n<p>K\u00edch th\u01b0\u1edbc c\u1ea3 bao b\u00ec &#8211; H: 638mm | W: 411mm | D: 300mm<\/p>\n<p>Tr\u1ecdng l\u01b0\u1ee3ng s\u1ea3n ph\u1ea9m : 14.5 kg<\/p>\n<p>Tr\u1ecdng l\u01b0\u1ee3ng c\u1ea3 bao b\u00ec : 16 kg<\/p>\n<p>S\u1ea3n ph\u1ea9m h\u1ee3p t\u00e1c c\u00f9ng v\u1edbi Newage Technology Japan (Nh\u1eadt B\u1ea3n), s\u1ea3n xu\u1ea5t t\u1ea1i Trung Qu\u1ed1c<\/p>\n<p>B\u1ea3o h\u00e0nh: 24 th\u00e1ng<\/p>\n<p><img loading=\"lazy\" decoding=\"async\" src=\"https:\/\/fujihaia.com.vn\/image\/catalog\/hut-am-dan-dung\/congthuctinhmayhutamdandung.png\" alt=\" M\u00e1y h\u00fat \u1ea9m d\u00e2n d\u1ee5ng Fujihaia\" width=\"1000\" height=\"451\" \/><\/p>\n<h3><strong>VIDEO S\u1ea2N PH\u1ea8M<\/strong><\/h3>\n<p><strong>Tr\u1ea3i nghi\u1ec7m m\u00e1y h\u00fat \u1ea9m k\u00e8m l\u1ecdc kh\u00f4ng kh\u00ed Fujihaia DH25W m\u1edbi nh\u1ea5t 2024<\/strong><\/p>\n<p><iframe loading=\"lazy\" title=\"YouTube video player\" src=\"https:\/\/www.youtube.com\/embed\/o3TvFCSOy9U?si=Go8HHUvgJKzfQqIK\" width=\"100%\" height=\"315\" frameborder=\"0\" allowfullscreen=\"allowfullscreen\" data-mce-fragment=\"1\"><\/iframe><\/p>\n<\/div>\n<\/div>\n<\/div>\n<\/div>\n","protected":false},"excerpt":{"rendered":"<h3><strong>Th\u00f4ng s\u1ed1 k\u1ef9 thu\u1eadt<\/strong><\/h3>\n<p>C\u00f4ng su\u1ea5t h\u00fat \u1ea9m 25 l\u00edt \/24 gi\u1edd (\u1edf \u0111i\u1ec1u ki\u1ec7n 30oC, 80%)<\/p>\n<p>B\u1ed9 h\u1eb9n gi\u1edd t\u1eeb 1-24 gi\u1edd , C\u00f3 kh\u00f3a tr\u1ebb em<\/p>\n<p>B\u1ea3o v\u1ec7 thi\u1ebft b\u1ecb n\u00e9n kh\u00ed<\/p>\n<p>Power Supply 220V-240V \/ 50Hz<\/p>\n<p>C\u00f4ng su\u1ea5t \u0111\u1ecbnh danh: 315\/395W<\/p>\n<p>Kh\u00f4ng kh\u00ed l\u01b0u h\u00e0nh 180m3\/h.<\/p>\n<p>Ch\u1ee9c n\u0103ng l\u1ecdc kh\u00f4ng kh\u00ed Ionizer<\/p>\n<p>Ch\u1ee9c n\u0103ng Wifi<\/p>\n<p>B\u1ed3n ch\u1ee9a n\u01b0\u1edbc th\u1ea3i : 4 l\u00edt , C\u00f3 l\u1ed7 tho\u00e1t n\u01b0\u1edbc th\u1ea3i li\u00ean t\u1ee5c<\/p>\n<p>\u0110\u1ed9 \u1ed3n : 45dB(A)<\/p>\n","protected":false},"featured_media":3201,"comment_status":"open","ping_status":"closed","template":"","meta":[],"product_brand":[],"product_cat":[81,96],"product_tag":[],"class_list":{"0":"post-3200","1":"product","2":"type-product","3":"status-publish","4":"has-post-thumbnail","6":"product_cat-may-hut-am-may-loc-khong-khi","7":"product_cat-fujihaia","9":"first","10":"instock","11":"shipping-taxable","12":"product-type-simple"},"_links":{"self":[{"href":"https:\/\/nhadepbepxinh.com.vn\/index.php?rest_route=\/wp\/v2\/product\/3200","targetHints":{"allow":["GET"]}}],"collection":[{"href":"https:\/\/nhadepbepxinh.com.vn\/index.php?rest_route=\/wp\/v2\/product"}],"about":[{"href":"https:\/\/nhadepbepxinh.com.vn\/index.php?rest_route=\/wp\/v2\/types\/product"}],"replies":[{"embeddable":true,"href":"https:\/\/nhadepbepxinh.com.vn\/index.php?rest_route=%2Fwp%2Fv2%2Fcomments&post=3200"}],"wp:featuredmedia":[{"embeddable":true,"href":"https:\/\/nhadepbepxinh.com.vn\/index.php?rest_route=\/wp\/v2\/media\/3201"}],"wp:attachment":[{"href":"https:\/\/nhadepbepxinh.com.vn\/index.php?rest_route=%2Fwp%2Fv2%2Fmedia&parent=3200"}],"wp:term":[{"taxonomy":"product_brand","embeddable":true,"href":"https:\/\/nhadepbepxinh.com.vn\/index.php?rest_route=%2Fwp%2Fv2%2Fproduct_brand&post=3200"},{"taxonomy":"product_cat","embeddable":true,"href":"https:\/\/nhadepbepxinh.com.vn\/index.php?rest_route=%2Fwp%2Fv2%2Fproduct_cat&post=3200"},{"taxonomy":"product_tag","embeddable":true,"href":"https:\/\/nhadepbepxinh.com.vn\/index.php?rest_route=%2Fwp%2Fv2%2Fproduct_tag&post=3200"}],"curies":[{"name":"wp","href":"https:\/\/api.w.org\/{rel}","templated":true}]}}