{"id":3192,"date":"2025-04-01T10:06:11","date_gmt":"2025-04-01T03:06:11","guid":{"rendered":"https:\/\/nhadepbepxinh.com.vn\/?post_type=product&#038;p=3192"},"modified":"2025-04-01T14:49:58","modified_gmt":"2025-04-01T07:49:58","slug":"may-hut-am-fujihaia-dh12w","status":"publish","type":"product","link":"https:\/\/nhadepbepxinh.com.vn\/?product=may-hut-am-fujihaia-dh12w","title":{"rendered":"MA\u0301Y HU\u0301T \u00c2\u0309M FUJIHAIA DH12W"},"content":{"rendered":"<h2>M\u00e1y h\u00fat \u1ea9m d\u00e2n d\u1ee5ng Fujihaia DH12W S\u1ea3n ph\u1ea9m m\u1edbi c\u1ee7a h\u00e3ng Fujihaia, Model DH12W v\u1edbi thi\u1ebft k\u1ebf nh\u1ecf g\u1ecdn , hi\u1ec7n \u0111\u1ea1i , nhi\u1ec1u t\u00ednh n\u0103ng \u01b0u vi\u1ec7t .<\/h2>\n<p>\u0110i\u1ec1u khi\u1ec3n \u0111i\u1ec7n t\u1eed v\u1edbi m\u00e0n h\u00ecnh LED . C\u00f3 \u0111\u00e8n b\u00e1o \u0111\u1ed9 \u1ea9m qua m\u00e0u s\u1eafc ph\u00eda tr\u01b0\u1edbc m\u00e1y . Di\u1ec7n t\u00edch s\u1eed d\u1ee5ng th\u00edch h\u1ee3p : 15m-25m2**<\/p>\n<p><img loading=\"lazy\" decoding=\"async\" src=\"https:\/\/fujihaia.com.vn\/image\/catalog\/hut-am-dan-dung\/dh12w\/12.jpg\" alt=\"M\u00e1y h\u00fat \u1ea9m d\u00e2n d\u1ee5ng Fujihai DH12W\" width=\"1200\" height=\"800\" \/><\/p>\n<p><em>** Th\u00f4ng tin do nh\u00e0 m\u00e1y cung c\u1ea5p, th\u1ef1c hi\u1ec7n trong ph\u00f2ng th\u00ed nghi\u1ec7m v\u00e0 ch\u1ec9 mang t\u00ednh ch\u1ea5t tham kh\u1ea3o, n\u00ean c\u00f3 th\u1ec3 thay \u0111\u1ed5i ph\u1ee5 thu\u1ed9c v\u00e0o \u0111i\u1ec1u ki\u1ec7n th\u1ef1c t\u1ebf s\u1eed d\u1ee5ng c\u1ee7a s\u1ea3n ph\u1ea9m<\/em><\/p>\n<p><img loading=\"lazy\" decoding=\"async\" src=\"https:\/\/fujihaia.com.vn\/image\/catalog\/hut-am-dan-dung\/dh12w\/fujihaia-dh12w-04.png\" alt=\"M\u00e1y h\u00fat \u1ea9m d\u00e2n d\u1ee5ng Fujihaia DH12W\" width=\"1200\" height=\"800\" \/><\/p>\n<p><img loading=\"lazy\" decoding=\"async\" src=\"https:\/\/fujihaia.com.vn\/image\/catalog\/hut-am-dan-dung\/dh12w\/fujihaia-dh12w-05.png\" alt=\"M\u00e1y h\u00fat \u1ea9m d\u00e2n d\u1ee5ng Fujihaia DH12W\" width=\"1200\" height=\"800\" \/><\/p>\n<p><img loading=\"lazy\" decoding=\"async\" src=\"https:\/\/fujihaia.com.vn\/image\/catalog\/hut-am-dan-dung\/dh12w\/fujihaia-dh12w-06.png\" alt=\"M\u00e1y h\u00fat \u1ea9m d\u00e2n d\u1ee5ng Fujihaia DH12W\" width=\"1200\" height=\"800\" \/><\/p>\n<p><img loading=\"lazy\" decoding=\"async\" src=\"https:\/\/fujihaia.com.vn\/image\/catalog\/hut-am-dan-dung\/dh12w\/fujihaia-dh12w-08.png\" alt=\"M\u00e1y h\u00fat \u1ea9m d\u00e2n d\u1ee5ng Fujihaia DH12W\" width=\"1200\" height=\"800\" \/><\/p>\n<p><img loading=\"lazy\" decoding=\"async\" src=\"https:\/\/fujihaia.com.vn\/image\/catalog\/hut-am-dan-dung\/dh12w\/fujihaia-dh12w-09.png\" alt=\"M\u00e1y h\u00fat \u1ea9m d\u00e2n d\u1ee5ng Fujihaia DH12W\" width=\"1200\" height=\"800\" \/><\/p>\n<p><img loading=\"lazy\" decoding=\"async\" src=\"https:\/\/fujihaia.com.vn\/image\/catalog\/hut-am-dan-dung\/dh12w\/dh12.jpg\" alt=\"M\u00e1y h\u00fat \u1ea9m d\u00e2n d\u1ee5ng Fujihaia DH12W\" width=\"1200\" height=\"800\" \/><\/p>\n<p><img loading=\"lazy\" decoding=\"async\" src=\"https:\/\/fujihaia.com.vn\/image\/catalog\/hut-am-dan-dung\/dh12w\/fujihaia-dh12w-10.png\" alt=\"M\u00e1y h\u00fat \u1ea9m d\u00e2n d\u1ee5ng Fujihaia DH12W\" width=\"1200\" height=\"800\" \/><\/p>\n<p>M\u00e1y n\u00e9n (Compressor ): Pittong ( h\u00e3ng GMCC li\u00ean doanh TOSHIBA)<\/p>\n<p>2 t\u1ed1c \u0111\u1ed9 qu\u1ea1t ( High\/Low)<\/p>\n<h3><strong>Th\u00f4ng s\u1ed1 k\u1ef9 thu\u1eadt<\/strong><\/h3>\n<p>C\u00f4ng su\u1ea5t h\u00fat \u1ea9m 12 l\u00edt \/24 gi\u1edd (\u1edf \u0111i\u1ec1u ki\u1ec7n 30oC, 80%)<\/p>\n<p>B\u1ed9 h\u1eb9n gi\u1edd t\u1eeb 1-24 gi\u1edd , C\u00f3 kh\u00f3a tr\u1ebb em<\/p>\n<p>B\u1ea3o v\u1ec7 thi\u1ebft b\u1ecb n\u00e9n kh\u00ed<\/p>\n<p>Power Supply 220V-240V \/ 50Hz<\/p>\n<p>C\u00f4ng su\u1ea5t \u0111\u1ecbnh danh: 172\/200W<\/p>\n<p>Kh\u00f4ng kh\u00ed l\u01b0u h\u00e0nh 120m3\/h.<\/p>\n<p>Ch\u1ee9c n\u0103ng Wifi &#8211; m\u00e1y c\u00f3 th\u1ec3 gi\u00e1m s\u00e1t v\u00e0 \u0111i\u1ec1u khi\u1ec3n th\u00f4ng qua ph\u1ea7n m\u1ec1m k\u1ebft n\u1ed1i Wifi\/Internet.<\/p>\n<p>B\u1ed3n ch\u1ee9a n\u01b0\u1edbc th\u1ea3i :\u00a02 l\u00edt , C\u00f3 l\u1ed7 tho\u00e1t n\u01b0\u1edbc th\u1ea3i li\u00ean t\u1ee5c<\/p>\n<p>\u0110\u1ed9 \u1ed3n : 38dB(A)<\/p>\n<p>\u0110i\u1ec1u ki\u1ec7n ho\u1ea1t \u0111\u1ed9ng : 5\u00b0C &#8211; 35\u00b0C<\/p>\n<p>Ch\u1ea5t l\u00e0m l\u1ea1nh : R134a ( EF = 1.76)<\/p>\n<p>K\u00edch th\u01b0\u1edbc m\u00e1y &#8211; H: 445mm | W: 250mm | D: 220mm<\/p>\n<p>K\u00edch th\u01b0\u1edbc c\u1ea3 bao b\u00ec &#8211; H: 500mm | W: 305mm | D: 265mm<\/p>\n<p>Tr\u1ecdng l\u01b0\u1ee3ng s\u1ea3n ph\u1ea9m : 10 kg<\/p>\n<p>Tr\u1ecdng l\u01b0\u1ee3ng c\u1ea3 bao b\u00ec : 11 kg<\/p>\n<p>S\u1ea3n ph\u1ea9m h\u1ee3p t\u00e1c c\u00f9ng v\u1edbi Newage Technology Japan (Nh\u1eadt B\u1ea3n), s\u1ea3n xu\u1ea5t t\u1ea1i Trung Qu\u1ed1c<\/p>\n<p><img loading=\"lazy\" decoding=\"async\" src=\"https:\/\/fujihaia.com.vn\/image\/catalog\/hut-am-dan-dung\/congthuctinhmayhutamdandung.png\" alt=\" M\u00e1y h\u00fat \u1ea9m d\u00e2n d\u1ee5ng Fujihaia\" width=\"1000\" height=\"451\" \/><\/p>\n<p>VIDEO S\u1ea2N PH\u1ea8M<\/p>\n<p><strong>M\u00e1y h\u00fat \u1ea9m d\u00e2n d\u1ee5ng Fujihaia DH12W m\u1edbi nh\u1ea5t 2024<\/strong><\/p>\n<p><iframe loading=\"lazy\" title=\"YouTube video player\" src=\"https:\/\/www.youtube.com\/embed\/dmQtksWbgW0?si=JjsuMcIp_v9U_VzY\" width=\"100%\" height=\"315\" frameborder=\"0\" allowfullscreen=\"allowfullscreen\" data-mce-fragment=\"1\"><\/iframe><\/p>\n<p><strong>H\u01b0\u1edbng d\u1eabn s\u1eed d\u1ee5ng M\u00e1y h\u00fat \u1ea9m d\u00e2n d\u1ee5ng Fujihaia DH12W<\/strong><\/p>\n<p><iframe loading=\"lazy\" title=\"YouTube video player\" src=\"https:\/\/www.youtube.com\/embed\/yapSZ3EvpKU?si=ys8bXKjYahsg_yHu\" width=\"100%\" height=\"315\" frameborder=\"0\" allowfullscreen=\"allowfullscreen\" data-mce-fragment=\"1\"><\/iframe><\/p>\n","protected":false},"excerpt":{"rendered":"<h3><strong>Th\u00f4ng s\u1ed1 k\u1ef9 thu\u1eadt<\/strong><\/h3>\n<p>C\u00f4ng su\u1ea5t h\u00fat \u1ea9m 12 l\u00edt \/24 gi\u1edd (\u1edf \u0111i\u1ec1u ki\u1ec7n 30oC, 80%)<\/p>\n<p>B\u1ed9 h\u1eb9n gi\u1edd t\u1eeb 1-24 gi\u1edd , C\u00f3 kh\u00f3a tr\u1ebb em<\/p>\n<p>B\u1ea3o v\u1ec7 thi\u1ebft b\u1ecb n\u00e9n kh\u00ed<\/p>\n<p>Power Supply 220V-240V \/ 50Hz<\/p>\n<p>C\u00f4ng su\u1ea5t \u0111\u1ecbnh danh: 172\/200W<\/p>\n<p>Kh\u00f4ng kh\u00ed l\u01b0u h\u00e0nh 120m3\/h.<\/p>\n<p>Ch\u1ee9c n\u0103ng Wifi &#8211; m\u00e1y c\u00f3 th\u1ec3 gi\u00e1m s\u00e1t v\u00e0 \u0111i\u1ec1u khi\u1ec3n th\u00f4ng qua ph\u1ea7n m\u1ec1m k\u1ebft n\u1ed1i Wifi\/Internet.<\/p>\n<p>B\u1ed3n ch\u1ee9a n\u01b0\u1edbc th\u1ea3i :\u00a02 l\u00edt , C\u00f3 l\u1ed7 tho\u00e1t n\u01b0\u1edbc th\u1ea3i li\u00ean t\u1ee5c<\/p>\n<p>\u0110\u1ed9 \u1ed3n : 38dB(A)<\/p>\n","protected":false},"featured_media":3193,"comment_status":"open","ping_status":"closed","template":"","meta":[],"product_brand":[],"product_cat":[81,96],"product_tag":[],"class_list":{"0":"post-3192","1":"product","2":"type-product","3":"status-publish","4":"has-post-thumbnail","6":"product_cat-may-hut-am-may-loc-khong-khi","7":"product_cat-fujihaia","9":"first","10":"instock","11":"shipping-taxable","12":"product-type-simple"},"_links":{"self":[{"href":"https:\/\/nhadepbepxinh.com.vn\/index.php?rest_route=\/wp\/v2\/product\/3192","targetHints":{"allow":["GET"]}}],"collection":[{"href":"https:\/\/nhadepbepxinh.com.vn\/index.php?rest_route=\/wp\/v2\/product"}],"about":[{"href":"https:\/\/nhadepbepxinh.com.vn\/index.php?rest_route=\/wp\/v2\/types\/product"}],"replies":[{"embeddable":true,"href":"https:\/\/nhadepbepxinh.com.vn\/index.php?rest_route=%2Fwp%2Fv2%2Fcomments&post=3192"}],"wp:featuredmedia":[{"embeddable":true,"href":"https:\/\/nhadepbepxinh.com.vn\/index.php?rest_route=\/wp\/v2\/media\/3193"}],"wp:attachment":[{"href":"https:\/\/nhadepbepxinh.com.vn\/index.php?rest_route=%2Fwp%2Fv2%2Fmedia&parent=3192"}],"wp:term":[{"taxonomy":"product_brand","embeddable":true,"href":"https:\/\/nhadepbepxinh.com.vn\/index.php?rest_route=%2Fwp%2Fv2%2Fproduct_brand&post=3192"},{"taxonomy":"product_cat","embeddable":true,"href":"https:\/\/nhadepbepxinh.com.vn\/index.php?rest_route=%2Fwp%2Fv2%2Fproduct_cat&post=3192"},{"taxonomy":"product_tag","embeddable":true,"href":"https:\/\/nhadepbepxinh.com.vn\/index.php?rest_route=%2Fwp%2Fv2%2Fproduct_tag&post=3192"}],"curies":[{"name":"wp","href":"https:\/\/api.w.org\/{rel}","templated":true}]}}