{"id":3183,"date":"2025-04-01T09:58:46","date_gmt":"2025-04-01T02:58:46","guid":{"rendered":"https:\/\/nhadepbepxinh.com.vn\/?post_type=product&#038;p=3183"},"modified":"2025-04-01T14:50:31","modified_gmt":"2025-04-01T07:50:31","slug":"may-hut-am-fujie-hm-920ec","status":"publish","type":"product","link":"https:\/\/nhadepbepxinh.com.vn\/?product=may-hut-am-fujie-hm-920ec","title":{"rendered":"MA\u0301Y HU\u0301T \u00c2\u0309M FUJIE HM-920EC"},"content":{"rendered":"<h2><img loading=\"lazy\" decoding=\"async\" src=\"https:\/\/fujie.com.vn\/image\/catalog\/may-hut-am-dan-dung\/congthuctinhmayhutamdandung.png\" alt=\"\" width=\"1000\" height=\"451\" \/><\/h2>\n<h2>M\u00e1y h\u00fat \u1ea9m d\u00e2n d\u1ee5ng FujiE HM-920EC<\/h2>\n<p>\u0110\u1ed9 \u1ea9m t\u1eeb 40 \u0111\u1ebfn 60% l\u00e0 gi\u1edbi h\u1ea1n an to\u00e0n cho s\u1ee9c kh\u1ecfe c\u1ee7a con ng\u01b0\u1eddi. N\u1ebfu \u0111\u1ed9 \u1ea9m trong kh\u00f4ng kh\u00ed qu\u00e1 cao v\u01b0\u1ee3t ng\u01b0\u1ee1ng an to\u00e0n s\u1ebd d\u1eabn \u0111\u1ebfn t\u00ecnh tr\u1ea1ng \u1ea9m m\u1ed1c \u0111\u1ed3 d\u00f9ng, kh\u00f4ng kh\u00ed kh\u00f3 ch\u1ecbu. B\u00ean c\u1ea1nh \u0111\u00f3, \u0111\u1ed9 \u1ea9m cao s\u1ebd t\u1ea1o \u0111i\u1ec1u ki\u1ec7n t\u1ed1t cho vi khu\u1ea9n, n\u1ea5m m\u1ed1c, virus\u2026 ph\u00e1t tri\u1ec3n t\u0103ng nguy c\u01a1 b\u00f9ng ph\u00e1t c\u00e1c lo\u1ea1i b\u1ec7nh li\u00ean quan t\u1edbi \u0111\u01b0\u1eddng h\u00f4 h\u1ea5p, b\u1ec7nh v\u1ec1 da v\u00e0 d\u1ecb \u1ee9ng\u2026<\/p>\n<p><img loading=\"lazy\" decoding=\"async\" src=\"https:\/\/fujie.com.vn\/image\/catalog\/may-hut-am-dan-dung\/hm-920ec-new\/may-hut-am-fujie-hm-920ec-12.jpg\" alt=\"\" width=\"600\" height=\"400\" \/><\/p>\n<p><em>S\u1eed d\u1ee5ng M\u00e1y h\u00fat \u1ea9m d\u00e2n d\u1ee5ng FujiE HM-920EC \u0111\u1ec3 l\u00e0m gi\u1ea3m nguy c\u01a1 t\u0103ng vi khu\u1ea9n g\u00e2y h\u1ea1i<br \/>\n<\/em><\/p>\n<p>V\u1edbi m\u1ed9t qu\u1ed1c gia c\u00f3 kh\u00ed h\u1eadu nhi\u1ec7t \u0111\u1edbi \u1ea9m gi\u00f3 m\u00f9a nh\u01b0 Vi\u1ec7t Nam vi\u1ec7c s\u1edf h\u1eefu m\u1ed9t chi\u1ebfc m\u00e1y h\u00fat \u1ea9m d\u00e2n d\u1ee5ng l\u00e0 \u0111i\u1ec1u c\u1ea7n thi\u1ebft \u0111\u1ed1i v\u1edbi m\u1ed7i gia \u0111\u00ecnh. V\u00ec v\u1eady, \u0111\u1ec3 \u0111\u00e1p \u1ee9ng nhu c\u1ea7u s\u1eed d\u1ee5ng ng\u00e0y c\u00e0ng l\u1edbn c\u1ee7a ng\u01b0\u1eddi ti\u00eau d\u00f9ng, h\u00e3ng \u0111i\u1ec7n t\u1eed gia d\u1ee5ng FujiE li\u00ean t\u1ee5c cho ra m\u1eaft nh\u1eefng s\u1ea3n ph\u1ea9m m\u1edbi. M\u00e1y h\u00fat \u1ea9m d\u00e2n d\u1ee5ng FujiE HM-920EC c\u0169ng l\u00e0 m\u1ed9t trong nh\u1eefng d\u00f2ng s\u1ea3n ph\u1ea9m v\u1edbi v\u1eeba ra m\u1eaft.<\/p>\n<p><img loading=\"lazy\" decoding=\"async\" src=\"https:\/\/fujie.com.vn\/image\/catalog\/may-hut-am-dan-dung\/hm-920ec-new\/may-hut-am-fujie-hm-920ec-13.jpg\" alt=\"\" width=\"600\" height=\"400\" \/><\/p>\n<p><em>S\u1ea3n ph\u1ea9m c\u00f3 c\u00f4ng su\u1ea5t h\u00fat \u1ea9m 20 l\u00edt\/ng\u00e0y (trong \u0111i\u1ec1u ki\u1ec7n nhi\u1ec7t \u0111\u1ed9 30 \u0111\u1ed9 C v\u00e0 \u0111\u1ed9 \u1ea9m 80%)<br \/>\n<\/em><\/p>\n<h2>\u01afu \u0111i\u1ec3m c\u1ee7a m\u00e1y h\u00fat \u1ea9m d\u00e2n d\u1ee5ng FujiE HM-920EC<\/h2>\n<p>\u2013\u00a0 M\u00e1y h\u00fat \u1ea9m d\u00e2n d\u1ee5ng FujiE HM-920EC l\u00e0 s\u1ea3n ph\u1ea9m \u0111\u01b0\u1ee3c nh\u00e0 s\u1ea3n xu\u1ea5t ch\u00fa tr\u1ecdng \u0111\u1ea7u t\u01b0 nh\u1eb1m c\u1ea3i ti\u1ebfn t\u1ed1i \u0111a v\u1ec1 ch\u1ea5t l\u01b0\u1ee3ng v\u00e0 h\u00ecnh th\u1ee9c.<\/p>\n<p><img loading=\"lazy\" decoding=\"async\" src=\"https:\/\/fujie.com.vn\/image\/catalog\/may-hut-am-dan-dung\/hm-920ec-new\/may-hut-am-fujie-hm-920ec-4.jpg\" alt=\"\" width=\"600\" height=\"400\" \/><\/p>\n<p><em>S\u1ea3n ph\u1ea9m \u0111\u01b0\u1ee3c thi\u1ebft k\u1ebf r\u1ea5t sang tr\u1ecdng v\u00e0 tinh t\u1ebf, r\u1ea5t g\u1ecdn<\/em><\/p>\n<p>\u2013 \u01afu \u0111i\u1ec3m n\u1ed5i b\u1eadt c\u0169ng model m\u00e1y h\u00fat \u1ea9m d\u00e2n d\u1ee5ng FujiE HM-920EC m\u00e0 c\u00e1c d\u00f2ng s\u1ea3n ph\u1ea9m tr\u01b0\u1edbc kh\u00f4ng c\u00f3 \u0111\u00f3 l\u00e0 n\u00f3 \u0111\u01b0\u1ee3c trang b\u1ecb m\u00e0ng l\u1ecdc HEPA c\u1ee7a M\u1ef9. \u0110\u00e2y l\u00e0 m\u00e0ng l\u1ecdc kh\u00f4ng kh\u00ed hi\u1ec7n \u0111\u1ea1i nh\u1ea5t hi\u1ec7n nay, n\u00f3 ho\u1ea1t \u0111\u1ed9ng nh\u01b0 m\u1ed9t chi\u1ebfc m\u00e1y l\u1ecdc kh\u00f4ng kh\u00ed th\u1ef1c th\u1ee5, v\u00ec v\u1eady n\u00f3 gi\u00fap lo\u1ea1i b\u1ecf c\u00e1c ch\u1ea5t d\u1ecb \u1ee9ng c\u0169ng nh\u01b0 vi khu\u1ea9n, b\u1ee5i c\u00f3 trong kh\u00f4ng kh\u00ed \u0111\u1ec3 mang l\u1ea1i m\u1ed9t kh\u00f4ng gian s\u1ed1ng trong l\u00e0nh.<\/p>\n<p><img loading=\"lazy\" decoding=\"async\" src=\"https:\/\/fujie.com.vn\/image\/catalog\/may-hut-am-dan-dung\/hm-920ec-new\/may-hut-am-fujie-hm-920ec-2.jpg\" alt=\"\" width=\"600\" height=\"400\" \/><\/p>\n<h3><em>M\u00e0ng l\u1ecdc HEPA M\u1ef9 l\u00e0 g\u00ec?<br \/>\n<\/em><\/h3>\n<p><em>M\u00e0ng L\u1ecdc HEPA hay c\u00f2n g\u1ecdi l\u00e0 HEPA Filter l\u00e0 m\u1ed9t trong nh\u1eefng m\u00e0ng l\u1ecdc chuy\u00ean d\u00f9ng trong l\u1ecdc kh\u00ed ph\u00f2ng s\u1ea1ch. B\u1ed9 l\u1ecdc \u0111\u1ea1t ti\u00eau chu\u1ea9n HEPA c\u00f3 nhi\u1ec1u \u1ee9ng d\u1ee5ng, n\u00f3 \u0111\u01b0\u1ee3c s\u1eed d\u1ee5ng t\u1ea1i c\u00e1c c\u01a1 s\u1edf y t\u1ebf, \u00f4 t\u00f4, m\u00e1y bay v\u00e0 nh\u00e0 c\u1eeda. M\u00e1y h\u00fat \u1ea9m FujiE HM-920EC tr\u00ean s\u1eed d\u1ee5ng m\u00e0ng l\u1ecdc Hepa \u0111\u00e1p \u1ee9ng \u0111\u1ea9y \u0111\u1ee7 ti\u00eau chu\u1ea9n theo nh\u1eefng thi\u1ebft l\u1eadp c\u1ee7a B\u1ed9 N\u0103ng l\u01b0\u1ee3ng (DOE) Hoa K\u1ef3 gi\u00fap lo\u1ea1i b\u1ecf 99,97% c\u00e1c h\u1ea1t c\u00f3 k\u00edch th\u01b0\u1edbc 0,3 micron.<br \/>\nL\u1ecdc HEPA \u0111\u01b0\u1ee3c c\u1ea5u t\u1ea1o t\u1eeb c\u00e1c s\u1ee3i th\u1ee7y tinh \u0111\u01b0\u1ee3c s\u1eafp x\u1ebfp m\u1ed9t c\u00e1ch ng\u1eabu nhi\u00ean th\u00e0nh m\u1ed9t l\u1edbp nh\u01b0 th\u1ea3m. C\u00e1c s\u1ee3i n\u00e0y th\u01b0\u1eddng \u0111\u01b0\u1ee3c l\u00e0m b\u1eb1ng s\u1ee3i th\u1ee7y tinh t\u1ed5ng h\u1ee3p v\u00e0 c\u00f3 \u0111\u01b0\u1eddng k\u00ednh t\u1eeb 0,5 \u0111\u1ebfn 2,0 micromet.<br \/>\nM\u00e1y h\u00fat \u1ea9m FujiE t\u00edch h\u1ee3p m\u00e0ng l\u1ecdc HEPA M\u1ef9<\/em><\/p>\n<p><em><img loading=\"lazy\" decoding=\"async\" src=\"https:\/\/fujie.com.vn\/image\/catalog\/may-hut-am-dan-dung\/hm-920ec-new\/may-hut-am-fujie-hm-920ec-9.jpg\" alt=\"\" width=\"600\" height=\"400\" \/><\/em><\/p>\n<p><em>M\u00e0ng l\u1ecdc HEPA gi\u00fap l\u1ecdc s\u1ea1ch 99,97% vi khu\u1ea9n, b\u1ee5i, n\u1ea5m m\u1ed1c\u00a0 trong kh\u00f4ng kh\u00ed.<\/em><\/p>\n<p>\u2013\u00a0 Ngo\u00e0i ra m\u00e1y c\u00f3 thi\u1ebft k\u1ebf ki\u1ec3u d\u00e1ng th\u1eddi trang hi\u1ec7n \u0111\u1ea1i, mang t\u00ednh th\u1ea9m m\u1ef9 cao<\/p>\n<p><img loading=\"lazy\" decoding=\"async\" src=\"https:\/\/fujie.com.vn\/image\/catalog\/may-hut-am-dan-dung\/hm-920ec-new\/may-hut-am-fujie-hm-920ec-1.jpg\" alt=\"\" width=\"600\" height=\"400\" \/><br \/>\n<em>\u00a0<\/em><br \/>\n<em>M\u00e1y h\u00fat \u1ea9m d\u00e2n d\u1ee5ng FujiE HM-920EC sang tr\u1ecdng, \u0111\u1eb9p m\u1eaft<\/em><\/p>\n<p>\u2013 M\u00e1y h\u00fat \u1ea9m d\u00e2n d\u1ee5ng FujiE HM-920EC \u0111\u01b0\u1ee3c ch\u1ebf t\u1ea1o v\u1edbi \u0111\u1ed9 \u1ed3n c\u1ef1c th\u1ea5p n\u00ean r\u1ea5t th\u00edch h\u1ee3p s\u1eed d\u1ee5ng trong nh\u1eefng m\u00f4i tr\u01b0\u1eddng c\u1ea7n s\u1ef1 y\u00ean t\u0129nh nh\u01b0: V\u0103n ph\u00f2ng l\u00e0m vi\u1ec7c, b\u1ec7nh vi\u1ec7n, ph\u00f2ng kh\u00e1m, ph\u00f2ng ng\u1ee7\u2026<\/p>\n<p>\u2013 S\u1ea3n ph\u1ea9m \u0111\u01b0\u1ee3c thi\u1ebft k\u1ebf v\u1edbi b\u00ecnh ch\u1ee9a n\u01b0\u1edbc th\u1ea3i dung t\u00edch l\u1edbn l\u00ean t\u1edbi 5.5 l\u00edt gi\u00fap m\u00e1y ho\u1ea1t \u0111\u1ed9ng li\u00ean t\u1ee5c trong th\u1eddi gian d\u00e0i m\u00e0 kh\u00f4ng ph\u1ea3i \u0111i \u0111\u1ed5 n\u01b0\u1edbc nhi\u1ec1u l\u1ea7n.<\/p>\n<p><img loading=\"lazy\" decoding=\"async\" src=\"https:\/\/fujie.com.vn\/image\/catalog\/may-hut-am-dan-dung\/hm-920ec-new\/may-hut-am-fujie-hm-920ec-8.jpg\" alt=\"\" width=\"600\" height=\"400\" \/><\/p>\n<p><em>R\u1ea5t d\u1ec5 d\u00e0ng th\u00e1o l\u1eafp b\u00ecnh \u0111\u1ef1ng n\u01b0\u1edbc th\u1ea3i ra kh\u1ecfi m\u00e1y<\/em><\/p>\n<p>&#8211; M\u1ed9t \u0111\u1eb7c \u0111i\u1ec3m n\u1ed5i ti\u1ebfp theo m\u00e0 c\u00e1c d\u00f2ng m\u00e1y h\u00fat \u1ea9m c\u00f9ng lo\u1ea1i tr\u00ean th\u1ecb tr\u01b0\u1eddng hi\u1ec7n nay ch\u01b0a c\u00f3,\u00a0FujiE HM-920EC c\u00f3 quai x\u00e1ch ti\u1ec7n l\u1ee3i v\u00e0 b\u00e1nh xe di chuy\u1ec3n m\u1ed9t c\u00e1ch d\u1ec5 h\u00e0ng.<\/p>\n<p><em><img loading=\"lazy\" decoding=\"async\" src=\"https:\/\/fujie.com.vn\/image\/catalog\/may-hut-am-dan-dung\/hm-920ec-new\/may-hut-am-fujie-hm-920ec-7.jpg\" alt=\"\" width=\"600\" height=\"400\" \/><br \/>\n<\/em><\/p>\n<p><em>Quai x\u00e1ch \u0111\u01b0\u1ee3c thi\u1ebft k\u1ebf ph\u00eda tr\u00ean \u0111\u1ea7u c\u1ee7a m\u00e1y h\u00fat \u1ea9m<\/em><\/p>\n<h2>Th\u00f4ng s\u1ed1 k\u1ef9 thu\u1eadt :<\/h2>\n<p>D\u00f2ng m\u00e1y c\u01a1\u00a0<strong>: Compressor ( piston)<\/strong><\/p>\n<p>C\u00f4ng su\u1ea5t h\u00fat \u1ea9m<strong>\u00a020 l\u00edt\/ng\u00e0y<\/strong>, d\u1ec5 di \u0111\u1ed9ng, t\u00ednh th\u1ea9m m\u1ef9 cao, \u0111\u1eb7t trong ph\u00f2ng<\/p>\n<p>C\u00f4ng su\u1ea5t h\u00fat \u1ea9m 20 l\u00edt \/24 gi\u1edd (\u1edf \u0111i\u1ec1u ki\u1ec7n 30oC, 80%)<\/p>\n<p>B\u1ea3o v\u1ec7 thi\u1ebft b\u1ecb n\u00e9n kh\u00ed<\/p>\n<p>\u00c1p su\u1ea5t h\u00fat t\u1ed1i \u0111a: 1.0MPa<\/p>\n<p>\u00c1p su\u1ea5t x\u1ea3 t\u1ed1i \u0111a: 2.5MPa<\/p>\n<p>Power Supply 220-240V \/ 50Hz<\/p>\n<p>C\u00f4ng su\u1ea5t \u0111\u1ecbnh m\u1ee9c\/ C\u00f4ng su\u1ea5t t\u1ed1i \u0111a: 320W\/380W<\/p>\n<p>Tho\u00e1t n\u01b0\u1edbc li\u00ean t\u1ee5c<\/p>\n<p>Kh\u00f4ng kh\u00ed l\u01b0u h\u00e0nh 160 m3 \/ h.<\/p>\n<p>B\u1ed3n ch\u1ee9a n\u01b0\u1edbc th\u1ea3i c\u00f4ng su\u1ea5t : 5.5 l\u00edt<\/p>\n<p>\u0110\u1ed9 \u1ed3n : 46dB ( A )<\/p>\n<p>\u0110i\u1ec1u ki\u1ec7n ho\u1ea1t \u0111\u1ed9ng : 5\u00b0C &#8211; 35\u00b0C<\/p>\n<p>Ch\u1ea5t l\u00e0m l\u1ea1nh : R134a<\/p>\n<p>K\u00edch th\u01b0\u1edbc s\u1ea3n ph\u1ea9m: r\u1ed9ng x s\u00e2u x cao (385mm x 290mm x 595mm)<\/p>\n<p>K\u00edch th\u01b0\u1edbc c\u1ea3 bao b\u00ec : r\u1ed9ng x s\u00e2u x cao (415mm x 325mm x 660mm)<\/p>\n<p>Tr\u1ecdng l\u01b0\u1ee3ng s\u1ea3n ph\u1ea9m : 13.2 kg<\/p>\n<p>Tr\u1ecdng l\u01b0\u1ee3ng c\u1ea3 bao b\u00ec : 14.5 kg<\/p>\n<p>S\u1ea3n ph\u1ea9m h\u1ee3p t\u00e1c c\u00f9ng v\u1edbi Newage Technology Japan (Nh\u1eadt B\u1ea3n), s\u1ea3n xu\u1ea5t t\u1ea1i Trung Qu\u1ed1c<\/p>\n<p><img loading=\"lazy\" decoding=\"async\" src=\"https:\/\/fujie.com.vn\/image\/catalog\/may-hut-am-dan-dung\/hm-920ec-new\/may-hut-am-fujie-hm-920ec-10.jpg\" alt=\"\" width=\"600\" height=\"400\" \/><\/p>\n<h2>L\u01b0u \u00fd khi s\u1eed d\u1ee5ng m\u00e1y h\u00fat \u1ea9m<\/h2>\n<p>\u0110\u1ec3 m\u00e1y h\u00fat \u1ea9m d\u00e2n d\u1ee5ng FujiE HM-920EC ho\u1ea1t \u0111\u1ed9ng hi\u1ec7u qu\u1ea3 qu\u00fd v\u1ecb c\u1ea7n ph\u1ea3i l\u01b0u \u00fd m\u1ed9t s\u1ed1 \u0111i\u1ec3m sau:<\/p>\n<p>&#8211; V\u1ecb tr\u00ed \u0111\u1eb7t m\u00e1y: N\u00ean \u0111\u1eb7t m\u00e1y h\u00fat \u1ea9m c\u00e1ch t\u01b0\u1eddng kho\u1ea3ng 30cm.<\/p>\n<p>&#8211; Trong qu\u00e1 tr\u00ecnh s\u1eed d\u1ee5ng m\u00e1y h\u00fat \u1ea9m tuy\u1ec7t \u0111\u1ed1i kh\u00f4ng \u0111\u01b0\u1ee3c m\u1edf c\u1eeda, c\u0169ng nh\u01b0 b\u1eadt qu\u1ea1t b\u1edfi v\u00ec khi tr\u1eddi n\u1ed3m c\u00e0ng m\u1edf c\u1eeda th\u00ec kh\u00f4ng kh\u00ed \u1ea9m b\u00ean ngo\u00e0i bay v\u00e0o c\u00e0ng nhi\u1ec1u.<\/p>\n<p>&#8211; M\u1ed9t l\u01b0u \u00fd quan tr\u1ecdng n\u1eefa l\u00e0 sau m\u1ed9t th\u1eddi gian s\u1eed d\u1ee5ng chngs ta c\u1ea7n ti\u1ebfn h\u00e0nh v\u1ec7 sinh b\u1ea3o d\u01b0\u1ee1ng m\u00e1y h\u00fat \u1ea9m \u0111\u1ecbnh k\u1ef3 nh\u01b0: Thay b\u1ed9 l\u1ecdc kh\u00f4ng kh\u00ed, v\u1ec7 sinh m\u00e1y\u2026<\/p>\n<p>&#8211; X\u1ea3 h\u1ebft n\u01b0\u1edbc trong m\u00e1y khi kh\u00f4ng s\u1eed d\u1ee5ng n\u1eefa.<\/p>\n<h2>\u00a0Ph\u1ee5 ki\u1ec7n:<\/h2>\n<p>&#8211; Quy\u1ec3n s\u00e1ch h\u01b0\u1edbng d\u1eabn \u0111i k\u00e8m, gi\u00fap ng\u01b0\u1eddi d\u00f9ng c\u00f3 th\u1ec3 tho\u1ea3i m\u00e1i tham kh\u1ea3o m\u1ed9t c\u00e1ch chi ti\u1ebft h\u01a1n.<\/p>\n<p><img loading=\"lazy\" decoding=\"async\" src=\"https:\/\/fujie.com.vn\/image\/catalog\/may-hut-am\/hm-920ec\/may-hut-am-dan-dung-fujie-hm-920ec.-6.jpg\" alt=\"\" width=\"400\" height=\"400\" \/><\/p>\n<p><em>S\u00e1ch h\u01b0\u1edbng d\u1eabn s\u1eed d\u1ee5ng m\u00e1y<\/em><\/p>\n<h2>M\u1ed9t s\u1ed1 h\u00ecnh \u1ea3nh kh\u00e1c c\u1ee7a s\u1ea3n ph\u1ea9m:<img loading=\"lazy\" decoding=\"async\" src=\"https:\/\/fujie.com.vn\/image\/catalog\/may-hut-am\/hm-920ec\/khe-thoat-gio.jpg\" alt=\"\" width=\"400\" height=\"400\" \/><br \/>\n<em>Ph\u00eda tr\u00ean m\u00e1y l\u00e0 khe tho\u00e1t gi\u00f3<\/em><\/h2>\n<p><img loading=\"lazy\" decoding=\"async\" title=\" M\u00e1y h\u00fat \u1ea9m d\u00e2n d\u1ee5ng FujiE HM-920EC \" src=\"https:\/\/fujie.com.vn\/image\/catalog\/may-hut-am-dan-dung\/920g.jpg\" alt=\"M\u00e1y h\u00fat \u1ea9m d\u00e2n d\u1ee5ng FujiE HM-920EC\" width=\"375\" height=\"263\" \/><\/p>\n<p><em>\u0110\u1ed9 \u1ea9m t\u1ed1i \u01b0u cho s\u1ee9c kho\u1ebb c\u1ee7a con ng\u01b0\u1eddi l\u00e0 t\u1eeb 40-60%<\/em><\/p>\n","protected":false},"excerpt":{"rendered":"<h2>Th\u00f4ng s\u1ed1 k\u1ef9 thu\u1eadt :<\/h2>\n<p>D\u00f2ng m\u00e1y c\u01a1\u00a0<strong>: Compressor ( piston)<\/strong><\/p>\n<p>C\u00f4ng su\u1ea5t h\u00fat \u1ea9m<strong>\u00a020 l\u00edt\/ng\u00e0y<\/strong>, d\u1ec5 di \u0111\u1ed9ng, t\u00ednh th\u1ea9m m\u1ef9 cao, \u0111\u1eb7t trong ph\u00f2ng<\/p>\n<p>C\u00f4ng su\u1ea5t h\u00fat \u1ea9m 20 l\u00edt \/24 gi\u1edd (\u1edf \u0111i\u1ec1u ki\u1ec7n 30oC, 80%)<\/p>\n<p>B\u1ea3o v\u1ec7 thi\u1ebft b\u1ecb n\u00e9n kh\u00ed<\/p>\n<p>\u00c1p su\u1ea5t h\u00fat t\u1ed1i \u0111a: 1.0MPa<\/p>\n<p>\u00c1p su\u1ea5t x\u1ea3 t\u1ed1i \u0111a: 2.5MPa<\/p>\n<p>Power Supply 220-240V \/ 50Hz<\/p>\n<p>C\u00f4ng su\u1ea5t \u0111\u1ecbnh m\u1ee9c\/ C\u00f4ng su\u1ea5t t\u1ed1i \u0111a: 320W\/380W<\/p>\n<p>Tho\u00e1t n\u01b0\u1edbc li\u00ean t\u1ee5c<\/p>\n<p>Kh\u00f4ng kh\u00ed l\u01b0u h\u00e0nh 160 m3 \/ h.<\/p>\n<p>B\u1ed3n ch\u1ee9a n\u01b0\u1edbc th\u1ea3i c\u00f4ng su\u1ea5t : 5.5 l\u00edt<\/p>\n<p>\u0110\u1ed9 \u1ed3n : 46dB ( A )<\/p>\n","protected":false},"featured_media":3184,"comment_status":"open","ping_status":"closed","template":"","meta":[],"product_brand":[],"product_cat":[81,95],"product_tag":[],"class_list":{"0":"post-3183","1":"product","2":"type-product","3":"status-publish","4":"has-post-thumbnail","6":"product_cat-may-hut-am-may-loc-khong-khi","7":"product_cat-fujie","9":"first","10":"instock","11":"shipping-taxable","12":"product-type-simple"},"_links":{"self":[{"href":"https:\/\/nhadepbepxinh.com.vn\/index.php?rest_route=\/wp\/v2\/product\/3183","targetHints":{"allow":["GET"]}}],"collection":[{"href":"https:\/\/nhadepbepxinh.com.vn\/index.php?rest_route=\/wp\/v2\/product"}],"about":[{"href":"https:\/\/nhadepbepxinh.com.vn\/index.php?rest_route=\/wp\/v2\/types\/product"}],"replies":[{"embeddable":true,"href":"https:\/\/nhadepbepxinh.com.vn\/index.php?rest_route=%2Fwp%2Fv2%2Fcomments&post=3183"}],"wp:featuredmedia":[{"embeddable":true,"href":"https:\/\/nhadepbepxinh.com.vn\/index.php?rest_route=\/wp\/v2\/media\/3184"}],"wp:attachment":[{"href":"https:\/\/nhadepbepxinh.com.vn\/index.php?rest_route=%2Fwp%2Fv2%2Fmedia&parent=3183"}],"wp:term":[{"taxonomy":"product_brand","embeddable":true,"href":"https:\/\/nhadepbepxinh.com.vn\/index.php?rest_route=%2Fwp%2Fv2%2Fproduct_brand&post=3183"},{"taxonomy":"product_cat","embeddable":true,"href":"https:\/\/nhadepbepxinh.com.vn\/index.php?rest_route=%2Fwp%2Fv2%2Fproduct_cat&post=3183"},{"taxonomy":"product_tag","embeddable":true,"href":"https:\/\/nhadepbepxinh.com.vn\/index.php?rest_route=%2Fwp%2Fv2%2Fproduct_tag&post=3183"}],"curies":[{"name":"wp","href":"https:\/\/api.w.org\/{rel}","templated":true}]}}