{"id":3169,"date":"2025-04-01T09:48:20","date_gmt":"2025-04-01T02:48:20","guid":{"rendered":"https:\/\/nhadepbepxinh.com.vn\/?post_type=product&#038;p=3169"},"modified":"2025-04-01T14:50:53","modified_gmt":"2025-04-01T07:50:53","slug":"may-hut-am-steiger-stg-820dw","status":"publish","type":"product","link":"https:\/\/nhadepbepxinh.com.vn\/?product=may-hut-am-steiger-stg-820dw","title":{"rendered":"MA\u0301Y HU\u0301T \u00c2\u0309M STEIGER STG &#8211; 820DW"},"content":{"rendered":"<h3><iframe loading=\"lazy\" src=\"https:\/\/www.youtube.com\/embed\/Jlnn4BohWW8?si=YPhk__Nopns7GZoe\" width=\"1850\" height=\"1050\" frameborder=\"0\" scrolling=\"no\" data-mce-fragment=\"1\"><\/iframe><\/h3>\n<div class=\"tab-float\">\n<div id=\"tab-1\" class=\"tab-content active content_extab\">\n<div class=\"rte product_getcontent expanded\">\n<div class=\"ba-text-fpt has-height\">\n<p><img decoding=\"async\" src=\"https:\/\/bizweb.dktcdn.net\/100\/508\/631\/files\/img-8607-jpeg-116ce5a0-de9b-4443-a3f8-e09b44b690e9.jpg?v=1730793813110\" data-thumb=\"original\" \/>M\u00e1y h\u00fat \u1ea9m Steiger STG &#8211; 820DW\u00a0gi\u1ea3m \u0111\u1ed9 \u1ea9m cho ng\u00f4i nh\u00e0 c\u1ee7a b\u1ea1n m\u1ed9t c\u00e1ch nhanh ch\u00f3ng. C\u00f4ng su\u1ea5t 20L\/ng\u00e0y, r\u1ea5t th\u00edch h\u1ee3p \u0111\u1ec3 s\u1eed d\u1ee5ng trong ph\u00f2ng kh\u00e1ch, ph\u00f2ng ng\u1ee7, nh\u00e0 t\u1eafm, nh\u00e0 b\u1ebfp,\u2026 \u0111\u1ec3 t\u1ea1o ra m\u1ed9t b\u1ea7u kh\u00f4ng gian tho\u1ea3i m\u00e1i cho ng\u00f4i nh\u00e0 th\u00e2n y\u00eau c\u1ee7a b\u1ea1n.<img decoding=\"async\" src=\"https:\/\/bizweb.dktcdn.net\/100\/508\/631\/files\/1-0da92e12-4b20-4307-b0ee-6ae5ed79c352.jpg?v=1723525365302\" data-thumb=\"original\" \/><\/p>\n<h2>M\u00e1y h\u00fat \u1ea9m Steiger STG &#8211; 820DW\u00a0<strong>\u00a0thi\u1ebft k\u1ebf hi\u1ec7n \u0111\u1ea1i v\u00e0 g\u1ea7n g\u0169i v\u1edbi ng\u01b0\u1eddi d\u00f9ng<\/strong><\/h2>\n<p>M\u00e1y h\u00fat \u1ea9m Steiger STG &#8211; 820DW c\u00f3 thi\u1ebft k\u1ebf h\u00ecnh tr\u1ee5 tr\u00f2n \u0111\u01a1n gi\u1ea3n, c\u00e1c c\u1ea1nh \u0111\u01b0\u1ee3c bo tr\u00f2n m\u1ec1m m\u1ea1i c\u00f9ng gam m\u00e0u tr\u1eafng trang nh\u00e3 l\u00e0m ch\u1ee7 \u0111\u1ea1o t\u1ea1o n\u00ean m\u1ed9t t\u1ed5ng th\u1ec3 sang tr\u1ecdng, ph\u00f9 h\u1ee3p s\u1eed d\u1ee5ng v\u1edbi m\u1ecdi c\u0103n nh\u00e0 hi\u1ec7n \u0111\u1ea1i. Ngo\u00e0i ra, s\u1ea3n ph\u1ea9m c\u00f3 k\u00edch th\u01b0\u1edbc v\u1eeba ph\u1ea3i gi\u00fap ng\u01b0\u1eddi d\u00f9ng thu\u1eadn ti\u1ec7n c\u1ea7m n\u1eafm \u0111\u1ec3 di chuy\u1ec3n \u1edf b\u1ea5t c\u1ee9 \u0111\u00e2u m\u00e0 b\u1ea1n mu\u1ed1n v\u00e0 c\u00f3 th\u1ec3 b\u1ed1 tr\u00ed \u1edf b\u1ea5t c\u1ee9 kh\u00f4ng gian n\u00e0o.<\/p>\n<h3><strong>B\u1ea3ng \u0111i\u1ec1u khi\u1ec3n \u0111\u01b0\u1ee3c thi\u1ebft k\u1ebf kh\u00e1 g\u1ea7n g\u0169i v\u1edbi ng\u01b0\u1eddi d\u00f9ng<\/strong><\/h3>\n<p>B\u1ea3ng \u0111i\u1ec1u khi\u1ec3n \u1edf m\u1eb7t tr\u00ean c\u1ee7a M\u00e1y h\u00fat \u1ea9m Steiger STG &#8211; 820DW\u00a0\u0111\u01b0\u1ee3c thi\u1ebft k\u1ebf kh\u00e1 tr\u1ef1c quan, th\u00e2n thi\u1ec7n v\u00e0 d\u1ec5 v\u1eadn h\u00e0nh do \u0111\u00f3 d\u00f9 l\u00e0 ng\u01b0\u1eddi l\u1edbn hay tr\u1ebb con \u0111\u1ec1u c\u00f3 th\u1ec3 d\u1ec5 d\u00e0ng s\u1eed d\u1ee5ng. Tuy nhi\u00ean, tr\u1ebb em khi s\u1eed d\u1ee5ng c\u1ea7n ph\u1ea3i c\u00f3 s\u1ef1 h\u01b0\u1edbng d\u1eabn v\u00e0 gi\u00e1m h\u1ed9 c\u1ee7a ng\u01b0\u1eddi l\u1edbn \u0111\u1ec3 \u0111\u1ea3m b\u1ea3o an to\u00e0n tuy\u1ec7t \u0111\u1ed1i. B\u00ean c\u1ea1nh \u0111\u00f3, b\u1ea1n d\u00f9ng c\u0169ng c\u00f3 th\u1ec3 ch\u1ecdn ch\u1ee9c n\u0103ng kh\u00f3a tr\u1ebb em tr\u00ean b\u1ea3ng \u0111i\u1ec1u khi\u1ec3n \u0111\u1ec3 ng\u0103n c\u00e1c b\u00e9 t\u00e1y m\u00e1y s\u1eed d\u1ee5ng M\u00e1y h\u00fat \u1ea9m Steiger STG &#8211; 820DW.<\/p>\n<h3>M\u00e1y h\u00fat \u1ea9m Steiger STG &#8211; 820DW<strong>\u00a0s\u1edf h\u1eefu t\u00ednh n\u0103ng s\u1ea5y kh\u00f4 qu\u1ea7n \u00e1o v\u00e0 ph\u00f2ng th\u00f4ng tho\u00e1ng 1 c\u00e1ch nhanh ch\u00f3ng.\u00a0<\/strong><\/h3>\n<p>M\u1ed9t trong nh\u1eefng t\u00ednh n\u0103ng \u0111\u1eb7c bi\u1ec7t c\u1ee7a thi\u1ebft b\u1ecb \u0111\u00f3 l\u00e0 kh\u1ea3 n\u0103ng s\u1ea5y kh\u00f4 qu\u1ea7n \u00e1o nhanh ch\u00f3ng, lo\u1ea1i b\u1ecf h\u01a1i \u1ea9m tr\u00ean qu\u1ea7n \u00e1o hi\u1ec7u qu\u1ea3 v\u00e0 thu\u1eadn ti\u1ec7n. Qu\u00e1 tr\u00ecnh s\u1ea5y kh\u00f4 s\u1ebd kh\u00f4ng g\u00e2y \u1ea3nh h\u01b0\u1edfng \u0111\u1ebfn ch\u1ea5t li\u1ec7u, c\u1ea5u tr\u00fac v\u1ea3i c\u1ee7a qu\u1ea7n \u00e1o.<\/p>\n<p><img decoding=\"async\" src=\"https:\/\/bizweb.dktcdn.net\/100\/508\/631\/files\/die-cut-drawing-pd10e-36-240802-115436-pdf-20-x-20-cm-1.jpg?v=1723527100367\" data-thumb=\"original\" \/><\/p>\n<h3>M\u00e1y h\u00fat \u1ea9m Steiger STG &#8211; 820DW<strong>\u00a0 20L\u00a0t\u00ednh n\u0103ng ki\u1ec3m so\u00e1t v\u00e0 h\u00fat \u1ea9m li\u00ean t\u1ee5c<\/strong><\/h3>\n<p>M\u00e1y h\u00fat \u1ea9m Steiger STG &#8211; 820DW<strong>\u00a0<\/strong>c\u00f3 kh\u1ea3 n\u0103ng ki\u1ec3m so\u00e1t ch\u00ednh x\u00e1c v\u00e0 h\u00fat \u1ea9m li\u00ean t\u1ee5c \u0111\u1ec3 ng\u0103n ng\u1eeba t\u00ecnh tr\u1ea1ng \u1ea9m \u01b0\u1edbt hi\u1ec7u qu\u1ea3 v\u00e0 kh\u1ea3 n\u0103ng \u1ee9c ch\u1ebf s\u1ef1 ph\u00e1t tri\u1ec3n c\u1ee7a vi khu\u1ea9n n\u1ea5m m\u1ed1c g\u00e2y m\u00f9i \u0111\u1ec3 gi\u1eef cho kh\u00f4ng gian nh\u00e0 b\u1ea1n lu\u00f4n \u0111\u01b0\u1ee3c kh\u00f4 gi\u00e1o, tho\u00e1ng m\u00e1t. H\u01a1n n\u1eefa, thi\u1ebft b\u1ecb c\u00f2n \u0111\u01b0\u1ee3c trang b\u1ecb m\u1ed9t lo\u1ea1t c\u00e1c ch\u1ebf \u0111\u1ed9 \u0111i\u1ec1u ch\u1ec9nh \u0111\u1ed9 \u1ea9m \u0111\u1ec3 duy tr\u00ec \u0111\u1ed9 \u1ea9m l\u00e0nh m\u1ea1nh v\u00e0 \u0111\u00e1p \u1ee9ng m\u1ecdi nhu c\u1ea7u s\u1eed d\u1ee5ng \u0111\u1ed9 \u1ea9m kh\u00e1c nhau c\u1ee7a ng\u01b0\u1eddi d\u00f9ng.\u00a0<img decoding=\"async\" src=\"https:\/\/bizweb.dktcdn.net\/100\/508\/631\/products\/die-cut-drawing-pd10e-36-240802-115436-pdf-20-x-20-cm-2-f673a87f-2ffe-4666-975d-52656b80c4fb.jpg?v=1723545475057\" data-thumb=\"original\" \/><\/p>\n<p><img decoding=\"async\" src=\"https:\/\/bizweb.dktcdn.net\/100\/508\/631\/files\/die-cut-drawing-pd10e-36-240802-115436-pdf-20-x-20-cm-1eda7591-a060-4b6f-8386-bffe0d08b9d3.jpg?v=1723526844578\" data-thumb=\"original\" \/><img decoding=\"async\" src=\"https:\/\/bizweb.dktcdn.net\/100\/508\/631\/files\/add-a-heading-21-x-12-cm-4.jpg?v=1723804748570\" data-thumb=\"original\" \/><\/p>\n<\/div>\n<\/div>\n<\/div>\n<\/div>\n","protected":false},"excerpt":{"rendered":"<p>&#8211; C\u00f4ng su\u1ea5t h\u00fat \u1ea9m (30\u2103\/80%RH): 20L\/D<\/p>\n<p>&#8211; T\u00edch h\u1ee3p WiFi quan s\u00e1t v\u00e0 \u0111i\u1ec1u khi\u1ec3n t\u1eeb xa qua APP<\/p>\n<p>&#8211; B\u1ed9 ph\u00e1t ion \u00e2m di\u1ec7t khu\u1ea9n<\/p>\n<p>&#8211; S\u1ea5y v\u00e0 h\u00f4ng kh\u00f4 qu\u1ea7n \u00e1o chuy\u00ean bi\u1ec7t<\/p>\n<p>&#8211; B\u1ed9 h\u1eb9n gi\u1edd t\u1eeb 1-24 gi\u1edd,Kh\u00f3a an to\u00e0n tr\u1ebb em<\/p>\n<p>&#8211; B\u1ed3n ch\u1ee9a n\u01b0\u1edbc th\u1ea3i : 2.5 l\u00edt<\/p>\n<p>-Tho\u00e1t n\u01b0\u1edbc li\u00ean t\u1ee5c qua \u1ed1ng<\/p>\n<p>&#8211; \u0110\u1ed9 \u1ed3n : 43 dB<\/p>\n<p>&#8211; \u0110i\u1ec1u ki\u1ec7n ho\u1ea1t \u0111\u1ed9ng : 5\u00b0C &#8211; 35\u00b0C<\/p>\n<p>&#8211; M\u00f4i ch\u1ea5t l\u1ea1nh : R290<\/p>\n<p>&#8211; \u0110i\u1ec7n \u00e1p: 220~240V, 50Hz<\/p>\n<p>&#8211; C\u00f4ng su\u1ea5t \u0111\u1ecbnh m\u1ee9c (30\u2103\/80%RH): 345W<\/p>\n<p>&#8211; K\u00edch th\u01b0\u1edbc m\u00e1y 320*225*490mm<\/p>\n<p>&#8211; Tr\u1ecdng l\u01b0\u1ee3ng s\u1ea3n ph\u1ea9m : 13.5kg<\/p>\n","protected":false},"featured_media":3170,"comment_status":"open","ping_status":"closed","template":"","meta":[],"product_brand":[],"product_cat":[81,94],"product_tag":[],"class_list":{"0":"post-3169","1":"product","2":"type-product","3":"status-publish","4":"has-post-thumbnail","6":"product_cat-may-hut-am-may-loc-khong-khi","7":"product_cat-steiger","9":"first","10":"instock","11":"shipping-taxable","12":"product-type-simple"},"_links":{"self":[{"href":"https:\/\/nhadepbepxinh.com.vn\/index.php?rest_route=\/wp\/v2\/product\/3169","targetHints":{"allow":["GET"]}}],"collection":[{"href":"https:\/\/nhadepbepxinh.com.vn\/index.php?rest_route=\/wp\/v2\/product"}],"about":[{"href":"https:\/\/nhadepbepxinh.com.vn\/index.php?rest_route=\/wp\/v2\/types\/product"}],"replies":[{"embeddable":true,"href":"https:\/\/nhadepbepxinh.com.vn\/index.php?rest_route=%2Fwp%2Fv2%2Fcomments&post=3169"}],"wp:featuredmedia":[{"embeddable":true,"href":"https:\/\/nhadepbepxinh.com.vn\/index.php?rest_route=\/wp\/v2\/media\/3170"}],"wp:attachment":[{"href":"https:\/\/nhadepbepxinh.com.vn\/index.php?rest_route=%2Fwp%2Fv2%2Fmedia&parent=3169"}],"wp:term":[{"taxonomy":"product_brand","embeddable":true,"href":"https:\/\/nhadepbepxinh.com.vn\/index.php?rest_route=%2Fwp%2Fv2%2Fproduct_brand&post=3169"},{"taxonomy":"product_cat","embeddable":true,"href":"https:\/\/nhadepbepxinh.com.vn\/index.php?rest_route=%2Fwp%2Fv2%2Fproduct_cat&post=3169"},{"taxonomy":"product_tag","embeddable":true,"href":"https:\/\/nhadepbepxinh.com.vn\/index.php?rest_route=%2Fwp%2Fv2%2Fproduct_tag&post=3169"}],"curies":[{"name":"wp","href":"https:\/\/api.w.org\/{rel}","templated":true}]}}