{"id":3158,"date":"2025-04-01T09:44:31","date_gmt":"2025-04-01T02:44:31","guid":{"rendered":"https:\/\/nhadepbepxinh.com.vn\/?post_type=product&#038;p=3158"},"modified":"2025-04-01T14:51:04","modified_gmt":"2025-04-01T07:51:04","slug":"may-hut-am-steiger-stg-855bw","status":"publish","type":"product","link":"https:\/\/nhadepbepxinh.com.vn\/?product=may-hut-am-steiger-stg-855bw","title":{"rendered":"MA\u0301Y HU\u0301T \u00c2\u0309M STEIGER STG &#8211; 855BW"},"content":{"rendered":"<ul class=\"tabs tabs-title clearfix\">\n<li class=\"tab-link active\" data-tab=\"#tab-1\">\n<h3><iframe loading=\"lazy\" src=\"https:\/\/www.youtube.com\/embed\/lnImSSMZSRM?si=FURw_Ftu_YVNE4-U\" width=\"1850\" height=\"1050\" frameborder=\"0\" scrolling=\"no\" data-mce-fragment=\"1\"><\/iframe><\/h3>\n<\/li>\n<\/ul>\n<div class=\"tab-float\">\n<div id=\"tab-1\" class=\"tab-content active content_extab\">\n<div class=\"rte product_getcontent expanded\">\n<div class=\"ba-text-fpt has-height\">\n<p><strong>M\u00e1y h\u00fat \u1ea9m gia \u0111\u00ecnh<\/strong>\u00a0l\u00e0 thi\u1ebft b\u1ecb c\u00f3 kh\u1ea3 n\u0103ng l\u00e0m gi\u1ea3m hay\u00a0c\u00e2n b\u1eb1ng \u0111\u1ed9 \u1ea9m\u00a0trong kh\u00f4ng kh\u00ed.\u00a0V\u1edbi m\u1ee5c \u0111\u00edch ch\u00ednh l\u00e0 gi\u1ea3m l\u01b0\u1ee3ng h\u01a1i n\u01b0\u1edbc trong\u00a0kh\u00f4ng kh\u00ed, t\u1eeb \u0111\u00f3\u00a0b\u1ea3o v\u1ec7 s\u1ee9c kh\u1ecfe ng\u01b0\u1eddi d\u00f9ng c\u0169ng nh\u01b0 l\u00e0 b\u1ea3o v\u1ec7 c\u00e1c \u0111\u1ed3 v\u1eadt trong nh\u00e0 kh\u1ecfi nguy c\u01a1 b\u1ecb \u1ea9m m\u1ed1c. V\u1edbi ch\u1ee9c n\u0103ng \u0111\u1eb7c bi\u1ec7t n\u00e0y, m\u00e1y h\u00fat \u1ea9m th\u01b0\u1eddng \u0111\u01b0\u1ee3c s\u1eed d\u1ee5ng t\u1ea1i\u00a0nh\u00e0 ri\u00eang, c\u00e1c phim tr\u01b0\u1eddng, studio quay ch\u1ee5p \u1ea3nh.\u00a0Ngo\u00e0i ra,\u00a0n\u00f3 c\u00f2n \u0111\u01b0\u1ee3c c\u00e1c c\u00f4ng ty, v\u0103n ph\u00f2ng, nh\u00e0 m\u00e1y, c\u00f4ng x\u01b0\u1edfng s\u1eed d\u1ee5ng cho m\u1ee5c \u0111\u00edch b\u1ea3o qu\u1ea3n trang thi\u1ebft b\u1ecb, nguy\u00ean v\u1eadt li\u1ec7u v\u00e0 s\u1ee9c kh\u1ecfe c\u1ee7a ng\u01b0\u1eddi lao \u0111\u1ed9ng.<\/p>\n<p>M\u00e1y h\u00fat \u1ea9m Steiger STG &#8211; BW 55L\u00a0l\u00e0 d\u00f2ng m\u00e1y h\u00fat \u1ea9m hi\u1ec7n \u0111\u1ea1i, v\u1edbi thi\u1ebft k\u1ebf t\u1ed1i gi\u1ea3n v\u00e0 kh\u1ea3 n\u0103ng h\u00fat \u1ea9m m\u1ea1nh m\u1ebd. Theo \u0111\u00f3 m\u00e1y s\u1edf h\u1eefu c\u00f4ng su\u1ea5t ho\u1ea1t \u0111\u1ed9ng l\u00ean \u0111\u1ebfn 665W. Nh\u1edd c\u00f4ng d\u1ee5ng tuy\u1ec7t v\u1eddi n\u00e0y m\u00e0 m\u00e1y c\u00f3 th\u1ec3 mang l\u1ea1i kh\u00f4ng kh\u00ed trong l\u00e0nh. Gi\u00fap b\u1ea1n t\u1ea1m bi\u1ec7t n\u1ed7i lo s\u1ee3 v\u1edbi m\u00f9i \u1ea9m m\u1ed1c trong nh\u00e0, l\u00e0m cho qu\u1ea7n \u00e1o v\u00e0 ch\u0103n g\u1ed1i \u1ea9m m\u1ed1c, t\u1ea1o m\u00f9i kh\u00f3 ch\u1ecbu.<\/p>\n<p><img decoding=\"async\" src=\"https:\/\/bizweb.dktcdn.net\/100\/508\/631\/files\/11-c68c790c-b486-49bd-8f3c-5973c80e503d.jpg?v=1723527900595\" data-thumb=\"original\" \/><\/p>\n<h3>Thi\u1ebft k\u1ebf trang nh\u00e3 ph\u00f9 h\u1ee3p v\u1edbi kh\u00f4ng gian hi\u1ec7n \u0111\u1ea1i<\/h3>\n<p>M\u00e1y h\u00fat \u1ea9m Steiger STG &#8211; 855BW 55L\u00a0 s\u1edf h\u1eefu thi\u1ebft k\u1ebf h\u00ecnh ch\u1eef nh\u1eadt\u00a0v\u1edbi c\u00e1c c\u1ea1nh \u0111\u01b0\u1ee3c bo tr\u00f2n m\u1ed9t c\u00e1ch m\u1ec1m m\u1ea1i, k\u1ebft h\u1ee3p c\u00f9ng m\u00e0u\u00a0tr\u1eafng trang nh\u00e3, t\u1ea1o n\u00ean m\u1ed9t t\u1ed5ng th\u1ec3 \u0111\u01a1n gi\u1ea3n nh\u01b0ng c\u1ef1c k\u1ef3 sang tr\u1ecdng. B\u00ean c\u1ea1nh \u0111\u00f3 l\u00e0 b\u1ea3ng \u0111i\u1ec1u khi\u1ec3n \u0111\u01b0\u1ee3c b\u1ed1 tr\u00ed m\u1ed9t c\u00e1ch tr\u1ef1c quan, gi\u00fap ng\u01b0\u1eddi d\u00f9ng c\u00f3 th\u1ec3 d\u1ec5 d\u00e0ng v\u1eadn h\u00e0nh m\u00e1y. Theo \u0111\u00f3, c\u00e1c ch\u1ec9 s\u1ed1 nh\u01b0 \u0111\u1ed9 \u1ea9m, ch\u1ebf \u0111\u1ed9 ho\u1ea1t \u0111\u1ed9ng \u0111\u01b0\u1ee3c hi\u1ec3n th\u1ecb r\u00f5 r\u00e0ng v\u1edbi c\u00e1c \u0111\u00e8n ch\u1ec9 b\u00e1o. H\u1ed7 tr\u1ee3 ng\u01b0\u1eddi d\u00f9ng theo d\u00f5i ho\u1ea1t \u0111\u1ed9ng c\u1ee7a thi\u1ebft b\u1ecb d\u1ec5 d\u00e0ng nh\u1ea5t.<\/p>\n<p><img decoding=\"async\" src=\"https:\/\/bizweb.dktcdn.net\/100\/508\/631\/files\/die-cut-drawing-pd10e-36-240802-115436-pdf-20-x-20-cm-c8747457-5ac0-48b6-b52a-d9cdff0302cc.jpg?v=1723527918222\" data-thumb=\"original\" \/><\/p>\n<h3>C\u00f4ng su\u1ea5t 665W, kh\u1ea3 n\u0103ng h\u00fat \u1ea9m m\u1ea1nh m\u1ebd 55L\/ng\u00e0y<\/h3>\n<p>M\u00e1y h\u00fat \u1ea9m Steiger STG &#8211; 855BW 55L s\u1edf h\u1eefu l\u1ef1c h\u00fat c\u1ef1c k\u1ef3 l\u1edbn. Trong \u0111i\u1ec1u ki\u1ec7n nhi\u1ec7t \u0111\u1ed9 m\u00f4i tr\u01b0\u1eddng l\u00e0 30\u2103, \u0111\u1ed9 \u1ea9m RH80%, m\u00e1y c\u00f3 kh\u1ea3 n\u0103ng h\u00fat \u0111\u01b0\u1ee3c\u00a055L n\u01b0\u1edbc t\u1eeb trong kh\u00f4ng kh\u00ed trong 1 ng\u00e0y. Mang l\u1ea1i kh\u00f4ng kh\u00ed kh\u00f4 tho\u00e1ng trong nh\u1eefng ng\u00e0y \u1ea9m \u01b0\u1edbt nh\u1ea5t, b\u1ea3o qu\u1ea3n qu\u1ea7n \u00e1o v\u00e0 \u0111\u1ed3 d\u00f9ng trong nh\u00e0\u00a0kh\u1ecfi nguy c\u01a1 b\u1ecb \u1ea9m m\u1ed1c.<\/p>\n<p><img decoding=\"async\" src=\"https:\/\/bizweb.dktcdn.net\/100\/508\/631\/files\/die-cut-drawing-pd10e-36-240802-115436-pdf-20-x-20-cm-1-329ade68-bad6-422a-af31-f863063e7b92.jpg?v=1723544850977\" data-thumb=\"original\" \/><\/p>\n<h3>L\u00e0m vi\u1ec7c \u00eam \u00e1i, \u0111\u1ed9 \u1ed3n ch\u1ec9 &lt; 50dB<\/h3>\n<p>\u0110\u1ed9\u00a0\u1ed3n khi l\u00e0m vi\u1ec7c c\u1ee7a\u00a0<strong>m\u00e1y h\u00fat \u1ea9m\u00a0<\/strong>n\u00e0y ch\u1ec9 dao \u0111\u1ed9ng trong kho\u1ea3ng tr\u00ean d\u01b0\u1edbi 50dB. B\u00ean c\u1ea1nh \u0111\u00f3 b\u00ecnh ch\u1ee9a n\u01b0\u1edbc th\u1ea3i\u00a0dung t\u00edch 8L c\u00f2n \u0111\u01b0\u1ee3c thi\u1ebft k\u1ebf \u0111\u1eb7c bi\u1ec7t gi\u00fap cho vi\u1ec7c nh\u1ecf gi\u1ecdt tr\u1edf n\u00ean im l\u1eb7ng, t\u1ea1o ra m\u00f4i tr\u01b0\u1eddng kh\u00f4 r\u00e1o v\u00e0 y\u00ean t\u0129nh.<\/p>\n<p><img decoding=\"async\" src=\"https:\/\/bizweb.dktcdn.net\/100\/508\/631\/files\/add-a-heading-21-x-12-cm-7-a96ffdb8-1c56-430a-adf8-9352407243a0.jpg?v=1723972674277\" data-thumb=\"original\" \/><\/p>\n<p><img decoding=\"async\" src=\"https:\/\/bizweb.dktcdn.net\/100\/508\/631\/files\/img-8607-jpeg-116ce5a0-de9b-4443-a3f8-e09b44b690e9.jpg?v=1730793813110\" data-thumb=\"original\" \/><\/p>\n<\/div>\n<\/div>\n<\/div>\n<\/div>\n","protected":false},"excerpt":{"rendered":"<p>&#8211; C\u00f4ng su\u1ea5t h\u00fat \u1ea9m (30\u2103\/80%RH): 55L\/D<\/p>\n<p>&#8211; S\u1ea5y v\u00e0 hong kh\u00f4 qu\u1ea7n \u00e1o chuy\u00ean bi\u1ec7t<\/p>\n<p>&#8211; B\u1ed9 h\u1eb9n gi\u1edd t\u1eeb 1-24 gi\u1edd<\/p>\n<p>&#8211; B\u1ed3n ch\u1ee9a n\u01b0\u1edbc th\u1ea3i : 8 l\u00edt<\/p>\n<p>&#8211; Tho\u00e1t n\u01b0\u1edbc li\u00ean t\u1ee5c qua \u1ed1ng<\/p>\n<p>&#8211; \u0110\u1ed9 \u1ed3n : 48 dB<\/p>\n<p>&#8211; \u0110i\u1ec1u ki\u1ec7n ho\u1ea1t \u0111\u1ed9ng : 5\u00b0C &#8211; 35\u00b0C<\/p>\n<p>&#8211; M\u00f4i ch\u1ea5t l\u1ea1nh : R410A<\/p>\n<p>&#8211; \u0110i\u1ec7n \u00e1p: 220~240V, 50Hz<\/p>\n<p>&#8211; C\u00f4ng su\u1ea5t \u0111\u1ecbnh m\u1ee9c (30\u2103\/80%RH): 665W<\/p>\n<p>&#8211; K\u00edch th\u01b0\u1edbc m\u00e1y 400x358x666mm<\/p>\n<p>&#8211; K\u00edch th\u01b0\u1edbc c\u1ea3 bao b\u00ec 458x382x740mm<\/p>\n<p>&#8211; Tr\u1ecdng l\u01b0\u1ee3ng s\u1ea3n ph\u1ea9m : 23 kg<\/p>\n","protected":false},"featured_media":3159,"comment_status":"open","ping_status":"closed","template":"","meta":[],"product_brand":[],"product_cat":[81,94],"product_tag":[],"class_list":{"0":"post-3158","1":"product","2":"type-product","3":"status-publish","4":"has-post-thumbnail","6":"product_cat-may-hut-am-may-loc-khong-khi","7":"product_cat-steiger","9":"first","10":"instock","11":"shipping-taxable","12":"product-type-simple"},"_links":{"self":[{"href":"https:\/\/nhadepbepxinh.com.vn\/index.php?rest_route=\/wp\/v2\/product\/3158","targetHints":{"allow":["GET"]}}],"collection":[{"href":"https:\/\/nhadepbepxinh.com.vn\/index.php?rest_route=\/wp\/v2\/product"}],"about":[{"href":"https:\/\/nhadepbepxinh.com.vn\/index.php?rest_route=\/wp\/v2\/types\/product"}],"replies":[{"embeddable":true,"href":"https:\/\/nhadepbepxinh.com.vn\/index.php?rest_route=%2Fwp%2Fv2%2Fcomments&post=3158"}],"wp:featuredmedia":[{"embeddable":true,"href":"https:\/\/nhadepbepxinh.com.vn\/index.php?rest_route=\/wp\/v2\/media\/3159"}],"wp:attachment":[{"href":"https:\/\/nhadepbepxinh.com.vn\/index.php?rest_route=%2Fwp%2Fv2%2Fmedia&parent=3158"}],"wp:term":[{"taxonomy":"product_brand","embeddable":true,"href":"https:\/\/nhadepbepxinh.com.vn\/index.php?rest_route=%2Fwp%2Fv2%2Fproduct_brand&post=3158"},{"taxonomy":"product_cat","embeddable":true,"href":"https:\/\/nhadepbepxinh.com.vn\/index.php?rest_route=%2Fwp%2Fv2%2Fproduct_cat&post=3158"},{"taxonomy":"product_tag","embeddable":true,"href":"https:\/\/nhadepbepxinh.com.vn\/index.php?rest_route=%2Fwp%2Fv2%2Fproduct_tag&post=3158"}],"curies":[{"name":"wp","href":"https:\/\/api.w.org\/{rel}","templated":true}]}}