{"id":3141,"date":"2025-04-01T09:32:12","date_gmt":"2025-04-01T02:32:12","guid":{"rendered":"https:\/\/nhadepbepxinh.com.vn\/?post_type=product&#038;p=3141"},"modified":"2025-04-01T14:51:20","modified_gmt":"2025-04-01T07:51:20","slug":"may-hut-am-steiger-stg-860dw","status":"publish","type":"product","link":"https:\/\/nhadepbepxinh.com.vn\/?product=may-hut-am-steiger-stg-860dw","title":{"rendered":"MA\u0301Y HU\u0301T \u00c2\u0309M STEIGER STG &#8211; 860DW"},"content":{"rendered":"<div class=\"col-lg-12 \">\n<div class=\"block-background\">\n<div id=\"tab-product\" class=\"product-tab e-tabs not-dqtab\">\n<h3><strong style=\"font-size: 20.16px;\"><em><iframe loading=\"lazy\" src=\"https:\/\/www.youtube.com\/embed\/col8zp-Hu0w?si=i6xKrgcQujbZokVM\" width=\"1850\" height=\"1050\" frameborder=\"0\" scrolling=\"no\" data-mce-fragment=\"1\"><\/iframe><img decoding=\"async\" src=\"https:\/\/bizweb.dktcdn.net\/100\/508\/631\/files\/img-8607-jpeg.jpg?v=1730793789397\" \/><\/em><\/strong><\/h3>\n<div class=\"tab-float\">\n<div id=\"tab-1\" class=\"tab-content active content_extab\">\n<div class=\"rte product_getcontent expanded\">\n<div class=\"ba-text-fpt has-height\">\n<h3><strong><em>Thi\u1ebft k\u1ebf th\u00f4ng minh, tinh t\u1ebf, hi\u1ec7n \u0111\u1ea1i<\/em><\/strong><\/h3>\n<p><strong><em>M\u00e1y h\u00fat \u1ea9m Steiger STG &#8211; 860DW\u00a060l<\/em><\/strong>\u00a0s\u1edf h\u1eefu ngo\u1ea1i h\u00ecnh tinh t\u1ebf v\u1edbi thi\u1ebft k\u1ebf t\u1ed1i gi\u1ea3n k\u1ebft h\u1ee3p c\u00f9ng gam m\u00e0u tr\u1eafng ph\u00f9 h\u1ee3p v\u1edbi m\u1ecdi kh\u00f4ng gian c\u1ee7a m\u1ecdi gia \u0111\u00ecnh.<\/p>\n<p>B\u1ea3ng \u0111i\u1ec1u khi\u1ec3n \u0111\u01b0\u1ee3c \u0111\u1eb7t \u1edf m\u1eb7t tr\u00ean m\u00e1y, t\u1ea1o s\u1ef1 thu\u1eadn ti\u1ec7n cho m\u1ecdi \u0111\u1ed1i t\u01b0\u1ee3ng \u0111i\u1ec1u ch\u1ec9nh m\u1ed9t c\u00e1ch d\u1ec5 d\u00e0ng. Tuy nhi\u00ean, \u0111\u1ed1i v\u1edbi gia \u0111\u00ecnh tr\u1ebb em, b\u1ea1n n\u00ean b\u1eadt ch\u1ee9c n\u0103ng kh\u00f3a tr\u1ebb em tr\u00ean b\u1ea3ng \u0111i\u1ec1u khi\u1ec3n \u0111\u1ec3 \u0111\u1ea3m b\u1ea3o an to\u00e0n<\/p>\n<p><img decoding=\"async\" src=\"https:\/\/bizweb.dktcdn.net\/100\/508\/631\/products\/20.jpg?v=1723543881327\" data-thumb=\"original\" \/><img decoding=\"async\" src=\"https:\/\/bizweb.dktcdn.net\/100\/508\/631\/products\/24.jpg?v=1723543884157\" data-thumb=\"original\" \/><\/p>\n<h3><strong><em>Kh\u1ea3 n\u0103ng h\u00fat \u1ea9m li\u00ean t\u1ee5c l\u00ean \u0111\u1ebfn 60l m\u1ed7i ng\u00e0y<\/em><\/strong><\/h3>\n<p><strong><em>M\u00e1y h\u00fat \u1ea9m Steiger STG &#8211; 860DW\u00a0<\/em><\/strong>cho kh\u1ea3 n\u0103ng h\u00fat \u1ea9m li\u00ean t\u1ee5c gi\u1ea3m \u0111\u1ed9 \u1ea9m kh\u00f4ng kh\u00ed nhanh ch\u00f3ng. V\u1edbi c\u00f4ng su\u1ea5t h\u00fat \u1ea9m h\u00e0ng ng\u00e0y l\u00ean \u0111\u1ebfn 60L b\u1ea1n th\u1ecfa s\u1ee9c s\u1eed d\u1ee5ng \u0111\u1ec3 h\u00fat \u1ea9m cho to\u00e0n b\u1ed9 kh\u00f4ng gian s\u1ed1ng c\u1ee7a m\u00ecnh. Ngo\u00e0i ra, m\u00e1y c\u00f2n c\u00f3 kh\u1ea3 n\u0103ng gi\u00fap b\u1ea1n nhanh ch\u00f3ng tho\u00e1t h\u01a1i \u1ea9m tr\u00ean qu\u1ea7n \u00e1o, tr\u00e1nh m\u00f9i h\u00f4i, \u1ea9m m\u1ed1c tr\u00ean qu\u1ea7n \u00e1o v\u00e0o ng\u00e0y m\u01b0a hi\u1ec7u qu\u1ea3 m\u00e0 kh\u00f4ng \u1ea3nh h\u01b0\u1edfng \u0111\u1ebfn \u0111\u1ed9 b\u1ec1n c\u1ee7a qu\u1ea7n \u00e1o.<\/p>\n<p><img decoding=\"async\" src=\"https:\/\/bizweb.dktcdn.net\/100\/508\/631\/products\/21.jpg?v=1723544011833\" data-thumb=\"original\" \/><\/p>\n<h3><strong><em>B\u00ecnh ch\u1ee9a n\u01b0\u1edbc 7.5l<\/em><\/strong><\/h3>\n<p><strong><em>M\u00e1y h\u00fat \u1ea9m Steiger STG &#8211; 860DW<\/em><\/strong> c\u00f3 s\u1ee9c ch\u1ee9a 7.5l, m\u00e1y s\u1ebd ng\u1eebng ho\u1ea1t \u0111\u1ed9ng khi b\u00ecnh ch\u1ee9a \u0111\u1ea7y \u0111\u1ec3 tr\u00e1nh t\u00ecnh tr\u1ea1ng tr\u00e0n, r\u00f2 r\u1ec9, an to\u00e0n tuy\u1ec7t \u0111\u1ed1i. M\u00e1y s\u1eed d\u1ee5ng c\u00f4ng ngh\u1ec7 m\u00e1y n\u00e9n gi\u00fap c\u00f4ng su\u1ea5t l\u1edbn cho kh\u1ea3 n\u0103ng h\u00fat \u1ea9m nhanh, m\u1ea1nh m\u1ebd, ti\u1ebft ki\u1ec7m \u0111i\u1ec7N.<\/p>\n<\/div>\n<\/div>\n<\/div>\n<\/div>\n<\/div>\n<\/div>\n<\/div>\n","protected":false},"excerpt":{"rendered":"<p>&#8211; C\u00f4ng su\u1ea5t h\u00fat \u1ea9m (30 \u2103\/80%RH): 60L\/D<\/p>\n<p>&#8211; T\u00edch h\u1ee3p WiFi quan s\u00e1t v\u00e0 \u0111i\u1ec1u khi\u1ec3n t\u1eeb xa qua APP<\/p>\n<p>&#8211; B\u1ed9 ph\u00e1t \u00a0ion \u00e2m l\u1ecdc kh\u00f4ng kh\u00ed di\u1ec7t khu\u1ea9n<\/p>\n<p>&#8211; S\u1ea5y v\u00e0 h\u00f4ng kh\u00f4 qu\u1ea7n \u00e1o chuy\u00ean bi\u1ec7t<\/p>\n<p>&#8211; B\u1ed9 h\u1eb9n gi\u1edd t\u1eeb 1-24 gi\u1edd<\/p>\n<p>&#8211; B\u1ed3n ch\u1ee9a n\u01b0\u1edbc th\u1ea3i : 7.5 l\u00edt<\/p>\n<p>&#8211; Tho\u00e1t n\u01b0\u1edbc li\u00ean t\u1ee5c qua \u1ed1ng<\/p>\n<p>&#8211; \u0110\u1ed9 \u1ed3n : 50 dB<\/p>\n<p>&#8211; \u0110i\u1ec1u ki\u1ec7n ho\u1ea1t \u0111\u1ed9ng : 5\u00b0C &#8211; 35\u00b0C<\/p>\n<p>&#8211; M\u00f4i ch\u1ea5t l\u1ea1nh : R290<\/p>\n<p>&#8211; C\u00f4ng su\u1ea5t \u0111\u1ecbnh m\u1ee9c (30 \u2103\/80%RH): 740W<\/p>\n<p>&#8211; C\u00f4ng su\u1ea5t nhi\u1ec7t \u0111\u1ed9 cao (35 \u2103\/90%RH): 950W<\/p>\n<p>&#8211; K\u00edch th\u01b0\u1edbc m\u00e1y: 396*296*625mm<\/p>\n<p>&#8211; Tr\u1ecdng l\u01b0\u1ee3ng s\u1ea3n ph\u1ea9m : 21 kg<\/p>\n","protected":false},"featured_media":3142,"comment_status":"open","ping_status":"closed","template":"","meta":[],"product_brand":[],"product_cat":[81,94],"product_tag":[],"class_list":{"0":"post-3141","1":"product","2":"type-product","3":"status-publish","4":"has-post-thumbnail","6":"product_cat-may-hut-am-may-loc-khong-khi","7":"product_cat-steiger","9":"first","10":"instock","11":"shipping-taxable","12":"product-type-simple"},"_links":{"self":[{"href":"https:\/\/nhadepbepxinh.com.vn\/index.php?rest_route=\/wp\/v2\/product\/3141","targetHints":{"allow":["GET"]}}],"collection":[{"href":"https:\/\/nhadepbepxinh.com.vn\/index.php?rest_route=\/wp\/v2\/product"}],"about":[{"href":"https:\/\/nhadepbepxinh.com.vn\/index.php?rest_route=\/wp\/v2\/types\/product"}],"replies":[{"embeddable":true,"href":"https:\/\/nhadepbepxinh.com.vn\/index.php?rest_route=%2Fwp%2Fv2%2Fcomments&post=3141"}],"wp:featuredmedia":[{"embeddable":true,"href":"https:\/\/nhadepbepxinh.com.vn\/index.php?rest_route=\/wp\/v2\/media\/3142"}],"wp:attachment":[{"href":"https:\/\/nhadepbepxinh.com.vn\/index.php?rest_route=%2Fwp%2Fv2%2Fmedia&parent=3141"}],"wp:term":[{"taxonomy":"product_brand","embeddable":true,"href":"https:\/\/nhadepbepxinh.com.vn\/index.php?rest_route=%2Fwp%2Fv2%2Fproduct_brand&post=3141"},{"taxonomy":"product_cat","embeddable":true,"href":"https:\/\/nhadepbepxinh.com.vn\/index.php?rest_route=%2Fwp%2Fv2%2Fproduct_cat&post=3141"},{"taxonomy":"product_tag","embeddable":true,"href":"https:\/\/nhadepbepxinh.com.vn\/index.php?rest_route=%2Fwp%2Fv2%2Fproduct_tag&post=3141"}],"curies":[{"name":"wp","href":"https:\/\/api.w.org\/{rel}","templated":true}]}}