{"id":3121,"date":"2025-04-01T09:20:45","date_gmt":"2025-04-01T02:20:45","guid":{"rendered":"https:\/\/nhadepbepxinh.com.vn\/?post_type=product&#038;p=3121"},"modified":"2025-04-01T14:51:37","modified_gmt":"2025-04-01T07:51:37","slug":"may-hut-am-steiger-stg-836dw","status":"publish","type":"product","link":"https:\/\/nhadepbepxinh.com.vn\/?product=may-hut-am-steiger-stg-836dw","title":{"rendered":"MA\u0301Y HU\u0301T \u00c2\u0309M STEIGER STG &#8211; 836DW"},"content":{"rendered":"<p>M\u00e1y h\u00fat \u1ea9m Steiger STG &#8211; 836DW hi\u1ec7u su\u1ea5t cao 36L.\u00a0D\u1eef li\u1ec7u hi\u1ec7u qu\u1ea3 cho th\u1ea5y gi\u00e1 tr\u1ecb \u0111\u1ed9 \u1ea9m l\u00e0nh m\u1ea1nh th\u00edch h\u1ee3p cho con ng\u01b0\u1eddi l\u00e0 40~60%, m\u00e1y h\u00fat \u1ea9m th\u00e2n thi\u1ec7n v\u1edbi m\u00f4i tr\u01b0\u1eddng, ph\u00f9 h\u1ee3p v\u1edbi c\u1ea3 nh\u1eefng m\u00f4i tr\u01b0\u1eddng \u1ea9m \u01b0\u1edbt nh\u1ea5t, cho ph\u00f2ng trung b\u00ecnh \u0111\u1ebfn l\u1edbn, t\u1ea7ng h\u1ea7m, v\u0103n ph\u00f2ng, nh\u00e0 ri\u00eang, ph\u00f2ng t\u1eafm, ph\u00f2ng ng\u1ee7, v.v.<\/p>\n<p><img decoding=\"async\" src=\"https:\/\/bizweb.dktcdn.net\/100\/508\/631\/files\/6-30ea892c-6b19-4400-aa74-8a94475b417f.jpg?v=1723630817539\" data-thumb=\"original\" \/><\/p>\n<h2><img decoding=\"async\" src=\"https:\/\/bizweb.dktcdn.net\/100\/508\/631\/files\/1-0a433cc4-68d2-4510-8244-6ea64d59cf48.jpg?v=1723630848163\" data-thumb=\"original\" \/><\/h2>\n<h2>M\u00e1y h\u00fat \u1ea9m Steiger STG &#8211; 836DW\u00a0<strong>\u00a0thi\u1ebft k\u1ebf hi\u1ec7n \u0111\u1ea1i v\u00e0 g\u1ea7n g\u0169i v\u1edbi ng\u01b0\u1eddi d\u00f9ng<\/strong><\/h2>\n<p>Ti\u1ec7n l\u1ee3i trong cu\u1ed9c s\u1ed1ng c\u1ee7a b\u1ea1n &#8211; M\u00e0n h\u00ecnh LED ph\u00eda tr\u01b0\u1edbc hi\u1ec3n th\u1ecb \u0111\u1ed9 \u1ea9m theo th\u1eddi gian th\u1ef1c, cho ph\u00e9p b\u1ea1n ki\u1ec3m so\u00e1t \u0111\u1ed9 \u1ea9m b\u1ea5t c\u1ee9 l\u00fac n\u00e0o. M\u00e1y h\u00fat \u1ea9m t\u1ef1 \u0111\u1ed9ng d\u1eebng khi \u0111\u1ea1t \u0111\u1ebfn m\u1ee9c \u0111\u1ed9 \u1ea9m \u0111\u01b0\u1ee3c c\u00e0i \u0111\u1eb7t tr\u01b0\u1edbc. Ngo\u00e0i ra, n\u00f3 c\u00f3 t\u00ednh n\u0103ng kh\u1edfi \u0111\u1ed9ng l\u1ea1i th\u00f4ng minh sau khi kh\u00f4i ph\u1ee5c m\u1ea5t \u0111i\u1ec7n v\u00e0 b\u1ed9 nh\u1edb kh\u00f4i ph\u1ee5c c\u00e0i \u0111\u1eb7t. Gi\u00fap b\u1ea1n kh\u00f4ng c\u00f2n lo l\u1eafng v\u1ec1 vi\u1ec7c m\u1ea5t \u0111i\u1ec7n \u0111\u1ec3 d\u1eebng c\u00f4ng vi\u1ec7c.<\/p>\n<p><img decoding=\"async\" src=\"https:\/\/bizweb.dktcdn.net\/100\/508\/631\/files\/add-a-heading-21-x-12-cm-50f13b64-b93a-4187-830f-81d05b88ffb8.jpg?v=1723631107935\" data-thumb=\"original\" \/><br \/>\nSteiger STG &#8211; 836DW \u0111\u01b0\u1ee3c trang b\u1ecb b\u00e1nh xe 360\u00b0 v\u00e0 tay c\u1ea7m l\u00f5m gi\u00fap d\u1ec5 d\u00e0ng di chuy\u1ec3n, \u0111\u00e1p \u1ee9ng nhu c\u1ea7u h\u00fat \u1ea9m c\u1ee7a nhi\u1ec1u kh\u00f4ng gian kh\u00e1c nhau. Ng\u0103n l\u01b0u tr\u1eef d\u00e2y ngu\u1ed3n c\u00f3 th\u1ec3 gi\u00fap d\u00e2y c\u00e1p g\u1ecdn g\u00e0ng v\u00e0 an to\u00e0n. C\u00e1c t\u00ednh n\u0103ng n\u00e0y k\u1ebft h\u1ee3p l\u1ea1i mang \u0111\u1ebfn tr\u1ea3i nghi\u1ec7m s\u1eed d\u1ee5ng th\u00e2n thi\u1ec7n v\u1edbi ng\u01b0\u1eddi d\u00f9ng v\u00e0 hi\u1ec7u qu\u1ea3.<\/p>\n<h3><strong>B\u1ea3ng \u0111i\u1ec1u khi\u1ec3n \u0111\u01b0\u1ee3c thi\u1ebft k\u1ebf kh\u00e1 g\u1ea7n g\u0169i v\u1edbi ng\u01b0\u1eddi d\u00f9ng<\/strong><\/h3>\n<p>Tho\u00e1t n\u01b0\u1edbc t\u1ef1 \u0111\u1ed9ng v\u00e0 th\u1ee7 c\u00f4ng &#8211; 2 t\u00f9y ch\u1ecdn tho\u00e1t n\u01b0\u1edbc linh ho\u1ea1t \u0111\u00e1p \u1ee9ng ho\u00e0n h\u1ea3o c\u1ea3 nhu c\u1ea7u tho\u00e1t n\u01b0\u1edbc th\u1ee7 c\u00f4ng v\u00e0 li\u00ean t\u1ee5c. B\u00ecnh ch\u1ee9a n\u01b0\u1edbc l\u1edbn (5L) \u0111\u01b0\u1ee3c trang b\u1ecb tay c\u1ea7m \u0111\u1ec3 c\u00f3 th\u1ec3 d\u1ec5 d\u00e0ng nh\u1ea5c l\u00ean v\u00e0 \u0111\u1ed5 n\u01b0\u1edbc. M\u00e1y h\u00fat \u1ea9m s\u1ebd t\u1ef1 \u0111\u1ed9ng t\u1eaft khi n\u01b0\u1edbc \u0111\u1ea7y \u0111\u1ec3 tr\u00e1nh r\u00f2 r\u1ec9.<\/p>\n<p><img decoding=\"async\" src=\"https:\/\/bizweb.dktcdn.net\/100\/508\/631\/files\/3-3d319cd4-25ee-42c6-a6fa-a81998286fc4.jpg?v=1723545960609\" data-thumb=\"original\" \/><\/p>\n<h3>M\u00e1y h\u00fat \u1ea9m Steiger STG &#8211; 836DW<strong>\u00a0s\u1edf h\u1eefu t\u00ednh n\u0103ng s\u1ea5y kh\u00f4 qu\u1ea7n \u00e1o v\u00e0 ph\u00f2ng th\u00f4ng tho\u00e1ng 1 c\u00e1ch nhanh ch\u00f3ng.\u00a0<\/strong><\/h3>\n<p>M\u1ed9t trong nh\u1eefng t\u00ednh n\u0103ng \u0111\u1eb7c bi\u1ec7t c\u1ee7a thi\u1ebft b\u1ecb \u0111\u00f3 l\u00e0 kh\u1ea3 n\u0103ng s\u1ea5y kh\u00f4 qu\u1ea7n \u00e1o nhanh ch\u00f3ng, lo\u1ea1i b\u1ecf h\u01a1i \u1ea9m tr\u00ean qu\u1ea7n \u00e1o hi\u1ec7u qu\u1ea3 v\u00e0 thu\u1eadn ti\u1ec7n. Qu\u00e1 tr\u00ecnh s\u1ea5y kh\u00f4 s\u1ebd kh\u00f4ng g\u00e2y \u1ea3nh h\u01b0\u1edfng \u0111\u1ebfn ch\u1ea5t li\u1ec7u, c\u1ea5u tr\u00fac v\u1ea3i c\u1ee7a qu\u1ea7n \u00e1o.<\/p>\n<p><img decoding=\"async\" src=\"https:\/\/bizweb.dktcdn.net\/100\/508\/631\/files\/4-c766a5da-8d34-4882-badd-2880b43de652.jpg?v=1723630953409\" data-thumb=\"original\" \/><\/p>\n<p><img decoding=\"async\" src=\"https:\/\/bizweb.dktcdn.net\/100\/508\/631\/files\/die-cut-drawing-pd10e-36-240802-115436-pdf-20-x-20-cm-82b52701-842d-4eda-8075-dbfdcc2be937.jpg?v=1723527299014\" data-thumb=\"original\" \/><\/p>\n<h3>M\u00e1y h\u00fat \u1ea9m Steiger STG &#8211; 836DW<strong>\u00a0 36L\u00a0t\u00ednh n\u0103ng ki\u1ec3m so\u00e1t v\u00e0 h\u00fat \u1ea9m li\u00ean t\u1ee5c<\/strong><\/h3>\n<p>M\u00e1y h\u00fat \u1ea9m Steiger STG &#8211; 836DW<strong>\u00a0<\/strong>c\u00f3 kh\u1ea3 n\u0103ng ki\u1ec3m so\u00e1t ch\u00ednh x\u00e1c v\u00e0 h\u00fat \u1ea9m li\u00ean t\u1ee5c \u0111\u1ec3 ng\u0103n ng\u1eeba t\u00ecnh tr\u1ea1ng \u1ea9m \u01b0\u1edbt hi\u1ec7u qu\u1ea3 v\u00e0 kh\u1ea3 n\u0103ng \u1ee9c ch\u1ebf s\u1ef1 ph\u00e1t tri\u1ec3n c\u1ee7a vi khu\u1ea9n n\u1ea5m m\u1ed1c g\u00e2y m\u00f9i \u0111\u1ec3 gi\u1eef cho kh\u00f4ng gian nh\u00e0 b\u1ea1n lu\u00f4n \u0111\u01b0\u1ee3c kh\u00f4 gi\u00e1o, tho\u00e1ng m\u00e1t. H\u01a1n n\u1eefa, thi\u1ebft b\u1ecb c\u00f2n \u0111\u01b0\u1ee3c trang b\u1ecb m\u1ed9t lo\u1ea1t c\u00e1c ch\u1ebf \u0111\u1ed9 \u0111i\u1ec1u ch\u1ec9nh \u0111\u1ed9 \u1ea9m \u0111\u1ec3 duy tr\u00ec \u0111\u1ed9 \u1ea9m l\u00e0nh\u00a0m\u1ea1nh v\u00e0 \u0111\u00e1p \u1ee9ng m\u1ecdi nhu c\u1ea7u s\u1eed d\u1ee5ng \u0111\u1ed9 \u1ea9m kh\u00e1c nhau c\u1ee7a ng\u01b0\u1eddi d\u00f9ng.<\/p>\n<p><img decoding=\"async\" src=\"https:\/\/bizweb.dktcdn.net\/100\/508\/631\/files\/die-cut-drawing-pd10e-36-240802-115436-pdf-20-x-20-cm-2.jpg?v=1723545427574\" data-thumb=\"original\" \/><\/p>\n<p><img decoding=\"async\" src=\"https:\/\/bizweb.dktcdn.net\/100\/508\/631\/products\/add-a-heading-21-x-12-cm-4.jpg?v=1723804762663\" data-thumb=\"original\" \/><img decoding=\"async\" src=\"https:\/\/bizweb.dktcdn.net\/100\/508\/631\/files\/img-8607-jpeg.jpg?v=1730793789398\" data-thumb=\"original\" \/><\/p>\n<p>&#8211; C\u00f4ng su\u1ea5t h\u00fat \u1ea9m (30\u2103\/80%RH): 36L\/D<\/p>\n<p>&#8211; T\u00edch h\u1ee3p WIFI\u00a0quan s\u00e1t v\u00e0 \u0111i\u1ec1u khi\u1ec3n t\u1eeb xa qua app th\u00f4ng minh<\/p>\n<p>&#8211; B\u1ed9 ph\u00e1t\u00a0plasmacluster\u00a0ion \u00e2m l\u1ecdc kh\u00ed di\u1ec7t khu\u1ea9n<\/p>\n<p>&#8211; S\u1ea5y v\u00e0 hong kh\u00f4 qu\u1ea7n \u00e1o chuy\u00ean bi\u1ec7t<\/p>\n<p>&#8211; B\u1ed9 \u0111i\u1ec1u khi\u1ec3n c\u1ea3m \u1ee9ng hi\u1ec7n \u0111\u1ea1i sang tr\u1ecdng d\u1ec5 s\u1eed d\u1ee5ng<\/p>\n<p>&#8211; B\u1ed9 h\u1eb9n gi\u1edd t\u1eeb 1-24 gi\u1edd<\/p>\n<p>&#8211; B\u1ed3n ch\u1ee9a n\u01b0\u1edbc th\u1ea3i : 5 l\u00edt<\/p>\n<p>&#8211; C\u1ea3m bi\u1ebfn v\u1edbi \u0111\u1ed9 ch\u00ednh x\u00e1c cao \u0111o nhi\u1ec7t \u0111\u1ed9, \u0111\u1ed9 \u1ea9m t\u1ea1i ph\u00f2ng hi\u1ec7n t\u1ea1i<\/p>\n<p>&#8211; Tho\u00e1t n\u01b0\u1edbc li\u00ean t\u1ee5c qua \u1ed1ng<\/p>\n<p>&#8211; Kh\u00f3a an to\u00e0n tr\u1ebb em<\/p>\n<p>&#8211; \u0110\u1ed9 \u1ed3n : \u00a0\u2264\u00a048 dB<\/p>\n<p>&#8211; \u0110i\u1ec1u ki\u1ec7n ho\u1ea1t \u0111\u1ed9ng : 5\u00b0C &#8211; 35\u00b0C<\/p>\n<p>&#8211; M\u00f4i ch\u1ea5t l\u1ea1nh : R410A<\/p>\n<p>&#8211; \u0110i\u1ec7n \u00e1p: 220~240V, 50Hz<\/p>\n<p>&#8211; C\u00f4ng su\u1ea5t \u0111\u1ecbnh m\u1ee9c (30\u2103\/80%RH): 590W<\/p>\n<p>&#8211; K\u00edch th\u01b0\u1edbc m\u00e1y 350*245*500MM<\/p>\n<p>&#8211;\u00a0 Tr\u1ecdng l\u01b0\u1ee3ng s\u1ea3n ph\u1ea9m : 13.5 kg<\/p>\n","protected":false},"excerpt":{"rendered":"<p>&#8211; C\u00f4ng su\u1ea5t h\u00fat \u1ea9m (30\u2103\/80%RH): 36L\/D<\/p>\n<p>&#8211; T\u00edch h\u1ee3p WIFI\u00a0quan s\u00e1t v\u00e0 \u0111i\u1ec1u khi\u1ec3n t\u1eeb xa qua app th\u00f4ng minh<\/p>\n<p>&#8211; B\u1ed9 ph\u00e1t\u00a0plasmacluster\u00a0ion \u00e2m l\u1ecdc kh\u00ed di\u1ec7t khu\u1ea9n<\/p>\n<p>&#8211; S\u1ea5y v\u00e0 hong kh\u00f4 qu\u1ea7n \u00e1o chuy\u00ean bi\u1ec7t<\/p>\n<p>&#8211; B\u1ed9 \u0111i\u1ec1u khi\u1ec3n c\u1ea3m \u1ee9ng hi\u1ec7n \u0111\u1ea1i sang tr\u1ecdng d\u1ec5 s\u1eed d\u1ee5ng<\/p>\n<p>&#8211; B\u1ed9 h\u1eb9n gi\u1edd t\u1eeb 1-24 gi\u1edd<\/p>\n<p>&#8211; B\u1ed3n ch\u1ee9a n\u01b0\u1edbc th\u1ea3i : 5 l\u00edt<\/p>\n<p>&#8211; C\u1ea3m bi\u1ebfn v\u1edbi \u0111\u1ed9 ch\u00ednh x\u00e1c cao \u0111o nhi\u1ec7t \u0111\u1ed9, \u0111\u1ed9 \u1ea9m t\u1ea1i ph\u00f2ng hi\u1ec7n t\u1ea1i<\/p>\n<p>&#8211; Tho\u00e1t n\u01b0\u1edbc li\u00ean t\u1ee5c qua \u1ed1ng<\/p>\n<p>&#8211; Kh\u00f3a an to\u00e0n tr\u1ebb em<\/p>\n<p>&#8211; \u0110\u1ed9 \u1ed3n : \u00a0\u2264\u00a048 dB<\/p>\n<p>&#8211; \u0110i\u1ec1u ki\u1ec7n ho\u1ea1t \u0111\u1ed9ng : 5\u00b0C &#8211; 35\u00b0C<\/p>\n<p>&#8211; M\u00f4i ch\u1ea5t l\u1ea1nh : R410A<\/p>\n<p>&#8211; \u0110i\u1ec7n \u00e1p: 220~240V, 50Hz<\/p>\n<p>&#8211; C\u00f4ng su\u1ea5t \u0111\u1ecbnh m\u1ee9c (30\u2103\/80%RH): 590W<\/p>\n<p>&#8211; K\u00edch th\u01b0\u1edbc m\u00e1y 350*245*500MM<\/p>\n<p>&#8211;\u00a0 Tr\u1ecdng l\u01b0\u1ee3ng s\u1ea3n ph\u1ea9m : 13.5 kg<\/p>\n","protected":false},"featured_media":3123,"comment_status":"open","ping_status":"closed","template":"","meta":[],"product_brand":[],"product_cat":[81,94],"product_tag":[],"class_list":{"0":"post-3121","1":"product","2":"type-product","3":"status-publish","4":"has-post-thumbnail","6":"product_cat-may-hut-am-may-loc-khong-khi","7":"product_cat-steiger","9":"first","10":"instock","11":"shipping-taxable","12":"product-type-simple"},"_links":{"self":[{"href":"https:\/\/nhadepbepxinh.com.vn\/index.php?rest_route=\/wp\/v2\/product\/3121","targetHints":{"allow":["GET"]}}],"collection":[{"href":"https:\/\/nhadepbepxinh.com.vn\/index.php?rest_route=\/wp\/v2\/product"}],"about":[{"href":"https:\/\/nhadepbepxinh.com.vn\/index.php?rest_route=\/wp\/v2\/types\/product"}],"replies":[{"embeddable":true,"href":"https:\/\/nhadepbepxinh.com.vn\/index.php?rest_route=%2Fwp%2Fv2%2Fcomments&post=3121"}],"wp:featuredmedia":[{"embeddable":true,"href":"https:\/\/nhadepbepxinh.com.vn\/index.php?rest_route=\/wp\/v2\/media\/3123"}],"wp:attachment":[{"href":"https:\/\/nhadepbepxinh.com.vn\/index.php?rest_route=%2Fwp%2Fv2%2Fmedia&parent=3121"}],"wp:term":[{"taxonomy":"product_brand","embeddable":true,"href":"https:\/\/nhadepbepxinh.com.vn\/index.php?rest_route=%2Fwp%2Fv2%2Fproduct_brand&post=3121"},{"taxonomy":"product_cat","embeddable":true,"href":"https:\/\/nhadepbepxinh.com.vn\/index.php?rest_route=%2Fwp%2Fv2%2Fproduct_cat&post=3121"},{"taxonomy":"product_tag","embeddable":true,"href":"https:\/\/nhadepbepxinh.com.vn\/index.php?rest_route=%2Fwp%2Fv2%2Fproduct_tag&post=3121"}],"curies":[{"name":"wp","href":"https:\/\/api.w.org\/{rel}","templated":true}]}}