{"id":3097,"date":"2025-03-30T17:22:33","date_gmt":"2025-03-30T10:22:33","guid":{"rendered":"https:\/\/nhadepbepxinh.com.vn\/?post_type=product&#038;p=3097"},"modified":"2025-03-30T17:22:33","modified_gmt":"2025-03-30T10:22:33","slug":"tu-do-kho-inox-304-nan-det-6-tang-epl80645","status":"publish","type":"product","link":"https:\/\/nhadepbepxinh.com.vn\/?product=tu-do-kho-inox-304-nan-det-6-tang-epl80645","title":{"rendered":"TU\u0309 \u0110\u00d4\u0300 KH\u00d4 INOX 304 NAN DE\u0323T 6 T\u00c2\u0300NG EPL80645"},"content":{"rendered":"<p><strong>T\u1ee7 \u0111\u1ed3 kh\u00f4 inox 304 nan d\u1eb9t 6 t\u1ea7ng EPL80645<\/strong>\u00a0l\u00e0 s\u1ef1 k\u1ebft h\u1ee3p ho\u00e0n h\u1ea3o gi\u1eefa thi\u1ebft k\u1ebf th\u00f4ng minh v\u00e0 ch\u1ea5t li\u1ec7u cao c\u1ea5p. V\u1edbi l\u1edbp inox 304 ch\u1ed1ng \u0103n m\u00f2n v\u00e0 ch\u1ed1ng oxi h\u00f3a, t\u1ee7 \u0111\u1ea3m b\u1ea3o \u0111\u1ed9 b\u1ec1n v\u01b0\u1ee3t tr\u1ed9i v\u00e0 kh\u1ea3 n\u0103ng ch\u1ecbu \u0111\u01b0\u1ee3c nhi\u1ec7t \u0111\u1ed9 cao. Thi\u1ebft k\u1ebf nan d\u1eb9t kh\u00f4ng ch\u1ec9 t\u1ed1i \u01b0u h\u00f3a di\u1ec7n t\u00edch s\u1eed d\u1ee5ng m\u00e0 c\u00f2n t\u1ea1o n\u00ean kh\u00f4ng gian l\u01b0u tr\u1eef g\u1ecdn g\u00e0ng v\u00e0 hi\u1ec7n \u0111\u1ea1i. V\u1edbi 6 t\u1ea7ng \u0111\u1ed9c l\u1eadp,<strong>\u00a0t\u1ee7 \u0111\u1ed3 kh\u00f4<\/strong>\u00a0kh\u00f4ng ch\u1ec9 gi\u00fap b\u1ea1n t\u1ed5 ch\u1ee9c \u0111\u1ed3 kh\u00f4 m\u1ed9t c\u00e1ch hi\u1ec7u qu\u1ea3 m\u00e0 c\u00f2n \u0111\u00e1p \u1ee9ng \u0111a d\u1ea1ng nhu c\u1ea7u l\u01b0u tr\u1eef. H\u00e3y c\u00f9ng \u0111\u1ed3ng h\u00e0nh v\u1edbi\u00a0<strong>Eurogold Vi\u1ec7t Nam<\/strong>\u00a0tham kh\u1ea3o th\u00eam th\u00f4ng tin c\u1ee7a s\u1ea3n ph\u1ea9m nh\u00e9.<\/p>\n<p><img loading=\"lazy\" decoding=\"async\" class=\"aligncenter wp-image-16549 size-full\" src=\"https:\/\/eurogoldvietnam.com\/wp-content\/uploads\/2024\/01\/tu-do-kho-eurogold-epl80645.webp\" sizes=\"auto, (max-width: 800px) 100vw, 800px\" srcset=\"https:\/\/eurogoldvietnam.com\/wp-content\/uploads\/2024\/01\/tu-do-kho-eurogold-epl80645.webp 800w, https:\/\/eurogoldvietnam.com\/wp-content\/uploads\/2024\/01\/tu-do-kho-eurogold-epl80645-225x300.webp 225w, https:\/\/eurogoldvietnam.com\/wp-content\/uploads\/2024\/01\/tu-do-kho-eurogold-epl80645-768x1024.webp 768w, https:\/\/eurogoldvietnam.com\/wp-content\/uploads\/2024\/01\/tu-do-kho-eurogold-epl80645-370x493.webp 370w, https:\/\/eurogoldvietnam.com\/wp-content\/uploads\/2024\/01\/tu-do-kho-eurogold-epl80645-300x400.webp 300w\" alt=\"T\u1ee7 \u0111\u1ed3 kh\u00f4 cao c\u1ea5p Eurogold\" width=\"800\" height=\"1067\" \/><\/p>\n<h2>Ti\u1ec7n \u00edch v\u00e0 \u0111\u1eb7c \u0111i\u1ec3m v\u01b0\u1ee3t tr\u1ed9i c\u1ee7a t\u1ee7 \u0111\u1ed3 kh\u00f4 inox 304 nan d\u1eb9t 6 t\u1ea7ng EPL80645<\/h2>\n<p><strong>T\u1ee7 \u0111\u1ed3 kh\u00f4 inox 304 nan d\u1eb9t 6 t\u1ea7ng EPL80645<\/strong>\u00a0l\u00e0 m\u1ed9t gi\u1ea3i ph\u00e1p l\u01b0u tr\u1eef hi\u1ec7u qu\u1ea3 cho vi\u1ec7c s\u1eafp x\u1ebfp v\u00e0 b\u1ea3o qu\u1ea3n \u0111\u1ed3 kh\u00f4 trong kh\u00f4ng gian c\u1ee7a b\u1ea1n. V\u1edbi ch\u1ea5t li\u1ec7u inox 304 cao c\u1ea5p, t\u1ee7 \u0111\u01b0\u1ee3c \u0111\u1ea3m b\u1ea3o ch\u1ea5t l\u01b0\u1ee3ng v\u00e0 \u0111\u1ed9 b\u1ec1n v\u01b0\u1ee3t tr\u1ed9i. Ngo\u00e0i ra, c\u1ea5u t\u1ea1o nan d\u1eb9t c\u1ee7a t\u1ee7 gi\u00fap t\u1ed1i \u01b0u h\u00f3a di\u1ec7n t\u00edch s\u1eed d\u1ee5ng v\u00e0 t\u1ea1o n\u00ean m\u1ed9t kh\u00f4ng gian g\u1ecdn g\u00e0ng, ng\u0103n n\u1eafp.<\/p>\n<h3>Ch\u1ea5t li\u1ec7u inox 304: \u0110\u1ea3m b\u1ea3o ch\u1ea5t l\u01b0\u1ee3ng v\u00e0 \u0111\u1ed9 b\u1ec1n<\/h3>\n<p>\u0110\u01b0\u1ee3c s\u1ea3n xu\u1ea5t t\u1eeb ch\u1ea5t li\u1ec7u inox 304 cao c\u1ea5p, t\u1ee7 \u0111\u1ed3 kh\u00f4 EPL80645 c\u00f3 kh\u1ea3 n\u0103ng ch\u1ed1ng \u0103n m\u00f2n, ch\u1ed1ng oxi h\u00f3a v\u00e0 ch\u1ecbu \u0111\u01b0\u1ee3c nhi\u1ec7t \u0111\u1ed9 cao. \u0110i\u1ec1u n\u00e0y \u0111\u1ea3m b\u1ea3o r\u1eb1ng t\u1ee7 s\u1ebd kh\u00f4ng b\u1ecb \u1ea3nh h\u01b0\u1edfng b\u1edfi c\u00e1c y\u1ebfu t\u1ed1 m\u00f4i tr\u01b0\u1eddng nh\u01b0 \u0111\u1ed9 \u1ea9m, axit hay ki\u1ec1m. Ch\u1ea5t li\u1ec7u inox 304 c\u00f2n mang l\u1ea1i \u0111\u1ed9 b\u1ec1n cao, gi\u00fap t\u1ee7 c\u00f3 th\u1ec3 s\u1eed d\u1ee5ng trong th\u1eddi gian d\u00e0i m\u00e0 kh\u00f4ng b\u1ecb bi\u1ebfn d\u1ea1ng hay h\u1ecfng h\u00f3c.<\/p>\n<p><img loading=\"lazy\" decoding=\"async\" class=\"aligncenter size-full wp-image-16550\" src=\"https:\/\/eurogoldvietnam.com\/wp-content\/uploads\/2024\/01\/Screenshot-2024-01-13-154213.webp\" sizes=\"auto, (max-width: 800px) 100vw, 800px\" srcset=\"https:\/\/eurogoldvietnam.com\/wp-content\/uploads\/2024\/01\/Screenshot-2024-01-13-154213.webp 800w, https:\/\/eurogoldvietnam.com\/wp-content\/uploads\/2024\/01\/Screenshot-2024-01-13-154213-300x296.webp 300w, https:\/\/eurogoldvietnam.com\/wp-content\/uploads\/2024\/01\/Screenshot-2024-01-13-154213-768x758.webp 768w, https:\/\/eurogoldvietnam.com\/wp-content\/uploads\/2024\/01\/Screenshot-2024-01-13-154213-370x365.webp 370w, https:\/\/eurogoldvietnam.com\/wp-content\/uploads\/2024\/01\/Screenshot-2024-01-13-154213-100x100.webp 100w\" alt=\"T\u1ee7 \u0111\u1ed3 kh\u00f4 Eurogold Catalog\" width=\"800\" height=\"790\" \/><\/p>\n<h3>Nan d\u1eb9t: T\u1ed1i \u01b0u di\u1ec7n t\u00edch s\u1eed d\u1ee5ng v\u00e0 t\u1ea1o kh\u00f4ng gian ng\u0103n n\u1eafp<\/h3>\n<p>t\u1ee7 \u0111\u1ed3 kh\u00f4 EPL80645 gi\u00fap b\u1ea1n t\u1eadn d\u1ee5ng t\u1ed1i \u0111a di\u1ec7n t\u00edch s\u1eed d\u1ee5ng. C\u00e1c ng\u0103n k\u00e9o \u0111\u01b0\u1ee3c thi\u1ebft k\u1ebf r\u1ed9ng r\u00e3i v\u00e0 c\u00f3 \u0111\u1ed9 cao ph\u00f9 h\u1ee3p \u0111\u1ec3 b\u1ea1n c\u00f3 th\u1ec3 l\u01b0u tr\u1eef nhi\u1ec1u lo\u1ea1i \u0111\u1ed3 kh\u00f4 kh\u00e1c nhau m\u1ed9t c\u00e1ch d\u1ec5 d\u00e0ng. Vi\u1ec7c s\u1eafp x\u1ebfp v\u00e0 t\u00ecm ki\u1ebfm \u0111\u1ed3 kh\u00f4 c\u0169ng tr\u1edf n\u00ean thu\u1eadn ti\u1ec7n h\u01a1n bao gi\u1edd h\u1ebft. B\u00ean c\u1ea1nh \u0111\u00f3, k\u1ebft c\u1ea5u nan d\u1eb9t c\u00f2n mang l\u1ea1i m\u1ed9t c\u00e1i nh\u00ecn th\u1ea9m m\u1ef9, t\u1ea1o n\u00ean m\u1ed9t kh\u00f4ng gian l\u01b0u tr\u1eef g\u1ecdn g\u00e0ng, ng\u0103n n\u1eafp.<\/p>\n<h2>\u0110\u00e1p \u1ee9ng nhu c\u1ea7u l\u01b0u tr\u1eef \u0111\u1ed3 kh\u00f4 v\u1edbi t\u1ee7 \u0111\u1ed3 kh\u00f4 inox 304 nan d\u1eb9t 6 t\u1ea7ng EPL80645<\/h2>\n<p>Kh\u00f4ng gian l\u01b0u tr\u1eef \u0111\u1ed3 kh\u00f4 l\u00e0 m\u1ed9t y\u1ebfu t\u1ed1 quan tr\u1ecdng trong vi\u1ec7c s\u1eafp x\u1ebfp v\u00e0 qu\u1ea3n l\u00fd kh\u00f4ng gian c\u1ee7a b\u1ea1n.\u00a0<strong>T\u1ee7 \u0111\u1ed3 kh\u00f4 inox 304 nan d\u1eb9t 6 t\u1ea7ng EPL80645<\/strong>\u00a0l\u00e0 m\u1ed9t s\u1ef1 l\u1ef1a ch\u1ecdn ho\u00e0n h\u1ea3o \u0111\u1ec3 \u0111\u00e1p \u1ee9ng nhu c\u1ea7u l\u01b0u tr\u1eef \u0111\u1ed3 kh\u00f4 c\u1ee7a b\u1ea1n.<\/p>\n<h3>S\u1eed d\u1ee5ng m\u1ed9t c\u00e1ch \u0111a d\u1ea1ng<\/h3>\n<p>S\u1ea3n ph\u1ea9m kh\u00f4ng ch\u1ec9 ph\u00f9 h\u1ee3p cho c\u00e1c gia \u0111\u00ecnh m\u00e0 c\u00f2n ph\u00f9 h\u1ee3p v\u1edbi c\u00e1c \u0111\u01a1n v\u1ecb nh\u01b0 nh\u00e0 h\u00e0ng. V\u1edbi kh\u1ea3 n\u0103ng ch\u1ecbu l\u1ef1c v\u00e0 ch\u1ed1ng \u0103n m\u00f2n cao, t\u1ee7 \u0111\u1ed3 kh\u00f4 n\u00e0y \u0111\u00e1p \u1ee9ng \u0111\u01b0\u1ee3c c\u00e1c y\u00eau c\u1ea7u nghi\u00eam ng\u1eb7t c\u1ee7a t\u1eebng ng\u00e0nh c\u00f4ng nghi\u1ec7p.<\/p>\n<p><img loading=\"lazy\" decoding=\"async\" class=\"aligncenter size-full wp-image-16548\" src=\"https:\/\/eurogoldvietnam.com\/wp-content\/uploads\/2024\/01\/EPL80660-tu-do-kho-inox-304-nan-det-6-tang-1.webp\" sizes=\"auto, (max-width: 800px) 100vw, 800px\" srcset=\"https:\/\/eurogoldvietnam.com\/wp-content\/uploads\/2024\/01\/EPL80660-tu-do-kho-inox-304-nan-det-6-tang-1.webp 800w, https:\/\/eurogoldvietnam.com\/wp-content\/uploads\/2024\/01\/EPL80660-tu-do-kho-inox-304-nan-det-6-tang-1-300x300.webp 300w, https:\/\/eurogoldvietnam.com\/wp-content\/uploads\/2024\/01\/EPL80660-tu-do-kho-inox-304-nan-det-6-tang-1-150x150.webp 150w, https:\/\/eurogoldvietnam.com\/wp-content\/uploads\/2024\/01\/EPL80660-tu-do-kho-inox-304-nan-det-6-tang-1-768x768.webp 768w, https:\/\/eurogoldvietnam.com\/wp-content\/uploads\/2024\/01\/EPL80660-tu-do-kho-inox-304-nan-det-6-tang-1-370x370.webp 370w, https:\/\/eurogoldvietnam.com\/wp-content\/uploads\/2024\/01\/EPL80660-tu-do-kho-inox-304-nan-det-6-tang-1-100x100.webp 100w\" alt=\"\" width=\"800\" height=\"800\" \/><\/p>\n<h3>B\u1ea3o qu\u1ea3n \u0111\u1ed3 kh\u00f4 t\u1ed1i \u01b0u<\/h3>\n<p><strong>T\u1ee7 \u0111\u1ed3 kh\u00f4 inox 304 nan d\u1eb9t 6 t\u1ea7ng EPL80645<\/strong>\u00a0\u0111\u01b0\u1ee3c thi\u1ebft k\u1ebf v\u1edbi c\u00e1c ng\u0103n k\u00e9o r\u1ed9ng r\u00e3i v\u00e0 c\u00f3 \u0111\u1ed9 cao ph\u00f9 h\u1ee3p \u0111\u1ec3 b\u1ea1n c\u00f3 th\u1ec3 b\u1ea3o qu\u1ea3n \u0111\u1ed3 kh\u00f4 m\u1ed9t c\u00e1ch t\u1ed1i \u01b0u. Ch\u1ea5t li\u1ec7u inox 304 \u0111\u1ea3m b\u1ea3o r\u1eb1ng \u0111\u1ed3 kh\u00f4 s\u1ebd kh\u00f4ng b\u1ecb \u1ea3nh h\u01b0\u1edfng b\u1edfi \u0111\u1ed9 \u1ea9m hay c\u00e1c y\u1ebfu t\u1ed1 m\u00f4i tr\u01b0\u1eddng kh\u00e1c. Vi\u1ec7c l\u01b0u tr\u1eef v\u00e0 b\u1ea3o qu\u1ea3n \u0111\u1ed3 kh\u00f4 tr\u1edf n\u00ean d\u1ec5 d\u00e0ng v\u00e0 an to\u00e0n h\u01a1n, gi\u00fap cho \u0111\u1ed3 kh\u00f4 lu\u00f4n gi\u1eef \u0111\u01b0\u1ee3c ch\u1ea5t l\u01b0\u1ee3ng v\u00e0 h\u01b0\u01a1ng v\u1ecb t\u1ed1t nh\u1ea5t.<\/p>\n","protected":false},"excerpt":{"rendered":"<table class=\"NormalTable\" border=\"999\">\n<tbody>\n<tr>\n<td width=\"110\"><strong><span class=\"fontstyle0\">M\u00e3 s\u1ea3n ph\u1ea9m<\/span><\/strong><\/td>\n<td width=\"175\"><strong><span class=\"fontstyle0\">Quy c\u00e1ch s\u1ea3n ph\u1ea9m<br \/>\nR\u1ed9ng * S\u00e2u * Cao (mm)<\/span><\/strong><\/td>\n<td width=\"126\"><strong><span class=\"fontstyle0\">Chi\u1ec1u r\u1ed9ng t\u1ee7<br \/>\n(mm)<\/span><\/strong><\/td>\n<td width=\"61\"><strong><span class=\"fontstyle0\">S\u1ed1 t\u1ea7ng<\/span><\/strong><\/td>\n<td width=\"95\"><strong><span class=\"fontstyle0\">Ch\u00e2t li\u1ec7u<\/span><\/strong><\/td>\n<\/tr>\n<tr>\n<td width=\"110\"><strong><span class=\"fontstyle0\">EPL80645<\/span><\/strong><\/td>\n<td width=\"175\"><strong><span class=\"fontstyle0\">W415*D500*H(&gt;1720)<\/span><\/strong><\/td>\n<td width=\"126\"><strong><span class=\"fontstyle0\">450<\/span><\/strong><\/td>\n<td width=\"61\"><strong><span class=\"fontstyle0\">6<\/span><\/strong><\/td>\n<td width=\"95\"><strong><span class=\"fontstyle0\">Inox m\u1edd 304<\/span><\/strong><\/td>\n<\/tr>\n<\/tbody>\n<\/table>\n","protected":false},"featured_media":3098,"comment_status":"open","ping_status":"closed","template":"","meta":[],"product_brand":[],"product_cat":[55,58],"product_tag":[],"class_list":{"0":"post-3097","1":"product","2":"type-product","3":"status-publish","4":"has-post-thumbnail","6":"product_cat-phu-kien-tu-bep","7":"product_cat-eurogold","9":"first","10":"instock","11":"shipping-taxable","12":"product-type-simple"},"_links":{"self":[{"href":"https:\/\/nhadepbepxinh.com.vn\/index.php?rest_route=\/wp\/v2\/product\/3097","targetHints":{"allow":["GET"]}}],"collection":[{"href":"https:\/\/nhadepbepxinh.com.vn\/index.php?rest_route=\/wp\/v2\/product"}],"about":[{"href":"https:\/\/nhadepbepxinh.com.vn\/index.php?rest_route=\/wp\/v2\/types\/product"}],"replies":[{"embeddable":true,"href":"https:\/\/nhadepbepxinh.com.vn\/index.php?rest_route=%2Fwp%2Fv2%2Fcomments&post=3097"}],"wp:featuredmedia":[{"embeddable":true,"href":"https:\/\/nhadepbepxinh.com.vn\/index.php?rest_route=\/wp\/v2\/media\/3098"}],"wp:attachment":[{"href":"https:\/\/nhadepbepxinh.com.vn\/index.php?rest_route=%2Fwp%2Fv2%2Fmedia&parent=3097"}],"wp:term":[{"taxonomy":"product_brand","embeddable":true,"href":"https:\/\/nhadepbepxinh.com.vn\/index.php?rest_route=%2Fwp%2Fv2%2Fproduct_brand&post=3097"},{"taxonomy":"product_cat","embeddable":true,"href":"https:\/\/nhadepbepxinh.com.vn\/index.php?rest_route=%2Fwp%2Fv2%2Fproduct_cat&post=3097"},{"taxonomy":"product_tag","embeddable":true,"href":"https:\/\/nhadepbepxinh.com.vn\/index.php?rest_route=%2Fwp%2Fv2%2Fproduct_tag&post=3097"}],"curies":[{"name":"wp","href":"https:\/\/api.w.org\/{rel}","templated":true}]}}