{"id":3094,"date":"2025-03-30T17:16:48","date_gmt":"2025-03-30T10:16:48","guid":{"rendered":"https:\/\/nhadepbepxinh.com.vn\/?post_type=product&#038;p=3094"},"modified":"2025-03-30T17:16:48","modified_gmt":"2025-03-30T10:16:48","slug":"gia-bat-co-dinh-tu-tren-cao-cap-eps800","status":"publish","type":"product","link":"https:\/\/nhadepbepxinh.com.vn\/?product=gia-bat-co-dinh-tu-tren-cao-cap-eps800","title":{"rendered":"GIA\u0301 BA\u0301T C\u00d4\u0301 \u0110I\u0323NH TU\u0309 TR\u00caN CAO C\u00c2\u0301P EPS800"},"content":{"rendered":"<div>\n<p><strong>Gi\u00e1 b\u00e1t \u0111\u0129a c\u1ed1 \u0111\u1ecbnh nan tr\u00f2n inox 304 EPS800 c\u1ee7a Eurogold<\/strong>\u00a0l\u00e0 m\u1ed9t l\u1ef1a ch\u1ecdn tuy\u1ec7t v\u1eddi \u0111\u1ec3 t\u1ed1i \u01b0u h\u00f3a kh\u00f4ng gian l\u01b0u tr\u1eef v\u00e0 t\u1ed5 ch\u1ee9c \u0111\u1ed3 d\u00f9ng b\u00e1t \u0111\u0129a trong c\u0103n b\u1ebfp c\u1ee7a b\u1ea1n. S\u1ea3n ph\u1ea9m n\u00e0y kh\u00f4ng ch\u1ec9 k\u1ebft h\u1ee3p t\u00ednh th\u1ea9m m\u1ef9 v\u00e0 t\u00ednh ch\u1ea5t l\u01b0\u1ee3ng m\u00e0 c\u00f2n mang l\u1ea1i s\u1ef1 ti\u1ec7n l\u1ee3i v\u00e0 s\u1eafp x\u1ebfp g\u1ecdn g\u00e0ng cho kh\u00f4ng gian n\u1ea5u \u0103n.<\/p>\n<p><a href=\"https:\/\/www.eurogold.vn\/wp-content\/uploads\/2019\/03\/EP86-web-1.jpg\" target=\"_blank\" rel=\"noopener\"><img loading=\"lazy\" decoding=\"async\" class=\"size-full wp-image-4511 aligncenter lazyloaded\" src=\"https:\/\/www.eurogold.vn\/wp-content\/uploads\/2019\/03\/EP86-web-1.jpg\" sizes=\"auto, (max-width: 800px) 100vw, 800px\" srcset=\"https:\/\/www.eurogold.vn\/wp-content\/uploads\/2019\/03\/EP86-web-1.jpg 800w, https:\/\/www.eurogold.vn\/wp-content\/uploads\/2019\/03\/EP86-web-1-100x100.jpg 100w, https:\/\/www.eurogold.vn\/wp-content\/uploads\/2019\/03\/EP86-web-1-510x510.jpg 510w, https:\/\/www.eurogold.vn\/wp-content\/uploads\/2019\/03\/EP86-web-1-150x150.jpg 150w, https:\/\/www.eurogold.vn\/wp-content\/uploads\/2019\/03\/EP86-web-1-300x300.jpg 300w, https:\/\/www.eurogold.vn\/wp-content\/uploads\/2019\/03\/EP86-web-1-768x768.jpg 768w, https:\/\/www.eurogold.vn\/wp-content\/uploads\/2019\/03\/EP86-web-1-500x500.jpg 500w, https:\/\/www.eurogold.vn\/wp-content\/uploads\/2019\/03\/EP86-web-1-55x55.jpg 55w, https:\/\/www.eurogold.vn\/wp-content\/uploads\/2019\/03\/EP86-web-1-45x45.jpg 45w\" alt=\"\" width=\"800\" height=\"800\" data-ll-status=\"loaded\" \/><\/a><\/p>\n<p>\u0110\u1eb7c \u0111i\u1ec3m n\u1ed5i b\u1eadt:<\/p>\n<ol>\n<li>Ch\u1ea5t li\u1ec7u inox 304: Gi\u00e1 b\u00e1t \u0111\u0129a \u0111\u01b0\u1ee3c ch\u1ebf t\u1ea1o t\u1eeb ch\u1ea5t li\u1ec7u inox 304, m\u1ed9t lo\u1ea1i th\u00e9p kh\u00f4ng g\u1ec9 cao c\u1ea5p v\u1edbi kh\u1ea3 n\u0103ng ch\u1ed1ng \u0103n m\u00f2n v\u00e0 \u0111\u1ed9 b\u1ec1n v\u01b0\u1ee3t tr\u1ed9i. \u0110i\u1ec1u n\u00e0y \u0111\u1ea3m b\u1ea3o r\u1eb1ng s\u1ea3n ph\u1ea9m kh\u00f4ng b\u1ecb g\u1ec9 s\u00e9t, gi\u1eef \u0111\u01b0\u1ee3c v\u1ebb s\u00e1ng b\u00f3ng v\u00e0 s\u1ea1ch s\u1ebd trong su\u1ed1t th\u1eddi gian s\u1eed d\u1ee5ng.<\/li>\n<li>Thi\u1ebft k\u1ebf nan tr\u00f2n: Thi\u1ebft k\u1ebf nan tr\u00f2n c\u1ee7a gi\u00e1 b\u00e1t \u0111\u0129a t\u1ea1o \u0111i\u1ec3m nh\u1ea5n th\u1ea9m m\u1ef9 cho kh\u00f4ng gian b\u1ebfp c\u1ee7a b\u1ea1n. H\u00ecnh d\u1ea1ng tr\u00f2n tinh t\u1ebf n\u00e0y kh\u00f4ng ch\u1ec9 t\u1ea1o ra m\u1ed9t v\u1ebb \u0111\u1eb9p \u0111\u01a1n gi\u1ea3n m\u00e0 c\u00f2n gi\u00fap t\u1ed1i \u01b0u h\u00f3a kh\u00f4ng gian l\u01b0u tr\u1eef.<\/li>\n<li>T\u00ednh n\u0103ng c\u1ed1 \u0111\u1ecbnh: S\u1ea3n ph\u1ea9m c\u00f3 thi\u1ebft k\u1ebf c\u1ed1 \u0111\u1ecbnh gi\u00fap b\u1ea1n t\u1ed5 ch\u1ee9c b\u00e1t \u0111\u0129a m\u1ed9t c\u00e1ch ng\u0103n n\u1eafp v\u00e0 ti\u1ebft ki\u1ec7m kh\u00f4ng gian. B\u1ea1n c\u00f3 th\u1ec3 d\u1ec5 d\u00e0ng s\u1eafp x\u1ebfp b\u00e1t \u0111\u0129a theo t\u1eebng lo\u1ea1i ho\u1eb7c theo s\u1edf th\u00edch c\u00e1 nh\u00e2n.<\/li>\n<li>D\u1ec5 d\u00e0ng l\u1eafp \u0111\u1eb7t: Gi\u00e1 b\u00e1t \u0111\u0129a c\u1ed1 \u0111\u1ecbnh nan tr\u00f2n inox 304 \u0111\u01b0\u1ee3c thi\u1ebft k\u1ebf \u0111\u1ec3 d\u1ec5 d\u00e0ng l\u1eafp \u0111\u1eb7t trong t\u1ee7 b\u1ebfp c\u1ee7a b\u1ea1n. Vi\u1ec7c l\u1eafp \u0111\u1eb7t nhanh ch\u00f3ng v\u00e0 ti\u1ec7n l\u1ee3i, kh\u00f4ng \u0111\u00f2i h\u1ecfi k\u1ef9 thu\u1eadt chuy\u00ean nghi\u1ec7p.<\/li>\n<li>D\u1ec5 d\u00e0ng v\u1ec7 sinh: B\u1ec1 m\u1eb7t inox 304 d\u1ec5 d\u00e0ng v\u1ec7 sinh b\u1eb1ng n\u01b0\u1edbc v\u00e0 x\u00e0 ph\u00f2ng th\u00f4ng th\u01b0\u1eddng. \u0110i\u1ec1u n\u00e0y gi\u00fap b\u1ea1n duy tr\u00ec s\u1ef1 s\u1ea1ch s\u1ebd v\u00e0 v\u1ebb b\u00f3ng b\u1ea9y c\u1ee7a s\u1ea3n ph\u1ea9m m\u00e0 kh\u00f4ng c\u1ea7n c\u00f4ng vi\u1ec7c ch\u00e0 r\u1eeda ph\u1ee9c t\u1ea1p.<\/li>\n<\/ol>\n<\/div>\n","protected":false},"excerpt":{"rendered":"<ul class=\"style ulClear\">\n<li>Th\u01b0\u01a1ng hi\u1ec7u: Eurogold<\/li>\n<li>\u00a0Lo\u1ea1i s\u1ea3n ph\u1ea9m: K\u1ec7 xoong n\u1ed3i, ch\u00e9n d\u0129a t\u1ee7 tr\u00ean<\/li>\n<li>\u00a0Model: Eurogold EPS800<\/li>\n<li>\u00a0Ph\u1ee7 b\u00ec: 800mm<\/li>\n<li>\u00a0Lo\u1ea1i inox: Inox m\u1edd<\/li>\n<li>\u00a0B\u1ea3o h\u00e0nh: b\u1ea3o h\u00e0nh r\u1ec9 s\u00e9t v\u0129nh vi\u1ec5n<\/li>\n<\/ul>\n","protected":false},"featured_media":3095,"comment_status":"open","ping_status":"closed","template":"","meta":[],"product_brand":[],"product_cat":[55,58],"product_tag":[],"class_list":{"0":"post-3094","1":"product","2":"type-product","3":"status-publish","4":"has-post-thumbnail","6":"product_cat-phu-kien-tu-bep","7":"product_cat-eurogold","9":"first","10":"instock","11":"shipping-taxable","12":"product-type-simple"},"_links":{"self":[{"href":"https:\/\/nhadepbepxinh.com.vn\/index.php?rest_route=\/wp\/v2\/product\/3094","targetHints":{"allow":["GET"]}}],"collection":[{"href":"https:\/\/nhadepbepxinh.com.vn\/index.php?rest_route=\/wp\/v2\/product"}],"about":[{"href":"https:\/\/nhadepbepxinh.com.vn\/index.php?rest_route=\/wp\/v2\/types\/product"}],"replies":[{"embeddable":true,"href":"https:\/\/nhadepbepxinh.com.vn\/index.php?rest_route=%2Fwp%2Fv2%2Fcomments&post=3094"}],"wp:featuredmedia":[{"embeddable":true,"href":"https:\/\/nhadepbepxinh.com.vn\/index.php?rest_route=\/wp\/v2\/media\/3095"}],"wp:attachment":[{"href":"https:\/\/nhadepbepxinh.com.vn\/index.php?rest_route=%2Fwp%2Fv2%2Fmedia&parent=3094"}],"wp:term":[{"taxonomy":"product_brand","embeddable":true,"href":"https:\/\/nhadepbepxinh.com.vn\/index.php?rest_route=%2Fwp%2Fv2%2Fproduct_brand&post=3094"},{"taxonomy":"product_cat","embeddable":true,"href":"https:\/\/nhadepbepxinh.com.vn\/index.php?rest_route=%2Fwp%2Fv2%2Fproduct_cat&post=3094"},{"taxonomy":"product_tag","embeddable":true,"href":"https:\/\/nhadepbepxinh.com.vn\/index.php?rest_route=%2Fwp%2Fv2%2Fproduct_tag&post=3094"}],"curies":[{"name":"wp","href":"https:\/\/api.w.org\/{rel}","templated":true}]}}