{"id":3090,"date":"2025-03-30T16:49:39","date_gmt":"2025-03-30T09:49:39","guid":{"rendered":"https:\/\/nhadepbepxinh.com.vn\/?post_type=product&#038;p=3090"},"modified":"2025-03-30T16:49:39","modified_gmt":"2025-03-30T09:49:39","slug":"mam-xoay-inox-nan-tron-tr270a","status":"publish","type":"product","link":"https:\/\/nhadepbepxinh.com.vn\/?product=mam-xoay-inox-nan-tron-tr270a","title":{"rendered":"M\u00c2M XOAY INOX NAN TRO\u0300N TR270A"},"content":{"rendered":"<p>M\u00e2m xoay inox nan tr\u00f2n Eurogold TR270A. S\u1ea3n ph\u1ea9m c\u1ee7a th\u01b0\u01a1ng hi\u1ec7u uy t\u00edn Eurogold, l\u00e0 m\u1ed9t gi\u1ea3i ph\u00e1p \u0111a n\u0103ng cho kh\u00f4ng gian b\u1ebfp c\u1ee7a b\u1ea1n. V\u1edbi ch\u1ea5t li\u1ec7u inox kh\u00f4ng g\u1ec9 v\u00e0 thi\u1ebft k\u1ebf \u0111\u1ed9c \u0111\u00e1o. S\u1ea3n ph\u1ea9m n\u00e0y kh\u00f4ng ch\u1ec9 \u0111\u1ea3m b\u1ea3o \u0111\u1ed9 b\u1ec1n v\u00e0 d\u1ec5 v\u1ec7 sinh m\u00e0 c\u00f2n mang \u0111\u1ebfn v\u1ebb sang tr\u1ecdng. Hay c\u00f9ng\u00a0Eurogold Vi\u1ec7t Nam\u00a0t\u00ecm hi\u1ec3u th\u00eam v\u1ec1 s\u1ea3n ph\u1ea9m nh\u00e9!<\/p>\n<p><img loading=\"lazy\" decoding=\"async\" class=\"aligncenter wp-image-17286 size-full\" src=\"https:\/\/eurogoldvietnam.com\/wp-content\/uploads\/2024\/01\/mam-xoay-inox-nan-mo-270-do.webp\" sizes=\"auto, (max-width: 800px) 100vw, 800px\" srcset=\"https:\/\/eurogoldvietnam.com\/wp-content\/uploads\/2024\/01\/mam-xoay-inox-nan-mo-270-do.webp 800w, https:\/\/eurogoldvietnam.com\/wp-content\/uploads\/2024\/01\/mam-xoay-inox-nan-mo-270-do-300x300.webp 300w, https:\/\/eurogoldvietnam.com\/wp-content\/uploads\/2024\/01\/mam-xoay-inox-nan-mo-270-do-150x150.webp 150w, https:\/\/eurogoldvietnam.com\/wp-content\/uploads\/2024\/01\/mam-xoay-inox-nan-mo-270-do-768x768.webp 768w, https:\/\/eurogoldvietnam.com\/wp-content\/uploads\/2024\/01\/mam-xoay-inox-nan-mo-270-do-370x370.webp 370w, https:\/\/eurogoldvietnam.com\/wp-content\/uploads\/2024\/01\/mam-xoay-inox-nan-mo-270-do-100x100.webp 100w\" alt=\"\" width=\"800\" height=\"800\" \/><\/p>\n<h1>M\u00e2m xoay inox nan tr\u00f2n TR270A \u2013 L\u1ef1a ch\u1ecdn ho\u00e0n h\u1ea3o cho b\u1ebfp c\u1ee7a b\u1ea1n<\/h1>\n<h2>M\u00e2m xoay inox nan tr\u00f2n TR270A: Gi\u1edbi thi\u1ec7u s\u1ea3n ph\u1ea9m<\/h2>\n<p>M\u00e2m xoay inox nan tr\u00f2n TR270A\u00a0l\u00e0 m\u1ed9t s\u1ea3n ph\u1ea9m \u0111\u00e1ng ch\u00fa \u00fd trong ng\u00e0nh c\u00f4ng nghi\u1ec7p thi\u1ebft b\u1ecb b\u1ebfp hi\u1ec7n \u0111\u1ea1i. V\u1edbi thi\u1ebft k\u1ebf tinh t\u1ebf v\u00e0 ch\u1ea5t li\u1ec7u cao c\u1ea5p, m\u00e2m xoay n\u00e0y kh\u00f4ng ch\u1ec9 mang l\u1ea1i s\u1ef1 ti\u1ec7n \u00edch m\u00e0 c\u00f2n t\u1ea1o \u0111i\u1ec3m nh\u1ea5n cho kh\u00f4ng gian b\u1ebfp c\u1ee7a b\u1ea1n.<\/p>\n<h3>Ch\u1ea5t li\u1ec7u v\u00e0 \u0111\u1ed9 b\u1ec1n<\/h3>\n<p>M\u00e2m xoay inox nan tr\u00f2n TR270A \u0111\u01b0\u1ee3c l\u00e0m t\u1eeb ch\u1ea5t li\u1ec7u inox. Mang l\u1ea1i \u0111\u1ed9 b\u1ec1n cao v\u00e0 kh\u1ea3 n\u0103ng ch\u1ed1ng \u0103n m\u00f2n tuy\u1ec7t v\u1eddi. V\u1edbi kh\u1ea3 n\u0103ng ch\u1ecbu \u0111\u01b0\u1ee3c nhi\u1ec7t \u0111\u1ed9 cao, s\u1ea3n ph\u1ea9m n\u00e0y kh\u00f4ng b\u1ecb bi\u1ebfn d\u1ea1ng hay b\u1ecb h\u1ecfng khi ho\u1ea1t \u0111\u1ed9ng trong m\u00f4i tr\u01b0\u1eddng nhi\u1ec7t \u0111\u1edbi hay nung n\u00f3ng.<\/p>\n<h3>Thi\u1ebft k\u1ebf th\u00f4ng minh v\u00e0 ti\u1ec7n \u00edch<\/h3>\n<p>S\u1ea3n ph\u1ea9m \u0111\u01b0\u1ee3c thi\u1ebft k\u1ebf v\u1edbi \u0111\u01b0\u1eddng k\u00ednh nh\u1ecf g\u1ecdn, gi\u00fap ti\u1ebft ki\u1ec7m di\u1ec7n t\u00edch v\u00e0 d\u1ec5 d\u00e0ng l\u1eafp \u0111\u1eb7t tr\u00ean b\u1ebfp. M\u00e2m xoay inox nan tr\u00f2n TR270A\u00a0c\u0169ng c\u00f3 thi\u1ebft k\u1ebf xoay 360 \u0111\u1ed9 linh ho\u1ea1t, gi\u00fap b\u1ea1n d\u1ec5 d\u00e0ng thao t\u00e1c v\u00e0 qu\u1ea3n l\u00fd c\u00e1c n\u1ed3i ch\u1ea3o trong qu\u00e1 tr\u00ecnh n\u1ea5u \u0103n.<\/p>\n<p><img loading=\"lazy\" decoding=\"async\" class=\"aligncenter size-full wp-image-17283\" src=\"https:\/\/eurogoldvietnam.com\/wp-content\/uploads\/2024\/01\/mam-xoay-180-web.webp\" sizes=\"auto, (max-width: 800px) 100vw, 800px\" srcset=\"https:\/\/eurogoldvietnam.com\/wp-content\/uploads\/2024\/01\/mam-xoay-180-web.webp 800w, https:\/\/eurogoldvietnam.com\/wp-content\/uploads\/2024\/01\/mam-xoay-180-web-300x300.webp 300w, https:\/\/eurogoldvietnam.com\/wp-content\/uploads\/2024\/01\/mam-xoay-180-web-150x150.webp 150w, https:\/\/eurogoldvietnam.com\/wp-content\/uploads\/2024\/01\/mam-xoay-180-web-768x768.webp 768w, https:\/\/eurogoldvietnam.com\/wp-content\/uploads\/2024\/01\/mam-xoay-180-web-370x370.webp 370w, https:\/\/eurogoldvietnam.com\/wp-content\/uploads\/2024\/01\/mam-xoay-180-web-100x100.webp 100w\" alt=\"M\u00e2m xoay 180 \u0110\u1ed9 Eurogold\" width=\"800\" height=\"800\" \/><\/p>\n<h3>An to\u00e0n v\u00e0 d\u1ec5 d\u00e0ng v\u1ec7 sinh<\/h3>\n<p>V\u1edbi vi\u1ec7c s\u1eed d\u1ee5ng ch\u1ea5t li\u1ec7u inox cao c\u1ea5p, m\u00e2m xoay n\u00e0y kh\u00f4ng ch\u1ec9 d\u1ec5 d\u00e0ng v\u1ec7 sinh m\u00e0 c\u00f2n \u0111\u1ea3m b\u1ea3o an to\u00e0n cho s\u1ee9c kh\u1ecfe c\u1ee7a b\u1ea1n v\u00e0 gia \u0111\u00ecnh. B\u1ea1n c\u00f3 th\u1ec3 d\u1ec5 d\u00e0ng lau ch\u00f9i m\u00e2m xoay b\u1eb1ng kh\u0103n \u1ea9m v\u00e0 dung d\u1ecbch v\u1ec7 sinh th\u00f4ng th\u01b0\u1eddng.<\/p>\n<h2>T\u1ea1i sao ch\u1ecdn M\u00e2m xoay inox nan tr\u00f2n TR270A cho b\u1ebfp c\u1ee7a b\u1ea1n?<\/h2>\n<h3>Ti\u1ec7n \u00edch v\u00e0 hi\u1ec7u qu\u1ea3 trong vi\u1ec7c qu\u1ea3n l\u00fd n\u1ed3i ch\u1ea3o<\/h3>\n<p>M\u00e2m xoay inox nan tr\u00f2n TR270A\u00a0gi\u00fap b\u1ea1n qu\u1ea3n l\u00fd v\u00e0 s\u1eafp x\u1ebfp n\u1ed3i ch\u1ea3o m\u1ed9t c\u00e1ch d\u1ec5 d\u00e0ng v\u00e0 ti\u1ec7n l\u1ee3i h\u01a1n. V\u1edbi kh\u1ea3 n\u0103ng xoay 360 \u0111\u1ed9. B\u1ea1n kh\u00f4ng c\u1ea7n ph\u1ea3i v\u1ea5t v\u1ea3 di chuy\u1ec3n c\u00e1c n\u1ed3i ch\u1ea3o m\u1ed7i khi mu\u1ed1n s\u1eed d\u1ee5ng. Thay v\u00e0o \u0111\u00f3, b\u1ea1n ch\u1ec9 c\u1ea7n quay m\u00e2m xoay \u0111\u1ec3 ti\u1ebfp c\u1eadn v\u00e0 s\u1eed d\u1ee5ng nhanh ch\u00f3ng nh\u1eefng n\u1ed3i ch\u1ea3o m\u00e0 b\u1ea1n c\u1ea7n.<\/p>\n<h3>Ti\u1ebft ki\u1ec7m di\u1ec7n t\u00edch v\u00e0 t\u1ea1o s\u1ef1 g\u1ecdn g\u00e0ng<\/h3>\n<p>V\u1edbi \u0111\u01b0\u1eddng k\u00ednh nh\u1ecf g\u1ecdn, m\u00e2m xoay inox nan tr\u00f2n TR270A\u00a0gi\u00fap b\u1ea1n ti\u1ebft ki\u1ec7m di\u1ec7n t\u00edch v\u00e0 t\u1ea1o s\u1ef1 g\u1ecdn g\u00e0ng cho b\u1ebfp c\u1ee7a b\u1ea1n. B\u1ea1n c\u00f3 th\u1ec3 d\u1ec5 d\u00e0ng l\u1eafp \u0111\u1eb7t m\u00e2m xoay tr\u00ean m\u1eb7t b\u1ebfp m\u00e0 kh\u00f4ng c\u1ea7n ph\u1ea3i lo l\u1eafng v\u1ec1 vi\u1ec7c chi\u1ebfm qu\u00e1 nhi\u1ec1u kh\u00f4ng gian. \u0110i\u1ec1u n\u00e0y gi\u00fap t\u1ea1o ra m\u1ed9t kh\u00f4ng gian b\u1ebfp s\u1ea1ch s\u1ebd v\u00e0 thu\u1eadn ti\u1ec7n cho vi\u1ec7c n\u1ea5u n\u01b0\u1edbng h\u00e0ng ng\u00e0y.<\/p>\n<p><img loading=\"lazy\" decoding=\"async\" class=\"aligncenter size-full wp-image-17285\" src=\"https:\/\/eurogoldvietnam.com\/wp-content\/uploads\/2024\/01\/mam-xoay-eurogold-ep180a.webp\" sizes=\"auto, (max-width: 800px) 100vw, 800px\" srcset=\"https:\/\/eurogoldvietnam.com\/wp-content\/uploads\/2024\/01\/mam-xoay-eurogold-ep180a.webp 800w, https:\/\/eurogoldvietnam.com\/wp-content\/uploads\/2024\/01\/mam-xoay-eurogold-ep180a-300x300.webp 300w, https:\/\/eurogoldvietnam.com\/wp-content\/uploads\/2024\/01\/mam-xoay-eurogold-ep180a-150x150.webp 150w, https:\/\/eurogoldvietnam.com\/wp-content\/uploads\/2024\/01\/mam-xoay-eurogold-ep180a-768x768.webp 768w, https:\/\/eurogoldvietnam.com\/wp-content\/uploads\/2024\/01\/mam-xoay-eurogold-ep180a-370x370.webp 370w, https:\/\/eurogoldvietnam.com\/wp-content\/uploads\/2024\/01\/mam-xoay-eurogold-ep180a-100x100.webp 100w\" alt=\"M\u00e2m xoay Eurogold Ep180a\" width=\"800\" height=\"800\" \/><\/p>\n","protected":false},"excerpt":{"rendered":"<table class=\"NormalTable\" border=\"234\">\n<tbody>\n<tr>\n<td width=\"113\"><strong><span class=\"fontstyle0\">M\u00e3 s\u1ea3n ph\u1ea9m<\/span><\/strong><\/td>\n<td width=\"155\"><strong><span class=\"fontstyle0\">Quy c\u00e1ch s\u1ea3n ph\u1ea9m<br \/>\n(mm)<\/span><\/strong><\/td>\n<td width=\"106\"><strong><span class=\"fontstyle0\">Chi\u1ec1u r\u1ed9ng t\u1ee7 (mm)<\/span><\/strong><\/td>\n<td width=\"82\"><strong><span class=\"fontstyle0\">Ph\u00e2n lo\u1ea1i<\/span><\/strong><\/td>\n<td width=\"108\"><strong><span class=\"fontstyle0\">Ch\u1ea5t li\u1ec7u<\/span><\/strong><\/td>\n<\/tr>\n<tr>\n<td width=\"113\"><strong><span class=\"fontstyle0\">TR270A<\/span><\/strong><\/td>\n<td width=\"155\"><strong><span class=\"fontstyle0\">\u00d8715*575<\/span><\/strong><\/td>\n<td width=\"106\"><strong><span class=\"fontstyle0\">800<\/span><\/strong><\/td>\n<td width=\"82\"><strong><span class=\"fontstyle0\">270 \u00b0<\/span><\/strong><\/td>\n<td width=\"108\"><strong><span class=\"fontstyle0\">Inox m\u1ea1 crom<\/span><\/strong><\/td>\n<\/tr>\n<\/tbody>\n<\/table>\n","protected":false},"featured_media":3091,"comment_status":"open","ping_status":"closed","template":"","meta":[],"product_brand":[],"product_cat":[55,58],"product_tag":[],"class_list":{"0":"post-3090","1":"product","2":"type-product","3":"status-publish","4":"has-post-thumbnail","6":"product_cat-phu-kien-tu-bep","7":"product_cat-eurogold","9":"first","10":"instock","11":"shipping-taxable","12":"product-type-simple"},"_links":{"self":[{"href":"https:\/\/nhadepbepxinh.com.vn\/index.php?rest_route=\/wp\/v2\/product\/3090","targetHints":{"allow":["GET"]}}],"collection":[{"href":"https:\/\/nhadepbepxinh.com.vn\/index.php?rest_route=\/wp\/v2\/product"}],"about":[{"href":"https:\/\/nhadepbepxinh.com.vn\/index.php?rest_route=\/wp\/v2\/types\/product"}],"replies":[{"embeddable":true,"href":"https:\/\/nhadepbepxinh.com.vn\/index.php?rest_route=%2Fwp%2Fv2%2Fcomments&post=3090"}],"wp:featuredmedia":[{"embeddable":true,"href":"https:\/\/nhadepbepxinh.com.vn\/index.php?rest_route=\/wp\/v2\/media\/3091"}],"wp:attachment":[{"href":"https:\/\/nhadepbepxinh.com.vn\/index.php?rest_route=%2Fwp%2Fv2%2Fmedia&parent=3090"}],"wp:term":[{"taxonomy":"product_brand","embeddable":true,"href":"https:\/\/nhadepbepxinh.com.vn\/index.php?rest_route=%2Fwp%2Fv2%2Fproduct_brand&post=3090"},{"taxonomy":"product_cat","embeddable":true,"href":"https:\/\/nhadepbepxinh.com.vn\/index.php?rest_route=%2Fwp%2Fv2%2Fproduct_cat&post=3090"},{"taxonomy":"product_tag","embeddable":true,"href":"https:\/\/nhadepbepxinh.com.vn\/index.php?rest_route=%2Fwp%2Fv2%2Fproduct_tag&post=3090"}],"curies":[{"name":"wp","href":"https:\/\/api.w.org\/{rel}","templated":true}]}}