{"id":3085,"date":"2025-03-30T16:45:13","date_gmt":"2025-03-30T09:45:13","guid":{"rendered":"https:\/\/nhadepbepxinh.com.vn\/?post_type=product&#038;p=3085"},"modified":"2025-03-30T16:45:13","modified_gmt":"2025-03-30T09:45:13","slug":"thung-rac-am-tu-gan-canh-bl300","status":"publish","type":"product","link":"https:\/\/nhadepbepxinh.com.vn\/?product=thung-rac-am-tu-gan-canh-bl300","title":{"rendered":"THU\u0300NG RA\u0301C \u00c2M TU\u0309 G\u0102\u0301N CA\u0301NH BL300"},"content":{"rendered":"<p><a href=\"https:\/\/eurogoldvietnam.com\/thung-rac-am-tu-gan-canh-eurogold-bl300\/\" target=\"_blank\" rel=\"noopener\">Th\u00f9ng r\u00e1c \u00e2m t\u1ee7 g\u1eafn c\u00e1nh Eurogold BL300<\/a>\u00a0l\u00e0 m\u1ed9t gi\u1ea3i ph\u00e1p hi\u1ec7u qu\u1ea3 v\u00e0 ti\u1ec7n \u00edch cho kh\u00f4ng gian nh\u00e0 b\u1ebfp c\u1ee7a b\u1ea1n. V\u1edbi thi\u1ebft k\u1ebf th\u00f4ng minh. Ti\u1ebft ki\u1ec7m di\u1ec7n t\u00edch v\u00e0 t\u00ednh th\u1ea9m m\u1ef9 cao, th\u00f9ng r\u00e1c n\u00e0y mang l\u1ea1i s\u1ef1 ti\u1ec7n l\u1ee3i v\u00e0 tinh t\u1ebf cho kh\u00f4ng gian nh\u00e0 b\u1ebfp c\u1ee7a b\u1ea1n. H\u00e3y l\u1ef1a ch\u1ecdn th\u00f9ng r\u00e1c \u00e2m t\u1ee7 BL300 \u0111\u1ec3 t\u1eadn h\u01b0\u1edfng kh\u00f4ng gian b\u1ebfp t\u1ed1i \u01b0u v\u00e0 g\u00f3p ph\u1ea7n b\u1ea3o v\u1ec7 m\u00f4i tr\u01b0\u1eddng m\u1ed9t c\u00e1ch th\u1ef1c t\u1ebf v\u00e0 hi\u1ec7u qu\u1ea3. H\u00e3y c\u00f9ng\u00a0<a href=\"https:\/\/eurogoldvietnam.com\/\" target=\"_blank\" rel=\"noopener\">Eurogold Vi\u1ec7t Nam<\/a>\u00a0tham kh\u1ea3o s\u1ea3n ph\u1ea9m n\u00e0y tr\u01b0\u1edbc khi mua b\u1ea1n nh\u00e9!!<\/p>\n<p><img loading=\"lazy\" decoding=\"async\" class=\"aligncenter wp-image-17503\" src=\"https:\/\/eurogoldvietnam.com\/wp-content\/uploads\/2024\/01\/Thung-rac-Eurogold-gia-re-Hai-Phong-scaled-1.webp\" sizes=\"auto, (max-width: 800px) 100vw, 800px\" srcset=\"https:\/\/eurogoldvietnam.com\/wp-content\/uploads\/2024\/01\/Thung-rac-Eurogold-gia-re-Hai-Phong-scaled-1.webp 2560w, https:\/\/eurogoldvietnam.com\/wp-content\/uploads\/2024\/01\/Thung-rac-Eurogold-gia-re-Hai-Phong-scaled-1-300x225.webp 300w, https:\/\/eurogoldvietnam.com\/wp-content\/uploads\/2024\/01\/Thung-rac-Eurogold-gia-re-Hai-Phong-scaled-1-1024x768.webp 1024w, https:\/\/eurogoldvietnam.com\/wp-content\/uploads\/2024\/01\/Thung-rac-Eurogold-gia-re-Hai-Phong-scaled-1-768x576.webp 768w, https:\/\/eurogoldvietnam.com\/wp-content\/uploads\/2024\/01\/Thung-rac-Eurogold-gia-re-Hai-Phong-scaled-1-1536x1152.webp 1536w, https:\/\/eurogoldvietnam.com\/wp-content\/uploads\/2024\/01\/Thung-rac-Eurogold-gia-re-Hai-Phong-scaled-1-2048x1536.webp 2048w, https:\/\/eurogoldvietnam.com\/wp-content\/uploads\/2024\/01\/Thung-rac-Eurogold-gia-re-Hai-Phong-scaled-1-370x278.webp 370w\" alt=\"Th\u00f9ng r\u00e1c \u00e2m t\u1ee7 Eurogold\" width=\"800\" height=\"600\" \/><\/p>\n<h2>Th\u00f9ng r\u00e1c \u00e2m t\u1ee7 BL300: Gi\u1ea3i ph\u00e1p hi\u1ec7u qu\u1ea3 v\u00e0 ti\u1ec7n \u00edch cho kh\u00f4ng gian nh\u00e0 b\u1ebfp c\u1ee7a b\u1ea1n<\/h2>\n<h2>Th\u00f9ng r\u00e1c \u00e2m t\u1ee7 BL300 \u2013 S\u1ef1 ti\u1ec7n l\u1ee3i v\u00e0 ti\u1ebft ki\u1ec7m kh\u00f4ng gian<\/h2>\n<p>Trong qu\u00e1 tr\u00ecnh thi\u1ebft k\u1ebf n\u1ed9i th\u1ea5t cho kh\u00f4ng gian nh\u00e0 b\u1ebfp. Vi\u1ec7c s\u1eafp x\u1ebfp v\u00e0 t\u1ed1i \u01b0u h\u00f3a kh\u00f4ng gian tr\u1edf th\u00e0nh m\u1ed9t y\u1ebfu t\u1ed1 quan tr\u1ecdng. Th\u00f9ng r\u00e1c \u00e2m t\u1ee7 BL300 l\u00e0 gi\u1ea3i ph\u00e1p ho\u00e0n h\u1ea3o cho v\u1ea5n \u0111\u1ec1 n\u00e0y. V\u1edbi thi\u1ebft k\u1ebf th\u00f4ng minh v\u00e0 ch\u1ea5t li\u1ec7u ch\u1ea5t l\u01b0\u1ee3ng. Th\u00f9ng r\u00e1c \u00e2m t\u1ee7 BL300 kh\u00f4ng ch\u1ec9 gi\u00fap b\u1ea1n ti\u1ebft ki\u1ec7m di\u1ec7n t\u00edch m\u00e0 c\u00f2n mang l\u1ea1i s\u1ef1 ti\u1ec7n \u00edch t\u1ed1i \u0111a cho kh\u00f4ng gian nh\u00e0 b\u1ebfp c\u1ee7a b\u1ea1n.<\/p>\n<h2>Thi\u1ebft k\u1ebf th\u00f4ng minh v\u00e0 ti\u1ec7n \u00edch<\/h2>\n<p><a href=\"https:\/\/eurogoldvietnam.com\/thung-rac-am-tu-gan-canh-eurogold-bl300\/\" target=\"_blank\" rel=\"noopener\">\u00a0Th\u00f9ng r\u00e1c \u00e2m t\u1ee7 g\u1eafn c\u00e1nh Eurogold BL300<\/a>\u00a0\u0111\u01b0\u1ee3c thi\u1ebft k\u1ebf v\u1edbi m\u1ed9t h\u1ec7 th\u1ed1ng tr\u01b0\u1ee3t th\u00f4ng minh. Cho ph\u00e9p b\u1ea1n d\u1ec5 d\u00e0ng l\u1ea5y v\u00e0 \u0111\u1eb7t th\u00f9ng r\u00e1c m\u00e0 kh\u00f4ng c\u1ea7n m\u1edf c\u1eeda t\u1ee7. \u0110i\u1ec1u n\u00e0y kh\u00f4ng ch\u1ec9 gi\u00fap b\u1ea1n ti\u1ebft ki\u1ec7m th\u1eddi gian m\u00e0 c\u00f2n tr\u00e1nh g\u00e2y m\u1ea5t m\u1ef9 quan cho gian b\u1ebfp c\u1ee7a b\u1ea1n.<\/p>\n<p><img loading=\"lazy\" decoding=\"async\" class=\"aligncenter wp-image-17501\" src=\"https:\/\/eurogoldvietnam.com\/wp-content\/uploads\/2024\/01\/am-tu.webp\" sizes=\"auto, (max-width: 800px) 100vw, 800px\" srcset=\"https:\/\/eurogoldvietnam.com\/wp-content\/uploads\/2024\/01\/am-tu.webp 534w, https:\/\/eurogoldvietnam.com\/wp-content\/uploads\/2024\/01\/am-tu-300x300.webp 300w, https:\/\/eurogoldvietnam.com\/wp-content\/uploads\/2024\/01\/am-tu-150x150.webp 150w, https:\/\/eurogoldvietnam.com\/wp-content\/uploads\/2024\/01\/am-tu-370x370.webp 370w, https:\/\/eurogoldvietnam.com\/wp-content\/uploads\/2024\/01\/am-tu-100x100.webp 100w\" alt=\"Th\u00f9ng r\u00e1c \u00e2m t\u1ee7 Eurogold\" width=\"800\" height=\"800\" \/><\/p>\n<p>B\u00ean c\u1ea1nh \u0111\u00f3, th\u00f9ng r\u00e1c \u00e2m t\u1ee7 BL300 c\u00f2n c\u00f3 kh\u1ea3 n\u0103ng ch\u1ee9a l\u01b0\u1ee3ng r\u00e1c l\u1edbn. Gi\u00fap b\u1ea1n kh\u00f4ng ph\u1ea3i th\u01b0\u1eddng xuy\u00ean thay th\u1ebf t\u00fai r\u00e1c. H\u01a1n n\u1eefa, th\u00f9ng r\u00e1c \u0111\u01b0\u1ee3c l\u00e0m t\u1eeb ch\u1ea5t li\u1ec7u ch\u1eafc ch\u1eafn v\u00e0 d\u1ec5 d\u00e0ng v\u1ec7 sinh, gi\u00fap b\u1ea1n duy tr\u00ec v\u1ec7 sinh trong nh\u00e0 b\u1ebfp m\u1ed9t c\u00e1ch d\u1ec5 d\u00e0ng v\u00e0 thu\u1eadn ti\u1ec7n.<\/p>\n<h2>T\u00ednh th\u1ea9m m\u1ef9 v\u00e0 phong c\u00e1ch<\/h2>\n<p>Kh\u00f4ng ch\u1ec9 gi\u00fap b\u1ea1n t\u1ed1i \u01b0u h\u00f3a kh\u00f4ng gian v\u00e0 ti\u1ec7n \u00edch.\u00a0Th\u00f9ng r\u00e1c\u00a0\u00e2m t\u1ee7 g\u1eafn c\u00e1nh Eurogold BL300\u00a0c\u00f2n mang \u0111\u1ebfn v\u1ebb \u0111\u1eb9p v\u00e0 t\u00ednh th\u1ea9m m\u1ef9 cho kh\u00f4ng gian nh\u00e0 b\u1ebfp c\u1ee7a b\u1ea1n. V\u1edbi thi\u1ebft k\u1ebf trang nh\u00e3 v\u00e0 tinh t\u1ebf, th\u00f9ng r\u00e1c n\u00e0y s\u1ebd l\u00e0 \u0111i\u1ec3m nh\u1ea5n ho\u00e0n h\u1ea3o cho g\u00f3c b\u1ebfp c\u1ee7a b\u1ea1n. B\u1ea1n c\u00f3 th\u1ec3 l\u1ef1a ch\u1ecdn c\u00e1c m\u00e0u s\u1eafc v\u00e0 ki\u1ec3u d\u00e1ng ph\u00f9 h\u1ee3p v\u1edbi phong c\u00e1ch n\u1ed9i th\u1ea5t c\u1ee7a b\u1ea1n. T\u1ea1o \u0111i\u1ec3m nh\u1ea5n \u0111\u1ed9c \u0111\u00e1o v\u00e0 tinh t\u1ebf cho kh\u00f4ng gian nh\u00e0 b\u1ebfp c\u1ee7a m\u00ecnh.<\/p>\n<p><img loading=\"lazy\" decoding=\"async\" class=\"aligncenter size-full wp-image-17502\" src=\"https:\/\/eurogoldvietnam.com\/wp-content\/uploads\/2024\/01\/BL300-web-1.jpg\" sizes=\"auto, (max-width: 800px) 100vw, 800px\" srcset=\"https:\/\/eurogoldvietnam.com\/wp-content\/uploads\/2024\/01\/BL300-web-1.jpg 800w, https:\/\/eurogoldvietnam.com\/wp-content\/uploads\/2024\/01\/BL300-web-1-300x300.jpg 300w, https:\/\/eurogoldvietnam.com\/wp-content\/uploads\/2024\/01\/BL300-web-1-150x150.jpg 150w, https:\/\/eurogoldvietnam.com\/wp-content\/uploads\/2024\/01\/BL300-web-1-768x768.jpg 768w, https:\/\/eurogoldvietnam.com\/wp-content\/uploads\/2024\/01\/BL300-web-1-370x370.jpg 370w, https:\/\/eurogoldvietnam.com\/wp-content\/uploads\/2024\/01\/BL300-web-1-100x100.jpg 100w\" alt=\"\" width=\"800\" height=\"800\" \/><\/p>\n","protected":false},"excerpt":{"rendered":"<div class=\"mf-entry-product-header\">\n<div class=\"entry-left\">\n<table class=\"NormalTable\" border=\"23\">\n<tbody>\n<tr>\n<td width=\"112\"><strong><span class=\"fontstyle0\">M\u00e3 s\u1ea3n ph\u1ea9m<\/span><\/strong><\/td>\n<td width=\"175\"><strong><span class=\"fontstyle0\">Quy c\u00e1ch s\u1ea3n ph\u1ea9m<br \/>\nR\u1ed9ng * S\u00e2u * Cao (mm)<\/span><\/strong><\/td>\n<td width=\"141\"><strong><span class=\"fontstyle0\">Chi\u1ec1u r\u1ed9ng t\u1ee7 (mm)<\/span><\/strong><\/td>\n<td width=\"98\"><strong><span class=\"fontstyle0\">\u0110\u01a1n v\u1ecb t\u00ednh<\/span><\/strong><\/td>\n<\/tr>\n<tr>\n<td width=\"112\"><strong><span class=\"fontstyle0\">BL300<\/span><\/strong><\/td>\n<td width=\"175\"><strong><span class=\"fontstyle0\">W260*D480*H425<\/span><\/strong><\/td>\n<td width=\"141\"><strong><span class=\"fontstyle0\">300<\/span><\/strong><\/td>\n<td width=\"98\"><strong><span class=\"fontstyle0\">B\u1ed9<\/span><\/strong><\/td>\n<\/tr>\n<\/tbody>\n<\/table>\n<\/div>\n<\/div>\n","protected":false},"featured_media":3086,"comment_status":"open","ping_status":"closed","template":"","meta":[],"product_brand":[],"product_cat":[55,58],"product_tag":[],"class_list":{"0":"post-3085","1":"product","2":"type-product","3":"status-publish","4":"has-post-thumbnail","6":"product_cat-phu-kien-tu-bep","7":"product_cat-eurogold","9":"first","10":"instock","11":"shipping-taxable","12":"product-type-simple"},"_links":{"self":[{"href":"https:\/\/nhadepbepxinh.com.vn\/index.php?rest_route=\/wp\/v2\/product\/3085","targetHints":{"allow":["GET"]}}],"collection":[{"href":"https:\/\/nhadepbepxinh.com.vn\/index.php?rest_route=\/wp\/v2\/product"}],"about":[{"href":"https:\/\/nhadepbepxinh.com.vn\/index.php?rest_route=\/wp\/v2\/types\/product"}],"replies":[{"embeddable":true,"href":"https:\/\/nhadepbepxinh.com.vn\/index.php?rest_route=%2Fwp%2Fv2%2Fcomments&post=3085"}],"wp:featuredmedia":[{"embeddable":true,"href":"https:\/\/nhadepbepxinh.com.vn\/index.php?rest_route=\/wp\/v2\/media\/3086"}],"wp:attachment":[{"href":"https:\/\/nhadepbepxinh.com.vn\/index.php?rest_route=%2Fwp%2Fv2%2Fmedia&parent=3085"}],"wp:term":[{"taxonomy":"product_brand","embeddable":true,"href":"https:\/\/nhadepbepxinh.com.vn\/index.php?rest_route=%2Fwp%2Fv2%2Fproduct_brand&post=3085"},{"taxonomy":"product_cat","embeddable":true,"href":"https:\/\/nhadepbepxinh.com.vn\/index.php?rest_route=%2Fwp%2Fv2%2Fproduct_cat&post=3085"},{"taxonomy":"product_tag","embeddable":true,"href":"https:\/\/nhadepbepxinh.com.vn\/index.php?rest_route=%2Fwp%2Fv2%2Fproduct_tag&post=3085"}],"curies":[{"name":"wp","href":"https:\/\/api.w.org\/{rel}","templated":true}]}}