{"id":3081,"date":"2025-03-30T16:32:21","date_gmt":"2025-03-30T09:32:21","guid":{"rendered":"https:\/\/nhadepbepxinh.com.vn\/?post_type=product&#038;p=3081"},"modified":"2025-03-30T16:32:21","modified_gmt":"2025-03-30T09:32:21","slug":"thung-gao-mat-guong-nut-nhan-eurogold","status":"publish","type":"product","link":"https:\/\/nhadepbepxinh.com.vn\/?product=thung-gao-mat-guong-nut-nhan-eurogold","title":{"rendered":"THU\u0300NG GA\u0323O M\u0102\u0323T G\u01af\u01a0NG NU\u0301T NH\u00c2\u0301N EUROGOLD"},"content":{"rendered":"<p>Th\u00f9ng G\u1ea1o G\u01b0\u01a1ng N\u00fat Nh\u1ea5n\u00a0 Eurogold\u00a0l\u00e0 m\u1ed9t s\u1ea3n ph\u1ea9m thi\u1ebft y\u1ebfu cho kh\u00f4ng gian b\u1ebfp hi\u1ec7n \u0111\u1ea1i. V\u1edbi thi\u1ebft k\u1ebf g\u01b0\u01a1ng sang tr\u1ecdng v\u00e0 n\u00fat nh\u1ea5n m\u00e0u b\u1ea1c tinh t\u1ebf. B301 kh\u00f4ng ch\u1ec9 l\u00e0 gi\u1ea3i ph\u00e1p l\u01b0u tr\u1eef g\u1ea1o ti\u1ec7n \u00edch m\u00e0 c\u00f2n l\u00e0 \u0111i\u1ec3m nh\u1ea5n trang tr\u00ed cho b\u1ebfp c\u1ee7a b\u1ea1n. Ch\u1ea5t li\u1ec7u ch\u1ed1ng ch\u00e1y v\u00e0 an to\u00e0n cho th\u1ef1c ph\u1ea9m \u0111\u1ea3m b\u1ea3o s\u1ef1 an t\u00e2m khi s\u1eed d\u1ee5ng. Trong khi kh\u1ea3 n\u0103ng ch\u1ee9a l\u01b0\u1ee3ng l\u1edbn g\u1ea1o gi\u00fap t\u1ed1i \u01b0u h\u00f3a kh\u00f4ng gian b\u1ebfp. C\u00f9ng\u00a0Eurogold Vi\u1ec7t Nam\u00a0t\u00ecm hi\u1ec3u s\u1ea3n ph\u1ea9m n\u00e0y b\u1ea1n nh\u00e9 !!<\/p>\n<p><img loading=\"lazy\" decoding=\"async\" class=\"aligncenter wp-image-17344\" src=\"https:\/\/eurogoldvietnam.com\/wp-content\/uploads\/2024\/01\/Screenshot-2024-01-20-140558.webp\" sizes=\"auto, (max-width: 600px) 100vw, 600px\" srcset=\"https:\/\/eurogoldvietnam.com\/wp-content\/uploads\/2024\/01\/Screenshot-2024-01-20-140558.webp 310w, https:\/\/eurogoldvietnam.com\/wp-content\/uploads\/2024\/01\/Screenshot-2024-01-20-140558-198x300.webp 198w, https:\/\/eurogoldvietnam.com\/wp-content\/uploads\/2024\/01\/Screenshot-2024-01-20-140558-300x455.webp 300w\" alt=\"\u0111\u00e2y l\u00e0 t\u1ee7 g\u1ea1o\" width=\"600\" height=\"910\" \/><\/p>\n<h2>Th\u00f9ng G\u1ea1o G\u01b0\u01a1ng N\u00fat Nh\u1ea5n : S\u1ef1 l\u1ef1a ch\u1ecdn ho\u00e0n h\u1ea3o cho kh\u00f4ng gian n\u1ed9i th\u1ea5t c\u1ee7a b\u1ea1n<\/h2>\n<h2>Th\u00f9ng g\u1ea1o g\u01b0\u01a1ng n\u00fat nh\u1ea5n \u2013 L\u1ef1a ch\u1ecdn h\u00e0ng \u0111\u1ea7u cho kh\u00f4ng gian n\u1ed9i th\u1ea5t hi\u1ec7n \u0111\u1ea1i<\/h2>\n<p>B\u1ea1n \u0111ang t\u00ecm ki\u1ebfm m\u1ed9t s\u1ea3n ph\u1ea9m th\u00f9ng g\u1ea1o g\u01b0\u01a1ng n\u00fat nh\u1ea5n ch\u1ea5t l\u01b0\u1ee3ng cao \u0111\u1ec3 trang tr\u00ed kh\u00f4ng gian n\u1ed9i th\u1ea5t c\u1ee7a b\u1ea1n? H\u00e3y \u0111\u1ec3 ch\u00fang t\u00f4i gi\u1edbi thi\u1ec7u v\u1edbi b\u1ea1n s\u1ea3n ph\u1ea9m tuy\u1ec7t v\u1eddi n\u00e0y. M\u1ed9t s\u1ef1 l\u1ef1a ch\u1ecdn ho\u00e0n h\u1ea3o cho kh\u00f4ng gian s\u1ed1ng hi\u1ec7n \u0111\u1ea1i.<\/p>\n<p>Th\u00f9ng g\u1ea1o g\u01b0\u01a1ng n\u00fat nh\u1ea5n \u00a0kh\u00f4ng ch\u1ec9 l\u00e0 m\u1ed9t s\u1ea3n ph\u1ea9m c\u00f3 ch\u1ee9c n\u0103ng l\u01b0u tr\u1eef g\u1ea1o hi\u1ec7u qu\u1ea3. M\u00e0 c\u00f2n l\u00e0 m\u1ed9t v\u1eadt trang tr\u00ed \u0111\u1eb9p m\u1eaft mang \u0111\u1ebfn v\u1ebb \u0111\u1eb9p sang tr\u1ecdng v\u00e0 tinh t\u1ebf cho kh\u00f4ng gian n\u1ed9i th\u1ea5t c\u1ee7a b\u1ea1n. V\u1edbi thi\u1ebft k\u1ebf ch\u1eafc ch\u1eafn v\u00e0 \u0111\u01b0\u1eddng n\u00e9t t\u1ec9 m\u1ec9. S\u1ea3n ph\u1ea9m n\u00e0y s\u1ebd l\u00e0m cho m\u1ecdi ng\u01b0\u1eddi kh\u00f4ng th\u1ec3 r\u1eddi m\u1eaft khi nh\u00ecn v\u00e0o n\u00f3.<\/p>\n<h3>Ch\u1ea5t li\u1ec7u v\u00e0 thi\u1ebft k\u1ebf \u0111\u1ed9c \u0111\u00e1o<\/h3>\n<p>Th\u00f9ng g\u1ea1o g\u01b0\u01a1ng n\u00fat nh\u1ea5n\u00a0 \u0111\u01b0\u1ee3c l\u00e0m t\u1eeb ch\u1ea5t li\u1ec7u cao c\u1ea5p. \u0110\u1ea3m b\u1ea3o t\u00ednh b\u1ec1n v\u1eefng v\u00e0 \u0111\u1ed9 b\u1ec1n l\u00e2u d\u00e0i. V\u1edbi m\u00e0u b\u1ea1c sang tr\u1ecdng. N\u00f3 s\u1ebd t\u1ea1o n\u00ean m\u1ed9t \u0111i\u1ec3m nh\u1ea5n ho\u00e0n h\u1ea3o cho kh\u00f4ng gian n\u1ed9i th\u1ea5t c\u1ee7a b\u1ea1n. B\u00ean c\u1ea1nh \u0111\u00f3, thi\u1ebft k\u1ebf n\u00fat nh\u1ea5n \u0111\u1ed9c \u0111\u00e1o gi\u00fap b\u1ea1n d\u1ec5 d\u00e0ng m\u1edf v\u00e0 \u0111\u00f3ng th\u00f9ng g\u1ea1o m\u1ed9t c\u00e1ch thu\u1eadn ti\u1ec7n.<\/p>\n<p><img loading=\"lazy\" decoding=\"async\" class=\"aligncenter wp-image-17345\" src=\"https:\/\/eurogoldvietnam.com\/wp-content\/uploads\/2024\/01\/Screenshot-2024-01-20-140542.webp\" sizes=\"auto, (max-width: 600px) 100vw, 600px\" srcset=\"https:\/\/eurogoldvietnam.com\/wp-content\/uploads\/2024\/01\/Screenshot-2024-01-20-140542.webp 303w, https:\/\/eurogoldvietnam.com\/wp-content\/uploads\/2024\/01\/Screenshot-2024-01-20-140542-187x300.webp 187w, https:\/\/eurogoldvietnam.com\/wp-content\/uploads\/2024\/01\/Screenshot-2024-01-20-140542-300x480.webp 300w\" alt=\"th\u00f9 gaodf\" width=\"600\" height=\"960\" \/><\/p>\n<h3>Kh\u1ea3 n\u0103ng l\u01b0u tr\u1eef v\u00e0 b\u1ea3o qu\u1ea3n g\u1ea1o t\u1ed1t nh\u1ea5t<\/h3>\n<p>Kh\u00f4ng ch\u1ec9 l\u00e0 m\u1ed9t v\u1eadt trang tr\u00ed \u0111\u1eb9p m\u1eaft,\u00a0th\u00f9ng g\u1ea1o g\u01b0\u01a1ng n\u00fat nh\u1ea5n \u00a0c\u00f2n c\u00f3 kh\u1ea3 n\u0103ng l\u01b0u tr\u1eef v\u00e0 b\u1ea3o qu\u1ea3n g\u1ea1o t\u1ed1t nh\u1ea5t. V\u1edbi k\u00edch th\u01b0\u1edbc ph\u00f9 h\u1ee3p. N\u00f3 gi\u1eef cho g\u1ea1o lu\u00f4n t\u01b0\u01a1i m\u1edbi v\u00e0 ngon mi\u1ec7ng. N\u1eafp \u0111\u1eady k\u00edn gi\u00fap ng\u0103n ch\u1eb7n s\u1ef1 ti\u1ebfp x\u00fac v\u1edbi kh\u00f4ng kh\u00ed v\u00e0 \u0111\u1ed9 \u1ea9m. \u0110\u1ea3m b\u1ea3o g\u1ea1o lu\u00f4n \u0111\u01b0\u1ee3c b\u1ea3o qu\u1ea3n t\u1ed1t nh\u1ea5t.<\/p>\n<h3>T\u1ea1o \u0111i\u1ec3m nh\u1ea5n cho kh\u00f4ng gian n\u1ed9i th\u1ea5t<\/h3>\n<p>Th\u00f9ng g\u1ea1o g\u01b0\u01a1ng n\u00fat nh\u1ea5n kh\u00f4ng ch\u1ec9 l\u00e0 m\u1ed9t s\u1ea3n ph\u1ea9m l\u01b0u tr\u1eef ti\u1ec7n \u00edch. M\u00e0 c\u00f2n l\u00e0 m\u1ed9t v\u1eadt trang tr\u00ed \u0111\u1eb9p m\u1eaft cho kh\u00f4ng gian n\u1ed9i th\u1ea5t c\u1ee7a b\u1ea1n. V\u1edbi v\u1ebb \u0111\u1eb9p sang tr\u1ecdng v\u00e0 tinh t\u1ebf, n\u00f3 s\u1ebd t\u1ea1o \u0111i\u1ec3m nh\u1ea5n \u0111\u1ed9c \u0111\u00e1o cho b\u1ebfp. Ph\u00f2ng \u0103n ho\u1eb7c nh\u00e0 h\u00e0ng c\u1ee7a b\u1ea1n. B\u1ea1n c\u00f3 th\u1ec3 \u0111\u1eb7t th\u00f9ng g\u1ea1o n\u00e0y tr\u00ean b\u00e0n \u0103n ho\u1eb7c tr\u00ean k\u1ec7 tr\u01b0ng b\u00e0y \u0111\u1ec3 t\u1ea1o n\u00ean m\u1ed9t kh\u00f4ng gian s\u1ed1ng \u0111\u1eb9p m\u1eaft v\u00e0 \u1ea5n t\u01b0\u1ee3ng.<\/p>\n","protected":false},"excerpt":{"rendered":"<table class=\"NormalTable\" border=\"09\">\n<tbody>\n<tr>\n<td width=\"73\"><strong><span class=\"fontstyle0\">M\u00e3 s\u1ea3n ph\u1ea9m<\/span><\/strong><\/td>\n<td width=\"156\"><strong><span class=\"fontstyle0\">Quy c\u00e1ch s\u1ea3n ph\u1ea9m<br \/>\nR\u1ed9ng * S\u00e2u * Cao (mm)<\/span><\/strong><\/td>\n<td width=\"115\"><strong><span class=\"fontstyle0\">\u0110\u1eb7c t\u00ednh<br \/>\ns\u1ea3n ph\u1ea9m<\/span><\/strong><\/td>\n<td width=\"102\"><strong><span class=\"fontstyle0\">Chi\u1ec1u r\u1ed9ng t\u1ee7<br \/>\n(mm)<\/span><\/strong><\/td>\n<td width=\"92\"><strong><span class=\"fontstyle0\">\u0110\u01a1n v\u1ecb t\u00ednh<\/span><\/strong><\/td>\n<\/tr>\n<tr>\n<td width=\"73\"><strong><span class=\"fontstyle0\">B30<\/span><\/strong><\/td>\n<td width=\"156\"><strong><span class=\"fontstyle0\">W264*D460*H650<\/span><\/strong><\/td>\n<td width=\"115\"><strong><span class=\"fontstyle0\">M\u00e0u \u0111en, ba\u0323c<\/span><\/strong><\/td>\n<td width=\"102\"><strong><span class=\"fontstyle0\">300<\/span><\/strong><\/td>\n<td width=\"92\"><strong><span class=\"fontstyle0\">B\u1ed9<\/span><\/strong><\/td>\n<\/tr>\n<\/tbody>\n<\/table>\n","protected":false},"featured_media":3082,"comment_status":"open","ping_status":"closed","template":"","meta":[],"product_brand":[],"product_cat":[55,58],"product_tag":[],"class_list":{"0":"post-3081","1":"product","2":"type-product","3":"status-publish","4":"has-post-thumbnail","6":"product_cat-phu-kien-tu-bep","7":"product_cat-eurogold","9":"first","10":"instock","11":"shipping-taxable","12":"product-type-simple"},"_links":{"self":[{"href":"https:\/\/nhadepbepxinh.com.vn\/index.php?rest_route=\/wp\/v2\/product\/3081","targetHints":{"allow":["GET"]}}],"collection":[{"href":"https:\/\/nhadepbepxinh.com.vn\/index.php?rest_route=\/wp\/v2\/product"}],"about":[{"href":"https:\/\/nhadepbepxinh.com.vn\/index.php?rest_route=\/wp\/v2\/types\/product"}],"replies":[{"embeddable":true,"href":"https:\/\/nhadepbepxinh.com.vn\/index.php?rest_route=%2Fwp%2Fv2%2Fcomments&post=3081"}],"wp:featuredmedia":[{"embeddable":true,"href":"https:\/\/nhadepbepxinh.com.vn\/index.php?rest_route=\/wp\/v2\/media\/3082"}],"wp:attachment":[{"href":"https:\/\/nhadepbepxinh.com.vn\/index.php?rest_route=%2Fwp%2Fv2%2Fmedia&parent=3081"}],"wp:term":[{"taxonomy":"product_brand","embeddable":true,"href":"https:\/\/nhadepbepxinh.com.vn\/index.php?rest_route=%2Fwp%2Fv2%2Fproduct_brand&post=3081"},{"taxonomy":"product_cat","embeddable":true,"href":"https:\/\/nhadepbepxinh.com.vn\/index.php?rest_route=%2Fwp%2Fv2%2Fproduct_cat&post=3081"},{"taxonomy":"product_tag","embeddable":true,"href":"https:\/\/nhadepbepxinh.com.vn\/index.php?rest_route=%2Fwp%2Fv2%2Fproduct_tag&post=3081"}],"curies":[{"name":"wp","href":"https:\/\/api.w.org\/{rel}","templated":true}]}}