{"id":3070,"date":"2025-03-30T16:17:07","date_gmt":"2025-03-30T09:17:07","guid":{"rendered":"https:\/\/nhadepbepxinh.com.vn\/?post_type=product&#038;p=3070"},"modified":"2025-03-30T16:17:07","modified_gmt":"2025-03-30T09:17:07","slug":"gia-gia-vi-khung-ro-inox-304-ep2230","status":"publish","type":"product","link":"https:\/\/nhadepbepxinh.com.vn\/?product=gia-gia-vi-khung-ro-inox-304-ep2230","title":{"rendered":"GIA\u0301 GIA VI\u0323 KHUNG R\u00d4\u0309 INOX 304 EP2230"},"content":{"rendered":"<h1>Gi\u00e1 gia v\u1ecb khung r\u1ed5 inox 304 EP2230 \u2013 S\u1ef1 l\u1ef1a ch\u1ecdn ho\u00e0n h\u1ea3o cho kh\u00f4ng gian b\u1ebfp c\u1ee7a b\u1ea1n<\/h1>\n<p><img loading=\"lazy\" decoding=\"async\" class=\"aligncenter wp-image-15612 size-full\" src=\"https:\/\/eurogoldvietnam.com\/wp-content\/uploads\/2024\/01\/gia-gia-vi-inox-304-eurogold-2.webp\" sizes=\"auto, (max-width: 800px) 100vw, 800px\" srcset=\"https:\/\/eurogoldvietnam.com\/wp-content\/uploads\/2024\/01\/gia-gia-vi-inox-304-eurogold-2.webp 800w, https:\/\/eurogoldvietnam.com\/wp-content\/uploads\/2024\/01\/gia-gia-vi-inox-304-eurogold-2-300x230.webp 300w, https:\/\/eurogoldvietnam.com\/wp-content\/uploads\/2024\/01\/gia-gia-vi-inox-304-eurogold-2-768x589.webp 768w, https:\/\/eurogoldvietnam.com\/wp-content\/uploads\/2024\/01\/gia-gia-vi-inox-304-eurogold-2-370x284.webp 370w\" alt=\"\" width=\"800\" height=\"614\" \/><\/p>\n<h2>Gi\u1edbi thi\u1ec7u v\u1ec1 gi\u00e1 gia v\u1ecb khung r\u1ed5 inox 304 EP2230<\/h2>\n<p>Gia v\u1ecb khung r\u1ed5 inox 304 EP2230\u00a0l\u00e0 m\u1ed9t s\u1ea3n ph\u1ea9m ch\u1ea5t l\u01b0\u1ee3ng cao \u0111\u01b0\u1ee3c thi\u1ebft k\u1ebf \u0111\u1eb7c bi\u1ec7t \u0111\u1ec3 \u0111\u00e1p \u1ee9ng nhu c\u1ea7u c\u1ee7a b\u1ea1n trong vi\u1ec7c l\u01b0u tr\u1eef v\u00e0 s\u1eafp x\u1ebfp c\u00e1c lo\u1ea1i gia v\u1ecb trong kh\u00f4ng gian b\u1ebfp. V\u1edbi ch\u1ea5t li\u1ec7u inox 304 cao c\u1ea5p, ch\u1ea5t li\u1ec7u n\u00e0y mang l\u1ea1i s\u1ef1 b\u1ec1n b\u1ec9. \u0110\u1ed9 b\u00f3ng s\u00e1ng v\u00e0 kh\u1ea3 n\u0103ng ch\u1ed1ng g\u1ec9 s\u00e9t tuy\u1ec7t v\u1eddi. \u0110\u1eb7c bi\u1ec7t, khung r\u1ed5 inox 304 EP2230 c\u00f2n \u0111\u01b0\u1ee3c thi\u1ebft k\u1ebf m\u1ed9t c\u00e1ch th\u00f4ng minh v\u1edbi nhi\u1ec1u ng\u0103n nh\u1ecf. Gi\u00fap b\u1ea1n t\u1ed5 ch\u1ee9c t\u1ed1t h\u01a1n v\u00e0 ti\u1ebft ki\u1ec7m di\u1ec7n t\u00edch.<\/p>\n<h2>L\u1ee3i \u00edch c\u1ee7a gi\u00e1 gia v\u1ecb khung r\u1ed5 inox 304 EP2230<\/h2>\n<p>1. Ch\u1ea5t li\u1ec7u inox 304 ch\u1ea5t l\u01b0\u1ee3ng cao:\u00a0Gi\u00e1 gia v\u1ecb khung r\u1ed5 inox 304 EP2230\u00a0\u0111\u01b0\u1ee3c l\u00e0m t\u1eeb ch\u1ea5t li\u1ec7u inox 304 cao c\u1ea5p. \u0110\u1ea3m b\u1ea3o s\u1ef1 b\u1ec1n b\u1ec9 v\u00e0 ch\u1ed1ng g\u1ec9 s\u00e9t hi\u1ec7u qu\u1ea3. B\u1ea1n c\u00f3 th\u1ec3 y\u00ean t\u00e2m s\u1eed d\u1ee5ng s\u1ea3n ph\u1ea9m n\u00e0y trong th\u1eddi gian d\u00e0i m\u00e0 kh\u00f4ng ph\u1ea3i lo l\u1eafng v\u1ec1 vi\u1ec7c xu\u1ed1ng c\u1ea5p hay h\u1ecfng h\u00f3c.<\/p>\n<p><img loading=\"lazy\" decoding=\"async\" class=\"aligncenter wp-image-15611\" src=\"https:\/\/eurogoldvietnam.com\/wp-content\/uploads\/2024\/01\/gia-gia-vi-Eurogold-EP2220-700x500-1.jpg\" sizes=\"auto, (max-width: 800px) 100vw, 800px\" srcset=\"https:\/\/eurogoldvietnam.com\/wp-content\/uploads\/2024\/01\/gia-gia-vi-Eurogold-EP2220-700x500-1.jpg 700w, https:\/\/eurogoldvietnam.com\/wp-content\/uploads\/2024\/01\/gia-gia-vi-Eurogold-EP2220-700x500-1-300x214.jpg 300w, https:\/\/eurogoldvietnam.com\/wp-content\/uploads\/2024\/01\/gia-gia-vi-Eurogold-EP2220-700x500-1-370x264.jpg 370w\" alt=\"\" width=\"800\" height=\"571\" \/><\/p>\n<p>2. Thi\u1ebft k\u1ebf th\u00f4ng minh v\u00e0 ti\u1ec7n \u00edch: Khung r\u1ed5 inox 304 EP2230 \u0111\u01b0\u1ee3c thi\u1ebft k\u1ebf v\u1edbi nhi\u1ec1u ng\u0103n nh\u1ecf \u0111\u1ec3 b\u1ea1n c\u00f3 th\u1ec3 t\u1ed5 ch\u1ee9c v\u00e0 s\u1eafp x\u1ebfp c\u00e1c lo\u1ea1i gia v\u1ecb m\u1ed9t c\u00e1ch khoa h\u1ecdc. \u0110i\u1ec1u n\u00e0y gi\u00fap b\u1ea1n ti\u1ebft ki\u1ec7m th\u1eddi gian v\u00e0 c\u00f4ng s\u1ee9c khi t\u00ecm ki\u1ebfm gia v\u1ecb c\u1ea7n thi\u1ebft trong qu\u00e1 tr\u00ecnh n\u1ea5u n\u01b0\u1edbng.<\/p>\n<h2>T\u1ea1i sao n\u00ean l\u1ef1a ch\u1ecdn gi\u00e1 gia v\u1ecb khung r\u1ed5 inox 304 EP2230?<\/h2>\n<p>1. Ch\u1ea5t l\u01b0\u1ee3ng \u0111\u00e1ng tin c\u1eady: s\u1ea3n ph\u1ea9m tr\u00ean \u0111\u01b0\u1ee3c s\u1ea3n xu\u1ea5t t\u1eeb ch\u1ea5t li\u1ec7u cao c\u1ea5p. Ch\u1ea5t l\u01b0\u1ee3ng \u0111\u00e1ng tin c\u1eady v\u00e0 \u0111\u1ea3m b\u1ea3o tu\u1ed5i th\u1ecd d\u00e0i. B\u1ea1n c\u00f3 th\u1ec3 y\u00ean t\u00e2m s\u1eed d\u1ee5ng s\u1ea3n ph\u1ea9m n\u00e0y m\u00e0 kh\u00f4ng ph\u1ea3i lo l\u1eafng v\u1ec1 v\u1ea5n \u0111\u1ec1 ch\u1ea5t l\u01b0\u1ee3ng.<\/p>\n<p><img loading=\"lazy\" decoding=\"async\" class=\"aligncenter wp-image-15613 size-full\" src=\"https:\/\/eurogoldvietnam.com\/wp-content\/uploads\/2024\/01\/Gia-vi-khung-ro-inox-EP2220-1.jpg\" sizes=\"auto, (max-width: 800px) 100vw, 800px\" srcset=\"https:\/\/eurogoldvietnam.com\/wp-content\/uploads\/2024\/01\/Gia-vi-khung-ro-inox-EP2220-1.jpg 800w, https:\/\/eurogoldvietnam.com\/wp-content\/uploads\/2024\/01\/Gia-vi-khung-ro-inox-EP2220-1-300x300.jpg 300w, https:\/\/eurogoldvietnam.com\/wp-content\/uploads\/2024\/01\/Gia-vi-khung-ro-inox-EP2220-1-150x150.jpg 150w, https:\/\/eurogoldvietnam.com\/wp-content\/uploads\/2024\/01\/Gia-vi-khung-ro-inox-EP2220-1-768x768.jpg 768w, https:\/\/eurogoldvietnam.com\/wp-content\/uploads\/2024\/01\/Gia-vi-khung-ro-inox-EP2220-1-370x370.jpg 370w, https:\/\/eurogoldvietnam.com\/wp-content\/uploads\/2024\/01\/Gia-vi-khung-ro-inox-EP2220-1-100x100.jpg 100w\" alt=\"\" width=\"800\" height=\"800\" \/><\/p>\n<p>2. Thi\u1ebft k\u1ebf th\u00f4ng minh v\u00e0 ti\u1ec7n \u00edch: S\u1ea3n ph\u1ea9m \u0111\u01b0\u1ee3c thi\u1ebft k\u1ebf \u0111\u1eb7c bi\u1ec7t v\u1edbi nhi\u1ec1u ng\u0103n nh\u1ecf. Gi\u00fap b\u1ea1n t\u1ed5 ch\u1ee9c v\u00e0 s\u1eafp x\u1ebfp gia v\u1ecb m\u1ed9t c\u00e1ch khoa h\u1ecdc. \u0110i\u1ec1u n\u00e0y gi\u00fap b\u1ea1n ti\u1ebft ki\u1ec7m th\u1eddi gian v\u00e0 t\u0103ng kh\u1ea3 n\u0103ng t\u00ecm ki\u1ebfm c\u00e1c lo\u1ea1i gia v\u1ecb c\u1ea7n thi\u1ebft trong qu\u00e1 tr\u00ecnh n\u1ea5u n\u01b0\u1edbng.<\/p>\n","protected":false},"excerpt":{"rendered":"<table class=\"NormalTable\">\n<tbody>\n<tr>\n<td width=\"113\"><strong><span class=\"fontstyle0\">M\u00e3 s\u1ea3n ph\u1ea9m<\/span><\/strong><\/td>\n<td width=\"175\"><strong><span class=\"fontstyle0\">Quy c\u00e1ch s\u1ea3n ph\u1ea9m<br \/>\nR\u1ed9ng * S\u00e2u * Cao (mm)<\/span><\/strong><\/td>\n<td width=\"122\"><strong><span class=\"fontstyle0\">Chi\u1ec1u r\u1ed9ng t\u1ee7<\/span><\/strong><\/td>\n<td width=\"139\"><strong><span class=\"fontstyle0\">Ch\u1ea5t li\u1ec7u<\/span><\/strong><\/td>\n<\/tr>\n<tr>\n<td width=\"113\"><strong><span class=\"fontstyle0\">EP2230<\/span><\/strong><\/td>\n<td width=\"175\"><strong><span class=\"fontstyle0\">W260*D475*H465<\/span><\/strong><\/td>\n<td width=\"122\"><strong><span class=\"fontstyle0\">300<\/span><\/strong><\/td>\n<td width=\"139\"><strong><span class=\"fontstyle0\">Inox 304<\/span><\/strong><\/td>\n<\/tr>\n<\/tbody>\n<\/table>\n","protected":false},"featured_media":3071,"comment_status":"open","ping_status":"closed","template":"","meta":[],"product_brand":[],"product_cat":[55,58],"product_tag":[],"class_list":{"0":"post-3070","1":"product","2":"type-product","3":"status-publish","4":"has-post-thumbnail","6":"product_cat-phu-kien-tu-bep","7":"product_cat-eurogold","9":"first","10":"instock","11":"shipping-taxable","12":"product-type-simple"},"_links":{"self":[{"href":"https:\/\/nhadepbepxinh.com.vn\/index.php?rest_route=\/wp\/v2\/product\/3070","targetHints":{"allow":["GET"]}}],"collection":[{"href":"https:\/\/nhadepbepxinh.com.vn\/index.php?rest_route=\/wp\/v2\/product"}],"about":[{"href":"https:\/\/nhadepbepxinh.com.vn\/index.php?rest_route=\/wp\/v2\/types\/product"}],"replies":[{"embeddable":true,"href":"https:\/\/nhadepbepxinh.com.vn\/index.php?rest_route=%2Fwp%2Fv2%2Fcomments&post=3070"}],"wp:featuredmedia":[{"embeddable":true,"href":"https:\/\/nhadepbepxinh.com.vn\/index.php?rest_route=\/wp\/v2\/media\/3071"}],"wp:attachment":[{"href":"https:\/\/nhadepbepxinh.com.vn\/index.php?rest_route=%2Fwp%2Fv2%2Fmedia&parent=3070"}],"wp:term":[{"taxonomy":"product_brand","embeddable":true,"href":"https:\/\/nhadepbepxinh.com.vn\/index.php?rest_route=%2Fwp%2Fv2%2Fproduct_brand&post=3070"},{"taxonomy":"product_cat","embeddable":true,"href":"https:\/\/nhadepbepxinh.com.vn\/index.php?rest_route=%2Fwp%2Fv2%2Fproduct_cat&post=3070"},{"taxonomy":"product_tag","embeddable":true,"href":"https:\/\/nhadepbepxinh.com.vn\/index.php?rest_route=%2Fwp%2Fv2%2Fproduct_tag&post=3070"}],"curies":[{"name":"wp","href":"https:\/\/api.w.org\/{rel}","templated":true}]}}