{"id":3061,"date":"2025-03-30T16:10:40","date_gmt":"2025-03-30T09:10:40","guid":{"rendered":"https:\/\/nhadepbepxinh.com.vn\/?post_type=product&#038;p=3061"},"modified":"2025-03-30T16:10:40","modified_gmt":"2025-03-30T09:10:40","slug":"gia-xoong-noi-inox-304-gan-canh-am-tu-ep80b","status":"publish","type":"product","link":"https:\/\/nhadepbepxinh.com.vn\/?product=gia-xoong-noi-inox-304-gan-canh-am-tu-ep80b","title":{"rendered":"GIA\u0301 XOONG N\u00d4\u0300I INOX 304 G\u0102\u0301N CA\u0301NH \u00c2M TU\u0309 EP80B"},"content":{"rendered":"<p>Tr\u00ean th\u1ecb tr\u01b0\u1eddng hi\u1ec7n nay,\u00a0gi\u00e1 xoong n\u1ed3i inox 304 g\u1eafn c\u00e1nh \u00e2m t\u1ee7 EP80B\u00a0\u0111\u01b0\u1ee3c \u0111\u00e1nh gi\u00e1 cao v\u1ec1 ch\u1ea5t l\u01b0\u1ee3ng v\u00e0 gi\u00e1 c\u1ea3 h\u1ee3p l\u00fd. V\u1edbi nh\u1eefng \u01b0u \u0111i\u1ec3m n\u1ed5i b\u1eadt nh\u01b0 ch\u1ea5t li\u1ec7u inox 304, thi\u1ebft k\u1ebf g\u1eafn c\u00e1nh \u00e2m t\u1ee7. K\u00edch th\u01b0\u1edbc ph\u00f9 h\u1ee3p v\u00e0 d\u1ec5 d\u00e0ng v\u1ec7 sinh. S\u1ea3n ph\u1ea9m n\u00e0y \u0111\u00e1ng \u0111\u1ec3 b\u1ea1n xem x\u00e9t v\u00e0 l\u1ef1a ch\u1ecdn cho kh\u00f4ng gian b\u1ebfp c\u1ee7a m\u00ecnh.<\/p>\n<p><iframe loading=\"lazy\" title=\"YouTube video player\" src=\"https:\/\/www.youtube.com\/embed\/rac_UN3gTw8?si=okbgy6XLssGbEBaX\" width=\"960\" height=\"600\" frameborder=\"0\" allowfullscreen=\"allowfullscreen\"><\/iframe><\/p>\n<h2>Gi\u00e1 xoong n\u1ed3i inox 304 g\u1eafn c\u00e1nh \u00e2m t\u1ee7 EP80B: Ch\u1ea5t l\u01b0\u1ee3ng cao v\u1edbi gi\u00e1 c\u1ea3 h\u1ee3p l\u00fd<\/h2>\n<p><img loading=\"lazy\" decoding=\"async\" class=\"aligncenter wp-image-15751 size-large\" src=\"https:\/\/eurogoldvietnam.com\/wp-content\/uploads\/2024\/01\/gia-xoong-noi-inox-mo-cao-cap-am-tu-eurogold-ep60b-1024x694.webp\" sizes=\"auto, (max-width: 840px) 100vw, 840px\" srcset=\"https:\/\/eurogoldvietnam.com\/wp-content\/uploads\/2024\/01\/gia-xoong-noi-inox-mo-cao-cap-am-tu-eurogold-ep60b-1024x694.webp 1024w, https:\/\/eurogoldvietnam.com\/wp-content\/uploads\/2024\/01\/gia-xoong-noi-inox-mo-cao-cap-am-tu-eurogold-ep60b-300x203.webp 300w, https:\/\/eurogoldvietnam.com\/wp-content\/uploads\/2024\/01\/gia-xoong-noi-inox-mo-cao-cap-am-tu-eurogold-ep60b-768x521.webp 768w, https:\/\/eurogoldvietnam.com\/wp-content\/uploads\/2024\/01\/gia-xoong-noi-inox-mo-cao-cap-am-tu-eurogold-ep60b-1536x1041.webp 1536w, https:\/\/eurogoldvietnam.com\/wp-content\/uploads\/2024\/01\/gia-xoong-noi-inox-mo-cao-cap-am-tu-eurogold-ep60b-370x251.webp 370w, https:\/\/eurogoldvietnam.com\/wp-content\/uploads\/2024\/01\/gia-xoong-noi-inox-mo-cao-cap-am-tu-eurogold-ep60b.webp 2000w\" alt=\"Gi\u00e1 xoong n\u1ed3i inox m\u1edd cao c\u1ea5p Eurogold\" width=\"840\" height=\"569\" \/><\/p>\n<h2>Gi\u1edbi thi\u1ec7u v\u1ec1 xoong n\u1ed3i inox 304 g\u1eafn c\u00e1nh \u00e2m t\u1ee7 EP80B<\/h2>\n<p>Gi\u00e1 xoong n\u1ed3i inox 304 g\u1eafn c\u00e1nh \u00e2m t\u1ee7 EP80B\u00a0l\u00e0 m\u1ed9t s\u1ea3n ph\u1ea9m ch\u1ea5t l\u01b0\u1ee3ng cao \u0111\u01b0\u1ee3c thi\u1ebft k\u1ebf \u0111\u1eb7c bi\u1ec7t cho vi\u1ec7c s\u1eed d\u1ee5ng trong kh\u00f4ng gian b\u1ebfp. V\u1edbi ch\u1ea5t li\u1ec7u inox 304. S\u1ea3n ph\u1ea9m n\u00e0y \u0111\u1ea3m b\u1ea3o t\u00ednh b\u1ec1n v\u1eefng v\u00e0 \u0111\u1ed9 b\u1ec1n cao trong qu\u00e1 tr\u00ecnh s\u1eed d\u1ee5ng.<\/p>\n<h2>\u01afu \u0111i\u1ec3m c\u1ee7a xoong n\u1ed3i inox 304 g\u1eafn c\u00e1nh \u00e2m t\u1ee7 EP80B<\/h2>\n<p>1. Ch\u1ea5t li\u1ec7u inox 304: S\u1ea3n ph\u1ea9m \u0111\u01b0\u1ee3c l\u00e0m t\u1eeb inox 304. M\u1ed9t lo\u1ea1i v\u1eadt li\u1ec7u ch\u1ed1ng g\u1ec9 v\u00e0 ch\u1ed1ng \u0103n m\u00f2n tuy\u1ec7t v\u1eddi. \u0110i\u1ec1u n\u00e0y \u0111\u1ea3m b\u1ea3o r\u1eb1ng xoong n\u1ed3i s\u1ebd gi\u1eef \u0111\u01b0\u1ee3c v\u1ebb \u0111\u1eb9p v\u00e0 s\u1ef1 ch\u1eafc ch\u1eafn trong th\u1eddi gian d\u00e0i s\u1eed d\u1ee5ng.<\/p>\n<p>2. Thi\u1ebft k\u1ebf g\u1eafn c\u00e1nh \u00e2m t\u1ee7: V\u1edbi thi\u1ebft k\u1ebf n\u00e0y. Xoong n\u1ed3i c\u00f3 th\u1ec3 \u0111\u01b0\u1ee3c g\u1eafn v\u00e0o c\u00e1nh \u00e2m t\u1ee7. Gi\u00fap ti\u1ebft ki\u1ec7m kh\u00f4ng gian v\u00e0 t\u1ea1o ra m\u1ed9t kh\u00f4ng gian b\u1ebfp g\u1ecdn g\u00e0ng, hi\u1ec7n \u0111\u1ea1i.<\/p>\n<p><img loading=\"lazy\" decoding=\"async\" class=\"aligncenter wp-image-15752\" src=\"https:\/\/eurogoldvietnam.com\/wp-content\/uploads\/2024\/01\/EG6260-2-scaled-1.webp\" sizes=\"auto, (max-width: 800px) 100vw, 800px\" srcset=\"https:\/\/eurogoldvietnam.com\/wp-content\/uploads\/2024\/01\/EG6260-2-scaled-1.webp 2560w, https:\/\/eurogoldvietnam.com\/wp-content\/uploads\/2024\/01\/EG6260-2-scaled-1-300x225.webp 300w, https:\/\/eurogoldvietnam.com\/wp-content\/uploads\/2024\/01\/EG6260-2-scaled-1-1024x768.webp 1024w, https:\/\/eurogoldvietnam.com\/wp-content\/uploads\/2024\/01\/EG6260-2-scaled-1-768x576.webp 768w, https:\/\/eurogoldvietnam.com\/wp-content\/uploads\/2024\/01\/EG6260-2-scaled-1-1536x1152.webp 1536w, https:\/\/eurogoldvietnam.com\/wp-content\/uploads\/2024\/01\/EG6260-2-scaled-1-2048x1536.webp 2048w, https:\/\/eurogoldvietnam.com\/wp-content\/uploads\/2024\/01\/EG6260-2-scaled-1-370x278.webp 370w\" alt=\"h\u00ecnh th\u1ef1c t\u1ebf k\u1ec7 inox ch\u1ea5t l\u01b0\u1ee3ng cao\" width=\"800\" height=\"600\" \/><\/p>\n<p>3. K\u00edch th\u01b0\u1edbc ph\u00f9 h\u1ee3p: gi\u00e1 xoong n\u1ed3i c\u00f3 k\u00edch th\u01b0\u1edbc ph\u00f9 h\u1ee3p v\u1edbi nhi\u1ec1u kh\u00f4ng gian b\u1ebfp kh\u00e1c nhau. T\u1eeb nh\u1ecf nh\u1ea5t \u0111\u1ebfn l\u1edbn nh\u1ea5t. B\u1ea1n c\u00f3 th\u1ec3 t\u00f9y ch\u1ec9nh v\u00e0 l\u1eafp \u0111\u1eb7t theo \u00fd mu\u1ed1n c\u1ee7a m\u00ecnh.<\/p>\n<p>4. D\u1ec5 d\u00e0ng v\u1ec7 sinh: V\u1edbi b\u1ec1 m\u1eb7t kh\u00f4ng g\u1ec9,\u00a0gi\u00e1 xoong n\u1ed3i inox 304 g\u1eafn c\u00e1nh \u00e2m t\u1ee7 EP80B\u00a0d\u1ec5 d\u00e0ng v\u1ec7 sinh v\u00e0 b\u1ea3o qu\u1ea3n. B\u1ea1n ch\u1ec9 c\u1ea7n s\u1eed d\u1ee5ng n\u01b0\u1edbc v\u00e0 m\u1ed9t ch\u00fat x\u00e0 ph\u00f2ng \u0111\u1ec3 l\u00e0m s\u1ea1ch m\u1ecdi v\u1ebft b\u1ea9n.<\/p>\n<p>&nbsp;<\/p>\n","protected":false},"excerpt":{"rendered":"<table class=\"NormalTable\">\n<tbody>\n<tr>\n<td width=\"112\"><strong><span class=\"fontstyle0\">M\u00e3 s\u1ea3n ph\u1ea9m<\/span><\/strong><\/td>\n<td width=\"175\"><strong><span class=\"fontstyle0\">Quy c\u00e1ch s\u1ea3n ph\u1ea9m<br \/>\nR\u1ed9ng * S\u00e2u * Cao (mm)<\/span><\/strong><\/td>\n<td width=\"142\"><strong><span class=\"fontstyle0\">Chi\u1ec1u r\u1ed9ng t\u1ee7<br \/>\n(mm)<\/span><\/strong><\/td>\n<td width=\"88\"><strong><span class=\"fontstyle0\">Ch\u1ea5t li\u1ec7u<\/span><\/strong><\/td>\n<\/tr>\n<tr>\n<td width=\"112\"><strong><span class=\"fontstyle0\">EP80B<\/span><\/strong><\/td>\n<td width=\"175\"><strong><span class=\"fontstyle0\">W765*D480*H175<\/span><\/strong><\/td>\n<td width=\"142\"><strong><span class=\"fontstyle0\">800<\/span><\/strong><\/td>\n<td width=\"88\"><strong><span class=\"fontstyle0\">Inox 304<\/span><\/strong><\/td>\n<\/tr>\n<\/tbody>\n<\/table>\n","protected":false},"featured_media":3062,"comment_status":"open","ping_status":"closed","template":"","meta":[],"product_brand":[],"product_cat":[55,58],"product_tag":[],"class_list":{"0":"post-3061","1":"product","2":"type-product","3":"status-publish","4":"has-post-thumbnail","6":"product_cat-phu-kien-tu-bep","7":"product_cat-eurogold","9":"first","10":"instock","11":"shipping-taxable","12":"product-type-simple"},"_links":{"self":[{"href":"https:\/\/nhadepbepxinh.com.vn\/index.php?rest_route=\/wp\/v2\/product\/3061","targetHints":{"allow":["GET"]}}],"collection":[{"href":"https:\/\/nhadepbepxinh.com.vn\/index.php?rest_route=\/wp\/v2\/product"}],"about":[{"href":"https:\/\/nhadepbepxinh.com.vn\/index.php?rest_route=\/wp\/v2\/types\/product"}],"replies":[{"embeddable":true,"href":"https:\/\/nhadepbepxinh.com.vn\/index.php?rest_route=%2Fwp%2Fv2%2Fcomments&post=3061"}],"wp:featuredmedia":[{"embeddable":true,"href":"https:\/\/nhadepbepxinh.com.vn\/index.php?rest_route=\/wp\/v2\/media\/3062"}],"wp:attachment":[{"href":"https:\/\/nhadepbepxinh.com.vn\/index.php?rest_route=%2Fwp%2Fv2%2Fmedia&parent=3061"}],"wp:term":[{"taxonomy":"product_brand","embeddable":true,"href":"https:\/\/nhadepbepxinh.com.vn\/index.php?rest_route=%2Fwp%2Fv2%2Fproduct_brand&post=3061"},{"taxonomy":"product_cat","embeddable":true,"href":"https:\/\/nhadepbepxinh.com.vn\/index.php?rest_route=%2Fwp%2Fv2%2Fproduct_cat&post=3061"},{"taxonomy":"product_tag","embeddable":true,"href":"https:\/\/nhadepbepxinh.com.vn\/index.php?rest_route=%2Fwp%2Fv2%2Fproduct_tag&post=3061"}],"curies":[{"name":"wp","href":"https:\/\/api.w.org\/{rel}","templated":true}]}}