{"id":3040,"date":"2025-03-30T15:50:48","date_gmt":"2025-03-30T08:50:48","guid":{"rendered":"https:\/\/nhadepbepxinh.com.vn\/?post_type=product&#038;p=3040"},"modified":"2025-03-30T15:50:49","modified_gmt":"2025-03-30T08:50:49","slug":"gia-bat-dia-nang-ha-inox-304-eui180","status":"publish","type":"product","link":"https:\/\/nhadepbepxinh.com.vn\/?product=gia-bat-dia-nang-ha-inox-304-eui180","title":{"rendered":"GIA\u0301 BA\u0301T \u0110I\u0303A N\u00c2NG HA\u0323 INOX 304  EUI180"},"content":{"rendered":"<p><strong>Gi\u00e1 b\u00e1t di \u0111\u1ed9ng Eurogold inox 304 EUI180<\/strong> l\u00e0 gi\u1ea3i ph\u00e1p ho\u00e0n h\u1ea3o cho kh\u00f4ng gian b\u1ebfp hi\u1ec7n \u0111\u1ea1i. S\u1eed d\u1ee5ng ch\u1ea5t li\u1ec7u inox 304 cao c\u1ea5p. S\u1ea3n ph\u1ea9m kh\u00f4ng ch\u1ec9 \u0111\u1ea3m b\u1ea3o \u0111\u1ed9 b\u1ec1n v\u00e0 ch\u1ed1ng \u0103n m\u00f2n m\u00e0 c\u00f2n mang \u0111\u1ebfn v\u1ebb \u0111\u1eb9p s\u00e1ng b\u00f3ng. Gi\u00e1 th\u00e0nh h\u1ee3p l\u00fd,\u00a0thi\u1ebft k\u1ebf n\u00e2ng h\u1ea1 linh ho\u1ea1t gi\u00fap t\u1ed1i \u01b0u h\u00f3a kh\u00f4ng gian v\u00e0 t\u1ea1o ra tr\u1ea3i nghi\u1ec7m s\u1eed d\u1ee5ng thu\u1eadn ti\u1ec7n. EUI180 l\u00e0 s\u1ef1 k\u1ebft h\u1ee3p \u0111\u1ed9c \u0111\u00e1o gi\u1eefa ch\u1ee9c n\u0103ng v\u00e0 th\u1ea9m m\u1ef9, l\u00e0m t\u0103ng gi\u00e1 tr\u1ecb v\u00e0 ti\u1ec7n \u00edch cho b\u1ebfp c\u1ee7a b\u1ea1n.<\/p>\n<h2>Gi\u00e1 b\u00e1t \u0111\u0129a n\u00e2ng h\u1ea1 inox 304 EUI180: T\u00ecm hi\u1ec3u v\u1ec1 s\u1ea3n ph\u1ea9m ch\u1ea5t l\u01b0\u1ee3ng cao<\/h2>\n<p><img loading=\"lazy\" decoding=\"async\" class=\"aligncenter size-full wp-image-18144\" src=\"https:\/\/eurogoldvietnam.com\/wp-content\/uploads\/2024\/01\/gia-bat-nang-ha-inox-304-eurogold-eui180-1.webp\" sizes=\"auto, (max-width: 720px) 100vw, 720px\" srcset=\"https:\/\/eurogoldvietnam.com\/wp-content\/uploads\/2024\/01\/gia-bat-nang-ha-inox-304-eurogold-eui180-1.webp 720w, https:\/\/eurogoldvietnam.com\/wp-content\/uploads\/2024\/01\/gia-bat-nang-ha-inox-304-eurogold-eui180-1-300x300.webp 300w, https:\/\/eurogoldvietnam.com\/wp-content\/uploads\/2024\/01\/gia-bat-nang-ha-inox-304-eurogold-eui180-1-150x150.webp 150w, https:\/\/eurogoldvietnam.com\/wp-content\/uploads\/2024\/01\/gia-bat-nang-ha-inox-304-eurogold-eui180-1-370x370.webp 370w, https:\/\/eurogoldvietnam.com\/wp-content\/uploads\/2024\/01\/gia-bat-nang-ha-inox-304-eurogold-eui180-1-100x100.webp 100w\" alt=\"Gi\u00e1 b\u00e1t di \u0111\u1ed9ng inox 304 EUI180\" width=\"720\" height=\"720\" \/><\/p>\n<h2>T\u00ednh n\u0103ng v\u00e0 \u01b0u \u0111i\u1ec3m c\u1ee7a\u00a0gi\u00e1 b\u00e1t di \u0111\u1ed9ng Eurogold\u00a0inox 304 EUI180<\/h2>\n<p><em>Gi\u00e1 b\u00e1t \u0111\u0129a n\u00e2ng h\u1ea1 inox 304 EUI180<\/em>\u00a0c\u00f3 nhi\u1ec1u t\u00ednh n\u0103ng v\u00e0 \u01b0u \u0111i\u1ec3m n\u1ed5i b\u1eadt. D\u01b0\u1edbi \u0111\u00e2y l\u00e0 m\u1ed9t s\u1ed1 \u0111i\u1ec3m \u0111\u00e1ng ch\u00fa \u00fd:<\/p>\n<h3>1. Ch\u1ea5t li\u1ec7u inox 304 ch\u1ea5t l\u01b0\u1ee3ng cao<\/h3>\n<p>Gi\u00e1 b\u00e1t \u0111\u0129a n\u00e2ng h\u1ea1 \u0111\u01b0\u1ee3c l\u00e0m t\u1eeb ch\u1ea5t li\u1ec7u inox 304, m\u1ed9t lo\u1ea1i inox c\u00f3 h\u00e0m l\u01b0\u1ee3ng Cr v\u00e0 Ni cao. Mang l\u1ea1i \u0111\u1ed9 b\u1ec1n, t\u00ednh ch\u1ea5t kh\u00f4ng g\u1ec9 v\u00e0 kh\u1ea3 n\u0103ng ch\u1ed1ng \u0103n m\u00f2n v\u01b0\u1ee3t tr\u1ed9i. \u0110i\u1ec1u n\u00e0y gi\u00fap s\u1ea3n ph\u1ea9m c\u00f3 th\u1ec3 ch\u1ecbu \u0111\u01b0\u1ee3c c\u00e1c \u0111i\u1ec1u ki\u1ec7n l\u00e0m vi\u1ec7c kh\u1eafc nghi\u1ec7t v\u00e0 \u0111\u1ea3m b\u1ea3o tu\u1ed5i th\u1ecd l\u00e2u d\u00e0i.<\/p>\n<p><img loading=\"lazy\" decoding=\"async\" class=\"aligncenter size-full wp-image-18146\" src=\"https:\/\/eurogoldvietnam.com\/wp-content\/uploads\/2024\/01\/gia-bat-nang-ha-eurogold-eui180.webp\" sizes=\"auto, (max-width: 800px) 100vw, 800px\" srcset=\"https:\/\/eurogoldvietnam.com\/wp-content\/uploads\/2024\/01\/gia-bat-nang-ha-eurogold-eui180.webp 800w, https:\/\/eurogoldvietnam.com\/wp-content\/uploads\/2024\/01\/gia-bat-nang-ha-eurogold-eui180-300x196.webp 300w, https:\/\/eurogoldvietnam.com\/wp-content\/uploads\/2024\/01\/gia-bat-nang-ha-eurogold-eui180-768x502.webp 768w, https:\/\/eurogoldvietnam.com\/wp-content\/uploads\/2024\/01\/gia-bat-nang-ha-eurogold-eui180-370x242.webp 370w\" alt=\"Gi\u00e1 b\u00e1t n\u00e2ng h\u1ea1 Eurogold inox 304 EUI180\" width=\"800\" height=\"523\" \/><\/p>\n<h3>2. Thi\u1ebft k\u1ebf th\u00f4ng minh v\u00e0 ti\u1ec7n \u00edch<\/h3>\n<p>Gi\u00e1 b\u00e1t \u0111\u0129a n\u00e2ng h\u1ea1 inox 304 EUI180\u00a0\u0111\u01b0\u1ee3c thi\u1ebft k\u1ebf v\u1edbi c\u00e1c t\u00ednh n\u0103ng hi\u1ec7n \u0111\u1ea1i v\u00e0 ti\u1ec7n \u00edch. S\u1ea3n ph\u1ea9m c\u00f3 th\u1ec3 d\u1ec5 d\u00e0ng \u0111i\u1ec1u ch\u1ec9nh chi\u1ec1u cao, gi\u00fap ng\u01b0\u1eddi s\u1eed d\u1ee5ng ti\u1ec7n l\u1ee3i trong qu\u00e1 tr\u00ecnh l\u00e0m vi\u1ec7c. Ngo\u00e0i ra, gi\u00e1 b\u00e1t \u0111\u0129a c\u00f2n c\u00f3 th\u1ec3 g\u1ea5p g\u1ecdn khi kh\u00f4ng s\u1eed d\u1ee5ng, ti\u1ebft ki\u1ec7m kh\u00f4ng gian l\u01b0u tr\u1eef v\u00e0 v\u1eadn chuy\u1ec3n.<\/p>\n<h3>3. S\u1ea3n ph\u1ea9m \u0111\u00e1ng tin c\u1eady v\u00e0 an to\u00e0n<\/h3>\n<p>Gi\u00e1 b\u00e1t \u0111\u0129a n\u00e2ng h\u1ea1 inox 304 EUI180 \u0111\u01b0\u1ee3c s\u1ea3n xu\u1ea5t theo quy tr\u00ecnh nghi\u00eam ng\u1eb7t v\u00e0 tu\u00e2n th\u1ee7 c\u00e1c ti\u00eau chu\u1ea9n ch\u1ea5t l\u01b0\u1ee3ng. \u0110i\u1ec1u n\u00e0y \u0111\u1ea3m b\u1ea3o r\u1eb1ng s\u1ea3n ph\u1ea9m \u0111\u00e1ng tin c\u1eady v\u00e0 an to\u00e0n trong qu\u00e1 tr\u00ecnh s\u1eed d\u1ee5ng. V\u1edbi kh\u1ea3 n\u0103ng ch\u1ecbu l\u1ef1c t\u1ed1t, gi\u00e1 b\u00e1t \u0111\u0129a gi\u00fap gi\u1ea3m nguy c\u01a1 v\u00e0 \u0111\u1ea3m b\u1ea3o an to\u00e0n cho ng\u01b0\u1eddi s\u1eed d\u1ee5ng.<\/p>\n<p>&nbsp;<\/p>\n<h2>T\u1ea1i sao ch\u1ecdn gi\u00e1 b\u00e1t di \u0111\u1ed9ng Eurogold inox 304 EUI180?<\/h2>\n<p>Vi\u1ec7c ch\u1ecdn\u00a0gi\u00e1 b\u00e1t \u0111\u0129a n\u00e2ng h\u1ea1 inox 304 EUI180\u00a0mang l\u1ea1i nhi\u1ec1u l\u1ee3i \u00edch , ti\u1ec7n d\u1ee5ng cho gia \u0111\u00ecnh. D\u01b0\u1edbi \u0111\u00e2y l\u00e0 m\u1ed9t s\u1ed1 l\u00fd do n\u1ed5i b\u1eadt:<\/p>\n<h3>1. Ch\u1ea5t l\u01b0\u1ee3ng v\u00e0 \u0111\u1ed9 b\u1ec1n cao (gi\u00e1 b\u00e1t di \u0111\u1ed9ng Eurogold inox 304 EUI180)<\/h3>\n<p>S\u1ea3n ph\u1ea9m \u0111\u01b0\u1ee3c l\u00e0m t\u1eeb ch\u1ea5t li\u1ec7u inox 304, mang l\u1ea1i \u0111\u1ed9 b\u1ec1n v\u00e0 ch\u1ea5t l\u01b0\u1ee3ng cao. Kh\u1ea3 n\u0103ng ch\u1ed1ng \u0103n m\u00f2n v\u00e0 kh\u00f4ng g\u1ec9 gi\u00fap s\u1ea3n ph\u1ea9m c\u00f3 th\u1ec3 s\u1eed d\u1ee5ng trong nhi\u1ec1u m\u00f4i tr\u01b0\u1eddng l\u00e0m vi\u1ec7c kh\u00e1c nhau.<\/p>\n<h3>2. Ti\u1ebft ki\u1ec7m kh\u00f4ng gian v\u00e0 th\u1eddi gian<\/h3>\n<p>Gi\u00e1 b\u00e1t \u0111\u0129a n\u00e2ng h\u1ea1 inox 304 EUI180\u00a0c\u00f3 thi\u1ebft k\u1ebf th\u00f4ng minh, c\u00f3 th\u1ec3 g\u1ea5p g\u1ecdn khi kh\u00f4ng s\u1eed d\u1ee5ng. \u0110i\u1ec1u n\u00e0y gi\u00fap ti\u1ebft ki\u1ec7m kh\u00f4ng gian l\u01b0u tr\u1eef v\u00e0 v\u1eadn chuy\u1ec3n. Ngo\u00e0i ra, vi\u1ec7c \u0111i\u1ec1u ch\u1ec9nh chi\u1ec1u cao d\u1ec5 d\u00e0ng gi\u00fap ti\u1ebft ki\u1ec7m th\u1eddi gian v\u00e0 n\u0103ng l\u01b0\u1ee3ng trong qu\u00e1 tr\u00ecnh l\u00e0m vi\u1ec7c.<\/p>\n<p><img loading=\"lazy\" decoding=\"async\" class=\"aligncenter size-full wp-image-15887\" src=\"https:\/\/eurogoldvietnam.com\/wp-content\/uploads\/2024\/01\/gia-nang-ha-inox-304-EVI160.webp\" sizes=\"auto, (max-width: 800px) 100vw, 800px\" srcset=\"https:\/\/eurogoldvietnam.com\/wp-content\/uploads\/2024\/01\/gia-nang-ha-inox-304-EVI160.webp 800w, https:\/\/eurogoldvietnam.com\/wp-content\/uploads\/2024\/01\/gia-nang-ha-inox-304-EVI160-300x300.webp 300w, https:\/\/eurogoldvietnam.com\/wp-content\/uploads\/2024\/01\/gia-nang-ha-inox-304-EVI160-150x150.webp 150w, https:\/\/eurogoldvietnam.com\/wp-content\/uploads\/2024\/01\/gia-nang-ha-inox-304-EVI160-768x768.webp 768w, https:\/\/eurogoldvietnam.com\/wp-content\/uploads\/2024\/01\/gia-nang-ha-inox-304-EVI160-370x370.webp 370w, https:\/\/eurogoldvietnam.com\/wp-content\/uploads\/2024\/01\/gia-nang-ha-inox-304-EVI160-100x100.webp 100w\" alt=\"Gi\u00e1 N\u00e2ng H\u1ea1 \u0110i\u1ec7n EVI160 Eurogold\" width=\"800\" height=\"800\" \/><\/p>\n<h3>3. \u0110\u00e1ng tin c\u1eady v\u00e0 an to\u00e0n<\/h3>\n<p>S\u1ea3n ph\u1ea9m \u0111\u01b0\u1ee3c s\u1ea3n xu\u1ea5t v\u00e0 ki\u1ec3m tra theo quy tr\u00ecnh nghi\u00eam ng\u1eb7t, \u0111\u1ea3m b\u1ea3o \u0111\u00e1ng tin c\u1eady v\u00e0 an to\u00e0n.\u00a0Gi\u00e1 b\u00e1t \u0111\u0129a n\u00e2ng h\u1ea1 inox 304 EUI180\u00a0gi\u00fap gi\u1ea3m nguy c\u01a1 v\u00e0 b\u1ea3o v\u1ec7 ng\u01b0\u1eddi s\u1eed d\u1ee5ng v\u00e0 t\u0103ng c\u01b0\u1eddng hi\u1ec7u su\u1ea5t n\u1ea5u n\u01b0\u1edbng.<\/p>\n","protected":false},"excerpt":{"rendered":"<table class=\"NormalTable\" border=\"60\">\n<tbody>\n<tr>\n<td width=\"113\"><strong><span class=\"fontstyle0\">M\u00c3 S\u1ea2N PH\u1ea8M<\/span><\/strong><\/td>\n<td width=\"175\"><strong><span class=\"fontstyle0\">R\u1ed8NG * S\u00c2U * CAO (MM)<\/span><\/strong><\/td>\n<td width=\"142\"><strong><span class=\"fontstyle0\">CHI\u1ec0U R\u1ed8NG T\u1ee6 (MM)<\/span><\/strong><\/td>\n<td width=\"98\"><strong><span class=\"fontstyle0\">CH\u1ea4T LI\u1ec6U<\/span><\/strong><\/td>\n<\/tr>\n<tr>\n<td width=\"113\"><strong><span class=\"fontstyle0\">EUI180<\/span><\/strong><\/td>\n<td width=\"175\"><strong><span class=\"fontstyle0\">W765*D280*H560<\/span><\/strong><\/td>\n<td width=\"142\"><strong><span class=\"fontstyle0\">800<\/span><\/strong><\/td>\n<td width=\"98\"><strong><span class=\"fontstyle0\">Inox 201 m\u1ea1 crom<\/span><\/strong><\/td>\n<\/tr>\n<\/tbody>\n<\/table>\n","protected":false},"featured_media":3041,"comment_status":"open","ping_status":"closed","template":"","meta":[],"product_brand":[],"product_cat":[55,58],"product_tag":[],"class_list":{"0":"post-3040","1":"product","2":"type-product","3":"status-publish","4":"has-post-thumbnail","6":"product_cat-phu-kien-tu-bep","7":"product_cat-eurogold","9":"first","10":"instock","11":"shipping-taxable","12":"product-type-simple"},"_links":{"self":[{"href":"https:\/\/nhadepbepxinh.com.vn\/index.php?rest_route=\/wp\/v2\/product\/3040","targetHints":{"allow":["GET"]}}],"collection":[{"href":"https:\/\/nhadepbepxinh.com.vn\/index.php?rest_route=\/wp\/v2\/product"}],"about":[{"href":"https:\/\/nhadepbepxinh.com.vn\/index.php?rest_route=\/wp\/v2\/types\/product"}],"replies":[{"embeddable":true,"href":"https:\/\/nhadepbepxinh.com.vn\/index.php?rest_route=%2Fwp%2Fv2%2Fcomments&post=3040"}],"wp:featuredmedia":[{"embeddable":true,"href":"https:\/\/nhadepbepxinh.com.vn\/index.php?rest_route=\/wp\/v2\/media\/3041"}],"wp:attachment":[{"href":"https:\/\/nhadepbepxinh.com.vn\/index.php?rest_route=%2Fwp%2Fv2%2Fmedia&parent=3040"}],"wp:term":[{"taxonomy":"product_brand","embeddable":true,"href":"https:\/\/nhadepbepxinh.com.vn\/index.php?rest_route=%2Fwp%2Fv2%2Fproduct_brand&post=3040"},{"taxonomy":"product_cat","embeddable":true,"href":"https:\/\/nhadepbepxinh.com.vn\/index.php?rest_route=%2Fwp%2Fv2%2Fproduct_cat&post=3040"},{"taxonomy":"product_tag","embeddable":true,"href":"https:\/\/nhadepbepxinh.com.vn\/index.php?rest_route=%2Fwp%2Fv2%2Fproduct_tag&post=3040"}],"curies":[{"name":"wp","href":"https:\/\/api.w.org\/{rel}","templated":true}]}}