{"id":3033,"date":"2025-03-30T15:24:58","date_gmt":"2025-03-30T08:24:58","guid":{"rendered":"https:\/\/nhadepbepxinh.com.vn\/?post_type=product&#038;p=3033"},"modified":"2025-03-30T15:24:58","modified_gmt":"2025-03-30T08:24:58","slug":"thung-rac-doi-gan-canh-am-tu-grc-300","status":"publish","type":"product","link":"https:\/\/nhadepbepxinh.com.vn\/?product=thung-rac-doi-gan-canh-am-tu-grc-300","title":{"rendered":"THU\u0300NG RA\u0301C \u0110\u00d4I G\u0102\u0301N CA\u0301NH \u00c2M TU\u0309 GRC.300"},"content":{"rendered":"<p>Ng\u00e0y nay, \u0111\u1ec3 ti\u1ec7n l\u1ee3i cho vi\u1ec7c n\u1ea5u \u0103n, m\u1ecdi ng\u01b0\u1eddi th\u01b0\u1eddng trang b\u1ecb th\u00eam cho c\u0103n b\u1ebfp m\u1ed9t chi\u1ebfc th\u00f9ng r\u00e1c ri\u00eang \u0111\u1ec3 thu\u1eadn ti\u1ec7n sinh ho\u1ea1t. Tuy nhi\u00ean, th\u00f9ng r\u00e1c th\u00f4ng th\u01b0\u1eddng \u0111\u1ec1u ph\u1ea3i s\u1eed d\u1ee5ng tay ho\u1eb7c ch\u00e2n b\u1eadt th\u00f9ng r\u00e1c l\u00ean r\u1ea5t chi\u1ebfm di\u1ec7n t\u00edch b\u1ebfp, th\u1ea9m m\u1ef9 k\u00e9m. H\u01a1n th\u1ebf n\u1eefa, lo\u1ea1i th\u00f9ng r\u00e1c n\u00e0y c\u00f2n khi\u1ebfn m\u00f9i h\u00f4i lan r\u1ed9ng khi kh\u00f4ng \u0111\u01b0\u1ee3c \u0111\u1eady k\u00edn.\u00a0Ch\u00ednh v\u00ec th\u1ebf,\u00a0<em><strong>th\u00f9ng r\u00e1c \u0111\u00f4i<\/strong><\/em>\u00a0g\u1eafn c\u00e1nh \u00e2m t\u1ee7 cao c\u1ea5p ra \u0111\u1eddi, v\u1edbi nh\u1eefng t\u00ednh n\u0103ng n\u1ed5i b\u1eadt v\u00e0 hi\u1ec7n \u0111\u1ea1i c\u1ee7a d\u00f2ng s\u1ea3n ph\u1ea9m, \u0111\u00e1p \u1ee9ng \u0111\u01b0\u1ee3c nhi\u1ec1u nhu c\u1ea7u c\u1ee7a qu\u00fd kh\u00e1ch h\u00e0ng. Ng\u00e0y h\u00f4m nay, h\u00e3y c\u00f9ng Gerari t\u00ecm hi\u1ec3u v\u1ec1 d\u00f2ng s\u1ea3n ph\u1ea9m th\u00f9ng r\u00e1c 2 ng\u0103n ti\u1ec7n l\u1ee3i n\u00e0y nh\u00e9.<\/p>\n<h2><b>Th\u00f4ng s\u1ed1 k\u1ef9 thu\u1eadt c\u1ee7a th\u00f9ng r\u00e1c \u0111\u00f4i g\u1eafn c\u00e1nh \u00e2m t\u1ee7 300<\/b><\/h2>\n<p>\u0110\u00e2y l\u00e0 ph\u1ea7n th\u00f4ng s\u1ed1 k\u1ef9 thu\u1eadt c\u1ee7a<strong>\u00a0th\u00f9ng r\u00e1c g\u1eafn c\u00e1nh \u00e2m t\u1ee7 2 ng\u0103n<\/strong>\u00a0\u0111\u01b0\u1ee3c b\u00e1n t\u1ea1i Gerari:<\/p>\n<table>\n<tbody>\n<tr>\n<td><strong>M\u00e3 h\u00e0ng<\/strong><\/td>\n<td><strong>K\u00edch th\u01b0\u1edbc (W)x(D)x(H)mm<\/strong><\/td>\n<td><strong>K\u00edch th\u01b0\u1edbc c\u00e1nh<\/strong><\/td>\n<td><strong>\u0110\u01a1n v\u1ecb<\/strong><\/td>\n<td><strong>Gi\u00e1 b\u00e1n<\/strong><\/td>\n<\/tr>\n<tr>\n<td><strong>\u00a0GRC.300A<\/strong><\/td>\n<td>R265 x S450 x C435<\/td>\n<td>300<\/td>\n<td>B\u1ed9<\/td>\n<td><strong>Li\u00ean h\u00ea\u0323<\/strong><\/td>\n<\/tr>\n<tr>\n<td><strong>\u00a0GRC.300B<\/strong><\/td>\n<td>R262*S490*C420<\/td>\n<td>300<\/td>\n<td>B\u1ed9<\/td>\n<td><strong>Li\u00ean h\u00ea\u0323<\/strong><\/td>\n<\/tr>\n<\/tbody>\n<\/table>\n<figure id=\"attachment_6917\" class=\"wp-caption aligncenter\" aria-describedby=\"caption-attachment-6917\"><img loading=\"lazy\" decoding=\"async\" class=\"wp-image-6917 size-full lazy-load-active\" title=\"Th\u00f9ng r\u00e1c \u0111\u00f4i \u00e2m t\u1ee7 ti\u1ec7n l\u1ee3i cho c\u0103n b\u1ebfp c\u1ee7a gia \u0111\u00ecnh\" src=\"https:\/\/gerari.vn\/wp-content\/uploads\/2021\/06\/thung-rac-doi-3.jpg\" sizes=\"auto, (max-width: 800px) 100vw, 800px\" srcset=\"https:\/\/gerari.vn\/wp-content\/uploads\/2021\/06\/thung-rac-doi-3.jpg 800w, https:\/\/gerari.vn\/wp-content\/uploads\/2021\/06\/thung-rac-doi-3-768x512.jpg 768w, https:\/\/gerari.vn\/wp-content\/uploads\/2021\/06\/thung-rac-doi-3-600x400.jpg 600w\" alt=\"Th\u00f9ng r\u00e1c \u0111\u00f4i \u00e2m t\u1ee7 ti\u1ec7n l\u1ee3i cho c\u0103n b\u1ebfp c\u1ee7a gia \u0111\u00ecnh\" width=\"800\" height=\"533\" data-src=\"https:\/\/gerari.vn\/wp-content\/uploads\/2021\/06\/thung-rac-doi-3.jpg\" data-srcset=\"https:\/\/gerari.vn\/wp-content\/uploads\/2021\/06\/thung-rac-doi-3.jpg 800w, https:\/\/gerari.vn\/wp-content\/uploads\/2021\/06\/thung-rac-doi-3-768x512.jpg 768w, https:\/\/gerari.vn\/wp-content\/uploads\/2021\/06\/thung-rac-doi-3-600x400.jpg 600w\" \/><figcaption id=\"caption-attachment-6917\" class=\"wp-caption-text\">Th\u00f9ng r\u00e1c \u0111\u00f4i \u00e2m t\u1ee7 ti\u1ec7n l\u1ee3i cho c\u0103n b\u1ebfp c\u1ee7a gia \u0111\u00ecnh<\/figcaption><\/figure>\n<figure id=\"attachment_6918\" class=\"wp-caption aligncenter\" aria-describedby=\"caption-attachment-6918\"><img loading=\"lazy\" decoding=\"async\" class=\"wp-image-6918 size-full lazy-load-active\" title=\"Th\u00f9ng r\u00e1c v\u1edbi 2 ng\u0103n ri\u00eang bi\u1ec7t d\u1ec5 d\u00e0ng ph\u00e2n lo\u1ea1i r\u00e1c \" src=\"https:\/\/gerari.vn\/wp-content\/uploads\/2021\/06\/thung-rac-doi-4.jpg\" sizes=\"auto, (max-width: 800px) 100vw, 800px\" srcset=\"https:\/\/gerari.vn\/wp-content\/uploads\/2021\/06\/thung-rac-doi-4.jpg 800w, https:\/\/gerari.vn\/wp-content\/uploads\/2021\/06\/thung-rac-doi-4-768x749.jpg 768w, https:\/\/gerari.vn\/wp-content\/uploads\/2021\/06\/thung-rac-doi-4-600x585.jpg 600w, https:\/\/gerari.vn\/wp-content\/uploads\/2021\/06\/thung-rac-doi-4-50x50.jpg 50w\" alt=\"Th\u00f9ng r\u00e1c v\u1edbi 2 ng\u0103n ri\u00eang bi\u1ec7t d\u1ec5 d\u00e0ng ph\u00e2n lo\u1ea1i r\u00e1c \" width=\"800\" height=\"780\" data-src=\"https:\/\/gerari.vn\/wp-content\/uploads\/2021\/06\/thung-rac-doi-4.jpg\" data-srcset=\"https:\/\/gerari.vn\/wp-content\/uploads\/2021\/06\/thung-rac-doi-4.jpg 800w, https:\/\/gerari.vn\/wp-content\/uploads\/2021\/06\/thung-rac-doi-4-768x749.jpg 768w, https:\/\/gerari.vn\/wp-content\/uploads\/2021\/06\/thung-rac-doi-4-600x585.jpg 600w, https:\/\/gerari.vn\/wp-content\/uploads\/2021\/06\/thung-rac-doi-4-50x50.jpg 50w\" \/><figcaption id=\"caption-attachment-6918\" class=\"wp-caption-text\">Th\u00f9ng r\u00e1c inox \u00e2m t\u1ee7 ri\u00eang bi\u1ec7t d\u1ec5 d\u00e0ng ph\u00e2n lo\u1ea1i r\u00e1c<\/figcaption><\/figure>\n<figure id=\"attachment_6919\" class=\"wp-caption aligncenter\" aria-describedby=\"caption-attachment-6919\"><img loading=\"lazy\" decoding=\"async\" class=\"wp-image-6919 size-full lazy-load-active\" title=\"Th\u00f9ng r\u00e1c \u0111\u00f4i g\u1eafn c\u00e1nh \u00e2m t\u1ee7 ch\u1ed1ng h\u00f4i \" src=\"https:\/\/gerari.vn\/wp-content\/uploads\/2021\/06\/thung-rac-doi-5.jpg\" sizes=\"auto, (max-width: 800px) 100vw, 800px\" srcset=\"https:\/\/gerari.vn\/wp-content\/uploads\/2021\/06\/thung-rac-doi-5.jpg 800w, https:\/\/gerari.vn\/wp-content\/uploads\/2021\/06\/thung-rac-doi-5-768x909.jpg 768w, https:\/\/gerari.vn\/wp-content\/uploads\/2021\/06\/thung-rac-doi-5-600x710.jpg 600w\" alt=\"Th\u00f9ng r\u00e1c \u0111\u00f4i g\u1eafn c\u00e1nh \u00e2m t\u1ee7 ch\u1ed1ng h\u00f4i \" width=\"800\" height=\"947\" data-src=\"https:\/\/gerari.vn\/wp-content\/uploads\/2021\/06\/thung-rac-doi-5.jpg\" data-srcset=\"https:\/\/gerari.vn\/wp-content\/uploads\/2021\/06\/thung-rac-doi-5.jpg 800w, https:\/\/gerari.vn\/wp-content\/uploads\/2021\/06\/thung-rac-doi-5-768x909.jpg 768w, https:\/\/gerari.vn\/wp-content\/uploads\/2021\/06\/thung-rac-doi-5-600x710.jpg 600w\" \/><figcaption id=\"caption-attachment-6919\" class=\"wp-caption-text\">Th\u00f9ng r\u00e1c \u0111\u00f4i g\u1eafn c\u00e1nh \u00e2m t\u1ee7 ch\u1ed1ng h\u00f4i<\/figcaption><\/figure>\n<h2><b>C\u00e1c l\u1ee3i \u00edch tuy\u1ec7t v\u1eddi khi s\u1eed d\u1ee5ng th\u00f9ng r\u00e1c \u0111\u00f4i g\u1eafn c\u00e1nh \u00e2m t\u1ee7<\/b><\/h2>\n<ul>\n<li aria-level=\"1\">S\u1ea3n ph\u1ea9m \u0111\u01b0\u1ee3c l\u1eafp \u0111\u1eb7t \u00e2m trong t\u1ee7 v\u00e0 k\u1ebft n\u1ed1i tr\u1ef1c ti\u1ebfp v\u1edbi c\u00e1nh t\u1ee7<\/li>\n<li aria-level=\"1\">Th\u00e1o l\u1eafp, v\u1ec7 sinh th\u00f9ng r\u00e1c g\u1eafn c\u00e1nh \u00e2m t\u1ee7 2 ng\u0103n d\u1ec5 d\u00e0ng<\/li>\n<li aria-level=\"1\">S\u1ea3n ph\u1ea9m th\u00f9ng r\u00e1c \u0111\u00f4i g\u1eafn c\u00e1nh \u0111\u01b0\u1ee3c thi\u1ebft k\u1ebf n\u1eafp che th\u00f4ng minh, c\u00f3 th\u1ec3 k\u00e9o m\u1edf d\u1ec5 d\u00e0ng, kh\u00f4ng c\u1ea7n ph\u1ea3i d\u00f9ng tay, ch\u00e2n \u0111\u1ec3 b\u1eadt n\u1eafp th\u00f9ng r\u00e1c<\/li>\n<li aria-level=\"1\">C\u00f3 2 ng\u0103n ri\u00eang bi\u1ec7t, ti\u1ec7n l\u1ee3i cho vi\u1ec7c ph\u00e2n lo\u1ea1i r\u00e1c th\u1ea3i<\/li>\n<li aria-level=\"1\">\u00cdt t\u1ed1n di\u1ec7n t\u00edch c\u1ee7a kh\u00f4ng gian b\u1ebfp<\/li>\n<li aria-level=\"1\">Ch\u1ecbu t\u1ea3i t\u1ed1t \u0111\u1ef1ng \u0111\u01b0\u1ee3c nhi\u1ec1u r\u00e1c th\u1ea3i<\/li>\n<li aria-level=\"1\">S\u1ea3n ph\u1ea9m \u0111\u1eb9p, tu\u1ed5i th\u1ecd s\u1ea3n ph\u1ea9m cao<\/li>\n<\/ul>\n<h2><strong>C\u00e1c l\u01b0u \u00fd c\u1ef1c k\u1ef3 quan tr\u1ecdng tr\u01b0\u1edbc khi ch\u1ecdn mua th\u00f9ng r\u00e1c \u0111\u00f4i \u00e2m t\u1ee7 cho nh\u00e0 b\u1ebfp<\/strong><\/h2>\n<p>C\u00f3 m\u1ed9t s\u1ed1 l\u01b0u \u00fd quan tr\u1ecdng c\u1ea7n xem x\u00e9t \u0111\u1ec3 \u0111\u1ea3m b\u1ea3o ch\u1ecdn \u0111\u01b0\u1ee3c s\u1ea3n ph\u1ea9m ph\u00f9 h\u1ee3p v\u1edbi nhu c\u1ea7u v\u00e0 phong c\u00e1ch c\u1ee7a qu\u00fd kh\u00e1ch. D\u01b0\u1edbi \u0111\u00e2y l\u00e0 nh\u1eefng l\u01b0u \u00fd quan tr\u1ecdng khi mua th\u00f9ng r\u00e1c \u0111\u00f4i \u00e2m t\u1ee7 c\u1ea7n c\u00e2n nh\u1eafc.<\/p>\n<ul>\n<li><strong>K\u00edch th\u01b0\u1edbc v\u00e0 dung t\u00edch:<\/strong>\u00a0\u0110\u1ea7u ti\u00ean, h\u00e3y x\u00e1c \u0111\u1ecbnh k\u00edch th\u01b0\u1edbc v\u00e0 dung t\u00edch c\u1ea7n thi\u1ebft cho th\u00f9ng r\u00e1c c\u1ee7a qu\u00fd kh\u00e1ch. \u0110o k\u00edch th\u01b0\u1edbc kh\u00f4ng gian trong t\u1ee7 b\u1ebfp c\u1ee7a qu\u00fd kh\u00e1ch \u0111\u1ec3 \u0111\u1ea3m b\u1ea3o r\u1eb1ng th\u00f9ng r\u00e1c s\u1ebd v\u1eeba v\u1eb7n v\u00e0 kh\u00f4ng g\u00e2y c\u1ea3n tr\u1edf trong qu\u00e1 tr\u00ecnh s\u1eed d\u1ee5ng. Ngo\u00e0i ra, h\u00e3y xem x\u00e9t dung t\u00edch c\u1ea7n thi\u1ebft \u0111\u1ec3 \u0111\u1ea3m b\u1ea3o qu\u00fd kh\u00e1ch kh\u00f4ng ph\u1ea3i th\u01b0\u1eddng xuy\u00ean thay th\u1ebf t\u00fai r\u00e1c.<\/li>\n<li><strong>H\u1ec7 th\u1ed1ng m\u1edf v\u00e0 \u0111\u00f3ng:<\/strong>\u00a0M\u1ed9t y\u1ebfu t\u1ed1 quan tr\u1ecdng kh\u00e1c c\u1ea7n xem x\u00e9t l\u00e0 h\u1ec7 th\u1ed1ng m\u1edf v\u00e0 \u0111\u00f3ng c\u1ee7a th\u00f9ng r\u00e1c. C\u00e1c l\u1ef1a ch\u1ecdn ph\u1ed5 bi\u1ebfn bao g\u1ed3m n\u1eafp g\u1eadp, n\u1eafp tr\u01b0\u1ee3t ho\u1eb7c c\u1ea3m \u1ee9ng. H\u00e3y ch\u1ecdn m\u1ed9t h\u1ec7 th\u1ed1ng d\u1ec5 s\u1eed d\u1ee5ng \u0111\u1ec3 mang l\u1ea1i tr\u1ea3i nghi\u1ec7m tho\u1ea3i m\u00e1i. \u0110\u1ed3ng th\u1eddi, l\u01b0u \u00fd ch\u1ecdn mua lo\u1ea1i th\u00f9ng r\u00e1c ng\u0103n m\u00f9i h\u00f4i t\u1eeb r\u00e1c kh\u00f4ng cho lan ra ngo\u00e0i.<\/li>\n<li><strong>Ch\u1ea5t li\u1ec7u th\u00f9ng r\u00e1c:<\/strong>\u00a0Th\u00f9ng r\u00e1c th\u01b0\u1eddng \u0111\u01b0\u1ee3c l\u00e0m t\u1eeb th\u00e9p kh\u00f4ng g\u1ec9, nh\u1ef1a ho\u1eb7c g\u1ed7. Tuy nhi\u00ean, l\u00fd t\u01b0\u1edfng nh\u1ea5t l\u00e0 th\u00f9ng r\u00e1c b\u1eb1ng nh\u1ef1a ABS b\u1edfi c\u00f3 \u01b0u \u0111i\u1ec3m ch\u1ed1ng ch\u1ecbu va \u0111\u1eadp t\u1ed1t, b\u1ec1n, nh\u1eb9, d\u1ec5 d\u00e0ng v\u1ec7 sinh, ch\u1ed1ng ch\u1ecbu m\u00f9i h\u00f4i t\u1ed1t.<\/li>\n<li><strong>Ti\u1ec7n \u00edch v\u00e0 t\u00ednh n\u0103ng:<\/strong>\u00a0H\u00e3y xem x\u00e9t c\u00e1c t\u00ednh n\u0103ng v\u00e0 ti\u1ec7n \u00edch b\u1ed5 sung m\u00e0 th\u00f9ng r\u00e1c c\u00f3 th\u1ec3 mang l\u1ea1i. H\u00e3y \u01b0u ti\u00ean s\u1eed d\u1ee5ng\u00a0<strong>th\u00f9ng r\u00e1c g\u1eafn c\u00e1nh<\/strong>\u00a0\u00e2m t\u1ee7 \u0111\u00f4i v\u00ec ch\u00fang ta c\u00f3 th\u1ec3 d\u1ec5 d\u00e0ng ph\u00e2n lo\u1ea1i r\u00e1c \u0111\u1ec3 qu\u00fd kh\u00e1ch c\u00f3 th\u1ec3 d\u1ec5 d\u00e0ng t\u00e1ch bi\u1ec7t v\u00e0 t\u00e1i ch\u1ebf. C\u00e1c t\u00ednh n\u0103ng kh\u00e1c c\u00f3 th\u1ec3 bao g\u1ed3m b\u1ed9 c\u1ea3m bi\u1ebfn \u0111\u1ec3 m\u1edf n\u1eafp b\u1eb1ng ch\u00e2n ho\u1eb7c h\u1ec7 th\u1ed1ng ch\u1ed1ng m\u00f9i \u01b0u vi\u1ec7t.<\/li>\n<li><strong>Phong c\u00e1ch v\u00e0 m\u00e0u s\u1eafc:<\/strong>\u00a0Cu\u1ed1i c\u00f9ng, h\u00e3y ch\u1ecdn m\u1ed9t th\u00f9ng r\u00e1c \u0111\u00f4i \u00e2m t\u1ee7 ph\u00f9 h\u1ee3p v\u1edbi phong c\u00e1ch v\u00e0 m\u00e0u s\u1eafc c\u1ee7a kh\u00f4ng gian nh\u00e0 b\u1ebfp c\u1ee7a qu\u00fd kh\u00e1ch. H\u00e3y ch\u1ecdn m\u1ed9t m\u00e0u s\u1eafc v\u00e0 thi\u1ebft k\u1ebf m\u00e0 ph\u00f9 h\u1ee3p v\u1edbi kh\u00f4ng gian v\u00e0 t\u1ea1o \u0111i\u1ec3m nh\u1ea5n cho n\u1ed9i th\u1ea5t c\u1ee7a qu\u00fd kh\u00e1ch.<\/li>\n<\/ul>\n<figure id=\"attachment_8303\" class=\"wp-caption aligncenter\" aria-describedby=\"caption-attachment-8303\"><img loading=\"lazy\" decoding=\"async\" class=\"wp-image-8303 size-full lazy-load-active\" title=\"Th\u00f9ng r\u00e1c \u0111\u00f4i m\u00e3 GAC.300B\" src=\"https:\/\/gerari.vn\/wp-content\/uploads\/2021\/06\/thung-rac-doi-111.jpg\" sizes=\"auto, (max-width: 800px) 100vw, 800px\" srcset=\"https:\/\/gerari.vn\/wp-content\/uploads\/2021\/06\/thung-rac-doi-111.jpg 800w, https:\/\/gerari.vn\/wp-content\/uploads\/2021\/06\/thung-rac-doi-111-768x570.jpg 768w, https:\/\/gerari.vn\/wp-content\/uploads\/2021\/06\/thung-rac-doi-111-600x446.jpg 600w\" alt=\"Th\u00f9ng r\u00e1c \u0111\u00f4i m\u00e3 GAC.300B\" width=\"800\" height=\"594\" data-src=\"https:\/\/gerari.vn\/wp-content\/uploads\/2021\/06\/thung-rac-doi-111.jpg\" data-srcset=\"https:\/\/gerari.vn\/wp-content\/uploads\/2021\/06\/thung-rac-doi-111.jpg 800w, https:\/\/gerari.vn\/wp-content\/uploads\/2021\/06\/thung-rac-doi-111-768x570.jpg 768w, https:\/\/gerari.vn\/wp-content\/uploads\/2021\/06\/thung-rac-doi-111-600x446.jpg 600w\" \/><figcaption id=\"caption-attachment-8303\" class=\"wp-caption-text\">Th\u00f9ng r\u00e1c \u0111\u00f4i \u2013 th\u00f9ng r\u00e1c 2 ng\u0103n \u00e2m t\u1ee7 m\u00e3 GAC.300B<\/figcaption><\/figure>\n<h2><strong>C\u00e1ch s\u1eed d\u1ee5ng v\u00e0 b\u1ea3o qu\u1ea3n th\u00f9ng r\u00e1c \u00e2m t\u1ee7 b\u1ec1n l\u00e2u theo th\u1eddi gian<\/strong><\/h2>\n<p>Sau khi \u0111\u00e3 ch\u1ecdn mua \u0111\u01b0\u1ee3c m\u1ed9t chi\u1ebfc\u00a0<strong>th\u00f9ng r\u00e1c g\u1eafn c\u00e1nh \u00e2m t\u1ee7<\/strong>\u00a0ph\u00f9 h\u1ee3p, vi\u1ec7c s\u1eed d\u1ee5ng v\u00e0 b\u1ea3o qu\u1ea3n \u0111\u00fang c\u00e1ch l\u00e0 r\u1ea5t quan tr\u1ecdng \u0111\u1ec3 s\u1ea3n ph\u1ea9m c\u00f3 th\u1ec3 b\u1ec1n l\u00e2u theo th\u1eddi gian. D\u01b0\u1edbi \u0111\u00e2y l\u00e0 m\u1ed9t s\u1ed1 c\u00e1ch s\u1eed d\u1ee5ng v\u00e0 b\u1ea3o qu\u1ea3n th\u00f9ng r\u00e1c \u00e2m t\u1ee7 \u0111\u1ec3 \u0111\u1ea3m b\u1ea3o hi\u1ec7u su\u1ea5t v\u00e0 gia t\u0103ng tu\u1ed5i th\u1ecd c\u1ee7a s\u1ea3n ph\u1ea9m.<\/p>\n<ul>\n<li>\u0110\u1ec3\u00a0<strong>th\u00f9ng r\u00e1c g\u1eafn c\u00e1nh \u00e2m t\u1ee7<\/strong>\u00a0lu\u00f4n s\u1ea1ch s\u1ebd v\u00e0 kh\u00f4ng g\u00e2y m\u00f9i h\u00f4i, h\u00e3y v\u1ec7 sinh \u0111\u1ecbnh k\u1ef3. D\u00f9ng n\u01b0\u1edbc \u1ea5m v\u00e0 x\u00e0 ph\u00f2ng nh\u1eb9 \u0111\u1ec3 lau s\u1ea1ch b\u00ean trong v\u00e0 b\u00ean ngo\u00e0i th\u00f9ng r\u00e1c. \u0110\u1ec3 th\u00f9ng r\u00e1c \u0111\u01b0\u1ee3c kh\u00f4 r\u00e1o ho\u00e0n to\u00e0n tr\u01b0\u1edbc khi s\u1eed d\u1ee5ng l\u1ea1i.<\/li>\n<li>\u0110\u1ec3 tr\u00e1nh r\u00f2 r\u1ec9 v\u00e0 \u1ea9m m\u1ed1c, h\u00e3y s\u1eed d\u1ee5ng t\u00fai r\u00e1c ch\u1ea5t l\u01b0\u1ee3ng v\u00e0 ph\u00f9 h\u1ee3p v\u1edbi k\u00edch th\u01b0\u1edbc c\u1ee7a th\u00f9ng r\u00e1c. \u0110\u1ea3m b\u1ea3o t\u00fai r\u00e1c \u0111\u01b0\u1ee3c thay \u0111\u1ed5i \u0111\u1ec1u \u0111\u1eb7n \u0111\u1ec3 tr\u00e1nh vi khu\u1ea9n v\u00e0 m\u00f9i h\u00f4i t\u00edch t\u1ee5.<\/li>\n<li>H\u1ea1n ch\u1ebf \u0111\u1ed5 ch\u1ea5t l\u1ecfng tr\u1ef1c ti\u1ebfp v\u00e0o th\u00f9ng r\u00e1c \u00e2m t\u1ee7 \u0111\u1ec3 tr\u00e1nh l\u00e0m \u1ea9m v\u00e0 tr\u00e0n ra ngo\u00e0i th\u00f9ng r\u00e1c. N\u1ebfu c\u00f3 ch\u1ea5t l\u1ecfng, h\u00e3y \u0111\u1ef1ng ch\u00fang trong t\u00fai r\u00e1c ch\u1ea5t l\u01b0\u1ee3ng v\u00e0 \u0111\u1ea3m b\u1ea3o ch\u00fang \u0111\u01b0\u1ee3c v\u1eaft kh\u00f4 tr\u01b0\u1edbc khi \u0111\u1eb7t v\u00e0o th\u00f9ng r\u00e1c.<\/li>\n<li>Ki\u1ec3m tra v\u00e0 b\u1ea3o d\u01b0\u1ee1ng \u0111\u1ecbnh k\u1ef3: Th\u01b0\u1eddng xuy\u00ean ki\u1ec3m tra c\u00e1c b\u1ed9 ph\u1eadn c\u1ee7a th\u00f9ng r\u00e1c nh\u01b0 n\u1eafp, h\u1ec7 th\u1ed1ng m\u1edf \u0111\u00f3ng. N\u1ebfu c\u00f3 b\u1ea5t k\u1ef3 v\u1ea5n \u0111\u1ec1 n\u00e0o, h\u00e3y s\u1eeda ch\u1eefa ho\u1eb7c thay th\u1ebf ngay \u0111\u1ec3 tr\u00e1nh t\u00ecnh tr\u1ea1ng h\u1ecfng h\u00f3c tr\u1ea7m tr\u1ecdng.<\/li>\n<li>Tr\u00e1nh qu\u00e1 t\u1ea3i khi s\u1eed d\u1ee5ng: \u0110i\u1ec1u n\u00e0y c\u00f3 th\u1ec3 g\u00e2y \u00e1p l\u1ef1c l\u00ean c\u01a1 c\u1ea5u v\u00e0 g\u00e2y h\u1ecfng h\u00f3c. N\u1ebfu th\u00f9ng r\u00e1c \u0111ang \u0111\u1ea7y, h\u00e3y thay t\u00fai r\u00e1c ngay l\u1eadp t\u1ee9c \u0111\u1ec3 tr\u00e1nh t\u00ecnh tr\u1ea1ng tr\u00e0n r\u00e1c.<\/li>\n<li>\u0110\u1eb7t th\u00f9ng r\u00e1c \u0111\u00fang c\u00e1ch: \u0110\u1eb7t th\u00f9ng r\u00e1c \u00e2m t\u1ee7 v\u00e0o v\u1ecb tr\u00ed ph\u00f9 h\u1ee3p trong t\u1ee7 b\u1ebfp \u0111\u1ec3 tr\u00e1nh va \u0111\u1eadp v\u00e0 h\u01b0 h\u1ecfng. \u0110\u1ea3m b\u1ea3o r\u1eb1ng th\u00f9ng r\u00e1c \u0111\u01b0\u1ee3c c\u1ed1 \u0111\u1ecbnh ch\u1eafc ch\u1eafn \u0111\u1ec3 tr\u00e1nh tr\u01b0\u1ee3t ho\u1eb7c l\u1eadt trong qu\u00e1 tr\u00ecnh s\u1eed d\u1ee5ng.<\/li>\n<\/ul>\n<figure id=\"attachment_8659\" class=\"wp-caption aligncenter\" aria-describedby=\"caption-attachment-8659\"><img loading=\"lazy\" decoding=\"async\" class=\"wp-image-8659 lazy-load-active\" title=\"Th\u00f9ng r\u00e1c g\u1eafn c\u00e1nh \u00e2m t\u1ee7 ti\u1ec7n l\u1ee3i \" src=\"https:\/\/gerari.vn\/wp-content\/uploads\/2021\/06\/thung-rac-am-tu-2.jpg\" sizes=\"auto, (max-width: 800px) 100vw, 800px\" srcset=\"https:\/\/gerari.vn\/wp-content\/uploads\/2021\/06\/thung-rac-am-tu-2.jpg 600w, https:\/\/gerari.vn\/wp-content\/uploads\/2021\/06\/thung-rac-am-tu-2-300x225.jpg 300w\" alt=\"Th\u00f9ng r\u00e1c g\u1eafn c\u00e1nh \u00e2m t\u1ee7 ti\u1ec7n l\u1ee3i \" width=\"800\" height=\"600\" data-src=\"https:\/\/gerari.vn\/wp-content\/uploads\/2021\/06\/thung-rac-am-tu-2.jpg\" data-srcset=\"https:\/\/gerari.vn\/wp-content\/uploads\/2021\/06\/thung-rac-am-tu-2.jpg 600w, https:\/\/gerari.vn\/wp-content\/uploads\/2021\/06\/thung-rac-am-tu-2-300x225.jpg 300w\" \/><figcaption id=\"caption-attachment-8659\" class=\"wp-caption-text\">Th\u00f9ng r\u00e1c g\u1eafn c\u00e1nh \u00e2m t\u1ee7 ti\u1ec7n l\u1ee3i<\/figcaption><\/figure>\n","protected":false},"excerpt":{"rendered":"<ul>\n<li><strong>Ch\u1ea5t li\u1ec7u:<\/strong>\u00a0Nh\u1ef1a ABS cao c\u1ea5p<\/li>\n<li><strong>K\u00edch th\u01b0\u1edbc (W x D x H):\u00a0<\/strong>265 x 450 x 435mm<\/li>\n<li><strong>K\u00edch th\u01b0\u1edbc c\u00e1nh:\u00a0<\/strong>300mm<\/li>\n<\/ul>\n","protected":false},"featured_media":3034,"comment_status":"open","ping_status":"closed","template":"","meta":[],"product_brand":[],"product_cat":[55,56],"product_tag":[],"class_list":{"0":"post-3033","1":"product","2":"type-product","3":"status-publish","4":"has-post-thumbnail","6":"product_cat-phu-kien-tu-bep","7":"product_cat-gerari","9":"first","10":"instock","11":"shipping-taxable","12":"product-type-simple"},"_links":{"self":[{"href":"https:\/\/nhadepbepxinh.com.vn\/index.php?rest_route=\/wp\/v2\/product\/3033","targetHints":{"allow":["GET"]}}],"collection":[{"href":"https:\/\/nhadepbepxinh.com.vn\/index.php?rest_route=\/wp\/v2\/product"}],"about":[{"href":"https:\/\/nhadepbepxinh.com.vn\/index.php?rest_route=\/wp\/v2\/types\/product"}],"replies":[{"embeddable":true,"href":"https:\/\/nhadepbepxinh.com.vn\/index.php?rest_route=%2Fwp%2Fv2%2Fcomments&post=3033"}],"wp:featuredmedia":[{"embeddable":true,"href":"https:\/\/nhadepbepxinh.com.vn\/index.php?rest_route=\/wp\/v2\/media\/3034"}],"wp:attachment":[{"href":"https:\/\/nhadepbepxinh.com.vn\/index.php?rest_route=%2Fwp%2Fv2%2Fmedia&parent=3033"}],"wp:term":[{"taxonomy":"product_brand","embeddable":true,"href":"https:\/\/nhadepbepxinh.com.vn\/index.php?rest_route=%2Fwp%2Fv2%2Fproduct_brand&post=3033"},{"taxonomy":"product_cat","embeddable":true,"href":"https:\/\/nhadepbepxinh.com.vn\/index.php?rest_route=%2Fwp%2Fv2%2Fproduct_cat&post=3033"},{"taxonomy":"product_tag","embeddable":true,"href":"https:\/\/nhadepbepxinh.com.vn\/index.php?rest_route=%2Fwp%2Fv2%2Fproduct_tag&post=3033"}],"curies":[{"name":"wp","href":"https:\/\/api.w.org\/{rel}","templated":true}]}}