{"id":2969,"date":"2025-03-30T14:52:46","date_gmt":"2025-03-30T07:52:46","guid":{"rendered":"https:\/\/nhadepbepxinh.com.vn\/?post_type=product&#038;p=2969"},"modified":"2025-03-30T14:52:46","modified_gmt":"2025-03-30T07:52:46","slug":"thung-gao-mat-guong-nut-nhan","status":"publish","type":"product","link":"https:\/\/nhadepbepxinh.com.vn\/?product=thung-gao-mat-guong-nut-nhan","title":{"rendered":"THU\u0300NG GA\u0323O M\u0102\u0323T G\u01af\u01a0NG, NU\u0301T NH\u00c2\u0301N"},"content":{"rendered":"<p>\u2013 Th\u00f9ng g\u1ea1o m\u1eb7t g\u01b0\u01a1ng tr\u1eafng, n\u00fat nh\u1ea5n c\u00f3 thi\u1ebft k\u1ebf hi\u1ec7n \u0111\u1ea1i, sang tr\u1ecdng v\u00e0 ti\u1ec7n d\u1ee5ng \u0111ang \u0111\u01b0\u1ee3c \u01b0a chu\u1ed9ng nh\u1ea5t hi\u1ec7n nay.\u00a0<strong>Th\u00f9ng g\u1ea1o \u00e2m t\u1ee7<\/strong>\u00a0gi\u00fap b\u1ea1n c\u00f3 th\u1ec3 l\u01b0u tr\u1eef v\u00e0 l\u1ea5y g\u1ea1o ra s\u1eed d\u1ee5ng m\u1ed9t c\u00e1ch an to\u00e0n v\u00e0 thu\u1eadn l\u1ee3i nh\u1ea5t. Ngo\u00e0i ra, s\u1ea3n ph\u1ea9m n\u00e0y c\u00f2n t\u00f4n th\u00eam s\u1ef1 sang tr\u1ecdng cho kh\u00f4ng gian b\u1ebfp c\u1ee7a b\u1ea1n.<\/p>\n<p>\u2013 S\u1ea3n ph\u1ea9m \u0111\u01b0\u1ee3c thi\u1ebft k\u1ebf chia l\u00e0m 2 t\u1ea7ng: T\u1ea7ng 1 l\u00e0 kh\u00f4ng gian ch\u1ee9a kho\u1ea3ng 17 kg g\u1ea1o; T\u1ea7ng 2 l\u00e0 khay h\u1ee9ng g\u1ea1o v\u1edbi c\u00e1c s\u1ef1 \u0111i\u1ec1u ch\u1ec9nh c\u1ee7a n\u00fat nh\u1ea5n \u0111\u1ec3 b\u1ea1n c\u00f3 th\u1ec3 l\u1ea5y \u0111\u1ee7 \u0111\u01b0\u1ee3c s\u1ed1 l\u01b0\u1ee3ng g\u1ea1o c\u1ea7n n\u1ea5u cho m\u1ed7i b\u1eefa \u0103n.<\/p>\n<p>\u2013 C\u00f3 2 m\u00e0u: \u0111en v\u00e0 tr\u1eafng.<\/p>\n<p>Th\u00f4ng s\u1ed1 k\u1ef9 thu\u1eadt:<\/p>\n<table width=\"693\">\n<tbody>\n<tr>\n<td width=\"127\"><strong>M\u00e3 h\u00e0ng<\/strong><\/td>\n<td width=\"127\"><strong>K\u00edch th\u01b0\u1edbc (W)x(D)x(H)mm<\/strong><\/td>\n<td width=\"127\"><strong>\u0110\u01a1n v\u1ecb<\/strong><\/td>\n<td width=\"127\"><strong>Gi\u00e1 b\u00e1n<\/strong><\/td>\n<\/tr>\n<tr>\n<td><strong>GST.300<\/strong><\/td>\n<td><strong>300 x 450 x 650<\/strong><\/td>\n<td><strong>B\u1ed9<\/strong><\/td>\n<td><strong>Li\u00ean h\u00ea\u0323<\/strong><\/td>\n<\/tr>\n<tr>\n<td><strong>GSD.300<\/strong><\/td>\n<td><strong>300 x 450 x 650<\/strong><\/td>\n<td><strong>B\u1ed9<\/strong><\/td>\n<td><strong>Li\u00ean h\u00ea\u0323<\/strong><\/td>\n<\/tr>\n<\/tbody>\n<\/table>\n","protected":false},"excerpt":{"rendered":"<ul>\n<li><strong>Ch\u1ea5t li\u1ec7u:<\/strong>\u00a0Th\u00e9p s\u01a1n t\u0129nh \u0111i\u1ec7n cao c\u1ea5p<\/li>\n<li><strong>K\u00edch th\u01b0\u1edbc (W x D x H):\u00a0<\/strong>300 x 450 x 650mm<\/li>\n<li><strong>K\u00edch th\u01b0\u1edbc c\u00e1nh:\u00a0<\/strong>300mm<\/li>\n<\/ul>\n","protected":false},"featured_media":2970,"comment_status":"open","ping_status":"closed","template":"","meta":[],"product_brand":[],"product_cat":[55,56],"product_tag":[],"class_list":{"0":"post-2969","1":"product","2":"type-product","3":"status-publish","4":"has-post-thumbnail","6":"product_cat-phu-kien-tu-bep","7":"product_cat-gerari","9":"first","10":"instock","11":"shipping-taxable","12":"product-type-simple"},"_links":{"self":[{"href":"https:\/\/nhadepbepxinh.com.vn\/index.php?rest_route=\/wp\/v2\/product\/2969","targetHints":{"allow":["GET"]}}],"collection":[{"href":"https:\/\/nhadepbepxinh.com.vn\/index.php?rest_route=\/wp\/v2\/product"}],"about":[{"href":"https:\/\/nhadepbepxinh.com.vn\/index.php?rest_route=\/wp\/v2\/types\/product"}],"replies":[{"embeddable":true,"href":"https:\/\/nhadepbepxinh.com.vn\/index.php?rest_route=%2Fwp%2Fv2%2Fcomments&post=2969"}],"wp:featuredmedia":[{"embeddable":true,"href":"https:\/\/nhadepbepxinh.com.vn\/index.php?rest_route=\/wp\/v2\/media\/2970"}],"wp:attachment":[{"href":"https:\/\/nhadepbepxinh.com.vn\/index.php?rest_route=%2Fwp%2Fv2%2Fmedia&parent=2969"}],"wp:term":[{"taxonomy":"product_brand","embeddable":true,"href":"https:\/\/nhadepbepxinh.com.vn\/index.php?rest_route=%2Fwp%2Fv2%2Fproduct_brand&post=2969"},{"taxonomy":"product_cat","embeddable":true,"href":"https:\/\/nhadepbepxinh.com.vn\/index.php?rest_route=%2Fwp%2Fv2%2Fproduct_cat&post=2969"},{"taxonomy":"product_tag","embeddable":true,"href":"https:\/\/nhadepbepxinh.com.vn\/index.php?rest_route=%2Fwp%2Fv2%2Fproduct_tag&post=2969"}],"curies":[{"name":"wp","href":"https:\/\/api.w.org\/{rel}","templated":true}]}}