{"id":2933,"date":"2025-03-30T14:31:37","date_gmt":"2025-03-30T07:31:37","guid":{"rendered":"https:\/\/nhadepbepxinh.com.vn\/?post_type=product&#038;p=2933"},"modified":"2025-04-15T14:24:44","modified_gmt":"2025-04-15T07:24:44","slug":"may-xay-thit-da-nang-elegant","status":"publish","type":"product","link":"https:\/\/nhadepbepxinh.com.vn\/?product=may-xay-thit-da-nang-elegant","title":{"rendered":"MA\u0301Y XAY THI\u0323T \u0110A N\u0102NG ELEGANT"},"content":{"rendered":"<p><strong>M\u00c1Y XAY TH\u1ecaT \u0110A N\u0102NG ELEGANT<\/strong><\/p>\n<p><strong><img decoding=\"async\" src=\"https:\/\/bizweb.dktcdn.net\/100\/453\/598\/files\/z3464091464907-e75bbc4dd7e6a8b8c73766013bd98b74.jpg?v=1654235910725\" data-thumb=\"original\" \/><\/strong><\/p>\n<p>Th\u00f4ng tin c\u01a1 b\u1ea3n:<\/p>\n<p>+ M\u00e1y xay \u0111a n\u0103ng c\u00f3 th\u1ec3 xay \u0111\u01b0\u1ee3c nhi\u1ec1u lo\u1ea1i th\u1ef1c ph\u1ea9m<\/p>\n<p>+ C\u00f4ng su\u1ea5t l\u1edbn: 350w<\/p>\n<p>+ Ngu\u1ed3n \u0111i\u1ec7n: 220-240v<\/p>\n<p>+ C\u1ed1i xay b\u1eb1ng th\u1ee7y tinh cao c\u1ea5p, dung t\u00edch l\u1edbn 1,8L<\/p>\n<p>+ L\u01b0\u1ee1i dao k\u00e9p b\u1eb1ng th\u00e9p cao c\u1ea5p kh\u00f4ng g\u1ec9, c\u00f3 b\u1ecdc b\u1ea3o v\u1ec7 an to\u00e0n.<\/p>\n<p><strong>+ B\u1ea3o h\u00e0nh 12 th\u00e1ng. 1 \u0111\u1ed5i 1 trong 1 n\u0103m n\u1ebfu m\u00f4 t\u01a1 c\u00f3 l\u1ed7i do nh\u00e0 s\u1ea3n xu\u1ea5t<\/strong><\/p>\n<ul>\n<li>M\u00e1y xay th\u1ecbt \u0111a n\u0103ng ELEGANT v\u1edbi c\u00f4ng su\u1ea5t m\u1ea1nh m\u1ebd 350W xay c\u00e1c lo\u1ea1i th\u1ef1c ph\u1ea9m hi\u1ec7u qu\u1ea3, nhanh ch\u00f3ng. \u0110\u1eb7c bi\u1ec7t vi\u1ec7c t\u1ef1 xay \u0111\u1ea3m b\u1ea3o v\u1ec7 sinh th\u1ef1c ph\u1ea9m.<\/li>\n<li>M\u00e1y xay th\u1ecbt \u0111a n\u0103ng ELEGANT c\u00f3 th\u1ec3 xay \u0111a d\u1ea1ng th\u1ef1c ph\u1ea9m nh\u01b0 th\u1ecbt b\u00f2, th\u1ecbt l\u1ee3n, c\u00e1, cua, c\u00e1c lo\u1ea1i h\u1ea1t ti\u00eau, \u0111i\u1ec1u v\u00e0 rau c\u1ee7 qu\u1ea3&#8230; \u0110\u1eb7c bi\u1ec7t v\u1edbi vi\u1ec7c xay c\u00e1c lo\u1ea1i th\u1ecbt, m\u00e1y th\u1ec3 hi\u1ec7n r\u00f5 s\u1ef1 m\u1ea1nh m\u1ebd v\u1edbi k\u1ebft qu\u1ea3 l\u00e0 c\u00e1c m\u1ebb th\u1ecbt th\u01a1m ngon, nhuy\u1ec5n \u0111\u1ec1u, h\u1ed3ng h\u00e0o.<\/li>\n<li>M\u00e1y xay th\u1ecbt \u0111a n\u0103ng ELEGANT c\u00f3 2 t\u1ed1c \u0111\u1ed9 xay d\u1ec5 d\u00e0ng \u0111\u01b0\u1ee3c \u0111i\u1ec1u ch\u1ec9nh tr\u00ean n\u1eafp m\u00e1y. T\u00f9y thu\u1ed9c v\u00e0o nhu c\u1ea7u v\u1ec1 \u0111\u1ed9 m\u1ec1m, d\u1ebbo v\u00e0 nhuy\u1ec5n c\u1ee7a th\u1ecbt m\u00e0 b\u1ea1n mong mu\u1ed1n m\u00e0 b\u1ea1n c\u00f3 th\u1ec3 ch\u1ecdn m\u1ee9c t\u1ed1c \u0111\u1ed9 ph\u00f9 h\u1ee3p.<\/li>\n<li>M\u00e1y xay th\u1ecbt \u0111a n\u0103ng ELEGANT ngo\u00e0i ch\u1ee9c n\u0103ng xay th\u1ecbt \u01b0u vi\u1ec7t c\u00f2n \u0111\u01b0\u1ee3c trang b\u1ecb d\u1ee5ng c\u1ee5 c\u00f3 th\u1ec3 b\u00f3c t\u1ecfi v\u00e0 \u0111\u00e1nh tr\u1ee9ng si\u00eau t\u1ed1c ch\u1ec9 v\u00e0i gi\u00e2y, c\u1ef1c k\u1ef3 h\u1eefu \u00edch trong c\u00f4ng vi\u1ec7c n\u1ed9i tr\u1ee3.<\/li>\n<li>M\u00e1y xay th\u1ecbt \u0111a n\u0103ng ELEGANT c\u00f3 tr\u1ee5c l\u01b0\u1ee1i dao b\u1eb1ng th\u00e9p kh\u00f4ng g\u1ec9 v\u1edbi 4 l\u01b0\u1ee1i dao \u0111\u01a1n c\u1ef1c k\u1ef3 s\u1eafc b\u00e9n x\u1ebfp 2 t\u1ea7ng \u0111\u1ea3m b\u1ea3o an to\u00e0n cho ch\u1ea5t l\u01b0\u1ee3ng nguy\u00ean li\u1ec7u sau ch\u1ebf bi\u1ebfn. Ngo\u00e0i ra l\u01b0\u1ee1i dao c\u00f2n c\u00f3 b\u1ecdc b\u1ea3o v\u1ec7, \u0111\u1ea3m b\u1ea3o s\u1ef1 an to\u00e0n trong khi s\u1eed d\u1ee5ng.<\/li>\n<li>M\u00e1y xay th\u1ecbt \u0111a n\u0103ng ELEGANT c\u00f3 m\u00f4 t\u01a1 \u0111\u01b0\u1ee3c trang b\u1ecb l\u00f5i d\u00e2y \u0111\u1ed3ng si\u00eau b\u1ec1n, gia t\u0103ng kh\u1ea3 n\u0103ng ch\u1ecbu l\u1ef1c v\u00e0 tu\u1ed5i th\u1ecd c\u1ee7a m\u00e1y.<\/li>\n<li>M\u00e1y xay th\u1ecbt \u0111a n\u0103ng ELEGANT thi\u1ebft k\u1ebf c\u1ed1i \u0111\u1ef1ng th\u1ef1c ph\u1ea9m l\u00e0m b\u1eb1ng th\u1ee7y tinh cao c\u1ea5p, trong su\u1ed1t, d\u00e0y d\u1eb7n v\u00e0 an to\u00e0n cho s\u1ee9c kh\u1ecfe v\u1edbi n\u1eafp c\u1ed1i v\u00e0 \u0111\u1ebf c\u1ed1i b\u1ecdc cao su ch\u1ed1ng rung l\u1eafc v\u00e0 t\u1ea1o \u0111\u1ed9 ch\u1eafc ch\u1eafn cho m\u00e1y. C\u1ed1i n\u00e0y c\u00f3 hai tay c\u1ea7m d\u00e0y d\u1eb7n, b\u1ea1n c\u00f3 th\u1ec3 d\u1ec5 d\u00e0ng mang c\u1ed1i \u0111i khi th\u00e1o r\u1eddi \u0111\u1ec3 th\u1ef1c hi\u1ec7n n\u1ea5u n\u01b0\u1edbng. H\u01a1n n\u1eefa, c\u1ed1i c\u00f3 dung t\u00edch 1,8 l\u00edt t\u1ed1i \u01b0u, mi\u1ec7ng c\u1ed1i kh\u00e1 l\u1edbn, d\u1ec5 d\u00e0ng cho th\u1ef1c ph\u1ea9m v\u00e0o, ti\u1ebft ki\u1ec7m th\u1eddi gian ch\u1ebf bi\u1ec3n.<\/li>\n<li>\u0110i\u1ec3m n\u1ed5i b\u1eadt l\u00e0 m\u00e1y xay th\u1ecbt \u0111a n\u0103ng ELEGANT c\u00f3 thi\u1ebft k\u1ebf sang tr\u1ecdng, th\u1ec3 hi\u1ec7n \u0111\u01b0\u1ee3c \u0111\u1eb3ng c\u1ea5p v\u1edbi m\u00e0u b\u1ea1c s\u00e1ng b\u00f3ng s\u1ebd l\u00e0m n\u1ed5i b\u1eadt b\u1ea5t k\u00ec gian b\u1ebfp n\u00e0o c\u1ee7a m\u1ecdi gia \u0111\u00ecnh.<\/li>\n<\/ul>\n","protected":false},"excerpt":{"rendered":"<p>+ M\u00e1y xay \u0111a n\u0103ng c\u00f3 th\u1ec3 xay \u0111\u01b0\u1ee3c nhi\u1ec1u lo\u1ea1i th\u1ef1c ph\u1ea9m<\/p>\n<p>+ C\u00f4ng su\u1ea5t l\u1edbn: 350w<\/p>\n<p>+ Ngu\u1ed3n \u0111i\u1ec7n: 220-240v<\/p>\n<p>+ C\u1ed1i xay b\u1eb1ng th\u1ee7y tinh cao c\u1ea5p, dung t\u00edch l\u1edbn 1,8L<\/p>\n<p>+ L\u01b0\u1ee1i dao k\u00e9p b\u1eb1ng th\u00e9p cao c\u1ea5p kh\u00f4ng g\u1ec9, c\u00f3 b\u1ecdc b\u1ea3o v\u1ec7 an to\u00e0n.<\/p>\n","protected":false},"featured_media":4870,"comment_status":"open","ping_status":"closed","template":"","meta":[],"product_brand":[],"product_cat":[61,70],"product_tag":[],"class_list":{"0":"post-2933","1":"product","2":"type-product","3":"status-publish","4":"has-post-thumbnail","6":"product_cat-hang-gia-dung","7":"product_cat-may-xay-thit","9":"first","10":"instock","11":"shipping-taxable","12":"product-type-simple"},"_links":{"self":[{"href":"https:\/\/nhadepbepxinh.com.vn\/index.php?rest_route=\/wp\/v2\/product\/2933","targetHints":{"allow":["GET"]}}],"collection":[{"href":"https:\/\/nhadepbepxinh.com.vn\/index.php?rest_route=\/wp\/v2\/product"}],"about":[{"href":"https:\/\/nhadepbepxinh.com.vn\/index.php?rest_route=\/wp\/v2\/types\/product"}],"replies":[{"embeddable":true,"href":"https:\/\/nhadepbepxinh.com.vn\/index.php?rest_route=%2Fwp%2Fv2%2Fcomments&post=2933"}],"wp:featuredmedia":[{"embeddable":true,"href":"https:\/\/nhadepbepxinh.com.vn\/index.php?rest_route=\/wp\/v2\/media\/4870"}],"wp:attachment":[{"href":"https:\/\/nhadepbepxinh.com.vn\/index.php?rest_route=%2Fwp%2Fv2%2Fmedia&parent=2933"}],"wp:term":[{"taxonomy":"product_brand","embeddable":true,"href":"https:\/\/nhadepbepxinh.com.vn\/index.php?rest_route=%2Fwp%2Fv2%2Fproduct_brand&post=2933"},{"taxonomy":"product_cat","embeddable":true,"href":"https:\/\/nhadepbepxinh.com.vn\/index.php?rest_route=%2Fwp%2Fv2%2Fproduct_cat&post=2933"},{"taxonomy":"product_tag","embeddable":true,"href":"https:\/\/nhadepbepxinh.com.vn\/index.php?rest_route=%2Fwp%2Fv2%2Fproduct_tag&post=2933"}],"curies":[{"name":"wp","href":"https:\/\/api.w.org\/{rel}","templated":true}]}}