{"id":2708,"date":"2025-03-28T17:54:46","date_gmt":"2025-03-28T10:54:46","guid":{"rendered":"https:\/\/nhadepbepxinh.com.vn\/?post_type=product&#038;p=2708"},"modified":"2025-03-28T17:56:46","modified_gmt":"2025-03-28T10:56:46","slug":"chao-chien-chong-dinh-day-tu-tefal-so-chef-21cm","status":"publish","type":"product","link":"https:\/\/nhadepbepxinh.com.vn\/?product=chao-chien-chong-dinh-day-tu-tefal-so-chef-21cm","title":{"rendered":"CHA\u0309O CHI\u00caN CH\u00d4\u0301NG DI\u0301NH \u0110A\u0301Y T\u01af\u0300 TEFAL SO CHEF 21CM"},"content":{"rendered":"<h2 class=\"featuresAttributes-title-xwH text-red-r1\">\u0110\u1eb7c tr\u01b0ng<\/h2>\n<ul class=\"featuresAttributes-list-8u5\">\n<li class=\"featuresAttributes-item-XL9\"><strong class=\"featuresAttributes-label-Nty text-fs-base-xl\">D\u00f2ng s\u1ea3n ph\u1ea9m<\/strong>\n<p class=\"featuresAttributes-value-aJ6 text-fs-base-xl border-l border-gray-r3 flex flex-wrap justify-center items-center\">Frypan<\/p>\n<\/li>\n<li class=\"featuresAttributes-item-XL9\"><strong class=\"featuresAttributes-label-Nty text-fs-base-xl\">K\u00edch th\u01b0\u1edbc<\/strong>\n<p class=\"featuresAttributes-value-aJ6 text-fs-base-xl border-l border-gray-r3 flex flex-wrap justify-center items-center\">21 cm<\/p>\n<\/li>\n<li class=\"featuresAttributes-item-XL9\"><strong class=\"featuresAttributes-label-Nty text-fs-base-xl\">V\u1eadt li\u1ec7u<\/strong>\n<p class=\"featuresAttributes-value-aJ6 text-fs-base-xl border-l border-gray-r3 flex flex-wrap justify-center items-center\">Aluminum<\/p>\n<\/li>\n<li class=\"featuresAttributes-item-XL9\"><strong class=\"featuresAttributes-label-Nty text-fs-base-xl\">Kh\u1ea3 n\u0103ng t\u01b0\u01a1ng th\u00edch v\u1edbi b\u1ebfp t\u1eeb<\/strong>\n<p class=\"featuresAttributes-value-aJ6 text-fs-base-xl border-l border-gray-r3 flex flex-wrap justify-center items-center\">C\u1ea5u tr\u00fac &#8211; Kh\u00ed &#8211; \u0110i\u1ec7n &#8211; G\u1ed1m &#8211; Halogen<\/p>\n<\/li>\n<li class=\"featuresAttributes-item-XL9\"><strong class=\"featuresAttributes-label-Nty text-fs-base-xl\">An to\u00e0n v\u1edbi m\u00e1y r\u1eeda b\u00e1t<\/strong>\n<p class=\"featuresAttributes-value-aJ6 text-fs-base-xl border-l border-gray-r3 flex flex-wrap justify-center items-center\">\u0110\u00fang<\/p>\n<\/li>\n<li class=\"featuresAttributes-item-XL9\"><strong class=\"featuresAttributes-label-Nty text-fs-base-xl\">T\u00ean l\u1edbp ph\u1ee7 b\u00ean trong<\/strong>\n<p class=\"featuresAttributes-value-aJ6 text-fs-base-xl border-l border-gray-r3 flex flex-wrap justify-center items-center\">TITANIUM<\/p>\n<\/li>\n<li class=\"featuresAttributes-item-XL9\"><strong class=\"featuresAttributes-label-Nty text-fs-base-xl\">L\u1edbp ph\u1ee7 b\u00ean trong \/ ho\u00e0n thi\u1ec7n<\/strong>\n<p class=\"featuresAttributes-value-aJ6 text-fs-base-xl border-l border-gray-r3 flex flex-wrap justify-center items-center\">M\u00e0u s\u1eafc kh\u00f4ng d\u00ednh<\/p>\n<\/li>\n<li class=\"featuresAttributes-item-XL9\"><strong class=\"featuresAttributes-label-Nty text-fs-base-xl\">L\u1edbp ph\u1ee7 \/ ho\u00e0n thi\u1ec7n b\u00ean ngo\u00e0i<\/strong>\n<p class=\"featuresAttributes-value-aJ6 text-fs-base-xl border-l border-gray-r3 flex flex-wrap justify-center items-center\">M\u00e0u s\u1eafc kh\u00f4ng d\u00ednh<\/p>\n<\/li>\n<li class=\"featuresAttributes-item-XL9\"><strong class=\"featuresAttributes-label-Nty text-fs-base-xl\">M\u00f4i r\u00f3t<\/strong>\n<p class=\"featuresAttributes-value-aJ6 text-fs-base-xl border-l border-gray-r3 flex flex-wrap justify-center items-center\">\u0110\u00fang<\/p>\n<\/li>\n<li class=\"featuresAttributes-item-XL9\"><strong class=\"featuresAttributes-label-Nty text-fs-base-xl\">Lo\u1ea1i tay c\u1ea7m<\/strong>\n<p class=\"featuresAttributes-value-aJ6 text-fs-base-xl border-l border-gray-r3 flex flex-wrap justify-center items-center\">\u0110\u00e3 s\u1eeda<\/p>\n<\/li>\n<li class=\"featuresAttributes-item-XL9\"><strong class=\"featuresAttributes-label-Nty text-fs-base-xl\">Lo\u1ea1i \u0111\u00e1y<\/strong>\n<p class=\"featuresAttributes-value-aJ6 text-fs-base-xl border-l border-gray-r3 flex flex-wrap justify-center items-center\">C\u00d4NG NGH\u1ec6 C\u1ea2M \u1ee8NG<\/p>\n<\/li>\n<li class=\"featuresAttributes-item-XL9\"><strong class=\"featuresAttributes-label-Nty text-fs-base-xl\">M\u00e0u tay c\u1ea7m<\/strong>\n<p class=\"featuresAttributes-value-aJ6 text-fs-base-xl border-l border-gray-r3 flex flex-wrap justify-center items-center\">\u0110\u1ecf<\/p>\n<\/li>\n<li class=\"featuresAttributes-item-XL9\"><strong class=\"featuresAttributes-label-Nty text-fs-base-xl\">B\u1ec1 m\u1eb7t n\u1ea5u \u0103n<\/strong>\n<p class=\"featuresAttributes-value-aJ6 text-fs-base-xl border-l border-gray-r3 flex flex-wrap justify-center items-center\">Ch\u1ed1ng d\u00ednh<\/p>\n<\/li>\n<li class=\"featuresAttributes-item-XL9\"><strong class=\"featuresAttributes-label-Nty text-fs-base-xl\">Phong c\u00e1ch n\u1ea5u \u0103n<\/strong>\n<p class=\"featuresAttributes-value-aJ6 text-fs-base-xl border-l border-gray-r3 flex flex-wrap justify-center items-center\">D\u1ec5 d\u00e0ng<\/p>\n<\/li>\n<li class=\"featuresAttributes-item-XL9\"><strong class=\"featuresAttributes-label-Nty text-fs-base-xl\">\u0110\u1ed9 b\u1ec1n l\u1edbp ph\u1ee7 (\u0111\u1ed1i v\u1edbi ch\u1ea3o)<\/strong>\n<p class=\"featuresAttributes-value-aJ6 text-fs-base-xl border-l border-gray-r3 flex flex-wrap justify-center items-center\">X1<\/p>\n<\/li>\n<li class=\"featuresAttributes-item-XL9\"><strong class=\"featuresAttributes-label-Nty text-fs-base-xl\">S\u1ea3n ph\u1ea9m d\u00e0nh ri\u00eang cho<\/strong>\n<p class=\"featuresAttributes-value-aJ6 text-fs-base-xl border-l border-gray-r3 flex flex-wrap justify-center items-center\">d\u1ea1ng n\u01b0\u1edbc<\/p>\n<\/li>\n<li class=\"featuresAttributes-item-XL9\"><strong class=\"featuresAttributes-label-Nty text-fs-base-xl\">\u0110\u01b0\u1eddng k\u00ednh cm \/ S\u1ed1 ng\u01b0\u1eddi (cho ch\u1ea3o)<\/strong>\n<p class=\"featuresAttributes-value-aJ6 text-fs-base-xl border-l border-gray-r3 flex flex-wrap justify-center items-center\">20 cm \/ 1-2 people<\/p>\n<\/li>\n<li class=\"featuresAttributes-item-XL9\"><strong class=\"featuresAttributes-label-Nty text-fs-base-xl\">Tay c\u1ea7m th\u00e1o r\u1eddi<\/strong>\n<p class=\"featuresAttributes-value-aJ6 text-fs-base-xl border-l border-gray-r3 flex flex-wrap justify-center items-center\">Kh\u00f4ng<\/p>\n<\/li>\n<\/ul>\n","protected":false},"excerpt":{"rendered":"<p>\u0110\u1eb7c tr\u01b0ng D\u00f2ng s\u1ea3n ph\u1ea9m Frypan K\u00edch th\u01b0\u1edbc 21 cm V\u1eadt li\u1ec7u Aluminum Kh\u1ea3 n\u0103ng t\u01b0\u01a1ng th\u00edch v\u1edbi b\u1ebfp t\u1eeb C\u1ea5u tr\u00fac &#8211; Kh\u00ed &#8211; \u0110i\u1ec7n &#8211; G\u1ed1m &#8211; Halogen An to\u00e0n v\u1edbi m\u00e1y r\u1eeda b\u00e1t \u0110\u00fang T\u00ean l\u1edbp ph\u1ee7 b\u00ean trong TITANIUM L\u1edbp ph\u1ee7 b\u00ean trong \/ ho\u00e0n thi\u1ec7n M\u00e0u s\u1eafc kh\u00f4ng d\u00ednh L\u1edbp&#8230;<\/p>\n","protected":false},"featured_media":2715,"comment_status":"open","ping_status":"closed","template":"","meta":[],"product_brand":[],"product_cat":[61,68],"product_tag":[],"class_list":{"0":"post-2708","1":"product","2":"type-product","3":"status-publish","4":"has-post-thumbnail","6":"product_cat-hang-gia-dung","7":"product_cat-noi-chao","9":"first","10":"instock","11":"shipping-taxable","12":"product-type-simple"},"_links":{"self":[{"href":"https:\/\/nhadepbepxinh.com.vn\/index.php?rest_route=\/wp\/v2\/product\/2708","targetHints":{"allow":["GET"]}}],"collection":[{"href":"https:\/\/nhadepbepxinh.com.vn\/index.php?rest_route=\/wp\/v2\/product"}],"about":[{"href":"https:\/\/nhadepbepxinh.com.vn\/index.php?rest_route=\/wp\/v2\/types\/product"}],"replies":[{"embeddable":true,"href":"https:\/\/nhadepbepxinh.com.vn\/index.php?rest_route=%2Fwp%2Fv2%2Fcomments&post=2708"}],"wp:featuredmedia":[{"embeddable":true,"href":"https:\/\/nhadepbepxinh.com.vn\/index.php?rest_route=\/wp\/v2\/media\/2715"}],"wp:attachment":[{"href":"https:\/\/nhadepbepxinh.com.vn\/index.php?rest_route=%2Fwp%2Fv2%2Fmedia&parent=2708"}],"wp:term":[{"taxonomy":"product_brand","embeddable":true,"href":"https:\/\/nhadepbepxinh.com.vn\/index.php?rest_route=%2Fwp%2Fv2%2Fproduct_brand&post=2708"},{"taxonomy":"product_cat","embeddable":true,"href":"https:\/\/nhadepbepxinh.com.vn\/index.php?rest_route=%2Fwp%2Fv2%2Fproduct_cat&post=2708"},{"taxonomy":"product_tag","embeddable":true,"href":"https:\/\/nhadepbepxinh.com.vn\/index.php?rest_route=%2Fwp%2Fv2%2Fproduct_tag&post=2708"}],"curies":[{"name":"wp","href":"https:\/\/api.w.org\/{rel}","templated":true}]}}