{"id":2692,"date":"2025-03-28T17:37:17","date_gmt":"2025-03-28T10:37:17","guid":{"rendered":"https:\/\/nhadepbepxinh.com.vn\/?post_type=product&#038;p=2692"},"modified":"2025-03-28T17:37:17","modified_gmt":"2025-03-28T10:37:17","slug":"chao-phu-su-an-toan-elmich-olive-el-5965ov","status":"publish","type":"product","link":"https:\/\/nhadepbepxinh.com.vn\/?product=chao-phu-su-an-toan-elmich-olive-el-5965ov","title":{"rendered":"CHA\u0309O PHU\u0309 S\u01af\u0301 AN TOA\u0300N  ELMICH OLIVE EL-5965OV"},"content":{"rendered":"<h2>Th\u00f4ng tin s\u1ea3n ph\u1ea9m<\/h2>\n<div class=\"line\"><\/div>\n<div class=\"bic_wrap__ct\" data-target=\"tinhnang\">\n<div class=\"video-wrapper\"><iframe id=\"_dytid_9312\" src=\"https:\/\/www.youtube.com\/embed\/abFzo_dwsfU\" frameborder=\"0\" allowfullscreen=\"allowfullscreen\" data-mce-fragment=\"1\"><\/iframe><\/div>\n<p><strong>B\u1ed8 S\u01afU T\u1eacP OLIVE \u2013 TINH T\u00daY T\u1eea CH\u00c2U \u00c2U<\/strong><\/p>\n<p>Trong cu\u1ed9c s\u1ed1ng b\u1eadn r\u1ed9n, nh\u1eefng b\u1eefa c\u01a1m gia \u0111\u00ecnh \u1ea5m \u00e1p, sum v\u1ea7y tr\u1edf n\u00ean qu\u00fd gi\u00e1 h\u01a1n bao gi\u1edd h\u1ebft. Th\u1ea5u hi\u1ec3u v\u00e0 mong mu\u1ed1n bi\u1ebfn c\u0103n b\u1ebfp th\u00e0nh n\u01a1i l\u01b0u gi\u1eef nh\u1eefng kho\u1ea3nh kh\u1eafc h\u1ea1nh ph\u00fac nh\u1ea5t th\u00f4ng qua nh\u1eefng m\u00f3n \u0103n ngon v\u00e0 l\u00e0nh, Elmich \u0111\u00e3 cho ra m\u1eaft b\u1ed9 s\u01b0u t\u1eadp Elmich Olive. T\u1ea1o n\u00ean chi\u1ebfc c\u1ea7u n\u1ed1i v\u00f4 h\u00ecnh mang m\u1ecdi ng\u01b0\u1eddi t\u1edbi g\u1ea7n nhau h\u01a1n, th\u00fac gi\u1ee5c m\u1ecdi ng\u01b0\u1eddi h\u00e3y tr\u1edf v\u1ec1 nh\u00e0 \u0103n c\u01a1m v\u00e0 qu\u1ea7y qu\u1ea7n b\u00ean gia \u0111\u00ecnh sau m\u1ed9t ng\u00e0y d\u00e0i.<\/p>\n<p>Kh\u00f4ng ch\u1ec9 s\u1edf h\u1eefu thi\u1ebft k\u1ebf th\u1eddi trang \u0111\u1eadm ch\u1ea5t Ch\u00e2u \u00c2u, Elmich Olive c\u00f2n c\u1ef1c k\u1ef3 hi\u1ec7u qu\u1ea3 trong vi\u1ec7c gi\u1eef g\u00ecn v\u00e0 b\u1ea3o to\u00e0n d\u01b0\u1ee1ng ch\u1ea5t trong th\u1ef1c ph\u1ea9m, \u0111\u01b0a tinh hoa v\u0103n h\u00f3a \u1ea9m th\u1ef1c \u0110\u1ecba Trung H\u1ea3i v\u00e0o t\u1eebng b\u1eefa c\u01a1m gia \u0111\u00ecnh Vi\u1ec7t.<\/p>\n<p><b>K\u1ebft tinh ho\u00e0n h\u1ea3o gi\u1eefa c\u00f4ng ngh\u1ec7 v\u00e0 v\u0103n h\u00f3a<\/b><\/p>\n<p>Elmich Olive s\u1edf h\u1eefu thi\u1ebft k\u1ebf \u0111\u1ed9c \u0111\u00e1o \u0111\u1eadm ch\u1ea5t Ch\u00e2u \u00c2u, l\u1ea5y c\u1ea3m h\u1ee9ng t\u1eeb t\u1eeb v\u1ebb \u0111\u1eb9p t\u1ef1 nhi\u00ean v\u00e0 nh\u1eefng gi\u00e1 tr\u1ecb v\u01b0\u1ee3t th\u1eddi gian c\u1ee7a olive, mang \u0111\u1ebfn h\u01b0\u01a1ng v\u1ecb \u0111\u00edch th\u1ef1c v\u00e0 tr\u1ea3i nghi\u1ec7m kh\u00f3 qu\u00ean.<\/p>\n<p>S\u1eafc xanh v\u00e0ng \u1ea5m \u00e1p t\u1ef1a nh\u01b0 \u00e1nh n\u1eafng d\u1ecbu d\u00e0ng th\u1ed5i v\u00e0o kh\u00f4ng gian b\u1ebfp m\u1ed9t l\u00e0n gi\u00f3 t\u01b0\u01a1i m\u1edbi tr\u00e0n \u0111\u1ea7y s\u1ee9c s\u1ed1ng, g\u00f3p ph\u1ea7n gia t\u0103ng h\u01b0\u01a1ng v\u1ecb cho m\u1ecdi kho\u1ea3nh kh\u1eafc h\u1ea1nh ph\u00fac.\u00a0<span class=\"TextRun SCXW11564436 BCX0\" lang=\"EN-US\" xml:lang=\"EN-US\" data-contrast=\"none\"><span class=\"NormalTextRun SpellingErrorV2Themed SCXW11564436 BCX0\">V\u1edbi<\/span>\u00a0<span class=\"NormalTextRun SCXW11564436 BCX0\">s\u1ef1<\/span>\u00a0<span class=\"NormalTextRun SpellingErrorV2Themed SCXW11564436 BCX0\">k\u1ebft<\/span>\u00a0<span class=\"NormalTextRun SpellingErrorV2Themed SCXW11564436 BCX0\">h\u1ee3p<\/span>\u00a0<span class=\"NormalTextRun SpellingErrorV2Themed SCXW11564436 BCX0\">gi\u1eefa<\/span>\u00a0<span class=\"NormalTextRun SCXW11564436 BCX0\">c\u00f4ng<\/span>\u00a0<span class=\"NormalTextRun SpellingErrorV2Themed SCXW11564436 BCX0\">ngh\u1ec7<\/span>\u00a0<span class=\"NormalTextRun SpellingErrorV2Themed SCXW11564436 BCX0\">hi\u1ec7n<\/span>\u00a0<span class=\"NormalTextRun SpellingErrorV2Themed SCXW11564436 BCX0\">\u0111\u1ea1i<\/span>\u00a0<span class=\"NormalTextRun SpellingErrorV2Themed SCXW11564436 BCX0\">v\u00e0<\/span>\u00a0<span class=\"NormalTextRun SCXW11564436 BCX0\">tinh<\/span>\u00a0<span class=\"NormalTextRun SpellingErrorV2Themed SCXW11564436 BCX0\">hoa<\/span>\u00a0<span class=\"NormalTextRun SpellingErrorV2Themed SCXW11564436 BCX0\">\u1ea9m<\/span>\u00a0<span class=\"NormalTextRun SpellingErrorV2Themed SCXW11564436 BCX0\">th\u1ef1c<\/span>\u00a0<span class=\"NormalTextRun SpellingErrorV2Themed SCXW11564436 BCX0\">\u0110\u1ecba<\/span><span class=\"NormalTextRun SCXW11564436 BCX0\">\u00a0Trung H\u1ea3i,\u00a0<\/span><span class=\"NormalTextRun SpellingErrorV2Themed SCXW11564436 BCX0\">m\u1ed7i<\/span>\u00a0<span class=\"NormalTextRun SpellingErrorV2Themed SCXW11564436 BCX0\">s\u1ea3n<\/span>\u00a0<span class=\"NormalTextRun SpellingErrorV2Themed SCXW11564436 BCX0\">ph\u1ea9m<\/span>\u00a0<span class=\"NormalTextRun SpellingErrorV2Themed SCXW11564436 BCX0\">trong<\/span>\u00a0<span class=\"NormalTextRun SCXW11564436 BCX0\">b\u1ed9<\/span>\u00a0<span class=\"NormalTextRun SpellingErrorV2Themed SCXW11564436 BCX0\">s\u01b0u<\/span>\u00a0<span class=\"NormalTextRun SpellingErrorV2Themed SCXW11564436 BCX0\">t\u1eadp<\/span>\u00a0<span class=\"NormalTextRun SpellingErrorV2Themed SCXW11564436 BCX0\">l\u00e0<\/span>\u00a0<span class=\"NormalTextRun SpellingErrorV2Themed SCXW11564436 BCX0\">m\u1ed9t<\/span>\u00a0<span class=\"NormalTextRun SpellingErrorV2Themed SCXW11564436 BCX0\">t\u00e1c<\/span>\u00a0<span class=\"NormalTextRun SpellingErrorV2Themed SCXW11564436 BCX0\">ph\u1ea9m<\/span>\u00a0<span class=\"NormalTextRun SpellingErrorV2Themed SCXW11564436 BCX0\">ngh\u1ec7<\/span>\u00a0<span class=\"NormalTextRun SpellingErrorV2Themed SCXW11564436 BCX0\">thu\u1eadt<\/span><span class=\"NormalTextRun SCXW11564436 BCX0\">,\u00a0<\/span><span class=\"NormalTextRun SpellingErrorV2Themed SCXW11564436 BCX0\">mang<\/span>\u00a0<span class=\"NormalTextRun SpellingErrorV2Themed SCXW11564436 BCX0\">l\u1ea1i<\/span>\u00a0<span class=\"NormalTextRun SCXW11564436 BCX0\">s\u1ef1<\/span>\u00a0<span class=\"NormalTextRun SpellingErrorV2Themed SCXW11564436 BCX0\">t\u01b0\u01a1i<\/span>\u00a0<span class=\"NormalTextRun SpellingErrorV2Themed SCXW11564436 BCX0\">m\u1edbi<\/span><span class=\"NormalTextRun SCXW11564436 BCX0\">,\u00a0<\/span><span class=\"NormalTextRun SpellingErrorV2Themed SCXW11564436 BCX0\">b\u00ecnh<\/span>\u00a0<span class=\"NormalTextRun SpellingErrorV2Themed SCXW11564436 BCX0\">y\u00ean<\/span>\u00a0<span class=\"NormalTextRun SpellingErrorV2Themed SCXW11564436 BCX0\">v\u00e0<\/span>\u00a0<span class=\"NormalTextRun SpellingErrorV2Themed SCXW11564436 BCX0\">h\u1ea1nh<\/span>\u00a0<span class=\"NormalTextRun SpellingErrorV2Themed SCXW11564436 BCX0\">ph\u00fac<\/span>\u00a0<span class=\"NormalTextRun SpellingErrorV2Themed SCXW11564436 BCX0\">cho<\/span>\u00a0<span class=\"NormalTextRun SpellingErrorV2Themed SCXW11564436 BCX0\">kh\u00f4ng<\/span>\u00a0<span class=\"NormalTextRun SpellingErrorV2Themed SCXW11564436 BCX0\">gian<\/span>\u00a0<span class=\"NormalTextRun SpellingErrorV2Themed SCXW11564436 BCX0\">b\u1ebfp<\/span>\u00a0<span class=\"NormalTextRun SpellingErrorV2Themed SCXW11564436 BCX0\">c\u1ee7a<\/span>\u00a0<span class=\"NormalTextRun SpellingErrorV2Themed SpellingErrorHighlight SCXW11564436 BCX0\">b\u1ea1n<\/span><span class=\"NormalTextRun SCXW11564436 BCX0\">.<\/span><\/span><span class=\"EOP SCXW11564436 BCX0\" data-ccp-props=\"{&quot;134233117&quot;:false,&quot;134233118&quot;:false,&quot;335551550&quot;:6,&quot;335551620&quot;:6,&quot;335559738&quot;:240,&quot;335559739&quot;:240}\">\u00a0<\/span><\/p>\n<p><img loading=\"lazy\" decoding=\"async\" class=\"alignnone size-full wp-image-50235 entered lazyloaded\" title=\"Ch\u1ea3o ph\u1ee7 s\u1ee9 an to\u00e0n Elmich Olive EL-5965OV 1\" src=\"https:\/\/elmich.vn\/wp-content\/uploads\/2024\/09\/EL-5695OV_Profile_04-1.jpg\" alt=\"El 5695ov Profile 04\" width=\"1000\" height=\"1000\" data-lazy-src=\"https:\/\/elmich.vn\/wp-content\/uploads\/2024\/09\/EL-5695OV_Profile_04-1.jpg\" data-ll-status=\"loaded\" \/><\/p>\n<p><strong>Ch\u1ed1ng d\u00ednh Ceramic th\u1ebf h\u1ec7 m\u1edbi mang l\u1ea1i s\u1ef1 an to\u00e0n cho m\u1ed7i b\u1eefa \u0103n c\u1ee7a gia \u0111\u00ecnh b\u1ea1n<\/strong><\/p>\n<p>B\u1ed9 s\u01b0u t\u1eadp Elmich Olive s\u1eed d\u1ee5ng l\u1edbp ch\u1ed1ng d\u00ednh Ceramic\u00a0<span data-contrast=\"auto\">XERADUR \u00ae 5 cao c\u1ea5p<\/span><span data-contrast=\"none\">\u00a0t\u1eeb nh\u00e0 cung c\u1ea5p ILAG (Th\u1ee5y S\u0129):<\/span><\/p>\n<ul>\n<li>An to\u00e0n tuy\u1ec7t \u0111\u1ed1i: T\u1eeb c\u00e1c nguy\u00ean li\u1ec7u t\u1ef1 nhi\u00ean nh\u01b0 \u0111\u00e1, c\u00e1t v\u00e0 s\u00e9t thi\u00ean nhi\u00ean, \u0111\u1ea3m b\u1ea3o an to\u00e0n cho m\u00f4i tr\u01b0\u1eddng v\u00e0 s\u1ee9c kh\u1ecfe con ng\u01b0\u1eddi, ho\u00e0n to\u00e0n kh\u00f4ng ch\u1ee9a PFAS v\u00e0 PTFE.<\/li>\n<li><span class=\"TextRun SCXW243319347 BCX0\" lang=\"EN-US\" xml:lang=\"EN-US\" data-contrast=\"none\"><span class=\"NormalTextRun SpellingErrorV2Themed SCXW243319347 BCX0\">B\u1ec1n<\/span>\u00a0<span class=\"NormalTextRun SpellingErrorV2Themed SCXW243319347 BCX0\">b\u1ec9 h\u01a1n<\/span><\/span><span class=\"TextRun SCXW243319347 BCX0\" lang=\"EN-US\" xml:lang=\"EN-US\" data-contrast=\"none\">\u00a0<span class=\"NormalTextRun SpellingErrorV2Themed SCXW243319347 BCX0\">v\u1edbi<\/span>\u00a0<span class=\"NormalTextRun SpellingErrorV2Themed SCXW243319347 BCX0\">kh\u1ea3<\/span>\u00a0<span class=\"NormalTextRun SpellingErrorV2Themed SCXW243319347 BCX0\">n\u0103ng<\/span>\u00a0<span class=\"NormalTextRun SpellingErrorV2Themed SCXW243319347 BCX0\">ch\u1ed1ng<\/span>\u00a0<span class=\"NormalTextRun SpellingErrorV2Themed SCXW243319347 BCX0\">m\u00e0i<\/span>\u00a0<span class=\"NormalTextRun SpellingErrorV2Themed SCXW243319347 BCX0\">m\u00f2n<\/span>\u00a0<span class=\"NormalTextRun SpellingErrorV2Themed SCXW243319347 BCX0\">tuy\u1ec7t<\/span>\u00a0<span class=\"NormalTextRun SpellingErrorV2Themed SCXW243319347 BCX0\">v\u1eddi<\/span><span class=\"NormalTextRun SCXW243319347 BCX0\">:\u00a0<\/span><span class=\"NormalTextRun SpellingErrorV2Themed SCXW243319347 BCX0\">Th\u00e1ch<\/span>\u00a0<span class=\"NormalTextRun SpellingErrorV2Themed SCXW243319347 BCX0\">th\u1ee9c<\/span>\u00a0<span class=\"NormalTextRun SpellingErrorV2Themed SCXW243319347 BCX0\">t\u1edbi<\/span>\u00a0<span class=\"NormalTextRun AdvancedProofingIssueV2Themed SCXW243319347 BCX0\">101.000\u00a0<\/span><span class=\"NormalTextRun SpellingErrorV2Themed SCXW243319347 BCX0\">l<\/span><span class=\"NormalTextRun SpellingErrorV2Themed SCXW243319347 BCX0\">\u1ea7n<\/span>\u00a0<span class=\"NormalTextRun SpellingErrorV2Themed SCXW243319347 BCX0\">ch\u00e0<\/span>\u00a0<span class=\"NormalTextRun SpellingErrorV2Themed SCXW243319347 BCX0\">r\u1eeda<\/span>\u00a0<span class=\"NormalTextRun SpellingErrorV2Themed SCXW243319347 BCX0\">m\u00e0<\/span>\u00a0<span class=\"NormalTextRun SpellingErrorV2Themed SCXW243319347 BCX0\">kh\u00f4ng<\/span><span class=\"NormalTextRun SCXW243319347 BCX0\">\u00a0lo bong\u00a0<\/span><span class=\"NormalTextRun SpellingErrorV2Themed SCXW243319347 BCX0\">tr\u00f3c<\/span><span class=\"NormalTextRun SCXW243319347 BCX0\">,\u00a0<\/span><span class=\"NormalTextRun SpellingErrorV2Themed SCXW243319347 BCX0\">tr\u1ea7y<\/span>\u00a0<span class=\"NormalTextRun SpellingErrorV2Themed SCXW243319347 BCX0\">x\u01b0\u1edbc<\/span><\/span><span class=\"EOP SCXW243319347 BCX0\" data-ccp-props=\"{&quot;201341983&quot;:0,&quot;335551550&quot;:6,&quot;335551620&quot;:6,&quot;335559685&quot;:0,&quot;335559739&quot;:160,&quot;335559740&quot;:279}\">\u00a0<\/span><\/li>\n<li><span class=\"TextRun SCXW64297769 BCX0\" lang=\"EN-US\" xml:lang=\"EN-US\" data-contrast=\"none\"><span class=\"NormalTextRun SpellingErrorV2Themed SCXW64297769 BCX0\">Ch\u1ed1ng<\/span>\u00a0<span class=\"NormalTextRun SpellingErrorV2Themed SCXW64297769 BCX0\">d\u00ednh<\/span>\u00a0<span class=\"NormalTextRun SpellingErrorV2Themed SCXW64297769 BCX0\">\u0111\u1ec9nh<\/span>\u00a0<span class=\"NormalTextRun SpellingErrorV2Themed SCXW64297769 BCX0\">cao<\/span><\/span><span class=\"TextRun SCXW64297769 BCX0\" lang=\"EN-US\" xml:lang=\"EN-US\" data-contrast=\"none\"><span class=\"NormalTextRun SCXW64297769 BCX0\">:\u00a0<\/span><span class=\"NormalTextRun SpellingErrorV2Themed SCXW64297769 BCX0\">B\u1ec1n<\/span>\u00a0<span class=\"NormalTextRun SpellingErrorV2Themed SCXW64297769 BCX0\">g\u1ea5p<\/span>\u00a0<span class=\"NormalTextRun AdvancedProofingIssueV2Themed SCXW64297769 BCX0\">33\u00a0<\/span><span class=\"NormalTextRun SpellingErrorV2Themed SCXW64297769 BCX0\">l<\/span><span class=\"NormalTextRun SpellingErrorV2Themed SCXW64297769 BCX0\">\u1ea7n<\/span><span class=\"NormalTextRun SCXW64297769 BCX0\">\u00a0so\u00a0<\/span><span class=\"NormalTextRun SpellingErrorV2Themed SCXW64297769 BCX0\">v\u1edbi<\/span>\u00a0<span class=\"NormalTextRun SpellingErrorV2Themed SCXW64297769 BCX0\">c\u00e1c<\/span>\u00a0<span class=\"NormalTextRun SpellingErrorV2Themed SCXW64297769 BCX0\">lo\u1ea1i<\/span>\u00a0<span class=\"NormalTextRun SpellingErrorV2Themed SCXW64297769 BCX0\">ch\u1ed1ng<\/span>\u00a0<span class=\"NormalTextRun SpellingErrorV2Themed SCXW64297769 BCX0\">d\u00ednh<\/span>\u00a0<span class=\"NormalTextRun SpellingErrorV2Themed SCXW64297769 BCX0\">th\u00f4ng<\/span>\u00a0<span class=\"NormalTextRun SpellingErrorV2Themed SCXW64297769 BCX0\">th\u01b0\u1eddng<\/span><\/span><span class=\"EOP SCXW64297769 BCX0\" data-ccp-props=\"{&quot;201341983&quot;:0,&quot;335551550&quot;:6,&quot;335551620&quot;:6,&quot;335559685&quot;:0,&quot;335559739&quot;:160,&quot;335559740&quot;:279}\">\u00a0<\/span><\/li>\n<li>Ch\u1ecbu nhi\u1ec7t \u0111\u1ed9 cao: Kh\u00f4ng gi\u1ea3i ph\u00f3ng c\u00e1c ch\u1ea5t \u0111\u1ed9c h\u1ea1i nh\u01b0 PTFE, PFOA g\u00e2y h\u1ea1i<\/li>\n<\/ul>\n<p><img loading=\"lazy\" decoding=\"async\" class=\"alignnone size-full wp-image-50233 entered lazyloaded\" title=\"Ch\u1ea3o ph\u1ee7 s\u1ee9 an to\u00e0n Elmich Olive EL-5965OV 2\" src=\"https:\/\/elmich.vn\/wp-content\/uploads\/2024\/09\/EL-5695OV_Profile_08-1.jpg\" alt=\"El 5695ov Profile 08\" width=\"1000\" height=\"1000\" data-lazy-src=\"https:\/\/elmich.vn\/wp-content\/uploads\/2024\/09\/EL-5695OV_Profile_08-1.jpg\" data-ll-status=\"loaded\" \/><\/p>\n<p><img loading=\"lazy\" decoding=\"async\" class=\"alignnone size-full wp-image-50232 entered lazyloaded\" title=\"Ch\u1ea3o ph\u1ee7 s\u1ee9 an to\u00e0n Elmich Olive EL-5965OV 3\" src=\"https:\/\/elmich.vn\/wp-content\/uploads\/2024\/09\/EL-5695OV_Profile_10-1.jpg\" alt=\"El 5695ov Profile 10\" width=\"1000\" height=\"1000\" data-lazy-src=\"https:\/\/elmich.vn\/wp-content\/uploads\/2024\/09\/EL-5695OV_Profile_10-1.jpg\" data-ll-status=\"loaded\" \/><\/p>\n<p><img loading=\"lazy\" decoding=\"async\" class=\"alignnone size-full wp-image-50236 entered lazyloaded\" title=\"Ch\u1ea3o ph\u1ee7 s\u1ee9 an to\u00e0n Elmich Olive EL-5965OV 4\" src=\"https:\/\/elmich.vn\/wp-content\/uploads\/2024\/09\/EL-5695OV_Profile_11-2.jpg\" alt=\"El 5695ov Profile 11\" width=\"1000\" height=\"1000\" data-lazy-src=\"https:\/\/elmich.vn\/wp-content\/uploads\/2024\/09\/EL-5695OV_Profile_11-2.jpg\" data-ll-status=\"loaded\" \/><\/p>\n<p><strong>\u0110\u00e1y t\u1eeb th\u1ebf h\u1ec7 4 hi\u1ec7n \u0111\u1ea1i cho tr\u1ea3i nghi\u1ec7m n\u1ea5u \u0103n ngon h\u01a1n, l\u00e0nh m\u1ea1nh h\u01a1n v\u00e0 hi\u1ec7u qu\u1ea3 h\u01a1n.<\/strong><\/p>\n<p>\u0110\u01b0\u1ee3c trang b\u1ecb \u0111\u00e1y t\u1eeb th\u1ebf h\u1ec7 4 ti\u00ean ti\u1ebfn nh\u1ea5t hi\u1ec7n nay, b\u1ed9 s\u01b0u t\u1eadp Elmich Olive gi\u00fap gi\u1ea3i ph\u00f3ng n\u1ed9i tr\u1ee3, ti\u1ebft ki\u1ec7m th\u1eddi gian nh\u1edd ph\u00e1t huy hi\u1ec7u qu\u1ea3 nh\u1eefng \u01b0u \u0111i\u1ec3m v\u01b0\u1ee3t tr\u1ed9i:<\/p>\n<ul>\n<li>Kh\u1ea3 n\u0103ng b\u1eaft t\u1eeb tr\u00ean 98%<\/li>\n<li>B\u1ea3o to\u00e0n vitamin v\u00e0 kho\u00e1ng ch\u1ea5t<\/li>\n<li>Kh\u00f4ng ph\u1ed3ng \u0111\u00e1y<\/li>\n<\/ul>\n<p><img loading=\"lazy\" decoding=\"async\" class=\"alignnone size-full wp-image-50234 entered lazyloaded\" title=\"Ch\u1ea3o ph\u1ee7 s\u1ee9 an to\u00e0n Elmich Olive EL-5965OV 5\" src=\"https:\/\/elmich.vn\/wp-content\/uploads\/2024\/09\/EL-5695OV_Profile_07-2.jpg\" alt=\"El 5695ov Profile 07\" width=\"1000\" height=\"1000\" data-lazy-src=\"https:\/\/elmich.vn\/wp-content\/uploads\/2024\/09\/EL-5695OV_Profile_07-2.jpg\" data-ll-status=\"loaded\" \/><\/p>\n<p><img loading=\"lazy\" decoding=\"async\" class=\"alignnone size-full wp-image-50783 entered lazyloaded\" title=\"Ch\u1ea3o ph\u1ee7 s\u1ee9 an to\u00e0n Elmich Olive EL-5965OV 6\" src=\"https:\/\/elmich.vn\/wp-content\/uploads\/2024\/09\/EL-5695OV_Profile_06-1.jpg\" alt=\"El 5695ov Profile 06\" width=\"1000\" height=\"1000\" data-lazy-src=\"https:\/\/elmich.vn\/wp-content\/uploads\/2024\/09\/EL-5695OV_Profile_06-1.jpg\" data-ll-status=\"loaded\" \/><\/p>\n<p><img loading=\"lazy\" decoding=\"async\" class=\"alignnone size-full wp-image-46123 entered lazyloaded\" title=\"Ch\u1ea3o ph\u1ee7 s\u1ee9 an to\u00e0n Elmich Olive EL-5965OV 7\" src=\"https:\/\/elmich.vn\/wp-content\/uploads\/2024\/09\/EL-5695OV_Profile_13.jpg\" alt=\"El 5695ov Profile 13\" width=\"1000\" height=\"1000\" data-lazy-src=\"https:\/\/elmich.vn\/wp-content\/uploads\/2024\/09\/EL-5695OV_Profile_13.jpg\" data-ll-status=\"loaded\" \/><\/p>\n<p><strong>C\u00f4ng ngh\u1ec7 n\u00e9n \u00e1p l\u1ef1c cao gi\u00fap truy\u1ec1n nhi\u1ec7t \u0111\u1ec1u, gi\u1eef nhi\u1ec7t l\u00e2u cho m\u00f3n \u0103n ch\u00edn \u0111\u1ec1u, h\u1ea1n ch\u1ebf ch\u00e1y x\u00e9m<\/strong><\/p>\n<p>Th\u00e2n n\u1ed3i \u0111\u01b0\u1ee3c t\u1ea1o ra b\u1eb1ng c\u00f4ng ngh\u1ec7 n\u00e9n \u00e1p l\u1ef1c cao ti\u00ean ti\u1ebfn t\u1eeb Ch\u00e2u \u00c2u gi\u00fap qu\u00e1 tr\u00ecnh truy\u1ec1n nhi\u1ec7t \u0111\u1ec1u v\u00e0 gi\u1eef nhi\u1ec7t l\u00e2u, gi\u1ea3m hi\u1ec7n t\u01b0\u1ee3ng n\u00f3ng c\u1ee5c b\u1ed9, gi\u1ea3m thi\u1ec3u ch\u00e1y th\u1ef1c ph\u1ea9m trong qu\u00e1 tr\u00ecnh n\u1ea5u n\u01b0\u1edbng, t\u1eeb \u0111\u00f3 gi\u00fap m\u00f3n \u0103n ch\u00edn \u0111\u1ec1u, m\u1ec1m ngon, gi\u1eef v\u1eb9n nguy\u00ean vitamin v\u00e0 kho\u00e1ng ch\u1ea5t.<\/p>\n<p><img loading=\"lazy\" decoding=\"async\" class=\"alignnone size-full wp-image-46119 entered lazyloaded\" title=\"Ch\u1ea3o ph\u1ee7 s\u1ee9 an to\u00e0n Elmich Olive EL-5965OV 8\" src=\"https:\/\/elmich.vn\/wp-content\/uploads\/2024\/09\/EL-5695OV_Profile_09.jpg\" alt=\"El 5695ov Profile 09\" width=\"1000\" height=\"1000\" data-lazy-src=\"https:\/\/elmich.vn\/wp-content\/uploads\/2024\/09\/EL-5695OV_Profile_09.jpg\" data-ll-status=\"loaded\" \/><\/p>\n<p><strong>L\u00f2ng ch\u1ea3o s\u00e2u ti\u1ec7n l\u1ee3i h\u01a1n khi n\u1ea5u n\u01b0\u1edbng<\/strong><\/p>\n<p>L\u00f2ng ch\u1ea3o s\u00e2u gi\u00fap b\u1ea1n x\u00e0o, n\u1ea5u n\u01b0\u1edbng nhi\u1ec1u m\u00f3n \u0103n h\u01a1n m\u1ed9t c\u00e1ch thu\u1eadn ti\u1ec7n ch\u1ec9 v\u1edbi m\u1ed9t chi\u1ebfc ch\u1ea3o.<\/p>\n<p><img loading=\"lazy\" decoding=\"async\" class=\"alignnone size-full wp-image-46115 entered lazyloaded\" title=\"Ch\u1ea3o ph\u1ee7 s\u1ee9 an to\u00e0n Elmich Olive EL-5965OV 9\" src=\"https:\/\/elmich.vn\/wp-content\/uploads\/2024\/09\/EL-5695OV_Profile_05.jpg\" alt=\"El 5695ov Profile 05\" width=\"1000\" height=\"1000\" data-lazy-src=\"https:\/\/elmich.vn\/wp-content\/uploads\/2024\/09\/EL-5695OV_Profile_05.jpg\" data-ll-status=\"loaded\" \/><\/p>\n<p><strong>L\u1edbp ph\u1ee7 ch\u1ed1ng b\u00e1m b\u1ea9n cao c\u1ea5p<\/strong><\/p>\n<p>Gi\u00fap d\u1ec5 d\u00e0ng v\u1ec7 sinh v\u00e0 r\u1eeda s\u1ea1ch v\u1edbi n\u01b0\u1edbc, b\u1ea3o v\u1ec7 m\u00e0u s\u01a1n m\u1ed9t c\u00e1ch hi\u1ec7u qu\u1ea3 d\u00f9 tr\u1ea3i qua th\u1eddi gian d\u00e0i s\u1eed d\u1ee5ng.<\/p>\n<p><img loading=\"lazy\" decoding=\"async\" class=\"alignnone size-full wp-image-46626 entered lazyloaded\" title=\"Ch\u1ea3o ph\u1ee7 s\u1ee9 an to\u00e0n Elmich Olive EL-5965OV 10\" src=\"https:\/\/elmich.vn\/wp-content\/uploads\/2024\/09\/EL-5695OV_Profile_14-1.jpg\" alt=\"El 5695ov Profile 14\" width=\"1000\" height=\"1000\" data-lazy-src=\"https:\/\/elmich.vn\/wp-content\/uploads\/2024\/09\/EL-5695OV_Profile_14-1.jpg\" data-ll-status=\"loaded\" \/><\/p>\n<p><strong>D\u00f9ng t\u1ed1t trong m\u00e1y r\u1eeda b\u00e1t<\/strong><\/p>\n<p>Elmich Olive c\u00f3 th\u1ec3 d\u1ec5 d\u00e0ng x\u1ebfp g\u1ecdn trong m\u00e1y r\u1eeda b\u00e1t, ti\u1ebft ki\u1ec7m th\u1eddi gian d\u1ecdn r\u1eeda, v\u1ec7 sinh.<\/p>\n<p><img loading=\"lazy\" decoding=\"async\" class=\"alignnone size-full wp-image-46126 entered lazyloaded\" title=\"Ch\u1ea3o ph\u1ee7 s\u1ee9 an to\u00e0n Elmich Olive EL-5965OV 11\" src=\"https:\/\/elmich.vn\/wp-content\/uploads\/2024\/09\/EL-5695OV_Profile_16.jpg\" alt=\"El 5695ov Profile 16\" width=\"1000\" height=\"1000\" data-lazy-src=\"https:\/\/elmich.vn\/wp-content\/uploads\/2024\/09\/EL-5695OV_Profile_16.jpg\" data-ll-status=\"loaded\" \/><\/p>\n<p><strong>Tay c\u1ea7m tho\u1ea3i m\u00e1i, c\u00e1ch nhi\u1ec7t t\u1ed1t<\/strong><\/p>\n<p>Thi\u1ebft k\u1ebf tay c\u1ea7m v\u1eefng ch\u1eafc, mang l\u1ea1i c\u1ea3m gi\u00e1c tho\u1ea3i m\u00e1i khi thao t\u00e1c v\u00e0 an to\u00e0n cho ng\u01b0\u1eddi s\u1eed d\u1ee5ng m\u00e0 kh\u00f4ng c\u1ea7n g\u0103ng tay l\u00e0m b\u1ebfp khi ch\u1ecbu \u0111\u01b0\u1ee3c nhi\u1ec7t l\u00ean t\u1edbi 180 \u0111\u1ed9 C.<\/p>\n<p><img loading=\"lazy\" decoding=\"async\" class=\"alignnone size-full wp-image-46122 entered lazyloaded\" title=\"Ch\u1ea3o ph\u1ee7 s\u1ee9 an to\u00e0n Elmich Olive EL-5965OV 12\" src=\"https:\/\/elmich.vn\/wp-content\/uploads\/2024\/09\/EL-5695OV_Profile_12.jpg\" alt=\"El 5695ov Profile 12\" width=\"1000\" height=\"1000\" data-lazy-src=\"https:\/\/elmich.vn\/wp-content\/uploads\/2024\/09\/EL-5695OV_Profile_12.jpg\" data-ll-status=\"loaded\" \/><\/p>\n<p><strong>C\u1ea7u n\u1ed1i \u0111\u01b0a tinh hoa v\u0103n h\u00f3a \u1ea9m th\u1ef1c \u0110\u1ecba Trung H\u1ea3i v\u00e0o b\u1eefa c\u01a1m g\u1eafn k\u1ebft c\u1ee7a m\u1ed7i gia \u0111\u00ecnh Vi\u1ec7t<\/strong><\/p>\n<p><img loading=\"lazy\" decoding=\"async\" class=\"alignnone size-full wp-image-46127 entered lazyloaded\" title=\"Ch\u1ea3o ph\u1ee7 s\u1ee9 an to\u00e0n Elmich Olive EL-5965OV 13\" src=\"https:\/\/elmich.vn\/wp-content\/uploads\/2024\/09\/EL-5695OV_Profile_17.jpg\" alt=\"El 5695ov Profile 17\" width=\"1000\" height=\"1000\" data-lazy-src=\"https:\/\/elmich.vn\/wp-content\/uploads\/2024\/09\/EL-5695OV_Profile_17.jpg\" data-ll-status=\"loaded\" \/><\/p>\n<\/div>\n","protected":false},"excerpt":{"rendered":"<ul>\n<li>An to\u00e0n theo chu\u1ea9n ch\u00e2u \u00c2u<\/li>\n<li>Ch\u1ed1ng d\u00ednh Ceramic th\u1ebf h\u1ec7 m\u1edbi b\u1ec1n g\u1ea5p 33 l\u1ea7n ch\u1ed1ng d\u00ednh th\u00f4ng th\u01b0\u1eddng<\/li>\n<li>B\u1ec0N, 101.000 l\u1ea7n ch\u00e0 r\u1eeda<\/li>\n<li>Kh\u1ea3 n\u0103ng b\u1eaft t\u1eeb tr\u00ean 98%<\/li>\n<li>B\u1ea3o to\u00e0n vitamin v\u00e0 kho\u00e1ng ch\u1ea5t<\/li>\n<li>Design b\u1edfi team Elmich Ch\u00e2u \u00c2u<\/li>\n<li>B\u1ea3o h\u00e0nh v\u00e0 d\u1ecbch v\u1ee5 sau b\u00e1n h\u00e0ng theo chu\u1ea9n Ch\u00e2u \u00c2u, b\u1ea3o h\u00e0nh 24 th\u00e1ng<\/li>\n<\/ul>\n","protected":false},"featured_media":2693,"comment_status":"open","ping_status":"closed","template":"","meta":[],"product_brand":[],"product_cat":[61,68],"product_tag":[],"class_list":{"0":"post-2692","1":"product","2":"type-product","3":"status-publish","4":"has-post-thumbnail","6":"product_cat-hang-gia-dung","7":"product_cat-noi-chao","9":"first","10":"instock","11":"shipping-taxable","12":"product-type-simple"},"_links":{"self":[{"href":"https:\/\/nhadepbepxinh.com.vn\/index.php?rest_route=\/wp\/v2\/product\/2692","targetHints":{"allow":["GET"]}}],"collection":[{"href":"https:\/\/nhadepbepxinh.com.vn\/index.php?rest_route=\/wp\/v2\/product"}],"about":[{"href":"https:\/\/nhadepbepxinh.com.vn\/index.php?rest_route=\/wp\/v2\/types\/product"}],"replies":[{"embeddable":true,"href":"https:\/\/nhadepbepxinh.com.vn\/index.php?rest_route=%2Fwp%2Fv2%2Fcomments&post=2692"}],"wp:featuredmedia":[{"embeddable":true,"href":"https:\/\/nhadepbepxinh.com.vn\/index.php?rest_route=\/wp\/v2\/media\/2693"}],"wp:attachment":[{"href":"https:\/\/nhadepbepxinh.com.vn\/index.php?rest_route=%2Fwp%2Fv2%2Fmedia&parent=2692"}],"wp:term":[{"taxonomy":"product_brand","embeddable":true,"href":"https:\/\/nhadepbepxinh.com.vn\/index.php?rest_route=%2Fwp%2Fv2%2Fproduct_brand&post=2692"},{"taxonomy":"product_cat","embeddable":true,"href":"https:\/\/nhadepbepxinh.com.vn\/index.php?rest_route=%2Fwp%2Fv2%2Fproduct_cat&post=2692"},{"taxonomy":"product_tag","embeddable":true,"href":"https:\/\/nhadepbepxinh.com.vn\/index.php?rest_route=%2Fwp%2Fv2%2Fproduct_tag&post=2692"}],"curies":[{"name":"wp","href":"https:\/\/api.w.org\/{rel}","templated":true}]}}