{"id":2645,"date":"2025-03-28T17:00:23","date_gmt":"2025-03-28T10:00:23","guid":{"rendered":"https:\/\/nhadepbepxinh.com.vn\/?post_type=product&#038;p=2645"},"modified":"2025-04-16T15:10:27","modified_gmt":"2025-04-16T08:10:27","slug":"may-hut-bui-cam-tay-khong-day-baseus-ap01","status":"publish","type":"product","link":"https:\/\/nhadepbepxinh.com.vn\/?product=may-hut-bui-cam-tay-khong-day-baseus-ap01","title":{"rendered":"MA\u0301Y HU\u0301T BU\u0323I C\u00c2\u0300M TAY KH\u00d4NG D\u00c2Y BASEUS AP01"},"content":{"rendered":"<div class=\"mb-3 mb-sm-0 col-12 col-xl-8 product-content js-content-wrapper card border-0\">\n<div class=\"title_module_main heading-bar d-flex justify-content-between align-items-center\">\n<h2 class=\"heading-bar__title \">TH\u00d4NG TIN S\u1ea2N PH\u1ea8M<\/h2>\n<\/div>\n<div id=\"ega-uti-editable-content\" class=\"rte js-product-getcontent product_getcontent pos-relative\" data-platform=\"haravan\" data-id=\"1047662147\">\n<div id=\"content\" class=\"content js-content\">\n<h2>Gi\u1edbi thi\u1ec7u\u00a0M\u00e1y H\u00fat B\u1ee5i C\u1ea7m Tay Kh\u00f4ng D\u00e2y Baseus AP01 Handy Vacuum Cleaner (5000Pa, 85W, 6000mAh, 65dB)<\/h2>\n<p>Baseus AP01 Handy Vacuum Cleaner l\u00e0 m\u1ed9t s\u1ea3n ph\u1ea9m m\u00e1y h\u00fat b\u1ee5i c\u1ea7m tay\u00a0\u0111\u01b0\u1ee3c\u00a0thi\u1ebft k\u1ebf \u0111\u1ec3 s\u1eed d\u1ee5ng cho vi\u1ec7c v\u1ec7 sinh nh\u1eefng v\u1ecb tr\u00ed nh\u1ecf h\u1eb9p, nh\u01b0 b\u00e0n ph\u00edm, b\u00e0n l\u00e0m vi\u1ec7c, gh\u1ebf sofa, \u00f4 t\u00f4\u00a0v\u00e0 c\u00e1c khe h\u1edf tr\u00ean c\u00e1c thi\u1ebft b\u1ecb \u0111i\u1ec7n t\u1eed kh\u00e1c.<\/p>\n<h2><iframe loading=\"lazy\" src=\"https:\/\/www.youtube.com\/embed\/j7x9m-4qW6U\" width=\"100%\" height=\"500\" frameborder=\"0\" data-mce-fragment=\"1\"><\/iframe><\/h2>\n<p>T\u00ednh n\u0103ng\u00a0M\u00e1y H\u00fat B\u1ee5i C\u1ea7m Tay Kh\u00f4ng D\u00e2y Baseus AP01 Handy Vacuum Cleaner (5000Pa, 85W, 6000mAh, 65dB)<\/p>\n<p>Baseus AP01 Handy Vacuum Cleaner c\u00f3 thi\u1ebft k\u1ebf nh\u1ecf g\u1ecdn, d\u1ec5 mang theo v\u00e0 s\u1eed d\u1ee5ng. N\u00f3 c\u00f3 \u0111\u1ed9ng c\u01a1 m\u1ea1nh m\u1ebd v\u00e0 dung l\u01b0\u1ee3ng pin l\u1edbn, cho ph\u00e9p ho\u1ea1t \u0111\u1ed9ng l\u00e2u h\u01a1n so v\u1edbi c\u00e1c m\u00e1y h\u00fat b\u1ee5i mini th\u00f4ng th\u01b0\u1eddng. B\u00ean c\u1ea1nh \u0111\u00f3, s\u1ea3n ph\u1ea9m n\u00e0y c\u00f2n c\u00f3 nhi\u1ec1u t\u00ednh n\u0103ng ti\u1ec7n l\u1ee3i kh\u00e1c.<\/p>\n<h3>L\u1ef1c h\u00fat m\u1ea1nh<\/h3>\n<p>C\u00f4ng su\u1ea5t \u0111\u1ed9ng c\u01a1 l\u00ean \u0111\u1ebfn 85W v\u00e0 l\u1ef1c h\u00fat 5000Pa c\u00f3 th\u1ec3 h\u00fat \u0111\u01b0\u1ee3c c\u00e1c lo\u1ea1i b\u1ee5i v\u00e0 r\u00e1c th\u1ea3i kh\u00e1c nhau nh\u01b0\u00a0l\u00f4ng th\u00fa, b\u1ee5i b\u1ea9n v\u00e0 c\u00e1c v\u1eadt nh\u1ecf kh\u00e1c. B\u1ed9 l\u1ecdc HEPA c\u00f3 trong thi\u1ebft b\u1ecb n\u00e0y gi\u00fap lo\u1ea1i b\u1ecf c\u00e1c h\u1ea1t b\u1ee5i nh\u1ecf v\u00e0 c\u00e1c t\u1ea1p ch\u1ea5t kh\u00e1c, gi\u00fap kh\u00f4ng kh\u00ed trong xe c\u1ee7a b\u1ea1n s\u1ea1ch s\u1ebd h\u01a1n.<\/p>\n<h3>Dung l\u01b0\u1ee3ng pin l\u1edbn<\/h3>\n<p>Ma\u0301y hu\u0301t bu\u0323i c\u00e2\u0300m tay\u00a0Baseus AP01\u00a0co\u0301 dung l\u01b0\u01a1\u0323ng pin 6000mAh v\u01a1\u0301i c\u00f4\u0309ng sa\u0323c Type-C mang \u0111\u00ea\u0301n th\u01a1\u0300i gian s\u01b0\u0309 du\u0323ng ke\u0301o da\u0300i. M\u00e1y h\u00fat b\u1ee5i c\u1ea7m tay n\u00e0y chi\u0309 c\u00e2\u0300n c\u0103\u0301m sa\u0323c trong vo\u0300ng 4\u00a0gi\u01a1\u0300, ba\u0323n se\u0303 co\u0301 th\u00ea\u0309 hu\u0301t bu\u0323i nhanh, go\u0323n, le\u0323 ca\u0309 ng\u00e0y\u00a0li\u00ea\u0300n v\u01a1\u0301i Baseus\u00a0Vacuum Cleaner.<\/p>\n<h3>H\u1ec7 th\u1ed1ng l\u1ecdc 3 l\u1edbp<\/h3>\n<p>S\u1eed d\u1ee5ng b\u1ed9 l\u1ecdc Hepa\u00a0ng\u0103n ch\u1eb7n 90% b\u1ee5i, tr\u00e1nh t\u1eafc ngh\u1ebdn v\u00e0 \u00f4 nhi\u1ec5m th\u1ee9 c\u1ea5p trong xe c\u1ee7a b\u1ea1n. H\u1ed9p ch\u1ee9a s\u1eed d\u1ee5ng 1 l\u1ea7n d\u1ec5 th\u00e1o r\u1eddi v\u1ec7 sinh.<\/p>\n<h3>\u0110a n\u0103ng<\/h3>\n<p>C\u00f3 th\u1ec3 s\u1eed d\u1ee5ng \u0111\u1ec3 h\u00fat b\u1ee5i tr\u00ean nhi\u1ec1u b\u1ec1 m\u1eb7t kh\u00e1c nhau, bao g\u1ed3m c\u1ea3 b\u1ec1 m\u1eb7t c\u1ee9ng v\u00e0 m\u1ec1m.<\/p>\n<h2>H\u00ecnh \u1ea3nh\u00a0M\u00e1y H\u00fat B\u1ee5i C\u1ea7m Tay Kh\u00f4ng D\u00e2y Baseus AP01 Handy Vacuum Cleaner (5000Pa, 85W, 6000mAh, 65dB)<\/h2>\n<p><img decoding=\"async\" src=\"https:\/\/file.hstatic.net\/1000152881\/file\/cn-11134208-7qukw-lhzpjr5rhe3i99_d83656bbae4249efb795716ce5363f4b.jpg\" \/><\/p>\n<p><img decoding=\"async\" src=\"https:\/\/file.hstatic.net\/1000152881\/file\/tai_xuong_-_2023-06-19t100249.622_7c992014d4bc49f0a0a491594ab034aa.jpg\" \/><\/p>\n<p><img decoding=\"async\" src=\"https:\/\/file.hstatic.net\/1000152881\/file\/tai_xuong_-_2023-06-19t095504.927_c4d5a658e12143a39f3ed986b0310591.jpg\" \/><\/p>\n<p><img decoding=\"async\" src=\"https:\/\/file.hstatic.net\/1000152881\/file\/tai_xuong_-_2023-06-19t100249.696_8c82befd41fb4d2ca965c37b0f7700a7.jpg\" \/><\/p>\n<p><img decoding=\"async\" src=\"https:\/\/file.hstatic.net\/1000152881\/file\/tai_xuong_-_2023-06-19t100249.751_5a0904083674423781eaf7e565ad55e1.jpg\" \/><\/p>\n<p><img decoding=\"async\" src=\"https:\/\/file.hstatic.net\/1000152881\/file\/tai_xuong_-_2023-06-19t100250.713_62afa435729646dfa98cfb46bd8543d3.jpg\" \/><\/p>\n<p><img decoding=\"async\" src=\"https:\/\/file.hstatic.net\/1000152881\/file\/tai_xuong_-_2023-06-19t100250.684_c35896f822b0496fa6444e1a0e0b5ef1.jpg\" \/><\/p>\n<p><img decoding=\"async\" src=\"https:\/\/file.hstatic.net\/1000152881\/file\/tai_xuong_-_2023-06-19t100249.650_b69809b9bc9d4e7ca3f114c52c5723e5.jpg\" \/><\/p>\n<p><img decoding=\"async\" src=\"https:\/\/file.hstatic.net\/1000152881\/file\/tai_xuong_-_2023-06-19t100249.679_e51ad34be40e444dbb93883782910028.jpg\" \/><\/p>\n<p><img decoding=\"async\" src=\"https:\/\/file.hstatic.net\/1000152881\/file\/tai_xuong_-_2023-06-19t095504.914_b9089d45b8734bbaaf147058fc3721fa.jpg\" \/><\/p>\n<p><img decoding=\"async\" src=\"https:\/\/file.hstatic.net\/1000152881\/file\/tai_xuong_-_2023-06-19t100251.737_4d191d3b4f6b4893aa30b2b27d268f6b.jpg\" \/><\/p>\n<p><img decoding=\"async\" src=\"https:\/\/file.hstatic.net\/1000152881\/file\/tai_xuong_-_2023-06-19t100251.724_0320e0a1465546059ee3c3b7b3a68b26.jpg\" \/><\/p>\n<p><img decoding=\"async\" src=\"https:\/\/file.hstatic.net\/1000152881\/file\/tai_xuong_-_2023-06-19t100342.311_329d1022b3cb419394af493ec1ef849f.jpg\" \/><\/p>\n<p><img decoding=\"async\" src=\"https:\/\/file.hstatic.net\/1000152881\/file\/cn-11134208-7qukw-lhzpjr5rsmn222_5a8132662090484ba61b917784b5be40.jpg\" \/><\/p>\n<p><img decoding=\"async\" src=\"https:\/\/file.hstatic.net\/1000152881\/file\/tai_xuong_-_2023-06-19t100249.836_63759936d2a14536b85ff5d0647d6438.jpg\" \/><\/p>\n<\/div>\n<\/div>\n<div class=\"js-seemore ega-pro__seemore text-center pos-relative mt-3 show\"><a class=\"btn btn-icon w-100 justify-content-center btn-secondary\" title=\"Xem th\u00eam\"><i class=\"fas fa-minus-circle\"><\/i>Thu g\u1ecdn<\/a><\/div>\n<\/div>\n<div class=\"col-12 col-xl-4 product_sidebar pl-0 pl-sm-3 pr-0\">\n<div class=\"product-specifications card border-0\">\n<div class=\"title_module_main heading-bar d-flex justify-content-between align-items-center\"><\/div>\n<\/div>\n<\/div>\n","protected":false},"excerpt":{"rendered":"<div class=\"modal-header border-0 pb-0\">\n<h5 id=\"exampleModalLabel2\" class=\"modal-title\">T\u00ednh n\u0103ng n\u1ed5i b\u1eadT<\/h5>\n<\/div>\n<div class=\"modal-body\">\n<p>1.V\u1edbi t\u00fai b\u1ee5i d\u00f9ng m\u1ed9t l\u1ea7n<br \/>\n2.Max. C\u00f4ng su\u1ea5t h\u00fat 5000Pa<br \/>\n3.T\u1ed1c \u0111\u1ed9 quay 45000 v\u00f2ng\/ph\u00fat<br \/>\n4.Pin ch\u1ecbu nhi\u1ec7t 75\u00b0C<br \/>\n5.Thi\u1ebft k\u1ebf kh\u00f4ng d\u00e2y<\/p>\n<\/div>\n","protected":false},"featured_media":4886,"comment_status":"open","ping_status":"closed","template":"","meta":[],"product_brand":[],"product_cat":[61,72],"product_tag":[],"class_list":{"0":"post-2645","1":"product","2":"type-product","3":"status-publish","4":"has-post-thumbnail","6":"product_cat-hang-gia-dung","7":"product_cat-may-hut-bui-cam-tay","9":"first","10":"instock","11":"shipping-taxable","12":"product-type-simple"},"_links":{"self":[{"href":"https:\/\/nhadepbepxinh.com.vn\/index.php?rest_route=\/wp\/v2\/product\/2645","targetHints":{"allow":["GET"]}}],"collection":[{"href":"https:\/\/nhadepbepxinh.com.vn\/index.php?rest_route=\/wp\/v2\/product"}],"about":[{"href":"https:\/\/nhadepbepxinh.com.vn\/index.php?rest_route=\/wp\/v2\/types\/product"}],"replies":[{"embeddable":true,"href":"https:\/\/nhadepbepxinh.com.vn\/index.php?rest_route=%2Fwp%2Fv2%2Fcomments&post=2645"}],"wp:featuredmedia":[{"embeddable":true,"href":"https:\/\/nhadepbepxinh.com.vn\/index.php?rest_route=\/wp\/v2\/media\/4886"}],"wp:attachment":[{"href":"https:\/\/nhadepbepxinh.com.vn\/index.php?rest_route=%2Fwp%2Fv2%2Fmedia&parent=2645"}],"wp:term":[{"taxonomy":"product_brand","embeddable":true,"href":"https:\/\/nhadepbepxinh.com.vn\/index.php?rest_route=%2Fwp%2Fv2%2Fproduct_brand&post=2645"},{"taxonomy":"product_cat","embeddable":true,"href":"https:\/\/nhadepbepxinh.com.vn\/index.php?rest_route=%2Fwp%2Fv2%2Fproduct_cat&post=2645"},{"taxonomy":"product_tag","embeddable":true,"href":"https:\/\/nhadepbepxinh.com.vn\/index.php?rest_route=%2Fwp%2Fv2%2Fproduct_tag&post=2645"}],"curies":[{"name":"wp","href":"https:\/\/api.w.org\/{rel}","templated":true}]}}