{"id":2636,"date":"2025-03-28T16:55:17","date_gmt":"2025-03-28T09:55:17","guid":{"rendered":"https:\/\/nhadepbepxinh.com.vn\/?post_type=product&#038;p=2636"},"modified":"2025-03-28T16:55:17","modified_gmt":"2025-03-28T09:55:17","slug":"noi-lau-dien-sowun-sw-6020","status":"publish","type":"product","link":"https:\/\/nhadepbepxinh.com.vn\/?product=noi-lau-dien-sowun-sw-6020","title":{"rendered":"N\u1ed2I L\u1ea8U \u0110I\u1ec6N SOWUN SW 6020"},"content":{"rendered":"<p>N\u1ed3i l\u1ea9u \u0111i\u1ec7n \u0111a n\u0103ng Sowun SW 6020 c\u1ee7a nh\u00e3n h\u00e0ng Sowun v\u1edbi \u0111a t\u00ednh n\u0103ng trong m\u1ed9t chi\u1ebfc n\u1ed3i l\u1ea9u gi\u00fap c\u00e1c b\u1ea1n s\u1eed d\u1ee5ng v\u00e0o c\u00e1c m\u1ee5c \u0111\u00edch kh\u00e1c nhau nh\u01b0 n\u1ea5u l\u1ea9u, chi\u00ean, x\u00e0o, h\u1ea5p\u2026trong c\u00e1c bu\u1ed5i t\u1ee5 h\u1ecdp, sum v\u1ea7y, v\u00e0 c\u00e1c b\u1eefa \u0103n h\u00e0ng ng\u00e0y trong gia \u0111\u00ecnh v\u00e0o m\u1ecdi l\u00fac, m\u1ecdi n\u01a1i, m\u1ecdi m\u00f9a trong n\u0103m. B\u1ea1n n\u00ean s\u1edf h\u1eefu cho m\u00ecnh m\u1ed9t chi\u1ebfc n\u1ed3i hi\u1ec7n \u0111\u1ea1i, \u0111\u01b0\u1ee3c thi\u1ebft k\u1ebf sang tr\u1ecdng, ti\u1ec7n nghi trong kh\u00f4ng gian gia \u0111\u00ecnh c\u1ee7a b\u1ea1n v\u1edbi n\u1ed3i l\u1ea9u \u0111i\u1ec7n \u0111a n\u0103ng Sowun SW 6020 c\u1ee7a nh\u00e3n h\u00e0ng Sowun ch\u00fang t\u00f4i.<\/p>\n<p><img loading=\"lazy\" decoding=\"async\" class=\"size-full wp-image-3483\" src=\"http:\/\/sowun.vn\/wp-content\/uploads\/2021\/11\/lau-dien-SOWUN-SW-6020-w-01.jpg\" sizes=\"auto, (max-width: 1000px) 100vw, 1000px\" srcset=\"https:\/\/sowun.vn\/wp-content\/uploads\/2021\/11\/lau-dien-SOWUN-SW-6020-w-01.jpg 1000w, https:\/\/sowun.vn\/wp-content\/uploads\/2021\/11\/lau-dien-SOWUN-SW-6020-w-01-600x920.jpg 600w\" alt=\"l\u1ea9u-\u0111i\u1ec7n-SOWUN-SW-6020-w-01\" width=\"1000\" height=\"1534\" \/><\/p>\n<p>\u0110\u1eb7c \u0111i\u1ec3m n\u1ed5i b\u1eadt:<\/p>\n<ul>\n<li>N\u1ed3i l\u1ea9u \u0111i\u1ec7n \u0111a n\u0103ng bao g\u1ed3m c\u00e1c ch\u1ee9c n\u0103ng: l\u1ea9u, chi\u00ean, x\u00e0o, h\u1ea5p\u2026<\/li>\n<li>M\u1eb7t n\u1ed3i ch\u1ed1ng d\u00ednh v\u00e2n \u0111\u00e1 t\u1ed1t h\u01a1n g\u1ea5p 03 l\u1ea7n ch\u1ed1ng d\u00ednh th\u01b0\u1eddng<\/li>\n<li>\u0110i\u1ec1u ch\u1ec9nh nhi\u1ec7t \u0111\u1ed9 b\u1eb1ng n\u00fam xoay v\u00e0 n\u00fat g\u1ea1t theo t\u1eebng m\u1ee9c \u0111\u1ed9 nhi\u1ec7t<\/li>\n<li>L\u00f2ng n\u1ed3i d\u1eddi d\u1ec5 d\u00e0ng v\u1ec7 sinh sau khi s\u1eed d\u1ee5ng<\/li>\n<li>Tay c\u1ea7m thi\u1ebft k\u1ebf hi\u1ec7n \u0111\u1ea1i, d\u1ec5 s\u1eed d\u1ee5ng, tr\u00e1nh n\u00f3ng t\u1ed1t<\/li>\n<li>Ki\u1ec3u d\u00e1ng: Tr\u00f2n, \u0111\u1eb9p sang tr\u1ecdng<\/li>\n<li>Dung t\u00edch: 05 L\u00edt<\/li>\n<li>C\u00f4ng su\u1ea5t: 1500W, \u0111i\u1ec7n \u00e1p 220V\/50Hz<\/li>\n<li>B\u1ea3o h\u00e0nh ch\u00ednh h\u00e3ng 12 th\u00e1ng<\/li>\n<\/ul>\n<p><img loading=\"lazy\" decoding=\"async\" class=\"size-full wp-image-3485\" src=\"http:\/\/sowun.vn\/wp-content\/uploads\/2021\/11\/lau-dien-SOWUN-SW-6020-w-02.jpg\" sizes=\"auto, (max-width: 1000px) 100vw, 1000px\" srcset=\"https:\/\/sowun.vn\/wp-content\/uploads\/2021\/11\/lau-dien-SOWUN-SW-6020-w-02.jpg 1000w, https:\/\/sowun.vn\/wp-content\/uploads\/2021\/11\/lau-dien-SOWUN-SW-6020-w-02-600x836.jpg 600w\" alt=\"l\u1ea9u-\u0111i\u1ec7n-SOWUN-SW-6020-w-02\" width=\"1000\" height=\"1394\" \/><\/p>\n<p><strong>Thi\u1ebft k\u1ebf sang tr\u1ecdng, n\u1ed5i b\u1eadt<\/strong><\/p>\n<p>\u2013 N\u1ed3i \u0111\u01b0\u1ee3c thi\u1ebft k\u1ebf v\u1edbi 02 m\u00e0u ch\u1ee7 \u0111\u1ea1o l\u00e0 xanh l\u00e1 c\u00e2y v\u00e0 xanh d\u01b0\u01a1ng cho b\u1ea1n th\u00eam s\u1ef1 ch\u1ecdn l\u01b0a \u0111\u1ec3 ph\u00f9 h\u1ee3p trong c\u0103n b\u1ebfp c\u1ee7a gia \u0111\u00ecnh m\u00ecnh.<\/p>\n<p>\u2013 Thi\u1ebft k\u1ebf m\u00e2m nhi\u1ec7t l\u1edbn c\u00f4ng su\u1ea5t l\u00ean t\u1edbi 1500W gi\u00fap th\u1ee9c \u0103n ch\u00ednh nhanh v\u00e0 t\u1ecfa nhi\u1ec7t \u00a0\u0111\u1ec1u, ti\u1ebft ki\u1ec7m \u0111i\u1ec7n n\u0103ng trong qu\u00e1 tr\u00ecnh s\u1eed d\u1ee5ng<\/p>\n<p><img loading=\"lazy\" decoding=\"async\" class=\"size-full wp-image-3489\" src=\"http:\/\/sowun.vn\/wp-content\/uploads\/2021\/11\/lau-dien-SOWUN-SW-6020-w-03-1.jpg\" sizes=\"auto, (max-width: 1000px) 100vw, 1000px\" srcset=\"https:\/\/sowun.vn\/wp-content\/uploads\/2021\/11\/lau-dien-SOWUN-SW-6020-w-03-1.jpg 1000w, https:\/\/sowun.vn\/wp-content\/uploads\/2021\/11\/lau-dien-SOWUN-SW-6020-w-03-1-600x775.jpg 600w\" alt=\"l\u1ea9u-\u0111i\u1ec7n-SOWUN-SW-6020-w-03\" width=\"1000\" height=\"1292\" \/><\/p>\n<p>\u2013 L\u1eafp n\u1ed3i thi\u1ebft k\u1ebf \u0111\u1ed9c \u0111\u00e1o v\u1edbi k\u00ednh trong su\u1ed1t c\u00f3 th\u1ec3 nh\u00ecn th\u1ea5y qu\u00e1 tr\u00ecnh n\u1ea5u v\u00e0 th\u1ee9c \u0103n trong n\u1ed3i, thi\u1ebft k\u1ebf tay c\u1ea7m d\u00e0i, cao gi\u00fap b\u1ea1n c\u1ea7m n\u1eafm d\u1ec5 d\u00e0ng, \u0111\u1eb7c bi\u1ec7t b\u1ea3o v\u1ec7 b\u1ea1n tr\u00e1nh kh\u1ecfi h\u01a1i n\u01b0\u1edbc b\u1ed1c l\u00ean khi \u0111un.<\/p>\n<p><img loading=\"lazy\" decoding=\"async\" class=\"size-full wp-image-3491\" src=\"http:\/\/sowun.vn\/wp-content\/uploads\/2021\/11\/lau-dien-SOWUN-SW-6020-w-05.jpg\" sizes=\"auto, (max-width: 1000px) 100vw, 1000px\" srcset=\"https:\/\/sowun.vn\/wp-content\/uploads\/2021\/11\/lau-dien-SOWUN-SW-6020-w-05.jpg 1000w, https:\/\/sowun.vn\/wp-content\/uploads\/2021\/11\/lau-dien-SOWUN-SW-6020-w-05-600x919.jpg 600w\" alt=\"l\u1ea9u-\u0111i\u1ec7n-SOWUN-SW-6020-w-05\" width=\"1000\" height=\"1531\" \/><\/p>\n<p>\u2013 N\u1ed3i n\u1ea9u \u0111a n\u0103ng c\u00f3 02 thi\u1ebft k\u1ebf ki\u1ec3u d\u00e1ng n\u00fam xoay thao t\u00e1c linh ho\u1ea1t v\u00e0 c\u1ea7n g\u1ea1t \u0111i\u1ec1u ch\u1ec9nh \u0111\u01a1n gi\u1ea3n t\u00f9y theo nhu c\u1ea7u n\u1ea5u<\/p>\n<p><img loading=\"lazy\" decoding=\"async\" class=\"size-full wp-image-3526\" src=\"http:\/\/sowun.vn\/wp-content\/uploads\/2021\/11\/lau-dien-SOWUN-SW-6020-w-06.jpg\" sizes=\"auto, (max-width: 1000px) 100vw, 1000px\" srcset=\"https:\/\/sowun.vn\/wp-content\/uploads\/2021\/11\/lau-dien-SOWUN-SW-6020-w-06.jpg 1000w, https:\/\/sowun.vn\/wp-content\/uploads\/2021\/11\/lau-dien-SOWUN-SW-6020-w-06-600x290.jpg 600w\" alt=\"l\u1ea9u-\u0111i\u1ec7n-SOWUN-SW-6020-w-06\" width=\"1000\" height=\"484\" \/><\/p>\n<p>\u2013 Ch\u00e2n \u0111\u1ebf b\u1ecdc nh\u1ef1a ch\u1ed1ng tr\u01a1n, tr\u01b0\u1ee3t, c\u1ed1 \u0111\u1ecbnh, h\u1ea1n ch\u1ebf x\u00f4 l\u1ec7ch g\u00e2y \u0111\u1ed5, gi\u00fap n\u1ed3i kh\u00f4ng b\u1ecb \u0111\u1ed5 nghi\u00eang trong khi s\u1eed d\u1ee5ng<\/p>\n<p><strong>D\u1ec5 lau ch\u00f9i, v\u1ec7 sinh, an to\u00e0n khi s\u1eed d\u1ee5ng<\/strong><\/p>\n<p>\u2013 L\u00f2ng n\u1ed3i d\u1eddi, ph\u1ee7 l\u1edbp ch\u1ed1ng d\u00ednh v\u00e2n \u0111\u00e1 hi\u1ec7n \u0111\u1ea1i gi\u00fap b\u1ea1n d\u1ec5 d\u00e0ng v\u1ec7 sinh, h\u1ea1n ch\u1ebf d\u00ednh ch\u00e1y v\u00e0 \u0111\u1ea3m b\u1ea3o an to\u00e0n trong qu\u00e1 tr\u00ecnh s\u1eed d\u1ee5ng<\/p>\n<p><img loading=\"lazy\" decoding=\"async\" class=\"size-full wp-image-3493\" src=\"http:\/\/sowun.vn\/wp-content\/uploads\/2021\/11\/lau-dien-SOWUN-SW-6020-w-04.jpg\" sizes=\"auto, (max-width: 1000px) 100vw, 1000px\" srcset=\"https:\/\/sowun.vn\/wp-content\/uploads\/2021\/11\/lau-dien-SOWUN-SW-6020-w-04.jpg 1000w, https:\/\/sowun.vn\/wp-content\/uploads\/2021\/11\/lau-dien-SOWUN-SW-6020-w-04-600x870.jpg 600w\" alt=\"l\u1ea9u-\u0111i\u1ec7n-SOWUN-SW-6020-w-04\" width=\"1000\" height=\"1450\" \/><\/p>\n<p><strong>Dung t\u00edch l\u1edbn, n\u1ea5u nhi\u1ec1u h\u01a1n<\/strong><\/p>\n<p>\u2013 Dung t\u00edch n\u1ed3i l\u00ean t\u1edbi 05 l\u00edt ph\u00f9 h\u1ee3p gia \u0111\u00ecnh \u0111\u00f4ng ng\u01b0\u1eddi, n\u1ea5u \u0111\u01b0\u1ee3c nhi\u1ec1u th\u1ee9c \u0103n trong 01 l\u1ea7n \u0111un, ngo\u00e0i ch\u1ee9 n\u0103ng ch\u00ednh l\u00e0 n\u1ea5u l\u1ea9u n\u1ed3i c\u00f2n c\u00f3 c\u00e1c ch\u1ee9c n\u0103ng kh\u00e1c nh\u01b0: chi\u00ean, x\u00e0o, h\u1ea5p lu\u1ed9c, h\u1ea7m canh, n\u1ea5u c\u01a1m, n\u1ea5u ch\u00e1o\u2026..<\/p>\n<p>Ch\u00fa \u00fd khi s\u1eed d\u1ee5ng:<\/p>\n<ul>\n<li>Kh\u00f4ng n\u00ean s\u1eed d\u1ee5ng c\u1ecd s\u1eaft ho\u1eb7c b\u1ea5t k\u1ef3 d\u1ee5ng c\u1ee5 kim lo\u1ea1i c\u1ecd s\u00e1t v\u00e0o l\u00f2ng n\u1ed3i<\/li>\n<li>Sau khi s\u1eed d\u1ee5ng, r\u00fat \u1ed5 c\u1eafm, \u0111\u1ee3i n\u1ed3i ngu\u1ed9i, nh\u1ea5c l\u00f2ng n\u1ed3i mang \u0111i lau r\u1eeda, v\u1ec7 sinh<\/li>\n<li>Kh\u00f4ng t\u1ef1 th\u00e1o l\u1eafp, s\u1eeda ch\u1eefa, thay \u0111\u1ed5i linh ki\u1ec7n s\u1ea3n ph\u1ea9m<\/li>\n<li>Tr\u00e1nh n\u01b0\u1edbc ti\u1ebfp x\u00fac v\u00e0o \u1ed5 c\u1eafm<\/li>\n<li>B\u1ea3o qu\u1ea3n n\u01a1i kh\u00f4 r\u00e1o tho\u00e1ng m\u00e1t<\/li>\n<\/ul>\n<p>B\u1ea3o h\u00e0nh ch\u00ednh h\u00e3ng 12 th\u00e1ng<\/p>\n","protected":false},"excerpt":{"rendered":"<ul>\n<li>Dung t\u00edch: 05 L\u00edt<\/li>\n<li>C\u00f4ng su\u1ea5t: 1500W, \u0111i\u1ec7n \u00e1p 220V\/50Hz<\/li>\n<li>B\u1ea3o h\u00e0nh ch\u00ednh h\u00e3ng 12 th\u00e1ng<\/li>\n<\/ul>\n","protected":false},"featured_media":2637,"comment_status":"open","ping_status":"closed","template":"","meta":[],"product_brand":[],"product_cat":[61,65],"product_tag":[],"class_list":{"0":"post-2636","1":"product","2":"type-product","3":"status-publish","4":"has-post-thumbnail","6":"product_cat-hang-gia-dung","7":"product_cat-noi-lau-dien","9":"first","10":"instock","11":"shipping-taxable","12":"product-type-simple"},"_links":{"self":[{"href":"https:\/\/nhadepbepxinh.com.vn\/index.php?rest_route=\/wp\/v2\/product\/2636","targetHints":{"allow":["GET"]}}],"collection":[{"href":"https:\/\/nhadepbepxinh.com.vn\/index.php?rest_route=\/wp\/v2\/product"}],"about":[{"href":"https:\/\/nhadepbepxinh.com.vn\/index.php?rest_route=\/wp\/v2\/types\/product"}],"replies":[{"embeddable":true,"href":"https:\/\/nhadepbepxinh.com.vn\/index.php?rest_route=%2Fwp%2Fv2%2Fcomments&post=2636"}],"wp:featuredmedia":[{"embeddable":true,"href":"https:\/\/nhadepbepxinh.com.vn\/index.php?rest_route=\/wp\/v2\/media\/2637"}],"wp:attachment":[{"href":"https:\/\/nhadepbepxinh.com.vn\/index.php?rest_route=%2Fwp%2Fv2%2Fmedia&parent=2636"}],"wp:term":[{"taxonomy":"product_brand","embeddable":true,"href":"https:\/\/nhadepbepxinh.com.vn\/index.php?rest_route=%2Fwp%2Fv2%2Fproduct_brand&post=2636"},{"taxonomy":"product_cat","embeddable":true,"href":"https:\/\/nhadepbepxinh.com.vn\/index.php?rest_route=%2Fwp%2Fv2%2Fproduct_cat&post=2636"},{"taxonomy":"product_tag","embeddable":true,"href":"https:\/\/nhadepbepxinh.com.vn\/index.php?rest_route=%2Fwp%2Fv2%2Fproduct_tag&post=2636"}],"curies":[{"name":"wp","href":"https:\/\/api.w.org\/{rel}","templated":true}]}}