{"id":2626,"date":"2025-03-28T16:51:45","date_gmt":"2025-03-28T09:51:45","guid":{"rendered":"https:\/\/nhadepbepxinh.com.vn\/?post_type=product&#038;p=2626"},"modified":"2025-03-28T16:51:45","modified_gmt":"2025-03-28T09:51:45","slug":"noi-lau-dien-kalpen-4l-khay-lau-thao-roi-1660w","status":"publish","type":"product","link":"https:\/\/nhadepbepxinh.com.vn\/?product=noi-lau-dien-kalpen-4l-khay-lau-thao-roi-1660w","title":{"rendered":"N\u00d4\u0300I L\u00c2\u0309U \u0110I\u00ca\u0323N KALPEN 4L KHAY L\u00c2\u0309U THA\u0301O R\u01a0\u0300I, 1660W"},"content":{"rendered":"<h2><\/h2>\n<p><iframe loading=\"lazy\" title=\"YouTube video player\" src=\"https:\/\/www.youtube.com\/embed\/O_rfHP1gJbw?si=dHjYWsUBXez7xO70\" width=\"900\" height=\"500\" frameborder=\"0\" scrolling=\"no\" allowfullscreen=\"allowfullscreen\" data-mce-fragment=\"1\"><\/iframe><\/p>\n<h2><img decoding=\"async\" src=\"https:\/\/bizweb.dktcdn.net\/100\/427\/122\/files\/noi-lau-dien-kalpen-4l-khay-lau-thao-roi-p11-1660w-1.jpg?v=1734766714977\" data-thumb=\"original\" \/><img decoding=\"async\" src=\"https:\/\/bizweb.dktcdn.net\/100\/427\/122\/files\/noi-lau-dien-kalpen-4l-khay-lau-thao-roi-p11-1660w-2.jpg?v=1734766715819\" data-thumb=\"original\" \/><img decoding=\"async\" src=\"https:\/\/bizweb.dktcdn.net\/100\/427\/122\/files\/noi-lau-dien-kalpen-4l-khay-lau-thao-roi-p11-1660w-3.jpg?v=1734766716684\" data-thumb=\"original\" \/><img decoding=\"async\" src=\"https:\/\/bizweb.dktcdn.net\/100\/427\/122\/files\/noi-lau-dien-kalpen-4l-khay-lau-thao-roi-p11-1660w-4.jpg?v=1734766717524\" data-thumb=\"original\" \/><img decoding=\"async\" src=\"https:\/\/bizweb.dktcdn.net\/100\/427\/122\/files\/noi-lau-dien-kalpen-4l-khay-lau-thao-roi-p11-1660w-5.jpg?v=1734766718170\" data-thumb=\"original\" \/><img decoding=\"async\" src=\"https:\/\/bizweb.dktcdn.net\/100\/427\/122\/files\/noi-lau-dien-kalpen-4l-khay-lau-thao-roi-p11-1660w-6.jpg?v=1734766719016\" data-thumb=\"original\" \/><img decoding=\"async\" src=\"https:\/\/bizweb.dktcdn.net\/100\/427\/122\/files\/noi-lau-dien-kalpen-4l-khay-lau-thao-roi-p11-1660w-7.jpg?v=1734766719674\" data-thumb=\"original\" \/><img decoding=\"async\" src=\"https:\/\/bizweb.dktcdn.net\/100\/427\/122\/files\/noi-lau-dien-kalpen-4l-khay-lau-thao-roi-p11-1660w-8.jpg?v=1734766720478\" data-thumb=\"original\" \/><img decoding=\"async\" src=\"https:\/\/bizweb.dktcdn.net\/100\/427\/122\/files\/noi-lau-dien-kalpen-4l-khay-lau-thao-roi-p11-1660w-9.jpg?v=1734766721101\" data-thumb=\"original\" \/><img decoding=\"async\" src=\"https:\/\/bizweb.dktcdn.net\/100\/427\/122\/files\/noi-lau-dien-kalpen-4l-khay-lau-thao-roi-p11-1660w-10.jpg?v=1734766721990\" data-thumb=\"original\" \/><\/h2>\n<h2><strong>N\u1ed3i l\u1ea9u \u0111i\u1ec7n<\/strong>\u00a0l\u00e0 thi\u1ebft b\u1ecb n\u1ea5u \u0111a n\u0103ng, gi\u00fap l\u00e0m ch\u00edn th\u1ee9c \u0103n m\u1ed9t c\u00e1ch nhanh ch\u00f3ng v\u00e0 c\u1ef1c k\u1ef3 ph\u00f9 h\u1ee3p ti\u1ec7n d\u1ee5ng \u0111\u1ec3 ph\u1ee5c v\u1ee5 cho gia\u00a0\u0111\u00ecnh nh\u1eefng b\u1eefa l\u1ea9u m\u00e0 kh\u00f4ng c\u1ea7n ph\u1ea3i ra ngo\u00e0i h\u00e0ng.<\/h2>\n<p>Kalpen Vi\u1ec7t Nam gi\u1edbi thi\u1ec7u s\u1ea3n ph\u1ea9m\u00a0<strong>n\u1ed3i l\u1ea9u \u0111i\u1ec7n Kalpen 4L<\/strong>\u00a0khay l\u1ea9u th\u00e1o r\u1eddi.<\/p>\n<p><strong>I. TH\u00d4NG S\u1ed0 S\u1ea2N PH\u1ea8M<\/strong><br \/>\nModel \u00a0P11<br \/>\n\u0110i\u1ec7n \u00e1p \u00a0220-240V~<br \/>\nT\u1ea7n S\u1ed1 50Hz<br \/>\nC\u00f4ng su\u1ea5t \u00a01360-1660W<br \/>\nTh\u1ec3 t\u00edch n\u1ed3i l\u1ea9u 4L<\/p>\n<p><strong>II. \u0110\u1eb6C \u0110I\u1ec2M S\u1ea2N PH\u1ea8M\u00a0N\u1ed2I L\u1ea8U \u0110I\u1ec6N KALPEN 4L<\/strong><\/p>\n<h3><strong>1. \u0110a ch\u1ee9c n\u0103ng n\u1ea5u n\u01b0\u1edbng<\/strong><\/h3>\n<p>Ngo\u00e0i ch\u1ee9c n\u0103ng ch\u00ednh l\u00e0 n\u1ea5u l\u1ea9u, n\u1ed3i l\u1ea9u \u0111i\u1ec7n Kalpen c\u00f2n c\u00f3 th\u1ec3 s\u1eed d\u1ee5ng \u0111\u1ec3 ch\u1ebf bi\u1ebfn c\u00e1c m\u00f3n n\u01b0\u1edbng mang \u0111\u1ebfn cho gia \u0111\u00ecnh nh\u1eefng b\u1eefa l\u1ea9u, n\u01b0\u1edbng ti\u1ec7n nghi th\u1ecbnh so\u1ea1n ngon mi\u1ec7ng kh\u00f4ng kh\u00e1c g\u00ec ngo\u00e0i nh\u00e0 h\u00e0ng.<\/p>\n<p>B\u1ea1n c\u0169ng c\u00f3 th\u1ec3 s\u1eed d\u1ee5ng\u00a0<strong>n\u1ed3i l\u1ea9u \u0111i\u1ec7n Kalpen<\/strong>\u00a0\u0111\u1ec3 ch\u1ebf bi\u1ebfn r\u1ea5t nhi\u1ec1u m\u00f3n \u0103n h\u00e0ng ng\u00e0y kh\u00e1c nh\u01b0 n\u1ea5u soup, n\u1ea5u canh, c\u00e1c m\u00f3n h\u1ea5p, m\u00f3n h\u1ea7m\u2026<\/p>\n<h3><strong>2. Thi\u1ebft k\u1ebf th\u00f4ng minh, hi\u1ec7n \u0111\u1ea1i<\/strong><\/h3>\n<h3>N\u1ed3i l\u1ea9u \u0111i\u1ec7n Kalpen 4L \u0111\u01b0\u1ee3c thi\u1ebft k\u1ebf g\u1ecdn nh\u1eb9, m\u00e0u s\u1eafc trang nh\u00e3, hi\u1ec7n \u0111\u1ea1i kh\u00f4ng ch\u1ec9 ti\u1ec7n \u00edch khi s\u1eed d\u1ee5ng m\u00e0 c\u00f2n t\u1ea1o n\u00ean s\u1ef1 sang<\/h3>\n<h3>tr\u1ecdng, g\u1ecdn g\u00e0ng, \u0111\u1eb9p m\u1eaft tr\u00ean b\u00e0n \u0103n.<\/h3>\n<p>Khay l\u1ea9u c\u00f3 th\u1ec3 th\u00e1o r\u1eddi gi\u00fap cho vi\u1ec7c v\u1ec7 sinh s\u1ea3n ph\u1ea9m sau khi s\u1eed d\u1ee5ng tr\u1edf n\u00ean thu\u1eadn l\u1ee3i, d\u1ec5 d\u00e0ng. Khay l\u1ea9u c\u00f3 th\u1ec3 r\u1eeda tr\u1ef1c<\/p>\n<p>ti\u1ebfp\u00a0d\u01b0\u1edbi v\u00f2i n\u01b0\u1edbc ho\u1eb7c l\u00e0m s\u1ea1ch b\u1eb1ng m\u00e1y r\u1eeda b\u00e1t. Th\u00e2n n\u1ed3i c\u00f3 th\u1ec3 d\u1ec5 d\u00e0ng lau s\u1ea1ch v\u1edbi kh\u0103n m\u1ec1m \u1ea9m.<\/p>\n<p><strong>3. Ch\u1ea5t li\u1ec7u s\u1ea3n ph\u1ea9m cao c\u1ea5p an to\u00e0n cho s\u1ee9c kho\u1ebb<\/strong><\/p>\n<h3>Khay l\u1ea9u \u0111\u01b0\u1ee3c l\u00e0m t\u1eeb nh\u00f4m nguy\u00ean ch\u1ea5t \u0111\u00fac nguy\u00ean kh\u1ed1i v\u00e0 ph\u1ee7 ch\u1ed1ng d\u00ednh Whitford 5 l\u1edbp si\u00eau b\u1ec1n v\u1edbi \u0111\u1ed9 d\u00e0y 60\u00b5m c\u00f3 kh\u1ea3<\/h3>\n<h3>n\u0103ng\u00a0ch\u1ecbu s\u1ef1 ch\u00e0 s\u00e1t l\u00ean \u0111\u1ebfn 100.000 l\u1ea7n. Ch\u1ed1ng d\u00ednh Whitford l\u00e0 d\u00f2ng ch\u1ed1ng d\u00ednh cao c\u1ea5p \u0111\u00e3 \u0111\u01b0\u1ee3c FDA Hoa K\u1ef3 ch\u1ee9ng nh\u1eadn an to\u00e0n<\/h3>\n<h3>\u0111\u1ed1i\u00a0v\u1edbi s\u1ee9c kh\u1ecfe v\u00e0 \u0111\u01b0\u1ee3c s\u1eed d\u1ee5ng r\u1ed9ng r\u00e3i \u1edf nhi\u1ec1u n\u01b0\u1edbc tr\u00ean th\u1ebf gi\u1edbi.<\/h3>\n<h3><strong>4. \u0110i\u1ec1u ch\u1ec9nh nhi\u1ec7t linh ho\u1ea1t v\u00e0 d\u1ec5 s\u1eed d\u1ee5ng<\/strong><\/h3>\n<p><strong>N\u1ed3i l\u1ea9u \u0111i\u1ec7n Kalpen 4L<\/strong>\u00a0\u0111\u01b0\u1ee3c trang b\u1ecb h\u1ec7 th\u1ed1ng \u0111i\u1ec1u khi\u1ec3n c\u01a1 b\u1ec1n b\u1ec9 v\u00e0 s\u1eed d\u1ee5ng d\u1ec5 d\u00e0ng v\u1edbi nhi\u1ec1u m\u1ee9c \u0111i\u1ec1u ch\u1ec9nh nhi\u1ec7t \u0111\u1ed9 kh\u00e1c nhau\u00a0gi\u00fap d\u1ec5 d\u00e0ng ki\u1ec3m so\u00e1t t\u1ed1t qu\u00e1 tr\u00ecnh n\u1ea5u l\u1ea9u, ninh h\u1ea7m.<\/p>\n<h3><strong>5. C\u00f4ng su\u1ea5t l\u1edbn cho kh\u1ea3 n\u0103ng n\u1ea5u nhanh ch\u00f3ng<\/strong><\/h3>\n<h3>Ho\u1ea1t \u0111\u1ed9ng v\u1edbi c\u00f4ng su\u1ea5t 1660W c\u00f9ng thi\u1ebft k\u1ebf m\u00e2m nhi\u1ec7t v\u00e0 khay l\u1ea9u \u0111\u01b0\u1ee3c \u0111\u00fac nguy\u00ean kh\u1ed1i gi\u00fap cho vi\u1ec7c n\u1ea5u n\u01b0\u1edbng \u0111\u01b0\u1ee3c<\/h3>\n<h3>nhanh\u00a0ch\u00f3ng, th\u1ef1c ph\u1ea9m nhanh ch\u00edn, ch\u00edn \u0111\u1ec1u, mang l\u1ea1i c\u1ea3m gi\u00e1c \u0103n u\u1ed1ng ngon mi\u1ec7ng.<\/h3>\n<h3><strong>6. T\u00ednh n\u0103ng an to\u00e0n c\u1ee7a s\u1ea3n ph\u1ea9m<\/strong><\/h3>\n<h3>N\u1ed3i l\u1ea9u \u0111i\u1ec7n Kalpen 4L \u0111\u01b0\u1ee3c trang b\u1ecb nhi\u1ec1u t\u00ednh n\u0103ng an to\u00e0n \u0111\u1ec3 \u0111\u1ea3m b\u1ea3o s\u1ef1 an to\u00e0n cho ng\u01b0\u1eddi d\u00f9ng khi s\u1eed d\u1ee5ng s\u1ea3n ph\u1ea9m:<\/h3>\n<ul>\n<li>\n<h3>T\u00ednh n\u0103ng t\u1ef1 ng\u1eaft khi qu\u00e1 nhi\u1ec7t: Khi\u00a0<strong>n\u1ed3i l\u1ea9u \u0111i\u1ec7n Kalpen<\/strong>\u00a04L \u0111\u01b0\u1ee3c k\u1ebft n\u1ed1i v\u1edbi ngu\u1ed3n \u0111i\u1ec7n kh\u00f4ng \u1ed5n \u0111\u1ecbnh, n\u1ed3i s\u1ebd t\u1ef1 \u0111\u1ed9ng ng\u1eaft k\u1ebft n\u1ed1i\u00a0d\u1eebng ho\u1ea1t \u0111\u1ed9ng \u0111\u1ec3 \u0111\u1ea3m b\u1ea3o an to\u00e0n m\u1ea1ng l\u01b0\u1edbi \u0111i\u1ec7n khu v\u1ef1c nh\u00e0 b\u1ebfp tr\u00e1nh x\u1ea3y ra ch\u1eadp ch\u00e1y.<\/h3>\n<\/li>\n<\/ul>\n<ul>\n<li>\n<h3>T\u00ednh n\u0103ng ch\u1ed1ng tr\u00e0o: Vung n\u1ed3i l\u1ea9u Kalpen \u0111\u01b0\u1ee3c thi\u1ebft k\u1ebf v\u1eeba v\u1eb7n n\u1eb1m g\u1ecdn s\u00e2u trong khoang n\u1ed3i l\u1ea9u c\u00f9ng v\u1edbi van th\u00f4ng h\u01a1i mang\u00a0l\u1ea1i\u00a0t\u00e1c d\u1ee5ng ch\u1ed1ng tr\u00e0o hi\u1ec7u qu\u1ea3<\/h3>\n<\/li>\n<li>\n<h3>Tay c\u1ea7m c\u00e1ch nhi\u1ec7t: Tay c\u1ea7m \u0111\u01b0\u1ee3c l\u00e0m b\u1eb1ng nh\u1ef1a c\u00e1ch nhi\u1ec7t, thi\u1ebft k\u1ebf g\u00f3c c\u1ea1nh t\u1ea1o n\u00ean s\u1ef1 ch\u1eafc ch\u1eafn v\u00e0 an to\u00e0n khi s\u1eed d\u1ee5ng.<\/h3>\n<\/li>\n<\/ul>\n<h3><strong>7. S\u1ea3n ph\u1ea9m \u0111\u1ea1t chu\u1ea9n ch\u00e2u \u00c2u<\/strong><\/h3>\n<h3>N\u1ed3i l\u1ea9u \u0111i\u1ec7n Kalpen 4L l\u00e0 s\u1ea3n ph\u1ea9m \u0111\u01b0\u1ee3c thi\u1ebft k\u1ebf v\u00e0 nghi\u00ean c\u1ee9u b\u1edfi GmbH. Th\u1eddi gian b\u1ea3o h\u00e0nh ch\u00ednh h\u00e3ng 2 n\u0103m.<\/h3>\n<h2><strong>III. H\u01af\u1edaNG D\u1eaaN S\u1eec D\u1ee4NG\u00a0N\u1ed2I L\u1ea8U \u0110I\u1ec6N KALPEN\u00a0\u0110\u01af\u1ee2C B\u1ec0N L\u00c2U<\/strong><\/h2>\n<p>\u0110\u1ed3 gia d\u1ee5ng khi m\u1edbi mua v\u1ec1 th\u01b0\u1eddng c\u00f3 m\u00f9i t\u1ea1p ch\u1ea5t v\u00e0 l\u1edbp d\u1ea7u b\u00f3ng. V\u00ec th\u1ebf tr\u01b0\u1edbc khi s\u1eed d\u1ee5ng b\u1ea1n c\u1ea7n ti\u1ebfn h\u00e0nh l\u00e0m s\u1ea1ch khay n\u1ea5u\u00a0l\u1ea9u b\u1eb1ng n\u01b0\u1edbc r\u1eeda ch\u00e9n v\u00e0 kh\u0103n m\u1ec1m \u1ea9m r\u1ed3i cho n\u01b0\u1edbc s\u1ea1ch v\u00e0o kho\u1ea3ng 1\/2 n\u1ed3i l\u1ea9u \u0111un s\u00f4i trong v\u00f2ng 5 ph\u00fat sau \u0111\u00f3 \u0111\u1ec3 ngu\u1ed9i\u00a0r\u1ed3i\u00a0r\u1eeda l\u1ea1i khay l\u1ea9u v\u1edbi n\u01b0\u1edbc s\u1ea1ch, \u0111\u1ec3 r\u00e1o.<\/p>\n<h2>Khi \u0111\u1eb7t khay l\u1ea9u v\u00e0o th\u00e2n n\u1ed3i c\u1ea7n lau kh\u00f4 \u0111\u00e1y khay v\u00e0 \u0111\u1eb7t nh\u1eb9 nh\u00e0ng, \u0111\u00fang v\u1ecb tr\u00ed \u0111\u1ec3 gi\u00fap \u0111\u1ea3m b\u1ea3o tu\u1ed5i th\u1ecd b\u1ec1n l\u00e2u cho m\u00e2m nhi\u1ec7t.<\/h2>\n<h2>T\u1eaft ngu\u1ed3n n\u1ed3i l\u1ea9u \u0111i\u1ec7n v\u00e0 r\u00fat ph\u00edch c\u1eafm \u0111i\u1ec7n ngay sau khi n\u1ea5u xong \u0111\u1ec3 \u0111\u1ea3m b\u1ea3o an to\u00e0n.<\/h2>\n<h2>L\u01b0u \u00fd s\u1eed d\u1ee5ng c\u00e1c d\u1ee5ng c\u1ee5 n\u1ea5u l\u1ea9u, d\u1ee5ng c\u1ee5 v\u1edbt g\u1eafp \u0111\u1ed3 \u0103n l\u00e0m b\u1eb1ng silicon, g\u1ed7\u2026 \u0111\u1ec3 tr\u00e1nh l\u00e0m tr\u1ea7y x\u01b0\u1edbc l\u1edbp ch\u1ed1ng d\u00ednh \u1edf l\u00f2ng\u00a0<strong>n\u1ed3i l\u1ea9u \u0111i\u1ec7n Kalpen<\/strong>.<\/h2>\n<h2>L\u1ea5y \u0111\u1ed3 \u0103n ra kh\u1ecfi n\u1ed3i l\u1ea9u v\u00e0 ch\u1edd n\u1ed3i ngu\u1ed9i m\u1edbi ti\u1ebfn h\u00e0nh v\u1ec7 sinh.<\/h2>\n<h2>B\u1ea3o qu\u1ea3n n\u1ed3i n\u01a1i kh\u00f4 r\u00e1o, tho\u00e1ng mat, tr\u00e1nh \u00e1nh n\u1eafng tr\u1ef1c ti\u1ebfp.<\/h2>\n","protected":false},"excerpt":{"rendered":"<p>Model \u00a0P11<br \/>\n\u0110i\u1ec7n \u00e1p \u00a0220-240V~<br \/>\nT\u1ea7n S\u1ed1 50Hz<br \/>\nC\u00f4ng su\u1ea5t \u00a01360-1660W<br \/>\nTh\u1ec3 t\u00edch n\u1ed3i l\u1ea9u 4L<\/p>\n","protected":false},"featured_media":2627,"comment_status":"open","ping_status":"closed","template":"","meta":[],"product_brand":[],"product_cat":[61,65],"product_tag":[],"class_list":{"0":"post-2626","1":"product","2":"type-product","3":"status-publish","4":"has-post-thumbnail","6":"product_cat-hang-gia-dung","7":"product_cat-noi-lau-dien","9":"first","10":"instock","11":"shipping-taxable","12":"product-type-simple"},"_links":{"self":[{"href":"https:\/\/nhadepbepxinh.com.vn\/index.php?rest_route=\/wp\/v2\/product\/2626","targetHints":{"allow":["GET"]}}],"collection":[{"href":"https:\/\/nhadepbepxinh.com.vn\/index.php?rest_route=\/wp\/v2\/product"}],"about":[{"href":"https:\/\/nhadepbepxinh.com.vn\/index.php?rest_route=\/wp\/v2\/types\/product"}],"replies":[{"embeddable":true,"href":"https:\/\/nhadepbepxinh.com.vn\/index.php?rest_route=%2Fwp%2Fv2%2Fcomments&post=2626"}],"wp:featuredmedia":[{"embeddable":true,"href":"https:\/\/nhadepbepxinh.com.vn\/index.php?rest_route=\/wp\/v2\/media\/2627"}],"wp:attachment":[{"href":"https:\/\/nhadepbepxinh.com.vn\/index.php?rest_route=%2Fwp%2Fv2%2Fmedia&parent=2626"}],"wp:term":[{"taxonomy":"product_brand","embeddable":true,"href":"https:\/\/nhadepbepxinh.com.vn\/index.php?rest_route=%2Fwp%2Fv2%2Fproduct_brand&post=2626"},{"taxonomy":"product_cat","embeddable":true,"href":"https:\/\/nhadepbepxinh.com.vn\/index.php?rest_route=%2Fwp%2Fv2%2Fproduct_cat&post=2626"},{"taxonomy":"product_tag","embeddable":true,"href":"https:\/\/nhadepbepxinh.com.vn\/index.php?rest_route=%2Fwp%2Fv2%2Fproduct_tag&post=2626"}],"curies":[{"name":"wp","href":"https:\/\/api.w.org\/{rel}","templated":true}]}}