{"id":2601,"date":"2025-03-28T16:29:32","date_gmt":"2025-03-28T09:29:32","guid":{"rendered":"https:\/\/nhadepbepxinh.com.vn\/?post_type=product&#038;p=2601"},"modified":"2025-04-13T16:39:58","modified_gmt":"2025-04-13T09:39:58","slug":"phich-giu-nhiet-inox-2-lop-kaiyo","status":"publish","type":"product","link":"https:\/\/nhadepbepxinh.com.vn\/?product=phich-giu-nhiet-inox-2-lop-kaiyo","title":{"rendered":"PHI\u0301CH GI\u01af\u0303 NHI\u00ca\u0323T INOX 2 L\u01a0\u0301P KAIYO"},"content":{"rendered":"<p>&#8211;\u00a0<strong>Th\u01b0\u01a1ng hi\u1ec7u:\u00a0<\/strong>KAIYO<br \/>\n&#8211;<strong>\u00a0V\u1eadt li\u1ec7u:<\/strong>\u00a0Inox 304<br \/>\n&#8211;\u00a0<strong>K\u00edch th\u01b0\u1edbc:<\/strong>\u00a015\u00a0x 11 x 28 cm<br \/>\n&#8211;\u00a0<strong>M\u00e0u s\u1eafc:<\/strong> \u0110\u1ecf, xanh<\/p>\n<p>Ph\u00edch gi\u1eef nhi\u1ec7t inox Kaiyo \u0111\u01b0\u1ee3c s\u1ea3n xu\u1ea5t b\u1eb1ng ch\u1ea5t li\u1ec7u inox 304 v\u1edbi c\u00f4ng ngh\u1ec7 gi\u1eef nhi\u1ec7t ch\u00e2n kh\u00f4ng 2 l\u1edbp, m\u1edf\/\u0111\u00f3ng n\u1eafp 1 ch\u1ea1m, n\u1eafp v\u1eb7n xo\u00e1y v\u1edbi gio\u0103ng silicone b\u1ec1n ch\u1eafc, gi\u00fap gi\u1eef nhi\u1ec7t n\u00f3ng\/l\u1ea1nh su\u1ed1t 24h<\/p>\n<p>&#8211;\u00a0<strong>B\u1ea3o h\u00e0nh:<\/strong>\u00a0B\u1ea3o h\u00e0nh 12 th\u00e1ng k\u1ec3 t\u1eeb ng\u00e0y mua h\u00e0ng \u0111\u1ed1i v\u1edbi nh\u1eefng h\u1ecfng h\u00f3c do l\u1ed7i t\u1eeb nh\u00e0 s\u1ea3n xu\u1ea5t<\/p>\n","protected":false},"excerpt":{"rendered":"<p>&#8211;\u00a0<strong>Th\u01b0\u01a1ng hi\u1ec7u:\u00a0<\/strong>KAIYO<br \/>\n&#8211;<strong>\u00a0V\u1eadt li\u1ec7u:<\/strong>\u00a0Inox 304<br \/>\n&#8211;\u00a0<strong>K\u00edch th\u01b0\u1edbc:<\/strong> 15\u00a0x 11 x 28 cm<\/p>\n","protected":false},"featured_media":4812,"comment_status":"open","ping_status":"closed","template":"","meta":[],"product_brand":[],"product_cat":[61,75],"product_tag":[],"class_list":{"0":"post-2601","1":"product","2":"type-product","3":"status-publish","4":"has-post-thumbnail","6":"product_cat-hang-gia-dung","7":"product_cat-phich-giu-nhiet","9":"first","10":"instock","11":"shipping-taxable","12":"product-type-simple"},"_links":{"self":[{"href":"https:\/\/nhadepbepxinh.com.vn\/index.php?rest_route=\/wp\/v2\/product\/2601","targetHints":{"allow":["GET"]}}],"collection":[{"href":"https:\/\/nhadepbepxinh.com.vn\/index.php?rest_route=\/wp\/v2\/product"}],"about":[{"href":"https:\/\/nhadepbepxinh.com.vn\/index.php?rest_route=\/wp\/v2\/types\/product"}],"replies":[{"embeddable":true,"href":"https:\/\/nhadepbepxinh.com.vn\/index.php?rest_route=%2Fwp%2Fv2%2Fcomments&post=2601"}],"wp:featuredmedia":[{"embeddable":true,"href":"https:\/\/nhadepbepxinh.com.vn\/index.php?rest_route=\/wp\/v2\/media\/4812"}],"wp:attachment":[{"href":"https:\/\/nhadepbepxinh.com.vn\/index.php?rest_route=%2Fwp%2Fv2%2Fmedia&parent=2601"}],"wp:term":[{"taxonomy":"product_brand","embeddable":true,"href":"https:\/\/nhadepbepxinh.com.vn\/index.php?rest_route=%2Fwp%2Fv2%2Fproduct_brand&post=2601"},{"taxonomy":"product_cat","embeddable":true,"href":"https:\/\/nhadepbepxinh.com.vn\/index.php?rest_route=%2Fwp%2Fv2%2Fproduct_cat&post=2601"},{"taxonomy":"product_tag","embeddable":true,"href":"https:\/\/nhadepbepxinh.com.vn\/index.php?rest_route=%2Fwp%2Fv2%2Fproduct_tag&post=2601"}],"curies":[{"name":"wp","href":"https:\/\/api.w.org\/{rel}","templated":true}]}}