{"id":2575,"date":"2025-03-28T16:18:32","date_gmt":"2025-03-28T09:18:32","guid":{"rendered":"https:\/\/nhadepbepxinh.com.vn\/?post_type=product&#038;p=2575"},"modified":"2025-04-15T15:20:56","modified_gmt":"2025-04-15T08:20:56","slug":"may-say-toc-2lock-g225018-p225018","status":"publish","type":"product","link":"https:\/\/nhadepbepxinh.com.vn\/?product=may-say-toc-2lock-g225018-p225018","title":{"rendered":"MA\u0301Y S\u00c2\u0301Y TO\u0301C 2LOCK G225018\/P225018"},"content":{"rendered":"<div class=\"detail-content-collapse\">\n<p><strong>M\u00e1y s\u1ea5y t\u00f3c 2Lock G225018\/P225018<\/strong><strong>\u00a0<\/strong>c\u00f3 thi\u1ebft k\u1ebf \u0111\u1eb9p m\u1eaft v\u1edbi 2 m\u00e0u s\u1eafc th\u1eddi th\u01b0\u1ee3ng xanh x\u00e1m v\u00e0 h\u1ed3ng. C\u00f4ng su\u1ea5t Turbo 1800W m\u1ea1nh m\u1ebd, m\u00e1y s\u1ea5y gi\u00fap b\u1ea1n ti\u1ebft ki\u1ec7m th\u1eddi gian l\u00e0m kh\u00f4 t\u00f3c \u0111\u00e1ng k\u1ec3. C\u00f4ng ngh\u1ec7 ion \u00e2m ti\u00ean ti\u1ebfn nu\u00f4i d\u01b0\u1ee1ng t\u00f3c t\u1eeb s\u00e2u b\u00ean trong, h\u1ea1n ch\u1ebf t\u00ecnh tr\u1ea1ng t\u00f3c b\u1ecb x\u01a1 r\u1ed1i v\u00e0 ch\u1ebb ng\u1ecdn. \u0110\u1eb7c bi\u1ec7t, m\u00e0n h\u00ecnh c\u1ea3m \u1ee9ng th\u00f4ng minh cho ph\u00e9p b\u1ea1n d\u1ec5 d\u00e0ng \u0111i\u1ec1u ch\u1ec9nh ch\u1ebf \u0111\u1ed9 gi\u00f3 ph\u00f9 h\u1ee3p cho t\u1eebng lo\u1ea1i t\u00f3c.<\/p>\n<h2><strong>M\u00e1y s\u1ea5y t\u00f3c 2Lock G225018\/P225018 c\u00f3 3 m\u1ee9c c\u00f4ng su\u1ea5t v\u00e0 1 n\u1ea5c Turbo<\/strong><\/h2>\n<p>V\u1edbi 4 ch\u1ebf \u0111\u1ed9 nhi\u1ec7t \u0111\u1ed9 linh ho\u1ea1t, bao g\u1ed3m 3 m\u1ee9c c\u00f4ng su\u1ea5t th\u01b0\u1eddng v\u00e0 1 n\u1ea5c Turbo m\u1ea1nh m\u1ebd, m\u00e1y s\u1ea5y gi\u00fap b\u1ea1n l\u00e0m kh\u00f4 t\u00f3c nhanh ch\u00f3ng. \u0110i\u1ec1u ch\u1ec9nh linh ho\u1ea1t c\u00e1c ch\u1ebf \u0111\u1ed9, b\u1ea1n c\u00f3 th\u1ec3 t\u1ea1o ra nhi\u1ec1u ki\u1ec3u t\u00f3c kh\u00e1c nhau, t\u1eeb t\u00f3c th\u1eb3ng m\u01b0\u1ee3t \u0111\u1ebfn t\u00f3c xo\u0103n b\u1ed3ng b\u1ec1nh.<\/p>\n<p>C\u00f4ng su\u1ea5t Turbo 1800W m\u1ea1nh m\u1ebd, m\u00e1y s\u1ea5y t\u00f3c ion \u00e2m 2Lock ho\u1ea1t \u0111\u1ed9ng v\u1edbi t\u1ed1c \u0111\u1ed9 g\u1ea5p \u0111\u00f4i c\u00e1c lo\u1ea1i m\u00e1y s\u1ea5y th\u00f4ng th\u01b0\u1eddng, b\u1ea1n s\u1ebd l\u00e0m kh\u00f4 t\u00f3c nhanh ch\u00f3ng m\u00e0 kh\u00f4ng l\u00e0m t\u1ed5n h\u1ea1i \u0111\u1ebfn c\u1ea5u tr\u00fac t\u00f3c. Ch\u1ec9 trong v\u00e0i ph\u00fat, b\u1ea1n \u0111\u00e3 c\u00f3 th\u1ec3 s\u1edf h\u1eefu m\u1ed9t m\u00e1i t\u00f3c b\u1ed3ng b\u1ec1nh, \u00f3ng \u1ea3. C\u00f4ng ngh\u1ec7 hi\u1ec7n \u0111\u1ea1i b\u1ea3o v\u1ec7 t\u00f3c kh\u1ecfi nhi\u1ec7t \u0111\u1ed9 cao, gi\u00fap t\u00f3c lu\u00f4n m\u1ec1m m\u01b0\u1ee3t v\u00e0 ch\u1eafc kh\u1ecfe.<\/p>\n<h3><strong>M\u00e1y s\u1ea5y t\u00f3c ion \u00e2m 2Lock ho\u1ea1t \u0111\u1ed9ng \u00eam \u00e1i cho m\u00e1i t\u00f3c b\u1ed3ng b\u1ec1nh\u00a0<\/strong><\/h3>\n<p>V\u1edbi c\u00f4ng ngh\u1ec7 ti\u00ean ti\u1ebfn, thi\u1ebft b\u1ecb ho\u1ea1t \u0111\u1ed9ng \u00eam \u00e1i m\u01b0\u1ee3t m\u00e0, gi\u1ea3m thi\u1ec3u ma s\u00e1t, b\u1ea3o v\u1ec7 t\u00f3c t\u1ed1i \u0111a khi d\u00f9ng. B\u1ea1n s\u1ebd c\u00f3 m\u1ed9t m\u00e1i t\u00f3c \u00f3ng \u1ea3, b\u1ed3ng b\u1ec1nh t\u1ef1 nhi\u00ean m\u00e0 kh\u00f4ng c\u1ea7n ph\u1ea3i lo l\u1eafng v\u1ec1 vi\u1ec7c t\u00f3c b\u1ecb kh\u00f4 x\u01a1 hay ch\u1ebb ng\u1ecdn. \u0110\u1ed9ng c\u01a1 ho\u1ea1t \u0111\u1ed9ng \u00eam \u00e1i c\u00f9ng l\u01b0u l\u01b0\u1ee3ng kh\u00ed \u1ed5n \u0111\u1ecbnh gi\u00fap gi\u1ea3m thi\u1ec3u ti\u1ebfng \u1ed3n v\u00e0 b\u1ea3o v\u1ec7 t\u00f3c kh\u1ecfi b\u1ecb h\u01b0 t\u1ed5n hi\u1ec7u qu\u1ea3.<\/p>\n<h3><strong>M\u00e0n h\u00ecnh c\u1ea3m \u1ee9ng \u0111\u1ec3 \u0111i\u1ec1u ch\u1ec9nh ch\u1ebf \u0111\u1ed9 gi\u00f3 ph\u00f9 h\u1ee3p<\/strong><\/h3>\n<p>V\u1edbi m\u00e0n h\u00ecnh c\u1ea3m \u1ee9ng tr\u1ef1c quan,\u00a0<strong>m\u00e1y s\u1ea5y<\/strong>\u00a0t\u00f3c ion \u00e2m 2Lock G225018\/P225018 1800W b\u1ea1n d\u1ec5 d\u00e0ng \u0111i\u1ec1u ch\u1ec9nh c\u00e1c ch\u1ebf \u0111\u1ed9 gi\u00f3 ph\u00f9 h\u1ee3p cho t\u1eebng lo\u1ea1i t\u00f3c, ki\u1ec3u t\u00f3c mong mu\u1ed1n. Ch\u1ec9 c\u1ea7n m\u1ed9t ch\u1ea1m nh\u1eb9, b\u1ea1n c\u00f3 th\u1ec3 thay \u0111\u1ed5i m\u1ee9c nhi\u1ec7t \u0111\u1ed9, t\u1ed1c \u0111\u1ed9 gi\u00f3 m\u1ed9t c\u00e1ch nhanh ch\u00f3ng v\u00e0 ch\u00ednh x\u00e1c. Vi\u1ec7c t\u1ea1o ki\u1ec3u t\u00f3c tr\u1edf n\u00ean \u0111\u01a1n gi\u1ea3n h\u01a1n bao gi\u1edd h\u1ebft, ngay c\u1ea3 khi b\u1ea1n l\u00e0 ng\u01b0\u1eddi m\u1edbi b\u1eaft \u0111\u1ea7u.<\/p>\n<p><strong>\u0110\u01b0\u1ee3c trang b\u1ecb ion \u00e2m mang \u0111\u1ebfn s\u1ef1 m\u1ec1m m\u01b0\u1ee3t cho t\u00f3c\u00a0<\/strong><\/p>\n<p>M\u00e1y s\u1ea5y t\u00f3c 2Lock kh\u00f4ng ch\u1ec9 gi\u00fap t\u00f3c kh\u00f4 nhanh m\u00e0 c\u00f2n ch\u0103m s\u00f3c t\u00f3c m\u1ed9t c\u00e1ch chuy\u00ean s\u00e2u. C\u00f4ng ngh\u1ec7 ion \u00e2m b\u1ea3o v\u1ec7 t\u00f3c kh\u1ecfi nh\u1eefng t\u00e1c nh\u00e2n c\u1ee7a m\u00f4i tr\u01b0\u1eddng hay nhi\u1ec7t \u0111\u1ed9 cao c\u1ee7a m\u00e1y s\u1ea5y, gi\u1ea3m thi\u1ec3u t\u00ecnh tr\u1ea1ng t\u00f3c b\u1ecb kh\u00f4 x\u01a1, ch\u1ebb ng\u1ecdn. \u0110\u1ed3ng th\u1eddi, ion \u00e2m c\u00f2n gi\u00fap t\u00f3c b\u00f3ng m\u01b0\u1ee3t, d\u1ec5 v\u00e0o n\u1ebfp h\u01a1n, h\u1ea1n ch\u1ebf m\u1ea5t qu\u00e1 nhi\u1ec1u th\u1eddi gian \u0111\u1ec3 t\u1ea1o ki\u1ec3u.<\/p>\n<\/div>\n<div class=\"text-center button-action-collapse\"><\/div>\n","protected":false},"excerpt":{"rendered":"<p>S\u1ea5y nhanh g\u1ea5p \u0111\u00f4i m\u00e1y s\u1ea5y th\u00f4ng th\u01b0\u1eddng v\u1edbi c\u00f4ng su\u1ea5t tubor 1800w.<\/p>\n<p>\u00cam \u00e1i, gi\u00fap cho m\u00e1i t\u00f3c b\u00f3ng, kh\u00f4ng b\u1ecb x\u1eb9p t\u00f3c, b\u1ed3ng b\u1ec1nh\u2026<\/p>\n<p>Ion \u00e2m gi\u00fap t\u00f3c m\u1ec1m m\u01b0\u1ee3t, kh\u00f4ng b\u1ecb kh\u00f4, x\u01a1, v\u00e0 ch\u1ebb ng\u1ecdn<\/p>\n<p>M\u00e0n h\u00ecnh c\u1ea3m \u1ee9ng x\u1ecbn s\u00f2 ch\u1ec9nh ch\u1ebf \u0111\u1ed9 gi\u00f3 ph\u00f9 h\u1ee3p<\/p>\n<p>3 m\u1ee9c c\u00f4ng su\u1ea5t, 1 n\u1ea5c Turbo<\/p>\n<p>2 m\u00e0u th\u1eddi th\u01b0\u1ee3ng<\/p>\n","protected":false},"featured_media":4875,"comment_status":"open","ping_status":"closed","template":"","meta":[],"product_brand":[],"product_cat":[61,73],"product_tag":[],"class_list":{"0":"post-2575","1":"product","2":"type-product","3":"status-publish","4":"has-post-thumbnail","6":"product_cat-hang-gia-dung","7":"product_cat-may-say-toc","9":"first","10":"instock","11":"shipping-taxable","12":"product-type-simple"},"_links":{"self":[{"href":"https:\/\/nhadepbepxinh.com.vn\/index.php?rest_route=\/wp\/v2\/product\/2575","targetHints":{"allow":["GET"]}}],"collection":[{"href":"https:\/\/nhadepbepxinh.com.vn\/index.php?rest_route=\/wp\/v2\/product"}],"about":[{"href":"https:\/\/nhadepbepxinh.com.vn\/index.php?rest_route=\/wp\/v2\/types\/product"}],"replies":[{"embeddable":true,"href":"https:\/\/nhadepbepxinh.com.vn\/index.php?rest_route=%2Fwp%2Fv2%2Fcomments&post=2575"}],"wp:featuredmedia":[{"embeddable":true,"href":"https:\/\/nhadepbepxinh.com.vn\/index.php?rest_route=\/wp\/v2\/media\/4875"}],"wp:attachment":[{"href":"https:\/\/nhadepbepxinh.com.vn\/index.php?rest_route=%2Fwp%2Fv2%2Fmedia&parent=2575"}],"wp:term":[{"taxonomy":"product_brand","embeddable":true,"href":"https:\/\/nhadepbepxinh.com.vn\/index.php?rest_route=%2Fwp%2Fv2%2Fproduct_brand&post=2575"},{"taxonomy":"product_cat","embeddable":true,"href":"https:\/\/nhadepbepxinh.com.vn\/index.php?rest_route=%2Fwp%2Fv2%2Fproduct_cat&post=2575"},{"taxonomy":"product_tag","embeddable":true,"href":"https:\/\/nhadepbepxinh.com.vn\/index.php?rest_route=%2Fwp%2Fv2%2Fproduct_tag&post=2575"}],"curies":[{"name":"wp","href":"https:\/\/api.w.org\/{rel}","templated":true}]}}