{"id":2569,"date":"2025-03-28T16:13:26","date_gmt":"2025-03-28T09:13:26","guid":{"rendered":"https:\/\/nhadepbepxinh.com.vn\/?post_type=product&#038;p=2569"},"modified":"2025-04-15T14:08:03","modified_gmt":"2025-04-15T07:08:03","slug":"den-bat-muoi-rang-dong-model-dbm01-5w","status":"publish","type":"product","link":"https:\/\/nhadepbepxinh.com.vn\/?product=den-bat-muoi-rang-dong-model-dbm01-5w","title":{"rendered":"\u0110E\u0300N B\u0102\u0301T MU\u00d4\u0303I RA\u0323NG \u0110\u00d4NG  MODEL: DBM01 5W"},"content":{"rendered":"<section class=\"section-2\">\n<div class=\"container container--product-detail\">\n<div class=\"section-2__content\">\n<div class=\"application\">\n<div class=\"row g-3 g-lg-30\">\n<div class=\"col-lg-7 col-xxl-8\">\n<div><img decoding=\"async\" src=\"https:\/\/rangdong.com.vn\/uploads\/images\/UD-SP\/DBM01\/DBM01-1.jpg\" alt=\"\" \/><\/div>\n<\/div>\n<div class=\"col-lg-5 col-xxl-4\">\n<div class=\"application__subtitle\">DI\u1ec6T MU\u1ed6I NHANH CH\u00d3NG V\u00c0 HI\u1ec6U QU\u1ea2<\/div>\n<div class=\"application__desc\">\n<p>\u0110\u00e8n b\u1eaft mu\u1ed7i DBM01 s\u1eed d\u1ee5ng \u00e1nh s\u00e1ng LED UV b\u01b0\u01a1\u0301c so\u0301ng 365nm, ph\u00f9 h\u1ee3p v\u00e0 hi\u00ea\u0323u qua\u0309 nh\u00e2\u0301t trong vi\u00ea\u0323c thu hu\u0301t mu\u1ed7i v\u00e0 c\u00f4n tru\u0300ng, an to\u00e0n cho ng\u01b0\u1eddi s\u1eed d\u1ee5ng. Mu\u1ed7i sau khi b\u1ecb h\u00fat v\u00e0o trong hom \u0111\u1ef1ng s\u1ebd b\u1ecb nh\u1ed1t l\u1ea1i m\u00e0 kh\u00f4ng th\u1ec3 bay ng\u01b0\u1ee3c tr\u1edf ra nh\u1edd r\u1ecd ng\u0103n mu\u1ed7i v\u00e0 t\u1ef1 ch\u1ebft trong 48 gi\u01a1\u0300, kh\u00f4ng g\u00e2y ti\u00ea\u0301ng n\u00f4\u0309, kh\u00f4ng ta\u0323o mu\u0300i khe\u0301t.<\/p>\n<\/div>\n<\/div>\n<\/div>\n<\/div>\n<div class=\"application\">\n<div class=\"row g-3 g-lg-30\">\n<div class=\"col-lg-7 col-xxl-8\">\n<div><img decoding=\"async\" src=\"https:\/\/rangdong.com.vn\/uploads\/images\/UD-SP\/DBM01\/DBM01-2.jpg\" alt=\"\" \/><\/div>\n<\/div>\n<div class=\"col-lg-5 col-xxl-4\">\n<div class=\"application__subtitle\">AN TO\u00c0N, N\u00d3I KH\u00d4NG V\u1edaI H\u00d3A CH\u1ea4T<\/div>\n<div class=\"application__desc\">\n<p>N\u1ebfu c\u00e1c bi\u1ec7n ph\u00e1p th\u00f4ng th\u01b0\u1eddng nh\u01b0 phun\/x\u1ecbt mu\u1ed7i ch\u1ec9 mang t\u00ednh ch\u1ea5t t\u1ea1m th\u1eddi, gi\u00fap xua \u0111u\u1ed5i mu\u1ed7i th\u00ec s\u1eed d\u1ee5ng \u0111\u00e8n b\u1eaft mu\u1ed7i DBM01 s\u1ebd ti\u00eau di\u1ec7t mu\u1ed7i ho\u00e0n to\u00e0n, n\u00f3i kh\u00f4ng v\u1edbi h\u00f3a ch\u1ea5t, mang l\u1ea1i cu\u1ed9c s\u1ed1ng trong l\u00e0nh hay m\u00f4i tr\u01b0\u1eddng l\u00e0m vi\u1ec7c hi\u1ec7u qu\u1ea3\u2026<\/p>\n<\/div>\n<\/div>\n<\/div>\n<\/div>\n<div class=\"application\">\n<div class=\"row g-3 g-lg-30\">\n<div class=\"col-lg-7 col-xxl-8\">\n<div><img decoding=\"async\" src=\"https:\/\/rangdong.com.vn\/uploads\/images\/UD-SP\/DBM01\/DBM01-3.jpg\" alt=\"\" \/><\/div>\n<\/div>\n<div class=\"col-lg-5 col-xxl-4\">\n<div class=\"application__subtitle\">THU\u1eacN TI\u1ec6N KHI S\u1eec D\u1ee4NG<\/div>\n<div class=\"application__desc\">\n<p>\u0110\u00e8n b\u1eaft mu\u1ed7i DBM01 thi\u1ebft k\u1ebf 2 trong 1 &#8211; linh ho\u1ea1t \u0111\u0103\u0323t tr\u00ean ba\u0300n, sa\u0300n nha\u0300 ho\u0103\u0323c treo \u0111e\u0300n. C\u00f3 r\u1ecd nh\u1ed1t mu\u1ed7i, ng\u0103n ch\u00fang bay ng\u01b0\u1ee3c tr\u1edf ra. D\u00ea\u0303 da\u0300ng tha\u0301o r\u01a1\u0300i hom \u0111\u01b0\u0323ng c\u00f4n tru\u0300ng \u0111\u00ea\u0309 v\u00ea\u0323 sinh. Qua\u0323t hu\u0301t c\u00f4ng su\u00e2\u0301t th\u00e2\u0301p, kh\u00f4ng t\u1ea1o ti\u1ebfng \u00f4\u0300n khi ho\u1ea1t \u0111\u1ed9ng v\u00e0o ban \u0111\u00eam.<\/p>\n<\/div>\n<\/div>\n<\/div>\n<\/div>\n<div class=\"application\">\n<div class=\"row g-3 g-lg-30\">\n<div class=\"col-lg-7 col-xxl-8\">\n<div><img decoding=\"async\" src=\"https:\/\/rangdong.com.vn\/uploads\/images\/UD-SP\/DBM01\/DBM01-4.jpg\" alt=\"\" \/><\/div>\n<\/div>\n<div class=\"col-lg-5 col-xxl-4\">\n<div class=\"application__subtitle\">\u1ee8NG D\u1ee4NG \u0110A D\u1ea0NG, D\u00c9COR \u1ea4N T\u01af\u1ee2NG<\/div>\n<div class=\"application__desc\">\n<p>\u0110\u00e8n b\u1eaft mu\u1ed7i DBM01 l\u00e0 s\u1ea3n ph\u1ea9m l\u00fd t\u01b0\u1edfng \u0111\u1ec3 ti\u00eau di\u1ec7t mu\u1ed7i v\u00e0 c\u00e1c lo\u1ea1i c\u00f4n tr\u00f9ng c\u00f3 k\u00edch th\u01b0\u1edbc t\u01b0\u01a1ng \u0111\u01b0\u01a1ng mu\u1ed7i t\u1ea1i nhi\u1ec1u khu v\u1ef1c nh\u01b0 nh\u00e0 \u1edf, v\u0103n ph\u00f2ng, c\u1eeda h\u00e0ng, nh\u00e0 h\u00e0ng, kh\u00e1ch s\u1ea1n\u2026<\/p>\n<\/div>\n<\/div>\n<\/div>\n<\/div>\n<\/div>\n<\/div>\n<\/section>\n<section class=\"section-2 pt-20\">\n<div class=\"container container--product-detail\">\n<hr noshade=\"noshade\" size=\"10px\" width=\"300px\" \/>\n<div class=\"product-pros\">\n<h2 class=\"section-2__title section-2__title--2\">\u01afu \u0111i\u1ec3m s\u1ea3n ph\u1ea9m<\/h2>\n<div class=\"row gy-30 gx-30 gx-xxl-60\">\n<div class=\"col-md-6\">\n<div class=\"pros\">\n<h3 class=\"pros__title\">THI\u1ebeT K\u1ebe CH\u1eaeC CH\u1eaeN S\u1ee8 D\u1ee4NG V\u1eacT LI\u1ec6U CH\u1ea4T L\u01af\u1ee2NG CAO<\/h3>\n<div class=\"pros__desc\">\u0110\u00e8n b\u1eaft mu\u1ed7i DBM01 \u0111\u01b0\u1ee3c thi\u1ebft k\u1ebf ch\u1eafc ch\u1eafn v\u1edbi b\u1ed9 v\u1ecf b\u1eb1ng nh\u1ef1a c\u00f3 \u0111\u1ed9 b\u1ec1n cao, chi\u1ebfm \u00edt kh\u00f4ng gian nh\u1ea5t c\u00f3 th\u1ec3 v\u00e0 tr\u00f4ng r\u1ea5t b\u1eaft m\u1eaft.<\/div>\n<div class=\"ratio ratio-16x9 hover-zoom\"><img decoding=\"async\" src=\"https:\/\/rangdong.com.vn\/uploads\/images\/UD-SP\/DBM01\/DBM01-5.jpg\" alt=\"\" \/><\/div>\n<\/div>\n<\/div>\n<div class=\"col-md-6\">\n<div class=\"pros\">\n<h3 class=\"pros__title\">PH\u1ea0M VI THU H\u00daT MU\u1ed6I R\u1ed8NG<\/h3>\n<div class=\"pros__desc\">\u0110\u00e8n b\u1eaft mu\u1ed7i \u0111a h\u01b0\u1edbng 360\u00b0, di\u1ec7n t\u00edch thu h\u00fat mu\u1ed7i r\u1ed9ng 20-30m2. \u0110\u00e8n s\u1ebd \u0111\u1ea1t hi\u1ec7u qu\u1ea3 t\u1ed1i \u01b0u nh\u1ea5t khi t\u1eaft c\u00e1c lo\u1ea1i \u0111\u00e8n chi\u1ebfu s\u00e1ng kh\u00e1c.<\/div>\n<div class=\"ratio ratio-16x9 hover-zoom\"><img decoding=\"async\" src=\"https:\/\/rangdong.com.vn\/uploads\/images\/UD-SP\/DBM01\/DBM01-6.jpg\" alt=\"\" \/><\/div>\n<\/div>\n<\/div>\n<div class=\"col-md-6\">\n<div class=\"pros\">\n<h3 class=\"pros__title\">TI\u1ebeT KI\u1ec6M \u0110I\u1ec6N HI\u1ec6U QU\u1ea2<\/h3>\n<div class=\"pros__desc\">\u0110\u00e8n b\u1eaft mu\u1ed7i gi\u00fap ti\u1ebft ki\u1ec7m t\u1ed1i \u0111a ngu\u1ed3n \u0111i\u1ec7n n\u0103ng do ti\u00eau th\u1ee5 l\u01b0\u1ee3ng \u0111i\u1ec7n r\u1ea5t nh\u1ecf, t\u1eeb \u0111\u00f3 ti\u1ebft ki\u1ec7m \u0111\u01b0\u1ee3c chi ti\u00eau cho ng\u01b0\u1eddi s\u1eed d\u1ee5ng.<\/div>\n<div class=\"text-center\"><img decoding=\"async\" class=\"img-fluid\" src=\"https:\/\/rangdong.com.vn\/uploads\/images\/UD-SP\/DBM01\/DBM01-7.jpg\" alt=\"\" \/><\/div>\n<\/div>\n<\/div>\n<div class=\"col-md-6\">\n<div class=\"pros\">\n<h3 class=\"pros__title\">B\u1ea2O V\u1ec6 M\u00d4I TR\u01af\u1edcNG<\/h3>\n<div class=\"pros__desc\">\u0110\u00e8n b\u1eaft mu\u1ed7i thu h\u00fat mu\u1ed7i b\u1eb1ng \u00e1nh s\u00e1ng, kh\u00f4ng \u0111\u1ed9c h\u1ea1i, kh\u00f4ng th\u1ea3i ra b\u1ea5t k\u1ef3 h\u00f3a ch\u1ea5t n\u00e0o, \u0111\u1ea3m b\u1ea3o s\u1ee9c kh\u1ecfe cho ng\u01b0\u1eddi s\u1eed d\u1ee5ng, v\u00f4 c\u00f9ng an to\u00e0n cho c\u00e1c gia \u0111\u00ecnh \u0111ang c\u00f3 tr\u1ebb nh\u1ecf.<\/div>\n<div class=\"text-center\"><img decoding=\"async\" class=\"img-fluid\" src=\"https:\/\/rangdong.com.vn\/uploads\/images\/UD-SP\/DBM01\/DBM01-8.jpg\" alt=\"\" \/><\/div>\n<\/div>\n<\/div>\n<\/div>\n<\/div>\n<\/div>\n<\/section>\n<section class=\"section-2\">\n<div class=\"container container--product-detail\">\n<div class=\"section-2__content\">\n<div class=\"application pt-30\">\n<div class=\"row g-3 g-lg-30\">\n<div class=\"col\">\n<div><img decoding=\"async\" src=\"https:\/\/rangdong.com.vn\/uploads\/images\/UD-SP\/DBM01\/DBM01-9.jpg\" alt=\"\" \/><\/div>\n<\/div>\n<\/div>\n<\/div>\n<\/div>\n<\/div>\n<\/section>\n<section class=\"section-2\">\n<div class=\"container container--product-detail\">\n<div class=\"section-2__content\">\n<div class=\"application pt-30\">\n<div class=\"row g-3 g-lg-30\">\n<div class=\"col\">\n<div><img decoding=\"async\" src=\"https:\/\/rangdong.com.vn\/uploads\/images\/UD-SP\/DBM01\/DBM01-10.jpg\" alt=\"\" \/><\/div>\n<\/div>\n<\/div>\n<\/div>\n<\/div>\n<\/div>\n<\/section>\n","protected":false},"excerpt":{"rendered":"<div class=\"pd-info__code\">Model: DBM01 5W<\/div>\n<nav class=\"pd-info__nav\">T\u00ecm s\u1ea3n ph\u1ea9m t\u01b0\u01a1ng t\u1ef1<i class=\"fal fa-lg fa-angle-right ms-3\"><\/i><\/nav>\n<div class=\"pd-info__content\">\n<table class=\"table table-sm table-borderless\">\n<tbody>\n<tr>\n<td>C\u00f4ng su\u1ea5t:<\/td>\n<td class=\"fw-700\">5W<\/td>\n<\/tr>\n<tr>\n<td>\u0110i\u1ec7n \u00e1p:<\/td>\n<td class=\"fw-700\">220V\/50Hz<\/td>\n<\/tr>\n<tr>\n<td>B\u01b0\u01a1\u0301c so\u0301ng LED UV:<\/td>\n<td class=\"fw-700\">365nm<\/td>\n<\/tr>\n<tr>\n<td>Da\u0309i nhi\u00ea\u0323t \u0111\u00f4\u0323 hoa\u0323t \u0111\u00f4\u0323ng:<\/td>\n<td class=\"fw-700\">(-10\u00f745)\u00b0C<\/td>\n<\/tr>\n<tr>\n<td>Kh\u00f4\u0301i l\u01b0\u01a1\u0323ng:<\/td>\n<td class=\"fw-700\">0.45 kg<\/td>\n<\/tr>\n<tr>\n<td>K\u00edch th\u01b0\u1edbc (\u0110KxCao):<\/td>\n<td class=\"fw-700\">(200&#215;238)mm<\/td>\n<\/tr>\n<\/tbody>\n<\/table>\n<\/div>\n<div class=\"pd-info__content js-remove-div-tags\">\n<ul class=\"bullets\">\n<li>\u0110\u00e8n s\u1eed d\u1ee5ng LED UV b\u01b0\u01a1\u0301c so\u0301ng 365nm, hi\u00ea\u0323u qua\u0309 nh\u00e2\u0301t trong vi\u00ea\u0323c thu hu\u0301t c\u00f4n tru\u0300ng.<\/li>\n<li>Qua\u0323t hu\u0301t c\u00f4ng su\u00e2\u0301t th\u00e2\u0301p, kh\u00f4ng t\u1ea1o ti\u1ebfng \u00f4\u0300n khi ho\u1ea1t \u0111\u1ed9ng v\u00e0o ban \u0111\u00eam.<\/li>\n<li>Hom nh\u1ed1t mu\u1ed7i hi\u1ec7u qu\u1ea3 ng\u0103n mu\u1ed7i bay ng\u01b0\u1ee3c tr\u1edf ra.<\/li>\n<li>Mu\u00f4\u0303i khi bi\u0323 h\u00fat v\u00e0o ng\u0103n \u0111\u01b0\u0323ng t\u01b0\u0323 ch\u00ea\u0301t trong 48 gi\u01a1\u0300, kh\u00f4ng g\u00e2y ti\u00ea\u0301ng n\u00f4\u0309, kh\u00f4ng ta\u0323o mu\u0300i khe\u0301t.<\/li>\n<li>Co\u0301 th\u00ea\u0309 s\u01b0\u0309 du\u0323ng \u0111\u0103\u0323t tr\u00ean ba\u0300n, sa\u0300n nha\u0300 ho\u0103\u0323c treo \u0111e\u0300n.<\/li>\n<li>D\u00ea\u0303 da\u0300ng tha\u0301o r\u01a1\u0300i ng\u0103n \u0111\u01b0\u0323ng c\u00f4n tru\u0300ng \u0111\u00ea\u0309 v\u00ea\u0323 sinh<\/li>\n<\/ul>\n<\/div>\n","protected":false},"featured_media":4855,"comment_status":"open","ping_status":"closed","template":"","meta":[],"product_brand":[],"product_cat":[61,74],"product_tag":[],"class_list":{"0":"post-2569","1":"product","2":"type-product","3":"status-publish","4":"has-post-thumbnail","6":"product_cat-hang-gia-dung","7":"product_cat-may-bat-muoi","9":"first","10":"instock","11":"sale","12":"shipping-taxable","13":"purchasable","14":"product-type-simple"},"_links":{"self":[{"href":"https:\/\/nhadepbepxinh.com.vn\/index.php?rest_route=\/wp\/v2\/product\/2569","targetHints":{"allow":["GET"]}}],"collection":[{"href":"https:\/\/nhadepbepxinh.com.vn\/index.php?rest_route=\/wp\/v2\/product"}],"about":[{"href":"https:\/\/nhadepbepxinh.com.vn\/index.php?rest_route=\/wp\/v2\/types\/product"}],"replies":[{"embeddable":true,"href":"https:\/\/nhadepbepxinh.com.vn\/index.php?rest_route=%2Fwp%2Fv2%2Fcomments&post=2569"}],"wp:featuredmedia":[{"embeddable":true,"href":"https:\/\/nhadepbepxinh.com.vn\/index.php?rest_route=\/wp\/v2\/media\/4855"}],"wp:attachment":[{"href":"https:\/\/nhadepbepxinh.com.vn\/index.php?rest_route=%2Fwp%2Fv2%2Fmedia&parent=2569"}],"wp:term":[{"taxonomy":"product_brand","embeddable":true,"href":"https:\/\/nhadepbepxinh.com.vn\/index.php?rest_route=%2Fwp%2Fv2%2Fproduct_brand&post=2569"},{"taxonomy":"product_cat","embeddable":true,"href":"https:\/\/nhadepbepxinh.com.vn\/index.php?rest_route=%2Fwp%2Fv2%2Fproduct_cat&post=2569"},{"taxonomy":"product_tag","embeddable":true,"href":"https:\/\/nhadepbepxinh.com.vn\/index.php?rest_route=%2Fwp%2Fv2%2Fproduct_tag&post=2569"}],"curies":[{"name":"wp","href":"https:\/\/api.w.org\/{rel}","templated":true}]}}