{"id":2547,"date":"2025-03-28T11:21:10","date_gmt":"2025-03-28T04:21:10","guid":{"rendered":"https:\/\/nhadepbepxinh.com.vn\/?post_type=product&#038;p=2547"},"modified":"2025-03-28T11:57:13","modified_gmt":"2025-03-28T04:57:13","slug":"may-lam-sua-hat-unie-umb06","status":"publish","type":"product","link":"https:\/\/nhadepbepxinh.com.vn\/?product=may-lam-sua-hat-unie-umb06","title":{"rendered":"MA\u0301Y LA\u0300M S\u01af\u0303A HA\u0323T UNIE UMB06"},"content":{"rendered":"<div class=\"video video-fit mb\">\n<p><iframe loading=\"lazy\" class=\"entered litespeed-loaded\" title=\"M\u00e1y l\u00e0m s\u1eefa h\u1ea1t Unie UMB06: Nh\u1ecf xinh, hi\u1ec7n \u0111\u1ea1i, \u0111a n\u0103ng 6 trong 1\" src=\"https:\/\/www.youtube.com\/embed\/b304qV2MME0?feature=oembed\" width=\"1020\" height=\"765\" frameborder=\"0\" allowfullscreen=\"allowfullscreen\" data-lazyloaded=\"1\" data-src=\"https:\/\/www.youtube.com\/embed\/b304qV2MME0?feature=oembed\" data-ll-status=\"loaded\" data-mce-fragment=\"1\"><\/iframe><\/p>\n<\/div>\n<p>M\u00e1y l\u00e0m s\u1eefa h\u1ea1t Unie UMB06 l\u00e0 m\u1ed9t s\u1ea3n ph\u1ea9m m\u1edbi ra m\u1eaft \u0111\u1ebfn t\u1eeb th\u01b0\u01a1ng hi\u1ec7u Unie. S\u1edf h\u1eefu cho m\u00ecnh nhi\u1ec1u t\u00ednh n\u0103ng v\u01b0\u1ee3t tr\u1ed9i \u0111\u01b0\u1ee3c c\u1ea3i ti\u1ebfn t\u1eeb c\u00e1c phi\u00ean b\u1ea3n tr\u01b0\u1edbc nh\u01b0 ch\u1ed1ng \u1ed3n v\u01b0\u1ee3t tr\u1ed9i, n\u00e2ng c\u1ea5p 6 t\u00ednh n\u0103ng xay n\u1ea5u k\u1ebft h\u1ee3p v\u1edbi thi\u1ebft k\u1ebf sang tr\u1ecdng, hi\u1ec7n \u0111\u1ea1i, Unie UMB06 h\u1ee9a h\u1eb9n s\u1ebd l\u00e0 chi\u1ebfc m\u00e1y xay s\u1eefa h\u1ea1t \u0111em \u0111\u1ebfn s\u1ef1 ti\u1ec7n l\u1ee3i v\u00e0 h\u00e0i l\u00f2ng cho ng\u01b0\u1eddi s\u1eed d\u1ee5ng.<\/p>\n<h2>T\u00cdNH N\u0102NG N\u1ed4I B\u1eacT C\u1ee6A M\u00c1Y L\u00c0M S\u1eeeA H\u1ea0T UMB06<\/h2>\n<div id=\"row-899502991\" class=\"row\">\n<div id=\"col-990896691\" class=\"col medium-6 small-12 large-6\">\n<div class=\"col-inner\">\n<div id=\"image_1468652503\" class=\"img has-hover x md-x lg-x y md-y lg-y\">\n<div class=\"img-inner dark\"><img loading=\"lazy\" decoding=\"async\" class=\"attachment-large size-large entered litespeed-loaded\" src=\"https:\/\/unie.com.vn\/wp-content\/uploads\/2022\/10\/may-lam-sua-hat-umb06-8-1024x1024.jpg\" sizes=\"auto, (max-width: 1020px) 100vw, 1020px\" srcset=\"https:\/\/unie.com.vn\/wp-content\/uploads\/2022\/10\/may-lam-sua-hat-umb06-8-1024x1024.jpg 1024w, https:\/\/unie.com.vn\/wp-content\/uploads\/2022\/10\/may-lam-sua-hat-umb06-8-100x100.jpg 100w, https:\/\/unie.com.vn\/wp-content\/uploads\/2022\/10\/may-lam-sua-hat-umb06-8-510x510.jpg 510w, https:\/\/unie.com.vn\/wp-content\/uploads\/2022\/10\/may-lam-sua-hat-umb06-8-300x300.jpg 300w, https:\/\/unie.com.vn\/wp-content\/uploads\/2022\/10\/may-lam-sua-hat-umb06-8-150x150.jpg 150w, https:\/\/unie.com.vn\/wp-content\/uploads\/2022\/10\/may-lam-sua-hat-umb06-8-768x768.jpg 768w, https:\/\/unie.com.vn\/wp-content\/uploads\/2022\/10\/may-lam-sua-hat-umb06-8-1536x1536.jpg 1536w, https:\/\/unie.com.vn\/wp-content\/uploads\/2022\/10\/may-lam-sua-hat-umb06-8.jpg 2000w\" alt=\"m\u00e1y l\u00e0m s\u1eefa h\u1ea1t umb06\" width=\"1020\" height=\"1020\" data-lazyloaded=\"1\" data-placeholder-resp=\"1020x1020\" data-src=\"https:\/\/unie.com.vn\/wp-content\/uploads\/2022\/10\/may-lam-sua-hat-umb06-8-1024x1024.jpg\" data-srcset=\"https:\/\/unie.com.vn\/wp-content\/uploads\/2022\/10\/may-lam-sua-hat-umb06-8-1024x1024.jpg 1024w, https:\/\/unie.com.vn\/wp-content\/uploads\/2022\/10\/may-lam-sua-hat-umb06-8-100x100.jpg 100w, https:\/\/unie.com.vn\/wp-content\/uploads\/2022\/10\/may-lam-sua-hat-umb06-8-510x510.jpg 510w, https:\/\/unie.com.vn\/wp-content\/uploads\/2022\/10\/may-lam-sua-hat-umb06-8-300x300.jpg 300w, https:\/\/unie.com.vn\/wp-content\/uploads\/2022\/10\/may-lam-sua-hat-umb06-8-150x150.jpg 150w, https:\/\/unie.com.vn\/wp-content\/uploads\/2022\/10\/may-lam-sua-hat-umb06-8-768x768.jpg 768w, https:\/\/unie.com.vn\/wp-content\/uploads\/2022\/10\/may-lam-sua-hat-umb06-8-1536x1536.jpg 1536w, https:\/\/unie.com.vn\/wp-content\/uploads\/2022\/10\/may-lam-sua-hat-umb06-8.jpg 2000w\" data-sizes=\"(max-width: 1020px) 100vw, 1020px\" data-ll-status=\"loaded\" \/><\/div>\n<\/div>\n<\/div>\n<\/div>\n<div id=\"col-1664671986\" class=\"col medium-6 small-12 large-6\">\n<div class=\"col-inner\">\n<h2><b>Nh\u1ecf g\u1ecdn, ph\u00f9 h\u1ee3p m\u1ecdi kh\u00f4ng gian<\/b><\/h2>\n<p>N\u1ebfu b\u1ea1n mu\u1ed1n \u0111\u01b0\u1ee3c th\u01b0\u1edfng th\u1ee9c nh\u1eefng ly s\u1eefa h\u1ea1t th\u01a1m ngon, b\u1ed5 d\u01b0\u1ee1ng hay nh\u1eefng c\u1ed1c sinh t\u1ed1 th\u01a1m ngon ngay t\u1ea1i v\u0103n ph\u00f2ng n\u01a1i m\u00ecnh l\u00e0m vi\u1ec7c th\u00ec UMB06 l\u00e0 1 l\u1ef1a ch\u1ecdn ho\u00e0n h\u1ea3o cho b\u1ea1n. \u0110\u01b0\u1ee3c thi\u1ebft k\u1ebf v\u1edbi k\u00edch th\u01b0\u1edbc nh\u1ecf g\u1ecdn, m\u00e1y xay n\u1ea5u s\u1eefa h\u1ea1t UMB06 th\u00edch h\u1ee3p s\u1eed d\u1ee5ng cho nhi\u1ec1u kh\u00f4ng gian nh\u01b0 nh\u00e0 b\u1ebfp, ph\u00f2ng kh\u00e1ch, v\u0103n ph\u00f2ng l\u00e0m vi\u1ec7c\u2026 V\u1edbi k\u00edch th\u01b0\u1edbc chi\u1ec1u cao ~ 20cm, chi\u1ec1u r\u1ed9ng ~ 18cm, b\u1ea1n ho\u00e0n to\u00e0n c\u00f3 th\u1ec3 \u0111\u1eb7t UMB06 ngay tr\u00ean b\u00e0n l\u00e0m vi\u1ec7c c\u1ee7a m\u00ecnh m\u00e0 kh\u00f4ng lo m\u00e1y s\u1ebd t\u1ed1n qu\u00e1 nhi\u1ec1u di\u1ec7n t\u00edch.<\/p>\n<\/div>\n<\/div>\n<\/div>\n<div id=\"row-1862977420\" class=\"row\">\n<div id=\"col-802140248\" class=\"col medium-6 small-12 large-6\">\n<div class=\"col-inner\">\n<h2><b>N\u00e2ng c\u1ea5p 6 t\u00ednh n\u0103ng xay n\u1ea5u<\/b><\/h2>\n<p>\u0110\u01b0\u1ee3c c\u1ea3i ti\u1ebfn v\u1edbi nhi\u1ec1u t\u00ednh n\u0103ng xay, n\u1ea5u trong 1 m\u00e1y, Unie UMB06 gi\u00fap b\u1ea1n n\u1ea5u nhi\u1ec1u lo\u1ea1i h\u1ea1t kh\u00e1c nhau nh\u01b0ng v\u1eabn \u0111\u1ea3m b\u1ea3o \u0111\u1ed9 s\u00e1nh m\u1ecbn c\u1ee7a s\u1eefa\/ch\u00e1o\/ng\u0169 c\u1ed1c\/sinh t\u1ed1 d\u1ef1a v\u00e0o c\u00e1c m\u1ee9c c\u00f4ng su\u1ea5t m\u00e0 m\u00e1y \u0111\u00e3 \u0111\u01b0\u1ee3c c\u00e0i \u0111\u1eb7t s\u1eb5n \u0111\u1ec3 ph\u00f9 h\u1ee3p v\u1edbi t\u1eebng lo\u1ea1i h\u1ea1t. Kh\u00f4ng ch\u1ec9 c\u00f3 t\u00ednh n\u0103ng n\u1ea5u, Unie UMB06 c\u00f2n \u0111\u01b0\u1ee3c t\u00edch h\u1ee3p ch\u1ee9c n\u0103ng v\u1ec7 sinh m\u00e1y r\u1ea5t ti\u1ec7n l\u1ee3i cho ng\u01b0\u1eddi d\u00f9ng sau m\u1ed7i l\u1ea7n s\u1eed d\u1ee5ng.<\/p>\n<\/div>\n<\/div>\n<div id=\"col-1924706348\" class=\"col medium-6 small-12 large-6\">\n<div class=\"col-inner\">\n<div id=\"image_332734364\" class=\"img has-hover x md-x lg-x y md-y lg-y\">\n<div class=\"img-inner dark\"><img loading=\"lazy\" decoding=\"async\" class=\"attachment-large size-large entered litespeed-loaded\" src=\"https:\/\/unie.com.vn\/wp-content\/uploads\/2022\/10\/may-lam-sua-hat-umb06-1-1024x1024.jpg\" sizes=\"auto, (max-width: 1020px) 100vw, 1020px\" srcset=\"https:\/\/unie.com.vn\/wp-content\/uploads\/2022\/10\/may-lam-sua-hat-umb06-1-1024x1024.jpg 1024w, https:\/\/unie.com.vn\/wp-content\/uploads\/2022\/10\/may-lam-sua-hat-umb06-1-100x100.jpg 100w, https:\/\/unie.com.vn\/wp-content\/uploads\/2022\/10\/may-lam-sua-hat-umb06-1-510x510.jpg 510w, https:\/\/unie.com.vn\/wp-content\/uploads\/2022\/10\/may-lam-sua-hat-umb06-1-300x300.jpg 300w, https:\/\/unie.com.vn\/wp-content\/uploads\/2022\/10\/may-lam-sua-hat-umb06-1-150x150.jpg 150w, https:\/\/unie.com.vn\/wp-content\/uploads\/2022\/10\/may-lam-sua-hat-umb06-1-768x768.jpg 768w, https:\/\/unie.com.vn\/wp-content\/uploads\/2022\/10\/may-lam-sua-hat-umb06-1-1536x1536.jpg 1536w, https:\/\/unie.com.vn\/wp-content\/uploads\/2022\/10\/may-lam-sua-hat-umb06-1.jpg 2000w\" alt=\"m\u00e1y l\u00e0m s\u1eefa h\u1ea1t umb06\" width=\"1020\" height=\"1020\" data-lazyloaded=\"1\" data-placeholder-resp=\"1020x1020\" data-src=\"https:\/\/unie.com.vn\/wp-content\/uploads\/2022\/10\/may-lam-sua-hat-umb06-1-1024x1024.jpg\" data-srcset=\"https:\/\/unie.com.vn\/wp-content\/uploads\/2022\/10\/may-lam-sua-hat-umb06-1-1024x1024.jpg 1024w, https:\/\/unie.com.vn\/wp-content\/uploads\/2022\/10\/may-lam-sua-hat-umb06-1-100x100.jpg 100w, https:\/\/unie.com.vn\/wp-content\/uploads\/2022\/10\/may-lam-sua-hat-umb06-1-510x510.jpg 510w, https:\/\/unie.com.vn\/wp-content\/uploads\/2022\/10\/may-lam-sua-hat-umb06-1-300x300.jpg 300w, https:\/\/unie.com.vn\/wp-content\/uploads\/2022\/10\/may-lam-sua-hat-umb06-1-150x150.jpg 150w, https:\/\/unie.com.vn\/wp-content\/uploads\/2022\/10\/may-lam-sua-hat-umb06-1-768x768.jpg 768w, https:\/\/unie.com.vn\/wp-content\/uploads\/2022\/10\/may-lam-sua-hat-umb06-1-1536x1536.jpg 1536w, https:\/\/unie.com.vn\/wp-content\/uploads\/2022\/10\/may-lam-sua-hat-umb06-1.jpg 2000w\" data-sizes=\"(max-width: 1020px) 100vw, 1020px\" data-ll-status=\"loaded\" \/><\/div>\n<\/div>\n<\/div>\n<\/div>\n<\/div>\n<div id=\"row-2053058720\" class=\"row\">\n<div id=\"col-48285546\" class=\"col medium-6 small-12 large-6\">\n<div class=\"col-inner\">\n<div id=\"image_1399171498\" class=\"img has-hover x md-x lg-x y md-y lg-y\">\n<div class=\"img-inner dark\"><img loading=\"lazy\" decoding=\"async\" class=\"attachment-large size-large entered litespeed-loaded\" src=\"https:\/\/unie.com.vn\/wp-content\/uploads\/2022\/10\/may-lam-sua-hat-umb06-6-1024x1024.jpg\" sizes=\"auto, (max-width: 1020px) 100vw, 1020px\" srcset=\"https:\/\/unie.com.vn\/wp-content\/uploads\/2022\/10\/may-lam-sua-hat-umb06-6-1024x1024.jpg 1024w, https:\/\/unie.com.vn\/wp-content\/uploads\/2022\/10\/may-lam-sua-hat-umb06-6-100x100.jpg 100w, https:\/\/unie.com.vn\/wp-content\/uploads\/2022\/10\/may-lam-sua-hat-umb06-6-510x510.jpg 510w, https:\/\/unie.com.vn\/wp-content\/uploads\/2022\/10\/may-lam-sua-hat-umb06-6-300x300.jpg 300w, https:\/\/unie.com.vn\/wp-content\/uploads\/2022\/10\/may-lam-sua-hat-umb06-6-150x150.jpg 150w, https:\/\/unie.com.vn\/wp-content\/uploads\/2022\/10\/may-lam-sua-hat-umb06-6-768x768.jpg 768w, https:\/\/unie.com.vn\/wp-content\/uploads\/2022\/10\/may-lam-sua-hat-umb06-6-1536x1536.jpg 1536w, https:\/\/unie.com.vn\/wp-content\/uploads\/2022\/10\/may-lam-sua-hat-umb06-6.jpg 2000w\" alt=\"m\u00e1y l\u00e0m s\u1eefa h\u1ea1t umb06\" width=\"1020\" height=\"1020\" data-lazyloaded=\"1\" data-placeholder-resp=\"1020x1020\" data-src=\"https:\/\/unie.com.vn\/wp-content\/uploads\/2022\/10\/may-lam-sua-hat-umb06-6-1024x1024.jpg\" data-srcset=\"https:\/\/unie.com.vn\/wp-content\/uploads\/2022\/10\/may-lam-sua-hat-umb06-6-1024x1024.jpg 1024w, https:\/\/unie.com.vn\/wp-content\/uploads\/2022\/10\/may-lam-sua-hat-umb06-6-100x100.jpg 100w, https:\/\/unie.com.vn\/wp-content\/uploads\/2022\/10\/may-lam-sua-hat-umb06-6-510x510.jpg 510w, https:\/\/unie.com.vn\/wp-content\/uploads\/2022\/10\/may-lam-sua-hat-umb06-6-300x300.jpg 300w, https:\/\/unie.com.vn\/wp-content\/uploads\/2022\/10\/may-lam-sua-hat-umb06-6-150x150.jpg 150w, https:\/\/unie.com.vn\/wp-content\/uploads\/2022\/10\/may-lam-sua-hat-umb06-6-768x768.jpg 768w, https:\/\/unie.com.vn\/wp-content\/uploads\/2022\/10\/may-lam-sua-hat-umb06-6-1536x1536.jpg 1536w, https:\/\/unie.com.vn\/wp-content\/uploads\/2022\/10\/may-lam-sua-hat-umb06-6.jpg 2000w\" data-sizes=\"(max-width: 1020px) 100vw, 1020px\" data-ll-status=\"loaded\" \/><\/div>\n<\/div>\n<\/div>\n<\/div>\n<div id=\"col-721731495\" class=\"col medium-6 small-12 large-6\">\n<div class=\"col-inner\">\n<h2><b>Xay si\u00eau m\u1ecbn nh\u1edd c\u00f4ng su\u1ea5t l\u1edbn &amp; l\u01b0\u1ee1i dao 6 c\u00e1nh<\/b><\/h2>\n<p>Trang b\u1ecb tr\u00ean m\u00ecnh l\u01b0\u1ee1i dao 6 c\u00e1nh k\u1ebft h\u1ee3p v\u1edbi c\u00f4ng su\u1ea5t l\u00ean \u0111\u1ebfn 600W, Unie UMB06 ho\u00e0n to\u00e0n c\u00f3 th\u1ec3 \u0111\u00e1p \u1ee9ng \u0111\u01b0\u1ee3c nhu c\u1ea7u xay n\u1ea5u c\u1ee7a ng\u01b0\u1eddi s\u1eed d\u1ee5ng d\u00f9 l\u00e0 nh\u1eefng lo\u1ea1i h\u1ea1t c\u1ee9ng, kh\u00f3 xay n\u1ea5u.<\/p>\n<p>N\u1ebfu nh\u01b0 nh\u1eefng chi\u1ebfc m\u00e1y xay th\u00f4ng th\u01b0\u1eddng ch\u1ec9 c\u00f3 th\u1ebf xay nh\u1ecf c\u00e1c lo\u1ea1i h\u1ea1t th\u00ec Unie UMB06 c\u00f3 th\u1ec3 xay v\u00e0 n\u1ea5u s\u1eefa h\u1ea1t\/ng\u0169 c\u1ed1c \u0111\u1ebfn m\u1ee9c \u0111\u1ed9 si\u00eau m\u1ecbn. \u0110\u1ec3 c\u00f3 \u0111\u01b0\u1ee3c \u0111i\u1ec1u n\u00e0y, nh\u1eefng ng\u01b0\u1eddi nghi\u00ean c\u1ee9u v\u00e0 ph\u00e1t tri\u1ec3n s\u1ea3n ph\u1ea9m Unie UMB06 \u0111\u00e3 t\u00ednh to\u00e1n v\u00e0 th\u1eed nghi\u1ec7m r\u1ea5t k\u1ef9 l\u01b0\u1ee1ng nhi\u1ec7t \u0111\u1ed9 + c\u00f4ng su\u1ea5t ph\u00f9 h\u1ee3p cho nh\u1eefng lo\u1ea1i h\u1ea1t kh\u00e1c nhau \u0111\u1ec3 gi\u00fap m\u00e1y c\u00f3 th\u1ec3 xay si\u00eau m\u1ecbn v\u1edbi nhi\u1ec1u lo\u1ea1i.<\/p>\n<\/div>\n<\/div>\n<\/div>\n<div id=\"row-1679001750\" class=\"row\">\n<div id=\"col-2097363980\" class=\"col medium-6 small-12 large-6\">\n<div class=\"col-inner\">\n<h2><b>L\u00f2ng c\u1ed1i v\u00e0 dao inox 304 an to\u00e0n s\u1ee9c kho\u1ebb<\/b><\/h2>\n<p>B\u00ean c\u1ea1nh nh\u1eefng t\u00ednh n\u0103ng \u01b0u vi\u1ec7t k\u1ec3 \u1edf tr\u00ean, ch\u1ea5t li\u1ec7u \u0111\u01b0\u1ee3c s\u1eed d\u1ee5ng \u0111\u1ec3 t\u1ea1o n\u00ean UMB06 c\u0169ng \u0111\u01b0\u1ee3c Unie ch\u00fa tr\u1ecdng v\u00e0 \u0111\u1ea7u t\u01b0 \u0111\u1ec3 \u0111em \u0111\u1ebfn cho ng\u01b0\u1eddi d\u00f9ng 1 s\u1ea3n ph\u1ea9m ch\u1ea5t l\u01b0\u1ee3ng v\u00e0 an to\u00e0n. V\u1edbi c\u00e1c m\u1eabu m\u00e1y xay s\u1eed d\u1ee5ng v\u1eadt li\u1ec7u inox 201, sau 1 th\u1eddi gian s\u1eed d\u1ee5ng ch\u00fang s\u1ebd b\u1ecb han g\u1ec9 v\u00e0 g\u00e2y \u1ea3nh h\u01b0\u1edfng kh\u00f4ng t\u1ed1t t\u1edbi s\u1ee9c kh\u1ecfe c\u1ee7a ng\u01b0\u1eddi d\u00f9ng. L\u00f2ng c\u1ed1i v\u00e0 l\u01b0\u1ee1i dao c\u1ee7a UMB06 \u0111\u01b0\u1ee3c l\u00e0m b\u1eb1ng inox 304, b\u1ea1n ho\u00e0n to\u00e0n c\u00f3 th\u1ec3 y\u00ean t\u00e2m s\u1eed d\u1ee5ng m\u00e0 kh\u00f4ng lo l\u1eafng ch\u00fang b\u1ecb oxy h\u00f3a theo th\u1eddi gian, \u0111\u1ea3m b\u1ea3o tuy\u1ec7t \u0111\u1ed1i vi\u1ec7c \u1ea3nh h\u01b0\u1edfng \u0111\u1ebfn s\u1ee9c kh\u1ecfe.<\/p>\n<\/div>\n<\/div>\n<div id=\"col-909403866\" class=\"col medium-6 small-12 large-6\">\n<div class=\"col-inner\">\n<div id=\"image_266389807\" class=\"img has-hover x md-x lg-x y md-y lg-y\">\n<div class=\"img-inner dark\"><img loading=\"lazy\" decoding=\"async\" class=\"attachment-large size-large entered litespeed-loaded\" src=\"https:\/\/unie.com.vn\/wp-content\/uploads\/2022\/10\/may-lam-sua-hat-umb06-5-1024x1024.jpg\" sizes=\"auto, (max-width: 1020px) 100vw, 1020px\" srcset=\"https:\/\/unie.com.vn\/wp-content\/uploads\/2022\/10\/may-lam-sua-hat-umb06-5-1024x1024.jpg 1024w, https:\/\/unie.com.vn\/wp-content\/uploads\/2022\/10\/may-lam-sua-hat-umb06-5-100x100.jpg 100w, https:\/\/unie.com.vn\/wp-content\/uploads\/2022\/10\/may-lam-sua-hat-umb06-5-510x510.jpg 510w, https:\/\/unie.com.vn\/wp-content\/uploads\/2022\/10\/may-lam-sua-hat-umb06-5-300x300.jpg 300w, https:\/\/unie.com.vn\/wp-content\/uploads\/2022\/10\/may-lam-sua-hat-umb06-5-150x150.jpg 150w, https:\/\/unie.com.vn\/wp-content\/uploads\/2022\/10\/may-lam-sua-hat-umb06-5-768x768.jpg 768w, https:\/\/unie.com.vn\/wp-content\/uploads\/2022\/10\/may-lam-sua-hat-umb06-5-1536x1536.jpg 1536w, https:\/\/unie.com.vn\/wp-content\/uploads\/2022\/10\/may-lam-sua-hat-umb06-5.jpg 2000w\" alt=\"m\u00e1y l\u00e0m s\u1eefa h\u1ea1t umb06\" width=\"1020\" height=\"1020\" data-lazyloaded=\"1\" data-placeholder-resp=\"1020x1020\" data-src=\"https:\/\/unie.com.vn\/wp-content\/uploads\/2022\/10\/may-lam-sua-hat-umb06-5-1024x1024.jpg\" data-srcset=\"https:\/\/unie.com.vn\/wp-content\/uploads\/2022\/10\/may-lam-sua-hat-umb06-5-1024x1024.jpg 1024w, https:\/\/unie.com.vn\/wp-content\/uploads\/2022\/10\/may-lam-sua-hat-umb06-5-100x100.jpg 100w, https:\/\/unie.com.vn\/wp-content\/uploads\/2022\/10\/may-lam-sua-hat-umb06-5-510x510.jpg 510w, https:\/\/unie.com.vn\/wp-content\/uploads\/2022\/10\/may-lam-sua-hat-umb06-5-300x300.jpg 300w, https:\/\/unie.com.vn\/wp-content\/uploads\/2022\/10\/may-lam-sua-hat-umb06-5-150x150.jpg 150w, https:\/\/unie.com.vn\/wp-content\/uploads\/2022\/10\/may-lam-sua-hat-umb06-5-768x768.jpg 768w, https:\/\/unie.com.vn\/wp-content\/uploads\/2022\/10\/may-lam-sua-hat-umb06-5-1536x1536.jpg 1536w, https:\/\/unie.com.vn\/wp-content\/uploads\/2022\/10\/may-lam-sua-hat-umb06-5.jpg 2000w\" data-sizes=\"(max-width: 1020px) 100vw, 1020px\" data-ll-status=\"loaded\" \/><\/div>\n<\/div>\n<\/div>\n<\/div>\n<\/div>\n<div id=\"row-155924193\" class=\"row\">\n<div id=\"col-402141526\" class=\"col medium-6 small-12 large-6\">\n<div class=\"col-inner\">\n<div id=\"image_54806266\" class=\"img has-hover x md-x lg-x y md-y lg-y\">\n<div class=\"img-inner dark\"><img loading=\"lazy\" decoding=\"async\" class=\"attachment-large size-large entered litespeed-loaded\" src=\"https:\/\/unie.com.vn\/wp-content\/uploads\/2022\/10\/may-lam-sua-hat-umb06-7-1024x1024.jpg\" sizes=\"auto, (max-width: 1020px) 100vw, 1020px\" srcset=\"https:\/\/unie.com.vn\/wp-content\/uploads\/2022\/10\/may-lam-sua-hat-umb06-7-1024x1024.jpg 1024w, https:\/\/unie.com.vn\/wp-content\/uploads\/2022\/10\/may-lam-sua-hat-umb06-7-100x100.jpg 100w, https:\/\/unie.com.vn\/wp-content\/uploads\/2022\/10\/may-lam-sua-hat-umb06-7-510x510.jpg 510w, https:\/\/unie.com.vn\/wp-content\/uploads\/2022\/10\/may-lam-sua-hat-umb06-7-300x300.jpg 300w, https:\/\/unie.com.vn\/wp-content\/uploads\/2022\/10\/may-lam-sua-hat-umb06-7.jpg 2000w\" alt=\"m\u00e1y l\u00e0m s\u1eefa h\u1ea1t umb06\" width=\"1020\" height=\"1020\" data-lazyloaded=\"1\" data-placeholder-resp=\"1020x1020\" data-src=\"https:\/\/unie.com.vn\/wp-content\/uploads\/2022\/10\/may-lam-sua-hat-umb06-7-1024x1024.jpg\" data-srcset=\"https:\/\/unie.com.vn\/wp-content\/uploads\/2022\/10\/may-lam-sua-hat-umb06-7-1024x1024.jpg 1024w, https:\/\/unie.com.vn\/wp-content\/uploads\/2022\/10\/may-lam-sua-hat-umb06-7-100x100.jpg 100w, https:\/\/unie.com.vn\/wp-content\/uploads\/2022\/10\/may-lam-sua-hat-umb06-7-510x510.jpg 510w, https:\/\/unie.com.vn\/wp-content\/uploads\/2022\/10\/may-lam-sua-hat-umb06-7-300x300.jpg 300w, https:\/\/unie.com.vn\/wp-content\/uploads\/2022\/10\/may-lam-sua-hat-umb06-7.jpg 2000w\" data-sizes=\"(max-width: 1020px) 100vw, 1020px\" data-ll-status=\"loaded\" \/><\/div>\n<\/div>\n<\/div>\n<\/div>\n<div id=\"col-566285250\" class=\"col medium-6 small-12 large-6\">\n<div class=\"col-inner\">\n<h2><b>Thi\u1ebft k\u1ebf sang tr\u1ecdng, hi\u1ec7n \u0111\u1ea1i<\/b><\/h2>\n<p>UMB06 d\u01b0\u1eddng nh\u01b0 kh\u00f4ng ch\u1ec9 l\u00e0\u00a0m\u00e1y xay n\u1ea5u s\u1eefa h\u1ea1t, v\u1edbi m\u00e0u s\u1eafc tr\u1ebb trung, hi\u1ec7n \u0111\u1ea1i, t\u1ea1o c\u1ea3m gi\u00e1c sang tr\u1ecdng, UMB06 c\u00f2n \u0111\u01b0\u1ee3c xem nh\u01b0 1 m\u00f3n \u0111\u1ed3 trang tr\u00ed, t\u1ea1o \u0111i\u1ec3m nh\u1ea5n c\u00e1 t\u00ednh cho gian b\u1ebfp hay g\u00f3c ri\u00eang n\u01a1i b\u1ea1n l\u00e0m vi\u1ec7c.<\/p>\n<p><b style=\"color: #333333; font-size: 23.04px;\">Th\u00f4ng s\u1ed1 k\u1ef9 thu\u1eadt<\/b><\/p>\n<\/div>\n<\/div>\n<\/div>\n<div id=\"row-1385083639\" class=\"row\">\n<div id=\"col-995290268\" class=\"col medium-6 small-12 large-6\">\n<div class=\"col-inner\">\n<p>Th\u01b0\u01a1ng hi\u1ec7u: Unie<\/p>\n<p>Model: UMB06<\/p>\n<p>Dung t\u00edch: 600ml<\/p>\n<p>L\u01b0\u1ee1i: 6 l\u01b0\u1ee1i b\u1eb1ng th\u00e9p kh\u00f4ng g\u1ec9 304<\/p>\n<p>C\u00f4ng xu\u1ea5t xay: 600W<\/p>\n<p>K\u00edch th\u01b0\u1edbc: 173*136*61 mm<\/p>\n<p>Tr\u1ecdng l\u01b0\u1ee3ng t\u1ecbnh: 1.33 kg<\/p>\n<p>\u0110i\u1ec7n \u00e1p \u0111\u1ecbnh m\u1ee9c: 220v\/50 HZ<\/p>\n<p>B\u1ea3o h\u00e0nh: 12 th\u00e1ng<\/p>\n<\/div>\n<\/div>\n<div id=\"col-789298990\" class=\"col medium-6 small-12 large-6\">\n<div class=\"col-inner\">\n<div id=\"image_2034904773\" class=\"img has-hover x md-x lg-x y md-y lg-y\">\n<div class=\"img-inner dark\"><img loading=\"lazy\" decoding=\"async\" class=\"attachment-large size-large entered litespeed-loaded\" src=\"https:\/\/unie.com.vn\/wp-content\/uploads\/2022\/10\/thong-so-ky-thuat-umb06.jpg\" sizes=\"auto, (max-width: 1020px) 100vw, 1020px\" srcset=\"https:\/\/unie.com.vn\/wp-content\/uploads\/2022\/10\/thong-so-ky-thuat-umb06.jpg 1024w, https:\/\/unie.com.vn\/wp-content\/uploads\/2022\/10\/thong-so-ky-thuat-umb06-300x300.jpg 300w, https:\/\/unie.com.vn\/wp-content\/uploads\/2022\/10\/thong-so-ky-thuat-umb06-150x150.jpg 150w, https:\/\/unie.com.vn\/wp-content\/uploads\/2022\/10\/thong-so-ky-thuat-umb06-768x768.jpg 768w, https:\/\/unie.com.vn\/wp-content\/uploads\/2022\/10\/thong-so-ky-thuat-umb06-510x510.jpg 510w, https:\/\/unie.com.vn\/wp-content\/uploads\/2022\/10\/thong-so-ky-thuat-umb06-100x100.jpg 100w\" alt=\"thong-so-ky-thuat-umb06\" width=\"1020\" height=\"1020\" data-lazyloaded=\"1\" data-placeholder-resp=\"1020x1020\" data-src=\"https:\/\/unie.com.vn\/wp-content\/uploads\/2022\/10\/thong-so-ky-thuat-umb06.jpg\" data-srcset=\"https:\/\/unie.com.vn\/wp-content\/uploads\/2022\/10\/thong-so-ky-thuat-umb06.jpg 1024w, https:\/\/unie.com.vn\/wp-content\/uploads\/2022\/10\/thong-so-ky-thuat-umb06-300x300.jpg 300w, https:\/\/unie.com.vn\/wp-content\/uploads\/2022\/10\/thong-so-ky-thuat-umb06-150x150.jpg 150w, https:\/\/unie.com.vn\/wp-content\/uploads\/2022\/10\/thong-so-ky-thuat-umb06-768x768.jpg 768w, https:\/\/unie.com.vn\/wp-content\/uploads\/2022\/10\/thong-so-ky-thuat-umb06-510x510.jpg 510w, https:\/\/unie.com.vn\/wp-content\/uploads\/2022\/10\/thong-so-ky-thuat-umb06-100x100.jpg 100w\" data-sizes=\"(max-width: 1020px) 100vw, 1020px\" data-ll-status=\"loaded\" \/><\/div>\n<\/div>\n<div id=\"image_1115491348\" class=\"img has-hover x md-x lg-x y md-y lg-y\">\n<div class=\"img-inner dark\"><img loading=\"lazy\" decoding=\"async\" class=\"attachment-large size-large entered litespeed-loaded\" src=\"https:\/\/unie.com.vn\/wp-content\/uploads\/2023\/11\/May-lam-sua-hat-mini-UNIE-UMB06-1-1024x1024.jpg\" sizes=\"auto, (max-width: 1020px) 100vw, 1020px\" srcset=\"https:\/\/unie.com.vn\/wp-content\/uploads\/2023\/11\/May-lam-sua-hat-mini-UNIE-UMB06-1-1024x1024.jpg 1024w, https:\/\/unie.com.vn\/wp-content\/uploads\/2023\/11\/May-lam-sua-hat-mini-UNIE-UMB06-1-300x300.jpg 300w, https:\/\/unie.com.vn\/wp-content\/uploads\/2023\/11\/May-lam-sua-hat-mini-UNIE-UMB06-1-150x150.jpg 150w, https:\/\/unie.com.vn\/wp-content\/uploads\/2023\/11\/May-lam-sua-hat-mini-UNIE-UMB06-1-768x768.jpg 768w, https:\/\/unie.com.vn\/wp-content\/uploads\/2023\/11\/May-lam-sua-hat-mini-UNIE-UMB06-1-1536x1536.jpg 1536w, https:\/\/unie.com.vn\/wp-content\/uploads\/2023\/11\/May-lam-sua-hat-mini-UNIE-UMB06-1-2048x2048.jpg 2048w, https:\/\/unie.com.vn\/wp-content\/uploads\/2023\/11\/May-lam-sua-hat-mini-UNIE-UMB06-1-510x510.jpg 510w, https:\/\/unie.com.vn\/wp-content\/uploads\/2023\/11\/May-lam-sua-hat-mini-UNIE-UMB06-1-100x100.jpg 100w\" alt=\"\" width=\"1020\" height=\"1020\" data-lazyloaded=\"1\" data-placeholder-resp=\"1020x1020\" data-src=\"https:\/\/unie.com.vn\/wp-content\/uploads\/2023\/11\/May-lam-sua-hat-mini-UNIE-UMB06-1-1024x1024.jpg\" data-srcset=\"https:\/\/unie.com.vn\/wp-content\/uploads\/2023\/11\/May-lam-sua-hat-mini-UNIE-UMB06-1-1024x1024.jpg 1024w, https:\/\/unie.com.vn\/wp-content\/uploads\/2023\/11\/May-lam-sua-hat-mini-UNIE-UMB06-1-300x300.jpg 300w, https:\/\/unie.com.vn\/wp-content\/uploads\/2023\/11\/May-lam-sua-hat-mini-UNIE-UMB06-1-150x150.jpg 150w, https:\/\/unie.com.vn\/wp-content\/uploads\/2023\/11\/May-lam-sua-hat-mini-UNIE-UMB06-1-768x768.jpg 768w, https:\/\/unie.com.vn\/wp-content\/uploads\/2023\/11\/May-lam-sua-hat-mini-UNIE-UMB06-1-1536x1536.jpg 1536w, https:\/\/unie.com.vn\/wp-content\/uploads\/2023\/11\/May-lam-sua-hat-mini-UNIE-UMB06-1-2048x2048.jpg 2048w, https:\/\/unie.com.vn\/wp-content\/uploads\/2023\/11\/May-lam-sua-hat-mini-UNIE-UMB06-1-510x510.jpg 510w, https:\/\/unie.com.vn\/wp-content\/uploads\/2023\/11\/May-lam-sua-hat-mini-UNIE-UMB06-1-100x100.jpg 100w\" data-sizes=\"(max-width: 1020px) 100vw, 1020px\" data-ll-status=\"loaded\" \/><\/div>\n<\/div>\n<\/div>\n<\/div>\n<\/div>\n<h2><\/h2>\n","protected":false},"excerpt":{"rendered":"<p>M\u00e1y l\u00e0m s\u1eefa h\u1ea1t Unie UMB06 l\u00e0 m\u1ed9t s\u1ea3n ph\u1ea9m m\u1edbi ra m\u1eaft \u0111\u1ebfn t\u1eeb th\u01b0\u01a1ng hi\u1ec7u Unie. S\u1edf h\u1eefu cho m\u00ecnh nhi\u1ec1u t\u00ednh n\u0103ng v\u01b0\u1ee3t tr\u1ed9i \u0111\u01b0\u1ee3c c\u1ea3i ti\u1ebfn t\u1eeb c\u00e1c phi\u00ean b\u1ea3n tr\u01b0\u1edbc nh\u01b0 ch\u1ed1ng \u1ed3n v\u01b0\u1ee3t tr\u1ed9i, n\u00e2ng c\u1ea5p 6 t\u00ednh n\u0103ng xay n\u1ea5u k\u1ebft h\u1ee3p v\u1edbi thi\u1ebft k\u1ebf sang tr\u1ecdng, hi\u1ec7n \u0111\u1ea1i, Unie UMB06 h\u1ee9a h\u1eb9n s\u1ebd l\u00e0 chi\u1ebfc m\u00e1y xay s\u1eefa h\u1ea1t \u0111em \u0111\u1ebfn s\u1ef1 ti\u1ec7n l\u1ee3i v\u00e0 h\u00e0i l\u00f2ng cho ng\u01b0\u1eddi s\u1eed d\u1ee5ng.<\/p>\n<p>\u0110\u1eb7c \u0111i\u1ec3m n\u1ed5i b\u1eadt c\u1ee7a s\u1ea3n ph\u1ea9m:<\/p>\n<ul>\n<li>Nh\u1ecf g\u1ecdn, ph\u00f9 h\u1ee3p m\u1ecdi kh\u00f4ng gian<\/li>\n<li>N\u00e2ng c\u1ea5p 6 t\u00ednh n\u0103ng xay n\u1ea5u<\/li>\n<li>Xay si\u00eau m\u1ecbn nh\u1edd c\u00f4ng su\u1ea5t l\u1edbn l\u01b0\u1ee1i dao 6 c\u00e1nh<\/li>\n<\/ul>\n","protected":false},"featured_media":2548,"comment_status":"open","ping_status":"closed","template":"","meta":[],"product_brand":[],"product_cat":[61,69],"product_tag":[],"class_list":{"0":"post-2547","1":"product","2":"type-product","3":"status-publish","4":"has-post-thumbnail","6":"product_cat-hang-gia-dung","7":"product_cat-may-lam-sua-hat","9":"first","10":"instock","11":"shipping-taxable","12":"product-type-simple"},"_links":{"self":[{"href":"https:\/\/nhadepbepxinh.com.vn\/index.php?rest_route=\/wp\/v2\/product\/2547","targetHints":{"allow":["GET"]}}],"collection":[{"href":"https:\/\/nhadepbepxinh.com.vn\/index.php?rest_route=\/wp\/v2\/product"}],"about":[{"href":"https:\/\/nhadepbepxinh.com.vn\/index.php?rest_route=\/wp\/v2\/types\/product"}],"replies":[{"embeddable":true,"href":"https:\/\/nhadepbepxinh.com.vn\/index.php?rest_route=%2Fwp%2Fv2%2Fcomments&post=2547"}],"wp:featuredmedia":[{"embeddable":true,"href":"https:\/\/nhadepbepxinh.com.vn\/index.php?rest_route=\/wp\/v2\/media\/2548"}],"wp:attachment":[{"href":"https:\/\/nhadepbepxinh.com.vn\/index.php?rest_route=%2Fwp%2Fv2%2Fmedia&parent=2547"}],"wp:term":[{"taxonomy":"product_brand","embeddable":true,"href":"https:\/\/nhadepbepxinh.com.vn\/index.php?rest_route=%2Fwp%2Fv2%2Fproduct_brand&post=2547"},{"taxonomy":"product_cat","embeddable":true,"href":"https:\/\/nhadepbepxinh.com.vn\/index.php?rest_route=%2Fwp%2Fv2%2Fproduct_cat&post=2547"},{"taxonomy":"product_tag","embeddable":true,"href":"https:\/\/nhadepbepxinh.com.vn\/index.php?rest_route=%2Fwp%2Fv2%2Fproduct_tag&post=2547"}],"curies":[{"name":"wp","href":"https:\/\/api.w.org\/{rel}","templated":true}]}}