{"id":2489,"date":"2025-03-28T10:47:50","date_gmt":"2025-03-28T03:47:50","guid":{"rendered":"https:\/\/nhadepbepxinh.com.vn\/?post_type=product&#038;p=2489"},"modified":"2025-03-28T10:47:50","modified_gmt":"2025-03-28T03:47:50","slug":"noi-com-dien-cuckoo-cr-1055b-1-8l","status":"publish","type":"product","link":"https:\/\/nhadepbepxinh.com.vn\/?product=noi-com-dien-cuckoo-cr-1055b-1-8l","title":{"rendered":"N\u00d4\u0300I C\u01a0M \u0110I\u00ca\u0323N CUCKOO CR-1055B 1.8L"},"content":{"rendered":"<div id=\"article\" class=\"reviewBody\">\n<h1><strong>N\u1ed2I C\u01a0M \u0110I\u1ec6N CUCKOO\u00a0CR-1055B\u00a01.8L\u00a0<\/strong><\/h1>\n<p><strong>Cuckoo CR-1055B<\/strong>\u00a0l\u00e0 s\u1ea3n ph\u1ea9m n\u1ed3i c\u01a1m \u0111i\u1ec7n c\u01a1 c\u1ee7a h\u00e3ng\u00a0Cuckoo.<\/p>\n<ul>\n<li>Nh\u1eadp kh\u1ea9u t\u1eeb H\u00e0n Qu\u1ed1c \u2013 B\u1ea3o h\u00e0nh 24 th\u00e1ng to\u00e0n qu\u1ed1c.<\/li>\n<li>L\u00f2ng n\u1ed3i ph\u1ee7 men ch\u1ed1ng d\u00ednh Tefalon<\/li>\n<li>C\u1ea5u t\u1ea1o 2 vung gi\u00fap c\u01a1m ngon, gi\u1eef nhi\u1ec7t hi\u1ec7u qu\u1ea3 v\u1edbi c\u00f4ng ngh\u1ec7 gi\u1eef nhi\u1ec7t 3 chi\u1ec1u<\/li>\n<li>Thi\u1ebft k\u1ebf \u0111\u01a1n gi\u1ea3n, \u0111\u1eb9p m\u1eaft v\u00e0 d\u1ec5 d\u00e0ng khi s\u1eed d\u1ee5ng<\/li>\n<li>Trang b\u1ecb 2 thi\u1ebft b\u1ecb an to\u00e0n tuy\u1ec7t \u0111\u1ed1i cho ng\u01b0\u1eddi s\u1eed d\u1ee5ng<\/li>\n<li>Tay c\u1ea7m d\u1ea1ng quai x\u00e1ch ch\u1eafc ch\u1eafn v\u00e0 ti\u1ec7n d\u1ee5ng<\/li>\n<li>M\u00e0u s\u1eafc: Tr\u1eafng \u2013 \u0110en, \u0111\u1eb9p, sang tr\u1ecdng, tinh t\u1ebf.<\/li>\n<\/ul>\n<p><img loading=\"lazy\" decoding=\"async\" class=\"size-full wp-image-122405 aligncenter\" src=\"https:\/\/cuckoo.vn\/wp-content\/uploads\/2019\/07\/e7cad0b65382ba2aa912309b43f47185-1.jpg\" sizes=\"auto, (max-width: 2000px) 100vw, 2000px\" srcset=\"https:\/\/cuckoo.vn\/wp-content\/uploads\/2019\/07\/e7cad0b65382ba2aa912309b43f47185-1.jpg 2000w, https:\/\/cuckoo.vn\/wp-content\/uploads\/2019\/07\/e7cad0b65382ba2aa912309b43f47185-1-226x226.jpg 226w, https:\/\/cuckoo.vn\/wp-content\/uploads\/2019\/07\/e7cad0b65382ba2aa912309b43f47185-1-150x150.jpg 150w, https:\/\/cuckoo.vn\/wp-content\/uploads\/2019\/07\/e7cad0b65382ba2aa912309b43f47185-1-768x768.jpg 768w, https:\/\/cuckoo.vn\/wp-content\/uploads\/2019\/07\/e7cad0b65382ba2aa912309b43f47185-1-1536x1536.jpg 1536w, https:\/\/cuckoo.vn\/wp-content\/uploads\/2019\/07\/e7cad0b65382ba2aa912309b43f47185-1-256x256.jpg 256w, https:\/\/cuckoo.vn\/wp-content\/uploads\/2019\/07\/e7cad0b65382ba2aa912309b43f47185-1-500x500.jpg 500w, https:\/\/cuckoo.vn\/wp-content\/uploads\/2019\/07\/e7cad0b65382ba2aa912309b43f47185-1-100x100.jpg 100w\" alt=\"\" width=\"2000\" height=\"2000\" \/><\/p>\n<\/div>\n<h2><strong>Thi\u1ebft k\u1ebf tinh t\u1ebf<\/strong><\/h2>\n<p>N\u1ed3i c\u01a1m \u0111i\u1ec7n Cuckoo CR-1055B\u00a0c\u00f3 thi\u1ebft k\u1ebf tinh t\u1ebf, ki\u1ec3u d\u00e1ng hi\u1ec7n \u0111\u1ea1i, \u0111em l\u1ea1i s\u1ef1 l\u1ecbch s\u1ef1 trang nh\u00e3, t\u00f4 \u0111i\u1ec3m cho kh\u00f4ng gian b\u1ebfp gia \u0111\u00ecnh.<\/p>\n<p><strong>Cuckoo CR-1055B<\/strong>\u00a0v\u1edbi dung t\u00edch 1.8 l\u00edt\u00a0\u00a0t\u01b0\u01a1ng \u0111\u01b0\u01a1ng kh\u1ea3 n\u0103ng n\u1ea5u 1.0kg g\u1ea1o, \u0111\u1ee7 s\u1ee9c n\u1ea5u \u0103n cho gia \u0111\u00ecnh t\u1eeb 4 \u0111\u1ebfn 6 ng\u01b0\u1eddi<\/p>\n<h2><strong>L\u00f2ng n\u1ed3i ch\u1ed1ng d\u00ednh<\/strong><\/h2>\n<p>L\u00f2ng\u00a0n\u1ed3i Cuckoo\u00a0<strong>CR-1055B<\/strong>\u00a0b\u1eb1ng h\u1ee3p kim nh\u00f4m ph\u1ee7 l\u1edbp ch\u1ed1ng d\u00ednh b\u1ec1n, an to\u00e0n kh\u00f4ng g\u00e2y h\u1ea1i cho s\u1ee9c kh\u1ecfe ng\u01b0\u1eddi d\u00f9ng, \u0111\u1ea3m b\u1ea3o c\u01a1m kh\u00f4ng b\u1ecb ch\u00e1y kh\u00e9t hay b\u1ecb d\u00ednh v\u00e0o\u00a0n\u1ed3i c\u01a1m \u0111i\u1ec7n\u00a0khi n\u1ea5u v\u00e0 gi\u00fap c\u00f4ng \u0111o\u1ea1n lau ch\u00f9i th\u00eam d\u1ec5 d\u00e0ng.<\/p>\n<h2><strong>Ch\u1ebf \u0111\u1ed9 n\u1ea5u c\u01a1m t\u1ef1 \u0111\u1ed9ng<\/strong><\/h2>\n<p>V\u1edbi\u00a0n\u1ed3i c\u01a1m \u0111i\u1ec7n Cuckoo, ch\u1ec9 c\u1ea7n \u1ea5n 1 n\u00fat n\u1ea5u \u0111\u01a1n gi\u1ea3n \u0111\u1ec3 r\u1ea3nh tay chu\u1ea9n b\u1ecb c\u00e1c m\u00f3n \u0103n v\u00e0 c\u01a1m s\u1ebd t\u1ef1 n\u1ea5u trong kho\u1ea3ng th\u1eddi gian ng\u1eafn. Khi c\u01a1m ch\u00edn, n\u1ed3i t\u1ef1 \u0111\u1ed9ng chuy\u1ec3n sang ch\u1ebf \u0111\u1ed9 h\u00e2m t\u1ef1 \u0111\u1ed9ng, v\u1eeba ti\u1ec7n l\u1ee3i v\u1eeba gi\u00fap ti\u1ebft ki\u1ec7m \u0111i\u1ec7n \u0111\u00e1ng k\u1ec3.<\/p>\n<h2><strong>Cuckoo CR-1055B gi\u1eef nhi\u1ec7t l\u00e2u<\/strong><\/h2>\n<p>C\u01a1 ch\u1ebf gia nhi\u1ec7t 3D \u1edf \u0111\u00e1y, 2 b\u00ean th\u00e2n v\u00e0 tr\u00ean n\u1eafp vung. L\u1edbp b\u00f4ng thu\u1ef7 tinh gi\u1eef nhi\u1ec7t l\u00e0m n\u1ed3i c\u01a1m \u1ea5m, ngon l\u00e2u v\u00e0 ti\u1ebft ki\u1ec7m \u0111i\u1ec7n h\u01a1n.<\/p>\n<h2><strong>Khay ch\u1ee9a n\u01b0\u1edbc th\u1eeba th\u00e1o r\u1eddi<\/strong><\/h2>\n<p>N\u1ed3i c\u01a1m \u0111i\u1ec7n Cuckoo\u00a0CR-1055B 1.8L \u0111\u01b0\u1ee3c trang b\u1ecb ng\u0103n ch\u1ee9a n\u01b0\u1edbc th\u1eeba ti\u1ec7n l\u1ee3i gi\u00fap d\u1ec5 d\u00e0ng th\u00e1o r\u1eddi \u0111\u1ec3 \u0111\u1ed5 n\u01b0\u1edbc v\u00e0 v\u1ec7 sinh.<\/p>\n<h2><strong>2 m\u00e2m nhi\u1ec7t, c\u00f4ng su\u1ea5t 650W<\/strong><\/h2>\n<p>N\u1ed3i c\u01a1m \u0111i\u1ec7n\u00a0Cuckoo\u00a0CR-1055B 1.8L c\u00f3\u00a02 m\u00e2m nhi\u1ec7t, c\u00f4ng su\u1ea5t 650 W n\u1ea5u c\u01a1m mau ch\u00edn, t\u01a1i ngon.<\/p>\n","protected":false},"excerpt":{"rendered":"<ul>\n<li>L\u00f2ng n\u1ed3i ph\u1ee7 men ch\u1ed1ng d\u00ednh Tefalon<\/li>\n<li>C\u1ea5u t\u1ea1o 2 vung gi\u00fap c\u01a1m ngon, gi\u1eef nhi\u1ec7t hi\u1ec7u qu\u1ea3 v\u1edbi c\u00f4ng ngh\u1ec7 gi\u1eef nhi\u1ec7t 3 chi\u1ec1u<\/li>\n<li>Thi\u1ebft k\u1ebf \u0111\u01a1n gi\u1ea3n, \u0111\u1eb9p m\u1eaft v\u00e0 d\u1ec5 d\u00e0ng khi s\u1eed d\u1ee5ng<\/li>\n<li>Trang b\u1ecb 2 thi\u1ebft b\u1ecb an to\u00e0n<\/li>\n<li>Tay c\u1ea7m d\u1ea1ng quai x\u00e1ch ch\u1eafc ch\u1eafn v\u00e0 ti\u1ec7n d\u1ee5ng<\/li>\n<li>M\u00e0u s\u1eafc: Tr\u1eafng \u2013 \u0110en<\/li>\n<\/ul>\n","protected":false},"featured_media":2490,"comment_status":"open","ping_status":"closed","template":"","meta":[],"product_brand":[],"product_cat":[61,62],"product_tag":[],"class_list":{"0":"post-2489","1":"product","2":"type-product","3":"status-publish","4":"has-post-thumbnail","6":"product_cat-hang-gia-dung","7":"product_cat-noi-com","9":"first","10":"instock","11":"shipping-taxable","12":"product-type-simple"},"_links":{"self":[{"href":"https:\/\/nhadepbepxinh.com.vn\/index.php?rest_route=\/wp\/v2\/product\/2489","targetHints":{"allow":["GET"]}}],"collection":[{"href":"https:\/\/nhadepbepxinh.com.vn\/index.php?rest_route=\/wp\/v2\/product"}],"about":[{"href":"https:\/\/nhadepbepxinh.com.vn\/index.php?rest_route=\/wp\/v2\/types\/product"}],"replies":[{"embeddable":true,"href":"https:\/\/nhadepbepxinh.com.vn\/index.php?rest_route=%2Fwp%2Fv2%2Fcomments&post=2489"}],"wp:featuredmedia":[{"embeddable":true,"href":"https:\/\/nhadepbepxinh.com.vn\/index.php?rest_route=\/wp\/v2\/media\/2490"}],"wp:attachment":[{"href":"https:\/\/nhadepbepxinh.com.vn\/index.php?rest_route=%2Fwp%2Fv2%2Fmedia&parent=2489"}],"wp:term":[{"taxonomy":"product_brand","embeddable":true,"href":"https:\/\/nhadepbepxinh.com.vn\/index.php?rest_route=%2Fwp%2Fv2%2Fproduct_brand&post=2489"},{"taxonomy":"product_cat","embeddable":true,"href":"https:\/\/nhadepbepxinh.com.vn\/index.php?rest_route=%2Fwp%2Fv2%2Fproduct_cat&post=2489"},{"taxonomy":"product_tag","embeddable":true,"href":"https:\/\/nhadepbepxinh.com.vn\/index.php?rest_route=%2Fwp%2Fv2%2Fproduct_tag&post=2489"}],"curies":[{"name":"wp","href":"https:\/\/api.w.org\/{rel}","templated":true}]}}