{"id":2363,"date":"2025-03-27T17:56:10","date_gmt":"2025-03-27T10:56:10","guid":{"rendered":"https:\/\/nhadepbepxinh.com.vn\/?post_type=product&#038;p=2363"},"modified":"2025-03-27T17:56:11","modified_gmt":"2025-03-27T10:56:11","slug":"thot-olivo-wood-fiber","status":"publish","type":"product","link":"https:\/\/nhadepbepxinh.com.vn\/?product=thot-olivo-wood-fiber","title":{"rendered":"TH\u1edaT OLIVO WOOD FIBER"},"content":{"rendered":"<h2><strong>\u01afU \u0110I\u1ec2M V\u01af\u1ee2T TR\u1ed8I C\u1ee6A S\u1ea2N PH\u1ea8M TH\u1edaT OLIVO WOOD FIBER<\/strong><\/h2>\n<ul>\n<li>Th\u1edbt l\u00e0 v\u1eadt d\u1ee5ng thi\u1ebft y\u1ebfu trong c\u0103n b\u1ebfp. Th\u1edbt\u00a0<strong>OLIVO Wood Fiber<\/strong>\u00a0<strong>K30 v\u00e0 K37<\/strong>\u00a0l\u00e0 ph\u00e2n kh\u00fac s\u1ea3n ph\u1ea9m cao c\u1ea5p th\u00e2n thi\u1ec7n v\u1edbi m\u00f4i tr\u01b0\u1eddng, s\u1ee9c kh\u1ecfe c\u1ee7a ng\u01b0\u1eddi s\u1eed d\u1ee5ng. \u0110\u1eb7c bi\u1ec7t, ch\u1ea5t li\u1ec7u\u00a0<strong>\u201cwood fiber\u201d<\/strong>\u00a0\u2013 s\u1ee3i g\u1ed7 t\u1ef1 nhi\u00ean \u0111\u00e1p \u1ee9ng m\u1ecdi ti\u00eau chu\u1ea9n an to\u00e0n c\u00f3 th\u1ec3 k\u1ec3 \u0111\u1ebfn nh\u01b0: th\u1edbt kh\u00f4ng b\u1ecb m\u00f9i h\u00f4i, \u1ea9m m\u1ed1c, cong v\u00eanh, m\u00f9n th\u1edbt, c\u00f3 \u0111\u1ed9 b\u1ec1n cao, h\u1ea1n ch\u1ebf v\u1ebft dao c\u1eaft\u2026 V\u00ec v\u1eady,\u00a0<strong>th\u1edbt OLIVO Wood Fiber<\/strong>\u00a0x\u1ee9ng \u0111\u00e1ng g\u00f3p m\u1eb7t trong c\u0103n b\u1ebfp nh\u00e0 b\u1ea1n \u0111\u1ec3 tr\u1edf th\u00e0nh tr\u1ee3 th\u1ee7 \u0111\u1eafc l\u1ef1c cho ng\u01b0\u1eddi n\u1ed9i tr\u1ee3 khi s\u01a1 ch\u1ebf th\u1ef1c ph\u1ea9m.<\/li>\n<\/ul>\n<h3><strong>1. S\u1ee2I G\u1ed6 CAO C\u1ea4P\u00a0<\/strong><\/h3>\n<ul>\n<li>WOOD FIBER \u2013 S\u1ee3i g\u1ed7 t\u1ef1 nhi\u00ean \u0111\u01b0\u1ee3c \u00e9p ch\u1eb7t v\u1edbi \u00e1p l\u1ef1c 3000 t\u1ea5n trong m\u00f4i tr\u01b0\u1eddng nhi\u1ec7t \u0111\u1ed9 v\u00e0 \u00e1p su\u1ea5t cao, t\u1ea1o n\u00ean chi\u1ebfc th\u1edbt g\u1ed7 c\u00f3 \u0111\u1ed9 c\u1ee9ng c\u00e1p v\u00e0 b\u1ec1n b\u1ec9 v\u01b0\u1ee3t tr\u1ed9i.<\/li>\n<li>B\u1ea1n c\u00f3 th\u1ec3 s\u1eed d\u1ee5ng s\u1ea3n ph\u1ea9m \u0111\u1ec3 th\u00e1i th\u1ecbt, c\u00e1, rau c\u1ee7\u2026trong vi\u1ec7c n\u1ea5u \u0103n h\u00e0ng ng\u00e0y. \u0110\u1eb7c bi\u1ec7t s\u1ea3n ph\u1ea9m r\u1ea5t an to\u00e0n v\u00e0 l\u00e0nh t\u00ednh ph\u00f9 h\u1ee3p \u0111\u1ec3 chu\u1ea9n b\u1ecb \u0111\u1ed3 \u0103n d\u1eb7m cho b\u00e9.<\/li>\n<\/ul>\n<h3><strong>2. CH\u1ed0NG CONG V\u00caNH, \u1ea8M M\u1ed0C, KH\u00d4NG B\u1eca M\u00d9I H\u00d4I\u00a0<\/strong><\/h3>\n<ul>\n<li>S\u1ea3n ph\u1ea9m an to\u00e0n v\u1edbi th\u1ef1c ph\u1ea9m n\u00f3ng, c\u00f3 th\u1ec3 s\u1eed d\u1ee5ng tr\u1ef1c ti\u1ebfp \u0111\u1ed3 \u0103n tr\u00ean th\u1edbt. Th\u1edbt \u0111\u01b0\u1ee3c l\u00e0m t\u1eeb v\u1eadt li\u1ec7u s\u1ee3i g\u1ed7 cao c\u1ea5p \u0111\u1ea3m b\u1ea3o kh\u00f4ng cong v\u00eanh, \u1ea9m m\u1ed1c, kh\u00f4ng b\u1ecb m\u00f9n th\u1edbt v\u00e0 kh\u00f4ng c\u00f3 m\u00f9i h\u00f4i.<\/li>\n<\/ul>\n<h3><strong>3. \u0110\u1ed8 B\u1ec0N CAO, B\u1ec0 M\u1eb6T C\u1ee8NG C\u00c1P<\/strong><\/h3>\n<ul>\n<li>S\u1ea3n ph\u1ea9m \u0111\u00e3 tr\u1ea3i qua qu\u00e1 tr\u00ecnh ki\u1ec3m \u0111\u1ecbnh nghi\u00eam ng\u1eb7t v\u1ec1 ch\u1ea5t l\u01b0\u1ee3ng, \u0111\u1ea3m b\u1ea3o an to\u00e0n v\u1edbi s\u1ee9c kh\u1ecfe ng\u01b0\u1eddi ti\u00eau d\u00f9ng. Ch\u1ea5t li\u1ec7u \u201cWood Fiber\u201d k\u1ebft h\u1ee3p v\u1edbi c\u00f4ng ngh\u1ec7, d\u00e2y chuy\u1ec1n s\u1ea3n xu\u1ea5t hi\u1ec7n \u0111\u1ea1i t\u1ea1o n\u00ean nh\u1eefng chi\u1ebfc th\u1edbt c\u00f3 b\u1ec1 m\u1eb7t c\u1ee9ng c\u00e1p, \u0111\u1ed9 b\u1ec1n cao, c\u00f3 th\u1ec3 ch\u1ecbu nhi\u1ec7t l\u00ean \u0111\u1ebfn 170 \u0111\u1ed9 C.<\/li>\n<\/ul>\n<h3><strong>4. KI\u1ec2U D\u00c1NG HI\u1ec6N \u0110\u1ea0I\u00a0<\/strong><\/h3>\n<ul>\n<li>OLIVO WOOD FIBER s\u1edf h\u1eefu thi\u1ebft k\u1ebf vu\u00f4ng v\u1ee9c k\u1ebft h\u1ee3p \u0111\u01b0\u1eddng bo g\u00f3c tr\u00f2n mang l\u1ea1i t\u1ed5ng th\u1ec3 thi\u1ebft k\u1ebf sang tr\u1ecdng, tinh t\u1ebf.<\/li>\n<li>R\u00e3nh ch\u1ed1ng tr\u00e0n th\u00f4ng minh xung quanh vi\u1ec1n th\u1edbt \u0111\u1ea3m b\u1ea3o n\u01b0\u1edbc t\u1eeb th\u1ef1c ph\u1ea9m kh\u00f4ng ch\u1ea3y tr\u00e0n ra m\u1eb7t b\u1ebfp. C\u00f3 m\u00f3c treo th\u1edbt ti\u1ec7n l\u1ee3i gi\u00fap d\u1ec5 d\u00e0ng s\u1eed d\u1ee5ng v\u00e0 b\u1ea3o qu\u1ea3n th\u1edbt lu\u00f4n kh\u00f4 r\u00e1o, s\u1ea1ch s\u1ebd.<\/li>\n<\/ul>\n<h3><strong>5. D\u1ec4 D\u00c0NG V\u1ec6 SINH\u00a0<\/strong><\/h3>\n<ul>\n<li>S\u1ea3n ph\u1ea9m c\u00f3 kh\u1ea3 n\u0103ng ch\u1ed1ng th\u1ea5m t\u1ed1t, nhanh kh\u00f4, d\u1ec5 d\u00e0ng l\u00e0m s\u1ea1ch v\u00e0 b\u1ea3o qu\u1ea3n. C\u00f3 th\u1ec3 s\u1eed d\u1ee5ng \u0111\u01b0\u1ee3c v\u1edbi m\u00e1y r\u1eeda b\u00e1t.<\/li>\n<\/ul>\n","protected":false},"excerpt":{"rendered":"<h1 class=\"product-title product_title entry-title\">TH\u1edaT OLIVO WOOD FIBER \u2013 Ch\u1ed1ng Cong V\u00eanh, \u1ea8m M\u1ed1c, Kh\u00f4ng B\u1ecb M\u00f9i H\u00f4i \u2013 S\u1eed D\u1ee5ng \u0110\u01b0\u1ee3c V\u1edbi M\u00e1y R\u1eeda B\u00e1t<\/h1>\n","protected":false},"featured_media":2364,"comment_status":"open","ping_status":"closed","template":"","meta":[],"product_brand":[],"product_cat":[61,79],"product_tag":[],"class_list":{"0":"post-2363","1":"product","2":"type-product","3":"status-publish","4":"has-post-thumbnail","6":"product_cat-hang-gia-dung","7":"product_cat-thot","9":"first","10":"instock","11":"shipping-taxable","12":"product-type-simple"},"_links":{"self":[{"href":"https:\/\/nhadepbepxinh.com.vn\/index.php?rest_route=\/wp\/v2\/product\/2363","targetHints":{"allow":["GET"]}}],"collection":[{"href":"https:\/\/nhadepbepxinh.com.vn\/index.php?rest_route=\/wp\/v2\/product"}],"about":[{"href":"https:\/\/nhadepbepxinh.com.vn\/index.php?rest_route=\/wp\/v2\/types\/product"}],"replies":[{"embeddable":true,"href":"https:\/\/nhadepbepxinh.com.vn\/index.php?rest_route=%2Fwp%2Fv2%2Fcomments&post=2363"}],"wp:featuredmedia":[{"embeddable":true,"href":"https:\/\/nhadepbepxinh.com.vn\/index.php?rest_route=\/wp\/v2\/media\/2364"}],"wp:attachment":[{"href":"https:\/\/nhadepbepxinh.com.vn\/index.php?rest_route=%2Fwp%2Fv2%2Fmedia&parent=2363"}],"wp:term":[{"taxonomy":"product_brand","embeddable":true,"href":"https:\/\/nhadepbepxinh.com.vn\/index.php?rest_route=%2Fwp%2Fv2%2Fproduct_brand&post=2363"},{"taxonomy":"product_cat","embeddable":true,"href":"https:\/\/nhadepbepxinh.com.vn\/index.php?rest_route=%2Fwp%2Fv2%2Fproduct_cat&post=2363"},{"taxonomy":"product_tag","embeddable":true,"href":"https:\/\/nhadepbepxinh.com.vn\/index.php?rest_route=%2Fwp%2Fv2%2Fproduct_tag&post=2363"}],"curies":[{"name":"wp","href":"https:\/\/api.w.org\/{rel}","templated":true}]}}