{"id":2335,"date":"2025-03-27T17:46:22","date_gmt":"2025-03-27T10:46:22","guid":{"rendered":"https:\/\/nhadepbepxinh.com.vn\/?post_type=product&#038;p=2335"},"modified":"2025-03-27T17:46:22","modified_gmt":"2025-03-27T10:46:22","slug":"noi-ap-suat-dien-da-nang-olivo-pc60","status":"publish","type":"product","link":"https:\/\/nhadepbepxinh.com.vn\/?product=noi-ap-suat-dien-da-nang-olivo-pc60","title":{"rendered":"N\u00d4\u0300I A\u0301P SU\u00c2\u0301T \u0110I\u00ca\u0323N \u0110A N\u0102NG OLIVO PC60"},"content":{"rendered":"<h2><b>NH\u1eeeNG \u01afU \u0110I\u1ec2M V\u01af\u1ee2T TR\u1ed8I C\u1ee6A N\u1ed2I \u00c1P SU\u1ea4T \u0110I\u1ec6N \u0110A N\u0102NG OLIVO PC60<\/b><\/h2>\n<ul>\n<li>V\u1edbi cu\u1ed9c s\u1ed1ng hi\u1ec7n \u0111\u1ea1i th\u00ec \u201cth\u1eddi gian\u201d ch\u00ednh l\u00e0 v\u00e0ng, m\u1ecdi c\u00f4ng vi\u1ec7c nh\u01b0 \u0111i l\u00e0m vi\u1ec7c hay t\u1ef1 kinh doanh, \u0111\u1ebfn vi\u1ec7c n\u1ed9i tr\u1ee3 h\u00e0ng ng\u00e0y c\u0169ng chi\u1ebfm r\u1ea5t nhi\u1ec1u th\u1eddi gian c\u1ee7a Ch\u1ecb em ph\u1ee5 n\u1eef. Trong nh\u1ecbp s\u1ed1ng h\u1ed1i h\u1ea3 b\u1eadn r\u1ed9n n\u00e0y th\u00ec vi\u1ec7c ti\u1ebft ki\u1ec7m th\u1eddi gian n\u1ea5u n\u01b0\u1edbng n\u1ed9i tr\u1ee3 \u0111\u1ec3 c\u00f3 th\u00eam th\u1eddi gian ngh\u1ec9 ng\u01a1i, gi\u1ea3i tr\u00ed, x\u1ea3 stress sau m\u1ed9t ng\u00e0y l\u00e0m vi\u1ec7c m\u1ec7t m\u1ecfi l\u00e0 m\u1ed9t \u0111i\u1ec1u c\u1ea7n thi\u1ebft \u0111\u1ed1i v\u1edbi m\u1ed7i Ch\u1ecb Em. Ch\u00ednh v\u00ec v\u1eady Olivo Electronics \u0111\u00e3 nghi\u00ean c\u1ee9u ch\u1ebf t\u1ea1o v\u00e0 s\u1ea3n xu\u1ea5t s\u1ea3n ph\u1ea9m n\u1ed3i \u00e1p su\u1ea5t \u0111i\u1ec7n\u00a0<strong>OLIVO<\/strong><b>\u00a0PC60<\/b>\u00a0d\u00f2ng<b>\u00a0n\u1ed3i \u00e1p su\u1ea5t \u0111i\u1ec7n t\u1eed<\/b>\u00a0v\u00f4 c\u00f9ng hi\u1ec7n \u0111\u1ea1i, \u0111a n\u0103ng v\u00e0 an to\u00e0n b\u1eadc nh\u1ea5t tr\u00ean th\u1ecb tr\u01b0\u1eddng hi\u1ec7n nay.<\/li>\n<\/ul>\n<h3><strong>1. T\u00cdNH N\u0102NG AN TO\u00c0N V\u01af\u1ee2T TR\u1ed8I<\/strong><\/h3>\n<ul>\n<li>N\u1ed3i \u00e1p su\u1ea5t \u0111i\u1ec7n\u00a0<b>OLIVO PC60<\/b>\u00a0c\u00f3 nh\u1eefng thi\u1ebft k\u1ebf v\u00e0 t\u00ednh n\u0103ng\u00a0<strong>an to\u00e0n v\u01b0\u1ee3t tr\u1ed9i<\/strong>\u00a0so v\u1edbi d\u00f2ng n\u1ed3i \u00e1p su\u1ea5t c\u01a1 th\u00f4ng th\u01b0\u1eddng ph\u1ed5 bi\u1ebfn hi\u1ec7n nay.<\/li>\n<li>N\u1ed3i \u00e1p su\u1ea5t c\u01a1 b\u00ecnh th\u01b0\u1eddng ch\u1eafc h\u1eb3n kh\u00f4ng c\u00f2n qu\u00e1 xa l\u1ea1 v\u1edbi c\u00e1c c\u0103n b\u1ebfp trong gia \u0111\u00ecnh Vi\u1ec7t v\u1edbi nhi\u1ec1u \u01b0u \u0111i\u1ec3m song nh\u01b0\u1ee3c \u0111i\u1ec3m l\u1edbn nh\u1ea5t c\u1ee7a d\u00f2ng n\u1ed3i n\u00e0y l\u1ea1i ch\u00ednh l\u00e0 v\u1ea5n \u0111\u1ec1 an to\u00e0n trong qu\u00e1 tr\u00ecnh s\u1eed d\u1ee5ng. N\u1ed3i th\u00f4ng th\u01b0\u1eddng c\u00f3 l\u1edbp v\u1ecf c\u0169ng ch\u00ednh l\u00e0 l\u00f2ng n\u1ed3i m\u1ee9c ph\u00e1t nhi\u1ec7t r\u1ea5t l\u1edbn c\u00f3 th\u1ec3 g\u00e2y b\u1ecfng khi ch\u1ea1m v\u00e0o tr\u1ef1c ti\u1ebfp, h\u1ec7 th\u1ed1ng van x\u1ea3 \u0111\u01a1n gi\u1ea3n, k\u1ebft c\u1ea5u v\u1eb7n xo\u1eafn \u0111\u1ec3 m\u1edf n\u1eafp thi\u1ebfu an to\u00e0n c\u00f3 th\u1ec3 g\u00e2y ph\u00e1t n\u1ed5, ho\u1eb7c b\u1ecfng khi thao t\u00e1c tr\u00ean n\u1ed3i.<\/li>\n<\/ul>\n<p>Kh\u00e1c bi\u1ec7t c\u00e1c n\u1ed3i \u00e1p su\u1ea5t th\u1ebf h\u1ec7 c\u0169\u00a0<strong>OLIVO PC60<\/strong>\u00a0c\u00f3 nh\u1eefn<strong>g \u01b0u \u0111i\u1ec3m an to\u00e0n<\/strong>\u00a0nh\u01b0:<\/p>\n<ul>\n<li>L\u00f2ng n\u1ed3i b\u00ean trong \u0111\u01b0\u1ee3c bao b\u1ecdc b\u1edfi l\u1edbp v\u1ecf n\u1ed3i b\u00ean ngo\u00e0i \u0111\u01b0\u1ee3c l\u00e0m b\u1eb1ng v\u1eadt li\u1ec7u an to\u00e0n c\u00e1ch nhi\u1ec7t, c\u00e1ch \u0111i\u1ec7n trong qu\u00e1 tr\u00ecnh n\u1ea5u c\u00f3 th\u1ec3 t\u01b0\u01a1ng t\u00e1c v\u1edbi n\u1ed3i m\u00e0 kh\u00f4ng s\u1ee3 g\u00e2y b\u1ecfng.<\/li>\n<li>N\u1ed3i OLIVO PC60 t\u00edch h\u1ee3p h\u1ec7 th\u1ed1ng kh\u00f3a an to\u00e0n t\u1ea1i ph\u1ea7n n\u1eafp, \u0111\u00e2y l\u00e0 t\u00ednh n\u0103ng an to\u00e0n tuy\u1ec7t \u0111\u1ed1i n\u0103ng cho t\u1ea5t c\u1ea3 c\u00e1c ch\u1ee9c n\u0103ng k\u00edch ho\u1ea1t n\u1ebfu n\u1eafp kh\u00f4ng \u0111\u01b0\u1ee3c kh\u00f3a \u0111\u00fang v\u1ecb tr\u00ed. Ng\u01b0\u1eddi s\u1eed d\u1ee5ng kh\u00f4ng th\u1ec3 ch\u1ecdn ch\u1ee9c n\u0103ng n\u1ea5u n\u1ebfu kh\u00f4ng n\u1eafp kh\u00f4ng \u0111\u01b0\u1ee3c l\u1eafp \u0111\u1eb7t \u0111\u00fang v\u1ecb tr\u00ed. Vi\u1ec7c \u0111\u00f3ng n\u1eafp kh\u00f4ng \u0111\u00fang s\u1ebd hi\u1ec3n th\u1ecb l\u1ed7i tr\u00ean m\u00e0n h\u00ecnh hi\u1ec3n th\u1ecb v\u00e0 ph\u00e1t ra \u00e2m thanh c\u1ea3nh b\u00e1o cho t\u1edbi khi n\u1eafp \u0111\u01b0\u1ee3c \u0111\u00f3ng \u0111\u00fang c\u00e1ch.<\/li>\n<li>N\u1ed3i \u0111\u01b0\u1ee3c trang b\u1ecb van \u00e1p su\u1ea5t an to\u00e0n tuy\u1ec7t \u0111\u1ed1i, gi\u00fap gi\u1eef \u00e1p su\u1ea5t khi n\u1ea5u, v\u00e0 x\u1ea3 \u00e1p su\u1ea5t sau khi n\u1ea5u xong. Van \u00e1p su\u1ea5t k\u1ebft h\u1ee3p c\u00f9ng v\u1edbi c\u00e1c c\u1ea3m bi\u1ebfn \u0111i\u1ec7n t\u1eed gi\u00fap n\u1ed3i \u0111i\u1ec1u ch\u1ec9nh m\u1ee9c \u00e1p su\u1ea5t v\u1eeba \u0111\u1ee7 trong n\u1ed3i trong qu\u00e1 tr\u00ecnh n\u1ea5u kh\u00f4ng c\u00f2n lo v\u1ea5n \u0111\u1ec1 qu\u00e1 \u00e1p su\u1ea5t g\u00e2y nguy c\u01a1 ph\u00e1t n\u1ed5 nh\u01b0 nh\u1eefng n\u1ed3i truy\u1ec1n th\u1ed1ng.<\/li>\n<li>Ti\u1ebfp \u0111\u00f3 l\u00e0 s\u1ef1 k\u1ebft h\u1ee3p ho\u00e0n h\u1ea3o gi\u1eefa van phao c\u00f9ng gio\u0103ng cao su gi\u00fap cho th\u1ef1c ph\u1ea9m ch\u1ed1ng tr\u00e0o tr\u00e0n ra ngo\u00e0i trong qu\u00e1 tr\u00ecnh n\u1ea5u, kh\u00f4ng c\u00f2n lo s\u1ee3 b\u1ecb b\u1ecfng do th\u1ef1c ph\u1ea9m n\u00f3ng tr\u00e0o ra ngo\u00e0i. R\u1ea5t an to\u00e0n m\u00e0 l\u1ea1i d\u1ec5 v\u1ec7 sinh.<\/li>\n<\/ul>\n<h3><strong>2. 8 IN 1 THAY TH\u1ebe 08 LO\u1ea0I THI\u1ebeT B\u1eca NH\u00c0 B\u1ebeP<\/strong><\/h3>\n<ul>\n<li>N\u1ed3i \u00e1p su\u1ea5t \u0111i\u1ec7n \u0111a n\u0103ng OLIVO PC60 v\u1edbi 2 lo\u1ea1i n\u1eafp kh\u00e1c nhau c\u00f3 th\u1ec3 th\u00e1o r\u1eddi t\u00f9y bi\u1ebfn theo c\u00e1c ch\u1ebf \u0111\u1ed9 kh\u00e1c nhau.<\/li>\n<li>N\u1ed3i h\u1ea7m OLIVO PC60 c\u00f3 th\u1ec3 thay th\u1ebf 8 lo\u1ea1i thi\u1ebft b\u1ecb nh\u00e0 b\u1ebfp nh\u01b0 : N\u1ed3i \u00e1p su\u1ea5t c\u01a1, n\u1ed3i c\u01a1m \u0111i\u1ec7n , n\u1ed3i n\u1ea5u l\u1ea9u, ch\u1ea3o r\u00e1n, b\u1ebfp n\u01b0\u1edbng, n\u1ed3i h\u1ea5p, m\u00e1y l\u00e0m s\u1eefa chua, n\u1ed3i n\u1ea5u \u0103n th\u00f4ng th\u01b0\u1eddng,<\/li>\n<li>Khi s\u1eed d\u1ee5ng n\u1ed3i h\u1ea7m \u0111a n\u0103ng OLIVO PC60 b\u1ea1n c\u00f3 th\u1ec3 ti\u1ebft ki\u1ec7m chi ph\u00ed mua h\u00e0ng lo\u1ea1t \u0111\u1ed3 nh\u00e0 b\u1ebfp kh\u00e1c nhau, \u0111\u1ed3ng th\u1eddi ti\u1ebft ki\u1ec7m kh\u00f4ng gian nh\u00e0 b\u1ebfp v\u00e0 th\u1eddi gian v\u1ec7 sinh c\u00e1c thi\u1ebft b\u1ecb sau m\u1ed7i b\u1eefa \u0103n.<\/li>\n<\/ul>\n<h3><strong>3. V\u1edaI 16 CH\u1ee8C N\u0102NG C\u00c0I \u0110\u1eb6T S\u1eb4N V\u00d4 C\u00d9NG TI\u1ec6N L\u1ee2I<\/strong><b><\/b><\/h3>\n<ul>\n<li>M\u1ed9t trong nh\u1eefng \u01b0u \u0111i\u1ec3m tuy\u1ec7t v\u1eddi c\u1ee7a n\u1ed3i \u00e1p su\u1ea5t \u0111i\u1ec7n OLIVO PC60 \u0111\u00f3 l\u00e0 \u1edf s\u1ef1 \u0111a n\u0103ng trong vi\u1ec7c ch\u1ebf bi\u1ebfn nh\u1eefng m\u00f3n \u0103n tuy\u1ec7t h\u1ea3o theo t\u1eebng nhu c\u1ea7u c\u1ee7a c\u00e1c b\u00e0 n\u1ed9i tr\u1ee3.<\/li>\n<li>Nh\u1eefng ch\u1ebf \u0111\u1ed9 n\u1ea5u \u0103n c\u01a1 b\u1ea3n c\u1ee7a n\u1ed3i \u00e1p su\u1ea5t OLIVO PC60 \u0111\u00f3 l\u00e0: Th\u1ecbt, Gia C\u1ea7m, S\u00fap, C\u00e1c Lo\u1ea1i \u0110\u1eadu, G\u1ea1o Tr\u1eafng, G\u1ea1o L\u1ee9t, Ng\u0169 C\u1ed1c, H\u1ea7m Rau C\u1ee7, N\u1ea5u Ch\u1eadm, S\u1eefa Chua, \u0110un S\u00f4i, H\u1ea7m Khoai T\u00e2y, L\u1ea9u, X\u00e0o, X\u01b0\u1edbng, H\u00e2m N\u00f3ng.<\/li>\n<li>V\u1edbi 16 t\u00ednh n\u0103ng \u0111\u01b0\u1ee3c c\u00e0i \u0111\u1eb7t s\u1eb5n, c\u00f4ng vi\u1ec7c c\u1ee7a b\u1ea1n ch\u1ec9 l\u00e0 t\u1ea9m \u01b0\u1edbp gia v\u1ecb cho th\u1ef1c ph\u1ea9m v\u00e0o n\u1ed3i v\u00e0 ch\u1ec9 m\u1ed9t n\u00fat b\u1ea5m v\u00e0 ch\u1edd \u0111\u1ee3i th\u00e0nh ph\u1ea9m ch\u00ednh l\u00e0 m\u00f3n \u0103n ngon xu\u1ea5t s\u1eafc c\u00f3 ngay tr\u00ean b\u00e0n \u0103n.<\/li>\n<li>Kh\u00f4ng c\u1ea7n b\u1ea1n ph\u1ea3i qu\u00e1 xu\u1ea5t s\u1eafc hay gi\u1ecfi vi\u1ec7c n\u1ed9i tr\u1ee3 b\u1ebfp n\u00fac, t\u1ea5t c\u1ea3 ch\u1ec9 c\u00f2n l\u00e0 c\u00f4ng vi\u1ec7c \u0111\u01a1n gi\u1ea3n khi c\u00f3 n\u1ed3i \u00e1p su\u1ea5t \u0111a n\u0103ng n\u00e0y, c\u00f4ng vi\u1ec7c c\u1ee7a b\u1ea1n ch\u1ec9 vi\u1ec7c chu\u1ea9n b\u1ecb th\u1ef1c ph\u1ea9m c\u00f2n l\u1ea1i t\u1ea5t c\u1ea3 h\u00e3y \u0111\u1ec3 cho OLIVO PC60 lo.<\/li>\n<\/ul>\n<h3><strong>4. DUNG T\u00cdCH L\u1edaN L\u00caN T\u1edaI 6L<\/strong><b><\/b><\/h3>\n<ul>\n<li>V\u1edbi dung t\u00edch l\u00f2ng n\u1ed3i l\u1edbn t\u1edbi 6 l\u00edt OLIVO PC60 l\u00e0 m\u1ed9t trong nh\u1eefng n\u1ed3i \u00e1p su\u1ea5t \u0111a n\u0103ng c\u00f3 dung t\u00edch l\u1edbn nh\u1ea5t tr\u00ean th\u1ecb tr\u01b0\u1eddng hi\u1ec7n nay<\/li>\n<li>Dung t\u00edch l\u1edbn 6L gi\u00fap ng\u01b0\u1eddi s\u1eed d\u1ee5ng c\u00f3 th\u1ec3 chi\u1ebfn bi\u1ebfn l\u01b0\u1ee3ng th\u1ef1c ph\u1ea9m nhi\u1ec1u h\u01a1n, \u0111\u1ea3m b\u1ea3o ph\u00f9 h\u1ee3p v\u1edbi nh\u1eefng gia \u0111\u00ecnh \u0111\u00f4ng ng\u01b0\u1eddi c\u00f3 s\u1ed1 l\u01b0\u1ee3ng t\u1eeb 6-8 ng\u01b0\u1eddi.<\/li>\n<\/ul>\n<h3><strong>5. CH\u1ea4T LI\u1ec6U CAO C\u1ea4P AN TO\u00c0N KHI S\u1eec D\u1ee4NG \u2013 D\u1ec4 D\u00c0NG V\u1ec6 SINH<\/strong><b><\/b><\/h3>\n<ul>\n<li>V\u1ecf n\u1ed3i \u0111\u01b0\u1ee3c l\u00e0m t\u1eeb inox s\u00e1ng b\u00f3ng, v\u1eeba \u0111\u1eb9p sang tr\u1ecdng l\u1ea1i d\u1ec5 d\u00e0ng v\u1ec7 sinh v\u00e0 lau ch\u00f9i sau khi n\u1ea5u n\u01b0\u1edbng.<\/li>\n<li>L\u00f2ng n\u1ed3i \u0111\u01b0\u1ee3c thi\u1ebft k\u1ebf b\u1eb1ng Inox\u00a0 d\u00e0y d\u1eb7n cao c\u1ea5p, gi\u00fap cho th\u1ef1c ph\u1ea9m kh\u00f4ng b\u1ecb ch\u00e1y, kh\u00e9t trong qu\u00e1 tr\u00ecnh n\u1ea5u n\u01b0\u1edbng, \u0111\u1ed3ng th\u1eddi c\u00f3 kh\u1ea3 n\u0103ng ch\u1ed1ng x\u01b0\u1edbc, ch\u1ed1ng b\u00e1m d\u1ea7u m\u1ee1, r\u1ea5t b\u1ec1n b\u1ec9, d\u1ec5 d\u00e0ng v\u1ec7 sinh v\u00e0 an to\u00e0n cho s\u1ee9c kh\u1ecfe.<\/li>\n<\/ul>\n<h3><strong>6. T\u00cdNH N\u0102NG H\u1eb8N GI\u1edc N\u1ea4U L\u00caN T\u1edaI 24H<\/strong><b><\/b><\/h3>\n<ul>\n<li>V\u1edbi t\u00ednh n\u0103ng h\u1eb9n gi\u1edd l\u00ean t\u1edbi 24h s\u1ebd gi\u00fap b\u1ea1n n\u1ea5u m\u00f3n ngon m\u1ecdi l\u00fac, ph\u00f9 h\u1ee3p v\u1edbi nh\u1eefng ng\u01b0\u1eddi b\u1eadn b\u1eadn r\u1ed9n, d\u00e2n c\u00f4ng s\u1edf, c\u00f3 \u00edt th\u1eddi gian cho vi\u1ec7c n\u1ed9i tr\u1ee3.<\/li>\n<li>Th\u1eddi gian h\u1eb9n gi\u1edd t\u1ed1t nh\u1ea5t l\u00e0 d\u01b0\u1edbi 6-8h ch\u00fang ta c\u00f3 th\u1ec3 cho nguy\u00ean li\u1ec7u v\u00e0o n\u1ed3i s\u1eb5n v\u00e0 setup. N\u1ed3i OLIVO PC60 s\u1ebd t\u1ef1 \u0111\u1ed9ng b\u1eadt ch\u1ebf \u0111\u1ed9 n\u1ea5u theo th\u1eddi gian h\u1eb9n gi\u1edd \u0111i\u1ec1u ch\u1ec9nh nhi\u1ec7t \u0111\u1ed9 v\u00e0 c\u00f4ng su\u1ea5t ph\u00f9 h\u1ee3p. Vi\u1ec7c c\u00f2n l\u1ea1i ch\u1ec9 l\u00e0 \u0111\u1ed3 \u0103n ch\u00edn v\u00e0 l\u1ea5y ra th\u01b0\u1edfng th\u1ee9c th\u00f4i. Kh\u00e1 \u0111\u01a1n gi\u1ea3n v\u00e0 \u0111\u1ee1 t\u1ed1n th\u1eddi gian chu\u1ea9n b\u1ecb n\u1ea5u n\u01b0\u1edbng nh\u01b0 th\u00f4ng th\u01b0\u1eddng \u0111\u00fang kh\u00f4ng c\u00e1c b\u1ea1n.<\/li>\n<\/ul>\n<h3><strong>7. TI\u1ebeT KI\u1ec6M N\u0102NG L\u01af\u1ee2NG T\u1ed0I \u0110A<\/strong><b><\/b><b><\/b><\/h3>\n<ul>\n<li>Kh\u00e1c v\u1edbi vi\u1ec7c \u0111un n\u1ea5u b\u1eb1ng ga khi s\u1eed d\u1ee5ng n\u1ed3i \u00e1p su\u1ea5t c\u01a1 th\u00f4ng th\u01b0\u1eddng, ho\u1eb7c s\u1eed d\u1ee5ng c\u00e1c n\u1ed3i th\u00f4ng th\u01b0\u1eddng \u0111\u1ec3 \u0111un n\u1ea5u, v\u1eeba t\u1ed1n th\u1eddi gian l\u1ea1i r\u1ea5t t\u1ed1n n\u0103ng l\u01b0\u1ee3ng. Do trong qu\u00e1 tr\u00ecnh \u0111un n\u1ea5u th\u00f4ng th\u01b0\u1eddng l\u01b0\u1ee3ng nhi\u1ec7t t\u1ecfa ra l\u1edbn, v\u00e0 th\u1eddi gian ho\u00e0n th\u00e0nh m\u00f3n \u0103n d\u00e0i d\u1eabn \u0111\u1ebfn s\u1ebd t\u1ed1n n\u0103ng l\u01b0\u1ee3ng h\u01a1n so v\u1edbi b\u00ecnh th\u01b0\u1eddng<\/li>\n<li>Nh\u01b0ng khi s\u1eed d\u1ee5ng OLIVO PC60 v\u1ea5n \u0111\u1ec1 th\u1ea5t tho\u00e1t nhi\u1ec7t n\u0103ng s\u1ebd \u0111\u01b0\u1ee3c gi\u1ea3m thi\u1ec3u t\u1ed1i \u0111a, th\u1eddi gian \u0111un n\u1ea5u nhanh c\u0169ng gi\u00fap ti\u1ebft ki\u1ec7m \u0111i\u1ec7n.<\/li>\n<li><strong>OLIVO PC60<\/strong>\u00a0c\u00f3 th\u1ec3 ti\u1ebft ki\u1ec7m t\u1ed1i \u0111a 70% l\u01b0\u1ee3ng \u0111i\u1ec7n ti\u00eau th\u1ee5. Ch\u00ednh v\u00ec v\u1eady v\u1edbi b\u00e0i to\u00e1n kinh t\u1ebf trong gia \u0111\u00ecnh s\u1eed d\u1ee5ng n\u1ed3i \u00e1p su\u1ea5t OLIVO PC60 s\u1ebd \u0111\u01b0\u1ee3c gi\u1ea3i quy\u1ebft ch\u00fang ta kh\u00f4ng c\u00f2n ph\u1ea3i lo l\u1eafng vi\u1ec7c t\u0103ng h\u00f3a \u0111\u01a1n b\u1ea5t th\u01b0\u1eddng h\u00e0ng th\u00e1ng.<\/li>\n<\/ul>\n","protected":false},"excerpt":{"rendered":"<h1 class=\"product-title product_title entry-title\">N\u1ed3i \u00c1p Su\u1ea5t \u0110i\u1ec7n \u0110a N\u0103ng OLIVO PC60 \u2013 16 Ch\u1ee9c N\u0103ng \u2013 Dung T\u00edch 6L \u2013 C\u00f4ng Su\u1ea5t 1000W<\/h1>\n","protected":false},"featured_media":2336,"comment_status":"open","ping_status":"closed","template":"","meta":[],"product_brand":[],"product_cat":[61,64],"product_tag":[],"class_list":{"0":"post-2335","1":"product","2":"type-product","3":"status-publish","4":"has-post-thumbnail","6":"product_cat-hang-gia-dung","7":"product_cat-noi-ap-suat","9":"first","10":"instock","11":"shipping-taxable","12":"product-type-simple"},"_links":{"self":[{"href":"https:\/\/nhadepbepxinh.com.vn\/index.php?rest_route=\/wp\/v2\/product\/2335","targetHints":{"allow":["GET"]}}],"collection":[{"href":"https:\/\/nhadepbepxinh.com.vn\/index.php?rest_route=\/wp\/v2\/product"}],"about":[{"href":"https:\/\/nhadepbepxinh.com.vn\/index.php?rest_route=\/wp\/v2\/types\/product"}],"replies":[{"embeddable":true,"href":"https:\/\/nhadepbepxinh.com.vn\/index.php?rest_route=%2Fwp%2Fv2%2Fcomments&post=2335"}],"wp:featuredmedia":[{"embeddable":true,"href":"https:\/\/nhadepbepxinh.com.vn\/index.php?rest_route=\/wp\/v2\/media\/2336"}],"wp:attachment":[{"href":"https:\/\/nhadepbepxinh.com.vn\/index.php?rest_route=%2Fwp%2Fv2%2Fmedia&parent=2335"}],"wp:term":[{"taxonomy":"product_brand","embeddable":true,"href":"https:\/\/nhadepbepxinh.com.vn\/index.php?rest_route=%2Fwp%2Fv2%2Fproduct_brand&post=2335"},{"taxonomy":"product_cat","embeddable":true,"href":"https:\/\/nhadepbepxinh.com.vn\/index.php?rest_route=%2Fwp%2Fv2%2Fproduct_cat&post=2335"},{"taxonomy":"product_tag","embeddable":true,"href":"https:\/\/nhadepbepxinh.com.vn\/index.php?rest_route=%2Fwp%2Fv2%2Fproduct_tag&post=2335"}],"curies":[{"name":"wp","href":"https:\/\/api.w.org\/{rel}","templated":true}]}}