{"id":2159,"date":"2025-03-27T17:01:49","date_gmt":"2025-03-27T10:01:49","guid":{"rendered":"https:\/\/nhadepbepxinh.com.vn\/?post_type=product&#038;p=2159"},"modified":"2025-04-06T15:10:47","modified_gmt":"2025-04-06T08:10:47","slug":"noi-chien-hap-da-nang-olivo-sf16-pro-2025","status":"publish","type":"product","link":"https:\/\/nhadepbepxinh.com.vn\/?product=noi-chien-hap-da-nang-olivo-sf16-pro-2025","title":{"rendered":"N\u00d4\u0300I CHI\u00caN H\u00c2\u0301P \u0110A N\u0102NG OLIVO SF16 PRO 2025"},"content":{"rendered":"<div id=\"col-1263016372\" class=\"col yeucaugoilai kh_col_form hide-for-medium small-12 large-12\">\n<div class=\"col-inner\">\n<div class=\"kh_col_form\">\n<div id=\"wpcf7-f5464-p9058-o2\" class=\"wpcf7 js\" dir=\"ltr\" lang=\"vi\" data-wpcf7-id=\"5464\"><\/div>\n<\/div>\n<\/div>\n<\/div>\n<div id=\"col-1147033859\" class=\"col thong-tin-san-pham small-12 large-12\">\n<div class=\"col-inner\">\n<div class=\"woocommerce-tabs wc-tabs-wrapper container tabbed-content\">\n<div class=\"tab-panels\">\n<div id=\"tab-description\" class=\"woocommerce-Tabs-panel woocommerce-Tabs-panel--description panel entry-content active collapse expanded\" role=\"tabpanel\" aria-labelledby=\"tab-title-description\">\n<h2 dir=\"ltr\"><strong>\u01afU \u0110I\u1ec2M V\u01af\u1ee2T TR\u1ed8I C\u1ee6A N\u1ed2I CHI\u00caN H\u1ea4P \u0110A N\u0102NG OLIVO SF16 PRO<\/strong><\/h2>\n<ul>\n<li dir=\"ltr\" aria-level=\"1\">\n<p dir=\"ltr\" role=\"presentation\">N\u1ed3i chi\u00ean h\u1ea5p l\u00e0 m\u1ed9t thi\u1ebft b\u1ecb gia d\u1ee5ng th\u00f4ng minh, l\u00e0 s\u1ea3n ph\u1ea9m \u0111\u1ea7u ti\u00ean tr\u00ean th\u1ecb tr\u01b0\u1eddng t\u00edch h\u1ee3p 2 gi\u1ea3i ph\u00e1p ch\u1ebf bi\u1ebfn l\u00e0nh m\u1ea1nh \u0111\u01b0\u1ee3c \u01b0a chu\u1ed9ng nh\u1ea5t hi\u1ec7n nay: Chi\u00ean Kh\u00f4ng D\u1ea7u v\u00e0 H\u1ea5p.<\/p>\n<\/li>\n<li dir=\"ltr\" aria-level=\"1\">\n<p dir=\"ltr\" role=\"presentation\">N\u1ed3i chi\u00ean h\u1ea5p OLIVO SF16 PRO l\u00e0 s\u1ea3n ph\u1ea9m n\u1ed3i chi\u00ean h\u01a1i n\u01b0\u1edbc \u0111\u1ebfn t\u1eeb th\u01b0\u01a1ng hi\u1ec7u OLIVO. Phi\u00ean b\u1ea3n m\u1edbi c\u1ea3i ti\u1ebfn v\u01b0\u1ee3t tr\u1ed9i v\u1edbi b\u1ed9 ph\u1ee5 ki\u1ec7n \u0111a d\u1ea1ng th\u00eam xi\u00ean quay v\u00e0 l\u1ed3ng \u0111\u1ea3o \u0111a n\u0103ng ti\u1ec7n l\u1ee3i. B\u1ea3ng \u0111i\u1ec1u khi\u1ec3n \u0111\u01b0\u1ee3c n\u00e2ng c\u1ea5p l\u00ean t\u1edbi 70 ch\u1ebf \u0111\u1ed9, ch\u1ee9c n\u0103ng c\u00e0i \u0111\u1eb7t s\u1eb5n g\u1ea7n g\u0169i v\u1edbi \u1ea9m th\u1ef1c Vi\u1ec7t. OLIVO SF16 PRO ch\u1eafc ch\u1eafn l\u00e0 tr\u1ee3 th\u1ee7 \u0111\u1eafc l\u1ef1c cho ng\u01b0\u1eddi l\u00e0m n\u1ed9i tr\u1ee3 trong c\u00f4ng vi\u1ec7c b\u1ebfp n\u00fac.<\/p>\n<\/li>\n<\/ul>\n<h3 dir=\"ltr\" role=\"presentation\"><strong>1. \u0110A N\u0102NG 4IN1: H\u1ea4P \u2013 CHI\u00caN KH\u00d4NG D\u1ea6U \u2013 CHI\u00caN H\u1ea4P K\u1ebeT H\u1ee2P \u2013 H\u1ea6M<\/strong><\/h3>\n<ul>\n<li dir=\"ltr\" aria-level=\"1\">\n<p dir=\"ltr\" role=\"presentation\">Chi\u00ean kh\u00f4ng d\u1ea7u chi\u00ean \u0111\u1ed3 \u0103n v\u00e0ng gi\u00f2n m\u00e0 kh\u00f4ng c\u1ea7n d\u00f9ng \u0111\u1ebfn d\u1ea7u m\u1ee1, gi\u1ea3m \u0111\u1ebfn 95% l\u01b0\u1ee3ng d\u1ea7u m\u1ee1 d\u01b0 th\u1eeba trong b\u1eefa \u0103n h\u00e0ng ng\u00e0y. Trong khi \u0111\u00f3, h\u1ea5p \u0111\u1ed3 \u0103n b\u1eb1ng h\u01a1i n\u01b0\u1edbc si\u00eau nhi\u1ec7t gi\u00fap gi\u1ea3m th\u1eddi gian h\u1ea5p, \u0111\u1ed3ng th\u1eddi b\u1ea3o to\u00e0n t\u1ed1i \u0111a dinh d\u01b0\u1ee1ng c\u00f3 trong th\u1ef1c ph\u1ea9m.<\/p>\n<\/li>\n<li dir=\"ltr\" aria-level=\"1\">\n<p dir=\"ltr\" role=\"presentation\">S\u1eed d\u1ee5ng n\u1ed3i chi\u00ean h\u01a1i n\u01b0\u1edbc gi\u00fap b\u1ea1n ch\u1ebf bi\u1ebfn \u0111a d\u1ea1ng m\u00f3n ngon, n\u1ea5u nh\u1eefng b\u1eefa \u0103n dinh d\u01b0\u1ee1ng, l\u00e0nh m\u1ea1nh, \u00edt d\u1ea7u m\u1ee1, ti\u1ebft ki\u1ec7m th\u1eddi gian t\u1ed1i \u0111a.<\/p>\n<\/li>\n<\/ul>\n<h3 dir=\"ltr\" role=\"presentation\"><strong>2. B\u1ea2N N\u00c2NG C\u1ea4P V\u1edaI 70 CH\u1ebe \u0110\u1ed8 CH\u1ee8C N\u0102NG C\u00c0I \u0110\u1eb6T S\u1eb4N\u00a0<\/strong><\/h3>\n<ul>\n<li dir=\"ltr\" aria-level=\"1\">\n<p dir=\"ltr\" role=\"presentation\">N\u1ed3i \u0111\u01b0\u1ee3c c\u00e0i s\u1eb5n 70 ch\u1ebf \u0111\u1ed9, ch\u1ee9c n\u0103ng d\u00e0nh cho nh\u1eefng th\u1ef1c ph\u1ea9m ph\u1ed5 bi\u1ebfn nh\u01b0 g\u00e0, b\u00f2, s\u01b0\u1eddn, t\u00f4m, c\u00e1, rau c\u1ee7, b\u00e1nh,\u2026.Nh\u1eefng ch\u1ebf \u0111\u1ed9 n\u00e0y \u0111\u00e3 c\u00e0i s\u1eb5n th\u1eddi gian, nhi\u1ec7t \u0111\u1ed9 ph\u00f9 h\u1ee3p v\u1edbi t\u1eebng th\u1ef1c ph\u1ea9m, ng\u01b0\u1eddi d\u00f9ng ch\u1ec9 c\u1ea7n ch\u1ecdn ch\u1ebf \u0111\u1ed9 cho n\u1ed3i ho\u1ea1t \u0111\u1ed9ng l\u00e0 m\u00f3n ngon \u0111\u00e3 s\u1eb5n s\u00e0ng.<\/p>\n<\/li>\n<li dir=\"ltr\" aria-level=\"1\">\n<p dir=\"ltr\" role=\"presentation\">Ngo\u00e0i 13 ch\u01b0\u01a1ng tr\u00ecnh setup tr\u00ean b\u1ea3ng \u0111i\u1ec1u khi\u1ec3n b\u00ean ngo\u00e0i, c\u00f2n c\u00f3 menu 56 m\u00f3n c\u00e0i \u0111\u1eb7t s\u1eb5n ph\u00f9 h\u1ee3p v\u1edbi \u1ea9m th\u1ef1c v\u00e0 phong t\u1ee5c ch\u1ebf bi\u1ebfn m\u00f3n \u0103n c\u1ee7a ng\u01b0\u1eddi Vi\u1ec7t.<\/p>\n<\/li>\n<\/ul>\n<h3 dir=\"ltr\" role=\"presentation\"><strong>3. C\u00d4NG NGH\u1ec6 NANO STEAM HI\u1ec6N \u0110\u1ea0I\u00a0<\/strong><\/h3>\n<ul>\n<li dir=\"ltr\" aria-level=\"1\">\n<p dir=\"ltr\" role=\"presentation\">S\u1ea3n ph\u1ea9m \u1ee9ng d\u1ee5ng c\u00f4ng ngh\u1ec7 Nano Steam l\u00e0m n\u00f3ng h\u01a1i n\u01b0\u1edbc trong m\u00f4i tr\u01b0\u1eddng k\u00edn k\u1ebft h\u1ee3p h\u1ec7 th\u1ed1ng phun h\u01a1i n\u01b0\u1edbc si\u00eau nhi\u1ec7t gi\u00fap b\u1ea3o to\u00e0n d\u01b0\u1ee1ng ch\u1ea5t trong th\u1ef1c ph\u1ea9m, t\u1ed1i \u01b0u th\u1eddi gian n\u1ea5u. Cho th\u00e0nh ph\u1ea9m m\u00f3n h\u1ea5p ng\u1ecdt th\u01a1m, \u0111\u1eadm v\u1ecb.<\/p>\n<\/li>\n<\/ul>\n<h3 dir=\"ltr\" role=\"presentation\"><strong>4. C\u00d4NG NGH\u1ec6 ECO FRY \u0110\u1ed8T PH\u00c1\u00a0<\/strong><\/h3>\n<ul>\n<li dir=\"ltr\" aria-level=\"1\">\n<p dir=\"ltr\" role=\"presentation\">Khi ch\u1ebf bi\u1ebfn c\u00e1c m\u00f3n chi\u00ean b\u1eb1ng n\u1ed3i chi\u00ean h\u1ea5p k\u1ebft h\u1ee3p b\u1ea1n s\u1ebd kh\u00f4ng c\u00f2n n\u1ed7i lo d\u1ea7u m\u1ee1 b\u1eafn tung t\u00f3e tr\u00ean m\u1eb7t b\u1ebfp, m\u00f9i d\u1ea7u m\u1ee1 hay ph\u1ea3i \u0111\u1ee9ng canh l\u1eadt tr\u1edf th\u1ef1c ph\u1ea9m.<\/p>\n<\/li>\n<li dir=\"ltr\" aria-level=\"1\">\n<p dir=\"ltr\" role=\"presentation\">C\u00f4ng ngh\u1ec7 Eco Fry s\u1ebd \u0111\u1ed1i l\u01b0u lu\u1ed3ng kh\u00f4ng kh\u00ed n\u00f3ng m\u1ea1nh m\u1ebd, tu\u1ea7n ho\u00e0n 360 \u0111\u1ed9 trong khoang n\u1ed3i k\u1ebft h\u1ee3p ph\u1ee5 ki\u1ec7n tr\u1ee5c quay, xi\u00ean quay, l\u1ed3ng \u0111\u1ea3o gi\u00fap m\u00f3n \u0103n \u0111\u1ea3m b\u1ea3o ch\u00edn \u0111\u1ec1u v\u00e0ng gi\u00f2n c\u00e1c m\u1eb7t m\u00e0 kh\u00f4ng c\u1ea7n l\u1eadt tr\u1edf, canh nhi\u1ec7t.<\/p>\n<\/li>\n<\/ul>\n<h3 dir=\"ltr\" role=\"presentation\"><strong>5. DUNG T\u00cdCH L\u1edaN \u0110\u1ebeN 16 L\u00cdT<\/strong><\/h3>\n<ul>\n<li dir=\"ltr\" aria-level=\"1\">\n<p dir=\"ltr\" role=\"presentation\">Khoang n\u1ed3i v\u1edbi dung t\u00edch l\u00ean \u0111\u1ebfn 16 l\u00edt, b\u1ea1n ho\u00e0n to\u00e0n c\u00f3 th\u1ec3 quay g\u00e0 nguy\u00ean con c\u1ee1 2-3kg.<\/p>\n<\/li>\n<li dir=\"ltr\" aria-level=\"1\">\n<p dir=\"ltr\" role=\"presentation\">\u00a0V\u1edbi dung t\u00edch n\u00e0y, ng\u01b0\u1eddi d\u00f9ng c\u0169ng c\u00f3 th\u1ec3 ch\u1ebf bi\u1ebfn c\u00f9ng l\u00fac l\u01b0\u1ee3ng l\u1edbn th\u1ef1c ph\u1ea9m m\u00e0 kh\u00f4ng c\u1ea7n chia nh\u1ecf, gi\u00fap ti\u1ebft ki\u1ec7m th\u1eddi gian, ph\u00f9 h\u1ee3p v\u1edbi c\u1ea3 nh\u1eefng gia \u0111\u00ecnh \u0111\u00f4ng ng\u01b0\u1eddi.<\/p>\n<\/li>\n<\/ul>\n<h3 dir=\"ltr\" role=\"presentation\"><strong>6. B\u1ed8 PH\u1ee4 KI\u1ec6N \u0110A D\u1ea0NG AN TO\u00c0N V\u1edaI NG\u01af\u1edcI D\u00d9NG<\/strong><\/h3>\n<ul>\n<li dir=\"ltr\" aria-level=\"1\">\n<p dir=\"ltr\" role=\"presentation\">Khay h\u1ea5p<\/p>\n<\/li>\n<li dir=\"ltr\" aria-level=\"1\">\n<p dir=\"ltr\" role=\"presentation\">Khay \u0111\u1eb7c<\/p>\n<\/li>\n<li dir=\"ltr\" aria-level=\"1\">\n<p dir=\"ltr\" role=\"presentation\">Gi\u00e1 chi\u00ean<\/p>\n<\/li>\n<li dir=\"ltr\" aria-level=\"1\">\n<p dir=\"ltr\" role=\"presentation\">Tr\u1ee5c xi\u00ean quay<\/p>\n<\/li>\n<li dir=\"ltr\" aria-level=\"1\">\n<p dir=\"ltr\" role=\"presentation\">L\u1ed3ng \u0111\u1ea3o<\/p>\n<\/li>\n<li dir=\"ltr\" aria-level=\"1\">\n<p dir=\"ltr\" role=\"presentation\">D\u1ee5ng c\u1ee5 l\u1ea5y khay<\/p>\n<\/li>\n<li dir=\"ltr\" aria-level=\"1\">\n<p dir=\"ltr\" role=\"presentation\">D\u1ee5ng c\u1ee5 l\u1ea5y l\u1ed3ng \u0111\u1ea3o<\/p>\n<\/li>\n<li dir=\"ltr\" aria-level=\"1\">\n<p dir=\"ltr\" role=\"presentation\">S\u00e1ch h\u01b0\u1edbng d\u1eabn s\u1eed d\u1ee5ng<\/p>\n<\/li>\n<li dir=\"ltr\" aria-level=\"1\">\n<p dir=\"ltr\" role=\"presentation\">H\u01b0\u1edbng d\u1eabn s\u1eed d\u1ee5ng nhanh<\/p>\n<\/li>\n<li dir=\"ltr\" aria-level=\"1\">\n<p dir=\"ltr\" role=\"presentation\">S\u00e1ch c\u00f4ng th\u1ee9c n\u1ea5u \u0103n \u0111\u1ed9c quy\u1ec1n c\u1ee7a OLIVO<\/p>\n<\/li>\n<li dir=\"ltr\" aria-level=\"1\">\n<p dir=\"ltr\" role=\"presentation\">T\u1ea5t c\u1ea3 c\u00e1c ph\u1ee5 ki\u1ec7n \u0111\u1ec1u \u0111\u01b0\u1ee3c l\u00e0m b\u1eb1ng INOX 304 cao c\u1ea5p an to\u00e0n tuy\u1ec7t \u0111\u1ed1i cho s\u1ee9c kh\u1ecfe ng\u01b0\u1eddi s\u1eed d\u1ee5ng.<\/p>\n<\/li>\n<\/ul>\n<h3 dir=\"ltr\" role=\"presentation\"><strong>7. V\u1ec6 SINH \u0110\u01a0N GI\u1ea2N NH\u1edc S\u1ee8C M\u1ea0NH C\u1ee6A H\u01a0I N\u01af\u1edaC SI\u00caU NHI\u1ec6T<\/strong><\/h3>\n<ul>\n<li dir=\"ltr\" aria-level=\"1\">\n<p dir=\"ltr\" role=\"presentation\">T\u1eadn d\u1ee5ng h\u01a1i n\u01b0\u1edbc si\u00eau nhi\u1ec7t l\u00e0m m\u1ec1m c\u00e1c v\u1ebft b\u00e1m b\u1ea9n, d\u1ea7u m\u1ee1 tr\u00ean th\u00e0nh n\u1ed3i s\u1ebd \u0111\u01b0\u1ee3c l\u00e0m m\u1ec1m, c\u00f3 th\u1ec3 lau s\u1ea1ch d\u1ec5 d\u00e0ng. \u0110\u00e2y c\u0169ng l\u00e0 \u01b0u \u0111i\u1ec3m c\u1ee7a n\u1ed3i chi\u00ean h\u01a1i n\u01b0\u1edbc so v\u1edbi nh\u1eefng d\u00f2ng n\u1ed3i chi\u00ean th\u00f4ng th\u01b0\u1eddng.<\/p>\n<\/li>\n<li dir=\"ltr\" aria-level=\"1\">\n<p dir=\"ltr\" role=\"presentation\">Ngo\u00e0i ra, sau khi ch\u1ecdn ch\u1ee9c n\u0103ng L\u00e0m S\u1ea1ch c\u00f3 th\u1ec3 ch\u1ecdn th\u00eam ch\u1ee9c n\u0103ng Kh\u1eed Khu\u1ea9n \u0111\u1ec3 l\u00e0m s\u1ea1ch s\u00e2u, lo\u1ea1i b\u1ecf vi khu\u1ea9n \u0111\u1ea3m b\u1ea3o khoang n\u1ed3i lu\u00f4n s\u1ea1ch bong, s\u00e1ng b\u00f3ng.<\/p>\n<\/li>\n<\/ul>\n<h3 dir=\"ltr\" role=\"presentation\"><strong>8. L\u00d2NG N\u1ed2I T\u1eea INOX 304 CAO C\u1ea4P, AN TO\u00c0N<\/strong><\/h3>\n<ul>\n<li dir=\"ltr\" aria-level=\"1\">\n<p dir=\"ltr\" role=\"presentation\">\u0110\u1eb7t s\u1ee9c kho\u1ebb c\u1ee7a kh\u00e1ch h\u00e0ng l\u00e0m ti\u00eau ch\u00ed h\u00e0ng \u0111\u1ea7u, khoang n\u1ed3i c\u1ee7a N\u1ed3i chi\u00ean h\u1ea5p OLIVO SF16 PRO \u0111\u01b0\u1ee3c l\u00e0m t\u1eeb INOX 304 cao c\u1ea5p, an to\u00e0n v\u1edbi s\u1ee9c kh\u1ecfe ng\u01b0\u1eddi d\u00f9ng. Ch\u1ea5t li\u1ec7u INOX c\u0169ng cho n\u1ed3i kh\u1ea3 n\u0103ng d\u1eabn nhi\u1ec7t v\u00e0 gi\u1eef nhi\u1ec7t t\u1ed1t v\u01b0\u1ee3t tr\u1ed9i.<\/p>\n<\/li>\n<\/ul>\n<h3 dir=\"ltr\" role=\"presentation\"><strong>9. D\u1ea2I NHI\u1ec6T R\u1ed8NG \u1ea4N T\u01af\u1ee2NG, CH\u1ebe BI\u1ebeN \u0110A D\u1ea0NG M\u00d3N NGON<\/strong><\/h3>\n<ul>\n<li dir=\"ltr\" aria-level=\"1\">\n<p dir=\"ltr\" role=\"presentation\">N\u1ed3i chi\u00ean h\u01a1i n\u01b0\u1edbc OLIVO SF16 PRO c\u00f3 d\u1ea3i nhi\u1ec7t t\u1eeb 30-230 \u0111\u1ed9 C, \u0111\u00e2y \u0111\u01b0\u1ee3c coi l\u00e0 d\u1ea3i nhi\u1ec7t r\u1ed9ng \u1ea5n t\u01b0\u1ee3ng \u1edf m\u1ed9t chi\u1ebfc n\u1ed3i chi\u00ean. V\u1edbi d\u1ea3i nhi\u1ec7t r\u1ed9ng v\u01b0\u1ee3t tr\u1ed9i, b\u1ea1n c\u00f3 th\u1ec3 d\u00f9ng n\u1ed3i \u0111\u1ec3 ch\u1ebf bi\u1ebfn nhi\u1ec1u m\u00f3n h\u01a1n nh\u01b0 \u1ee7 s\u1eefa chua, s\u1ea5y hoa qu\u1ea3 \u0111\u1ebfn quay g\u00e0, t\u00f4m, c\u00e1\u2026<\/p>\n<\/li>\n<\/ul>\n<h3 dir=\"ltr\" role=\"presentation\"><strong>10. M\u00c0N H\u00ccNH \u0110I\u1ec0U KHI\u1ec2N C\u1ea2M \u1ee8NG K\u1ebeT H\u1ee2P N\u00daM XOAY<\/strong><\/h3>\n<ul>\n<li dir=\"ltr\" aria-level=\"1\">\n<p dir=\"ltr\" role=\"presentation\">B\u1ea3ng \u0111i\u1ec1u khi\u1ec3n c\u1ee7a OLIVO SF16 PRO l\u00e0 s\u1ef1 k\u1ebft h\u1ee3p c\u1ee7a c\u1ea3m \u1ee9ng v\u00e0 n\u00fam xoay \u0111i k\u00e8m ch\u00fa th\u00edch ti\u1ebfng Vi\u1ec7t v\u00e0 bi\u1ec3u t\u01b0\u1ee3ng hi\u1ec3n th\u1ecb r\u00f5 r\u00e0ng, b\u1ea5t c\u1ee9 ai c\u0169ng c\u00f3 th\u1ec3 s\u1eed d\u1ee5ng n\u1ed3i th\u00e0nh th\u1ea1o t\u1eeb nh\u1eefng thao t\u00e1c \u0111\u1ea7u ti\u00ean.<\/p>\n<\/li>\n<\/ul>\n<h3 dir=\"ltr\" role=\"presentation\"><strong>11. HO\u1ea0T \u0110\u1ed8NG \u00caM \u00c1I, KH\u00d4NG G\u00c2Y TI\u1ebeNG \u1ed2N KH\u00d3 CH\u1ecaU<\/strong><\/h3>\n<ul>\n<li dir=\"ltr\" aria-level=\"1\">\n<p dir=\"ltr\" role=\"presentation\">N\u1ed3i c\u00f3 kh\u1ea3 n\u0103ng ho\u1ea1t \u0111\u1ed9ng kh\u00e1 \u00eam \u00e1i, v\u1edbi \u0111\u1ed9 \u1ed3n th\u1ea5p t\u01b0\u01a1ng \u0111\u01b0\u01a1ng \u0111\u1ed9 \u1ed3n m\u00f4i tr\u01b0\u1eddng, n\u1ed3i kh\u00f4ng g\u00e2y ra nh\u1eefng ti\u1ebfng \u1ed3n kh\u00f3 ch\u1ecbu v\u00e0 kh\u00f4ng \u1ea3nh h\u01b0\u1edfng \u0111\u1ebfn sinh ho\u1ea1t gia \u0111\u00ecnh.<\/p>\n<\/li>\n<\/ul>\n<h3 dir=\"ltr\" role=\"presentation\"><strong>12. THI\u1ebeT K\u1ebe TINH T\u1ebe, TH\u00d4NG MINH, AN TO\u00c0N<\/strong><\/h3>\n<ul>\n<li dir=\"ltr\" aria-level=\"1\">\n<p dir=\"ltr\" role=\"presentation\">Hi\u1ec7n nay, kh\u00f4ng gian b\u1ebfp \u0111\u01b0\u1ee3c c\u00e1c gia \u0111\u00ecnh Vi\u1ec7t \u0111\u01b0\u1ee3c thi\u1ebft k\u1ebf r\u1ea5t \u0111\u1eb9p. C\u00e1c thi\u1ebft b\u1ecb b\u1ebfp c\u0169ng \u0111\u01b0\u1ee3c gia ch\u1ee7 ch\u1ecdn l\u1ef1a k\u1ef9 c\u00e0ng h\u01a1n t\u1eeb m\u00e0u s\u1eafc, ki\u1ec3u d\u00e1ng thi\u1ebft k\u1ebf\u2026<\/p>\n<\/li>\n<li dir=\"ltr\" aria-level=\"1\">\n<p dir=\"ltr\" role=\"presentation\">S\u1eed d\u1ee5ng gam m\u00e0u TITAN l\u00e0m ch\u1ee7 \u0111\u1ea1o k\u1ebft h\u1ee3p thi\u1ebft k\u1ebf c\u1eeda k\u00ednh trong su\u1ea5t hi\u1ec7n \u0111\u1ea1i an to\u00e0n ch\u1eafc ch\u1eafn OLIVO SF16 PRO s\u1ebd l\u00e0 \u0111i\u1ec3m nh\u1ea5n ho\u00e0n h\u1ea3o cho c\u0103n b\u1ebfp nh\u00e0 b\u1ea1n.<\/p>\n<\/li>\n<\/ul>\n<h3 dir=\"ltr\" role=\"presentation\"><strong>13. TH\u00d9NG H\u1ed8P \u0110\u00d3NG G\u00d3I CH\u1eaeC CH\u1eaeN<\/strong><\/h3>\n<ul>\n<li dir=\"ltr\" aria-level=\"1\">\n<p dir=\"ltr\" role=\"presentation\">Ph\u1ea7n th\u00f9ng h\u1ed9p mang \u0111\u1eadm phong c\u00e1ch OLIVO lu\u00f4n ch\u1eafc ch\u1eafn v\u00e0 \u1ea5n t\u01b0\u1ee3ng \u0111\u1ea3m b\u1ea3o an to\u00e0n v\u00e0 kh\u00f4ng b\u1ecb m\u00f3p m\u00e9o trong qu\u00e1 tr\u00ecnh v\u1eadn chuy\u1ec3n. Ngo\u00e0i ra, ph\u1ea7n v\u1ecf h\u1ed9p b\u00ean trong \u0111\u01b0\u1ee3c thi\u1ebft k\u1ebf v\u1ebd tay ho\u00e0n<\/p>\n<\/li>\n<\/ul>\n<\/div>\n<\/div>\n<\/div>\n<\/div>\n<\/div>\n<div id=\"col-296661406\" class=\"col van-chuyen-doi-tra small-12 large-12\">\n<div class=\"col-inner\"><\/div>\n<\/div>\n","protected":false},"excerpt":{"rendered":"<h1 class=\"product-title product_title entry-title\">N\u1ed3i Chi\u00ean H\u1ea5p \u0110a N\u0103ng OLIVO SF16 PRO 2025 \u2013 B\u1ea3n N\u00e2ng C\u1ea5p 70 Ch\u1ebf \u0110\u1ed9 C\u00e0i S\u1eb5n, To\u00e0n B\u1ed9 Khoang N\u1ed3i V\u00e0 Ph\u1ee5 Ki\u1ec7n B\u1eb1ng Inox 304 Cao C\u1ea5p, Dung T\u00edch 16L, V\u1ec7 Sinh D\u1ec5 D\u00e0ng<\/h1>\n","protected":false},"featured_media":2161,"comment_status":"open","ping_status":"closed","template":"","meta":[],"product_brand":[],"product_cat":[61,63],"product_tag":[],"class_list":{"0":"post-2159","1":"product","2":"type-product","3":"status-publish","4":"has-post-thumbnail","6":"product_cat-hang-gia-dung","7":"product_cat-noi-chien-hoi-nuoc","9":"first","10":"instock","11":"shipping-taxable","12":"product-type-simple"},"_links":{"self":[{"href":"https:\/\/nhadepbepxinh.com.vn\/index.php?rest_route=\/wp\/v2\/product\/2159","targetHints":{"allow":["GET"]}}],"collection":[{"href":"https:\/\/nhadepbepxinh.com.vn\/index.php?rest_route=\/wp\/v2\/product"}],"about":[{"href":"https:\/\/nhadepbepxinh.com.vn\/index.php?rest_route=\/wp\/v2\/types\/product"}],"replies":[{"embeddable":true,"href":"https:\/\/nhadepbepxinh.com.vn\/index.php?rest_route=%2Fwp%2Fv2%2Fcomments&post=2159"}],"wp:featuredmedia":[{"embeddable":true,"href":"https:\/\/nhadepbepxinh.com.vn\/index.php?rest_route=\/wp\/v2\/media\/2161"}],"wp:attachment":[{"href":"https:\/\/nhadepbepxinh.com.vn\/index.php?rest_route=%2Fwp%2Fv2%2Fmedia&parent=2159"}],"wp:term":[{"taxonomy":"product_brand","embeddable":true,"href":"https:\/\/nhadepbepxinh.com.vn\/index.php?rest_route=%2Fwp%2Fv2%2Fproduct_brand&post=2159"},{"taxonomy":"product_cat","embeddable":true,"href":"https:\/\/nhadepbepxinh.com.vn\/index.php?rest_route=%2Fwp%2Fv2%2Fproduct_cat&post=2159"},{"taxonomy":"product_tag","embeddable":true,"href":"https:\/\/nhadepbepxinh.com.vn\/index.php?rest_route=%2Fwp%2Fv2%2Fproduct_tag&post=2159"}],"curies":[{"name":"wp","href":"https:\/\/api.w.org\/{rel}","templated":true}]}}