{"id":2059,"date":"2025-03-27T14:28:22","date_gmt":"2025-03-27T07:28:22","guid":{"rendered":"https:\/\/nhadepbepxinh.com.vn\/?post_type=product&#038;p=2059"},"modified":"2025-03-27T14:28:22","modified_gmt":"2025-03-27T07:28:22","slug":"bon-cau-trung-enic-e33","status":"publish","type":"product","link":"https:\/\/nhadepbepxinh.com.vn\/?product=bon-cau-trung-enic-e33","title":{"rendered":"B\u00d4\u0300N C\u00c2\u0300U TR\u01af\u0301NG ENIC E33"},"content":{"rendered":"<p><img loading=\"lazy\" decoding=\"async\" class=\"aligncenter size-full wp-image-30330\" src=\"https:\/\/enic.vn\/wp-content\/uploads\/2024\/04\/1-copy-4.jpg\" sizes=\"auto, (max-width: 800px) 100vw, 800px\" srcset=\"https:\/\/enic.vn\/wp-content\/uploads\/2024\/04\/1-copy-4.jpg 800w, https:\/\/enic.vn\/wp-content\/uploads\/2024\/04\/1-copy-4-200x300.jpg 200w, https:\/\/enic.vn\/wp-content\/uploads\/2024\/04\/1-copy-4-683x1024.jpg 683w, https:\/\/enic.vn\/wp-content\/uploads\/2024\/04\/1-copy-4-768x1152.jpg 768w, https:\/\/enic.vn\/wp-content\/uploads\/2024\/04\/1-copy-4-600x900.jpg 600w, https:\/\/enic.vn\/wp-content\/uploads\/2024\/04\/1-copy-4-64x96.jpg 64w\" alt=\"\" width=\"800\" height=\"1200\" \/><img loading=\"lazy\" decoding=\"async\" class=\"aligncenter size-full wp-image-30331\" src=\"https:\/\/enic.vn\/wp-content\/uploads\/2024\/04\/3-copy-4.jpg\" sizes=\"auto, (max-width: 800px) 100vw, 800px\" srcset=\"https:\/\/enic.vn\/wp-content\/uploads\/2024\/04\/3-copy-4.jpg 800w, https:\/\/enic.vn\/wp-content\/uploads\/2024\/04\/3-copy-4-200x300.jpg 200w, https:\/\/enic.vn\/wp-content\/uploads\/2024\/04\/3-copy-4-683x1024.jpg 683w, https:\/\/enic.vn\/wp-content\/uploads\/2024\/04\/3-copy-4-768x1152.jpg 768w, https:\/\/enic.vn\/wp-content\/uploads\/2024\/04\/3-copy-4-600x900.jpg 600w, https:\/\/enic.vn\/wp-content\/uploads\/2024\/04\/3-copy-4-64x96.jpg 64w\" alt=\"\" width=\"800\" height=\"1200\" \/><img loading=\"lazy\" decoding=\"async\" class=\"aligncenter size-full wp-image-30332\" src=\"https:\/\/enic.vn\/wp-content\/uploads\/2024\/04\/4-copy-4.jpg\" sizes=\"auto, (max-width: 800px) 100vw, 800px\" srcset=\"https:\/\/enic.vn\/wp-content\/uploads\/2024\/04\/4-copy-4.jpg 800w, https:\/\/enic.vn\/wp-content\/uploads\/2024\/04\/4-copy-4-218x300.jpg 218w, https:\/\/enic.vn\/wp-content\/uploads\/2024\/04\/4-copy-4-745x1024.jpg 745w, https:\/\/enic.vn\/wp-content\/uploads\/2024\/04\/4-copy-4-768x1056.jpg 768w, https:\/\/enic.vn\/wp-content\/uploads\/2024\/04\/4-copy-4-600x825.jpg 600w, https:\/\/enic.vn\/wp-content\/uploads\/2024\/04\/4-copy-4-64x88.jpg 64w\" alt=\"\" width=\"800\" height=\"1100\" \/><img loading=\"lazy\" decoding=\"async\" class=\"aligncenter size-full wp-image-30333\" src=\"https:\/\/enic.vn\/wp-content\/uploads\/2024\/04\/5-copy-4.jpg\" sizes=\"auto, (max-width: 800px) 100vw, 800px\" srcset=\"https:\/\/enic.vn\/wp-content\/uploads\/2024\/04\/5-copy-4.jpg 800w, https:\/\/enic.vn\/wp-content\/uploads\/2024\/04\/5-copy-4-200x300.jpg 200w, https:\/\/enic.vn\/wp-content\/uploads\/2024\/04\/5-copy-4-683x1024.jpg 683w, https:\/\/enic.vn\/wp-content\/uploads\/2024\/04\/5-copy-4-768x1152.jpg 768w, https:\/\/enic.vn\/wp-content\/uploads\/2024\/04\/5-copy-4-600x900.jpg 600w, https:\/\/enic.vn\/wp-content\/uploads\/2024\/04\/5-copy-4-64x96.jpg 64w\" alt=\"\" width=\"800\" height=\"1200\" \/><img loading=\"lazy\" decoding=\"async\" class=\"aligncenter size-full wp-image-30334\" src=\"https:\/\/enic.vn\/wp-content\/uploads\/2024\/04\/6-copy-4.jpg\" sizes=\"auto, (max-width: 800px) 100vw, 800px\" srcset=\"https:\/\/enic.vn\/wp-content\/uploads\/2024\/04\/6-copy-4.jpg 800w, https:\/\/enic.vn\/wp-content\/uploads\/2024\/04\/6-copy-4-218x300.jpg 218w, https:\/\/enic.vn\/wp-content\/uploads\/2024\/04\/6-copy-4-745x1024.jpg 745w, https:\/\/enic.vn\/wp-content\/uploads\/2024\/04\/6-copy-4-768x1056.jpg 768w, https:\/\/enic.vn\/wp-content\/uploads\/2024\/04\/6-copy-4-600x825.jpg 600w, https:\/\/enic.vn\/wp-content\/uploads\/2024\/04\/6-copy-4-64x88.jpg 64w\" alt=\"\" width=\"800\" height=\"1100\" \/><img loading=\"lazy\" decoding=\"async\" class=\"aligncenter size-full wp-image-30335\" src=\"https:\/\/enic.vn\/wp-content\/uploads\/2024\/04\/7-copy-4.jpg\" sizes=\"auto, (max-width: 800px) 100vw, 800px\" srcset=\"https:\/\/enic.vn\/wp-content\/uploads\/2024\/04\/7-copy-4.jpg 800w, https:\/\/enic.vn\/wp-content\/uploads\/2024\/04\/7-copy-4-240x300.jpg 240w, https:\/\/enic.vn\/wp-content\/uploads\/2024\/04\/7-copy-4-768x960.jpg 768w, https:\/\/enic.vn\/wp-content\/uploads\/2024\/04\/7-copy-4-600x750.jpg 600w, https:\/\/enic.vn\/wp-content\/uploads\/2024\/04\/7-copy-4-64x80.jpg 64w\" alt=\"\" width=\"800\" height=\"1000\" \/><img loading=\"lazy\" decoding=\"async\" class=\"aligncenter size-full wp-image-30336\" src=\"https:\/\/enic.vn\/wp-content\/uploads\/2024\/04\/8-copy-4.jpg\" sizes=\"auto, (max-width: 800px) 100vw, 800px\" srcset=\"https:\/\/enic.vn\/wp-content\/uploads\/2024\/04\/8-copy-4.jpg 800w, https:\/\/enic.vn\/wp-content\/uploads\/2024\/04\/8-copy-4-240x300.jpg 240w, https:\/\/enic.vn\/wp-content\/uploads\/2024\/04\/8-copy-4-768x960.jpg 768w, https:\/\/enic.vn\/wp-content\/uploads\/2024\/04\/8-copy-4-600x750.jpg 600w, https:\/\/enic.vn\/wp-content\/uploads\/2024\/04\/8-copy-4-64x80.jpg 64w\" alt=\"\" width=\"800\" height=\"1000\" \/><img loading=\"lazy\" decoding=\"async\" class=\"aligncenter size-full wp-image-30337\" src=\"https:\/\/enic.vn\/wp-content\/uploads\/2024\/04\/9-copy-4.jpg\" sizes=\"auto, (max-width: 800px) 100vw, 800px\" srcset=\"https:\/\/enic.vn\/wp-content\/uploads\/2024\/04\/9-copy-4.jpg 800w, https:\/\/enic.vn\/wp-content\/uploads\/2024\/04\/9-copy-4-240x300.jpg 240w, https:\/\/enic.vn\/wp-content\/uploads\/2024\/04\/9-copy-4-768x960.jpg 768w, https:\/\/enic.vn\/wp-content\/uploads\/2024\/04\/9-copy-4-600x750.jpg 600w, https:\/\/enic.vn\/wp-content\/uploads\/2024\/04\/9-copy-4-64x80.jpg 64w\" alt=\"\" width=\"800\" height=\"1000\" \/><img loading=\"lazy\" decoding=\"async\" class=\"aligncenter size-full wp-image-30338\" src=\"https:\/\/enic.vn\/wp-content\/uploads\/2024\/04\/10-copy-2.jpg\" sizes=\"auto, (max-width: 800px) 100vw, 800px\" srcset=\"https:\/\/enic.vn\/wp-content\/uploads\/2024\/04\/10-copy-2.jpg 800w, https:\/\/enic.vn\/wp-content\/uploads\/2024\/04\/10-copy-2-240x300.jpg 240w, https:\/\/enic.vn\/wp-content\/uploads\/2024\/04\/10-copy-2-768x960.jpg 768w, https:\/\/enic.vn\/wp-content\/uploads\/2024\/04\/10-copy-2-600x750.jpg 600w, https:\/\/enic.vn\/wp-content\/uploads\/2024\/04\/10-copy-2-64x80.jpg 64w\" alt=\"\" width=\"800\" height=\"1000\" \/><img loading=\"lazy\" decoding=\"async\" class=\"aligncenter size-full wp-image-30339\" src=\"https:\/\/enic.vn\/wp-content\/uploads\/2024\/04\/11-copy-4.jpg\" sizes=\"auto, (max-width: 800px) 100vw, 800px\" srcset=\"https:\/\/enic.vn\/wp-content\/uploads\/2024\/04\/11-copy-4.jpg 800w, https:\/\/enic.vn\/wp-content\/uploads\/2024\/04\/11-copy-4-240x300.jpg 240w, https:\/\/enic.vn\/wp-content\/uploads\/2024\/04\/11-copy-4-768x960.jpg 768w, https:\/\/enic.vn\/wp-content\/uploads\/2024\/04\/11-copy-4-600x750.jpg 600w, https:\/\/enic.vn\/wp-content\/uploads\/2024\/04\/11-copy-4-64x80.jpg 64w\" alt=\"\" width=\"800\" height=\"1000\" \/><img loading=\"lazy\" decoding=\"async\" class=\"aligncenter size-full wp-image-30340\" src=\"https:\/\/enic.vn\/wp-content\/uploads\/2024\/04\/12-copy-1.jpg\" sizes=\"auto, (max-width: 800px) 100vw, 800px\" srcset=\"https:\/\/enic.vn\/wp-content\/uploads\/2024\/04\/12-copy-1.jpg 800w, https:\/\/enic.vn\/wp-content\/uploads\/2024\/04\/12-copy-1-300x300.jpg 300w, https:\/\/enic.vn\/wp-content\/uploads\/2024\/04\/12-copy-1-150x150.jpg 150w, https:\/\/enic.vn\/wp-content\/uploads\/2024\/04\/12-copy-1-768x768.jpg 768w, https:\/\/enic.vn\/wp-content\/uploads\/2024\/04\/12-copy-1-600x600.jpg 600w, https:\/\/enic.vn\/wp-content\/uploads\/2024\/04\/12-copy-1-100x100.jpg 100w, https:\/\/enic.vn\/wp-content\/uploads\/2024\/04\/12-copy-1-64x64.jpg 64w\" alt=\"\" width=\"800\" height=\"800\" \/><img loading=\"lazy\" decoding=\"async\" class=\"aligncenter size-full wp-image-30341\" src=\"https:\/\/enic.vn\/wp-content\/uploads\/2024\/04\/13-copy-2.jpg\" sizes=\"auto, (max-width: 800px) 100vw, 800px\" srcset=\"https:\/\/enic.vn\/wp-content\/uploads\/2024\/04\/13-copy-2.jpg 800w, https:\/\/enic.vn\/wp-content\/uploads\/2024\/04\/13-copy-2-240x300.jpg 240w, https:\/\/enic.vn\/wp-content\/uploads\/2024\/04\/13-copy-2-768x960.jpg 768w, https:\/\/enic.vn\/wp-content\/uploads\/2024\/04\/13-copy-2-600x750.jpg 600w, https:\/\/enic.vn\/wp-content\/uploads\/2024\/04\/13-copy-2-64x80.jpg 64w\" alt=\"\" width=\"800\" height=\"1000\" \/><img loading=\"lazy\" decoding=\"async\" class=\"aligncenter size-full wp-image-30342\" src=\"https:\/\/enic.vn\/wp-content\/uploads\/2024\/04\/14-copy-1.jpg\" sizes=\"auto, (max-width: 800px) 100vw, 800px\" srcset=\"https:\/\/enic.vn\/wp-content\/uploads\/2024\/04\/14-copy-1.jpg 800w, https:\/\/enic.vn\/wp-content\/uploads\/2024\/04\/14-copy-1-300x300.jpg 300w, https:\/\/enic.vn\/wp-content\/uploads\/2024\/04\/14-copy-1-150x150.jpg 150w, https:\/\/enic.vn\/wp-content\/uploads\/2024\/04\/14-copy-1-768x768.jpg 768w, https:\/\/enic.vn\/wp-content\/uploads\/2024\/04\/14-copy-1-600x600.jpg 600w, https:\/\/enic.vn\/wp-content\/uploads\/2024\/04\/14-copy-1-100x100.jpg 100w, https:\/\/enic.vn\/wp-content\/uploads\/2024\/04\/14-copy-1-64x64.jpg 64w\" alt=\"\" width=\"800\" height=\"800\" \/><img loading=\"lazy\" decoding=\"async\" class=\"aligncenter size-full wp-image-30343\" src=\"https:\/\/enic.vn\/wp-content\/uploads\/2024\/04\/15-copy.jpg\" sizes=\"auto, (max-width: 800px) 100vw, 800px\" srcset=\"https:\/\/enic.vn\/wp-content\/uploads\/2024\/04\/15-copy.jpg 800w, https:\/\/enic.vn\/wp-content\/uploads\/2024\/04\/15-copy-300x300.jpg 300w, https:\/\/enic.vn\/wp-content\/uploads\/2024\/04\/15-copy-150x150.jpg 150w, https:\/\/enic.vn\/wp-content\/uploads\/2024\/04\/15-copy-768x768.jpg 768w, https:\/\/enic.vn\/wp-content\/uploads\/2024\/04\/15-copy-600x600.jpg 600w, https:\/\/enic.vn\/wp-content\/uploads\/2024\/04\/15-copy-100x100.jpg 100w, https:\/\/enic.vn\/wp-content\/uploads\/2024\/04\/15-copy-64x64.jpg 64w\" alt=\"\" width=\"800\" height=\"800\" \/><\/p>\n<h2 id=\"thongso\">Th\u00f4ng s\u1ed1<\/h2>\n<p><img loading=\"lazy\" decoding=\"async\" class=\"aligncenter size-full wp-image-36753 lazyloaded\" src=\"https:\/\/enic.vn\/wp-content\/uploads\/2024\/04\/17-copy.webp\" sizes=\"auto, (max-width: 800px) 100vw, 800px\" srcset=\"https:\/\/enic.vn\/wp-content\/uploads\/2024\/04\/17-copy.webp 800w, https:\/\/enic.vn\/wp-content\/uploads\/2024\/04\/17-copy-300x300.webp 300w, https:\/\/enic.vn\/wp-content\/uploads\/2024\/04\/17-copy-150x150.webp 150w, https:\/\/enic.vn\/wp-content\/uploads\/2024\/04\/17-copy-768x768.webp 768w, https:\/\/enic.vn\/wp-content\/uploads\/2024\/04\/17-copy-600x600.webp 600w, https:\/\/enic.vn\/wp-content\/uploads\/2024\/04\/17-copy-100x100.webp 100w, https:\/\/enic.vn\/wp-content\/uploads\/2024\/04\/17-copy-64x64.webp 64w\" alt=\"\" width=\"800\" height=\"800\" data-ll-status=\"loaded\" \/><img loading=\"lazy\" decoding=\"async\" class=\"aligncenter size-full wp-image-30344\" src=\"https:\/\/enic.vn\/wp-content\/uploads\/2024\/04\/16-copy-1.jpg\" sizes=\"auto, (max-width: 800px) 100vw, 800px\" srcset=\"https:\/\/enic.vn\/wp-content\/uploads\/2024\/04\/16-copy-1.jpg 800w, https:\/\/enic.vn\/wp-content\/uploads\/2024\/04\/16-copy-1-300x300.jpg 300w, https:\/\/enic.vn\/wp-content\/uploads\/2024\/04\/16-copy-1-150x150.jpg 150w, https:\/\/enic.vn\/wp-content\/uploads\/2024\/04\/16-copy-1-768x768.jpg 768w, https:\/\/enic.vn\/wp-content\/uploads\/2024\/04\/16-copy-1-600x600.jpg 600w, https:\/\/enic.vn\/wp-content\/uploads\/2024\/04\/16-copy-1-100x100.jpg 100w, https:\/\/enic.vn\/wp-content\/uploads\/2024\/04\/16-copy-1-64x64.jpg 64w\" alt=\"\" width=\"800\" height=\"800\" \/><img loading=\"lazy\" decoding=\"async\" class=\"aligncenter size-full wp-image-30345\" src=\"https:\/\/enic.vn\/wp-content\/uploads\/2024\/04\/anh-bao-hanh-copy-4.jpg\" sizes=\"auto, (max-width: 800px) 100vw, 800px\" srcset=\"https:\/\/enic.vn\/wp-content\/uploads\/2024\/04\/anh-bao-hanh-copy-4.jpg 800w, https:\/\/enic.vn\/wp-content\/uploads\/2024\/04\/anh-bao-hanh-copy-4-300x300.jpg 300w, https:\/\/enic.vn\/wp-content\/uploads\/2024\/04\/anh-bao-hanh-copy-4-150x150.jpg 150w, https:\/\/enic.vn\/wp-content\/uploads\/2024\/04\/anh-bao-hanh-copy-4-768x768.jpg 768w, https:\/\/enic.vn\/wp-content\/uploads\/2024\/04\/anh-bao-hanh-copy-4-600x600.jpg 600w, https:\/\/enic.vn\/wp-content\/uploads\/2024\/04\/anh-bao-hanh-copy-4-100x100.jpg 100w, https:\/\/enic.vn\/wp-content\/uploads\/2024\/04\/anh-bao-hanh-copy-4-64x64.jpg 64w\" alt=\"\" width=\"800\" height=\"800\" \/><\/p>\n<div>\n<h2><strong>B\u1ed3n c\u1ea7u tr\u1ee9ng Enic E33<\/strong><\/h2>\n<p><strong>B\u1ed3n c\u1ea7u tr\u1ee9ng Enic E33<\/strong>\u00a0l\u00e0 s\u1ef1 l\u1ef1a ch\u1ecdn ho\u00e0n h\u1ea3o cho kh\u00f4ng gian ph\u00f2ng t\u1eafm hi\u1ec7n \u0111\u1ea1i, n\u1ed5i b\u1eadt v\u1edbi thi\u1ebft k\u1ebf nh\u1ecf g\u1ecdn, sang tr\u1ecdng v\u00e0 \u0111\u01b0\u1eddng n\u00e9t tinh t\u1ebf. S\u1ea3n ph\u1ea9m kh\u00f4ng ch\u1ec9 \u0111\u1ea3m b\u1ea3o t\u00ednh th\u1ea9m m\u1ef9 m\u00e0 c\u00f2n mang l\u1ea1i tr\u1ea3i nghi\u1ec7m s\u1eed d\u1ee5ng tho\u1ea3i m\u00e1i v\u00e0 ti\u1ec7n nghi.<\/p>\n<p>V\u1edbi dung t\u00edch\u00a0<b>6L<\/b>, b\u1ed3n c\u1ea7u \u0111\u01b0\u1ee3c thi\u1ebft k\u1ebf ti\u1ebft ki\u1ec7m n\u01b0\u1edbc v\u1edbi hai ch\u1ebf \u0111\u1ed9 x\u1ea3:\u00a0<b>x\u1ea3 \u0111\u1ea1i 5.5L<\/b>\u00a0v\u00e0\u00a0<b>x\u1ea3 ti\u1ec3u 3L<\/b>, \u0111\u00e1p \u1ee9ng m\u1ecdi nhu c\u1ea7u s\u1eed d\u1ee5ng m\u1ed9t c\u00e1ch hi\u1ec7u qu\u1ea3. Ph\u01b0\u01a1ng ph\u00e1p x\u1ea3 xo\u00e1y m\u1ea1nh m\u1ebd gi\u00fap lo\u1ea1i b\u1ecf ho\u00e0n to\u00e0n ch\u1ea5t b\u1ea9n, gi\u1eef\u00a0<b>b\u1ed3n c\u1ea7u<\/b>\u00a0lu\u00f4n s\u1ea1ch s\u1ebd v\u00e0 v\u1ec7 sinh.<\/p>\n<p>Ch\u1ea5t li\u1ec7u cao c\u1ea5p \u0111\u01b0\u1ee3c s\u1eed d\u1ee5ng \u0111\u1ec3 t\u1ea1o n\u00ean Enic E33:<\/p>\n<ul>\n<li aria-level=\"1\">Th\u00e2n b\u1ed3n c\u1ea7u b\u1eb1ng g\u1ed1m s\u1ee9 ph\u1ee7 men Nano b\u1ea1c kh\u00e1ng khu\u1ea9n, kh\u00f4ng ch\u1ec9 b\u1ec1n \u0111\u1eb9p m\u00e0 c\u00f2n h\u1ea1n ch\u1ebf t\u1ed1i \u0111a vi khu\u1ea9n b\u00e1m tr\u00ean b\u1ec1 m\u1eb7t.<\/li>\n<li aria-level=\"1\">N\u00fat x\u1ea3 l\u00e0m t\u1eeb nh\u1ef1a PVC ch\u1eafc ch\u1eafn v\u00e0 b\u1ec1n b\u1ec9.<\/li>\n<li aria-level=\"1\">N\u1eafp v\u00e0 b\u1ec7 ng\u1ed3i b\u1eb1ng nh\u1ef1a UF, mang \u0111\u1ebfn c\u1ea3m gi\u00e1c \u00eam \u00e1i, d\u1ec5 v\u1ec7 sinh v\u00e0 ch\u1ed1ng tr\u1ea7y x\u01b0\u1edbc.<\/li>\n<\/ul>\n<p>B\u1ed3n c\u1ea7u tr\u1ee9ng Enic E33 l\u00e0 s\u1ef1 k\u1ebft h\u1ee3p ho\u00e0n h\u1ea3o gi\u1eefa c\u00f4ng n\u0103ng v\u00e0 phong c\u00e1ch, ph\u00f9 h\u1ee3p v\u1edbi m\u1ecdi kh\u00f4ng gian ph\u00f2ng t\u1eafm t\u1eeb c\u1ed5 \u0111i\u1ec3n \u0111\u1ebfn hi\u1ec7n \u0111\u1ea1i.<\/p>\n<\/div>\n","protected":false},"excerpt":{"rendered":"<table class=\"info-table\">\n<tbody>\n<tr>\n<th>K\u00edch th\u01b0\u1edbc (d\u00e0i*r\u1ed9ng*cao)<\/th>\n<td>700*420*640mm<\/td>\n<\/tr>\n<tr>\n<th>Ti\u1ec7n \u00edch kh\u00e1c<\/th>\n<td>B\u1ed3n c\u1ea7u tr\u1ee9ng bo tr\u00f2n m\u1ec1m m\u1ea1i, thi\u1ebft k\u1ebf tay v\u1ecbn khoa h\u1ecdc, n\u1eafp \u0111\u00f3ng gi\u1ea3m ch\u1ea5n<\/td>\n<\/tr>\n<tr>\n<th>Dung t\u00edch<\/th>\n<td>6L (x\u1ea3 \u0111\u1ea1i: 5.5L \u2013 x\u1ea3 ti\u1ec3u: 3L)<\/td>\n<\/tr>\n<tr>\n<th>Ph\u01b0\u01a1ng ph\u00e1p x\u1ea3<\/th>\n<td>X\u1ea3 xo\u00e1y<\/td>\n<\/tr>\n<tr>\n<th>Ch\u1ea5t li\u1ec7u th\u00e2n<\/th>\n<td>G\u1ed1m S\u1ee9, ph\u1ee7 men Nano B\u1ea1c kh\u00e1ng khu\u1ea9n<\/td>\n<\/tr>\n<tr>\n<th>Ch\u1ea5t li\u1ec7u n\u00fat x\u1ea3<\/th>\n<td>Nh\u1ef1a PVC<\/td>\n<\/tr>\n<tr>\n<th>Ch\u1ea5t li\u1ec7u n\u1eafp + b\u1ec7 ng\u1ed3i<\/th>\n<td>Nh\u1ef1a UF<\/td>\n<\/tr>\n<tr>\n<th>T\u00e2m h\u1ed1<\/th>\n<td>90-114mm<\/td>\n<\/tr>\n<tr>\n<th>Kho\u1ea3ng c\u00e1ch t\u00e2m h\u1ed1<\/th>\n<td>300mm<\/td>\n<\/tr>\n<tr>\n<th>T\u1ea3i tr\u1ecdng<\/th>\n<td>300kg<\/td>\n<\/tr>\n<\/tbody>\n<\/table>\n","protected":false},"featured_media":2060,"comment_status":"open","ping_status":"closed","template":"","meta":[],"product_brand":[],"product_cat":[18,26],"product_tag":[],"class_list":{"0":"post-2059","1":"product","2":"type-product","3":"status-publish","4":"has-post-thumbnail","6":"product_cat-thiet-bi-ve-sinh","7":"product_cat-bon-cau","9":"first","10":"instock","11":"shipping-taxable","12":"product-type-simple"},"_links":{"self":[{"href":"https:\/\/nhadepbepxinh.com.vn\/index.php?rest_route=\/wp\/v2\/product\/2059","targetHints":{"allow":["GET"]}}],"collection":[{"href":"https:\/\/nhadepbepxinh.com.vn\/index.php?rest_route=\/wp\/v2\/product"}],"about":[{"href":"https:\/\/nhadepbepxinh.com.vn\/index.php?rest_route=\/wp\/v2\/types\/product"}],"replies":[{"embeddable":true,"href":"https:\/\/nhadepbepxinh.com.vn\/index.php?rest_route=%2Fwp%2Fv2%2Fcomments&post=2059"}],"wp:featuredmedia":[{"embeddable":true,"href":"https:\/\/nhadepbepxinh.com.vn\/index.php?rest_route=\/wp\/v2\/media\/2060"}],"wp:attachment":[{"href":"https:\/\/nhadepbepxinh.com.vn\/index.php?rest_route=%2Fwp%2Fv2%2Fmedia&parent=2059"}],"wp:term":[{"taxonomy":"product_brand","embeddable":true,"href":"https:\/\/nhadepbepxinh.com.vn\/index.php?rest_route=%2Fwp%2Fv2%2Fproduct_brand&post=2059"},{"taxonomy":"product_cat","embeddable":true,"href":"https:\/\/nhadepbepxinh.com.vn\/index.php?rest_route=%2Fwp%2Fv2%2Fproduct_cat&post=2059"},{"taxonomy":"product_tag","embeddable":true,"href":"https:\/\/nhadepbepxinh.com.vn\/index.php?rest_route=%2Fwp%2Fv2%2Fproduct_tag&post=2059"}],"curies":[{"name":"wp","href":"https:\/\/api.w.org\/{rel}","templated":true}]}}