{"id":2041,"date":"2025-03-27T14:19:05","date_gmt":"2025-03-27T07:19:05","guid":{"rendered":"https:\/\/nhadepbepxinh.com.vn\/?post_type=product&#038;p=2041"},"modified":"2025-03-27T14:19:05","modified_gmt":"2025-03-27T07:19:05","slug":"bon-cau-1-khoi-enic-n05","status":"publish","type":"product","link":"https:\/\/nhadepbepxinh.com.vn\/?product=bon-cau-1-khoi-enic-n05","title":{"rendered":"B\u00d4\u0300N C\u00c2\u0300U 1 KH\u00d4\u0301I ENIC N05"},"content":{"rendered":"<div id=\"navbar-product-details\"><\/div>\n<div class=\"container\">\n<div class=\"col large-12\">\n<div class=\"woocommerce-tabs wc-tabs-wrapper container tabbed-content\">\n<div class=\"tab-panels\">\n<div id=\"tab-description\" class=\"woocommerce-Tabs-panel woocommerce-Tabs-panel--description panel entry-content active\" role=\"tabpanel\" aria-labelledby=\"tab-title-description\">\n<p><img loading=\"lazy\" decoding=\"async\" class=\"aligncenter size-full wp-image-29885\" src=\"https:\/\/enic.vn\/wp-content\/uploads\/2024\/04\/1-copy-3.jpg\" sizes=\"auto, (max-width: 800px) 100vw, 800px\" srcset=\"https:\/\/enic.vn\/wp-content\/uploads\/2024\/04\/1-copy-3.jpg 800w, https:\/\/enic.vn\/wp-content\/uploads\/2024\/04\/1-copy-3-200x300.jpg 200w, https:\/\/enic.vn\/wp-content\/uploads\/2024\/04\/1-copy-3-683x1024.jpg 683w, https:\/\/enic.vn\/wp-content\/uploads\/2024\/04\/1-copy-3-768x1152.jpg 768w, https:\/\/enic.vn\/wp-content\/uploads\/2024\/04\/1-copy-3-600x900.jpg 600w, https:\/\/enic.vn\/wp-content\/uploads\/2024\/04\/1-copy-3-64x96.jpg 64w\" alt=\"\" width=\"800\" height=\"1200\" \/><img loading=\"lazy\" decoding=\"async\" class=\"aligncenter size-full wp-image-29886\" src=\"https:\/\/enic.vn\/wp-content\/uploads\/2024\/04\/2-copy-3.jpg\" sizes=\"auto, (max-width: 800px) 100vw, 800px\" srcset=\"https:\/\/enic.vn\/wp-content\/uploads\/2024\/04\/2-copy-3.jpg 800w, https:\/\/enic.vn\/wp-content\/uploads\/2024\/04\/2-copy-3-240x300.jpg 240w, https:\/\/enic.vn\/wp-content\/uploads\/2024\/04\/2-copy-3-768x960.jpg 768w, https:\/\/enic.vn\/wp-content\/uploads\/2024\/04\/2-copy-3-600x750.jpg 600w, https:\/\/enic.vn\/wp-content\/uploads\/2024\/04\/2-copy-3-64x80.jpg 64w\" alt=\"\" width=\"800\" height=\"1000\" \/><img loading=\"lazy\" decoding=\"async\" class=\"aligncenter size-full wp-image-29887\" src=\"https:\/\/enic.vn\/wp-content\/uploads\/2024\/04\/3-copy-3.jpg\" sizes=\"auto, (max-width: 800px) 100vw, 800px\" srcset=\"https:\/\/enic.vn\/wp-content\/uploads\/2024\/04\/3-copy-3.jpg 800w, https:\/\/enic.vn\/wp-content\/uploads\/2024\/04\/3-copy-3-218x300.jpg 218w, https:\/\/enic.vn\/wp-content\/uploads\/2024\/04\/3-copy-3-745x1024.jpg 745w, https:\/\/enic.vn\/wp-content\/uploads\/2024\/04\/3-copy-3-768x1056.jpg 768w, https:\/\/enic.vn\/wp-content\/uploads\/2024\/04\/3-copy-3-600x825.jpg 600w, https:\/\/enic.vn\/wp-content\/uploads\/2024\/04\/3-copy-3-64x88.jpg 64w\" alt=\"\" width=\"800\" height=\"1100\" \/><img loading=\"lazy\" decoding=\"async\" class=\"aligncenter size-full wp-image-29888\" src=\"https:\/\/enic.vn\/wp-content\/uploads\/2024\/04\/4-copy-3.jpg\" sizes=\"auto, (max-width: 800px) 100vw, 800px\" srcset=\"https:\/\/enic.vn\/wp-content\/uploads\/2024\/04\/4-copy-3.jpg 800w, https:\/\/enic.vn\/wp-content\/uploads\/2024\/04\/4-copy-3-240x300.jpg 240w, https:\/\/enic.vn\/wp-content\/uploads\/2024\/04\/4-copy-3-768x960.jpg 768w, https:\/\/enic.vn\/wp-content\/uploads\/2024\/04\/4-copy-3-600x750.jpg 600w, https:\/\/enic.vn\/wp-content\/uploads\/2024\/04\/4-copy-3-64x80.jpg 64w\" alt=\"\" width=\"800\" height=\"1000\" \/><img loading=\"lazy\" decoding=\"async\" class=\"aligncenter size-full wp-image-29889\" src=\"https:\/\/enic.vn\/wp-content\/uploads\/2024\/04\/5-copy-3.jpg\" sizes=\"auto, (max-width: 800px) 100vw, 800px\" srcset=\"https:\/\/enic.vn\/wp-content\/uploads\/2024\/04\/5-copy-3.jpg 800w, https:\/\/enic.vn\/wp-content\/uploads\/2024\/04\/5-copy-3-300x300.jpg 300w, https:\/\/enic.vn\/wp-content\/uploads\/2024\/04\/5-copy-3-150x150.jpg 150w, https:\/\/enic.vn\/wp-content\/uploads\/2024\/04\/5-copy-3-768x768.jpg 768w, https:\/\/enic.vn\/wp-content\/uploads\/2024\/04\/5-copy-3-600x600.jpg 600w, https:\/\/enic.vn\/wp-content\/uploads\/2024\/04\/5-copy-3-100x100.jpg 100w, https:\/\/enic.vn\/wp-content\/uploads\/2024\/04\/5-copy-3-64x64.jpg 64w\" alt=\"\" width=\"800\" height=\"800\" \/><img loading=\"lazy\" decoding=\"async\" class=\"aligncenter size-full wp-image-29890\" src=\"https:\/\/enic.vn\/wp-content\/uploads\/2024\/04\/6-copy-3.jpg\" sizes=\"auto, (max-width: 800px) 100vw, 800px\" srcset=\"https:\/\/enic.vn\/wp-content\/uploads\/2024\/04\/6-copy-3.jpg 800w, https:\/\/enic.vn\/wp-content\/uploads\/2024\/04\/6-copy-3-240x300.jpg 240w, https:\/\/enic.vn\/wp-content\/uploads\/2024\/04\/6-copy-3-768x960.jpg 768w, https:\/\/enic.vn\/wp-content\/uploads\/2024\/04\/6-copy-3-600x750.jpg 600w, https:\/\/enic.vn\/wp-content\/uploads\/2024\/04\/6-copy-3-64x80.jpg 64w\" alt=\"\" width=\"800\" height=\"1000\" \/><img loading=\"lazy\" decoding=\"async\" class=\"aligncenter size-full wp-image-29891\" src=\"https:\/\/enic.vn\/wp-content\/uploads\/2024\/04\/7-copy-3.jpg\" sizes=\"auto, (max-width: 800px) 100vw, 800px\" srcset=\"https:\/\/enic.vn\/wp-content\/uploads\/2024\/04\/7-copy-3.jpg 800w, https:\/\/enic.vn\/wp-content\/uploads\/2024\/04\/7-copy-3-218x300.jpg 218w, https:\/\/enic.vn\/wp-content\/uploads\/2024\/04\/7-copy-3-745x1024.jpg 745w, https:\/\/enic.vn\/wp-content\/uploads\/2024\/04\/7-copy-3-768x1056.jpg 768w, https:\/\/enic.vn\/wp-content\/uploads\/2024\/04\/7-copy-3-600x825.jpg 600w, https:\/\/enic.vn\/wp-content\/uploads\/2024\/04\/7-copy-3-64x88.jpg 64w\" alt=\"\" width=\"800\" height=\"1100\" \/><img loading=\"lazy\" decoding=\"async\" class=\"aligncenter size-full wp-image-29892\" src=\"https:\/\/enic.vn\/wp-content\/uploads\/2024\/04\/8-copy-3.jpg\" sizes=\"auto, (max-width: 800px) 100vw, 800px\" srcset=\"https:\/\/enic.vn\/wp-content\/uploads\/2024\/04\/8-copy-3.jpg 800w, https:\/\/enic.vn\/wp-content\/uploads\/2024\/04\/8-copy-3-240x300.jpg 240w, https:\/\/enic.vn\/wp-content\/uploads\/2024\/04\/8-copy-3-768x960.jpg 768w, https:\/\/enic.vn\/wp-content\/uploads\/2024\/04\/8-copy-3-600x750.jpg 600w, https:\/\/enic.vn\/wp-content\/uploads\/2024\/04\/8-copy-3-64x80.jpg 64w\" alt=\"\" width=\"800\" height=\"1000\" \/><img loading=\"lazy\" decoding=\"async\" class=\"aligncenter size-full wp-image-29893\" src=\"https:\/\/enic.vn\/wp-content\/uploads\/2024\/04\/9-copy-3.jpg\" sizes=\"auto, (max-width: 800px) 100vw, 800px\" srcset=\"https:\/\/enic.vn\/wp-content\/uploads\/2024\/04\/9-copy-3.jpg 800w, https:\/\/enic.vn\/wp-content\/uploads\/2024\/04\/9-copy-3-267x300.jpg 267w, https:\/\/enic.vn\/wp-content\/uploads\/2024\/04\/9-copy-3-768x864.jpg 768w, https:\/\/enic.vn\/wp-content\/uploads\/2024\/04\/9-copy-3-600x675.jpg 600w, https:\/\/enic.vn\/wp-content\/uploads\/2024\/04\/9-copy-3-64x72.jpg 64w\" alt=\"\" width=\"800\" height=\"900\" \/><img loading=\"lazy\" decoding=\"async\" class=\"aligncenter size-full wp-image-29894\" src=\"https:\/\/enic.vn\/wp-content\/uploads\/2024\/04\/10-copy-1.jpg\" sizes=\"auto, (max-width: 800px) 100vw, 800px\" srcset=\"https:\/\/enic.vn\/wp-content\/uploads\/2024\/04\/10-copy-1.jpg 800w, https:\/\/enic.vn\/wp-content\/uploads\/2024\/04\/10-copy-1-240x300.jpg 240w, https:\/\/enic.vn\/wp-content\/uploads\/2024\/04\/10-copy-1-768x960.jpg 768w, https:\/\/enic.vn\/wp-content\/uploads\/2024\/04\/10-copy-1-600x750.jpg 600w, https:\/\/enic.vn\/wp-content\/uploads\/2024\/04\/10-copy-1-64x80.jpg 64w\" alt=\"\" width=\"800\" height=\"1000\" \/><img loading=\"lazy\" decoding=\"async\" class=\"aligncenter size-full wp-image-29895\" src=\"https:\/\/enic.vn\/wp-content\/uploads\/2024\/04\/11-copy-3.jpg\" sizes=\"auto, (max-width: 800px) 100vw, 800px\" srcset=\"https:\/\/enic.vn\/wp-content\/uploads\/2024\/04\/11-copy-3.jpg 800w, https:\/\/enic.vn\/wp-content\/uploads\/2024\/04\/11-copy-3-267x300.jpg 267w, https:\/\/enic.vn\/wp-content\/uploads\/2024\/04\/11-copy-3-768x864.jpg 768w, https:\/\/enic.vn\/wp-content\/uploads\/2024\/04\/11-copy-3-600x675.jpg 600w, https:\/\/enic.vn\/wp-content\/uploads\/2024\/04\/11-copy-3-64x72.jpg 64w\" alt=\"\" width=\"800\" height=\"900\" \/><img loading=\"lazy\" decoding=\"async\" class=\"aligncenter size-full wp-image-29896\" src=\"https:\/\/enic.vn\/wp-content\/uploads\/2024\/04\/12-copy.jpg\" sizes=\"auto, (max-width: 800px) 100vw, 800px\" srcset=\"https:\/\/enic.vn\/wp-content\/uploads\/2024\/04\/12-copy.jpg 800w, https:\/\/enic.vn\/wp-content\/uploads\/2024\/04\/12-copy-267x300.jpg 267w, https:\/\/enic.vn\/wp-content\/uploads\/2024\/04\/12-copy-768x864.jpg 768w, https:\/\/enic.vn\/wp-content\/uploads\/2024\/04\/12-copy-600x675.jpg 600w, https:\/\/enic.vn\/wp-content\/uploads\/2024\/04\/12-copy-64x72.jpg 64w\" alt=\"\" width=\"800\" height=\"900\" \/><img loading=\"lazy\" decoding=\"async\" class=\"aligncenter size-full wp-image-29897\" src=\"https:\/\/enic.vn\/wp-content\/uploads\/2024\/04\/13-copy-1.jpg\" sizes=\"auto, (max-width: 800px) 100vw, 800px\" srcset=\"https:\/\/enic.vn\/wp-content\/uploads\/2024\/04\/13-copy-1.jpg 800w, https:\/\/enic.vn\/wp-content\/uploads\/2024\/04\/13-copy-1-240x300.jpg 240w, https:\/\/enic.vn\/wp-content\/uploads\/2024\/04\/13-copy-1-768x960.jpg 768w, https:\/\/enic.vn\/wp-content\/uploads\/2024\/04\/13-copy-1-600x750.jpg 600w, https:\/\/enic.vn\/wp-content\/uploads\/2024\/04\/13-copy-1-64x80.jpg 64w\" alt=\"\" width=\"800\" height=\"1000\" \/><img loading=\"lazy\" decoding=\"async\" class=\"aligncenter size-full wp-image-29898\" src=\"https:\/\/enic.vn\/wp-content\/uploads\/2024\/04\/14-copy.jpg\" sizes=\"auto, (max-width: 800px) 100vw, 800px\" srcset=\"https:\/\/enic.vn\/wp-content\/uploads\/2024\/04\/14-copy.jpg 800w, https:\/\/enic.vn\/wp-content\/uploads\/2024\/04\/14-copy-300x300.jpg 300w, https:\/\/enic.vn\/wp-content\/uploads\/2024\/04\/14-copy-150x150.jpg 150w, https:\/\/enic.vn\/wp-content\/uploads\/2024\/04\/14-copy-768x768.jpg 768w, https:\/\/enic.vn\/wp-content\/uploads\/2024\/04\/14-copy-600x600.jpg 600w, https:\/\/enic.vn\/wp-content\/uploads\/2024\/04\/14-copy-100x100.jpg 100w, https:\/\/enic.vn\/wp-content\/uploads\/2024\/04\/14-copy-64x64.jpg 64w\" alt=\"\" width=\"800\" height=\"800\" \/><img loading=\"lazy\" decoding=\"async\" class=\"aligncenter size-full wp-image-29899\" src=\"https:\/\/enic.vn\/wp-content\/uploads\/2024\/04\/15A.jpg\" sizes=\"auto, (max-width: 800px) 100vw, 800px\" srcset=\"https:\/\/enic.vn\/wp-content\/uploads\/2024\/04\/15A.jpg 800w, https:\/\/enic.vn\/wp-content\/uploads\/2024\/04\/15A-300x300.jpg 300w, https:\/\/enic.vn\/wp-content\/uploads\/2024\/04\/15A-150x150.jpg 150w, https:\/\/enic.vn\/wp-content\/uploads\/2024\/04\/15A-768x768.jpg 768w, https:\/\/enic.vn\/wp-content\/uploads\/2024\/04\/15A-600x600.jpg 600w, https:\/\/enic.vn\/wp-content\/uploads\/2024\/04\/15A-100x100.jpg 100w, https:\/\/enic.vn\/wp-content\/uploads\/2024\/04\/15A-64x64.jpg 64w\" alt=\"\" width=\"800\" height=\"800\" \/><img loading=\"lazy\" decoding=\"async\" class=\"aligncenter size-full wp-image-29900\" src=\"https:\/\/enic.vn\/wp-content\/uploads\/2024\/04\/15B.jpg\" sizes=\"auto, (max-width: 800px) 100vw, 800px\" srcset=\"https:\/\/enic.vn\/wp-content\/uploads\/2024\/04\/15B.jpg 800w, https:\/\/enic.vn\/wp-content\/uploads\/2024\/04\/15B-300x300.jpg 300w, https:\/\/enic.vn\/wp-content\/uploads\/2024\/04\/15B-150x150.jpg 150w, https:\/\/enic.vn\/wp-content\/uploads\/2024\/04\/15B-768x768.jpg 768w, https:\/\/enic.vn\/wp-content\/uploads\/2024\/04\/15B-600x600.jpg 600w, https:\/\/enic.vn\/wp-content\/uploads\/2024\/04\/15B-100x100.jpg 100w, https:\/\/enic.vn\/wp-content\/uploads\/2024\/04\/15B-64x64.jpg 64w\" alt=\"\" width=\"800\" height=\"800\" \/><img loading=\"lazy\" decoding=\"async\" class=\"aligncenter size-full wp-image-29901\" src=\"https:\/\/enic.vn\/wp-content\/uploads\/2024\/04\/15C.jpg\" sizes=\"auto, (max-width: 800px) 100vw, 800px\" srcset=\"https:\/\/enic.vn\/wp-content\/uploads\/2024\/04\/15C.jpg 800w, https:\/\/enic.vn\/wp-content\/uploads\/2024\/04\/15C-300x300.jpg 300w, https:\/\/enic.vn\/wp-content\/uploads\/2024\/04\/15C-150x150.jpg 150w, https:\/\/enic.vn\/wp-content\/uploads\/2024\/04\/15C-768x768.jpg 768w, https:\/\/enic.vn\/wp-content\/uploads\/2024\/04\/15C-600x600.jpg 600w, https:\/\/enic.vn\/wp-content\/uploads\/2024\/04\/15C-100x100.jpg 100w, https:\/\/enic.vn\/wp-content\/uploads\/2024\/04\/15C-64x64.jpg 64w\" alt=\"\" width=\"800\" height=\"800\" \/><img loading=\"lazy\" decoding=\"async\" class=\"aligncenter size-full wp-image-29902\" src=\"https:\/\/enic.vn\/wp-content\/uploads\/2024\/04\/15D.jpg\" sizes=\"auto, (max-width: 800px) 100vw, 800px\" srcset=\"https:\/\/enic.vn\/wp-content\/uploads\/2024\/04\/15D.jpg 800w, https:\/\/enic.vn\/wp-content\/uploads\/2024\/04\/15D-300x300.jpg 300w, https:\/\/enic.vn\/wp-content\/uploads\/2024\/04\/15D-150x150.jpg 150w, https:\/\/enic.vn\/wp-content\/uploads\/2024\/04\/15D-768x768.jpg 768w, https:\/\/enic.vn\/wp-content\/uploads\/2024\/04\/15D-600x600.jpg 600w, https:\/\/enic.vn\/wp-content\/uploads\/2024\/04\/15D-100x100.jpg 100w, https:\/\/enic.vn\/wp-content\/uploads\/2024\/04\/15D-64x64.jpg 64w\" alt=\"\" width=\"800\" height=\"800\" \/><\/p>\n<h2 id=\"thongso\">Th\u00f4ng s\u1ed1<\/h2>\n<p><img loading=\"lazy\" decoding=\"async\" class=\"aligncenter size-full wp-image-36764 lazyloaded\" src=\"https:\/\/enic.vn\/wp-content\/uploads\/2024\/04\/17-copy-1.webp\" sizes=\"auto, (max-width: 800px) 100vw, 800px\" srcset=\"https:\/\/enic.vn\/wp-content\/uploads\/2024\/04\/17-copy-1.webp 800w, https:\/\/enic.vn\/wp-content\/uploads\/2024\/04\/17-copy-1-300x300.webp 300w, https:\/\/enic.vn\/wp-content\/uploads\/2024\/04\/17-copy-1-150x150.webp 150w, https:\/\/enic.vn\/wp-content\/uploads\/2024\/04\/17-copy-1-768x768.webp 768w, https:\/\/enic.vn\/wp-content\/uploads\/2024\/04\/17-copy-1-600x600.webp 600w, https:\/\/enic.vn\/wp-content\/uploads\/2024\/04\/17-copy-1-100x100.webp 100w, https:\/\/enic.vn\/wp-content\/uploads\/2024\/04\/17-copy-1-64x64.webp 64w\" alt=\"\" width=\"800\" height=\"800\" data-ll-status=\"loaded\" \/><br \/>\n<img loading=\"lazy\" decoding=\"async\" class=\"aligncenter size-full wp-image-29903\" src=\"https:\/\/enic.vn\/wp-content\/uploads\/2024\/04\/16-copy.jpg\" sizes=\"auto, (max-width: 800px) 100vw, 800px\" srcset=\"https:\/\/enic.vn\/wp-content\/uploads\/2024\/04\/16-copy.jpg 800w, https:\/\/enic.vn\/wp-content\/uploads\/2024\/04\/16-copy-300x300.jpg 300w, https:\/\/enic.vn\/wp-content\/uploads\/2024\/04\/16-copy-150x150.jpg 150w, https:\/\/enic.vn\/wp-content\/uploads\/2024\/04\/16-copy-768x768.jpg 768w, https:\/\/enic.vn\/wp-content\/uploads\/2024\/04\/16-copy-600x600.jpg 600w, https:\/\/enic.vn\/wp-content\/uploads\/2024\/04\/16-copy-100x100.jpg 100w, https:\/\/enic.vn\/wp-content\/uploads\/2024\/04\/16-copy-64x64.jpg 64w\" alt=\"\" width=\"800\" height=\"800\" \/><img loading=\"lazy\" decoding=\"async\" class=\"aligncenter size-full wp-image-29904\" src=\"https:\/\/enic.vn\/wp-content\/uploads\/2024\/04\/anh-bao-hanh-copy-3.jpg\" sizes=\"auto, (max-width: 800px) 100vw, 800px\" srcset=\"https:\/\/enic.vn\/wp-content\/uploads\/2024\/04\/anh-bao-hanh-copy-3.jpg 800w, https:\/\/enic.vn\/wp-content\/uploads\/2024\/04\/anh-bao-hanh-copy-3-300x300.jpg 300w, https:\/\/enic.vn\/wp-content\/uploads\/2024\/04\/anh-bao-hanh-copy-3-150x150.jpg 150w, https:\/\/enic.vn\/wp-content\/uploads\/2024\/04\/anh-bao-hanh-copy-3-768x768.jpg 768w, https:\/\/enic.vn\/wp-content\/uploads\/2024\/04\/anh-bao-hanh-copy-3-600x600.jpg 600w, https:\/\/enic.vn\/wp-content\/uploads\/2024\/04\/anh-bao-hanh-copy-3-100x100.jpg 100w, https:\/\/enic.vn\/wp-content\/uploads\/2024\/04\/anh-bao-hanh-copy-3-64x64.jpg 64w\" alt=\"\" width=\"800\" height=\"800\" \/><\/p>\n<h2><strong>B\u1ed3n c\u1ea7u 1 kh\u1ed1i Enic N05<\/strong><\/h2>\n<div id=\"model-response-message-contentr_57129e4028baf332\" class=\"markdown markdown-main-panel\" dir=\"ltr\">\n<p data-sourcepos=\"3:1-3:274\"><strong>B\u1ed3n c\u1ea7u 1 kh\u1ed1i Enic N05<\/strong>\u00a0l\u00e0 m\u1ed9t\u00a0<strong>thi\u1ebft b\u1ecb v\u1ec7 sinh<\/strong>\u00a0tuy\u1ec7t v\u1eddi cho ph\u00f2ng t\u1eafm hi\u1ec7n \u0111\u1ea1i, mang \u0111\u1ebfn s\u1ef1 ti\u1ec7n nghi v\u00e0 tho\u1ea3i m\u00e1i cho ng\u01b0\u1eddi s\u1eed d\u1ee5ng.<\/p>\n<p data-sourcepos=\"5:1-5:25\"><strong>Thi\u1ebft k\u1ebf v\u00e0 Ti\u1ec7n \u00edch:<\/strong><\/p>\n<ul data-sourcepos=\"7:1-11:0\">\n<li data-sourcepos=\"7:1-7:119\"><strong>Ki\u1ec3u d\u00e1ng:<\/strong>\u00a0B\u1ed3n c\u1ea7u Enic N05 c\u00f3 thi\u1ebft k\u1ebf l\u01b0ng th\u1eb3ng hi\u1ec7n \u0111\u1ea1i v\u00e0 tinh t\u1ebf, ph\u00f9 h\u1ee3p v\u1edbi nhi\u1ec1u kh\u00f4ng gian ph\u00f2ng t\u1eafm.<\/li>\n<li data-sourcepos=\"8:1-8:104\"><strong><span class=\"citation-0 entailed\" tabindex=\"0\" role=\"button\">K\u00edch th\u01b0\u1edbc:<\/span><\/strong><span class=\"citation-0 entailed\" tabindex=\"0\" role=\"button\">\u00a0715*<\/span><span class=\"citation-0 entailed\" tabindex=\"0\" role=\"button\">405<\/span><em><span class=\"citation-0 entailed\" tabindex=\"0\" role=\"button\">*<\/span><\/em><span class=\"citation-0 entailed\" tabindex=\"0\" role=\"button\">635mm (d\u00e0i\/<\/span><span class=\"citation-0 entailed\" tabindex=\"0\" role=\"button\">r\u1ed9ng<\/span><em><span class=\"citation-0 entailed\" tabindex=\"0\" role=\"button\">\/<\/span><\/em><span class=\"citation-0 entailed citation-end-0\" tabindex=\"0\" role=\"button\">cao), k\u00edch th\u01b0\u1edbc l\u00fd t\u01b0\u1edfng cho nhi\u1ec1u kh\u00f4ng gian.<\/span><\/li>\n<li data-sourcepos=\"9:1-9:152\"><strong>B\u1ec7 ng\u1ed3i c\u00f4ng th\u00e1i h\u1ecdc:<\/strong>\u00a0<span class=\"citation-1 entailed citation-end-1\" tabindex=\"0\" role=\"button\">Thi\u1ebft k\u1ebf b\u1ec7 ng\u1ed3i \u0111\u01b0\u1ee3c ch\u00fa tr\u1ecdng \u0111\u1ebfn y\u1ebfu t\u1ed1 c\u00f4ng th\u00e1i h\u1ecdc, mang l\u1ea1i c\u1ea3m gi\u00e1c tho\u1ea3i m\u00e1i t\u1ed1i \u0111a cho ng\u01b0\u1eddi d\u00f9ng.<\/span><\/li>\n<li data-sourcepos=\"10:1-11:0\"><strong>N\u1eafp \u0111\u00f3ng \u00eam:<\/strong>\u00a0N\u1eafp \u0111\u00f3ng m\u1edf gi\u1ea3m ch\u1ea5n gi\u00fap tr\u00e1nh ti\u1ebfng \u1ed3n v\u00e0 t\u0103ng \u0111\u1ed9 b\u1ec1n cho s\u1ea3n ph\u1ea9m.<\/li>\n<\/ul>\n<p data-sourcepos=\"12:1-12:27\"><strong>Ch\u1ea5t li\u1ec7u v\u00e0 C\u00f4ng ngh\u1ec7:<\/strong><\/p>\n<ul data-sourcepos=\"14:1-17:0\">\n<li data-sourcepos=\"14:1-14:147\"><strong><span class=\"citation-2 entailed\" tabindex=\"0\" role=\"button\">Ch\u1ea5t li\u1ec7u th\u00e2n:<\/span><\/strong><span class=\"citation-2 entailed citation-end-2\" tabindex=\"0\" role=\"button\">\u00a0\u0110\u01b0\u1ee3c l\u00e0m t\u1eeb s\u1ee9 cao c\u1ea5p v\u00e0 ph\u1ee7 men Nano B\u1ea1c, gi\u00fap b\u1ec1 m\u1eb7t lu\u00f4n s\u00e1ng b\u00f3ng, ch\u1ed1ng b\u00e1m b\u1ea9n v\u00e0 kh\u00e1ng khu\u1ea9n hi\u1ec7u qu\u1ea3.<\/span><\/li>\n<li data-sourcepos=\"15:1-15:63\"><strong>Ch\u1ea5t li\u1ec7u n\u1eafp v\u00e0 b\u1ec7 ng\u1ed3i:<\/strong>\u00a0Nh\u1ef1a PP b\u1ec1n b\u1ec9, ch\u1ecbu l\u1ef1c t\u1ed1t.<\/li>\n<li data-sourcepos=\"16:1-17:0\"><strong>C\u00f4ng ngh\u1ec7 x\u1ea3 xo\u00e1y m\u1ea1nh:<\/strong>\u00a0<span class=\"citation-3 entailed citation-end-3 interactive-span-selected-v2\" tabindex=\"0\" role=\"button\">H\u1ec7 th\u1ed1ng x\u1ea3 xo\u00e1y m\u1ea1nh m\u1ebd gi\u00fap cu\u1ed1n tr\u00f4i m\u1ecdi ch\u1ea5t b\u1ea9n m\u1ed9t c\u00e1ch nhanh ch\u00f3ng v\u00e0 hi\u1ec7u qu\u1ea3, ti\u1ebft ki\u1ec7m n\u01b0\u1edbc v\u1edbi dung t\u00edch 9L (x\u1ea3 \u0111\u1ea1i: 5.5 \u2013 6.5L \/ x\u1ea3 ti\u1ec3u: 3.5 \u2013 4.5L).<\/span><\/li>\n<\/ul>\n<p data-sourcepos=\"18:1-18:22\"><strong>Th\u00f4ng s\u1ed1 k\u1ef9 thu\u1eadt:<\/strong><\/p>\n<ul data-sourcepos=\"20:1-23:0\">\n<li data-sourcepos=\"20:1-20:24\"><strong>T\u00e2m h\u1ed1:<\/strong>\u00a090-114mm<\/li>\n<li data-sourcepos=\"21:1-21:33\"><strong>Kho\u1ea3ng c\u00e1ch t\u00e2m h\u1ed1:<\/strong>\u00a0300mm<\/li>\n<li data-sourcepos=\"22:1-23:0\"><strong>T\u1ea3i tr\u1ecdng:<\/strong>\u00a0300kg<\/li>\n<\/ul>\n<p data-sourcepos=\"31:1-31:246\"><strong>B\u1ed3n c\u1ea7u 1 kh\u1ed1i<\/strong>\u00a0Enic N05 l\u00e0 s\u1ef1 k\u1ebft h\u1ee3p ho\u00e0n h\u1ea3o gi\u1eefa thi\u1ebft k\u1ebf hi\u1ec7n \u0111\u1ea1i, ch\u1ea5t l\u01b0\u1ee3ng v\u01b0\u1ee3t tr\u1ed9i v\u00e0 t\u00ednh n\u0103ng ti\u1ec7n \u00edch. V\u1edbi m\u1ee9c gi\u00e1 \u01b0u \u0111\u00e3i h\u1ea5p d\u1eabn, \u0111\u00e2y l\u00e0 m\u1ed9t l\u1ef1a ch\u1ecdn \u0111\u00e1ng c\u00e2n nh\u1eafc cho nh\u1eefng ai \u0111ang t\u00ecm ki\u1ebfm m\u1ed9t chi\u1ebfc\u00a0<strong>b\u1ed3n c\u1ea7u<\/strong>\u00a0ch\u1ea5t l\u01b0\u1ee3ng cho gia \u0111\u00ecnh.<\/p>\n<\/div>\n<\/div>\n<\/div>\n<\/div>\n<\/div>\n<\/div>\n","protected":false},"excerpt":{"rendered":"<table class=\"info-table\">\n<tbody>\n<tr>\n<th>K\u00edch th\u01b0\u1edbc (d\u00e0i*r\u1ed9ng*cao)<\/th>\n<td>715*405*635mm<\/td>\n<\/tr>\n<tr>\n<th>Ti\u1ec7n \u00edch kh\u00e1c<\/th>\n<td>Thi\u1ebft k\u1ebf b\u1ec7 ng\u1ed3i c\u00f4ng th\u00e1i h\u1ecdc, mang l\u1ea1i c\u1ea3m gi\u00e1c ng\u1ed3i tho\u1ea3i m\u00e1i, n\u1eafp \u0111\u00f3ng m\u1edf gi\u1ea3m ch\u1ea5n<\/td>\n<\/tr>\n<tr>\n<th>Dung t\u00edch<\/th>\n<td>9L (x\u1ea3 \u0111\u1ea1i: 5.5 \u2013 6.5L \/ x\u1ea3 ti\u1ec3u: 3.5 \u2013 4.5L)<\/td>\n<\/tr>\n<tr>\n<th>Ph\u01b0\u01a1ng ph\u00e1p x\u1ea3<\/th>\n<td>X\u1ea3 xo\u00e1y m\u1ea1nh<\/td>\n<\/tr>\n<tr>\n<th>Ch\u1ea5t li\u1ec7u th\u00e2n<\/th>\n<td>S\u1ee9, ph\u1ee7 men Nano B\u1ea1c<\/td>\n<\/tr>\n<tr>\n<th>Ch\u1ea5t li\u1ec7u n\u1eafp + b\u1ec7 ng\u1ed3i<\/th>\n<td>Nh\u1ef1a PP<\/td>\n<\/tr>\n<tr>\n<th>T\u00e2m h\u1ed1<\/th>\n<td>90-114mm<\/td>\n<\/tr>\n<tr>\n<th>Kho\u1ea3ng c\u00e1ch t\u00e2m h\u1ed1<\/th>\n<td>300mm<\/td>\n<\/tr>\n<tr>\n<th>T\u1ea3i tr\u1ecdng<\/th>\n<td>300kg<\/td>\n<\/tr>\n<\/tbody>\n<\/table>\n","protected":false},"featured_media":2042,"comment_status":"open","ping_status":"closed","template":"","meta":[],"product_brand":[],"product_cat":[18,26],"product_tag":[],"class_list":{"0":"post-2041","1":"product","2":"type-product","3":"status-publish","4":"has-post-thumbnail","6":"product_cat-thiet-bi-ve-sinh","7":"product_cat-bon-cau","9":"first","10":"instock","11":"shipping-taxable","12":"product-type-simple"},"_links":{"self":[{"href":"https:\/\/nhadepbepxinh.com.vn\/index.php?rest_route=\/wp\/v2\/product\/2041","targetHints":{"allow":["GET"]}}],"collection":[{"href":"https:\/\/nhadepbepxinh.com.vn\/index.php?rest_route=\/wp\/v2\/product"}],"about":[{"href":"https:\/\/nhadepbepxinh.com.vn\/index.php?rest_route=\/wp\/v2\/types\/product"}],"replies":[{"embeddable":true,"href":"https:\/\/nhadepbepxinh.com.vn\/index.php?rest_route=%2Fwp%2Fv2%2Fcomments&post=2041"}],"wp:featuredmedia":[{"embeddable":true,"href":"https:\/\/nhadepbepxinh.com.vn\/index.php?rest_route=\/wp\/v2\/media\/2042"}],"wp:attachment":[{"href":"https:\/\/nhadepbepxinh.com.vn\/index.php?rest_route=%2Fwp%2Fv2%2Fmedia&parent=2041"}],"wp:term":[{"taxonomy":"product_brand","embeddable":true,"href":"https:\/\/nhadepbepxinh.com.vn\/index.php?rest_route=%2Fwp%2Fv2%2Fproduct_brand&post=2041"},{"taxonomy":"product_cat","embeddable":true,"href":"https:\/\/nhadepbepxinh.com.vn\/index.php?rest_route=%2Fwp%2Fv2%2Fproduct_cat&post=2041"},{"taxonomy":"product_tag","embeddable":true,"href":"https:\/\/nhadepbepxinh.com.vn\/index.php?rest_route=%2Fwp%2Fv2%2Fproduct_tag&post=2041"}],"curies":[{"name":"wp","href":"https:\/\/api.w.org\/{rel}","templated":true}]}}