{"id":2032,"date":"2025-03-27T14:14:27","date_gmt":"2025-03-27T07:14:27","guid":{"rendered":"https:\/\/nhadepbepxinh.com.vn\/?post_type=product&#038;p=2032"},"modified":"2025-03-27T14:14:27","modified_gmt":"2025-03-27T07:14:27","slug":"bon-cau-thong-minh-enic-smart-j","status":"publish","type":"product","link":"https:\/\/nhadepbepxinh.com.vn\/?product=bon-cau-thong-minh-enic-smart-j","title":{"rendered":"B\u00d4\u0300N C\u00c2\u0300U TH\u00d4NG MINH ENIC SMART J"},"content":{"rendered":"<div id=\"videodk-vuong\"><iframe loading=\"lazy\" class=\"lazyloaded\" title=\"YouTube video player\" src=\"https:\/\/www.youtube.com\/embed\/IuvVypvFTMg\" width=\"790\" height=\"430\" frameborder=\"0\" allowfullscreen=\"allowfullscreen\" data-rocket-lazyload=\"fitvidscompatible\" data-ll-status=\"loaded\" data-mce-fragment=\"1\"><\/iframe><\/div>\n<h2 id=\"chitiet\">Chi ti\u1ebft<\/h2>\n<p><img loading=\"lazy\" decoding=\"async\" class=\"aligncenter size-full wp-image-12796\" src=\"https:\/\/enic.vn\/wp-content\/uploads\/2023\/05\/1-copy-6.jpg\" sizes=\"auto, (max-width: 800px) 100vw, 800px\" srcset=\"https:\/\/enic.vn\/wp-content\/uploads\/2023\/05\/1-copy-6.jpg 800w, https:\/\/enic.vn\/wp-content\/uploads\/2023\/05\/1-copy-6-218x300.jpg 218w, https:\/\/enic.vn\/wp-content\/uploads\/2023\/05\/1-copy-6-745x1024.jpg 745w, https:\/\/enic.vn\/wp-content\/uploads\/2023\/05\/1-copy-6-768x1056.jpg 768w, https:\/\/enic.vn\/wp-content\/uploads\/2023\/05\/1-copy-6-600x825.jpg 600w\" alt=\"\" width=\"800\" height=\"1100\" \/><img loading=\"lazy\" decoding=\"async\" class=\"aligncenter size-full wp-image-12797\" src=\"https:\/\/enic.vn\/wp-content\/uploads\/2023\/05\/2-copy-4.jpg\" sizes=\"auto, (max-width: 800px) 100vw, 800px\" srcset=\"https:\/\/enic.vn\/wp-content\/uploads\/2023\/05\/2-copy-4.jpg 800w, https:\/\/enic.vn\/wp-content\/uploads\/2023\/05\/2-copy-4-300x300.jpg 300w, https:\/\/enic.vn\/wp-content\/uploads\/2023\/05\/2-copy-4-150x150.jpg 150w, https:\/\/enic.vn\/wp-content\/uploads\/2023\/05\/2-copy-4-768x768.jpg 768w, https:\/\/enic.vn\/wp-content\/uploads\/2023\/05\/2-copy-4-600x600.jpg 600w, https:\/\/enic.vn\/wp-content\/uploads\/2023\/05\/2-copy-4-100x100.jpg 100w\" alt=\"\" width=\"800\" height=\"800\" \/><img loading=\"lazy\" decoding=\"async\" class=\"aligncenter size-full wp-image-12798\" src=\"https:\/\/enic.vn\/wp-content\/uploads\/2023\/05\/3-copy-5.jpg\" sizes=\"auto, (max-width: 800px) 100vw, 800px\" srcset=\"https:\/\/enic.vn\/wp-content\/uploads\/2023\/05\/3-copy-5.jpg 800w, https:\/\/enic.vn\/wp-content\/uploads\/2023\/05\/3-copy-5-300x300.jpg 300w, https:\/\/enic.vn\/wp-content\/uploads\/2023\/05\/3-copy-5-150x150.jpg 150w, https:\/\/enic.vn\/wp-content\/uploads\/2023\/05\/3-copy-5-768x768.jpg 768w, https:\/\/enic.vn\/wp-content\/uploads\/2023\/05\/3-copy-5-600x600.jpg 600w, https:\/\/enic.vn\/wp-content\/uploads\/2023\/05\/3-copy-5-100x100.jpg 100w\" alt=\"\" width=\"800\" height=\"800\" \/><img loading=\"lazy\" decoding=\"async\" class=\"aligncenter wp-image-37801 size-full lazyloaded\" src=\"https:\/\/enic.vn\/wp-content\/uploads\/2023\/05\/4-copy.webp\" sizes=\"auto, (max-width: 800px) 100vw, 800px\" srcset=\"https:\/\/enic.vn\/wp-content\/uploads\/2023\/05\/4-copy.webp 800w, https:\/\/enic.vn\/wp-content\/uploads\/2023\/05\/4-copy-240x300.webp 240w, https:\/\/enic.vn\/wp-content\/uploads\/2023\/05\/4-copy-768x960.webp 768w, https:\/\/enic.vn\/wp-content\/uploads\/2023\/05\/4-copy-600x750.webp 600w, https:\/\/enic.vn\/wp-content\/uploads\/2023\/05\/4-copy-64x80.webp 64w\" alt=\"\" width=\"800\" height=\"1000\" data-ll-status=\"loaded\" \/><img loading=\"lazy\" decoding=\"async\" class=\"aligncenter size-full wp-image-12800\" src=\"https:\/\/enic.vn\/wp-content\/uploads\/2023\/05\/5-copy-5.jpg\" sizes=\"auto, (max-width: 800px) 100vw, 800px\" srcset=\"https:\/\/enic.vn\/wp-content\/uploads\/2023\/05\/5-copy-5.jpg 800w, https:\/\/enic.vn\/wp-content\/uploads\/2023\/05\/5-copy-5-218x300.jpg 218w, https:\/\/enic.vn\/wp-content\/uploads\/2023\/05\/5-copy-5-745x1024.jpg 745w, https:\/\/enic.vn\/wp-content\/uploads\/2023\/05\/5-copy-5-768x1056.jpg 768w, https:\/\/enic.vn\/wp-content\/uploads\/2023\/05\/5-copy-5-600x825.jpg 600w\" alt=\"\" width=\"800\" height=\"1100\" \/><img loading=\"lazy\" decoding=\"async\" class=\"aligncenter size-full wp-image-12801\" src=\"https:\/\/enic.vn\/wp-content\/uploads\/2023\/05\/6-copy-5.jpg\" sizes=\"auto, (max-width: 800px) 100vw, 800px\" srcset=\"https:\/\/enic.vn\/wp-content\/uploads\/2023\/05\/6-copy-5.jpg 800w, https:\/\/enic.vn\/wp-content\/uploads\/2023\/05\/6-copy-5-267x300.jpg 267w, https:\/\/enic.vn\/wp-content\/uploads\/2023\/05\/6-copy-5-768x864.jpg 768w, https:\/\/enic.vn\/wp-content\/uploads\/2023\/05\/6-copy-5-600x675.jpg 600w\" alt=\"\" width=\"800\" height=\"900\" \/><img loading=\"lazy\" decoding=\"async\" class=\"aligncenter size-full wp-image-12802\" src=\"https:\/\/enic.vn\/wp-content\/uploads\/2023\/05\/7-copy-5.jpg\" sizes=\"auto, (max-width: 800px) 100vw, 800px\" srcset=\"https:\/\/enic.vn\/wp-content\/uploads\/2023\/05\/7-copy-5.jpg 800w, https:\/\/enic.vn\/wp-content\/uploads\/2023\/05\/7-copy-5-267x300.jpg 267w, https:\/\/enic.vn\/wp-content\/uploads\/2023\/05\/7-copy-5-768x864.jpg 768w, https:\/\/enic.vn\/wp-content\/uploads\/2023\/05\/7-copy-5-600x675.jpg 600w\" alt=\"\" width=\"800\" height=\"900\" \/><img loading=\"lazy\" decoding=\"async\" class=\"aligncenter size-full wp-image-12803\" src=\"https:\/\/enic.vn\/wp-content\/uploads\/2023\/05\/8-copy-5.jpg\" sizes=\"auto, (max-width: 800px) 100vw, 800px\" srcset=\"https:\/\/enic.vn\/wp-content\/uploads\/2023\/05\/8-copy-5.jpg 800w, https:\/\/enic.vn\/wp-content\/uploads\/2023\/05\/8-copy-5-218x300.jpg 218w, https:\/\/enic.vn\/wp-content\/uploads\/2023\/05\/8-copy-5-745x1024.jpg 745w, https:\/\/enic.vn\/wp-content\/uploads\/2023\/05\/8-copy-5-768x1056.jpg 768w, https:\/\/enic.vn\/wp-content\/uploads\/2023\/05\/8-copy-5-600x825.jpg 600w\" alt=\"\" width=\"800\" height=\"1100\" \/><\/p>\n<div><\/div>\n<p><img loading=\"lazy\" decoding=\"async\" class=\"aligncenter size-full wp-image-12804\" src=\"https:\/\/enic.vn\/wp-content\/uploads\/2023\/05\/9A-copy.jpg\" sizes=\"auto, (max-width: 800px) 100vw, 800px\" srcset=\"https:\/\/enic.vn\/wp-content\/uploads\/2023\/05\/9A-copy.jpg 800w, https:\/\/enic.vn\/wp-content\/uploads\/2023\/05\/9A-copy-200x300.jpg 200w, https:\/\/enic.vn\/wp-content\/uploads\/2023\/05\/9A-copy-683x1024.jpg 683w, https:\/\/enic.vn\/wp-content\/uploads\/2023\/05\/9A-copy-768x1152.jpg 768w, https:\/\/enic.vn\/wp-content\/uploads\/2023\/05\/9A-copy-600x900.jpg 600w\" alt=\"\" width=\"800\" height=\"1200\" \/><img loading=\"lazy\" decoding=\"async\" class=\"aligncenter wp-image-21041 size-full\" src=\"https:\/\/enic.vn\/wp-content\/uploads\/2023\/05\/9b-copy-2.jpg\" sizes=\"auto, (max-width: 800px) 100vw, 800px\" srcset=\"https:\/\/enic.vn\/wp-content\/uploads\/2023\/05\/9b-copy-2.jpg 800w, https:\/\/enic.vn\/wp-content\/uploads\/2023\/05\/9b-copy-2-220x300.jpg 220w, https:\/\/enic.vn\/wp-content\/uploads\/2023\/05\/9b-copy-2-749x1024.jpg 749w, https:\/\/enic.vn\/wp-content\/uploads\/2023\/05\/9b-copy-2-768x1049.jpg 768w, https:\/\/enic.vn\/wp-content\/uploads\/2023\/05\/9b-copy-2-600x820.jpg 600w\" alt=\"\" width=\"800\" height=\"1093\" \/><img loading=\"lazy\" decoding=\"async\" class=\"aligncenter size-full wp-image-12806\" src=\"https:\/\/enic.vn\/wp-content\/uploads\/2023\/05\/10-copy-6.jpg\" sizes=\"auto, (max-width: 800px) 100vw, 800px\" srcset=\"https:\/\/enic.vn\/wp-content\/uploads\/2023\/05\/10-copy-6.jpg 800w, https:\/\/enic.vn\/wp-content\/uploads\/2023\/05\/10-copy-6-300x300.jpg 300w, https:\/\/enic.vn\/wp-content\/uploads\/2023\/05\/10-copy-6-150x150.jpg 150w, https:\/\/enic.vn\/wp-content\/uploads\/2023\/05\/10-copy-6-768x768.jpg 768w, https:\/\/enic.vn\/wp-content\/uploads\/2023\/05\/10-copy-6-600x600.jpg 600w, https:\/\/enic.vn\/wp-content\/uploads\/2023\/05\/10-copy-6-100x100.jpg 100w\" alt=\"\" width=\"800\" height=\"800\" \/><img loading=\"lazy\" decoding=\"async\" class=\"aligncenter size-full wp-image-17695\" src=\"https:\/\/enic.vn\/wp-content\/uploads\/2023\/05\/BC-J.jpg\" sizes=\"auto, (max-width: 790px) 100vw, 790px\" srcset=\"https:\/\/enic.vn\/wp-content\/uploads\/2023\/05\/BC-J.jpg 790w, https:\/\/enic.vn\/wp-content\/uploads\/2023\/05\/BC-J-300x300.jpg 300w, https:\/\/enic.vn\/wp-content\/uploads\/2023\/05\/BC-J-150x150.jpg 150w, https:\/\/enic.vn\/wp-content\/uploads\/2023\/05\/BC-J-768x768.jpg 768w, https:\/\/enic.vn\/wp-content\/uploads\/2023\/05\/BC-J-600x600.jpg 600w, https:\/\/enic.vn\/wp-content\/uploads\/2023\/05\/BC-J-100x100.jpg 100w\" alt=\"\" width=\"790\" height=\"790\" \/><img loading=\"lazy\" decoding=\"async\" class=\"aligncenter size-full wp-image-12807\" src=\"https:\/\/enic.vn\/wp-content\/uploads\/2023\/05\/11-copy-3.jpg\" sizes=\"auto, (max-width: 800px) 100vw, 800px\" srcset=\"https:\/\/enic.vn\/wp-content\/uploads\/2023\/05\/11-copy-3.jpg 800w, https:\/\/enic.vn\/wp-content\/uploads\/2023\/05\/11-copy-3-300x300.jpg 300w, https:\/\/enic.vn\/wp-content\/uploads\/2023\/05\/11-copy-3-150x150.jpg 150w, https:\/\/enic.vn\/wp-content\/uploads\/2023\/05\/11-copy-3-768x768.jpg 768w, https:\/\/enic.vn\/wp-content\/uploads\/2023\/05\/11-copy-3-600x600.jpg 600w, https:\/\/enic.vn\/wp-content\/uploads\/2023\/05\/11-copy-3-100x100.jpg 100w\" alt=\"\" width=\"800\" height=\"800\" \/><img loading=\"lazy\" decoding=\"async\" class=\"aligncenter size-full wp-image-12808\" src=\"https:\/\/enic.vn\/wp-content\/uploads\/2023\/05\/12-copy-2.jpg\" sizes=\"auto, (max-width: 800px) 100vw, 800px\" srcset=\"https:\/\/enic.vn\/wp-content\/uploads\/2023\/05\/12-copy-2.jpg 800w, https:\/\/enic.vn\/wp-content\/uploads\/2023\/05\/12-copy-2-300x300.jpg 300w, https:\/\/enic.vn\/wp-content\/uploads\/2023\/05\/12-copy-2-150x150.jpg 150w, https:\/\/enic.vn\/wp-content\/uploads\/2023\/05\/12-copy-2-768x768.jpg 768w, https:\/\/enic.vn\/wp-content\/uploads\/2023\/05\/12-copy-2-600x600.jpg 600w, https:\/\/enic.vn\/wp-content\/uploads\/2023\/05\/12-copy-2-100x100.jpg 100w\" alt=\"\" width=\"800\" height=\"800\" \/><img loading=\"lazy\" decoding=\"async\" class=\"aligncenter size-full wp-image-12809\" src=\"https:\/\/enic.vn\/wp-content\/uploads\/2023\/05\/13-copy-2.jpg\" sizes=\"auto, (max-width: 800px) 100vw, 800px\" srcset=\"https:\/\/enic.vn\/wp-content\/uploads\/2023\/05\/13-copy-2.jpg 800w, https:\/\/enic.vn\/wp-content\/uploads\/2023\/05\/13-copy-2-300x300.jpg 300w, https:\/\/enic.vn\/wp-content\/uploads\/2023\/05\/13-copy-2-150x150.jpg 150w, https:\/\/enic.vn\/wp-content\/uploads\/2023\/05\/13-copy-2-768x768.jpg 768w, https:\/\/enic.vn\/wp-content\/uploads\/2023\/05\/13-copy-2-600x600.jpg 600w, https:\/\/enic.vn\/wp-content\/uploads\/2023\/05\/13-copy-2-100x100.jpg 100w\" alt=\"\" width=\"800\" height=\"800\" \/><img loading=\"lazy\" decoding=\"async\" class=\"aligncenter size-full wp-image-12810\" src=\"https:\/\/enic.vn\/wp-content\/uploads\/2023\/05\/14-copy-2.jpg\" sizes=\"auto, (max-width: 800px) 100vw, 800px\" srcset=\"https:\/\/enic.vn\/wp-content\/uploads\/2023\/05\/14-copy-2.jpg 800w, https:\/\/enic.vn\/wp-content\/uploads\/2023\/05\/14-copy-2-300x300.jpg 300w, https:\/\/enic.vn\/wp-content\/uploads\/2023\/05\/14-copy-2-150x150.jpg 150w, https:\/\/enic.vn\/wp-content\/uploads\/2023\/05\/14-copy-2-768x768.jpg 768w, https:\/\/enic.vn\/wp-content\/uploads\/2023\/05\/14-copy-2-600x600.jpg 600w, https:\/\/enic.vn\/wp-content\/uploads\/2023\/05\/14-copy-2-100x100.jpg 100w\" alt=\"\" width=\"800\" height=\"800\" \/><\/p>\n<h2 id=\"thongso\">Th\u00f4ng s\u1ed1<\/h2>\n<p><img loading=\"lazy\" decoding=\"async\" class=\"aligncenter size-full wp-image-36759 lazyloaded\" src=\"https:\/\/enic.vn\/wp-content\/uploads\/2023\/05\/16-copy.webp\" sizes=\"auto, (max-width: 790px) 100vw, 790px\" srcset=\"https:\/\/enic.vn\/wp-content\/uploads\/2023\/05\/16-copy.webp 790w, https:\/\/enic.vn\/wp-content\/uploads\/2023\/05\/16-copy-300x300.webp 300w, https:\/\/enic.vn\/wp-content\/uploads\/2023\/05\/16-copy-150x150.webp 150w, https:\/\/enic.vn\/wp-content\/uploads\/2023\/05\/16-copy-768x768.webp 768w, https:\/\/enic.vn\/wp-content\/uploads\/2023\/05\/16-copy-600x600.webp 600w, https:\/\/enic.vn\/wp-content\/uploads\/2023\/05\/16-copy-100x100.webp 100w, https:\/\/enic.vn\/wp-content\/uploads\/2023\/05\/16-copy-64x64.webp 64w\" alt=\"\" width=\"790\" height=\"790\" data-ll-status=\"loaded\" \/><\/p>\n<p><img loading=\"lazy\" decoding=\"async\" class=\"aligncenter wp-image-48163 size-full\" src=\"https:\/\/enic.vn\/wp-content\/uploads\/2023\/05\/smart-j-15-copy.jpg\" sizes=\"auto, (max-width: 800px) 100vw, 800px\" srcset=\"https:\/\/enic.vn\/wp-content\/uploads\/2023\/05\/smart-j-15-copy.jpg 800w, https:\/\/enic.vn\/wp-content\/uploads\/2023\/05\/smart-j-15-copy-300x300.jpg 300w, https:\/\/enic.vn\/wp-content\/uploads\/2023\/05\/smart-j-15-copy-150x150.jpg 150w, https:\/\/enic.vn\/wp-content\/uploads\/2023\/05\/smart-j-15-copy-768x768.jpg 768w, https:\/\/enic.vn\/wp-content\/uploads\/2023\/05\/smart-j-15-copy-600x600.jpg 600w, https:\/\/enic.vn\/wp-content\/uploads\/2023\/05\/smart-j-15-copy-100x100.jpg 100w, https:\/\/enic.vn\/wp-content\/uploads\/2023\/05\/smart-j-15-copy-64x64.jpg 64w\" alt=\"\" width=\"800\" height=\"800\" \/><\/p>\n<div><img loading=\"lazy\" decoding=\"async\" class=\"aligncenter wp-image-46966 size-full\" src=\"https:\/\/enic.vn\/wp-content\/uploads\/2023\/07\/BC-J.jpg\" sizes=\"auto, (max-width: 790px) 100vw, 790px\" srcset=\"https:\/\/enic.vn\/wp-content\/uploads\/2023\/07\/BC-J.jpg 790w, https:\/\/enic.vn\/wp-content\/uploads\/2023\/07\/BC-J-300x300.jpg 300w, https:\/\/enic.vn\/wp-content\/uploads\/2023\/07\/BC-J-150x150.jpg 150w, https:\/\/enic.vn\/wp-content\/uploads\/2023\/07\/BC-J-768x768.jpg 768w, https:\/\/enic.vn\/wp-content\/uploads\/2023\/07\/BC-J-600x600.jpg 600w, https:\/\/enic.vn\/wp-content\/uploads\/2023\/07\/BC-J-100x100.jpg 100w\" alt=\"\" width=\"790\" height=\"790\" \/><\/div>\n<h2 id=\"feedback\">FEEDBACK C\u1ee6A KH\u00c1CH H\u00c0NG<\/h2>\n<div class=\"row large-columns-4 medium-columns-3 small-columns-2 row-small slider row-slider slider-nav-simple slider-nav-light is-draggable flickity-enabled\" tabindex=\"0\" data-flickity-options=\"{&quot;imagesLoaded&quot;: true, &quot;groupCells&quot;: &quot;100%&quot;, &quot;dragThreshold&quot; : 5, &quot;cellAlign&quot;: &quot;left&quot;,&quot;wrapAround&quot;: true,&quot;prevNextButtons&quot;: true,&quot;percentPosition&quot;: true,&quot;pageDots&quot;: false, &quot;rightToLeft&quot;: false, &quot;autoPlay&quot; : false}\">\n<div class=\"flickity-viewport\">\n<div class=\"flickity-slider\">\n<div class=\"gallery-col col is-selected\">\n<div class=\"col-inner\">\n<div class=\"box has-hover gallery-box box-none\">\n<div class=\"box-image image-cover\"><img loading=\"lazy\" decoding=\"async\" class=\"attachment-original size-original wp-post-image\" src=\"https:\/\/enic.vn\/wp-content\/uploads\/2024\/07\/21.jpg\" sizes=\"auto, (max-width: 921px) 100vw, 921px\" srcset=\"https:\/\/enic.vn\/wp-content\/uploads\/2024\/07\/21.jpg 921w, https:\/\/enic.vn\/wp-content\/uploads\/2024\/07\/21-240x300.jpg 240w, https:\/\/enic.vn\/wp-content\/uploads\/2024\/07\/21-819x1024.jpg 819w, https:\/\/enic.vn\/wp-content\/uploads\/2024\/07\/21-768x960.jpg 768w, https:\/\/enic.vn\/wp-content\/uploads\/2024\/07\/21-600x750.jpg 600w, https:\/\/enic.vn\/wp-content\/uploads\/2024\/07\/21-64x80.jpg 64w\" alt=\"\" width=\"921\" height=\"1151\" \/><\/div>\n<\/div>\n<\/div>\n<\/div>\n<div class=\"gallery-col col is-selected\">\n<div class=\"col-inner\">\n<div class=\"box has-hover gallery-box box-none\">\n<div class=\"box-image image-cover\"><img loading=\"lazy\" decoding=\"async\" class=\"attachment-original size-original wp-post-image\" src=\"https:\/\/enic.vn\/wp-content\/uploads\/2024\/07\/photo_2024-06-20_13-52-aag.jpg\" sizes=\"auto, (max-width: 900px) 100vw, 900px\" srcset=\"https:\/\/enic.vn\/wp-content\/uploads\/2024\/07\/photo_2024-06-20_13-52-aag.jpg 900w, https:\/\/enic.vn\/wp-content\/uploads\/2024\/07\/photo_2024-06-20_13-52-aag-240x300.jpg 240w, https:\/\/enic.vn\/wp-content\/uploads\/2024\/07\/photo_2024-06-20_13-52-aag-819x1024.jpg 819w, https:\/\/enic.vn\/wp-content\/uploads\/2024\/07\/photo_2024-06-20_13-52-aag-768x960.jpg 768w, https:\/\/enic.vn\/wp-content\/uploads\/2024\/07\/photo_2024-06-20_13-52-aag-600x750.jpg 600w, https:\/\/enic.vn\/wp-content\/uploads\/2024\/07\/photo_2024-06-20_13-52-aag-64x80.jpg 64w\" alt=\"\" width=\"900\" height=\"1125\" \/><\/div>\n<\/div>\n<\/div>\n<\/div>\n<div class=\"gallery-col col is-selected\">\n<div class=\"col-inner\">\n<div class=\"box has-hover gallery-box box-none\">\n<div class=\"box-image image-cover\"><img loading=\"lazy\" decoding=\"async\" class=\"attachment-original size-original wp-post-image\" src=\"https:\/\/enic.vn\/wp-content\/uploads\/2024\/07\/photo_2024-07-04_10-42-46-d.jpg\" sizes=\"auto, (max-width: 956px) 100vw, 956px\" srcset=\"https:\/\/enic.vn\/wp-content\/uploads\/2024\/07\/photo_2024-07-04_10-42-46-d.jpg 956w, https:\/\/enic.vn\/wp-content\/uploads\/2024\/07\/photo_2024-07-04_10-42-46-d-240x300.jpg 240w, https:\/\/enic.vn\/wp-content\/uploads\/2024\/07\/photo_2024-07-04_10-42-46-d-819x1024.jpg 819w, https:\/\/enic.vn\/wp-content\/uploads\/2024\/07\/photo_2024-07-04_10-42-46-d-768x960.jpg 768w, https:\/\/enic.vn\/wp-content\/uploads\/2024\/07\/photo_2024-07-04_10-42-46-d-600x750.jpg 600w, https:\/\/enic.vn\/wp-content\/uploads\/2024\/07\/photo_2024-07-04_10-42-46-d-64x80.jpg 64w\" alt=\"\" width=\"956\" height=\"1195\" \/><\/div>\n<\/div>\n<\/div>\n<\/div>\n<div class=\"gallery-col col is-selected\">\n<div class=\"col-inner\">\n<div class=\"box has-hover gallery-box box-none\">\n<div class=\"box-image image-cover\"><img loading=\"lazy\" decoding=\"async\" class=\"attachment-original size-original wp-post-image\" src=\"https:\/\/enic.vn\/wp-content\/uploads\/2024\/07\/photo_2024-07-12_10-42-45.jpg\" sizes=\"auto, (max-width: 915px) 100vw, 915px\" srcset=\"https:\/\/enic.vn\/wp-content\/uploads\/2024\/07\/photo_2024-07-12_10-42-45.jpg 915w, https:\/\/enic.vn\/wp-content\/uploads\/2024\/07\/photo_2024-07-12_10-42-45-240x300.jpg 240w, https:\/\/enic.vn\/wp-content\/uploads\/2024\/07\/photo_2024-07-12_10-42-45-819x1024.jpg 819w, https:\/\/enic.vn\/wp-content\/uploads\/2024\/07\/photo_2024-07-12_10-42-45-768x960.jpg 768w, https:\/\/enic.vn\/wp-content\/uploads\/2024\/07\/photo_2024-07-12_10-42-45-600x750.jpg 600w, https:\/\/enic.vn\/wp-content\/uploads\/2024\/07\/photo_2024-07-12_10-42-45-64x80.jpg 64w\" alt=\"\" width=\"915\" height=\"1144\" \/><\/div>\n<\/div>\n<\/div>\n<\/div>\n<div class=\"gallery-col col\" aria-hidden=\"true\">\n<div class=\"col-inner\">\n<div class=\"box has-hover gallery-box box-none\">\n<div class=\"box-image image-cover\"><img loading=\"lazy\" decoding=\"async\" class=\"attachment-original size-original wp-post-image\" src=\"https:\/\/enic.vn\/wp-content\/uploads\/2024\/07\/photo_2023-11-30_15-23-21.jpg\" sizes=\"auto, (max-width: 719px) 100vw, 719px\" srcset=\"https:\/\/enic.vn\/wp-content\/uploads\/2024\/07\/photo_2023-11-30_15-23-21.jpg 719w, https:\/\/enic.vn\/wp-content\/uploads\/2024\/07\/photo_2023-11-30_15-23-21-240x300.jpg 240w, https:\/\/enic.vn\/wp-content\/uploads\/2024\/07\/photo_2023-11-30_15-23-21-600x750.jpg 600w, https:\/\/enic.vn\/wp-content\/uploads\/2024\/07\/photo_2023-11-30_15-23-21-64x80.jpg 64w\" alt=\"\" width=\"719\" height=\"899\" \/><\/div>\n<\/div>\n<\/div>\n<\/div>\n<\/div>\n<\/div>\n<\/div>\n<div class=\"baimoi\">\n<h2><b>B\u1ed3n c\u1ea7u th\u00f4ng minh Enic Smart J<\/b><\/h2>\n<div>\n<p><b>B\u1ed3n c\u1ea7u th\u00f4ng minh Enic Smart J<\/b>\u00a0t\u00edch h\u1ee3p to\u00e0n di\u1ec7n c\u00f4ng n\u0103ng, mang \u0111\u1ebfn tr\u1ea3i nghi\u1ec7m m\u1edbi m\u1ebb.\u00a0<a href=\"https:\/\/enic.vn\/bon-cau\/\" target=\"_blank\" rel=\"noopener\"><b>B\u1ed3n c\u1ea7u<\/b><\/a>\u00a0\u0111\u01b0\u1ee3c l\u00e0m t\u1eeb men nano vi tinh th\u1ec3, mang l\u1ea1i \u0111\u1ed9 b\u1ec1n cao v\u00e0 kh\u1ea3 n\u0103ng ch\u1ed1ng khu\u1ea9n hi\u1ec7u qu\u1ea3. V\u00e0nh gh\u1ebf ng\u1ed3i \u0111\u01b0\u1ee3c l\u00e0m t\u1eeb nh\u1ef1a ABS, mang l\u1ea1i s\u1ef1 tho\u1ea3i m\u00e1i v\u00e0 \u0111\u1ed9 b\u1ec1n cho ng\u01b0\u1eddi d\u00f9ng.<\/p>\n<ul>\n<li aria-level=\"1\"><b>S\u01b0\u1edfi \u1ea5m b\u1ec7 ng\u1ed3i\u00a0<\/b>c\u1ee7a Enic Smart J \u0111\u01b0\u1ee3c trang b\u1ecb 4 m\u1ee9c nhi\u1ec7t \u0111i\u1ec1u ch\u1ec9nh (b\u00ecnh th\u01b0\u1eddng, 34 \u0111\u1ed9 C, 37 \u0111\u1ed9 C, 40 \u0111\u1ed9 C), cho ph\u00e9p ng\u01b0\u1eddi d\u00f9ng t\u00f9y ch\u1ec9nh nhi\u1ec7t \u0111\u1ed9 theo s\u1edf th\u00edch c\u00e1 nh\u00e2n. \u0110i\u1ec1u n\u00e0y t\u1ea1o ra m\u1ed9t tr\u1ea3i nghi\u1ec7m \u1ea5m \u00e1p v\u00e0 tho\u1ea3i m\u00e1i trong m\u00f9a \u0111\u00f4ng l\u1ea1nh gi\u00e1.<\/li>\n<li aria-level=\"1\">V\u1edbi\u00a0<b>ph\u01b0\u01a1ng ph\u00e1p x\u1ea3 ph\u1ea3n l\u1ef1c t\u1ef1 \u0111\u1ed9ng<\/b>,\u00a0<b>thi\u1ebft b\u1ecb v\u1ec7 sinh<\/b>\u00a0n\u00e0y c\u00f3 kh\u1ea3 n\u0103ng t\u1ef1 \u0111\u1ed9ng x\u1ea3 n\u01b0\u1edbc m\u1ed9t c\u00e1ch hi\u1ec7u qu\u1ea3, kh\u00f4ng gi\u1edbi h\u1ea1n \u00e1p l\u1ef1c n\u01b0\u1edbc, ph\u00f9 h\u1ee3p cho m\u1ecdi m\u00f4 h\u00ecnh nh\u00e0 \u1edf.<\/li>\n<li aria-level=\"1\"><b>S\u1ea5y kh\u00f4 b\u1eb1ng kh\u00ed \u1ea5m<\/b>\u00a0l\u00e0 m\u1ed9t t\u00ednh n\u0103ng ti\u1ec7n \u00edch kh\u00e1c c\u1ee7a s\u1ea3n ph\u1ea9m. Sau khi s\u1eed d\u1ee5ng, ng\u01b0\u1eddi d\u00f9ng c\u00f3 th\u1ec3 s\u1eed d\u1ee5ng ch\u1ee9c n\u0103ng n\u00e0y \u0111\u1ec3 s\u1ea5y kh\u00f4 mang l\u1ea1i s\u1ef1 tho\u1ea3i m\u00e1i v\u00e0 v\u1ec7 sinh t\u1ed1i \u0111a. \u0110\u1ed3ng th\u1eddi ti\u1ebft ki\u1ec7m n\u01b0\u1edbc v\u00e0 gi\u1ea3m vi\u1ec7c th\u1ea3i gi\u1ea5y ra m\u00f4i tr\u01b0\u1eddng.<\/li>\n<li aria-level=\"1\">B\u1ed3n c\u1ea7u Enic Smart J c\u00f2n \u0111\u01b0\u1ee3c trang b\u1ecb\u00a0<b>v\u00f2i r\u1eeda t\u1ef1 \u0111\u1ed9ng\u00a0<\/b>\u0111a ch\u1ebf \u0111\u1ed9 (r\u1eeda ph\u1ee5 n\u1eef, r\u1eeda m\u00f4ng, r\u1eeda massage v\u00e0 t\u1ef1 l\u00e0m s\u1ea1ch v\u00f2i), cho ph\u00e9p ng\u01b0\u1eddi d\u00f9ng l\u1ef1a ch\u1ecdn m\u1ee9c \u0111\u1ed9 phun n\u01b0\u1edbc v\u00e0 \u00e1p l\u1ef1c ph\u00f9 h\u1ee3p. \u0110i\u1ec1u n\u00e0y \u0111\u1ea3m b\u1ea3o v\u1ec7 sinh t\u1ed1i \u01b0u v\u00e0 cung c\u1ea5p tr\u1ea3i nghi\u1ec7m r\u1eeda s\u1ea1ch v\u00e0 tho\u1ea3i m\u00e1i.<\/li>\n<li aria-level=\"1\"><b>N\u00fat \u0111i\u1ec1u ch\u1ec9nh \u0111a n\u0103n<\/b>g c\u1ee7a s\u1ea3n ph\u1ea9m cho ph\u00e9p ng\u01b0\u1eddi d\u00f9ng \u0111i\u1ec1u ch\u1ec9nh c\u00e1c ch\u1ee9c n\u0103ng c\u01a1 b\u1ea3n m\u1ed9t c\u00e1ch d\u1ec5 d\u00e0ng v\u00e0 ti\u1ec7n l\u1ee3i. M\u00e0n h\u00ecnh LED hi\u1ec3n th\u1ecb c\u00e1c ch\u1ee9c n\u0103ng gi\u00fap ng\u01b0\u1eddi d\u00f9ng d\u1ec5 d\u00e0ng theo d\u00f5i v\u00e0 t\u00f9y ch\u1ec9nh c\u00e1c thi\u1ebft l\u1eadp.<\/li>\n<li aria-level=\"1\">S\u1ea3n ph\u1ea9m \u0111i k\u00e8m v\u1edbi m\u1ed9t\u00a0<b>b\u1ed9 \u0111i\u1ec1u khi\u1ec3n t\u1eeb xa kh\u00f4ng d\u00e2y<\/b>, \u0111em \u0111\u1ebfn s\u1ef1 ti\u1ec7n l\u1ee3i tuy\u1ec7t \u0111\u1ed1i cho ng\u01b0\u1eddi d\u00f9ng. Ng\u01b0\u1eddi d\u00f9ng c\u00f3 th\u1ec3 \u0111i\u1ec1u khi\u1ec3n c\u00e1c ch\u1ee9c n\u0103ng v\u00e0 thi\u1ebft l\u1eadp m\u1ed9t c\u00e1ch d\u1ec5 d\u00e0ng t\u1eeb xa.<\/li>\n<\/ul>\n<\/div>\n<\/div>\n","protected":false},"excerpt":{"rendered":"<table class=\"info-table\">\n<tbody>\n<tr>\n<th>K\u00edch th\u01b0\u1edbc (d\u00e0i*r\u1ed9ng*cao)<\/th>\n<td>680*400*470mm<\/td>\n<\/tr>\n<tr>\n<th>T\u1ef1 \u0111\u1ed9ng l\u1eadt<\/th>\n<td>C\u00f3<\/td>\n<\/tr>\n<tr>\n<th>C\u1ea3m bi\u1ebfn \u0111\u00e1 ch\u00e2n, T\u1ef1 \u0111\u1ed9ng x\u1ea3 n\u01b0\u1edbc<\/th>\n<td>C\u00f3<\/td>\n<\/tr>\n<tr>\n<th>Remote \u0111i\u1ec1u khi\u1ec3n t\u1eeb xa<\/th>\n<td>C\u00f3<\/td>\n<\/tr>\n<tr>\n<th>N\u00fat xoay \u0111i\u1ec1u khi\u1ec3n t\u00ednh n\u0103ng b\u00ean h\u00f4ng<\/th>\n<td>C\u00f3<\/td>\n<\/tr>\n<tr>\n<th>V\u00f2i x\u1ecbt \u0111a ch\u1ebf \u0111\u1ed9<\/th>\n<td>R\u1eeda sau, R\u1eeda ph\u1ee5 n\u1eef, R\u1eeda massage, v\u00e0 t\u1ef1 l\u00e0m s\u1ea1ch v\u00f2i<\/td>\n<\/tr>\n<tr>\n<th>Ph\u01b0\u01a1ng ph\u00e1p x\u1ea3<\/th>\n<td>X\u1ea3 xo\u00e1y k\u1ebft h\u1ee3p x\u1ea3 ph\u1ea3n l\u1ef1c<\/td>\n<\/tr>\n<tr>\n<th>T\u00ednh n\u0103ng<\/th>\n<td>\u0110i\u1ec1u ch\u1ec9nh \u00e1p l\u1ef1c n\u01b0\u1edbc, v\u1ecb tr\u00ed v\u00f2i r\u1eeda, s\u1ea5y kh\u00f4 kh\u00ed \u1ea5m, b\u1ec7 ng\u1ed3i kh\u00e1ng khu\u1ea9n, pin d\u1ef1 ph\u00f2ng, x\u1ea3 khi m\u1ea5t \u0111i\u1ec7n, m\u00e0n h\u00ecnh LED hi\u1ec3n th\u1ecb th\u00f4ng s\u1ed1 nhi\u1ec7t \u0111\u1ed9, \u0111\u00e8n led ban \u0111\u00eam, ch\u1ed1ng r\u00f2 r\u1ec9, ch\u1ed1ng ch\u00e1y n\u1ed5, ti\u00eau chu\u1ea9n ch\u1ed1ng n\u01b0\u1edbc IPX4.<\/td>\n<\/tr>\n<tr>\n<th>Nhi\u1ec7t \u0111\u1ed9 n\u01b0\u1edbc, b\u1ec7 ng\u1ed3i<\/th>\n<td>4 m\u1ee9c (Trung b\u00ecnh \u2013 34\u00b0C \u2013 37\u00b0C \u2013 40\u00b0C)<\/td>\n<\/tr>\n<tr>\n<th>Nhi\u1ec7t \u0111\u1ed9 s\u1ea5y<\/th>\n<td>4 m\u1ee9c (Trung b\u00ecnh \u2013 F1 \u2013 F2 \u2013 F3)<\/td>\n<\/tr>\n<tr>\n<th>Ti\u1ec7n \u00edch kh\u00e1c<\/th>\n<td>N\u1eafp \u0111\u00f3ng m\u1edf gi\u1ea3m ch\u1ea5n<\/td>\n<\/tr>\n<tr>\n<th>Ch\u1ea5t li\u1ec7u th\u00e2n<\/th>\n<td>G\u1ed1m S\u1ee9, ph\u1ee7 men Nano B\u1ea1c kh\u00e1ng khu\u1ea9n<\/td>\n<\/tr>\n<tr>\n<th>Ch\u1ea5t li\u1ec7u n\u1eafp + b\u1ec7 ng\u1ed3i<\/th>\n<td>Nh\u1ef1a ABS (Ph\u1ee7 Ion B\u1ea1c Ag+ kh\u00e1ng khu\u1ea9n)<\/td>\n<\/tr>\n<tr>\n<th>T\u00e2m h\u1ed1<\/th>\n<td>90-114mm<\/td>\n<\/tr>\n<tr>\n<th>Kho\u1ea3ng c\u00e1ch t\u1eeb t\u01b0\u1eddng \u0111\u1ebfn t\u00e2m h\u1ed1<\/th>\n<td>300mm<\/td>\n<\/tr>\n<tr>\n<th>T\u1ea3i tr\u1ecdng<\/th>\n<td>300kg<\/td>\n<\/tr>\n<\/tbody>\n<\/table>\n","protected":false},"featured_media":2033,"comment_status":"open","ping_status":"closed","template":"","meta":[],"product_brand":[],"product_cat":[18,26],"product_tag":[],"class_list":{"0":"post-2032","1":"product","2":"type-product","3":"status-publish","4":"has-post-thumbnail","6":"product_cat-thiet-bi-ve-sinh","7":"product_cat-bon-cau","9":"first","10":"instock","11":"shipping-taxable","12":"product-type-simple"},"_links":{"self":[{"href":"https:\/\/nhadepbepxinh.com.vn\/index.php?rest_route=\/wp\/v2\/product\/2032","targetHints":{"allow":["GET"]}}],"collection":[{"href":"https:\/\/nhadepbepxinh.com.vn\/index.php?rest_route=\/wp\/v2\/product"}],"about":[{"href":"https:\/\/nhadepbepxinh.com.vn\/index.php?rest_route=\/wp\/v2\/types\/product"}],"replies":[{"embeddable":true,"href":"https:\/\/nhadepbepxinh.com.vn\/index.php?rest_route=%2Fwp%2Fv2%2Fcomments&post=2032"}],"wp:featuredmedia":[{"embeddable":true,"href":"https:\/\/nhadepbepxinh.com.vn\/index.php?rest_route=\/wp\/v2\/media\/2033"}],"wp:attachment":[{"href":"https:\/\/nhadepbepxinh.com.vn\/index.php?rest_route=%2Fwp%2Fv2%2Fmedia&parent=2032"}],"wp:term":[{"taxonomy":"product_brand","embeddable":true,"href":"https:\/\/nhadepbepxinh.com.vn\/index.php?rest_route=%2Fwp%2Fv2%2Fproduct_brand&post=2032"},{"taxonomy":"product_cat","embeddable":true,"href":"https:\/\/nhadepbepxinh.com.vn\/index.php?rest_route=%2Fwp%2Fv2%2Fproduct_cat&post=2032"},{"taxonomy":"product_tag","embeddable":true,"href":"https:\/\/nhadepbepxinh.com.vn\/index.php?rest_route=%2Fwp%2Fv2%2Fproduct_tag&post=2032"}],"curies":[{"name":"wp","href":"https:\/\/api.w.org\/{rel}","templated":true}]}}