{"id":1970,"date":"2025-03-27T10:38:58","date_gmt":"2025-03-27T03:38:58","guid":{"rendered":"https:\/\/nhadepbepxinh.com.vn\/?post_type=product&#038;p=1970"},"modified":"2025-03-27T10:38:59","modified_gmt":"2025-03-27T03:38:59","slug":"voi-sen-tam-cay-inax-bfv-3415t-3c-nhiet-do","status":"publish","type":"product","link":"https:\/\/nhadepbepxinh.com.vn\/?product=voi-sen-tam-cay-inax-bfv-3415t-3c-nhiet-do","title":{"rendered":"VO\u0300I SEN T\u0102\u0301M C\u00c2Y INAX BFV-3415T-3C NHI\u00ca\u0323T \u0110\u00d4\u0323"},"content":{"rendered":"<h2><strong>Th\u00f4ng tin c\u01a1 b\u1ea3n v\u00f2i sen c\u00e2y INAX BFV-3415T-3C nhi\u1ec7t \u0111\u1ed9<\/strong><\/h2>\n<ul>\n<li>Sen c\u00e2y t\u1eafm\u00a0INAX\u00a0\u0111\u1ebfn t\u1eeb th\u01b0\u01a1ng hi\u1ec7u\u00a0thi\u1ebft b\u1ecb v\u1ec7 sinh INAX<\/li>\n<li>K\u1ebft h\u1ee3p gi\u1eefa b\u1ed9 sen t\u1eafm nhi\u1ec7t \u0111\u1ed9 v\u00e0 b\u1ed9 ph\u1ee5 ki\u1ec7n sen c\u00e2y cao c\u1ea5p<\/li>\n<li>B\u00e1t sen \u0111\u01b0\u1ee3c thi\u1ebft k\u1ebf \u0111\u1eb7c bi\u1ec7t gi\u00fap cho phun n\u01b0\u1edbc \u0111\u1ec1u<\/li>\n<li>\u00c1p l\u1ef1c n\u01b0\u1edbc: 0.15MPa ~ 0.75MPa<\/li>\n<li>L\u1edbp m\u1ea1 Cr\/Ni ch\u1ea5t l\u01b0\u1ee3ng cao<\/li>\n<li>Sen \u0111\u01b0\u1ee3c thi\u1ebft k\u1ebf v\u1edbi \u0111\u0129a Cartridge b\u1ec1n b\u1ec9 v\u00e0 gi\u00fap ti\u1ebft ki\u1ec7m n\u01b0\u1edbc<\/li>\n<li>Tay v\u1eb7n v\u00f2i ti\u1ebft ki\u1ec7m n\u01b0\u1edbc, v\u00f2i n\u01b0\u1edbc \u00edt ch\u00ec<\/li>\n<li>D\u1ec5 d\u00e0ng v\u00e0 ti\u1ec7n l\u1ee3i khi s\u1eed d\u1ee5ng, m\u1eabu m\u1edbi<\/li>\n<\/ul>\n<h2><strong>B\u1ea3n v\u1ebd v\u00f2i sen c\u00e2y INAX BFV 3415T 3C n\u00f3ng l\u1ea1nh<\/strong><\/h2>\n<p><img loading=\"lazy\" decoding=\"async\" class=\"alignnone size-medium wp-image-3860\" src=\"https:\/\/inaxts.com\/wp-content\/uploads\/2023\/11\/ban-ve-sen-cay-inax-bfv-3415t-740x740-2-360x360.jpg\" sizes=\"auto, (max-width: 360px) 100vw, 360px\" srcset=\"https:\/\/inaxts.com\/wp-content\/uploads\/2023\/11\/ban-ve-sen-cay-inax-bfv-3415t-740x740-2-360x360.jpg 360w, https:\/\/inaxts.com\/wp-content\/uploads\/2023\/11\/ban-ve-sen-cay-inax-bfv-3415t-740x740-2-188x188.jpg 188w, https:\/\/inaxts.com\/wp-content\/uploads\/2023\/11\/ban-ve-sen-cay-inax-bfv-3415t-740x740-2-600x600.jpg 600w, https:\/\/inaxts.com\/wp-content\/uploads\/2023\/11\/ban-ve-sen-cay-inax-bfv-3415t-740x740-2-100x100.jpg 100w, https:\/\/inaxts.com\/wp-content\/uploads\/2023\/11\/ban-ve-sen-cay-inax-bfv-3415t-740x740-2.jpg 740w\" alt=\"\" width=\"360\" height=\"360\" \/><\/p>\n","protected":false},"excerpt":{"rendered":"<ul>\n<li>Sen c\u00e2y t\u1eafm\u00a0INAX\u00a0\u0111\u1ebfn t\u1eeb th\u01b0\u01a1ng hi\u1ec7u\u00a0thi\u1ebft b\u1ecb v\u1ec7 sinh INAX<\/li>\n<li>K\u1ebft h\u1ee3p gi\u1eefa b\u1ed9 sen t\u1eafm nhi\u1ec7t \u0111\u1ed9 v\u00e0 b\u1ed9 ph\u1ee5 ki\u1ec7n sen c\u00e2y cao c\u1ea5p<\/li>\n<li>B\u00e1t sen \u0111\u01b0\u1ee3c thi\u1ebft k\u1ebf \u0111\u1eb7c bi\u1ec7t gi\u00fap cho phun n\u01b0\u1edbc \u0111\u1ec1u<\/li>\n<li>\u00c1p l\u1ef1c n\u01b0\u1edbc: 0.15MPa ~ 0.75MPa<\/li>\n<li>L\u1edbp m\u1ea1 Cr\/Ni ch\u1ea5t l\u01b0\u1ee3ng cao<\/li>\n<li>Sen \u0111\u01b0\u1ee3c thi\u1ebft k\u1ebf v\u1edbi \u0111\u0129a Cartridge b\u1ec1n b\u1ec9 v\u00e0 gi\u00fap ti\u1ebft ki\u1ec7m n\u01b0\u1edbc<\/li>\n<li>Tay v\u1eb7n v\u00f2i ti\u1ebft ki\u1ec7m n\u01b0\u1edbc, v\u00f2i n\u01b0\u1edbc \u00edt ch\u00ec<\/li>\n<li>D\u1ec5 d\u00e0ng v\u00e0 ti\u1ec7n l\u1ee3i khi s\u1eed d\u1ee5ng, m\u1eabu m\u1edbi<\/li>\n<\/ul>\n","protected":false},"featured_media":1979,"comment_status":"open","ping_status":"closed","template":"","meta":[],"product_brand":[],"product_cat":[18,29],"product_tag":[],"class_list":{"0":"post-1970","1":"product","2":"type-product","3":"status-publish","4":"has-post-thumbnail","6":"product_cat-thiet-bi-ve-sinh","7":"product_cat-sen-cay","9":"first","10":"instock","11":"shipping-taxable","12":"product-type-simple"},"_links":{"self":[{"href":"https:\/\/nhadepbepxinh.com.vn\/index.php?rest_route=\/wp\/v2\/product\/1970","targetHints":{"allow":["GET"]}}],"collection":[{"href":"https:\/\/nhadepbepxinh.com.vn\/index.php?rest_route=\/wp\/v2\/product"}],"about":[{"href":"https:\/\/nhadepbepxinh.com.vn\/index.php?rest_route=\/wp\/v2\/types\/product"}],"replies":[{"embeddable":true,"href":"https:\/\/nhadepbepxinh.com.vn\/index.php?rest_route=%2Fwp%2Fv2%2Fcomments&post=1970"}],"wp:featuredmedia":[{"embeddable":true,"href":"https:\/\/nhadepbepxinh.com.vn\/index.php?rest_route=\/wp\/v2\/media\/1979"}],"wp:attachment":[{"href":"https:\/\/nhadepbepxinh.com.vn\/index.php?rest_route=%2Fwp%2Fv2%2Fmedia&parent=1970"}],"wp:term":[{"taxonomy":"product_brand","embeddable":true,"href":"https:\/\/nhadepbepxinh.com.vn\/index.php?rest_route=%2Fwp%2Fv2%2Fproduct_brand&post=1970"},{"taxonomy":"product_cat","embeddable":true,"href":"https:\/\/nhadepbepxinh.com.vn\/index.php?rest_route=%2Fwp%2Fv2%2Fproduct_cat&post=1970"},{"taxonomy":"product_tag","embeddable":true,"href":"https:\/\/nhadepbepxinh.com.vn\/index.php?rest_route=%2Fwp%2Fv2%2Fproduct_tag&post=1970"}],"curies":[{"name":"wp","href":"https:\/\/api.w.org\/{rel}","templated":true}]}}