{"id":1948,"date":"2025-03-27T10:02:57","date_gmt":"2025-03-27T03:02:57","guid":{"rendered":"https:\/\/nhadepbepxinh.com.vn\/?post_type=product&#038;p=1948"},"modified":"2025-03-27T10:02:57","modified_gmt":"2025-03-27T03:02:57","slug":"bon-cau-1-khoi-ac-989vn","status":"publish","type":"product","link":"https:\/\/nhadepbepxinh.com.vn\/?product=bon-cau-1-khoi-ac-989vn","title":{"rendered":"B\u00d4\u0300N C\u00c2\u0300U 1 KH\u00d4\u0301I AC-989VN"},"content":{"rendered":"<h2><strong>Th\u00f4ng tin c\u01a1 b\u1ea3n b\u1ed3n c\u1ea7u Inax AC-989VN<\/strong><\/h2>\n<ul>\n<li>Ki\u1ec3u x\u1ea3 2 nh\u1ea5n 4.5\/3 l\u00edt<\/li>\n<li>K\u00edch th\u01b0\u1edbc:\u00a0720 x 372 x 670 mm (d\u00e0i x r\u1ed9ng x cao)<\/li>\n<li>T\u00e2m tho\u00e1t : 300mm (+-5)<\/li>\n<li>M\u1ed9t c\u1eeda x\u1ea3 xo\u00e1y<\/li>\n<li>C\u00f3 th\u1ec3 k\u1ebft h\u1ee3p v\u1edbi n\u1eafp \u0111i\u1ec7n t\u1eed, n\u1eafp r\u1eeda c\u01a1<\/li>\n<li>M\u00e0u s\u1eafc: Tr\u1eafng<\/li>\n<li>Xu\u1ea5t x\u1ee9: Vi\u1ec7t Nam<\/li>\n<li>Th\u01b0\u01a1ng hi\u1ec7u:\u00a0INAX<\/li>\n<\/ul>\n<h2><strong>T\u00ednh n\u0103ng\u00a0b\u1ec7t v\u1ec7 sinh Inax\u00a0AC989VN li\u00ea\u0300n kh\u00f4\u0301i<\/strong><\/h2>\n<ul>\n<li>B\u00e0n c\u1ea7u\u00a0s\u1eed d\u1ee5ng 100% l\u01b0\u1ee3ng n\u01b0\u1edbc x\u1ea3 t\u1eeb ph\u00eda tr\u00ean, t\u1ea1o n\u00ean d\u00f2ng xo\u00e1y c\u1ef1c m\u1ea1nh r\u1eeda tr\u00f4i m\u1ecdi v\u1ebft b\u1ea9n.<\/li>\n<li>K\u1ef9 thu\u1eadt x\u1ea3 r\u1eeda v\u00e0nh Rim Hygiene ki\u1ec3u m\u1edbi kh\u00f4ng g\u00f3c khu\u1ea5t d\u1ec5 d\u00e0ng v\u1ec7 sinh<\/li>\n<li>C\u00f4ng ngh\u1ec7 AQUA CERAMIC: Nh\u1eefng v\u1ebft \u1ed1 v\u00e0ng hay v\u1ebft \u0111\u1ecdng n\u01b0\u1edbc kh\u00f4ng th\u1ec3 h\u00ecnh th\u00e0nh tr\u00ean b\u1ec1 m\u1eb7t s\u1ee9 trong l\u00f2ng b\u00e0n c\u1ea7u, gi\u00fap ng\u01b0\u1eddi s\u1eed d\u1ee5ng gi\u1ea3m \u0111\u01b0\u1ee3c vi\u1ec7c v\u1ec7 sinh b\u1ed3n c\u1ea7u th\u01b0\u1eddng xuy\u00ean, v\u00e0 gi\u1ea3m vi\u1ec7c s\u1eed d\u1ee5ng h\u00f3a ch\u1ea5t t\u1ea9y r\u1eeda.<\/li>\n<li>C\u00f4ng ngh\u1ec7 ch\u1ed1ng b\u00e1m b\u1ea9n c\u00f4ng th\u1ee9c \u0111\u1ed9c quy\u1ec1n c\u1ee7a INAX Nh\u1eadt B\u1ea3n, ph\u1ee7 l\u00ean tr\u00ean b\u1ec1 m\u1eb7t men m\u1ed9t l\u1edbp m\u00e0ng v\u00e0 c\u00f3 kh\u1ea3 n\u0103ng l\u00e0m t\u0103ng s\u1ee9c c\u0103ng b\u1ec1 m\u1eb7t c\u1ee7a n\u01b0\u1edbc.<\/li>\n<li>Ng\u0103n ch\u1eb7n c\u00e1c gi\u1ecdt n\u01b0\u1edbc \u0111\u1ecdng l\u1ea1i \u0111\u1ebb h\u1ea1t c\u1eb7n Silic trong n\u01b0\u1edbc kh\u00f4ng th\u1ec3 b\u00e1m b\u1ea9n g\u00e2y ra c\u00e1c v\u1ebft \u1ed1 v\u00e0ng tr\u00ean men s\u1ee9<\/li>\n<li>N\u1eafp b\u1ec7 ng\u1ed3i r\u1ed9ng r\u1ea3i \u0111\u01b0\u1eddng cong tuy\u1ec7t h\u1ea3o t\u1ea1o c\u1ea3m gi\u00e1c tho\u1ea3i m\u00e1i. N\u1eafp \u0111\u00f3ng \u00eam<\/li>\n<li>H\u1ec7 th\u1ed1ng hai c\u1eeda x\u1ea3 \u0111\u1ea9y m\u1ea1nh m\u1ebd<\/li>\n<\/ul>\n<h2><strong>B\u1ea3n v\u1ebd k\u00edch th\u01b0\u1edbc b\u00e0n c\u1ea7u Inax AC 989 VN<\/strong><\/h2>\n<p><img loading=\"lazy\" decoding=\"async\" class=\"alignnone size-medium wp-image-2423\" src=\"https:\/\/inaxts.com\/wp-content\/uploads\/2023\/11\/ban-ve-bon-cau-inax-ac-989vn-740x740-2-360x360.jpg\" sizes=\"auto, (max-width: 360px) 100vw, 360px\" srcset=\"https:\/\/inaxts.com\/wp-content\/uploads\/2023\/11\/ban-ve-bon-cau-inax-ac-989vn-740x740-2-360x360.jpg 360w, https:\/\/inaxts.com\/wp-content\/uploads\/2023\/11\/ban-ve-bon-cau-inax-ac-989vn-740x740-2-188x188.jpg 188w, https:\/\/inaxts.com\/wp-content\/uploads\/2023\/11\/ban-ve-bon-cau-inax-ac-989vn-740x740-2-600x600.jpg 600w, https:\/\/inaxts.com\/wp-content\/uploads\/2023\/11\/ban-ve-bon-cau-inax-ac-989vn-740x740-2-100x100.jpg 100w, https:\/\/inaxts.com\/wp-content\/uploads\/2023\/11\/ban-ve-bon-cau-inax-ac-989vn-740x740-2.jpg 740w\" alt=\"\" width=\"360\" height=\"360\" \/><\/p>\n","protected":false},"excerpt":{"rendered":"<ul>\n<li>Ki\u1ec3u x\u1ea3 2 nh\u1ea5n 4.5\/3 l\u00edt<\/li>\n<li>K\u00edch th\u01b0\u1edbc:\u00a0720 x 372 x 670 mm (d\u00e0i x r\u1ed9ng x cao)<\/li>\n<li>T\u00e2m tho\u00e1t : 300mm (+-5)<\/li>\n<li>M\u1ed9t c\u1eeda x\u1ea3 xo\u00e1y<\/li>\n<li>C\u00f3 th\u1ec3 k\u1ebft h\u1ee3p v\u1edbi n\u1eafp \u0111i\u1ec7n t\u1eed, n\u1eafp r\u1eeda c\u01a1<\/li>\n<li>M\u00e0u s\u1eafc: Tr\u1eafng<\/li>\n<li>Xu\u1ea5t x\u1ee9: Vi\u1ec7t Nam<\/li>\n<li>Th\u01b0\u01a1ng hi\u1ec7u:\u00a0INAX<\/li>\n<\/ul>\n","protected":false},"featured_media":1952,"comment_status":"open","ping_status":"closed","template":"","meta":[],"product_brand":[],"product_cat":[18,26],"product_tag":[],"class_list":{"0":"post-1948","1":"product","2":"type-product","3":"status-publish","4":"has-post-thumbnail","6":"product_cat-thiet-bi-ve-sinh","7":"product_cat-bon-cau","9":"first","10":"instock","11":"shipping-taxable","12":"product-type-simple"},"_links":{"self":[{"href":"https:\/\/nhadepbepxinh.com.vn\/index.php?rest_route=\/wp\/v2\/product\/1948","targetHints":{"allow":["GET"]}}],"collection":[{"href":"https:\/\/nhadepbepxinh.com.vn\/index.php?rest_route=\/wp\/v2\/product"}],"about":[{"href":"https:\/\/nhadepbepxinh.com.vn\/index.php?rest_route=\/wp\/v2\/types\/product"}],"replies":[{"embeddable":true,"href":"https:\/\/nhadepbepxinh.com.vn\/index.php?rest_route=%2Fwp%2Fv2%2Fcomments&post=1948"}],"wp:featuredmedia":[{"embeddable":true,"href":"https:\/\/nhadepbepxinh.com.vn\/index.php?rest_route=\/wp\/v2\/media\/1952"}],"wp:attachment":[{"href":"https:\/\/nhadepbepxinh.com.vn\/index.php?rest_route=%2Fwp%2Fv2%2Fmedia&parent=1948"}],"wp:term":[{"taxonomy":"product_brand","embeddable":true,"href":"https:\/\/nhadepbepxinh.com.vn\/index.php?rest_route=%2Fwp%2Fv2%2Fproduct_brand&post=1948"},{"taxonomy":"product_cat","embeddable":true,"href":"https:\/\/nhadepbepxinh.com.vn\/index.php?rest_route=%2Fwp%2Fv2%2Fproduct_cat&post=1948"},{"taxonomy":"product_tag","embeddable":true,"href":"https:\/\/nhadepbepxinh.com.vn\/index.php?rest_route=%2Fwp%2Fv2%2Fproduct_tag&post=1948"}],"curies":[{"name":"wp","href":"https:\/\/api.w.org\/{rel}","templated":true}]}}