{"id":1938,"date":"2025-03-27T09:47:27","date_gmt":"2025-03-27T02:47:27","guid":{"rendered":"https:\/\/nhadepbepxinh.com.vn\/?post_type=product&#038;p=1938"},"modified":"2025-03-27T09:47:27","modified_gmt":"2025-03-27T02:47:27","slug":"bo-sen-tam-k3207","status":"publish","type":"product","link":"https:\/\/nhadepbepxinh.com.vn\/?product=bo-sen-tam-k3207","title":{"rendered":"B\u00d4\u0323 SEN T\u0102\u0301M K3207"},"content":{"rendered":"<p>\u0110\u0102\u0323C \u0110I\u00ca\u0309M C\u01a0 BA\u0309N<\/p>\n<p>\u2013 Lo\u1ea1i: Sen t\u1eafm th\u01b0\u1eddng n\u00f3ng l\u1ea1nh 2 ch\u1ebf \u0111\u1ed9<\/p>\n<p>\u2013 Ch\u1ea5t li\u1ec7u: \u0110\u1ed3ng<\/p>\n<p>\u2013 M\u1ea1: Niken + Crom<\/p>\n<p>\u2013 B\u1ea3o h\u00e0nh 5 n\u0103m (Y\u00eau c\u1ea7u k\u00edch ho\u1ea1t b\u1ea3o h\u00e0nh \u0111i\u1ec7n t\u1eed)<\/p>\n","protected":false},"excerpt":{"rendered":"<p>\u2013 Lo\u1ea1i: Sen t\u1eafm th\u01b0\u1eddng n\u00f3ng l\u1ea1nh 2 ch\u1ebf \u0111\u1ed9<\/p>\n<p>\u2013 Ch\u1ea5t li\u1ec7u: \u0110\u1ed3ng<\/p>\n<p>\u2013 M\u1ea1: Niken + Crom<\/p>\n<p>\u2013 B\u1ea3o h\u00e0nh 5 n\u0103m (Y\u00eau c\u1ea7u k\u00edch ho\u1ea1t b\u1ea3o h\u00e0nh \u0111i\u1ec7n t\u1eed)<\/p>\n","protected":false},"featured_media":1939,"comment_status":"open","ping_status":"closed","template":"","meta":[],"product_brand":[],"product_cat":[18,30],"product_tag":[],"class_list":{"0":"post-1938","1":"product","2":"type-product","3":"status-publish","4":"has-post-thumbnail","6":"product_cat-thiet-bi-ve-sinh","7":"product_cat-sen-tam-thuong","9":"first","10":"instock","11":"shipping-taxable","12":"product-type-simple"},"_links":{"self":[{"href":"https:\/\/nhadepbepxinh.com.vn\/index.php?rest_route=\/wp\/v2\/product\/1938","targetHints":{"allow":["GET"]}}],"collection":[{"href":"https:\/\/nhadepbepxinh.com.vn\/index.php?rest_route=\/wp\/v2\/product"}],"about":[{"href":"https:\/\/nhadepbepxinh.com.vn\/index.php?rest_route=\/wp\/v2\/types\/product"}],"replies":[{"embeddable":true,"href":"https:\/\/nhadepbepxinh.com.vn\/index.php?rest_route=%2Fwp%2Fv2%2Fcomments&post=1938"}],"wp:featuredmedia":[{"embeddable":true,"href":"https:\/\/nhadepbepxinh.com.vn\/index.php?rest_route=\/wp\/v2\/media\/1939"}],"wp:attachment":[{"href":"https:\/\/nhadepbepxinh.com.vn\/index.php?rest_route=%2Fwp%2Fv2%2Fmedia&parent=1938"}],"wp:term":[{"taxonomy":"product_brand","embeddable":true,"href":"https:\/\/nhadepbepxinh.com.vn\/index.php?rest_route=%2Fwp%2Fv2%2Fproduct_brand&post=1938"},{"taxonomy":"product_cat","embeddable":true,"href":"https:\/\/nhadepbepxinh.com.vn\/index.php?rest_route=%2Fwp%2Fv2%2Fproduct_cat&post=1938"},{"taxonomy":"product_tag","embeddable":true,"href":"https:\/\/nhadepbepxinh.com.vn\/index.php?rest_route=%2Fwp%2Fv2%2Fproduct_tag&post=1938"}],"curies":[{"name":"wp","href":"https:\/\/api.w.org\/{rel}","templated":true}]}}