{"id":1933,"date":"2025-03-27T09:42:13","date_gmt":"2025-03-27T02:42:13","guid":{"rendered":"https:\/\/nhadepbepxinh.com.vn\/?post_type=product&#038;p=1933"},"modified":"2025-03-27T09:45:16","modified_gmt":"2025-03-27T02:45:16","slug":"bo-sen-tam-k3009s","status":"publish","type":"product","link":"https:\/\/nhadepbepxinh.com.vn\/?product=bo-sen-tam-k3009s","title":{"rendered":"B\u00d4\u0323 SEN T\u0102\u0301M K3009S"},"content":{"rendered":"<h2><strong>Ki\u1ec3u d\u00e1ng nh\u1ecf g\u1ecdn, thanh l\u1ecbch \u0111\u1ebfn t\u1eeb b\u1ed9 sen t\u1eafm K3009S<\/strong><\/h2>\n<p>L\u00e0 s\u1ea3n ph\u1ea9m n\u1eb1n trong b\u1ed9 s\u01b0u t\u1eadp n\u0103m 2021 c\u1ee7a KOREST, b\u1ed9 sen t\u1eafm K3009S thu h\u00fat ng\u01b0\u1eddi d\u00f9ng b\u1edfi ki\u1ec3u d\u00e1ng nh\u1ecf nh\u1eafn, nh\u01b0ng kh\u00f4ng k\u00e9m ph\u1ea7n sang tr\u1ecdng tinh t\u1ebf. C\u1ea7n g\u1ea1t sen \u0111\u01b0\u1ee3c KOREST thi\u1ebft m\u1ecfng d\u1eb9t, thanh m\u1ea3nh, c\u00f9ng v\u1edbi \u0111\u00f3 l\u00e0 \u0111\u01b0\u1eddng n\u00e9t m\u1ec1m m\u1ea1i ch\u00ednh l\u00e0 \u0111i\u1ec3m nh\u1ea5n c\u1ee7a b\u1ed9 sen t\u1eafm K3009S.<\/p>\n<p><img loading=\"lazy\" decoding=\"async\" class=\"alignnone wp-image-8584 size-full lazyloaded\" src=\"https:\/\/korest.vn\/wp-content\/uploads\/2021\/12\/3009s1.jpg\" sizes=\"auto, (max-width: 1200px) 100vw, 1200px\" srcset=\"https:\/\/korest.vn\/wp-content\/uploads\/2021\/12\/3009s1.jpg 1200w, https:\/\/korest.vn\/wp-content\/uploads\/2021\/12\/3009s1-375x375.jpg 375w, https:\/\/korest.vn\/wp-content\/uploads\/2021\/12\/3009s1-575x575.jpg 575w, https:\/\/korest.vn\/wp-content\/uploads\/2021\/12\/3009s1-150x150.jpg 150w\" alt=\"B\u00f4\u0323 sen t\u0103\u0301m K3009S\" width=\"1200\" height=\"1200\" data-ll-status=\"loaded\" \/><\/p>\n<p>B\u00f4\u0323 sen t\u0103\u0301m K3009S<\/p>\n<p>S\u1edf h\u1eefu ki\u1ec3u d\u00e1ng nh\u1ecf g\u1ecdn thanh l\u1ecbch, b\u1ed9 sen t\u1eafm K3009S h\u1ee9a h\u1eb9n s\u1ebd l\u00e0 s\u1ea3n ph\u1ea9m ph\u00f9 h\u1ee3p cho nh\u1eefng gia \u0111\u00ecnh c\u00f3 kh\u00f4ng gian ph\u00f2ng t\u1eafm nh\u1ecf. \u0110\u1eb7c bi\u1ec7t h\u01a1n, s\u1ea3n ph\u1ea9m\u00a0d\u1ec5 d\u00e0ng ph\u1ed1i h\u1ee3p v\u1edbi thi\u1ebft b\u1ecb v\u1ec7 sinh kh\u00e1c nh\u01b0 v\u00f2i ch\u1eadu r\u1eeda m\u1eb7t\u00a0K2209, gi\u00fap ph\u00f2ng t\u1eafm tr\u1edf n\u00ean h\u00e0i h\u00f2a v\u00e0 tinh t\u1ebf h\u01a1n.<\/p>\n<h2><strong>Ch\u1ea5t l\u01b0\u1ee3ng \u01b0u vi\u1ec7t c\u1ee7a b\u1ed9 sen t\u1eafm K3009S<\/strong><\/h2>\n<p>\u2013 B\u1ed9 sen t\u1eafm K3009S c\u1ee7a KOREST \u0111\u01b0\u1ee3c ch\u1ebf t\u1ea1o t\u1eeb nguy\u00ean li\u1ec7u \u0111\u1ed3ng nguy\u00ean kh\u1ed1i cao c\u1ea5p. Nh\u1eb1m gi\u00fap s\u1ea3n ph\u1ea9m s\u1eed d\u1ee5ng cho h\u1ea7u h\u1ebft c\u00e1c ngu\u1ed3n n\u01b0\u1edbc \u1edf Vi\u1ec7t Nam, \u0111\u1ed3ng th\u1eddi b\u1ea3o v\u1ec7 s\u1ee9c kh\u1ecfe cho ng\u01b0\u1eddi s\u1eed d\u1ee5ng v\u00e0 \u0111\u1eb7c bi\u1ec7t th\u00e2n thi\u1ec7n v\u1edbi thi\u00ean nhi\u00ean.<\/p>\n<p>\u2013 B\u1ec1 m\u1eb7t b\u00ean ngo\u00e0i c\u1ee7a b\u1ed9 sen t\u1eafm K3009S\u00a0\u0111\u01b0\u1ee3c ph\u1ee7 l\u1edbp m\u1ea1 Niken\/Crom gi\u00fap ch\u1ed1ng x\u01b0\u1edbc, h\u1ea1n ch\u1ebf t\u1ed1i \u0111a t\u00ecnh tr\u1ea1ng han g\u1ec9, g\u1ec9 s\u00e9t, oxy h\u00f3a, k\u1ec3 c\u1ea3 khi \u0111\u00e3 s\u1eed d\u1ee5ng \u0111\u01b0\u1ee3c m\u1ed9t th\u1eddi gian d\u00e0i. V\u00ec v\u1eady, khi s\u1eed d\u1ee5ng<strong>\u00a0b\u1ed9 sen t\u1eafm K3009S<\/strong>, b\u1ea1n c\u00f3 th\u1ec3 \u0111\u1eb7t 100% ni\u1ec1m tin v\u00e0o \u0111\u1ed9 s\u00e1ng b\u00f3ng v\u00e0 b\u1ec1n \u0111\u1eb9p th\u00e1ch th\u1ee9c th\u1eddi gian c\u1ee7a s\u1ea3n ph\u1ea9m.<\/p>\n<p><strong>Nh\u1eefng ph\u1ee5 ki\u1ec7n \u0111i k\u00e8m v\u1edbi s\u1ea3n ph\u1ea9m b\u1ed9 sen t\u1eafm K3009S<\/strong><\/p>\n<p>Trong s\u1ea3n ph\u1ea9m b\u1ed9 sen t\u1eafm K3009S\u00a0s\u1ebd bao g\u1ed3m nh\u1eefng ph\u1ee5 ki\u1ec7n \u0111i k\u00e8m l\u00e0:<\/p>\n<ul>\n<li>1 Sen t\u1eafm<\/li>\n<li>1 B\u00e1t sen cao c\u1ea5p ch\u1ecbu \u0111\u01b0\u1ee3c va \u0111\u1eadp l\u1edbn<\/li>\n<\/ul>\n<p><img loading=\"lazy\" decoding=\"async\" class=\"alignnone wp-image-8585 size-full lazyloaded\" src=\"https:\/\/korest.vn\/wp-content\/uploads\/2021\/12\/3009s.3.jpg\" sizes=\"auto, (max-width: 1200px) 100vw, 1200px\" srcset=\"https:\/\/korest.vn\/wp-content\/uploads\/2021\/12\/3009s.3.jpg 1200w, https:\/\/korest.vn\/wp-content\/uploads\/2021\/12\/3009s.3-375x375.jpg 375w, https:\/\/korest.vn\/wp-content\/uploads\/2021\/12\/3009s.3-575x575.jpg 575w, https:\/\/korest.vn\/wp-content\/uploads\/2021\/12\/3009s.3-150x150.jpg 150w\" alt=\"\" width=\"1200\" height=\"1200\" data-ll-status=\"loaded\" \/><\/p>\n<p>&nbsp;<\/p>\n<p><em>B\u00e1t sen tay ch\u1ea5t li\u1ec7u cao c\u1ea5p<\/em><\/p>\n<ul>\n<li>1 Ch\u00e2n sen<\/li>\n<li>1 D\u00e2y sen Inox ch\u1ed1ng xo\u1eafn m\u1ea1 crom<\/li>\n<li>1 C\u00e0i sen thay \u0111\u1ed5i g\u00f3c<\/li>\n<\/ul>\n<h2><strong>Nh\u1eefng ti\u1ec7n \u00edch c\u1ee7a b\u1ed9 sen t\u1eafm K3009S d\u00e0nh cho ng\u01b0\u1eddi d\u00f9ng<\/strong><\/h2>\n<ul>\n<li><strong>Tay g\u1ea1t d\u1ec5 d\u00e0ng s\u1eed d\u1ee5ng<\/strong>: Tay g\u1ea1t<strong>\u00a0<\/strong>sen t\u1eafm K3009S \u0111\u00e3 \u0111\u01b0\u1ee3c KOREST thi\u1ebft k\u1ebf m\u1ecfng, nh\u1ea1y, d\u1ec5 d\u00e0ng cho thao t\u00e1c \u0111\u00f3ng m\u1edf. Do v\u1eady, \u0111\u00e2y c\u00f3 th\u1ec3 n\u00f3i l\u00e0 m\u1ed9t trong nh\u1eefng s\u1ea3n ph\u1ea9m\u00a0thi\u1ebft b\u1ecb v\u1ec7 sinh<strong>\u00a0<\/strong>d\u1ec5 s\u1eed d\u1ee5ng v\u1edbi c\u1ea3 tr\u1ebb em v\u00e0 ng\u01b0\u1eddi cao tu\u1ed5i.<\/li>\n<li><strong>B\u00e1t sen\u00a0tay cao c\u1ea5p<\/strong>: B\u00e1t sen c\u1ee7a s\u1ea3n ph\u1ea9m s\u1edf h\u1eefu<strong>\u00a0<\/strong>k\u00edch th\u01b0\u1edbc v\u1eeba v\u1eb7n c\u1ea7m tay, \u0111\u00e1p \u1ee9ng linh ho\u1ea1t nhu c\u1ea7u s\u1eed d\u1ee5ng. V\u1ec1 thi\u1ebft k\u1ebf, b\u00e1t sen h\u00ecnh tr\u00f2n t\u0103ng ti\u1ebft di\u1ec7n phun n\u01b0\u1edbc v\u00e0 cho \u00e1p su\u1ea5t n\u01b0\u1edbc ch\u1ea3y l\u1edbn t\u1ea1o c\u1ea3m gi\u00e1c th\u01b0 th\u00e1i khi t\u1eafm g\u1ed9i b\u1eb1ng\u00a0b\u1ed9 sen t\u1eafm K3009S (\u01b0u vi\u1ec7t h\u01a1n h\u1eb3n nhi\u1ec1u\u00a0thi\u1ebft b\u1ecb v\u1ec7 sinh\u00a0c\u00f9ng ph\u00e2n kh\u00fac).<\/li>\n<li><strong>C\u00e0i sen ti\u1ec7n l\u1ee3i<\/strong>: Ngo\u00e0i ra, b\u1ed9 sen t\u1eafm K3009S K3009S c\u00f2n c\u00f3 th\u00eam c\u00e0i sen ch\u1ec9nh g\u00f3c c\u1ed1 \u0111\u1ecbnh, \u0111em l\u1ea1i tho\u1ea3i m\u00e1i h\u01a1n cho ng\u01b0\u1eddi d\u00f9ng v\u00ec kh\u00f4ng c\u1ea7n ph\u1ea3i d\u00f9ng tay c\u1ea7m v\u00f2i trong l\u00fac \u0111ang t\u1eafm.<\/li>\n<\/ul>\n","protected":false},"excerpt":{"rendered":"<p class=\"code-pro f_roboto font16 line_h28 cl_99 mb-4\">M\u00e3 s\u1ea3n ph\u1ea9m: K3009S<\/p>\n<div class=\"meta-script s-content f_roboto font16 line_30 cl_33 pro_detai_s_content\">\n<p><span data-sheets-value=\"{\" data-sheets-userformat=\"{\" data-sheets-textstyleruns=\"{\">&#8211; Lo\u1ea1i: sen t\u1eafm th\u01b0\u1eddng n\u00f3ng l\u1ea1nh 2 ch\u1ebf \u0111\u1ed9<\/span><\/p>\n<p><span data-sheets-value=\"{\" data-sheets-userformat=\"{\" data-sheets-textstyleruns=\"{\">&#8211; Ch\u1ea5t li\u1ec7u: \u0110\u1ed3ng<\/span><\/p>\n<p><span data-sheets-value=\"{\" data-sheets-userformat=\"{\" data-sheets-textstyleruns=\"{\">&#8211; M\u1ea1:\u00a0Niken\/Crom<\/span><\/p>\n<p><span data-sheets-value=\"{\" data-sheets-userformat=\"{\" data-sheets-textstyleruns=\"{\">&#8211; B\u00e1t sen ch\u1ed1ng v\u1ee1<\/span><\/p>\n<p><span data-sheets-value=\"{\" data-sheets-userformat=\"{\" data-sheets-textstyleruns=\"{\">&#8211; \u00c1p l\u1ef1c n\u01b0\u1edbc c\u1ea5p: 0.07 &#8211; 0.75 MPa<\/span><\/p>\n<p><span data-sheets-value=\"{\" data-sheets-userformat=\"{\" data-sheets-textstyleruns=\"{\">&#8211; Ki\u1ec3u d\u00e1ng nh\u1ecf g\u1ecdn, ph\u00f9 h\u1ee3p v\u1edbi kh\u00f4ng gian nh\u00e0 t\u1eafm nh\u1ecf<\/span><\/p>\n<p><span data-sheets-value=\"{\" data-sheets-userformat=\"{\" data-sheets-textstyleruns=\"{\">&#8211; B\u1ea3o h\u00e0nh 3 n\u0103m (Y\u00eau c\u1ea7u k\u00edch ho\u1ea1t BH\u0110T)<\/span><\/p>\n<\/div>\n","protected":false},"featured_media":1934,"comment_status":"open","ping_status":"closed","template":"","meta":[],"product_brand":[],"product_cat":[18,30],"product_tag":[],"class_list":{"0":"post-1933","1":"product","2":"type-product","3":"status-publish","4":"has-post-thumbnail","6":"product_cat-thiet-bi-ve-sinh","7":"product_cat-sen-tam-thuong","9":"first","10":"instock","11":"shipping-taxable","12":"product-type-simple"},"_links":{"self":[{"href":"https:\/\/nhadepbepxinh.com.vn\/index.php?rest_route=\/wp\/v2\/product\/1933","targetHints":{"allow":["GET"]}}],"collection":[{"href":"https:\/\/nhadepbepxinh.com.vn\/index.php?rest_route=\/wp\/v2\/product"}],"about":[{"href":"https:\/\/nhadepbepxinh.com.vn\/index.php?rest_route=\/wp\/v2\/types\/product"}],"replies":[{"embeddable":true,"href":"https:\/\/nhadepbepxinh.com.vn\/index.php?rest_route=%2Fwp%2Fv2%2Fcomments&post=1933"}],"wp:featuredmedia":[{"embeddable":true,"href":"https:\/\/nhadepbepxinh.com.vn\/index.php?rest_route=\/wp\/v2\/media\/1934"}],"wp:attachment":[{"href":"https:\/\/nhadepbepxinh.com.vn\/index.php?rest_route=%2Fwp%2Fv2%2Fmedia&parent=1933"}],"wp:term":[{"taxonomy":"product_brand","embeddable":true,"href":"https:\/\/nhadepbepxinh.com.vn\/index.php?rest_route=%2Fwp%2Fv2%2Fproduct_brand&post=1933"},{"taxonomy":"product_cat","embeddable":true,"href":"https:\/\/nhadepbepxinh.com.vn\/index.php?rest_route=%2Fwp%2Fv2%2Fproduct_cat&post=1933"},{"taxonomy":"product_tag","embeddable":true,"href":"https:\/\/nhadepbepxinh.com.vn\/index.php?rest_route=%2Fwp%2Fv2%2Fproduct_tag&post=1933"}],"curies":[{"name":"wp","href":"https:\/\/api.w.org\/{rel}","templated":true}]}}