{"id":1926,"date":"2025-03-27T09:35:21","date_gmt":"2025-03-27T02:35:21","guid":{"rendered":"https:\/\/nhadepbepxinh.com.vn\/?post_type=product&#038;p=1926"},"modified":"2025-03-27T09:36:28","modified_gmt":"2025-03-27T02:36:28","slug":"bo-sen-tam-cay-k1100","status":"publish","type":"product","link":"https:\/\/nhadepbepxinh.com.vn\/?product=bo-sen-tam-cay-k1100","title":{"rendered":"B\u00d4\u0323 SEN T\u0102\u0301M C\u00c2Y K1100"},"content":{"rendered":"<p><strong>Sen t\u1eafm c\u00e2y<\/strong>\u00a0l\u00e0 m\u1ed9t thi\u1ebft b\u1ecb th\u00f4ng d\u1ee5ng trong ph\u00f2ng t\u1eafm. Tuy nhi\u00ean kh\u00f4ng ph\u1ea3i ai c\u0169ng bi\u1ebft h\u1ebft c\u00e1c t\u00ednh n\u0103ng, c\u00f4ng d\u1ee5ng c\u1ee7a thi\u1ebft b\u1ecb n\u00e0y. C\u00f9ng t\u00ecm hi\u1ec3u b\u1ed9 sen t\u1eafm c\u00e2y K1100 \u2013 m\u1ed9t s\u1ea3n ph\u1ea9m ti\u00eau bi\u1ec3u c\u1ee7a KOREST \u2013 trong b\u00e0i vi\u1ebft sau.<\/p>\n<figure id=\"attachment_6492\" class=\"wp-caption aligncenter\" aria-describedby=\"caption-attachment-6492\"><img loading=\"lazy\" decoding=\"async\" class=\"wp-image-6492 size-full lazyloaded\" title=\"B\u1ed9 sen t\u1eafm c\u00e2y K1100\" src=\"https:\/\/korest.vn\/wp-content\/uploads\/2022\/01\/Bo-sen-tam-cay-K1100.jpg\" sizes=\"auto, (max-width: 600px) 100vw, 600px\" srcset=\"https:\/\/korest.vn\/wp-content\/uploads\/2022\/01\/Bo-sen-tam-cay-K1100.jpg?v=1663925414 600w, https:\/\/korest.vn\/wp-content\/uploads\/2022\/01\/Bo-sen-tam-cay-K1100-375x562.jpg?v=1663925414 375w, https:\/\/korest.vn\/wp-content\/uploads\/2022\/01\/Bo-sen-tam-cay-K1100-575x862.jpg?v=1663925414 575w\" alt=\"B\u1ed9 sen t\u1eafm c\u00e2y K1100\" width=\"600\" height=\"899\" data-ll-status=\"loaded\" \/><figcaption id=\"caption-attachment-6492\" class=\"wp-caption-text\">B\u1ed9 sen t\u1eafm c\u00e2y K1100<\/figcaption><\/figure>\n<h2><strong>\u00a01. \u0110\u1eb7c \u0111i\u1ec3m c\u1ee7a b\u1ed9 sen t\u1eafm c\u00e2y K1100<\/strong><\/h2>\n<ul>\n<li>Ch\u1ea5t li\u1ec7u \u0111\u1ed3ng nguy\u00ean kh\u1ed1i cao c\u1ea5p, ch\u1eafc n\u1eb7ng, b\u1ec1n \u0111\u1eb9p theo th\u1eddi gian.<\/li>\n<li>Thi\u1ebft k\u1ebf g\u1ecdn g\u00e0ng, hi\u1ec7n \u0111\u1ea1i, d\u1ec5 d\u00e0ng ph\u1ed1i h\u1ee3p v\u1edbi nhi\u1ec1u kh\u00f4ng gian ph\u00f2ng t\u1eafm.<\/li>\n<li>B\u00e1t sen nh\u1ecf 3 ch\u1ebf \u0111\u1ed9 phun n\u01b0\u1edbc ph\u1ee5c v\u1ee5 \u0111a d\u1ea1ng nhu c\u1ea7u c\u1ee7a ng\u01b0\u1eddi d\u00f9ng.<\/li>\n<li>C\u00e0i b\u00e1t sen nh\u1ecf c\u00f3 th\u1ec3 di chuy\u1ec3n \u0111\u1ed9 cao d\u1ec5 d\u00e0ng thu\u1eadn ti\u1ec7n khi t\u1eafm cho tr\u1ebb nh\u1ecf.<\/li>\n<li>B\u00e1t sen l\u1edbn xoay 360 \u0111\u1ed9, thay \u0111\u1ed5i \u0111\u1ed9 cao linh ho\u1ea1t.<\/li>\n<li>C\u00e0i th\u00e2n sen \u00f4m kh\u00edt ch\u1eafc ch\u1eafn.<\/li>\n<li>D\u00e2y sen ch\u1ed1ng xo\u1eafn hi\u1ec7u qu\u1ea3.<\/li>\n<li>M\u1ea1 niken \u2013 crom s\u00e1ng b\u00f3ng.<\/li>\n<li>Tay sen chuy\u1ec3n n\u01b0\u1edbc n\u00f3ng \u2013 l\u1ea1nh d\u1ec5 d\u00e0ng.<\/li>\n<li>V\u00f2i sen c\u00f3 th\u1ec3 xoay 360 \u0111\u1ed9, g\u1eadp g\u1ecdn khi kh\u00f4ng s\u1eed d\u1ee5ng, ti\u1ebft ki\u1ec7m di\u1ec7n t\u00edch.<\/li>\n<li>\u00c1p l\u1ef1c n\u01b0\u1edbc c\u1ea5p 0,07 \u2013 0,74 Mpa.<\/li>\n<li>K\u1ebft h\u1ee3p v\u1edbi v\u00f2i ch\u1eadu r\u1eeda m\u1eb7t K2100 t\u1ea1o th\u00e0nh 1 c\u1eb7p \u0111\u00f4i s\u1ea3n ph\u1ea9m ho\u00e0n h\u1ea3o.<\/li>\n<\/ul>\n<p><strong style=\"font-size: 23.04px;\">\u00a02. B\u1ea3n v\u1ebd k\u1ef9 thu\u1eadt\u00a0 b\u1ed9 sen c\u00e2y KOREST K1100<\/strong><\/p>\n<p><img loading=\"lazy\" decoding=\"async\" class=\"aligncenter wp-image-6493 size-full lazyloaded\" src=\"https:\/\/korest.vn\/wp-content\/uploads\/2022\/01\/Bo-sen-tam-cay-K1100-1.jpg\" alt=\"B\u1ed9 sen t\u1eafm c\u00e2y K1100\" width=\"600\" height=\"791\" data-ll-status=\"loaded\" \/><\/p>\n<p>S\u1ea3n ph\u1ea9m \u0111\u01b0\u1ee3c b\u1ea3o b\u1ea3o h\u00e0nh b\u1eb1ng c\u00f4ng ngh\u1ec7\u00a0<strong>b\u1ea3o h\u00e0nh \u0111i\u1ec7n t\u1eed<\/strong>\u00a0gi\u00fap b\u1ea1n c\u00f3 th\u1ec3 t\u00ecm ki\u1ebfm th\u00f4ng tin d\u1ec5 d\u00e0ng qua \u0111i\u1ec7n tho\u1ea1i m\u00e0 kh\u00f4ng c\u1ea7n \u0111\u1ebfn gi\u1ea5y t\u1edd v\u1eadt l\u00fd.<\/p>\n","protected":false},"excerpt":{"rendered":"<p class=\"code-pro f_roboto font16 line_h28 cl_99 mb-4\">M\u00e3 s\u1ea3n ph\u1ea9m: K1100<\/p>\n<div class=\"meta-script s-content f_roboto font16 line_30 cl_33 pro_detai_s_content\">\n<p>&#8211; Lo\u1ea1i: Sen t\u1eafm c\u00e2y<br \/>\n&#8211; Ch\u1ea5t li\u1ec7u: \u0110\u1ed3ng<\/p>\n<p>&#8211; M\u1ea1: Niken + Crom<br \/>\n&#8211; Thi\u1ebft k\u1ebf g\u1ecdn g\u00e0ng d\u1ec5 d\u00e0ng ph\u1ed1i h\u1ee3p v\u1edbi nhi\u1ec1u kh\u00f4ng gian ph\u00f2ng t\u1eafm<br \/>\n&#8211; B\u00e1t sen nh\u1ecf: kh\u1ecfe n\u01b0\u1edbc<br \/>\n&#8211; \u00c1p l\u1ef1c n\u01b0\u1edbc c\u1ea5p 0.07 &#8211; 0.75 MPa<br \/>\n&#8211; B\u1ea3o h\u00e0nh 5 n\u0103m (Y\u00eau c\u1ea7u k\u00edch ho\u1ea1t b\u1ea3o h\u00e0nh \u0111i\u1ec7n t\u1eed)<\/p>\n<\/div>\n","protected":false},"featured_media":1927,"comment_status":"open","ping_status":"closed","template":"","meta":[],"product_brand":[],"product_cat":[18,29],"product_tag":[],"class_list":{"0":"post-1926","1":"product","2":"type-product","3":"status-publish","4":"has-post-thumbnail","6":"product_cat-thiet-bi-ve-sinh","7":"product_cat-sen-cay","9":"first","10":"instock","11":"shipping-taxable","12":"product-type-simple"},"_links":{"self":[{"href":"https:\/\/nhadepbepxinh.com.vn\/index.php?rest_route=\/wp\/v2\/product\/1926","targetHints":{"allow":["GET"]}}],"collection":[{"href":"https:\/\/nhadepbepxinh.com.vn\/index.php?rest_route=\/wp\/v2\/product"}],"about":[{"href":"https:\/\/nhadepbepxinh.com.vn\/index.php?rest_route=\/wp\/v2\/types\/product"}],"replies":[{"embeddable":true,"href":"https:\/\/nhadepbepxinh.com.vn\/index.php?rest_route=%2Fwp%2Fv2%2Fcomments&post=1926"}],"wp:featuredmedia":[{"embeddable":true,"href":"https:\/\/nhadepbepxinh.com.vn\/index.php?rest_route=\/wp\/v2\/media\/1927"}],"wp:attachment":[{"href":"https:\/\/nhadepbepxinh.com.vn\/index.php?rest_route=%2Fwp%2Fv2%2Fmedia&parent=1926"}],"wp:term":[{"taxonomy":"product_brand","embeddable":true,"href":"https:\/\/nhadepbepxinh.com.vn\/index.php?rest_route=%2Fwp%2Fv2%2Fproduct_brand&post=1926"},{"taxonomy":"product_cat","embeddable":true,"href":"https:\/\/nhadepbepxinh.com.vn\/index.php?rest_route=%2Fwp%2Fv2%2Fproduct_cat&post=1926"},{"taxonomy":"product_tag","embeddable":true,"href":"https:\/\/nhadepbepxinh.com.vn\/index.php?rest_route=%2Fwp%2Fv2%2Fproduct_tag&post=1926"}],"curies":[{"name":"wp","href":"https:\/\/api.w.org\/{rel}","templated":true}]}}