{"id":1924,"date":"2025-03-27T09:27:18","date_gmt":"2025-03-27T02:27:18","guid":{"rendered":"https:\/\/nhadepbepxinh.com.vn\/?post_type=product&#038;p=1924"},"modified":"2025-03-27T09:27:19","modified_gmt":"2025-03-27T02:27:19","slug":"voi-chau-lavabo-k2207","status":"publish","type":"product","link":"https:\/\/nhadepbepxinh.com.vn\/?product=voi-chau-lavabo-k2207","title":{"rendered":"VO\u0300I CH\u00c2\u0323U LAVABO K2207"},"content":{"rendered":"<p><strong>\u0110\u0102\u0323C \u0110I\u00ca\u0309M SA\u0309N PH\u00c2\u0309M<\/strong><\/p>\n<p>\u2013 Lo\u1ea1i:\u00a0V\u00f2i ch\u1eadu r\u1eeda m\u1eb7t 1 l\u1ed7<\/p>\n<p>\u2013 Ch\u1ea5t li\u1ec7u: \u0110\u1ed3ng<\/p>\n<p>\u2013 M\u1ea1: Niken \u2013 Crom<\/p>\n<p>\u2013 B\u1ea3o h\u00e0nh 3 n\u0103m (Y\u00eau c\u1ea7u k\u00edch ho\u1ea1t BH\u0110T)<\/p>\n<p>\u2013 S\u1ea3n ph\u1ea9m s\u1eed d\u1ee5ng cho ch\u1eadu r\u1eeda m\u1eb7t \u00e2m b\u00e0n, d\u01b0\u01a1ng v\u00e0nh, v\u00e0 ch\u1eadu treo t\u01b0\u1eddng.<\/p>\n<p>&nbsp;<\/p>\n","protected":false},"excerpt":{"rendered":"<p>\u2013 Lo\u1ea1i:\u00a0V\u00f2i ch\u1eadu r\u1eeda m\u1eb7t 1 l\u1ed7<\/p>\n<p>\u2013 Ch\u1ea5t li\u1ec7u: \u0110\u1ed3ng<\/p>\n<p>\u2013 M\u1ea1: Niken \u2013 Crom<\/p>\n<p>\u2013 B\u1ea3o h\u00e0nh 3 n\u0103m (Y\u00eau c\u1ea7u k\u00edch ho\u1ea1t BH\u0110T)<\/p>\n<p>\u2013 S\u1ea3n ph\u1ea9m s\u1eed d\u1ee5ng cho ch\u1eadu r\u1eeda m\u1eb7t \u00e2m b\u00e0n, d\u01b0\u01a1ng v\u00e0nh, v\u00e0 ch\u1eadu treo t\u01b0\u1eddng.<\/p>\n","protected":false},"featured_media":1925,"comment_status":"open","ping_status":"closed","template":"","meta":[],"product_brand":[],"product_cat":[18,28],"product_tag":[],"class_list":{"0":"post-1924","1":"product","2":"type-product","3":"status-publish","4":"has-post-thumbnail","6":"product_cat-thiet-bi-ve-sinh","7":"product_cat-voi-lavabo","9":"first","10":"instock","11":"shipping-taxable","12":"product-type-simple"},"_links":{"self":[{"href":"https:\/\/nhadepbepxinh.com.vn\/index.php?rest_route=\/wp\/v2\/product\/1924","targetHints":{"allow":["GET"]}}],"collection":[{"href":"https:\/\/nhadepbepxinh.com.vn\/index.php?rest_route=\/wp\/v2\/product"}],"about":[{"href":"https:\/\/nhadepbepxinh.com.vn\/index.php?rest_route=\/wp\/v2\/types\/product"}],"replies":[{"embeddable":true,"href":"https:\/\/nhadepbepxinh.com.vn\/index.php?rest_route=%2Fwp%2Fv2%2Fcomments&post=1924"}],"wp:featuredmedia":[{"embeddable":true,"href":"https:\/\/nhadepbepxinh.com.vn\/index.php?rest_route=\/wp\/v2\/media\/1925"}],"wp:attachment":[{"href":"https:\/\/nhadepbepxinh.com.vn\/index.php?rest_route=%2Fwp%2Fv2%2Fmedia&parent=1924"}],"wp:term":[{"taxonomy":"product_brand","embeddable":true,"href":"https:\/\/nhadepbepxinh.com.vn\/index.php?rest_route=%2Fwp%2Fv2%2Fproduct_brand&post=1924"},{"taxonomy":"product_cat","embeddable":true,"href":"https:\/\/nhadepbepxinh.com.vn\/index.php?rest_route=%2Fwp%2Fv2%2Fproduct_cat&post=1924"},{"taxonomy":"product_tag","embeddable":true,"href":"https:\/\/nhadepbepxinh.com.vn\/index.php?rest_route=%2Fwp%2Fv2%2Fproduct_tag&post=1924"}],"curies":[{"name":"wp","href":"https:\/\/api.w.org\/{rel}","templated":true}]}}