{"id":1922,"date":"2025-03-27T09:22:09","date_gmt":"2025-03-27T02:22:09","guid":{"rendered":"https:\/\/nhadepbepxinh.com.vn\/?post_type=product&#038;p=1922"},"modified":"2025-03-27T09:22:09","modified_gmt":"2025-03-27T02:22:09","slug":"voi-chau-lavabo-k2209","status":"publish","type":"product","link":"https:\/\/nhadepbepxinh.com.vn\/?product=voi-chau-lavabo-k2209","title":{"rendered":"VO\u0300I CH\u00c2\u0323U LAVABO K2209"},"content":{"rendered":"<h2>V\u00f2i ch\u1eadu lavabo K2209 \u2013 Thanh l\u1ecbch, sang tr\u1ecdng<\/h2>\n<p>L\u00e0 s\u1ea3n ph\u1ea9m m\u1edbi n\u1eb1m trong b\u1ed9 s\u01b0u t\u1eadp n\u0103m 2021 c\u1ee7a KOREST, v\u00f2i ch\u1eadu lavabo K2209 g\u00e2y \u1ea5n t\u01b0\u1ee3ng v\u1edbi ki\u1ec3u d\u00e1ng thanh l\u1ecbch, sang tr\u1ecdng. C\u1ea7n g\u1ea1t n\u01b0\u1edbc \u0111\u01b0\u1ee3c thi\u1ebft k\u1ebf m\u1ecfng d\u1eb9t, thanh m\u1ea3nh t\u1ea1o \u0111i\u1ec3m nh\u1ea5n thu h\u00fat \u1edf s\u1ea3n ph\u1ea9m. S\u1edf h\u1eefu nh\u1eefng \u0111\u01b0\u1eddng n\u00e9t m\u1ec1m m\u1ea1i, tinh t\u1ebf \u0111\u1ebfn t\u1eebng chi ti\u1ebft, v\u00f2i ch\u1eadu lavabo K2209 g\u1ee3i c\u1ea3m gi\u00e1c b\u00ed \u1ea9n, quy\u1ebfn r\u0169 nh\u01b0 v\u1ebb \u0111\u1eb9p c\u1ee7a ng\u01b0\u1eddi con g\u00e1i \u00c1 \u0110\u00f4ng.<\/p>\n<p>V\u1edbi l\u1edbp m\u1ea1 niken- crom \u0111em \u0111\u1ebfn b\u1ec1 m\u1eb7t s\u00e1ng b\u00f3ng ho\u00e0n h\u1ea3o c\u00f9ng ki\u1ec3u d\u00e1ng nh\u1ecf nh\u1eafn, thanh l\u1ecbch, v\u00f2i ch\u1eadu lavabo K2209 d\u1ec5 d\u00e0ng ph\u1ed1i h\u1ee3p v\u1edbi c\u00e1c thi\u1ebft b\u1ecb kh\u00e1c: ch\u1eadu r\u1eeda m\u1eb7t \u00e2m b\u00e0n, d\u01b0\u01a1ng v\u00e0nh v\u00e0 ch\u1eadu treo t\u01b0\u1eddng hay b\u1ed9 sen t\u1eafm\u00a0 K3009S\u2026 gi\u00fap t\u00f4 \u0111i\u1ec3m cho ph\u00f2ng t\u1eafm tr\u1edf n\u00ean sang tr\u1ecdng v\u00e0 tinh t\u1ebf h\u01a1n.<\/p>\n<p><em><img loading=\"lazy\" decoding=\"async\" class=\"alignnone size-medium wp-image-6545 lazyloaded\" src=\"https:\/\/korest.vn\/wp-content\/uploads\/2021\/12\/Voi-chau-lavabo-K2209-375x375.jpg\" sizes=\"auto, (max-width: 300px) 100vw, 300px\" srcset=\"https:\/\/korest.vn\/wp-content\/uploads\/2021\/12\/Voi-chau-lavabo-K2209-375x375.jpg?v=1664335144 375w, https:\/\/korest.vn\/wp-content\/uploads\/2021\/12\/Voi-chau-lavabo-K2209-575x575.jpg?v=1664335144 575w, https:\/\/korest.vn\/wp-content\/uploads\/2021\/12\/Voi-chau-lavabo-K2209-150x150.jpg?v=1664335144 150w, https:\/\/korest.vn\/wp-content\/uploads\/2021\/12\/Voi-chau-lavabo-K2209.jpg?v=1664335144 600w\" alt=\"V\u00f2i ch\u1eadu lavabo K2209\" width=\"300\" height=\"300\" data-ll-status=\"loaded\" \/><\/em><\/p>\n<p><em>H\u00ecnh \u1ea3nh s\u1ea3n ph\u1ea9m<\/em><\/p>\n<h2><strong>V\u00f2i ch\u1eadu lavabo K2209 mang \u0111\u1ebfn ch\u1ea5t l\u01b0\u1ee3ng cao c\u1ea5p<\/strong><\/h2>\n<p>Ch\u1ea5t l\u01b0\u1ee3ng lu\u00f4n l\u00e0 ti\u00eau ch\u00ed \u0111\u01b0\u1ee3c KOREST \u01b0u ti\u00ean h\u00e0ng \u0111\u1ea7u khi s\u1ea3n xu\u1ea5t c\u00e1c thi\u1ebft b\u1ecb v\u1ec7 sinh cho ph\u00f2ng t\u1eafm nh\u1eb1m \u0111em \u0111\u1ebfn nh\u1eefng s\u1ea3n ph\u1ea9m an to\u00e0n v\u00ec s\u1ee9c kh\u1ecfe ng\u01b0\u1eddi ti\u00eau d\u00f9ng v\u00e0 \u0111\u1ea3m b\u1ea3o tu\u1ed5i th\u1ecd cho s\u1ea3n ph\u1ea9m. V\u00f2i ch\u1eadu lavabo K2209 \u0111\u01b0\u1ee3c l\u00e0m t\u1eeb ch\u1ea5t li\u1ec7u \u0111\u1ed3ng cao c\u1ea5p c\u00f3 \u0111\u1ed9 b\u1ec1n cao, ch\u1ecbu l\u1ef1c t\u1ed1t. H\u01a1n h\u1ebft \u0111\u1ed3ng c\u0169ng l\u00e0 ch\u1ea5t li\u1ec7u an to\u00e0n v\u1edbi s\u1ee9c kh\u1ecfe ng\u01b0\u1eddi d\u00f9ng nh\u1edd t\u00ednh kh\u00e1ng khu\u1ea9n cao, kh\u00f4ng b\u1ecb ph\u1ea3n \u1ee9ng h\u00f3a h\u1ecdc trong m\u00f4i tr\u01b0\u1eddng \u1ea9m \u01b0\u1edbt nh\u01b0 nh\u00e0 t\u1eafm n\u00ean kh\u00f4ng g\u00e2y \u0111\u1ed9c ngu\u1ed3n n\u01b0\u1edbc. B\u1ea1n c\u00f3 th\u1ec3 ho\u00e0n to\u00e0n y\u00ean t\u00e2m v\u1edbi ngu\u1ed3n n\u01b0\u1edbc s\u1ea1ch, an to\u00e0n v\u00e0 th\u00e2n thi\u1ec7n v\u1edbi m\u00f4i tr\u01b0\u1eddng khi s\u1eed d\u1ee5ng v\u00f2i ch\u1eadu c\u1ee7a KOREST.<\/p>\n<p>B\u00ean c\u1ea1nh \u0111\u00f3, l\u00f5i v\u00f2i \u0111\u01b0\u1ee3c l\u00e0m t\u1eeb ch\u1ea5t li\u1ec7u c\u00f3 \u0111\u1ed9 b\u1ec1n cao, \u0111\u1ea3m b\u1ea3o ho\u1ea1t \u0111\u1ed9ng \u1ed5n \u0111\u1ecbnh trong th\u1eddi gian d\u00e0i. C\u00f9ng \u0111i\u1ec3m c\u1ed9ng l\u00e0 l\u1edbp m\u1ea1 nikem \u2013 crom gi\u00fap v\u00f2i ch\u1eadu lavabo K2209 lu\u00f4n gi\u1eef \u0111\u01b0\u1ee3c b\u1ec1 ngo\u00e0i s\u00e1ng b\u00f3ng, b\u1ec1n \u0111\u1eb9p, ch\u1ed1ng hoen g\u1ec9 hi\u1ec7u qu\u1ea3<\/p>\n<h2><strong>Ti\u1ec7n \u00edch n\u1ed5i b\u1eadt c\u1ee7a v\u00f2i ch\u1eadu lavabo K2209<\/strong><\/h2>\n<p>M\u1eb7c d\u00f9 nh\u00ecn b\u1ec1 ngo\u00e0i, c\u1ea7n g\u1ea1t c\u1ee7a v\u00f2i ch\u1eadu lavabo K2209 m\u1ecfng v\u00e0 thanh m\u1ea3nh nh\u01b0ng l\u1ea1i kh\u00e1 ch\u1eafc ch\u1eafn c\u00f9ng kh\u1ea3 n\u0103ng \u0111i\u1ec1u khi\u1ec3n \u0111\u00f3ng m\u1edf v\u00f2i n\u01b0\u1edbc nh\u1eb9 nh\u00e0ng \u0111\u1ea3m b\u1ea3o kh\u1ea3 n\u0103ng ho\u1ea1t \u0111\u1ed9ng li\u00ean t\u1ee5c v\u1edbi t\u1ea7n su\u1ea5t cao. Hi\u1ec7n t\u01b0\u1ee3ng b\u1ecb s\u00edt tay sen sau m\u1ed9t th\u1eddi gian s\u1eed d\u1ee5ng \u0111\u01b0\u1ee3c cam k\u1ebft kh\u00f4ng x\u1ea3y ra \u1edf v\u00f2i ch\u1eadu r\u1eeda m\u1eb7t KOREST K2209.<\/p>\n<p>v\u00f2i ch\u1eadu lavabo K2209 l\u00e0 d\u00f2ng v\u00f2i n\u00f3ng l\u1ea1nh gi\u00fap t\u0103ng tr\u1ea3i nghi\u1ec7m s\u1eed d\u1ee5ng cho kh\u00e1ch h\u00e0ng. \u0110\u1ea7u v\u00f2i c\u00f3 l\u01b0\u1edbi t\u1ea1o b\u1ecdt kh\u00ed gi\u00fap massage tay, h\u1ea1n ch\u1ebf n\u01b0\u1edbc b\u1eafn ra ngo\u00e0i khi s\u1eed d\u1ee5ng v\u00e0 gi\u00fap ti\u1ebft ki\u1ec7m n\u01b0\u1edbc hi\u1ec7u qu\u1ea3.<\/p>\n<h2><strong>Ch\u00ednh s\u00e1ch b\u1ea3o h\u00e0nh \u0111i\u1ec7n t\u1eed hi\u1ec7n \u0111\u1ea1i, ti\u1ec7n \u00edch<\/strong><\/h2>\n<p>KOREST hi\u1ec7n \u0111ang \u00e1p d\u1ee5ng c\u00f4ng ngh\u1ec7 b\u1ea3o h\u00e0nh \u0111i\u1ec7n t\u1eed cho t\u1ea5t c\u1ea3 s\u1ea3n ph\u1ea9m<strong>\u00a0<\/strong>thi\u1ebft b\u1ecb v\u1ec7 sinh. Ch\u1ec9 v\u1edbi m\u1ed9t v\u00e0i thao t\u00e1c \u0111\u01a1n gi\u1ea3n tr\u00ean thi\u1ebft b\u1ecb di \u0111\u1ed9ng th\u00f4ng minh b\u1ea1n \u0111\u00e3 c\u00f3 th\u1ec3 th\u1ef1c hi\u1ec7n k\u00edch ho\u1ea1t b\u1ea3o h\u00e0nh v\u00e0 c\u00f3 th\u1ec3 d\u1ec5 d\u00e0ng\u00a0ki\u1ec3m tra th\u00f4ng tin m\u1ecdi th\u00f4ng tin c\u1ee7a s\u1ea3n ph\u1ea9m.<\/p>\n<p>V\u00f2i ch\u1eadu lavabo K2209 c\u00f3 th\u1eddi gian b\u1ea3o h\u00e0nh l\u00ean t\u1edbi 3 n\u0103m tr\u00ean to\u00e0n qu\u1ed1c b\u1eb1ng c\u00f4ng ngh\u1ec7 b\u1ea3o h\u00e0nh \u0111i\u1ec7n t\u1eed. B\u1ea5t c\u1ee9 khi n\u00e0o s\u1ea3n ph\u1ea9m c\u00f3 v\u1ea5n \u0111\u1ec1, h\u00e3y li\u00ean h\u1ec7 ngay v\u1edbi h\u1ec7 th\u1ed1ng h\u01a1n 100 c\u1eeda h\u00e0ng, \u0111\u1ea1i l\u00fd \u1ee7y quy\u1ec1n tr\u00ean to\u00e0n qu\u1ed1c c\u1ee7a KOREST \u0111\u1ec3 \u0111\u01b0\u1ee3c kh\u1eafc ph\u1ee5c ho\u1eb7c \u0111\u1ed5i m\u1edbi.<\/p>\n","protected":false},"excerpt":{"rendered":"<p class=\"code-pro f_roboto font16 line_h28 cl_99 mb-4\">M\u00e3 s\u1ea3n ph\u1ea9m: K2209<\/p>\n<div class=\"meta-script s-content f_roboto font16 line_30 cl_33 pro_detai_s_content\">\n<p>&#8211; Lo\u1ea1i: V\u00f2i ch\u1eadu r\u1eeda m\u1eb7t 1 l\u1ed7<\/p>\n<p>&#8211; Ch\u1ea5t li\u1ec7u: \u0110\u1ed3ng<\/p>\n<p>&#8211; M\u1ea1: Niken &#8211; Crom<\/p>\n<p>&#8211; B\u1ea3o h\u00e0nh 3 n\u0103m (Y\u00eau c\u1ea7u k\u00edch ho\u1ea1t BH\u0110T)<\/p>\n<p>&#8211; S\u1ea3n ph\u1ea9m s\u1eed d\u1ee5ng cho ch\u1eadu r\u1eeda m\u1eb7t \u00e2m b\u00e0n, d\u01b0\u01a1ng v\u00e0nh v\u00e0 ch\u1eadu treo t\u01b0\u1eddng.<\/p>\n<p>&#8211; Ch\u01b0a bao g\u1ed3m xi ph\u00f4ng.<\/p>\n<p>* G\u1ee3i \u00fd\u00a0s\u1ea3n ph\u1ea9m \u0111\u1ed3ng b\u1ed9: K3009S<\/p>\n<\/div>\n","protected":false},"featured_media":1923,"comment_status":"open","ping_status":"closed","template":"","meta":[],"product_brand":[],"product_cat":[18,28],"product_tag":[],"class_list":{"0":"post-1922","1":"product","2":"type-product","3":"status-publish","4":"has-post-thumbnail","6":"product_cat-thiet-bi-ve-sinh","7":"product_cat-voi-lavabo","9":"first","10":"instock","11":"shipping-taxable","12":"product-type-simple"},"_links":{"self":[{"href":"https:\/\/nhadepbepxinh.com.vn\/index.php?rest_route=\/wp\/v2\/product\/1922","targetHints":{"allow":["GET"]}}],"collection":[{"href":"https:\/\/nhadepbepxinh.com.vn\/index.php?rest_route=\/wp\/v2\/product"}],"about":[{"href":"https:\/\/nhadepbepxinh.com.vn\/index.php?rest_route=\/wp\/v2\/types\/product"}],"replies":[{"embeddable":true,"href":"https:\/\/nhadepbepxinh.com.vn\/index.php?rest_route=%2Fwp%2Fv2%2Fcomments&post=1922"}],"wp:featuredmedia":[{"embeddable":true,"href":"https:\/\/nhadepbepxinh.com.vn\/index.php?rest_route=\/wp\/v2\/media\/1923"}],"wp:attachment":[{"href":"https:\/\/nhadepbepxinh.com.vn\/index.php?rest_route=%2Fwp%2Fv2%2Fmedia&parent=1922"}],"wp:term":[{"taxonomy":"product_brand","embeddable":true,"href":"https:\/\/nhadepbepxinh.com.vn\/index.php?rest_route=%2Fwp%2Fv2%2Fproduct_brand&post=1922"},{"taxonomy":"product_cat","embeddable":true,"href":"https:\/\/nhadepbepxinh.com.vn\/index.php?rest_route=%2Fwp%2Fv2%2Fproduct_cat&post=1922"},{"taxonomy":"product_tag","embeddable":true,"href":"https:\/\/nhadepbepxinh.com.vn\/index.php?rest_route=%2Fwp%2Fv2%2Fproduct_tag&post=1922"}],"curies":[{"name":"wp","href":"https:\/\/api.w.org\/{rel}","templated":true}]}}