{"id":1915,"date":"2025-03-27T09:19:33","date_gmt":"2025-03-27T02:19:33","guid":{"rendered":"https:\/\/nhadepbepxinh.com.vn\/?post_type=product&#038;p=1915"},"modified":"2025-03-27T09:24:57","modified_gmt":"2025-03-27T02:24:57","slug":"chau-rua-lavabo-treo-tuong-ckr6606avi","status":"publish","type":"product","link":"https:\/\/nhadepbepxinh.com.vn\/?product=chau-rua-lavabo-treo-tuong-ckr6606avi","title":{"rendered":"CH\u00c2\u0323U R\u01af\u0309A LAVABO TREO T\u01af\u01a0\u0300NG CKR6606AVI"},"content":{"rendered":"<p>M\u1ed9t trong nh\u1eefng lo\u1ea1i ch\u1eadu r\u1eeda gi\u00fap ti\u1ebft ki\u1ec7m di\u1ec7n t\u00edch ph\u00f2ng t\u1eafm ch\u00ednh l\u00e0\u00a0<strong>ch\u1eadu r\u1eeda treo t\u01b0\u1eddng<\/strong>\u00a0CKR6606AVI. C\u00f9ng t\u00ecm hi\u1ec3u s\u1ea3n ph\u1ea9m m\u1edbi n\u00e0y trong b\u00e0i vi\u1ebft sau \u0111\u00e2y.<\/p>\n<figure id=\"attachment_7912\" class=\"wp-caption alignnone\" aria-describedby=\"caption-attachment-7912\"><img loading=\"lazy\" decoding=\"async\" class=\"wp-image-7912 size-full lazyloaded\" src=\"https:\/\/korest.vn\/wp-content\/uploads\/2021\/12\/chau-rua-treo-tuong-ckr6606AVI.jpg\" sizes=\"auto, (max-width: 1280px) 100vw, 1280px\" srcset=\"https:\/\/korest.vn\/wp-content\/uploads\/2021\/12\/chau-rua-treo-tuong-ckr6606AVI.jpg 1280w, https:\/\/korest.vn\/wp-content\/uploads\/2021\/12\/chau-rua-treo-tuong-ckr6606AVI-375x211.jpg 375w, https:\/\/korest.vn\/wp-content\/uploads\/2021\/12\/chau-rua-treo-tuong-ckr6606AVI-575x323.jpg 575w\" alt=\"H\u00ccnh \u1ea3nh th\u1ef1c t\u1ebf ch\u1eadu r\u1eeda lavabo treo t\u01b0\u1eddng CKR6606AVI\" width=\"1280\" height=\"719\" data-ll-status=\"loaded\" \/><figcaption id=\"caption-attachment-7912\" class=\"wp-caption-text\">Ch\u1eadu r\u1eeda lavabo treo t\u01b0\u1eddng CKR6606AVI<\/figcaption><\/figure>\n<h2><strong>\u00a0\u0110\u1eb7c \u0111i\u1ec3m c\u1ee7a ch\u1eadu r\u1eeda lavabo treo t\u01b0\u1eddng CKR6606AVI<\/strong><\/h2>\n<ul>\n<li>L\u00e0 s\u1ea3n ph\u1ea9m th\u00edch h\u1ee3p v\u1edbi nhi\u1ec1u kh\u00f4ng gian, k\u1ec3 c\u1ea3 kh\u00f4ng gian ph\u00f2ng t\u1eafm nh\u1ecf h\u1eb9p.<\/li>\n<li>D\u1ec5 d\u00e0ng ph\u1ed1i k\u1ebft h\u1ee3p v\u1edbi c\u00e1c s\u1ea3n ph\u1ea9m kh\u00e1c t\u1ea1o n\u00ean t\u1ed5ng th\u1ec3 h\u00e0i h\u00f2a.<\/li>\n<li>Ch\u1ea5t li\u1ec7u s\u1ee9 nung \u1edf nhi\u1ec7t \u0111\u1ed9 1280 \u0111\u1ed9 C n\u00ean \u0111\u1ed9 b\u1ec1n cao, kh\u00f4ng tr\u1ea7y x\u01b0\u1edbc.<\/li>\n<li>M\u00e0u s\u1eafc s\u00e1ng b\u00f3ng, hi\u1ec7n \u0111\u1ea1i.<\/li>\n<li>L\u1ed7 x\u1ea3 l\u1edbn gi\u00fap x\u1ea3 n\u01b0\u1edbc nhanh ch\u00f3ng.<\/li>\n<li>N\u1eafp x\u1ea3 ch\u1eadu kh\u00edt, kh\u00f4ng g\u00e2y r\u00f2 r\u1ec9 n\u01b0\u1edbc.<\/li>\n<li>\u0110\u1ed9 b\u1ec1n cao, th\u00edch nghi t\u1ed1t v\u1edbi nhi\u1ec1u m\u00f4i tr\u01b0\u1eddng.<\/li>\n<li>Dung t\u00edch ph\u00f9 h\u1ee3p v\u1edbi ng\u01b0\u1eddi d\u00f9ng.<\/li>\n<li>Lau ch\u00f9i, v\u1ec7 sinh d\u1ec5 d\u00e0ng.<\/li>\n<li>L\u1ed7 tho\u00e1t tr\u00e0n gi\u00fap tho\u00e1t n\u01b0\u1edbc n\u1ebfu qu\u00ean t\u1eaft v\u00f2i.<\/li>\n<li>B\u1ed9 x\u1ea3 khuy\u00ean d\u00f9ng: K4046TT<\/li>\n<li>Th\u00edch h\u1ee3p v\u1edbi v\u00f2i 1 l\u1ed7. \u0110i k\u00e8m v\u1edbi ch\u00e2n l\u1eedng ch\u1eadu CKR6606AVC<\/li>\n<\/ul>\n<figure id=\"attachment_8361\" class=\"wp-caption aligncenter\" aria-describedby=\"caption-attachment-8361\"><img loading=\"lazy\" decoding=\"async\" class=\"size-large wp-image-8361 lazyloaded\" src=\"https:\/\/korest.vn\/wp-content\/uploads\/2021\/12\/Chau-rua-lavabo-treo-tuong-CKR6606AVI-1200x1200-hinh-mat-chau-575x575.jpg\" sizes=\"auto, (max-width: 575px) 100vw, 575px\" srcset=\"https:\/\/korest.vn\/wp-content\/uploads\/2021\/12\/Chau-rua-lavabo-treo-tuong-CKR6606AVI-1200x1200-hinh-mat-chau-575x575.jpg 575w, https:\/\/korest.vn\/wp-content\/uploads\/2021\/12\/Chau-rua-lavabo-treo-tuong-CKR6606AVI-1200x1200-hinh-mat-chau-375x375.jpg 375w, https:\/\/korest.vn\/wp-content\/uploads\/2021\/12\/Chau-rua-lavabo-treo-tuong-CKR6606AVI-1200x1200-hinh-mat-chau-150x150.jpg 150w, https:\/\/korest.vn\/wp-content\/uploads\/2021\/12\/Chau-rua-lavabo-treo-tuong-CKR6606AVI-1200x1200-hinh-mat-chau.jpg 1200w\" alt=\"Ch\u1eadu r\u1eeda lavabo treo t\u01b0\u1eddng CKR6606AVI - m\u1eb7t ch\u1eadu\" width=\"575\" height=\"575\" data-ll-status=\"loaded\" \/><figcaption id=\"caption-attachment-8361\" class=\"wp-caption-text\">Ch\u1eadu r\u1eeda lavabo treo t\u01b0\u1eddng CKR6606AVI \u2013 m\u1eb7t ch\u1eadu<strong>TH\u00d4NG S\u00d4\u0301 KY\u0303 THU\u00c2\u0323<\/strong>T<br \/>\nLo\u1ea1i: Ch\u1eadu treo 1 l\u1ed7<\/p>\n<p>Ch\u1ea5t li\u1ec7u: S\u1ee9<\/p>\n<p>K\u00edch th\u01b0\u1edbc: 525x445x197 mm<\/p>\n<p>S\u1ea3n ph\u1ea9m \u0111\u1ed3ng b\u1ed9 CKR6606AVC<\/p>\n<\/figcaption><\/figure>\n","protected":false},"excerpt":{"rendered":"<p>Lo\u1ea1i: Ch\u1eadu treo 1 l\u1ed7<\/p>\n<p>Ch\u1ea5t li\u1ec7u: S\u1ee9<\/p>\n<p>K\u00edch th\u01b0\u1edbc: 525x445x197 mm<\/p>\n<p>S\u1ea3n ph\u1ea9m \u0111\u1ed3ng b\u1ed9 CKR6606AVC<\/p>\n","protected":false},"featured_media":1916,"comment_status":"open","ping_status":"closed","template":"","meta":[],"product_brand":[],"product_cat":[18,27],"product_tag":[],"class_list":{"0":"post-1915","1":"product","2":"type-product","3":"status-publish","4":"has-post-thumbnail","6":"product_cat-thiet-bi-ve-sinh","7":"product_cat-lavabo","9":"first","10":"instock","11":"shipping-taxable","12":"product-type-simple"},"_links":{"self":[{"href":"https:\/\/nhadepbepxinh.com.vn\/index.php?rest_route=\/wp\/v2\/product\/1915","targetHints":{"allow":["GET"]}}],"collection":[{"href":"https:\/\/nhadepbepxinh.com.vn\/index.php?rest_route=\/wp\/v2\/product"}],"about":[{"href":"https:\/\/nhadepbepxinh.com.vn\/index.php?rest_route=\/wp\/v2\/types\/product"}],"replies":[{"embeddable":true,"href":"https:\/\/nhadepbepxinh.com.vn\/index.php?rest_route=%2Fwp%2Fv2%2Fcomments&post=1915"}],"wp:featuredmedia":[{"embeddable":true,"href":"https:\/\/nhadepbepxinh.com.vn\/index.php?rest_route=\/wp\/v2\/media\/1916"}],"wp:attachment":[{"href":"https:\/\/nhadepbepxinh.com.vn\/index.php?rest_route=%2Fwp%2Fv2%2Fmedia&parent=1915"}],"wp:term":[{"taxonomy":"product_brand","embeddable":true,"href":"https:\/\/nhadepbepxinh.com.vn\/index.php?rest_route=%2Fwp%2Fv2%2Fproduct_brand&post=1915"},{"taxonomy":"product_cat","embeddable":true,"href":"https:\/\/nhadepbepxinh.com.vn\/index.php?rest_route=%2Fwp%2Fv2%2Fproduct_cat&post=1915"},{"taxonomy":"product_tag","embeddable":true,"href":"https:\/\/nhadepbepxinh.com.vn\/index.php?rest_route=%2Fwp%2Fv2%2Fproduct_tag&post=1915"}],"curies":[{"name":"wp","href":"https:\/\/api.w.org\/{rel}","templated":true}]}}