{"id":1909,"date":"2025-03-27T09:16:02","date_gmt":"2025-03-27T02:16:02","guid":{"rendered":"https:\/\/nhadepbepxinh.com.vn\/?post_type=product&#038;p=1909"},"modified":"2025-03-27T09:16:02","modified_gmt":"2025-03-27T02:16:02","slug":"bon-cau-1-khoi-bkr9917uf","status":"publish","type":"product","link":"https:\/\/nhadepbepxinh.com.vn\/?product=bon-cau-1-khoi-bkr9917uf","title":{"rendered":"B\u00d4\u0300N C\u00c2\u0300U 1 KH\u00d4\u0301I BKR9917UF"},"content":{"rendered":"<h2><strong>M\u00f4 t\u1ea3 s\u1ea3n ph\u1ea9m b\u00e0n c\u1ea7u 1 kh\u1ed1i cao c\u1ea5p BKR9917UF<\/strong><\/h2>\n<p>\u2013 Lo\u1ea1i: B\u1ed3n c\u1ea7u 1 kh\u1ed1i, b\u1ec7t k\u00e9t li\u1ec1n.<\/p>\n<p>\u2013 K\u00edch th\u01b0\u1edbc: 650x370x740mm<\/p>\n<p>\u2013 H\u1ec7 x\u1ea3: X\u1ea3 xo\u00e1y 4D k\u1ebft h\u1ee3p tia \u0111\u1ea9y, v\u00e0nh th\u1eb3ng kh\u00f4ng g\u00f3c khu\u1ea5t d\u1ec5 d\u00e0ng v\u1ec7 sinh<\/p>\n<p>\u2013 T\u00e2m tho\u00e1t S-trap: 300mm<\/p>\n<p>\u2013 N\u1eafp \u0111\u1eb7c UF ch\u1ed1ng x\u01b0\u1edbc, ch\u1ed1ng \u1ed1 cao c\u1ea5p, \u0111\u00f3ng \u00eam v\u1edbi c\u01a1 ch\u1ebf th\u00e1o l\u1eafp d\u1ec5 d\u00e0ng, gi\u00fap d\u1ec5 d\u00e0ng v\u1ec7 sinh d\u01b0\u1edbi ch\u00e2n n\u1eafp ng\u1ed3i v\u00e0 s\u1eeda ch\u1eefa<\/p>\n<p>\u2013 C\u00f4ng ngh\u1ec7 ph\u1ee7 men K-Antifouling tr\u1eafng s\u1ea1ch<\/p>\n<p>\u2013 2 ch\u1ebf \u0111\u1ed9 x\u1ea3 ti\u1ec3u, x\u1ea3 \u0111\u1ea1i ti\u1ebft ki\u1ec7m n\u01b0\u1edbc<\/p>\n<p>\u2013 Ph\u1ee5 ki\u1ec7n k\u00e9t n\u01b0\u1edbc cao c\u1ea5p, l\u1ea5y n\u01b0\u1edbc nhanh h\u01a1n, b\u1ea3o h\u00e0nh 3 n\u0103m<\/p>\n<p>\u2013 Ph\u1ee5 ki\u1ec7n kh\u00e1c \u0111i k\u00e8m : d\u00e2y c\u1ea5p, van chia n\u01b0\u1edbc ch\u1eef T, gio\u0103ng ng\u0103n m\u00f9i<\/p>\n<p>(Y\u00eau c\u1ea7u k\u00edch ho\u1ea1t BH\u0110T)<\/p>\n<h2><strong>M\u1ed9t s\u1ed1 h\u00ecnh \u1ea3nh b\u00e0n c\u1ea7u 1 kh\u1ed1i cao c\u1ea5p\u00a0<\/strong><strong>BKR9917UF<\/strong><\/h2>\n<figure id=\"attachment_8118\" class=\"wp-caption aligncenter\" aria-describedby=\"caption-attachment-8118\"><img loading=\"lazy\" decoding=\"async\" class=\"wp-image-8118 size-large lazyloaded\" src=\"https:\/\/korest.vn\/wp-content\/uploads\/2024\/03\/BKR9917-wm-575x575.jpg\" sizes=\"auto, (max-width: 575px) 100vw, 575px\" srcset=\"https:\/\/korest.vn\/wp-content\/uploads\/2024\/03\/BKR9917-wm-575x575.jpg 575w, https:\/\/korest.vn\/wp-content\/uploads\/2024\/03\/BKR9917-wm-375x375.jpg 375w, https:\/\/korest.vn\/wp-content\/uploads\/2024\/03\/BKR9917-wm-150x150.jpg 150w, https:\/\/korest.vn\/wp-content\/uploads\/2024\/03\/BKR9917-wm.jpg 1200w\" alt=\"B\u00e0n c\u1ea7u 1 kh\u1ed1i cao c\u1ea5p BKR9917UF\" width=\"575\" height=\"575\" data-ll-status=\"loaded\" \/><figcaption id=\"caption-attachment-8118\" class=\"wp-caption-text\"><em>B\u00e0n c\u1ea7u 1 kh\u1ed1i cao c\u1ea5p BKR9917UF<\/em><\/figcaption><\/figure>\n<p><img loading=\"lazy\" decoding=\"async\" class=\"size-full wp-image-8338 lazyloaded\" src=\"https:\/\/korest.vn\/wp-content\/uploads\/2024\/01\/888f753da7a408fa51b5.jpg\" sizes=\"auto, (max-width: 2084px) 100vw, 2084px\" srcset=\"https:\/\/korest.vn\/wp-content\/uploads\/2024\/01\/888f753da7a408fa51b5.jpg 2084w, https:\/\/korest.vn\/wp-content\/uploads\/2024\/01\/888f753da7a408fa51b5-375x375.jpg 375w, https:\/\/korest.vn\/wp-content\/uploads\/2024\/01\/888f753da7a408fa51b5-575x575.jpg 575w, https:\/\/korest.vn\/wp-content\/uploads\/2024\/01\/888f753da7a408fa51b5-150x150.jpg 150w, https:\/\/korest.vn\/wp-content\/uploads\/2024\/01\/888f753da7a408fa51b5-1536x1536.jpg 1536w, https:\/\/korest.vn\/wp-content\/uploads\/2024\/01\/888f753da7a408fa51b5-2048x2048.jpg 2048w\" alt=\"B\u1ed3n c\u1ea7u 1 kh\u1ed1i Korest BKR9917UF-1\" width=\"2084\" height=\"2084\" data-ll-status=\"loaded\" \/><\/p>\n<p><img loading=\"lazy\" decoding=\"async\" class=\"size-full wp-image-8339 lazyloaded\" src=\"https:\/\/korest.vn\/wp-content\/uploads\/2024\/01\/BKR9917UF-03.jpg\" sizes=\"auto, (max-width: 2084px) 100vw, 2084px\" srcset=\"https:\/\/korest.vn\/wp-content\/uploads\/2024\/01\/BKR9917UF-03.jpg 2084w, https:\/\/korest.vn\/wp-content\/uploads\/2024\/01\/BKR9917UF-03-375x375.jpg 375w, https:\/\/korest.vn\/wp-content\/uploads\/2024\/01\/BKR9917UF-03-575x575.jpg 575w, https:\/\/korest.vn\/wp-content\/uploads\/2024\/01\/BKR9917UF-03-150x150.jpg 150w, https:\/\/korest.vn\/wp-content\/uploads\/2024\/01\/BKR9917UF-03-1536x1536.jpg 1536w, https:\/\/korest.vn\/wp-content\/uploads\/2024\/01\/BKR9917UF-03-2048x2048.jpg 2048w\" alt=\"B\u1ed3n c\u1ea7u 1 kh\u1ed1i Korest BKR9917UF-2\" width=\"2084\" height=\"2084\" data-ll-status=\"loaded\" \/><\/p>\n<p>&nbsp;<\/p>\n<p>&nbsp;<\/p>\n<p>&nbsp;<\/p>\n","protected":false},"excerpt":{"rendered":"<p>&#8211; Lo\u1ea1i: B\u1ed3n c\u1ea7u 1 kh\u1ed1i, b\u1ec7t k\u00e9t li\u1ec1n.<\/p>\n<p>&#8211; K\u00edch Th\u01b0\u1edbc: 650x370x740mm<\/p>\n<p>&#8211; H\u1ec7 x\u1ea3: X\u1ea3 xo\u00e1y 4D k\u1ebft h\u1ee3p tia \u0111\u1ea9y, v\u00e0nh th\u1eb3ng kh\u00f4ng g\u00f3c khu\u1ea5t d\u1ec5 d\u00e0ng v\u1ec7 sinh<\/p>\n<p>&#8211; T\u00e2m tho\u00e1t S-trap: 300mm<\/p>\n<p>&#8211; N\u1eafp \u0111\u1eb7c UF ch\u1ed1ng x\u01b0\u1edbc, ch\u1ed1ng \u1ed1 cao c\u1ea5p, \u0111\u00f3ng \u00eam v\u1edbi c\u01a1 ch\u1ebf th\u00e1o l\u1eafp d\u1ec5 d\u00e0ng<\/p>\n<p>&#8211; C\u00f4ng ngh\u1ec7 ph\u1ee7 men K-Antifouling tr\u1eafng s\u1ea1ch<\/p>\n<p>&#8211; 2 ch\u1ebf \u0111\u1ed9 x\u1ea3 ti\u1ec3u, x\u1ea3 \u0111\u1ea1i ti\u1ebft ki\u1ec7m n\u01b0\u1edbc<\/p>\n<p>&#8211; Ph\u1ee5 ki\u1ec7n k\u00e9t n\u01b0\u1edbc cao c\u1ea5p, l\u1ea5y n\u01b0\u1edbc nhanh h\u01a1n, b\u1ea3o h\u00e0nh 3 n\u0103m<\/p>\n<p>&#8211; Ph\u1ee5 ki\u1ec7n kh\u00e1c \u0111i k\u00e8m : d\u00e2y c\u1ea5p, van chia n\u01b0\u1edbc ch\u1eef T, gio\u0103ng ng\u0103n m\u00f9i<\/p>\n<p>(Y\u00eau c\u1ea7u k\u00edch ho\u1ea1t BH\u0110T)<\/p>\n","protected":false},"featured_media":1910,"comment_status":"open","ping_status":"closed","template":"","meta":[],"product_brand":[],"product_cat":[18,26],"product_tag":[],"class_list":{"0":"post-1909","1":"product","2":"type-product","3":"status-publish","4":"has-post-thumbnail","6":"product_cat-thiet-bi-ve-sinh","7":"product_cat-bon-cau","9":"first","10":"instock","11":"shipping-taxable","12":"product-type-simple"},"_links":{"self":[{"href":"https:\/\/nhadepbepxinh.com.vn\/index.php?rest_route=\/wp\/v2\/product\/1909","targetHints":{"allow":["GET"]}}],"collection":[{"href":"https:\/\/nhadepbepxinh.com.vn\/index.php?rest_route=\/wp\/v2\/product"}],"about":[{"href":"https:\/\/nhadepbepxinh.com.vn\/index.php?rest_route=\/wp\/v2\/types\/product"}],"replies":[{"embeddable":true,"href":"https:\/\/nhadepbepxinh.com.vn\/index.php?rest_route=%2Fwp%2Fv2%2Fcomments&post=1909"}],"wp:featuredmedia":[{"embeddable":true,"href":"https:\/\/nhadepbepxinh.com.vn\/index.php?rest_route=\/wp\/v2\/media\/1910"}],"wp:attachment":[{"href":"https:\/\/nhadepbepxinh.com.vn\/index.php?rest_route=%2Fwp%2Fv2%2Fmedia&parent=1909"}],"wp:term":[{"taxonomy":"product_brand","embeddable":true,"href":"https:\/\/nhadepbepxinh.com.vn\/index.php?rest_route=%2Fwp%2Fv2%2Fproduct_brand&post=1909"},{"taxonomy":"product_cat","embeddable":true,"href":"https:\/\/nhadepbepxinh.com.vn\/index.php?rest_route=%2Fwp%2Fv2%2Fproduct_cat&post=1909"},{"taxonomy":"product_tag","embeddable":true,"href":"https:\/\/nhadepbepxinh.com.vn\/index.php?rest_route=%2Fwp%2Fv2%2Fproduct_tag&post=1909"}],"curies":[{"name":"wp","href":"https:\/\/api.w.org\/{rel}","templated":true}]}}