{"id":1903,"date":"2025-03-27T09:13:37","date_gmt":"2025-03-27T02:13:37","guid":{"rendered":"https:\/\/nhadepbepxinh.com.vn\/?post_type=product&#038;p=1903"},"modified":"2025-03-27T09:13:37","modified_gmt":"2025-03-27T02:13:37","slug":"bon-cau-1-khoi-bkr1100","status":"publish","type":"product","link":"https:\/\/nhadepbepxinh.com.vn\/?product=bon-cau-1-khoi-bkr1100","title":{"rendered":"B\u00d4\u0300N C\u00c2\u0300U 1 KH\u00d4\u0301I BKR1100"},"content":{"rendered":"<p><strong>Sang tr\u1ecdng, hi\u1ec7n \u0111\u1ea1i cu\u1ed1n h\u00fat kh\u00f4ng gian ph\u00f2ng t\u1eafm v\u1edbi b\u00e0n c\u1ea7u 1 kh\u1ed1i BKR1100<\/strong><\/p>\n<p>N\u1eb1m trong b\u1ed9 s\u01b0u t\u1eadp m\u1edbi c\u1ee7a KOREST, b\u00e0n c\u1ea7u 1 kh\u1ed1i BKR1100 s\u1edf h\u1eefu thi\u1ebft k\u1ebf nh\u1ecf g\u1ecdn v\u1edbi th\u00e2n b\u1ed3n c\u1ea7u tho\u1ea3i, to\u00e1t v\u1ebb \u0111\u1eb9p sang tr\u1ecdng, hi\u1ec7n \u0111\u1ea1i, ph\u00f9 h\u1ee3p v\u1edbi nhi\u1ec1u kh\u00f4ng gian ph\u00f2ng t\u1eafm kh\u00e1c nhau.<\/p>\n<figure id=\"attachment_6357\" class=\"wp-caption aligncenter\" aria-describedby=\"caption-attachment-6357\"><img loading=\"lazy\" decoding=\"async\" class=\"wp-image-6357 size-full lazyloaded\" src=\"https:\/\/korest.vn\/wp-content\/uploads\/2021\/12\/Ban-cau-1-khoi-BKR1100-2.jpg\" sizes=\"auto, (max-width: 600px) 100vw, 600px\" srcset=\"https:\/\/korest.vn\/wp-content\/uploads\/2021\/12\/Ban-cau-1-khoi-BKR1100-2.jpg?v=1663640335 600w, https:\/\/korest.vn\/wp-content\/uploads\/2021\/12\/Ban-cau-1-khoi-BKR1100-2-375x375.jpg?v=1663640335 375w, https:\/\/korest.vn\/wp-content\/uploads\/2021\/12\/Ban-cau-1-khoi-BKR1100-2-575x575.jpg?v=1663640335 575w, https:\/\/korest.vn\/wp-content\/uploads\/2021\/12\/Ban-cau-1-khoi-BKR1100-2-150x150.jpg?v=1663640335 150w\" alt=\"B\u00e0n c\u1ea7u 1 kh\u1ed1i BKR1100\" width=\"600\" height=\"600\" data-ll-status=\"loaded\" \/><figcaption id=\"caption-attachment-6357\" class=\"wp-caption-text\">B\u00e0n c\u1ea7u 1 kh\u1ed1i BKR1100<\/figcaption><\/figure>\n<h2><strong>H\u1ec7 x\u1ea3 xo\u00e1y k\u1ebft h\u1ee3p tia \u0111\u1ea9y m\u1ea1nh m\u1ebd<\/strong><\/h2>\n<p>So v\u1edbi nh\u1eefng nh\u1eefng b\u1ed3n c\u1ea7u c\u00f3 h\u1ec7 x\u1ea3 xo\u00e1y th\u00f4ng th\u01b0\u1eddng, s\u1ea3n ph\u1ea9m BKR1100 s\u1edf h\u1eefu h\u1ec7 th\u1ed1ng x\u1ea3 xo\u00e1y nh\u01b0ng k\u1ebft h\u1ee3p th\u00eam tia \u0111\u1ea9y,\u00a0t\u1ea1o ra kh\u1ea3 n\u0103ng x\u1ea3 c\u1ef1c k\u1ef3 m\u1ea1nh m\u1ebd cu\u1ed1n tr\u00f4i m\u1ecdi ch\u1ea5t th\u1ea3i ch\u1ec9 trong m\u1ed9t l\u1ea7n. \u0110i\u1ec1u n\u00e0y gi\u00fap b\u1ea1n kh\u00f4ng c\u1ea7n ph\u1ea3i \u0111\u1ec3 \u00fd xem ch\u1ea5t b\u1ea9n \u0111\u00e3 h\u1ebft ch\u01b0a \u0111\u1ec3 x\u1ea3 l\u1ea1i l\u1ea7n n\u1eefa.<\/p>\n<figure id=\"attachment_6358\" class=\"wp-caption aligncenter\" aria-describedby=\"caption-attachment-6358\"><img loading=\"lazy\" decoding=\"async\" class=\"wp-image-6358 size-full lazyloaded\" title=\"B\u00e0n c\u1ea7u 1 kh\u1ed1i BKR1100\" src=\"https:\/\/korest.vn\/wp-content\/uploads\/2021\/12\/Ban-cau-1-khoi-BKR1100-1.jpg\" sizes=\"auto, (max-width: 600px) 100vw, 600px\" srcset=\"https:\/\/korest.vn\/wp-content\/uploads\/2021\/12\/Ban-cau-1-khoi-BKR1100-1.jpg?v=1663640376 600w, https:\/\/korest.vn\/wp-content\/uploads\/2021\/12\/Ban-cau-1-khoi-BKR1100-1-375x375.jpg?v=1663640376 375w, https:\/\/korest.vn\/wp-content\/uploads\/2021\/12\/Ban-cau-1-khoi-BKR1100-1-575x575.jpg?v=1663640376 575w, https:\/\/korest.vn\/wp-content\/uploads\/2021\/12\/Ban-cau-1-khoi-BKR1100-1-150x150.jpg?v=1663640376 150w\" alt=\"B\u00e0n c\u1ea7u 1 kh\u1ed1i BKR1100\" width=\"600\" height=\"600\" data-ll-status=\"loaded\" \/><figcaption id=\"caption-attachment-6358\" class=\"wp-caption-text\">H\u1ec7 x\u1ea3 xo\u00e1y k\u1ebft h\u1ee3p tia \u0111\u1ea9y m\u1ea1nh m\u1ebd<\/figcaption><\/figure>\n<p><strong>N\u1eafp PP cao c\u1ea5p kh\u00f4ng g\u00e2y ti\u1ebfng \u1ed3n<\/strong><\/p>\n<p>N\u1eafp b\u00e0n c\u1ea7u BKR1100 s\u1edf h\u1eefu ch\u1ea5t li\u1ec7u PP th\u00e2n thi\u1ec7n v\u1edbi m\u00f4i tr\u01b0\u1eddng, v\u00e0 c\u00f3 kh\u1ea3 n\u0103ng t\u1ef1 h\u1ee7y khi h\u1ebft tu\u1ed5i th\u1ecd c\u1ee7a s\u1ea3n ph\u1ea9m. \u0110\u1eb7c bi\u1ec7t, v\u1edbi c\u01a1 ch\u1ebf \u0111\u00f3ng \u00eam, s\u1ebd mang \u0111\u1ebfn s\u1ef1 tho\u1ea3i m\u00e1i m\u00e0 kh\u00f4ng \u1ea3nh h\u01b0\u1edfng \u0111\u1ebfn gi\u1ea5c ng\u1ee7 c\u1ee7a c\u00e1c th\u00e0nh vi\u00ean trong gia \u0111\u00ecnh, \u0111\u1eb7c bi\u1ec7t v\u1edbi nh\u1eefng gia \u0111\u00ecnh c\u00f3 ng\u01b0\u1eddi cao tu\u1ed5i v\u00e0 tr\u1ebb nh\u1ecf.<\/p>\n<p>&nbsp;<\/p>\n<figure id=\"attachment_6359\" class=\"wp-caption aligncenter\" aria-describedby=\"caption-attachment-6359\"><img loading=\"lazy\" decoding=\"async\" class=\"wp-image-6359 size-full lazyloaded\" src=\"https:\/\/korest.vn\/wp-content\/uploads\/2021\/12\/Ban-cau-1-khoi-BKR1100.jpg\" sizes=\"auto, (max-width: 600px) 100vw, 600px\" srcset=\"https:\/\/korest.vn\/wp-content\/uploads\/2021\/12\/Ban-cau-1-khoi-BKR1100.jpg?v=1663640426 600w, https:\/\/korest.vn\/wp-content\/uploads\/2021\/12\/Ban-cau-1-khoi-BKR1100-375x375.jpg?v=1663640426 375w, https:\/\/korest.vn\/wp-content\/uploads\/2021\/12\/Ban-cau-1-khoi-BKR1100-575x575.jpg?v=1663640426 575w, https:\/\/korest.vn\/wp-content\/uploads\/2021\/12\/Ban-cau-1-khoi-BKR1100-150x150.jpg?v=1663640426 150w\" alt=\"B\u00e0n c\u1ea7u 1 kh\u1ed1i BKR1100\" width=\"600\" height=\"600\" data-ll-status=\"loaded\" \/><figcaption id=\"caption-attachment-6359\" class=\"wp-caption-text\">N\u1eafp PP cao c\u1ea5p kh\u00f4ng g\u00e2y ti\u1ebfng \u1ed3n<\/figcaption><\/figure>\n<p>H\u01a1n th\u1ebf n\u1eefa,\u00a0n\u1eafp c\u1ee7a BKR1100 c\u00f3 c\u01a1 ch\u1ebf th\u00e1o l\u1eafp d\u1ec5 d\u00e0ng, gi\u00fap cho vi\u1ec7c c\u1ecd r\u1eeda, lau ch\u00f9i c\u1ee7a b\u1ea1n \u0111\u01b0\u1ee3c nhanh ch\u00f3ng, ti\u1ec7n l\u1ee3i h\u01a1n.<\/p>\n<h2><strong>B\u00e0n c\u1ea7u 1 kh\u1ed1i BKR1100 s\u1edf h\u1eefu b\u1ed9 x\u1ea3 cao c\u1ea5p\u00a0<\/strong><\/h2>\n<p>B\u1ed9 x\u1ea3 rim c\u1ee7a s\u1ea3n ph\u1ea9m cho ph\u00e9p c\u1ea5p n\u01b0\u1edbc trong k\u00e9t n\u01b0\u1edbc nhanh h\u01a1n, gi\u00fap cho vi\u1ec7c s\u1eed d\u1ee5ng v\u1edbi t\u1ea7n su\u1ea5t \u0111\u01b0\u1ee3c li\u00ean t\u1ee5c m\u00e0 kh\u00f4ng c\u1ea7n ph\u1ea3i m\u1ea5t th\u1eddi gian \u0111\u1ec3 \u0111\u1ee3i c\u00f3 n\u01b0\u1edbc x\u1ea3. Ngo\u00e0i ra, s\u1ea3n ph\u1ea9m \u0111\u01b0\u1ee3c thi\u1ebft k\u1ebf v\u1edbi 2 n\u00fat nh\u1ea5n t\u01b0\u01a1ng \u1ee9ng v\u1edbi 2 ch\u1ebf \u0111\u1ed9 x\u1ea3: N\u00fat l\u1edbn \u0111\u1ec3 x\u1ea3 \u0111i \u0111\u1ea1i ti\u1ec7n, nh\u1ecf \u0111\u1ec3 x\u1ea3 n\u01b0\u1edbc sau khi ti\u1ec3u ti\u1ec7n. H\u01a1n n\u1eefa, s\u1ea3n ph\u1ea9m tuy c\u00f3 ch\u1ebf \u0111\u1ed9 x\u1ea3 n\u01b0\u1edbc nhanh, m\u1ea1nh nh\u01b0ng v\u1eabn \u0111\u1ea3m b\u1ea3o ti\u1ebft ki\u1ec7m n\u01b0\u1edbc.<\/p>\n<p><strong>Nh\u1eefng ph\u1ee5 ki\u1ec7n \u0111i k\u00e8m v\u1edbi b\u00e0n c\u1ea7u 1 kh\u1ed1i BKR1100<\/strong><\/p>\n<p>Trong s\u1ea3n ph\u1ea9m b\u00e0n c\u1ea7u 1 kh\u1ed1i BKR1100 s\u1ebd bao g\u1ed3m nh\u1eefng ph\u1ee5 ki\u1ec7n \u0111i k\u00e8m l\u00e0:\u00a0Gio\u0103ng cao su ng\u0103n m\u00f9i, d\u00e2y c\u1ea5p n\u01b0\u1edbc Inox, \u0111\u1ea7u \u1ed1c \u0111\u1ed3ng. \u0110\u1eb7c bi\u1ec7t, d\u00e2y c\u1ea5p n\u01b0\u1edbc c\u1ee7a KOREST \u0111\u01b0\u1ee3c l\u00e0m ch\u1ea5t li\u1ec7u Inox\u00a0b\u1ec1n ch\u1eafc, ch\u1ecbu \u0111\u01b0\u1ee3c \u00e1p l\u1ef1c cao, gi\u00fap ch\u1ed1ng g\u1ec9 s\u00e9t, ch\u1ed1ng \u0103n m\u00f2n, d\u1ec5 d\u00e0ng l\u1eafp \u0111\u1eb7t v\u00e0 s\u1eed d\u1ee5ng l\u00e2u d\u00e0i.<\/p>\n<h2><strong>D\u1ecbch v\u1ee5 b\u1ea3o h\u00e0nh uy t\u00edn khi mu<\/strong><strong>a b\u00e0n c\u1ea7u 1 kh\u1ed1i BKR1100<\/strong><\/h2>\n<p>B\u1ed9 x\u1ea3 k\u00e9t n\u01b0\u1edbc l\u00e0 m\u1ed9t trong nh\u1eefng ph\u1ee5 ki\u1ec7n hay ph\u1ea3i s\u1eed d\u1ee5ng v\u1edbi tu\u1ea7n su\u1ea5t l\u1edbn v\u00e0 c\u00f3 th\u1eddi gian nhanh h\u1ecfng nh\u1ea5t. Tuy nhi\u00ean, \u1edf KOREST b\u1ed9 x\u1ea3 \u0111\u01b0\u1ee3c b\u1ea3o h\u00e0nh l\u00ean \u0111\u1ebfn 3 n\u0103m, th\u1eddi gian l\u00e2u h\u01a1n so v\u1edbi c\u00e1c th\u01b0\u01a1ng hi\u1ec7u kh\u00e1c tr\u00ean th\u1ecb tr\u01b0\u1eddng gi\u00fap kh\u00e1c h\u00e0ng y\u00ean t\u00e2m khi s\u1eed d\u1ee5ng.\u00a0Trong th\u1eddi gian b\u1ea3o h\u00e0nh, b\u1ea5t c\u1ee9 khi n\u00e0o b\u1ea1n th\u1ea5y b\u00e0n c\u1ea7u 1 kh\u1ed1i BKR1100 b\u1ecb h\u1ecfng hay ho\u1ea1t \u0111\u1ed9ng c\u00f3 v\u1ea5n \u0111\u1ec1, h\u00e3y li\u00ean h\u1ec7 ngay cho KOREST \u0111\u1ec3 \u0111\u01b0\u1ee3c kh\u1eafc ph\u1ee5c ho\u1eb7c \u0111\u1ed5i m\u1edbi.<\/p>\n<p>C\u00f4ng ngh\u1ec7 b\u1ea3o h\u00e0nh \u0111i\u1ec7n t\u1eed c\u00e1c m\u1eb7t h\u00e0ng thi\u1ebft b\u1ecb v\u1ec7 sinh KOREST \u00e1p d\u1ee5ng v\u1edbi b\u1ed3n c\u1ea7u li\u1ec1n kh\u1ed1i cao c\u1ea5p BKR1100 gi\u00fap kh\u00e1ch h\u00e0ng kh\u00f4ng c\u00f2n v\u1ea5t v\u1ea3 l\u01b0u gi\u1eef qu\u00e1 nhi\u1ec1u gi\u1ea5y t\u1edd v\u1ec1 s\u1ea3n ph\u1ea9m. H\u01a1n n\u1eefa, c\u00f4ng ngh\u1ec7 b\u1ea3o h\u00e0nh \u0111i\u1ec7n t\u1eed c\u00f2n l\u00e0 c\u00e1ch b\u1ea3o v\u1ec7 ng\u01b0\u1eddi ti\u00eau d\u00f9ng hi\u1ec7u qu\u1ea3 khi \u0111\u1ea3m b\u1ea3o b\u1ea1n \u0111\u00e3 mua \u0111\u00fang thi\u1ebft b\u1ecb v\u1ec7 sinh\u00a0 ch\u00ednh h\u00e3ng KOREST.<\/p>\n<p><strong>TH\u00d4NG S\u00d4\u0301 KY\u0303 THU\u00c2\u0323T<\/strong><\/p>\n<p class=\"code-pro f_roboto font16 line_h28 cl_99 mb-4\">M\u00e3 s\u1ea3n ph\u1ea9m: BKR1100<\/p>\n<div class=\"meta-script s-content f_roboto font16 line_30 cl_33 pro_detai_s_content\">\n<p><span data-sheets-value=\"{\" data-sheets-userformat=\"{\" data-sheets-textstyleruns=\"{\">&#8211; Lo\u1ea1i: B\u00e0n c\u1ea7u 1 kh\u1ed1i, b\u1ec7t k\u00e9t li\u1ec1n.<\/span><\/p>\n<p><span data-sheets-value=\"{\" data-sheets-userformat=\"{\" data-sheets-textstyleruns=\"{\">&#8211; K\u00edch Th\u01b0\u1edbc: 680x365x720mm<\/span><\/p>\n<p><span data-sheets-value=\"{\" data-sheets-userformat=\"{\" data-sheets-textstyleruns=\"{\">&#8211; T\u00e2m tho\u00e1t S-trap 300 mm<\/span><\/p>\n<p><span data-sheets-value=\"{\" data-sheets-userformat=\"{\" data-sheets-textstyleruns=\"{\">&#8211; H\u1ec7 x\u1ea3: Xo\u00e1y k\u1ebft h\u1ee3p tia \u0111\u1ea9y<\/span><\/p>\n<p><span data-sheets-value=\"{\" data-sheets-userformat=\"{\" data-sheets-textstyleruns=\"{\">&#8211; N\u1eafp PP cao c\u1ea5p \u0111\u00f3ng \u00eam, c\u01a1 ch\u1ebf th\u00e1o l\u1eafp d\u1ec5 d\u00e0ng<\/span><\/p>\n<p><span data-sheets-value=\"{\" data-sheets-userformat=\"{\" data-sheets-textstyleruns=\"{\">&#8211; 2 ch\u1ebf \u0111\u1ed9 x\u1ea3 ti\u1ec3u, x\u1ea3 \u0111\u1ea1i, ti\u1ebft ki\u1ec7m n\u01b0\u1edbc<\/span><\/p>\n<p><span data-sheets-value=\"{\" data-sheets-userformat=\"{\" data-sheets-textstyleruns=\"{\">&#8211; B\u1ed9 x\u1ea3 cao c\u1ea5p d\u1ea1ng c\u1ea5p kim b\u1ea3o h\u00e0nh: 3 n\u0103m<\/span><\/p>\n<\/div>\n","protected":false},"excerpt":{"rendered":"<p class=\"code-pro f_roboto font16 line_h28 cl_99 mb-4\">M\u00e3 s\u1ea3n ph\u1ea9m: BKR1100<\/p>\n<div class=\"meta-script s-content f_roboto font16 line_30 cl_33 pro_detai_s_content\">\n<p><span data-sheets-value=\"{\" data-sheets-userformat=\"{\" data-sheets-textstyleruns=\"{\">&#8211; Lo\u1ea1i: B\u00e0n c\u1ea7u 1 kh\u1ed1i, b\u1ec7t k\u00e9t li\u1ec1n.<\/span><\/p>\n<p><span data-sheets-value=\"{\" data-sheets-userformat=\"{\" data-sheets-textstyleruns=\"{\">&#8211; K\u00edch Th\u01b0\u1edbc: 680x365x720mm<\/span><\/p>\n<p><span data-sheets-value=\"{\" data-sheets-userformat=\"{\" data-sheets-textstyleruns=\"{\">&#8211; T\u00e2m tho\u00e1t S-trap 300 mm<\/span><\/p>\n<p><span data-sheets-value=\"{\" data-sheets-userformat=\"{\" data-sheets-textstyleruns=\"{\">&#8211; H\u1ec7 x\u1ea3: Xo\u00e1y k\u1ebft h\u1ee3p tia \u0111\u1ea9y<\/span><\/p>\n<p><span data-sheets-value=\"{\" data-sheets-userformat=\"{\" data-sheets-textstyleruns=\"{\">&#8211; N\u1eafp PP cao c\u1ea5p \u0111\u00f3ng \u00eam, c\u01a1 ch\u1ebf th\u00e1o l\u1eafp d\u1ec5 d\u00e0ng<\/span><\/p>\n<p><span data-sheets-value=\"{\" data-sheets-userformat=\"{\" data-sheets-textstyleruns=\"{\">&#8211; 2 ch\u1ebf \u0111\u1ed9 x\u1ea3 ti\u1ec3u, x\u1ea3 \u0111\u1ea1i, ti\u1ebft ki\u1ec7m n\u01b0\u1edbc<\/span><\/p>\n<p><span data-sheets-value=\"{\" data-sheets-userformat=\"{\" data-sheets-textstyleruns=\"{\">&#8211; B\u1ed9 x\u1ea3 cao c\u1ea5p d\u1ea1ng c\u1ea5p kim b\u1ea3o h\u00e0nh: 3 n\u0103m<\/span><\/p>\n<\/div>\n","protected":false},"featured_media":1904,"comment_status":"open","ping_status":"closed","template":"","meta":[],"product_brand":[],"product_cat":[18,26],"product_tag":[],"class_list":{"0":"post-1903","1":"product","2":"type-product","3":"status-publish","4":"has-post-thumbnail","6":"product_cat-thiet-bi-ve-sinh","7":"product_cat-bon-cau","9":"first","10":"instock","11":"shipping-taxable","12":"product-type-simple"},"_links":{"self":[{"href":"https:\/\/nhadepbepxinh.com.vn\/index.php?rest_route=\/wp\/v2\/product\/1903","targetHints":{"allow":["GET"]}}],"collection":[{"href":"https:\/\/nhadepbepxinh.com.vn\/index.php?rest_route=\/wp\/v2\/product"}],"about":[{"href":"https:\/\/nhadepbepxinh.com.vn\/index.php?rest_route=\/wp\/v2\/types\/product"}],"replies":[{"embeddable":true,"href":"https:\/\/nhadepbepxinh.com.vn\/index.php?rest_route=%2Fwp%2Fv2%2Fcomments&post=1903"}],"wp:featuredmedia":[{"embeddable":true,"href":"https:\/\/nhadepbepxinh.com.vn\/index.php?rest_route=\/wp\/v2\/media\/1904"}],"wp:attachment":[{"href":"https:\/\/nhadepbepxinh.com.vn\/index.php?rest_route=%2Fwp%2Fv2%2Fmedia&parent=1903"}],"wp:term":[{"taxonomy":"product_brand","embeddable":true,"href":"https:\/\/nhadepbepxinh.com.vn\/index.php?rest_route=%2Fwp%2Fv2%2Fproduct_brand&post=1903"},{"taxonomy":"product_cat","embeddable":true,"href":"https:\/\/nhadepbepxinh.com.vn\/index.php?rest_route=%2Fwp%2Fv2%2Fproduct_cat&post=1903"},{"taxonomy":"product_tag","embeddable":true,"href":"https:\/\/nhadepbepxinh.com.vn\/index.php?rest_route=%2Fwp%2Fv2%2Fproduct_tag&post=1903"}],"curies":[{"name":"wp","href":"https:\/\/api.w.org\/{rel}","templated":true}]}}