{"id":190,"date":"2019-12-02T01:38:51","date_gmt":"2019-12-01T18:38:51","guid":{"rendered":"http:\/\/beptu.lamgia.biz\/?post_type=product&#038;p=190"},"modified":"2025-03-24T10:06:32","modified_gmt":"2025-03-24T03:06:32","slug":"hut-mui-kinh-cong-700-st","status":"publish","type":"product","link":"https:\/\/nhadepbepxinh.com.vn\/?product=hut-mui-kinh-cong-700-st","title":{"rendered":"M\u00c1Y H\u00daT M\u00d9I \u00c2M T\u1ee6 KF-TL700ST"},"content":{"rendered":"<p><em>Nh\u00e0 b\u1ebfp c\u1ee7a b\u1ea1n b\u1ecb \u00e1m m\u00f9i chi\u00ean n\u01b0\u1edbng, kh\u00f3i bay quanh nh\u00e0 b\u1ebfp g\u00e2y kh\u00f3 th\u1edf c\u1ea3n tr\u1edf t\u1ea7m nh\u00ecn hay m\u00f9i d\u1ea7u m\u1ee1, m\u00f9i th\u1ee9c \u0103n g\u00e2y kh\u00f3 ch\u1ecbu cho b\u1ea1n? N\u1ebfu v\u1eady h\u00e3y tham kh\u1ea3o s\u1ea3n ph\u1ea9m m\u00e1y h\u00fat m\u00f9i\u00a0<strong>Kaff KF-TL700ST<\/strong>\u00a0\u0111\u01b0\u1ee3c s\u1ea3n xu\u1ea5t v\u00e0 l\u1eafp \u0111\u1eb7t tr\u00ean d\u00e2y chuy\u1ec1n c\u00f4ng ngh\u1ec7 hi\u1ec7n \u0111\u1ea1i ti\u00eau chu\u1ea9n ch\u00e2u \u00c2u.\u00a0<strong>KF-TL700ST<\/strong>\u00a0v\u1edbi c\u00f4ng d\u1ee5ng h\u00fat kh\u00f3i, kh\u1eed m\u00f9i gi\u00fap b\u1ea1n c\u00f3 th\u1ec3 tr\u00e1nh \u0111\u01b0\u1ee3c c\u00e1c v\u1ea5n \u0111\u1ec1 tr\u00ean, \u0111\u1eb7c bi\u1ec7t l\u00e0 \u0111\u1ed1i v\u1edbi nh\u1eefng kh\u00f4ng gian nh\u00e0 b\u1ebfp nh\u1ecf, trung b\u00ecnh, ngo\u00e0i ra m\u00e1y c\u00f2n c\u00f3 kh\u1ea3 n\u0103ng l\u00e0m s\u1ea1ch kh\u00f4ng kh\u00ed, gi\u00fap cho kh\u00f4ng gian b\u1ebfp nh\u00e0 b\u1ea1n tr\u1edf n\u00ean tho\u00e1ng \u0111\u00e3ng h\u01a1n, trong l\u00e0nh h\u01a1n, kh\u00f4ng c\u00f2n b\u1ecb \u00e1m m\u00f9i th\u1ee9c \u0103n, d\u1ea7u m\u1ee1 nh\u01b0 tr\u01b0\u1edbc. C\u00f9ng v\u1edbi \u0111\u00f3 l\u00e0 thi\u1ebft k\u1ebf hi\u1ec7n \u0111\u1ea1i d\u1ea1ng \u00e2m t\u1ee7, sang tr\u1ecdng, b\u1ec1n \u0111\u1eb9p, ho\u1ea1t \u0111\u1ed9ng \u1ed5n \u0111\u1ecbnh v\u00e0 b\u1ec1n b\u1ec9,\u00a0<strong>KF-TL700ST<\/strong>\u00a0h\u1ee9a h\u1eb9n s\u1ebd mang \u0111\u1ebfn s\u1ef1 tr\u1ea3i nghi\u1ec7m tuy\u1ec7t v\u1eddi!<\/em><\/p>\n<p><img decoding=\"async\" src=\"https:\/\/hsn.vn\/images\/stories\/virtuemart\/product\/may-hut-mui-kaff-kf-tl700st.jpg\" alt=\"may-hut-mui-kaff-kf-tl700st.jpg\" \/><\/p>\n<p><em><strong>M\u00e1y h\u00fat m\u00f9i Kaff KF-TL700ST<\/strong>\u00a0d\u00f2ng s\u1ea3n ph\u1ea9m \u0111\u01b0\u1ee3c nh\u1eadp kh\u1ea9u nguy\u00ean chi\u1ebfc v\u01b0\u1ee3t tr\u1ed9i trong c\u00f4ng ngh\u1ec7 c\u1ee7a m\u00e1y h\u00fat m\u00f9i<strong>. Model\u00a0KF-TL700ST\u00a0<\/strong>v\u1edbi thi\u1ebft k\u1ebf \u00e2m t\u1ee7 ph\u00f9 h\u1ee3p cho nh\u1eefng gia \u0111\u00ecnh c\u00f3 kh\u00f4ng gian b\u1ebfp nh\u1ecf, ho\u1eb7c mu\u1ed1n s\u1eed d\u1ee5ng kh\u00f4ng gian ph\u00eda tr\u00ean m\u00e1y l\u00e0m t\u1ee7 b\u1ebfp.<\/em><\/p>\n<p><img decoding=\"async\" src=\"https:\/\/hsn.vn\/images\/stories\/virtuemart\/product\/may-hut-mui-kaff-kf-tl700st-1.jpg\" alt=\"may-hut-mui-kaff-kf-tl700st.jpg_product\" \/><\/p>\n<p>M\u00e1y h\u00fat m\u00f9i Kaff\u00a0<strong>KF-TL700ST<\/strong>\u00a0\u0111\u01b0\u1ee3c thi\u1ebft k\u1ebf v\u1edbi th\u00e2n m\u00e1y b\u1eb1ng th\u00e9p ph\u1ee7 s\u01a1n t\u0129nh \u0111i\u1ec7n ch\u1ed1ng g\u1ec9 t\u1ea1o \u0111\u1ed9 b\u1ec1n cao cho m\u00e1y, ki\u1ec3u d\u00e1ng sang tr\u1ecdng v\u1edbi k\u00edch th\u01b0\u1edbc\u00a0<strong>70cm<\/strong>\u00a0ph\u00f9 h\u1ee3p v\u1edbi nhi\u1ec1u kh\u00f4ng gian b\u1ebfp Vi\u1ec7t. \u0110\u00e2y\u00a0l\u00e0 lo\u1ea1i m\u00e1y h\u00fat m\u00f9i c\u00f3 c\u00f4ng su\u1ea5t cao trong c\u00e1c lo\u1ea1i m\u00e1y h\u00fat m\u00f9i c\u1ed5 \u0111i\u1ec3n, c\u00f4ng su\u1ea5t t\u1ed1i \u0111a c\u1ee7a m\u00e1y l\u00ean \u0111\u1ebfn\u00a0<strong>1000m3\/h<\/strong>\u00a0v\u1edbi 3 t\u1ed1c \u0111\u1ed9 h\u00fat kh\u00e1c nhau d\u1ec5 d\u00e0ng \u0111i\u1ec1u ch\u1ec9nh b\u1eb1ng ph\u00edm c\u1ea3m \u1ee9ng.<\/p>\n<p><img loading=\"lazy\" decoding=\"async\" class=\" jspeed-img-lazyloaded\" title=\"M\u00e1y h\u00fat m\u00f9i Kaff KF-TL700ST - C\u00f4ng su\u1ea5t t\u1ed1i \u0111a c\u1ee7a m\u00e1y l\u00ean \u0111\u1ebfn\u00a01000m3\/h\u00a0v\u1edbi 3 t\u1ed1c \u0111\u1ed9 h\u00fat kh\u00e1c nhau d\u1ec5 d\u00e0ng \u0111i\u1ec1u ch\u1ec9nh b\u1eb1ng ph\u00edm c\u1ea3m \u1ee9ng.\" src=\"https:\/\/hsn.vn\/images\/stories\/virtuemart\/product\/may-hut-mui-kaff-kf-tl700st-3.jpg\" alt=\"M\u00e1y h\u00fat m\u00f9i Kaff KF-TL700ST - C\u00f4ng su\u1ea5t t\u1ed1i \u0111a c\u1ee7a m\u00e1y l\u00ean \u0111\u1ebfn\u00a01000m3\/h\u00a0v\u1edbi 3 t\u1ed1c \u0111\u1ed9 h\u00fat kh\u00e1c nhau d\u1ec5 d\u00e0ng \u0111i\u1ec1u ch\u1ec9nh b\u1eb1ng ph\u00edm c\u1ea3m \u1ee9ng.\" width=\"1020\" height=\"470\" data-jspeed-lazyload=\"1\" data-src=\"\/images\/stories\/virtuemart\/product\/may-hut-mui-kaff-kf-tl700st-3.jpg\" \/><\/p>\n<p>C\u0169ng gi\u1ed1ng nh\u01b0 c\u00e1c lo\u1ea1i m\u00e1y h\u00fat m\u00f9i cao c\u1ea5p kh\u00e1c,\u00a0m\u00e1y h\u00fat m\u00f9i\u00a0Kaff\u00a0<strong>KF-TL700ST\u00a0<\/strong>c\u0169ng \u0111\u01b0\u1ee3c trang b\u1ecb \u0111\u1ea7y \u0111\u1ee7 \u0111\u00e8n chi\u1ebfu s\u00e1ng \u0111\u1ea3m b\u1ea3o \u0111\u1ee7 \u00e1nh s\u00e1ng cho vi\u1ec7c \u0111un n\u1ea5u.\u00a0M\u00e1y s\u1eed d\u1ee5ng \u0111\u1ed9ng c\u01a1 tuabin \u0111\u00f4i c\u00f4ng su\u1ea5t\u00a0<strong>130W<\/strong>\u00a0\u0111\u1ed9 \u1ed3n th\u1ea5p, \u0111\u1ed9 \u1ed3n t\u1ed1i \u0111a c\u1ee7a m\u00e1y khi ho\u1ea1t \u0111\u1ed9ng v\u1edbi c\u00f4ng su\u1ea5t cao nh\u1ea5t l\u00e0 \u1edf m\u1ee9c\u00a0<strong>48Db<\/strong>.\u00a0\u0110\u1ed9 \u1ed3n t\u1ed1i \u0111a c\u1ee7a m\u00e1y r\u1ea5t nh\u1ecf m\u00e1y \u00eam kh\u00f4ng \u1ea3nh h\u01b0\u1edfng \u0111\u1ebfn sinh ho\u1ea1t gia \u0111\u00ecnh b\u1ea1n. T\u1ed5ng \u0111i\u1ec7n n\u0103ng ti\u00eau thu \u0111i\u1ec7n c\u1ee7a m\u00e1y khi\u1ebfn b\u1ea1n ph\u1ea3i ng\u1ea1c nhi\u00ean v\u00ec 6 \u0111\u1ebfn 7 ti\u1ebfng \u0111\u1ed3ng h\u1ed3 ho\u1ea1t \u0111\u1ed9ng c\u1ee7a m\u00e1y m\u1edbi h\u1ebft c\u00f3 1 s\u1ed1 \u0111i\u1ec7n c\u1ee7a b\u1ea1n.<\/p>\n<p><img loading=\"lazy\" decoding=\"async\" class=\" jspeed-img-lazyloaded\" title=\"M\u00e1y h\u00fat m\u00f9i Kaff KF-TL700ST - S\u1eed d\u1ee5ng \u0111\u1ed9ng c\u01a1 tuabin \u0111\u00f4i c\u00f4ng su\u1ea5t\u00a0130W\" src=\"https:\/\/hsn.vn\/images\/stories\/virtuemart\/product\/may-hut-mui-kaff-kf-tl700st-10.jpg\" alt=\"M\u00e1y h\u00fat m\u00f9i Kaff KF-TL700ST - S\u1eed d\u1ee5ng \u0111\u1ed9ng c\u01a1 tuabin \u0111\u00f4i c\u00f4ng su\u1ea5t\u00a0130W\" width=\"1020\" height=\"680\" data-jspeed-lazyload=\"1\" data-src=\"\/images\/stories\/virtuemart\/product\/may-hut-mui-kaff-kf-tl700st-10.jpg\" \/><\/p>\n<p>M\u00e1y h\u00fat m\u00f9i Kaff\u00a0<strong>KF-TL700ST<\/strong>\u00a0b\u1ea1n d\u1ec5 d\u00e0ng l\u1ef1a ch\u1ecdn ch\u1ebf \u0111\u1ed9 h\u00fat kh\u1eed ph\u00f9 h\u1ee3p v\u1edbi kh\u00f4ng gian b\u1ebfp. B\u1edfi\u00a0m\u00e1y\u00a0c\u00f3 2 ch\u1ebf \u0111\u1ed9 h\u00fat kh\u1eed m\u00f9i \u0111\u00f3 l\u00e0 ch\u1ebf \u0111\u1ed9 kh\u1eed b\u1eb1ng than ho\u1ea1t t\u00ednh t\u1ea1i ch\u1ed7 v\u00e0 ch\u1ebf \u0111\u1ed9 h\u00fat \u0111\u1ea9y ra ngo\u00e0i qua \u1ed1ng d\u1eabn v\u1edbi k\u00edch th\u01b0\u1edbc \u1ed1ng d\u1eabn d\u00e0i\u00a0<strong>150mm<\/strong>. L\u01b0\u1edbi l\u1ecdc m\u1ee1\u00a0<strong>Inox + Aluminium<\/strong>\u00a05 l\u1edbp d\u1ec5 th\u00e1o l\u1eafp v\u1ec7 sinh.<\/p>\n<p><img loading=\"lazy\" decoding=\"async\" class=\" jspeed-img-lazyloaded\" title=\"M\u00e1y h\u00fat m\u00f9i Kaff KF-TL700ST - K\u00edch th\u01b0\u1edbc \u1ed1ng d\u1eabn d\u00e0i\u00a0150mm\" src=\"https:\/\/hsn.vn\/images\/stories\/virtuemart\/product\/may-hut-mui-kaff-kf-tl700st-5.jpg\" alt=\"M\u00e1y h\u00fat m\u00f9i Kaff KF-TL700ST - K\u00edch th\u01b0\u1edbc \u1ed1ng d\u1eabn d\u00e0i\u00a0150mm\" width=\"1020\" height=\"680\" data-jspeed-lazyload=\"1\" data-src=\"\/images\/stories\/virtuemart\/product\/may-hut-mui-kaff-kf-tl700st-5.jpg\" \/><\/p>\n<h2>M\u1ed8T S\u1ed0 L\u01afU \u00dd KHI S\u1eec D\u1ee4NG<\/h2>\n<p>M\u1ed7i m\u00e1y h\u00fat m\u00f9i \u0111\u1ec1u \u0111\u01b0\u1ee3c thi\u1ebft l\u1eadp c\u00e1c m\u1ee9c \u0111\u1ed9 h\u00fat kh\u00e1c nhau, ch\u00ednh v\u00ec v\u1eady vi\u1ec7c \u0111i\u1ec1u ch\u1ec9nh c\u00f4ng su\u1ea5t sao cho ph\u00f9 h\u1ee3p r\u1ea5t quan tr\u1ecdng. T\u00f9y t\u1eebng m\u00f3n \u0103n (\u00edt m\u00f9i, \u0111\u1eadm m\u00f9i) m\u00e0 c\u00e1c b\u1ea1n \u0111i\u1ec1u ch\u1ec9nh c\u00f4ng su\u1ea5t c\u1ee7a m\u00e1y, tr\u00e1nh t\u00ecnh tr\u1ea1ng \u0111\u1ec3 m\u1ed9t m\u1ee9c c\u00f4ng su\u1ea5t cho t\u1ea5t c\u1ea3 qu\u00e1 tr\u00ecnh s\u1eed d\u1ee5ng m\u00e1y.<\/p>\n<p>M\u1ed7i khi n\u1ea5u \u0103n xong, b\u1ea1n n\u00ean \u0111\u1ec3 m\u00e1y h\u00fat m\u00f9i ho\u1ea1t \u0111\u1ed9ng th\u00eam t\u1eeb 5 \u0111\u1ebfn 10 ph\u00fat \u0111i\u1ec1u n\u00e0y s\u1ebd gi\u00fap m\u00e1y h\u00fat h\u1ebft m\u00f9i c\u1ee7a th\u1ef1c ph\u1ea9m v\u00e0 l\u00e0m cho kh\u00f4ng kh\u00ed gian b\u1ebfp tr\u1edf n\u00ean trong l\u00e0nh h\u01a1n.<\/p>\n<p>Kh\u00f4ng \u0111\u01b0\u1ee3c \u0111\u1ec3 b\u1ebfp gas ho\u1ea1t \u0111\u1ed9ng m\u00e0 kh\u00f4ng c\u00f3 v\u1eadt d\u1ee5ng b\u00ean tr\u00ean. M\u1ee1 t\u00edch t\u1ee5 trong b\u1ed9 l\u1ecdc kim lo\u1ea1i c\u1ee7a thi\u1ebft b\u1ecb m\u00e1y h\u00fat kh\u00f3i c\u00f3 th\u1ec3 ch\u1ea3y xu\u1ed1ng ho\u1eb7c b\u1eaft l\u1eeda khi nhi\u1ec7t \u0111\u1ed9 l\u00ean cao.<\/p>\n<p>\u0110\u1ed1i v\u1edbi nh\u1eefng chi\u1ebfc m\u00e1y h\u00fat m\u00f9i s\u1eed d\u1ee5ng than ho\u1ea1t t\u00ednh, b\u1ea1n n\u00ean thay than t\u1eeb 6 th\u00e1ng \u0111\u1ebfn 1 n\u0103m m\u1ed9t l\u1ea7n \u0111\u1ec3 \u0111\u1ea3m b\u1ea3o hi\u1ec7u qu\u1ea3 kh\u1eed m\u00f9i.<\/p>\n<p>Lu\u00f4n lau ch\u00f9i m\u00e1y b\u1eb1ng gi\u1ebb m\u1ec1m, c\u00f3 ch\u1ea5t t\u1ea9y r\u1eeda.<\/p>\n<p>Kh\u00f4ng s\u1eed d\u1ee5ng m\u00e1y khi ngu\u1ed3n \u0111i\u1ec7n ch\u1eadp ch\u1eddn.<\/p>\n<p>\u0110\u1ec3 tr\u00e1nh g\u00e2y h\u1ea1n \u0111\u1ebfn \u0111\u1ed9ng c\u01a1 b\u00ean trong m\u00e1y b\u1ea1n kh\u00f4ng n\u00ean \u0111\u1ec3 n\u01b0\u1edbc ho\u1eb7c v\u1eadt c\u1ee9 l\u1ecdc v\u00e0o trong m\u00e1y.<\/p>\n<p>\u0110\u1eb7c bi\u1ec7t \u0111\u1ec3 ti\u1ebft ki\u1ec7m \u0111i\u1ec7n v\u00e0 t\u0103ng tu\u1ed5i th\u1ecd cho m\u00e1y h\u01a1n h\u1ebft b\u1ea1n n\u00ean s\u1eed d\u1ee5ng \u0111\u00fang t\u1ed1c \u0111\u1ed9 c\u1ee7a m\u00e1y, kh\u00f4ng n\u00ean l\u1ea1m d\u1ee5ng t\u1ed1c \u0111\u1ed9 cao nh\u1ea5t t\u1ee9c \u0111\u1ed1i v\u1edbi nh\u1eefng m\u00f3n \u0103n kh\u00f4ng ch\u1ee9a d\u1ea7u m\u1ee1 nh\u01b0 c\u00e1c m\u00f3n lu\u1ed9c b\u1ea1n ch\u1ec9 c\u1ea7n \u0111\u1ec3 m\u00e1y \u1edf m\u1ee9c c\u00f4ng su\u1ea5t th\u1ea5p, v\u1edbi nh\u1eefng m\u00f3n ch\u1ee9a nhi\u1ec1u d\u1ea7u m\u1ee1 nh\u01b0: chi\u00ean, x\u00e0o, r\u00e1n ho\u1eb7c nh\u1eefng m\u00f3n n\u1eb7ng m\u00f9i nh\u01b0 gi\u1ea3 c\u00e0y th\u00ec b\u1ea1n m\u1edbi c\u1ea7n s\u1eed d\u1ee5ng m\u00e1y h\u00fat m\u00f9i \u1edf c\u1ea5p \u0111\u1ed9 cao.<\/p>\n<p>T\u1ea7m 2 th\u00e1ng b\u1ea1n n\u00ean v\u1ec7 sinh l\u01b0\u1edbi l\u1ecdc 1 l\u1ea7n. N\u00ean b\u1ea3o d\u01b0\u1ee1ng m\u00e1y 12 th\u00e1ng 1 l\u1ea7n c\u0169ng l\u00e0 c\u00e1ch \u0111\u1ec3 m\u00e1y ho\u1ea1t \u0111\u1ed9ng t\u1ed1t h\u01a1n.<\/p>\n<p>&nbsp;<\/p>\n<p><strong>Th\u00f4ng s\u1ed1 k\u1ef9 thu\u1eadt:<\/strong><\/p>\n<p>\u2022 M\u00e1y h\u00fat m\u00f9i \u00e2m t\u1ee7<br \/>\n\u2022 Ch\u1ea5t li\u1ec7u k\u00ednh ph\u1ed1i inox sang tr\u1ecdng<br \/>\n\u2022 K\u1ebft c\u1ea5u \u00e2m t\u1ee7 ti\u1ec7n l\u1ee3i<br \/>\n\u2022 \u0110\u1ed9ng c\u01a1 1x130W<br \/>\n\u2022 \u0110\u00e8n Led 2&#215;1.5W<br \/>\n\u2022 Ngu\u1ed3n \u0111i\u1ec7n 220V &#8211; 240 V \/ 50 Hz<br \/>\n\u2022 C\u00f4ng su\u1ea5t h\u00fat t\u1ed1i \u0111a 1000 m3\/h<br \/>\n\u2022 \u0110\u1ed9 \u1ed3n maximum 48dB<br \/>\n\u2022 \u0110i\u1ec1u khi\u1ec3n ph\u00edm c\u1ea3m \u1ee9ng 3 t\u1ed1c \u0111\u1ed9<br \/>\n\u2022 L\u01b0\u1edbi l\u1ecdc Aluminum 3 l\u1edbp<br \/>\n\u2022 \u1ed0ng tho\u00e1t h\u01a1i D150 mm v\u00e0 \u1ed1ng m\u1ec1m k\u00e8m theo<br \/>\n\u2022 Ch\u1ebf \u0111\u1ed9 h\u00fat v\u00e0 kh\u1eed m\u00f9i b\u1eb1ng than ho\u1ea1t t\u00ednh<br \/>\n\u2022 K\u00edch th\u01b0\u1edbc 55x280x200x700 mm<\/p>\n<p><strong>\u00a0KI\u0301CH TH\u01af\u01a0\u0301C L\u0102\u0301P \u0110\u0102\u0323T SA\u0309N PH\u00c2\u0309M:<\/strong><\/p>\n<p><img decoding=\"async\" src=\"https:\/\/bizweb.dktcdn.net\/100\/478\/151\/files\/kf-tl700st.png?v=1679129110891\" data-thumb=\"original\" \/><\/p>\n","protected":false},"excerpt":{"rendered":"<h3 class=\"text-uppercase product-setting position-relative mt-sm-3\">M\u00f4 t\u1ea3 s\u1ea3n ph\u1ea9m<\/h3>\n<ul class=\"short_pro_desc\">\n<li>\u2022 M\u00e1y h\u00fat m\u00f9i \u00e2m t\u1ee7<\/li>\n<li>\u2022 Ch\u1ea5t li\u1ec7u k\u00ednh ph\u1ed1i inox sang tr\u1ecdng<\/li>\n<li>\u2022 K\u1ebft c\u1ea5u \u00e2m t\u1ee7 ti\u1ec7n l\u1ee3i<\/li>\n<li>\u2022 \u0110\u1ed9ng c\u01a1 1x130W<\/li>\n<li>\u2022 \u0110\u00e8n Led 2&#215;1.5W<\/li>\n<li>\u2022 Ngu\u1ed3n \u0111i\u1ec7n 220V &#8211; 240 V \/ 50 Hz<\/li>\n<li>\u2022 C\u00f4ng su\u1ea5t h\u00fat t\u1ed1i \u0111a 1000 m3\/h<\/li>\n<li>\u2022 \u0110\u1ed9 \u1ed3n maximum 48dB<\/li>\n<li>\u2022 \u0110i\u1ec1u khi\u1ec3n ph\u00edm c\u1ea3m \u1ee9ng 3 t\u1ed1c \u0111\u1ed9<\/li>\n<li>\u2022 L\u01b0\u1edbi l\u1ecdc Aluminum 3 l\u1edbp<\/li>\n<li>\u2022 \u1ed0ng tho\u00e1t h\u01a1i D150 mm v\u00e0 \u1ed1ng m\u1ec1m k\u00e8m theo<\/li>\n<li>\u2022 Ch\u1ebf \u0111\u1ed9 h\u00fat v\u00e0 kh\u1eed m\u00f9i b\u1eb1ng than ho\u1ea1t t\u00ednh<\/li>\n<li>\u2022 B\u1ea3o h\u00e0nh 03 n\u0103m<\/li>\n<\/ul>\n","protected":false},"featured_media":1284,"comment_status":"open","ping_status":"closed","template":"","meta":[],"product_brand":[],"product_cat":[40,16],"product_tag":[],"class_list":{"0":"post-190","1":"product","2":"type-product","3":"status-publish","4":"has-post-thumbnail","6":"product_cat-kaff-may-hut-mui","7":"product_cat-may-hut-mui","9":"first","10":"instock","11":"shipping-taxable","12":"product-type-simple"},"_links":{"self":[{"href":"https:\/\/nhadepbepxinh.com.vn\/index.php?rest_route=\/wp\/v2\/product\/190","targetHints":{"allow":["GET"]}}],"collection":[{"href":"https:\/\/nhadepbepxinh.com.vn\/index.php?rest_route=\/wp\/v2\/product"}],"about":[{"href":"https:\/\/nhadepbepxinh.com.vn\/index.php?rest_route=\/wp\/v2\/types\/product"}],"replies":[{"embeddable":true,"href":"https:\/\/nhadepbepxinh.com.vn\/index.php?rest_route=%2Fwp%2Fv2%2Fcomments&post=190"}],"wp:featuredmedia":[{"embeddable":true,"href":"https:\/\/nhadepbepxinh.com.vn\/index.php?rest_route=\/wp\/v2\/media\/1284"}],"wp:attachment":[{"href":"https:\/\/nhadepbepxinh.com.vn\/index.php?rest_route=%2Fwp%2Fv2%2Fmedia&parent=190"}],"wp:term":[{"taxonomy":"product_brand","embeddable":true,"href":"https:\/\/nhadepbepxinh.com.vn\/index.php?rest_route=%2Fwp%2Fv2%2Fproduct_brand&post=190"},{"taxonomy":"product_cat","embeddable":true,"href":"https:\/\/nhadepbepxinh.com.vn\/index.php?rest_route=%2Fwp%2Fv2%2Fproduct_cat&post=190"},{"taxonomy":"product_tag","embeddable":true,"href":"https:\/\/nhadepbepxinh.com.vn\/index.php?rest_route=%2Fwp%2Fv2%2Fproduct_tag&post=190"}],"curies":[{"name":"wp","href":"https:\/\/api.w.org\/{rel}","templated":true}]}}