{"id":1891,"date":"2025-03-27T09:03:54","date_gmt":"2025-03-27T02:03:54","guid":{"rendered":"https:\/\/nhadepbepxinh.com.vn\/?post_type=product&#038;p=1891"},"modified":"2025-03-27T09:03:55","modified_gmt":"2025-03-27T02:03:55","slug":"bon-cau-1-khoi-cao-cap-bkr1111","status":"publish","type":"product","link":"https:\/\/nhadepbepxinh.com.vn\/?product=bon-cau-1-khoi-cao-cap-bkr1111","title":{"rendered":"B\u00d4\u0300N C\u00c2\u0300U 1 KH\u00d4\u0301I CAO C\u00c2\u0301P BKR1111"},"content":{"rendered":"<p>B\u00e0n c\u1ea7u li\u1ec1n kh\u1ed1i\u00a0l\u00e0 s\u1ef1 l\u1ef1a ch\u1ecdn c\u1ee7a nhi\u1ec1u gia \u0111\u00ecnh hi\u1ec7n \u0111\u1ea1i v\u00ec s\u1ef1 ti\u1ec7n l\u1ee3i, v\u1ec7 sinh c\u1ee7a n\u00f3. M\u1edbi \u0111\u00e2y, thi\u1ebft b\u1ecb v\u1ec7 sinh KOREST \u0111\u00e3 cho ra \u0111\u1eddi m\u1ed9t si\u00eau ph\u1ea9m m\u1edbi trong b\u1ed9 s\u01b0u t\u1eadp: B\u00e0n c\u1ea7u 1 kh\u1ed1i cao c\u1ea5p BKR1111. H\u00e3y c\u00f9ng t\u00ecm hi\u1ec3u ngay s\u1ea3n ph\u1ea9m m\u1edbi n\u00e0y d\u01b0\u1edbi \u0111\u00e2y.<\/p>\n<h2><strong>1. \u0110\u1eb7c \u0111i\u1ec3m c\u1ee7a<\/strong><strong>\u00a0b\u00e0n c\u1ea7u 1 kh\u1ed1i cao c\u1ea5p BKR1111<\/strong><\/h2>\n<p>\u2013 Phong c\u00e1ch thi\u1ebft k\u1ebf trang nh\u00e3, thanh l\u1ecbch.\u00a0 K\u00edch th\u01b0\u1edbc ph\u00f9 h\u1ee3p v\u1edbi th\u1ec3 tr\u1ea1ng ng\u01b0\u1eddi Vi\u1ec7t Nam, t\u1eeb ng\u01b0\u1eddi l\u1edbn cho \u0111\u1ebfn tr\u1ebb nh\u1ecf.<\/p>\n<p>\u2013 Ph\u01b0\u01a1ng th\u1ee9c x\u1ea3 ho\u00e0n to\u00e0n m\u1edbi: X\u1ea3 xo\u00e1y k\u1ebft h\u1ee3p tia \u0111\u1ea9y, cu\u1ed1n tr\u00f4i c\u00e1c v\u1ebft b\u1ea9n v\u00e0 vi khu\u1ea9n sau m\u1ed9t l\u1ea7n x\u1ea3.<\/p>\n<p>\u2013 To\u00e0n b\u1ed9 k\u00e9t n\u01b0\u1edbc \u0111\u01b0\u1ee3c ph\u1ee7 l\u1edbp tr\u00e1ng men. Ngo\u00e0i ra b\u1ec1 m\u1eb7t b\u1ed3n c\u1ea7u tr\u00e1ng men kh\u00e1ng khu\u1ea9n b\u1ea3o v\u1ec7 s\u1ee9c kho\u1ebb.<\/p>\n<p>\u2013 Men Glanzend Ceramic ch\u1ed1ng vi khu\u1ea9n l\u00ean \u0111\u1ebfn h\u01a1n 90%, ch\u1ed1ng b\u1ee5i l\u00ean \u0111\u1ebfn c\u1ea5p 5<\/p>\n<p>\u2013 N\u1eafp \u0111\u00f3ng \u00eam, kh\u00f4ng g\u00e2y ti\u1ebfng \u1ed3n, \u0111\u01b0\u1ee3c l\u00e0m t\u1eeb ch\u1ea5t li\u1ec7u PP cao c\u1ea5p.<\/p>\n<p>\u2013 B\u00e0n c\u1ea7u 2 n\u00fat nh\u1ea5n, 2 ch\u1ebf ch\u1ed9 x\u1ea3 ti\u1ebft ki\u1ec7m n\u01b0\u1edbc:\u00a0N\u00fat l\u1edbn s\u1eed d\u1ee5ng khi \u0111\u1ea1i ti\u1ec7n, n\u00fat nh\u1ecf s\u1eed d\u1ee5ng khi ti\u1ec3u ti\u1ec7n.<\/p>\n<p>\u2013 B\u1ed9 x\u1ea3 cao c\u1ea5p b\u1ea3o h\u00e0nh 3 n\u0103m. C\u00f4ng ngh\u1ec7\u00a0<strong>b\u1ea3o h\u00e0nh \u0111i\u1ec7n t\u1eed<\/strong>\u00a0gi\u00fap ng\u01b0\u1eddi d\u00f9ng c\u00f3 th\u1ec3 truy xu\u1ea5t th\u00f4ng tin b\u1ea3o h\u00e0nh m\u1ecdi l\u00fac, m\u1ecdi n\u01a1i th\u00f4ng qua \u0111i\u1ec7n tho\u1ea1i di \u0111\u1ed9ng.<\/p>\n<h2><strong>2. M\u1ed9t s\u1ed1 h\u00ecnh \u1ea3nh b\u00e0n c\u1ea7u 1 kh\u1ed1i cao c\u1ea5p BKR1111<\/strong><\/h2>\n<p><img loading=\"lazy\" decoding=\"async\" class=\"aligncenter wp-image-6391 size-full lazyloaded\" src=\"https:\/\/korest.vn\/wp-content\/uploads\/2022\/02\/Ban-cau-1-khoi-cao-cap-BKR1111.jpg\" sizes=\"auto, (max-width: 600px) 100vw, 600px\" srcset=\"https:\/\/korest.vn\/wp-content\/uploads\/2022\/02\/Ban-cau-1-khoi-cao-cap-BKR1111.jpg?v=1663646400 600w, https:\/\/korest.vn\/wp-content\/uploads\/2022\/02\/Ban-cau-1-khoi-cao-cap-BKR1111-375x483.jpg?v=1663646400 375w, https:\/\/korest.vn\/wp-content\/uploads\/2022\/02\/Ban-cau-1-khoi-cao-cap-BKR1111-575x741.jpg?v=1663646400 575w\" alt=\"B\u00e0n c\u1ea7u 1 kh\u1ed1i cao c\u1ea5p BKR1111\" width=\"600\" height=\"773\" data-ll-status=\"loaded\" \/><\/p>\n<p><img loading=\"lazy\" decoding=\"async\" class=\"aligncenter wp-image-6392 size-full lazyloaded\" src=\"https:\/\/korest.vn\/wp-content\/uploads\/2022\/02\/Ban-cau-1-khoi-cao-cap-BKR1111-1.jpg\" sizes=\"auto, (max-width: 600px) 100vw, 600px\" srcset=\"https:\/\/korest.vn\/wp-content\/uploads\/2022\/02\/Ban-cau-1-khoi-cao-cap-BKR1111-1.jpg?v=1663646415 600w, https:\/\/korest.vn\/wp-content\/uploads\/2022\/02\/Ban-cau-1-khoi-cao-cap-BKR1111-1-375x383.jpg?v=1663646415 375w, https:\/\/korest.vn\/wp-content\/uploads\/2022\/02\/Ban-cau-1-khoi-cao-cap-BKR1111-1-575x587.jpg?v=1663646415 575w\" alt=\"B\u00e0n c\u1ea7u 1 kh\u1ed1i cao c\u1ea5p BKR1111\" width=\"600\" height=\"613\" data-ll-status=\"loaded\" \/><\/p>\n<p><strong>TH\u00d4NG S\u00d4\u0301 KY\u0303 THU\u00c2\u0323T<\/strong><\/p>\n<p>&#8211; Lo\u1ea1i: B\u00e0n c\u1ea7u 1 kh\u1ed1i, b\u1ec7t k\u00e9t li\u1ec1n.<\/p>\n<p>&#8211; K\u00edch Th\u01b0\u1edbc: 660 x 355 x 720 mm<\/p>\n<p>&#8211; T\u00e2m tho\u00e1t S-trap: 300 mm<\/p>\n<p>&#8211; H\u1ec7 x\u1ea3: X\u1ea3 xo\u00e1y k\u1ebft h\u1ee3p tia \u0111\u1ea9y<\/p>\n<p>&#8211; To\u00e0n b\u1ed9 k\u00e9t n\u01b0\u1edbc \u0111\u01b0\u1ee3c tr\u00e1ng men<\/p>\n<p>&#8211; Men\u00a0Glanzend Ceramic\u00a0ch\u1ed1ng b\u1ee5i l\u00ean \u0111\u1ebfn c\u1ea5p 5, ch\u1ed1ng vi khu\u1ea9n l\u00ean \u0111\u1ebfn h\u01a1n 90%<\/p>\n<p>&#8211; N\u1eafp PP cao c\u1ea5p \u0111\u00f3ng \u00eam, v\u1edbi c\u01a1 ch\u1ebf th\u00e1o l\u1eafp d\u1ec5 d\u00e0ng<\/p>\n<p>&#8211; B\u00e0n c\u1ea7u 2 n\u00fat nh\u1ea5n, 2 ch\u1ebf \u0111\u1ed9 x\u1ea3 ti\u1ebft ki\u1ec7m n\u01b0\u1edbc.<\/p>\n<p>&#8211; B\u1ed9 x\u1ea3 cao c\u1ea5p b\u1ea3o h\u00e0nh: 3n\u0103m.<\/p>\n","protected":false},"excerpt":{"rendered":"<p>B\u00e0n c\u1ea7u li\u1ec1n kh\u1ed1i\u00a0l\u00e0 s\u1ef1 l\u1ef1a ch\u1ecdn c\u1ee7a nhi\u1ec1u gia \u0111\u00ecnh hi\u1ec7n \u0111\u1ea1i v\u00ec s\u1ef1 ti\u1ec7n l\u1ee3i, v\u1ec7 sinh c\u1ee7a n\u00f3. M\u1edbi \u0111\u00e2y, thi\u1ebft b\u1ecb v\u1ec7 sinh KOREST \u0111\u00e3 cho ra \u0111\u1eddi m\u1ed9t si\u00eau ph\u1ea9m m\u1edbi trong b\u1ed9 s\u01b0u t\u1eadp: B\u00e0n c\u1ea7u 1 kh\u1ed1i cao c\u1ea5p BKR1111. H\u00e3y c\u00f9ng t\u00ecm hi\u1ec3u ngay s\u1ea3n ph\u1ea9m m\u1edbi&#8230;<\/p>\n","protected":false},"featured_media":1892,"comment_status":"open","ping_status":"closed","template":"","meta":[],"product_brand":[],"product_cat":[18,26],"product_tag":[],"class_list":{"0":"post-1891","1":"product","2":"type-product","3":"status-publish","4":"has-post-thumbnail","6":"product_cat-thiet-bi-ve-sinh","7":"product_cat-bon-cau","9":"first","10":"instock","11":"shipping-taxable","12":"product-type-simple"},"_links":{"self":[{"href":"https:\/\/nhadepbepxinh.com.vn\/index.php?rest_route=\/wp\/v2\/product\/1891","targetHints":{"allow":["GET"]}}],"collection":[{"href":"https:\/\/nhadepbepxinh.com.vn\/index.php?rest_route=\/wp\/v2\/product"}],"about":[{"href":"https:\/\/nhadepbepxinh.com.vn\/index.php?rest_route=\/wp\/v2\/types\/product"}],"replies":[{"embeddable":true,"href":"https:\/\/nhadepbepxinh.com.vn\/index.php?rest_route=%2Fwp%2Fv2%2Fcomments&post=1891"}],"wp:featuredmedia":[{"embeddable":true,"href":"https:\/\/nhadepbepxinh.com.vn\/index.php?rest_route=\/wp\/v2\/media\/1892"}],"wp:attachment":[{"href":"https:\/\/nhadepbepxinh.com.vn\/index.php?rest_route=%2Fwp%2Fv2%2Fmedia&parent=1891"}],"wp:term":[{"taxonomy":"product_brand","embeddable":true,"href":"https:\/\/nhadepbepxinh.com.vn\/index.php?rest_route=%2Fwp%2Fv2%2Fproduct_brand&post=1891"},{"taxonomy":"product_cat","embeddable":true,"href":"https:\/\/nhadepbepxinh.com.vn\/index.php?rest_route=%2Fwp%2Fv2%2Fproduct_cat&post=1891"},{"taxonomy":"product_tag","embeddable":true,"href":"https:\/\/nhadepbepxinh.com.vn\/index.php?rest_route=%2Fwp%2Fv2%2Fproduct_tag&post=1891"}],"curies":[{"name":"wp","href":"https:\/\/api.w.org\/{rel}","templated":true}]}}