{"id":1885,"date":"2025-03-27T09:00:15","date_gmt":"2025-03-27T02:00:15","guid":{"rendered":"https:\/\/nhadepbepxinh.com.vn\/?post_type=product&#038;p=1885"},"modified":"2025-03-27T09:00:15","modified_gmt":"2025-03-27T02:00:15","slug":"bon-cau-1-khoi-cao-cap-bkr081uf-moi","status":"publish","type":"product","link":"https:\/\/nhadepbepxinh.com.vn\/?product=bon-cau-1-khoi-cao-cap-bkr081uf-moi","title":{"rendered":"B\u00d4\u0300N C\u00c2\u0300U 1 KH\u00d4\u0301I CAO C\u00c2\u0301P BKR081UF (M\u01a0\u0301I)"},"content":{"rendered":"<h2><strong>M\u00f4 t\u1ea3 s\u1ea3n ph\u1ea9m b\u00e0n c\u1ea7u 1 kh\u1ed1i cao c\u1ea5p BKR081UF<\/strong><\/h2>\n<p>\u2013 Lo\u1ea1i: B\u1ed3n c\u1ea7u 1 kh\u1ed1i, b\u1ec7t k\u00e9t li\u1ec1n.<\/p>\n<p>\u2013 K\u00edch Th\u01b0\u1edbc: 790x355x660mm<\/p>\n<p>\u2013 H\u1ec7 x\u1ea3: V\u00e0nh rim xo\u00e1y k\u1ebft h\u1ee3p tia \u0111\u1ea9y<\/p>\n<p>\u2013 T\u00e2m tho\u00e1t S-trap 300mm<\/p>\n<p>\u2013 N\u1eafp \u0111\u1eb7c UF ch\u1ed1ng x\u01b0\u1edbc, ch\u1ed1ng \u1ed1 cao c\u1ea5p, n\u1eafp \u0111\u00f3ng \u00eam.<\/p>\n<p>\u2013 C\u00f4ng ngh\u1ec7 ph\u1ee7 men K-Antifouling tr\u1eafng s\u1ea1ch<\/p>\n<p>\u2013 B\u00e0n c\u1ea7u 2 n\u00fat nh\u1ea5n, 2 ch\u1ebf \u0111\u1ed9 x\u1ea3 ti\u1ebft ki\u1ec7m n\u01b0\u1edbc.<\/p>\n<p>\u2013 Xi ph\u00f4ng R&amp;T cao c\u1ea5p b\u1ea3o h\u00e0nh 5 n\u0103m<\/p>\n<p>\u2013 \u0110\u1ea1t ti\u00eau chu\u1ea9n UPC xu\u1ea5t U.S.A.<\/p>\n<h2><strong>M\u1ed9t s\u1ed1 h\u00ecnh \u1ea3nh b\u00e0n c\u1ea7u 1 kh\u1ed1i cao c\u1ea5p BKR081UF<\/strong><\/h2>\n<p><img loading=\"lazy\" decoding=\"async\" class=\"aligncenter wp-image-6430 size-full lazyloaded\" title=\"B\u00e0n c\u1ea7u 1 kh\u1ed1i cao c\u1ea5p BKR1102UF\" src=\"https:\/\/korest.vn\/wp-content\/uploads\/2022\/01\/Ban-cau-1-khoi-cao-cap-BKR1102UF.jpg\" sizes=\"auto, (max-width: 600px) 100vw, 600px\" srcset=\"https:\/\/korest.vn\/wp-content\/uploads\/2022\/01\/Ban-cau-1-khoi-cao-cap-BKR1102UF.jpg?v=1663746548 600w, https:\/\/korest.vn\/wp-content\/uploads\/2022\/01\/Ban-cau-1-khoi-cao-cap-BKR1102UF-375x375.jpg?v=1663746548 375w, https:\/\/korest.vn\/wp-content\/uploads\/2022\/01\/Ban-cau-1-khoi-cao-cap-BKR1102UF-575x575.jpg?v=1663746548 575w, https:\/\/korest.vn\/wp-content\/uploads\/2022\/01\/Ban-cau-1-khoi-cao-cap-BKR1102UF-150x150.jpg?v=1663746548 150w\" alt=\"B\u00e0n c\u1ea7u 1 kh\u1ed1i cao c\u1ea5p BKR1102UF\" width=\"600\" height=\"600\" data-ll-status=\"loaded\" \/><\/p>\n<p><img loading=\"lazy\" decoding=\"async\" class=\"aligncenter wp-image-6431 size-full lazyloaded\" title=\"B\u00e0n c\u1ea7u 1 kh\u1ed1i cao c\u1ea5p BKR1102UF\" src=\"https:\/\/korest.vn\/wp-content\/uploads\/2022\/01\/Ban-cau-1-khoi-cao-cap-BKR1102UF-3.jpg\" sizes=\"auto, (max-width: 600px) 100vw, 600px\" srcset=\"https:\/\/korest.vn\/wp-content\/uploads\/2022\/01\/Ban-cau-1-khoi-cao-cap-BKR1102UF-3.jpg?v=1663746586 600w, https:\/\/korest.vn\/wp-content\/uploads\/2022\/01\/Ban-cau-1-khoi-cao-cap-BKR1102UF-3-375x401.jpg?v=1663746586 375w, https:\/\/korest.vn\/wp-content\/uploads\/2022\/01\/Ban-cau-1-khoi-cao-cap-BKR1102UF-3-575x615.jpg?v=1663746586 575w\" alt=\"B\u00e0n c\u1ea7u 1 kh\u1ed1i cao c\u1ea5p BKR1102UF\" width=\"600\" height=\"642\" data-ll-status=\"loaded\" \/><\/p>\n<p><img loading=\"lazy\" decoding=\"async\" class=\"aligncenter wp-image-6432 size-full lazyloaded\" src=\"https:\/\/korest.vn\/wp-content\/uploads\/2022\/01\/Ban-cau-1-khoi-cao-cap-BKR1102UF-2.jpg\" sizes=\"auto, (max-width: 600px) 100vw, 600px\" srcset=\"https:\/\/korest.vn\/wp-content\/uploads\/2022\/01\/Ban-cau-1-khoi-cao-cap-BKR1102UF-2.jpg?v=1663746604 600w, https:\/\/korest.vn\/wp-content\/uploads\/2022\/01\/Ban-cau-1-khoi-cao-cap-BKR1102UF-2-375x446.jpg?v=1663746604 375w, https:\/\/korest.vn\/wp-content\/uploads\/2022\/01\/Ban-cau-1-khoi-cao-cap-BKR1102UF-2-575x683.jpg?v=1663746604 575w\" alt=\"B\u00e0n c\u1ea7u 1 kh\u1ed1i cao c\u1ea5p BKR1102UF\" width=\"600\" height=\"713\" data-ll-status=\"loaded\" \/><\/p>\n<p><img loading=\"lazy\" decoding=\"async\" class=\"aligncenter wp-image-6433 size-full lazyloaded\" src=\"https:\/\/korest.vn\/wp-content\/uploads\/2022\/01\/Ban-cau-1-khoi-cao-cap-BKR1102UF-1.jpg\" sizes=\"auto, (max-width: 600px) 100vw, 600px\" srcset=\"https:\/\/korest.vn\/wp-content\/uploads\/2022\/01\/Ban-cau-1-khoi-cao-cap-BKR1102UF-1.jpg?v=1663746619 600w, https:\/\/korest.vn\/wp-content\/uploads\/2022\/01\/Ban-cau-1-khoi-cao-cap-BKR1102UF-1-375x480.jpg?v=1663746619 375w, https:\/\/korest.vn\/wp-content\/uploads\/2022\/01\/Ban-cau-1-khoi-cao-cap-BKR1102UF-1-575x736.jpg?v=1663746619 575w\" alt=\"B\u00e0n c\u1ea7u 1 kh\u1ed1i cao c\u1ea5p BKR1102UF\" width=\"600\" height=\"768\" data-ll-status=\"loaded\" \/><\/p>\n<p><img loading=\"lazy\" decoding=\"async\" class=\"aligncenter wp-image-6434 size-full lazyloaded\" src=\"https:\/\/korest.vn\/wp-content\/uploads\/2022\/01\/Ban-cau-1-khoi-cao-cap-BKR1102UF-4.jpg\" sizes=\"auto, (max-width: 600px) 100vw, 600px\" srcset=\"https:\/\/korest.vn\/wp-content\/uploads\/2022\/01\/Ban-cau-1-khoi-cao-cap-BKR1102UF-4.jpg?v=1663746641 600w, https:\/\/korest.vn\/wp-content\/uploads\/2022\/01\/Ban-cau-1-khoi-cao-cap-BKR1102UF-4-375x250.jpg?v=1663746641 375w, https:\/\/korest.vn\/wp-content\/uploads\/2022\/01\/Ban-cau-1-khoi-cao-cap-BKR1102UF-4-575x383.jpg?v=1663746641 575w\" alt=\"B\u00e0n c\u1ea7u 1 kh\u1ed1i cao c\u1ea5p BKR1102UF\" width=\"600\" height=\"400\" data-ll-status=\"loaded\" \/><\/p>\n<p><img loading=\"lazy\" decoding=\"async\" class=\"aligncenter wp-image-6435 size-full lazyloaded\" src=\"https:\/\/korest.vn\/wp-content\/uploads\/2022\/01\/Ban-cau-1-khoi-cao-cap-BKR1102UF-5.jpg\" sizes=\"auto, (max-width: 600px) 100vw, 600px\" srcset=\"https:\/\/korest.vn\/wp-content\/uploads\/2022\/01\/Ban-cau-1-khoi-cao-cap-BKR1102UF-5.jpg?v=1663746655 600w, https:\/\/korest.vn\/wp-content\/uploads\/2022\/01\/Ban-cau-1-khoi-cao-cap-BKR1102UF-5-375x535.jpg?v=1663746655 375w, https:\/\/korest.vn\/wp-content\/uploads\/2022\/01\/Ban-cau-1-khoi-cao-cap-BKR1102UF-5-575x820.jpg?v=1663746655 575w\" alt=\"B\u00e0n c\u1ea7u 1 kh\u1ed1i cao c\u1ea5p BKR1102UF\" width=\"600\" height=\"856\" data-ll-status=\"loaded\" \/><\/p>\n","protected":false},"excerpt":{"rendered":"<p>&#8211; Lo\u1ea1i: B\u1ed3n c\u1ea7u 1 kh\u1ed1i, b\u1ec7t k\u00e9t li\u1ec1n.<\/p>\n<p>&#8211; K\u00edch Th\u01b0\u1edbc: 790x355x660mm<\/p>\n<p>&#8211; H\u1ec7 x\u1ea3: V\u00e0nh rim xo\u00e1y k\u1ebft h\u1ee3p tia \u0111\u1ea9y<\/p>\n<p>&#8211; T\u00e2m tho\u00e1t S-trap 300mm<\/p>\n<p>&#8211; N\u1eafp \u0111\u1eb7c UF ch\u1ed1ng x\u01b0\u1edbc, ch\u1ed1ng \u1ed1 cao c\u1ea5p, n\u1eafp \u0111\u00f3ng \u00eam.<\/p>\n<p>&#8211; C\u00f4ng ngh\u1ec7 ph\u1ee7 men K-Antifouling tr\u1eafng s\u1ea1ch<\/p>\n<p>&#8211; B\u00e0n c\u1ea7u 2 n\u00fat nh\u1ea5n, 2 ch\u1ebf \u0111\u1ed9 x\u1ea3 ti\u1ebft ki\u1ec7m n\u01b0\u1edbc.<\/p>\n<p>&#8211; Xi ph\u00f4ng R&amp;T cao c\u1ea5p b\u1ea3o h\u00e0nh 5 n\u0103m<\/p>\n<p>&#8211; \u0110\u1ea1t ti\u00eau chu\u1ea9n UPC xu\u1ea5t U.S.A.<\/p>\n","protected":false},"featured_media":1886,"comment_status":"open","ping_status":"closed","template":"","meta":[],"product_brand":[],"product_cat":[18,26],"product_tag":[],"class_list":{"0":"post-1885","1":"product","2":"type-product","3":"status-publish","4":"has-post-thumbnail","6":"product_cat-thiet-bi-ve-sinh","7":"product_cat-bon-cau","9":"first","10":"instock","11":"shipping-taxable","12":"product-type-simple"},"_links":{"self":[{"href":"https:\/\/nhadepbepxinh.com.vn\/index.php?rest_route=\/wp\/v2\/product\/1885","targetHints":{"allow":["GET"]}}],"collection":[{"href":"https:\/\/nhadepbepxinh.com.vn\/index.php?rest_route=\/wp\/v2\/product"}],"about":[{"href":"https:\/\/nhadepbepxinh.com.vn\/index.php?rest_route=\/wp\/v2\/types\/product"}],"replies":[{"embeddable":true,"href":"https:\/\/nhadepbepxinh.com.vn\/index.php?rest_route=%2Fwp%2Fv2%2Fcomments&post=1885"}],"wp:featuredmedia":[{"embeddable":true,"href":"https:\/\/nhadepbepxinh.com.vn\/index.php?rest_route=\/wp\/v2\/media\/1886"}],"wp:attachment":[{"href":"https:\/\/nhadepbepxinh.com.vn\/index.php?rest_route=%2Fwp%2Fv2%2Fmedia&parent=1885"}],"wp:term":[{"taxonomy":"product_brand","embeddable":true,"href":"https:\/\/nhadepbepxinh.com.vn\/index.php?rest_route=%2Fwp%2Fv2%2Fproduct_brand&post=1885"},{"taxonomy":"product_cat","embeddable":true,"href":"https:\/\/nhadepbepxinh.com.vn\/index.php?rest_route=%2Fwp%2Fv2%2Fproduct_cat&post=1885"},{"taxonomy":"product_tag","embeddable":true,"href":"https:\/\/nhadepbepxinh.com.vn\/index.php?rest_route=%2Fwp%2Fv2%2Fproduct_tag&post=1885"}],"curies":[{"name":"wp","href":"https:\/\/api.w.org\/{rel}","templated":true}]}}